{"id":20592,"date":"2024-05-03T06:39:01","date_gmt":"2024-05-03T06:39:01","guid":{"rendered":"https:\/\/elfsight.com\/de\/?page_id=20592"},"modified":"2024-12-19T07:02:25","modified_gmt":"2024-12-19T07:02:25","slug":"woocommerce","status":"publish","type":"page","link":"https:\/\/elfsight.com\/de\/google-reviews-widget\/woocommerce\/","title":{"rendered":"Google Reviews &#8211; WooCommerce"},"content":{"rendered":"\n<div class=\"application-platform-content-item-description application-platform-content-item\" id=\"description\" data-nav-section=\"description\"> \n<h2>Google-Bewertungen in WooCommerce einbinden<\/h2>\n\n<p>M\u00f6chten Sie das Vertrauen in Ihre WooCommerce-Website steigern? Google-Bewertungen auf Ihren Seiten anzuzeigen, ist eine gute M\u00f6glichkeit: Es wird Kunden ansprechen und die Verkaufszahlen erh\u00f6hen. Es gibt verschiedene M\u00f6glichkeiten, Kundenfeedback auf der Website einzubinden, und eine davon ist das Elfsight Google Reviews Plugin, eine codefreie L\u00f6sung, die nicht viel Zeit in Anspruch nimmt und kostenlos genutzt werden kann.<\/p>\n<\/div>\n\n<div class=\"application-platform-content-item-features application-platform-content-item\" id=\"features\" data-nav-section=\"features\"> \n<h2>Funktionen<\/h2>\n<p>Um mehr \u00fcber das Plugin zu erfahren, k\u00f6nnen Sie die Liste seiner wichtigsten Funktionen durchsehen. Diese machen das Plugin besonders effektiv f\u00fcr Ihre WooCommerce-Website:<\/p>\n\n<ul>\n<li><strong>Bewertungen einfach verbinden.<\/strong> Sie k\u00f6nnen Ihre Google Place ID verwenden oder einfach den Namen und die Adresse des Unternehmens eingeben. Es ist auch kein Problem, wenn keine physische Adresse vorhanden ist.<\/li>\n<li><strong>Bewertungsmoderation &amp; Filter.<\/strong> Mit Elfsight ist es einfach, mehrere Filter zu aktivieren und nur faire Google-Bewertungen anzuzeigen. Zum Beispiel k\u00f6nnen Sie die Mindestbewertung festlegen, die angezeigt werden soll, oder bestimmte Autoren davon abhalten, im Plugin sichtbar zu sein.<\/li>\n<li><strong>Button zur Sammlung weiterer Bewertungen.<\/strong> F\u00fcgen Sie einfach einen anpassbaren CTA-Button zu Ihrem Bewertungsbereich hinzu, um den Kunden zu helfen, ihr Feedback abzugeben.<\/li>\n<li><strong>Star-Snippet zur Steigerung des Google-Traffics.<\/strong> Heben Sie sich von Ihren Mitbewerbern ab, indem Sie Markup aktivieren, um Sterne in den Suchergebnissen anzuzeigen. Dieses Upgrade hilft Ihnen, Aufmerksamkeit zu erregen und Ihre Klickrate zu erh\u00f6hen.<\/li>\n<li><strong>Erweiterte Design-Anpassung.<\/strong> Experimentieren Sie mit verschiedenen Layouts wie Slider, Liste, Mauerwerk, Raster, Karussell, Floating Badge und mehr. Passen Sie die Details jeder Bewertung an: Titel, Abzeichen, Namen und Sterne, um perfekt mit Ihrem Design \u00fcbereinzustimmen.<\/li>\n<\/ul>\n<p><a href=\"#demo\" data-scroll-to=\"demo\">Um alle Funktionen zu entdecken, Demo ansehen<\/a><\/p>\n<\/div>\n\n<div class=\"application-platform-content-item-installation application-platform-content-item\" id=\"installation\" data-nav-section=\"installation\"> \n<h2>Erfahren Sie, wie Sie die Google-Bewertungen in Ihre WooCommerce-Website einbinden<\/h2>\n<p>Lesen Sie diese einfache Anleitung, um das Plugin auf Ihrer WooCommerce-Website einzurichten. Es dauert nur ein paar Minuten und erfordert keinen Code.<\/p>\n<ol>\n<li><strong>Erstellen Sie Ihr einzigartiges Google-Bewertungen-Plugin<\/strong><br>\nStarten Sie mit einer beliebigen Vorlage in der Demo, f\u00fcgen Sie Ihr Kundenfeedback hinzu und erhalten Sie ein Plugin mit bevorzugtem Design und Optionen.<\/li>\n\n<li><strong>Erhalten Sie den pers\u00f6nlichen Code, um das Plugin einzubinden<\/strong><br>\nSobald Sie Ihr Plugin erstellt haben, erhalten Sie den individuellen Code in Ihrem Dashboard. Kopieren Sie den Code, der alle Details zu den Einstellungen Ihres Plugins enth\u00e4lt.<\/li>\n\n<li><strong>Zeigen Sie das Plugin auf Ihrer WooCommerce-Website an<\/strong><br>\nW\u00e4hlen Sie die Bereiche Ihrer Website aus, auf denen Sie das Plugin anzeigen m\u00f6chten, und f\u00fcgen Sie den Code dort ein. Speichern Sie die \u00c4nderungen.<\/li>\n<\/ol>\n\n<p>Das war&#8217;s! Sehen Sie nach, wie das Plugin auf Ihrer Website funktioniert.<\/p>\n\n<p>Haben Sie immer noch Probleme beim Einbinden von Google-Bewertungen auf einer WooCommerce-Website? Lesen Sie einfach unseren Artikel \u00fcber\n<a href=\"https:\/\/elfsight.com\/blog\/how-to-embed-google-reviews-on-website\/\" target=\"_blank\" rel=\"noopener\">Hinzuf\u00fcgen von Google-Bewertungen zu Ihrer Website<\/a>.<\/p>\n<\/div>\n\n<div class=\"faq\" data-component=\"FAQ\">\n<div class=\"faq-item\">\r\n\t\t\t\t\t<div class=\"faq-item-question\">\r\n\t\t\t\t\t\t<h3 class=\"faq-item-question-text\">Ist das Google-Bewertungen WooCommerce-Widget kostenlos?<\/h3>\r\n\r\n\t\t\t\t\t\t<div class=\"faq-item-question-icon\"><\/div>\r\n\t\t\t\t\t<\/div>\r\n\r\n\t\t\t\t\t<div class=\"faq-item-answer\">\r\n\t\t\t\t\t\t<div class=\"faq-item-answer-text\">\nAbsolut! Jeder Elfsight-Kunde kann das Google-Bewertungen-Widget anpassen und kostenlos in WooCommerce einbinden. Alle gro\u00dfartigen Funktionen, die wir oben besprochen haben, stehen Ihnen zur Verf\u00fcgung.\n<\/div>\r\n\t\t\t\t\t<\/div>\r\n\t\t\t\t<\/div>\n<div class=\"faq-item\">\r\n\t\t\t\t\t<div class=\"faq-item-question\">\r\n\t\t\t\t\t\t<h3 class=\"faq-item-question-text\">Warum sollte ich Bewertungen in WooCommerce hinzuf\u00fcgen?<\/h3>\r\n\r\n\t\t\t\t\t\t<div class=\"faq-item-question-icon\"><\/div>\r\n\t\t\t\t\t<\/div>\r\n\r\n\t\t\t\t\t<div class=\"faq-item-answer\">\r\n\t\t\t\t\t\t<div class=\"faq-item-answer-text\">\nGoogle-Bewertungen steigern die Glaubw\u00fcrdigkeit Ihres Unternehmens. Potenzielle Kunden m\u00f6chten oft \u00fcber die Erfahrungen anderer lesen, die Ihre Dienstleistungen genutzt haben. Binden Sie Kundenfeedback auf Ihrer Website ein, um zu zeigen, was die Leute an Ihrem Unternehmen sch\u00e4tzen.\n<\/div>\r\n\t\t\t\t\t<\/div>\r\n\t\t\t\t<\/div>\n<div class=\"faq-item\">\r\n\t\t\t\t\t<div class=\"faq-item-question\">\r\n\t\t\t\t\t\t<h3 class=\"faq-item-question-text\">Kann ich andere Bewertungen in WooCommerce hinzuf\u00fcgen?<\/h3>\r\n\r\n\t\t\t\t\t\t<div class=\"faq-item-question-icon\"><\/div>\r\n\t\t\t\t\t<\/div>\r\n\r\n\t\t\t\t\t<div class=\"faq-item-answer\">\r\n\t\t\t\t\t\t<div class=\"faq-item-answer-text\">\nNat\u00fcrlich. Sie k\u00f6nnen auch Widgets wie <a href=\"https:\/\/elfsight.com\/facebook-reviews-widget\/woocommerce\/\" target=\"_blank\" rel=\"noreferrer noopener\">Facebook-Bewertungen<\/a>, <a href=\"https:\/\/elfsight.com\/amazon-reviews-widget\/woocommerce\/\" target=\"_blank\" rel=\"noreferrer noopener\">Amazon-Bewertungen<\/a>, <a href=\"https:\/\/elfsight.com\/tripadvisor-reviews-widget\/woocommerce\/\" target=\"_blank\" rel=\"noreferrer noopener\">Tripadvisor-Bewertungen<\/a> oder <a href=\"https:\/\/elfsight.com\/testimonials-slider-widget\/woocommerce\/\" target=\"_blank\" rel=\"noreferrer noopener\">Testimonials Slider<\/a> ausprobieren. Diese erm\u00f6glichen es Ihnen, Bewertungen von verschiedenen Plattformen zu Ihrer Website hinzuzuf\u00fcgen und Feedback von den Websites anzuzeigen, auf denen Kunden am meisten \u00fcber Ihr Unternehmen sprechen.\n<\/div>\r\n\t\t\t\t\t<\/div>\r\n\t\t\t\t<\/div>\n<div class=\"faq-item\">\r\n\t\t\t\t\t<div class=\"faq-item-question\">\r\n\t\t\t\t\t\t<h3 class=\"faq-item-question-text\">Warum sollte ich Google-Bewertungen mit Elfsight in WooCommerce einbinden?<\/h3>\r\n\r\n\t\t\t\t\t\t<div class=\"faq-item-question-icon\"><\/div>\r\n\t\t\t\t\t<\/div>\r\n\r\n\t\t\t\t\t<div class=\"faq-item-answer\">\r\n\t\t\t\t\t\t<div class=\"faq-item-answer-text\">\nErstens bietet Elfsight eine einfache M\u00f6glichkeit, Google-Bewertungen auf Ihrer Website einzubinden, ohne dass Sie Code schreiben oder Skripte verwenden m\u00fcssen. Dieses anpassbare Plugin kann schnell in WooCommerce oder jede andere Website-Plattform integriert werden. Am wichtigsten ist, dass die Menschen unser Plugin f\u00fcr seine n\u00fctzlichen Funktionen sch\u00e4tzen, die Ihnen helfen, die besten Seiten Ihres Unternehmens hervorzuheben.\n<\/div>\r\n\t\t\t\t\t<\/div>\r\n\t\t\t\t<\/div>\n<\/div>\n","protected":false},"excerpt":{"rendered":"","protected":false},"author":9,"featured_media":0,"parent":69,"menu_order":0,"comment_status":"closed","ping_status":"closed","template":"templates\/template-application-platform.php","meta":{"publish_to_discourse":"","publish_post_category":"","wpdc_auto_publish_overridden":"","wpdc_topic_tags":"","wpdc_pin_topic":"","wpdc_pin_until":"","discourse_post_id":"","discourse_permalink":"","wpdc_publishing_response":"","wpdc_publishing_error":"","footnotes":""},"class_list":["post-20592","page","type-page","status-publish","hentry"],"yoast_head":"<!-- This site is optimized with the Yoast SEO plugin v25.3.1 - https:\/\/yoast.com\/wordpress\/plugins\/seo\/ -->\n<title>WooCommerce Google Reviews-Plugin f\u00fcr Ihre Website \u2013 f\u00fcgen Sie Kundenbewertungen mit wenigen Klicks hinzu!<\/title>\n<meta name=\"description\" content=\"Nutzen Sie die Gelegenheit, das Google Reviews-Plugin im Editor anzupassen und es direkt \u00fcber die Demo in Ihre WooCommerce-Website einzuf\u00fcgen.\" \/>\n<meta name=\"robots\" content=\"index, follow, max-snippet:-1, max-image-preview:large, max-video-preview:-1\" \/>\n<link rel=\"canonical\" href=\"https:\/\/elfsight.com\/de\/google-reviews-widget\/woocommerce\/\" \/>\n<meta property=\"og:locale\" content=\"de_DE\" \/>\n<meta property=\"og:type\" content=\"article\" \/>\n<meta property=\"og:title\" content=\"WooCommerce Google Reviews-Plugin f\u00fcr Ihre Website \u2013 f\u00fcgen Sie Kundenbewertungen mit wenigen Klicks hinzu!\" \/>\n<meta property=\"og:description\" content=\"Nutzen Sie die Gelegenheit, das Google Reviews-Plugin im Editor anzupassen und es direkt \u00fcber die Demo in Ihre WooCommerce-Website einzuf\u00fcgen.\" \/>\n<meta property=\"og:url\" content=\"https:\/\/elfsight.com\/de\/google-reviews-widget\/woocommerce\/\" \/>\n<meta property=\"og:site_name\" content=\"Elfsight DE\" \/>\n<meta property=\"article:modified_time\" content=\"2024-12-19T07:02:25+00:00\" \/>\n<meta name=\"twitter:card\" content=\"summary_large_image\" \/>\n<meta name=\"twitter:label1\" content=\"Gesch\u00e4tzte Lesezeit\" \/>\n\t<meta name=\"twitter:data1\" content=\"4\u00a0Minuten\" \/>\n<!-- \/ Yoast SEO plugin. -->","yoast_head_json":{"title":"WooCommerce Google Reviews-Plugin f\u00fcr Ihre Website \u2013 f\u00fcgen Sie Kundenbewertungen mit wenigen Klicks hinzu!","description":"Nutzen Sie die Gelegenheit, das Google Reviews-Plugin im Editor anzupassen und es direkt \u00fcber die Demo in Ihre WooCommerce-Website einzuf\u00fcgen.","robots":{"index":"index","follow":"follow","max-snippet":"max-snippet:-1","max-image-preview":"max-image-preview:large","max-video-preview":"max-video-preview:-1"},"canonical":"https:\/\/elfsight.com\/de\/google-reviews-widget\/woocommerce\/","og_locale":"de_DE","og_type":"article","og_title":"WooCommerce Google Reviews-Plugin f\u00fcr Ihre Website \u2013 f\u00fcgen Sie Kundenbewertungen mit wenigen Klicks hinzu!","og_description":"Nutzen Sie die Gelegenheit, das Google Reviews-Plugin im Editor anzupassen und es direkt \u00fcber die Demo in Ihre WooCommerce-Website einzuf\u00fcgen.","og_url":"https:\/\/elfsight.com\/de\/google-reviews-widget\/woocommerce\/","og_site_name":"Elfsight DE","article_modified_time":"2024-12-19T07:02:25+00:00","twitter_card":"summary_large_image","twitter_misc":{"Gesch\u00e4tzte Lesezeit":"4\u00a0Minuten"},"schema":{"@context":"https:\/\/schema.org","@graph":[{"@type":"WebPage","@id":"https:\/\/elfsight.com\/de\/google-reviews-widget\/woocommerce\/","url":"https:\/\/elfsight.com\/de\/google-reviews-widget\/woocommerce\/","name":"WooCommerce Google Reviews-Plugin f\u00fcr Ihre Website \u2013 f\u00fcgen Sie Kundenbewertungen mit wenigen Klicks hinzu!","isPartOf":{"@id":"https:\/\/elfsight.com\/de\/#website"},"datePublished":"2024-05-03T06:39:01+00:00","dateModified":"2024-12-19T07:02:25+00:00","description":"Nutzen Sie die Gelegenheit, das Google Reviews-Plugin im Editor anzupassen und es direkt \u00fcber die Demo in Ihre WooCommerce-Website einzuf\u00fcgen.","breadcrumb":{"@id":"https:\/\/elfsight.com\/de\/google-reviews-widget\/woocommerce\/#breadcrumb"},"inLanguage":"de","potentialAction":[{"@type":"ReadAction","target":["https:\/\/elfsight.com\/de\/google-reviews-widget\/woocommerce\/"]}]},{"@type":"BreadcrumbList","@id":"https:\/\/elfsight.com\/de\/google-reviews-widget\/woocommerce\/#breadcrumb","itemListElement":[{"@type":"ListItem","position":1,"name":"Home","item":"https:\/\/elfsight.com\/de\/"},{"@type":"ListItem","position":2,"name":"Google Reviews","item":"https:\/\/elfsight.com\/de\/google-reviews-widget\/"},{"@type":"ListItem","position":3,"name":"Google Reviews &#8211; WooCommerce"}]},{"@type":"WebSite","@id":"https:\/\/elfsight.com\/de\/#website","url":"https:\/\/elfsight.com\/de\/","name":"Elfsight DE","description":"Just another Elfsight Sites site","potentialAction":[{"@type":"SearchAction","target":{"@type":"EntryPoint","urlTemplate":"https:\/\/elfsight.com\/de\/?s={search_term_string}"},"query-input":{"@type":"PropertyValueSpecification","valueRequired":true,"valueName":"search_term_string"}}],"inLanguage":"de"}]}},"meta_box":{"industry":"","seo_heading":"","heading":"","description":"","cta_heading":"","cta_description":"","application":"60","h1":"WooCommerce Google Reviews-Plugin","h1_caption":"Betten Sie Bewertungen Ihres Standorts von Google nahtlos ein, um die besten Kundeneindr\u00fccke m\u00fchelos in Ihr Website-Erlebnis auf Ihrer WooCommerce-Website zu integrieren.","application_category":[],"applications_title":"","applications_request_title":"","applications_request_button_text":"","hero_text":"","hero_video":"","hero_video_schema_markup":"","selling_points_title":"","selling_points_caption":"","selling_points":[],"selling_points_cta_text":"","features_title":"","features":"","ed_cta_examples_text":"","ed_cta_examples_hidden":"","ed_cta_demo_text":"","ed_cta_demo_hidden":"","why_caption":"","why_editor_title":"","why_editor_text":"","why_team_title":"","why_team_text":"","why_service_title":"","why_service_text":"","template_catalog_visible":"0","template_catalog_title":"","template_catalog_text":"","template_catalog_categories_visible":"","demo_title":"Erstellen Sie Ihre Google Reviews-App","demo_caption":"Konfigurieren Sie Ihre Google-Bewertungen und f\u00fcgen Sie sie kostenlos zu Ihrer WooCommerce-Website hinzu!","default_faq_hidden":"","app_template_category":[],"platform":"200","template_public_id":"","codecanyon_url":"","codecanyon_item_id":"","codecanyon_price":"","pricing_caption":"","pricing_elfsight_apps_hide_column":"","pricing_elfsight_apps_url":"","pricing_codecanyon_price_caption":"","integration_category":[],"integration_request_title":"","integration_request_cta":"","integration_platform":"","integrations":[],"platform_category":[],"video_schema_markup":"","price":"ab 0 $ \/ Monat","trial":"","benefits":[{"text":"Kostenloser Installationsservice"},{"text":"Professioneller Kundenservice"},{"text":"14-t\u00e4gige R\u00fcckerstattungsgarantie"},{"text":"Regelm\u00e4\u00dfige kostenlose Updates"}],"button_url":"#demo","button_target_blank":"0","button_nofollow":"0","attributes":[{"name":"Installiert","content":"100,000 - 500,000"},{"name":"Reaktionsfreudig","content":"Ja"},{"name":"Kompatible Browser","content":"Firefox, Safari, Opera, Chrome, Edge"}],"tags":[],"tags_disable_links":"0","hide_more_platforms":"","video_object":"","demo_hide_cta":"0","demo_hide_cloud_options":"0","pricing_title":"","pricing":[{"pricing_icon":"platform","pricing_title":"Elfsight Apps","pricing_title_caption":"Plattformunabh\u00e4ngige Version, die f\u00fcr jede Site geeignet ist","pricing_price":"ab 0 $ \/ Monat","pricing_price_caption":"Beginnen Sie mit einem kostenlosen Plan","pricing_benefits":[{"text":"Unbegrenzte Domains"},{"text":"Premium-Unternehmensunterst\u00fctzung"},{"text":"Kostenloser Installationsservice"},{"text":"Vollst\u00e4ndig anpassbar"}],"pricing_button_text":"Zur Website hinzuf\u00fcgen","pricing_button_url":"#demo"}],"related_apps_title":"","related_apps_hidden":"0","author":"","image":[],"title":"","job":"","social_networks":[]},"_links":{"self":[{"href":"https:\/\/elfsight.com\/de\/wp-json\/wp\/v2\/pages\/20592","targetHints":{"allow":["GET"]}}],"collection":[{"href":"https:\/\/elfsight.com\/de\/wp-json\/wp\/v2\/pages"}],"about":[{"href":"https:\/\/elfsight.com\/de\/wp-json\/wp\/v2\/types\/page"}],"author":[{"embeddable":true,"href":"https:\/\/elfsight.com\/de\/wp-json\/wp\/v2\/users\/9"}],"replies":[{"embeddable":true,"href":"https:\/\/elfsight.com\/de\/wp-json\/wp\/v2\/comments?post=20592"}],"version-history":[{"count":2,"href":"https:\/\/elfsight.com\/de\/wp-json\/wp\/v2\/pages\/20592\/revisions"}],"predecessor-version":[{"id":23376,"href":"https:\/\/elfsight.com\/de\/wp-json\/wp\/v2\/pages\/20592\/revisions\/23376"}],"up":[{"embeddable":true,"href":"https:\/\/elfsight.com\/de\/wp-json\/wp\/v2\/pages\/69"}],"wp:attachment":[{"href":"https:\/\/elfsight.com\/de\/wp-json\/wp\/v2\/media?parent=20592"}],"curies":[{"name":"wp","href":"https:\/\/api.w.org\/{rel}","templated":true}]}}