{"id":20590,"date":"2024-05-03T06:38:59","date_gmt":"2024-05-03T06:38:59","guid":{"rendered":"https:\/\/elfsight.com\/de\/?page_id=20590"},"modified":"2025-07-08T10:50:15","modified_gmt":"2025-07-08T10:50:15","slug":"google-sites","status":"publish","type":"page","link":"https:\/\/elfsight.com\/de\/google-reviews-widget\/google-sites\/","title":{"rendered":"Google Reviews &#8211; Google Sites"},"content":{"rendered":"\n<div class=\"application-platform-content-item-description application-platform-content-item\" id=\"description\" data-nav-section=\"description\">\n<h2>Google-Bewertungen in Google Sites einbetten<\/h2>\n\n<p>M\u00f6chten Sie die Glaubw\u00fcrdigkeit Ihrer Google Sites erh\u00f6hen? Das Anzeigen von Google-Bewertungen auf Ihren Seiten ist eine gro\u00dfartige Idee: Es zieht Kunden an und steigert den Umsatz. Es gibt mehrere M\u00f6glichkeiten, Kundenbewertungen auf der Website einzubinden, und eine davon ist das Elfsight Google Reviews Widget \u2013 eine codefreie, schnelle und kostenlose L\u00f6sung.<\/p>\n<\/div>\n\n<div class=\"application-platform-content-item-features application-platform-content-item\" id=\"features\" data-nav-section=\"features\">\n<h2>Funktionen<\/h2>\n<p>Um einen klaren \u00dcberblick \u00fcber das Widget zu erhalten, k\u00f6nnen Sie sich die wichtigsten Funktionen ansehen. Diese machen das Widget besonders effektiv f\u00fcr Ihre Google Sites:<\/p>\n\n<ul>\n<li><strong>Einfache Verbindung der Bewertungen. <\/strong> Sie k\u00f6nnen Ihre Google Place ID verwenden oder einfach den Namen und die Adresse Ihres Unternehmens eingeben. Auch wenn Sie keine physische Adresse haben, ist das kein Problem. <\/li>\n<li><strong>Bewertungsmoderation &amp; Filter. <\/strong> Mit Elfsight k\u00f6nnen Sie verschiedene Filter anpassen und nur relevante Google-Bewertungen anzeigen. Beispielsweise k\u00f6nnen Sie eine Mindestbewertung festlegen oder bestimmte Autoren ausblenden. <\/li>\n<li><strong>Button f\u00fcr mehr Bewertungen. <\/strong> F\u00fcgen Sie einfach einen anpassbaren CTA-Button in Ihren Bewertungsbereich ein, damit Kunden Feedback hinterlassen k\u00f6nnen. <\/li>\n<li><strong>Sterne-Snippet zur Steigerung des Google-Traffics. <\/strong> Heben Sie sich von der Konkurrenz ab, indem Sie Markups aktivieren, sodass Sterne in den Suchergebnissen angezeigt werden. Diese Verbesserung hilft Ihnen, mehr Aufmerksamkeit zu erregen und die Klickrate zu erh\u00f6hen. <\/li>\n<li><strong>Erweiterte Designanpassung. <\/strong> Experimentieren Sie mit verschiedenen Layouts wie Slider, Liste, Mauerwerk, Raster, Karussell, schwebendes Badge und mehr. Passen Sie die Details jeder Bewertung an: Titel, Badges, Namen und Sterne, um perfekt zu Ihrem Design zu passen. <\/li>\n<\/ul>\n<p><a href=\"#demo\" data-scroll-to=\"demo\">Um alle Funktionen zu entdecken, sehen Sie sich die Demo an<\/a><\/p>\n\n<\/div>\n\n<div class=\"application-platform-content-item-installation application-platform-content-item\" id=\"installation\" data-nav-section=\"installation\">\n<h2>So binden Sie Google-Bewertungen in Ihre Google Sites ein<\/h2>\n\n<div class=\"video-container\">\n<iframe width=\"720\" height=\"405\" src=\"https:\/\/www.youtube.com\/embed\/7kOTiTh_0-8\" frameborder=\"0\" allowfullscreen=\"\"><\/iframe>\n<\/div>\n<p>Lesen Sie diese einfache Anleitung, um das Widget auf Ihren Google Sites einzurichten. Es dauert nur wenige Minuten und erfordert keine Programmierkenntnisse.<\/p>\n<ol>\n<li><strong>Erstellen Sie Ihr individuelles Google-Bewertungs-Widget<\/strong><br>\nBeginnen Sie mit einer beliebigen Vorlage in der Demo, f\u00fcgen Sie Ihre Kundenbewertungen hinzu und gestalten Sie ein Widget mit dem gew\u00fcnschten Layout und den gew\u00fcnschten Optionen.<\/li>\n\n<li><strong>Erhalten Sie den individuellen Code, um das Widget einzubetten<\/strong><br>\nSobald Sie Ihr Widget erstellt haben, erhalten Sie den individuellen Code in Ihrem Dashboard. Kopieren Sie den Code, der alle Informationen zu den Einstellungen Ihres Widgets enth\u00e4lt.<\/li>\n\n<li><strong>Zeigen Sie das Widget auf Ihren Google Sites an<\/strong><br>\nW\u00e4hlen Sie den Bereich Ihrer Website, in dem Sie das Widget platzieren m\u00f6chten, und f\u00fcgen Sie den Code dort ein. Speichern Sie die \u00c4nderungen.<\/li>\n<\/ol>\n\n<p>Perfekt! \u00dcberpr\u00fcfen Sie, wie das Widget auf Ihrer Website funktioniert.<\/p>\n<p>Haben Sie weiterhin Probleme beim Einbetten von Google-Bewertungen in Google Sites? Lesen Sie einfach unseren Artikel \u00fcber <a href=\"https:\/\/elfsight.com\/blog\/how-to-embed-google-reviews-on-website\/\" target=\"_blank\" rel=\"noopener\">das Hinzuf\u00fcgen von Google-Bewertungen auf Websites<\/a>.<\/p>\n<div class=\"tip-yellow tip\"><strong>Aufgrund der Funktionsweise von Google Sites kann das Widget anders aussehen als in der Online-Demo. Wir entschuldigen uns f\u00fcr eventuelle Unannehmlichkeiten.<\/strong>\n<\/div>\n<\/div>\n\n<div class=\"faq\" data-component=\"FAQ\">\n<div class=\"faq-item\">\r\n\t\t\t\t\t<div class=\"faq-item-question\">\r\n\t\t\t\t\t\t<h3 class=\"faq-item-question-text\">Ist ein Google-Bewertungs-Widget f\u00fcr Google Sites kostenlos?<\/h3>\r\n\r\n\t\t\t\t\t\t<div class=\"faq-item-question-icon\"><\/div>\r\n\t\t\t\t\t<\/div>\r\n\r\n\t\t\t\t\t<div class=\"faq-item-answer\">\r\n\t\t\t\t\t\t<div class=\"faq-item-answer-text\">\nJa, das ist es! Jeder Kunde von Elfsight kann sein Google-Bewertungs-Widget erstellen und kostenlos in Google Sites einbinden. Alle n\u00fctzlichen Funktionen, die wir oben beschrieben haben, stehen Ihnen zur Verf\u00fcgung.\n<\/div>\r\n\t\t\t\t\t<\/div>\r\n\t\t\t\t<\/div>\n<div class=\"faq-item\">\r\n\t\t\t\t\t<div class=\"faq-item-question\">\r\n\t\t\t\t\t\t<h3 class=\"faq-item-question-text\">Warum sollte ich Bewertungen zu Google Sites hinzuf\u00fcgen?<\/h3>\r\n\r\n\t\t\t\t\t\t<div class=\"faq-item-question-icon\"><\/div>\r\n\t\t\t\t\t<\/div>\r\n\r\n\t\t\t\t\t<div class=\"faq-item-answer\">\r\n\t\t\t\t\t\t<div class=\"faq-item-answer-text\">\nGoogle-Bewertungen steigern die Glaubw\u00fcrdigkeit Ihres Unternehmens. Potenzielle Kunden erwarten oft Erfahrungsberichte von anderen, die Ihre Dienstleistungen genutzt haben. Binden Sie Kundenfeedback auf Ihrer Website ein, um zu zeigen, was Ihre Kunden an Ihrem Unternehmen sch\u00e4tzen.\n<\/div>\r\n\t\t\t\t\t<\/div>\r\n\t\t\t\t<\/div>\n<div class=\"faq-item\">\r\n\t\t\t\t\t<div class=\"faq-item-question\">\r\n\t\t\t\t\t\t<h3 class=\"faq-item-question-text\">Kann ich andere Bewertungen zu Google Sites hinzuf\u00fcgen?<\/h3>\r\n\r\n\t\t\t\t\t\t<div class=\"faq-item-question-icon\"><\/div>\r\n\t\t\t\t\t<\/div>\r\n\r\n\t\t\t\t\t<div class=\"faq-item-answer\">\r\n\t\t\t\t\t\t<div class=\"faq-item-answer-text\">\nNat\u00fcrlich. Sie k\u00f6nnen Widgets wie <a href=\"https:\/\/elfsight.com\/facebook-reviews-widget\/google-sites\/\" target=\"_blank\" rel=\"noreferrer noopener\">Facebook-Bewertungen<\/a>, <a href=\"https:\/\/elfsight.com\/amazon-reviews-widget\/google-sites\/\" target=\"_blank\" rel=\"noreferrer noopener\">Amazon-Bewertungen<\/a>, <a href=\"https:\/\/elfsight.com\/tripadvisor-reviews-widget\/google-sites\/\" target=\"_blank\" rel=\"noreferrer noopener\">Tripadvisor-Bewertungen<\/a> oder <a href=\"https:\/\/elfsight.com\/testimonials-slider-widget\/google-sites\/\" target=\"_blank\" rel=\"noreferrer noopener\">Testimonial-Slider<\/a> ausprobieren. Diese erm\u00f6glichen es Ihnen, verschiedene Plattformen mit Ihrer Website zu verbinden und Bewertungen von den Websites zu teilen, auf denen Kunden \u00fcber Ihr Unternehmen sprechen.\n<\/div>\r\n\t\t\t\t\t<\/div>\r\n\t\t\t\t<\/div>\n<div class=\"faq-item\">\r\n\t\t\t\t\t<div class=\"faq-item-question\">\r\n\t\t\t\t\t\t<h3 class=\"faq-item-question-text\">Warum sollte ich Google-Bewertungen mit Elfsight in Google Sites einbetten?<\/h3>\r\n\r\n\t\t\t\t\t\t<div class=\"faq-item-question-icon\"><\/div>\r\n\t\t\t\t\t<\/div>\r\n\r\n\t\t\t\t\t<div class=\"faq-item-answer\">\r\n\t\t\t\t\t\t<div class=\"faq-item-answer-text\">\nErstens bietet Elfsight eine einfache M\u00f6glichkeit, Google-Bewertungen auf Ihrer Website einzubetten, ohne dass Sie programmieren oder Skripte schreiben m\u00fcssen. Dieses anpassbare Widget kann problemlos in Google Sites oder jede andere Website-Plattform integriert werden. Am wichtigsten ist, dass unser Widget aufgrund seiner n\u00fctzlichen Funktionen gesch\u00e4tzt wird, die Ihnen helfen, die St\u00e4rken Ihres Unternehmens hervorzuheben.\n<\/div>\r\n\t\t\t\t\t<\/div>\r\n\t\t\t\t<\/div>\n<\/div>\n","protected":false},"excerpt":{"rendered":"","protected":false},"author":9,"featured_media":0,"parent":69,"menu_order":0,"comment_status":"closed","ping_status":"closed","template":"templates\/template-application-platform.php","meta":{"publish_to_discourse":"","publish_post_category":"","wpdc_auto_publish_overridden":"","wpdc_topic_tags":"","wpdc_pin_topic":"","wpdc_pin_until":"","discourse_post_id":"","discourse_permalink":"","wpdc_publishing_response":"","wpdc_publishing_error":"","footnotes":""},"class_list":["post-20590","page","type-page","status-publish","hentry"],"yoast_head":"<!-- This site is optimized with the Yoast SEO plugin v25.3.1 - https:\/\/yoast.com\/wordpress\/plugins\/seo\/ -->\n<title>Google Reviews \u2013 Bewertungs-Widget zu Google Sites hinzuf\u00fcgen (2025)<\/title>\n<meta name=\"description\" content=\"F\u00fcgen Sie ein reaktionsf\u00e4higes Google Reviews-Widget zu Ihren Google Sites hinzu und schaffen Sie volles Vertrauen. Nutzen Sie die n\u00fctzliche Elfsight-Demo, um Ihr einzigartiges Werkzeug zu erstellen.\" \/>\n<meta name=\"robots\" content=\"index, follow, max-snippet:-1, max-image-preview:large, max-video-preview:-1\" \/>\n<link rel=\"canonical\" href=\"https:\/\/elfsight.com\/de\/google-reviews-widget\/google-sites\/\" \/>\n<meta property=\"og:locale\" content=\"de_DE\" \/>\n<meta property=\"og:type\" content=\"article\" \/>\n<meta property=\"og:title\" content=\"Google Reviews \u2013 Bewertungs-Widget zu Google Sites hinzuf\u00fcgen (2025)\" \/>\n<meta property=\"og:description\" content=\"F\u00fcgen Sie ein reaktionsf\u00e4higes Google Reviews-Widget zu Ihren Google Sites hinzu und schaffen Sie volles Vertrauen. Nutzen Sie die n\u00fctzliche Elfsight-Demo, um Ihr einzigartiges Werkzeug zu erstellen.\" \/>\n<meta property=\"og:url\" content=\"https:\/\/elfsight.com\/de\/google-reviews-widget\/google-sites\/\" \/>\n<meta property=\"og:site_name\" content=\"Elfsight DE\" \/>\n<meta property=\"article:modified_time\" content=\"2025-07-08T10:50:15+00:00\" \/>\n<meta name=\"twitter:card\" content=\"summary_large_image\" \/>\n<meta name=\"twitter:label1\" content=\"Gesch\u00e4tzte Lesezeit\" \/>\n\t<meta name=\"twitter:data1\" content=\"4\u00a0Minuten\" \/>\n<!-- \/ Yoast SEO plugin. -->","yoast_head_json":{"title":"Google Reviews \u2013 Bewertungs-Widget zu Google Sites hinzuf\u00fcgen (2025)","description":"F\u00fcgen Sie ein reaktionsf\u00e4higes Google Reviews-Widget zu Ihren Google Sites hinzu und schaffen Sie volles Vertrauen. Nutzen Sie die n\u00fctzliche Elfsight-Demo, um Ihr einzigartiges Werkzeug zu erstellen.","robots":{"index":"index","follow":"follow","max-snippet":"max-snippet:-1","max-image-preview":"max-image-preview:large","max-video-preview":"max-video-preview:-1"},"canonical":"https:\/\/elfsight.com\/de\/google-reviews-widget\/google-sites\/","og_locale":"de_DE","og_type":"article","og_title":"Google Reviews \u2013 Bewertungs-Widget zu Google Sites hinzuf\u00fcgen (2025)","og_description":"F\u00fcgen Sie ein reaktionsf\u00e4higes Google Reviews-Widget zu Ihren Google Sites hinzu und schaffen Sie volles Vertrauen. Nutzen Sie die n\u00fctzliche Elfsight-Demo, um Ihr einzigartiges Werkzeug zu erstellen.","og_url":"https:\/\/elfsight.com\/de\/google-reviews-widget\/google-sites\/","og_site_name":"Elfsight DE","article_modified_time":"2025-07-08T10:50:15+00:00","twitter_card":"summary_large_image","twitter_misc":{"Gesch\u00e4tzte Lesezeit":"4\u00a0Minuten"},"schema":{"@context":"https:\/\/schema.org","@graph":[{"@type":"WebPage","@id":"https:\/\/elfsight.com\/de\/google-reviews-widget\/google-sites\/","url":"https:\/\/elfsight.com\/de\/google-reviews-widget\/google-sites\/","name":"Google Reviews \u2013 Bewertungs-Widget zu Google Sites hinzuf\u00fcgen (2025)","isPartOf":{"@id":"https:\/\/elfsight.com\/de\/#website"},"datePublished":"2024-05-03T06:38:59+00:00","dateModified":"2025-07-08T10:50:15+00:00","description":"F\u00fcgen Sie ein reaktionsf\u00e4higes Google Reviews-Widget zu Ihren Google Sites hinzu und schaffen Sie volles Vertrauen. Nutzen Sie die n\u00fctzliche Elfsight-Demo, um Ihr einzigartiges Werkzeug zu erstellen.","breadcrumb":{"@id":"https:\/\/elfsight.com\/de\/google-reviews-widget\/google-sites\/#breadcrumb"},"inLanguage":"de","potentialAction":[{"@type":"ReadAction","target":["https:\/\/elfsight.com\/de\/google-reviews-widget\/google-sites\/"]}]},{"@type":"BreadcrumbList","@id":"https:\/\/elfsight.com\/de\/google-reviews-widget\/google-sites\/#breadcrumb","itemListElement":[{"@type":"ListItem","position":1,"name":"Home","item":"https:\/\/elfsight.com\/de\/"},{"@type":"ListItem","position":2,"name":"Google Reviews","item":"https:\/\/elfsight.com\/de\/google-reviews-widget\/"},{"@type":"ListItem","position":3,"name":"Google Reviews &#8211; Google Sites"}]},{"@type":"WebSite","@id":"https:\/\/elfsight.com\/de\/#website","url":"https:\/\/elfsight.com\/de\/","name":"Elfsight DE","description":"Just another Elfsight Sites site","potentialAction":[{"@type":"SearchAction","target":{"@type":"EntryPoint","urlTemplate":"https:\/\/elfsight.com\/de\/?s={search_term_string}"},"query-input":{"@type":"PropertyValueSpecification","valueRequired":true,"valueName":"search_term_string"}}],"inLanguage":"de"}]}},"meta_box":{"industry":"","seo_heading":"","heading":"","description":"","cta_heading":"","cta_description":"","application":"60","h1":"Google Reviews-Widget f\u00fcr Google Sites","h1_caption":"Integrieren Sie Bewertungen Ihres Standorts von Google, um m\u00fchelos die besten Kundeneindr\u00fccke in Ihr Website-Erlebnis zu integrieren.","application_category":[],"applications_title":"","applications_request_title":"","applications_request_button_text":"","hero_text":"","hero_video":"","hero_video_schema_markup":"","selling_points_title":"","selling_points_caption":"","selling_points":[],"selling_points_cta_text":"","features_title":"","features":"","ed_cta_examples_text":"","ed_cta_examples_hidden":"","ed_cta_demo_text":"","ed_cta_demo_hidden":"","why_caption":"","why_editor_title":"","why_editor_text":"","why_team_title":"","why_team_text":"","why_service_title":"","why_service_text":"","template_catalog_visible":"","template_catalog_title":"","template_catalog_text":"","template_catalog_categories_visible":"","demo_title":"Erstellen Sie Ihr Google Reviews-Widget","demo_caption":"Konfigurieren Sie Ihre Google-Bewertungen und f\u00fcgen Sie sie kostenlos zu Ihrer Google Sites-Website hinzu!","default_faq_hidden":"","app_template_category":[],"platform":"3000","template_public_id":"","codecanyon_url":"","codecanyon_item_id":"","codecanyon_price":"","pricing_caption":"","pricing_elfsight_apps_hide_column":"","pricing_elfsight_apps_url":"","pricing_codecanyon_price_caption":"","integration_category":[],"integration_request_title":"","integration_request_cta":"","integration_platform":"","integrations":[],"platform_category":[],"video_schema_markup":"","price":"ab 0 $ \/ Monat","trial":"","benefits":[{"text":"Kostenlose Installationshilfe"},{"text":"Professioneller Kundenservice"},{"text":"14-t\u00e4gige R\u00fcckerstattungsgarantie"},{"text":"Zuk\u00fcnftige Verbesserungen"}],"button_url":"#demo","button_target_blank":"","button_nofollow":"","attributes":[{"name":"Installiert","content":"100,000 - 500,000"},{"name":"Reaktionsfreudig","content":"Ja"},{"name":"Kompatible Browser","content":"Opera, Edge, Firefox, Chrome, Safari"}],"tags":[],"tags_disable_links":"","hide_more_platforms":"","video_object":"","demo_hide_cta":"","demo_hide_cloud_options":"","pricing_title":"","pricing":[{"pricing_icon":"platform","pricing_title":"Elfsight Apps","pricing_title_caption":"Multiplattform-Version, die zu jeder Website passt","pricing_price":"ab 0 $ \/ Monat","pricing_price_caption":"Beginnen Sie mit einem kostenlosen Plan","pricing_benefits":[{"text":"Unbegrenzte Websites"},{"text":"Premium-Support"},{"text":"Kostenloser Installationssupport"},{"text":"Sonderpreis f\u00fcr mehrere Apps"}],"pricing_button_text":"Zur Website hinzuf\u00fcgen","pricing_button_url":"#demo"}],"related_apps_title":"","related_apps_hidden":"","author":"","image":[],"title":"","job":"","social_networks":[]},"_links":{"self":[{"href":"https:\/\/elfsight.com\/de\/wp-json\/wp\/v2\/pages\/20590","targetHints":{"allow":["GET"]}}],"collection":[{"href":"https:\/\/elfsight.com\/de\/wp-json\/wp\/v2\/pages"}],"about":[{"href":"https:\/\/elfsight.com\/de\/wp-json\/wp\/v2\/types\/page"}],"author":[{"embeddable":true,"href":"https:\/\/elfsight.com\/de\/wp-json\/wp\/v2\/users\/9"}],"replies":[{"embeddable":true,"href":"https:\/\/elfsight.com\/de\/wp-json\/wp\/v2\/comments?post=20590"}],"version-history":[{"count":3,"href":"https:\/\/elfsight.com\/de\/wp-json\/wp\/v2\/pages\/20590\/revisions"}],"predecessor-version":[{"id":23347,"href":"https:\/\/elfsight.com\/de\/wp-json\/wp\/v2\/pages\/20590\/revisions\/23347"}],"up":[{"embeddable":true,"href":"https:\/\/elfsight.com\/de\/wp-json\/wp\/v2\/pages\/69"}],"wp:attachment":[{"href":"https:\/\/elfsight.com\/de\/wp-json\/wp\/v2\/media?parent=20590"}],"curies":[{"name":"wp","href":"https:\/\/api.w.org\/{rel}","templated":true}]}}