{"id":20589,"date":"2024-05-03T06:38:58","date_gmt":"2024-05-03T06:38:58","guid":{"rendered":"https:\/\/elfsight.com\/de\/?page_id=20589"},"modified":"2025-01-16T07:04:28","modified_gmt":"2025-01-16T07:04:28","slug":"godaddy","status":"publish","type":"page","link":"https:\/\/elfsight.com\/de\/google-reviews-widget\/godaddy\/","title":{"rendered":"Google Reviews &#8211; GoDaddy"},"content":{"rendered":"\n<div class=\"application-platform-content-item-description application-platform-content-item\" id=\"description\" data-nav-section=\"description\"> \n<h2>Google-Bewertungen auf GoDaddy einbetten<\/h2> \n\n<p>M\u00f6chten Sie die Glaubw\u00fcrdigkeit Ihrer GoDaddy-Website steigern? Das Pr\u00e4sentieren von Google-Bewertungen auf Ihren Seiten ist eine clevere Idee: Es wird Kunden ansprechen und neue Konversionen bringen. Es gibt mehrere M\u00f6glichkeiten, Kundenbewertungen auf der Website anzuzeigen, und eine davon ist das Elfsight Google Reviews-Widget \u2013 eine einfache, kostenlose L\u00f6sung ohne Programmierung. <\/p>\n<\/div> \n\n<div class=\"application-platform-content-item-features application-platform-content-item\" id=\"features\" data-nav-section=\"features\"> \n<h2>Funktionen<\/h2> \n<p>Um den \u00dcberblick \u00fcber das Plugin zu erhalten, k\u00f6nnen Sie die wichtigsten Funktionen erkunden. Diese machen das Plugin besonders effizient f\u00fcr Ihre GoDaddy-Website: <\/p> \n\n<ul> \n<li><strong>Einfache Integration von Bewertungen. <\/strong> Sie k\u00f6nnen Ihre Google Place ID eingeben oder einfach den Namen und die Adresse Ihres Unternehmens angeben. Auch wenn Sie keine physische Adresse besitzen, ist das kein Problem. <\/li> \n<li><strong>Moderation &amp; Filter f\u00fcr Bewertungen. <\/strong> Mit Elfsight k\u00f6nnen Sie ganz einfach mehrere Filter einstellen und nur authentische Google-Bewertungen anzeigen. Zum Beispiel k\u00f6nnen Sie eine Mindestbewertung festlegen oder bestimmte Autoren im Plugin ausblenden. <\/li> \n<li><strong>Button zur Gewinnung weiterer Bewertungen. <\/strong> F\u00fcgen Sie einen anpassbaren CTA-Button in Ihren Bewertungsbereich ein, um Kunden zur Abgabe ihres Feedbacks zu motivieren. <\/li> \n<li><strong>Sterne-Snippet zur Steigerung des Google-Traffics. <\/strong> Heben Sie sich von der Konkurrenz ab, indem Sie Markups aktivieren, damit Sterne in den Suchergebnissen erscheinen. Diese Verbesserung hilft Ihnen, Aufmerksamkeit zu erregen und Ihre Klickrate zu steigern. <\/li> \n<li><strong>Erweiterte Design-Anpassung. <\/strong> W\u00e4hlen Sie aus verschiedenen Layouts wie Slider, Liste, Masonry, Grid, Carousel, Floating Badge und mehr. Passen Sie jedes Detail der Bewertungen an \u2013 Titel, Abzeichen, Namen und Sterne \u2013 und integrieren Sie diese nahtlos in Ihr Design. <\/li> \n<\/ul>\n<p><a href=\"#demo\" data-scroll-to=\"demo\">Weitere Funktionen finden Sie in der Demo<\/a><\/p>\n\n<\/div> \n<div class=\"application-platform-content-item-installation application-platform-content-item\" id=\"installation\" data-nav-section=\"installation\"> \n<h2>Erfahren Sie, wie Sie Google-Bewertungen auf Ihrer GoDaddy-Website einbetten<\/h2> \n<p>Hier ist eine einfache Anleitung, wie Sie das Plugin auf Ihrer GoDaddy-Website einrichten. Es dauert nur wenige Minuten und erfordert keine Programmierkenntnisse. <\/p> \n<ol>\n<li><strong>Erstellen Sie Ihr individuelles Google Reviews-Plugin<\/strong><br> \nW\u00e4hlen Sie die passende Vorlage in der Demo aus, f\u00fcgen Sie Ihre Kundenbewertungen hinzu und gestalten Sie ein Plugin mit Ihrem bevorzugten Layout und Funktionen. <\/li>\n\n<li><strong>Erhalten Sie den individuellen Code zum Einbetten des Plugins<\/strong><br> \nNachdem Sie Ihr Plugin erstellt haben, erhalten Sie den individuellen Code in Ihrem Dashboard. Kopieren Sie den Code, der alle Informationen zu den Einstellungen Ihres Plugins enth\u00e4lt. <\/li> \n\n<li><strong>F\u00fcgen Sie das Plugin auf Ihrer GoDaddy-Website ein<\/strong><br> \nW\u00e4hlen Sie die Bereiche Ihrer Website aus, in denen Sie das Plugin anzeigen m\u00f6chten, und f\u00fcgen Sie den Code dort ein. Speichern Sie die \u00c4nderungen. <\/li> \n<\/ol>\n\n<p>Das war&#8217;s! \u00dcberpr\u00fcfen Sie, wie das Plugin auf Ihrer Website funktioniert. <\/p> \n<p>Haben Sie noch Probleme beim Einbetten von Google-Bewertungen auf einer GoDaddy-Website? Lesen Sie einfach unseren Artikel \u00fcber <a href=\"https:\/\/elfsight.com\/blog\/how-to-embed-google-reviews-on-website\/\" target=\"_blank\" rel=\"noopener\">das Hinzuf\u00fcgen von Google-Bewertungen zu Ihrer Website<\/a>. <\/p>\n<\/div>\n\n<div class=\"faq\" data-component=\"FAQ\">\n<div class=\"faq-item\">\r\n\t\t\t\t\t<div class=\"faq-item-question\">\r\n\t\t\t\t\t\t<h3 class=\"faq-item-question-text\">Ist das Google Reviews GoDaddy-Widget kostenlos? <\/h3>\r\n\r\n\t\t\t\t\t\t<div class=\"faq-item-question-icon\"><\/div>\r\n\t\t\t\t\t<\/div>\r\n\r\n\t\t\t\t\t<div class=\"faq-item-answer\">\r\n\t\t\t\t\t\t<div class=\"faq-item-answer-text\">\nJa, das ist es! Jeder Elfsight-Benutzer kann sein Google Reviews-Widget anpassen und kostenlos in GoDaddy einbetten. Alle gro\u00dfartigen Funktionen, die wir oben beschrieben haben, stehen Ihnen zur Verf\u00fcgung. \n<\/div>\r\n\t\t\t\t\t<\/div>\r\n\t\t\t\t<\/div>\n<div class=\"faq-item\">\r\n\t\t\t\t\t<div class=\"faq-item-question\">\r\n\t\t\t\t\t\t<h3 class=\"faq-item-question-text\">Warum sollte ich Bewertungen zu GoDaddy hinzuf\u00fcgen? <\/h3>\r\n\r\n\t\t\t\t\t\t<div class=\"faq-item-question-icon\"><\/div>\r\n\t\t\t\t\t<\/div>\r\n\r\n\t\t\t\t\t<div class=\"faq-item-answer\">\r\n\t\t\t\t\t\t<div class=\"faq-item-answer-text\">\nGoogle-Bewertungen steigern die Glaubw\u00fcrdigkeit Ihres Unternehmens. Potenzielle Kunden m\u00f6chten oft \u00fcber die Erfahrungen anderer Menschen lesen, die Ihre Dienstleistungen genutzt haben. Betten Sie Kundenfeedback auf Ihrer Website ein, um zu zeigen, was die Leute an Ihrem Unternehmen sch\u00e4tzen. \n<\/div>\r\n\t\t\t\t\t<\/div>\r\n\t\t\t\t<\/div>\n<div class=\"faq-item\">\r\n\t\t\t\t\t<div class=\"faq-item-question\">\r\n\t\t\t\t\t\t<h3 class=\"faq-item-question-text\">Kann ich andere Bewertungen zu GoDaddy hinzuf\u00fcgen? <\/h3>\r\n\r\n\t\t\t\t\t\t<div class=\"faq-item-question-icon\"><\/div>\r\n\t\t\t\t\t<\/div>\r\n\r\n\t\t\t\t\t<div class=\"faq-item-answer\">\r\n\t\t\t\t\t\t<div class=\"faq-item-answer-text\">\nNat\u00fcrlich. Sie k\u00f6nnen Widgets wie <a href=\"https:\/\/elfsight.com\/facebook-reviews-widget\/godaddy\/\" target=\"_blank\" rel=\"noreferrer noopener\">Facebook Reviews<\/a>, <a href=\"https:\/\/elfsight.com\/amazon-reviews-widget\/godaddy\/\" target=\"_blank\" rel=\"noreferrer noopener\">Bewertungen von Amazon<\/a>, <a href=\"https:\/\/elfsight.com\/tripadvisor-reviews-widget\/godaddy\/\" target=\"_blank\" rel=\"noreferrer noopener\">Tripadvisor Reviews<\/a> oder <a href=\"https:\/\/elfsight.com\/testimonials-slider-widget\/godaddy\/\" target=\"_blank\" rel=\"noreferrer noopener\">Testimonials Slider<\/a> ausprobieren. Diese erm\u00f6glichen es Ihnen, verschiedene Plattformen mit Ihrer Website zu verbinden und Bewertungen von den Websites zu teilen, auf denen Kunden \u00fcber Ihr Unternehmen sprechen. \n<\/div>\r\n\t\t\t\t\t<\/div>\r\n\t\t\t\t<\/div>\n<div class=\"faq-item\">\r\n\t\t\t\t\t<div class=\"faq-item-question\">\r\n\t\t\t\t\t\t<h3 class=\"faq-item-question-text\">Warum sollte ich Google-Bewertungen mit Elfsight in GoDaddy einbetten? <\/h3>\r\n\r\n\t\t\t\t\t\t<div class=\"faq-item-question-icon\"><\/div>\r\n\t\t\t\t\t<\/div>\r\n\r\n\t\t\t\t\t<div class=\"faq-item-answer\">\r\n\t\t\t\t\t\t<div class=\"faq-item-answer-text\">\nElfsight bietet eine einfache M\u00f6glichkeit, Google-Bewertungen ohne Programmierkenntnisse oder Skripterstellung auf Ihrer Website einzubetten. Dieses anpassbare Plugin l\u00e4sst sich problemlos in GoDaddy oder jede andere Website-Plattform integrieren. Besonders beliebt ist unser Plugin wegen seiner n\u00fctzlichen Funktionen, die Ihnen helfen, die St\u00e4rken Ihres Unternehmens hervorzuheben. \n<\/div>\r\n\t\t\t\t\t<\/div>\r\n\t\t\t\t<\/div>\n<\/div>\n","protected":false},"excerpt":{"rendered":"","protected":false},"author":9,"featured_media":0,"parent":69,"menu_order":0,"comment_status":"closed","ping_status":"closed","template":"templates\/template-application-platform.php","meta":{"publish_to_discourse":"","publish_post_category":"","wpdc_auto_publish_overridden":"","wpdc_topic_tags":"","wpdc_pin_topic":"","wpdc_pin_until":"","discourse_post_id":"","discourse_permalink":"","wpdc_publishing_response":"","wpdc_publishing_error":"","footnotes":""},"class_list":["post-20589","page","type-page","status-publish","hentry"],"yoast_head":"<!-- This site is optimized with the Yoast SEO plugin v25.3.1 - https:\/\/yoast.com\/wordpress\/plugins\/seo\/ -->\n<title>Betten Sie Google-Bewertungen auf GoDaddy ein \u2013 f\u00fcgen Sie Bewertungen in 2 Minuten zu einer Website hinzu!<\/title>\n<meta name=\"description\" content=\"Zeigen Sie Ihre hohe Wertsch\u00e4tzung mit dem Google Reviews-Plugin f\u00fcr Ihre GoDaddy-Website! Machen Sie es einfach, positives Feedback zu hinterlassen.\" \/>\n<meta name=\"robots\" content=\"index, follow, max-snippet:-1, max-image-preview:large, max-video-preview:-1\" \/>\n<link rel=\"canonical\" href=\"https:\/\/elfsight.com\/de\/google-reviews-widget\/godaddy\/\" \/>\n<meta property=\"og:locale\" content=\"de_DE\" \/>\n<meta property=\"og:type\" content=\"article\" \/>\n<meta property=\"og:title\" content=\"Betten Sie Google-Bewertungen auf GoDaddy ein \u2013 f\u00fcgen Sie Bewertungen in 2 Minuten zu einer Website hinzu!\" \/>\n<meta property=\"og:description\" content=\"Zeigen Sie Ihre hohe Wertsch\u00e4tzung mit dem Google Reviews-Plugin f\u00fcr Ihre GoDaddy-Website! Machen Sie es einfach, positives Feedback zu hinterlassen.\" \/>\n<meta property=\"og:url\" content=\"https:\/\/elfsight.com\/de\/google-reviews-widget\/godaddy\/\" \/>\n<meta property=\"og:site_name\" content=\"Elfsight DE\" \/>\n<meta property=\"article:modified_time\" content=\"2025-01-16T07:04:28+00:00\" \/>\n<meta name=\"twitter:card\" content=\"summary_large_image\" \/>\n<meta name=\"twitter:label1\" content=\"Gesch\u00e4tzte Lesezeit\" \/>\n\t<meta name=\"twitter:data1\" content=\"4\u00a0Minuten\" \/>\n<!-- \/ Yoast SEO plugin. -->","yoast_head_json":{"title":"Betten Sie Google-Bewertungen auf GoDaddy ein \u2013 f\u00fcgen Sie Bewertungen in 2 Minuten zu einer Website hinzu!","description":"Zeigen Sie Ihre hohe Wertsch\u00e4tzung mit dem Google Reviews-Plugin f\u00fcr Ihre GoDaddy-Website! Machen Sie es einfach, positives Feedback zu hinterlassen.","robots":{"index":"index","follow":"follow","max-snippet":"max-snippet:-1","max-image-preview":"max-image-preview:large","max-video-preview":"max-video-preview:-1"},"canonical":"https:\/\/elfsight.com\/de\/google-reviews-widget\/godaddy\/","og_locale":"de_DE","og_type":"article","og_title":"Betten Sie Google-Bewertungen auf GoDaddy ein \u2013 f\u00fcgen Sie Bewertungen in 2 Minuten zu einer Website hinzu!","og_description":"Zeigen Sie Ihre hohe Wertsch\u00e4tzung mit dem Google Reviews-Plugin f\u00fcr Ihre GoDaddy-Website! Machen Sie es einfach, positives Feedback zu hinterlassen.","og_url":"https:\/\/elfsight.com\/de\/google-reviews-widget\/godaddy\/","og_site_name":"Elfsight DE","article_modified_time":"2025-01-16T07:04:28+00:00","twitter_card":"summary_large_image","twitter_misc":{"Gesch\u00e4tzte Lesezeit":"4\u00a0Minuten"},"schema":{"@context":"https:\/\/schema.org","@graph":[{"@type":"WebPage","@id":"https:\/\/elfsight.com\/de\/google-reviews-widget\/godaddy\/","url":"https:\/\/elfsight.com\/de\/google-reviews-widget\/godaddy\/","name":"Betten Sie Google-Bewertungen auf GoDaddy ein \u2013 f\u00fcgen Sie Bewertungen in 2 Minuten zu einer Website hinzu!","isPartOf":{"@id":"https:\/\/elfsight.com\/de\/#website"},"datePublished":"2024-05-03T06:38:58+00:00","dateModified":"2025-01-16T07:04:28+00:00","description":"Zeigen Sie Ihre hohe Wertsch\u00e4tzung mit dem Google Reviews-Plugin f\u00fcr Ihre GoDaddy-Website! Machen Sie es einfach, positives Feedback zu hinterlassen.","breadcrumb":{"@id":"https:\/\/elfsight.com\/de\/google-reviews-widget\/godaddy\/#breadcrumb"},"inLanguage":"de","potentialAction":[{"@type":"ReadAction","target":["https:\/\/elfsight.com\/de\/google-reviews-widget\/godaddy\/"]}]},{"@type":"BreadcrumbList","@id":"https:\/\/elfsight.com\/de\/google-reviews-widget\/godaddy\/#breadcrumb","itemListElement":[{"@type":"ListItem","position":1,"name":"Home","item":"https:\/\/elfsight.com\/de\/"},{"@type":"ListItem","position":2,"name":"Google Reviews","item":"https:\/\/elfsight.com\/de\/google-reviews-widget\/"},{"@type":"ListItem","position":3,"name":"Google Reviews &#8211; GoDaddy"}]},{"@type":"WebSite","@id":"https:\/\/elfsight.com\/de\/#website","url":"https:\/\/elfsight.com\/de\/","name":"Elfsight DE","description":"Just another Elfsight Sites site","potentialAction":[{"@type":"SearchAction","target":{"@type":"EntryPoint","urlTemplate":"https:\/\/elfsight.com\/de\/?s={search_term_string}"},"query-input":{"@type":"PropertyValueSpecification","valueRequired":true,"valueName":"search_term_string"}}],"inLanguage":"de"}]}},"meta_box":{"industry":"","seo_heading":"","heading":"","description":"","cta_heading":"","cta_description":"","application":"60","h1":"GoDaddy Google Reviews-Plugin","h1_caption":"Betten Sie Bewertungen Ihres Ortes von Google nahtlos ein, um die besten Kundeneindr\u00fccke m\u00fchelos in Ihr Website-Erlebnis auf Ihrer GoDaddy-Website zu integrieren.","application_category":[],"applications_title":"","applications_request_title":"","applications_request_button_text":"","hero_text":"","hero_video":"","hero_video_schema_markup":"","selling_points_title":"","selling_points_caption":"","selling_points":[],"selling_points_cta_text":"","features_title":"","features":"","ed_cta_examples_text":"","ed_cta_examples_hidden":"","ed_cta_demo_text":"","ed_cta_demo_hidden":"","why_caption":"","why_editor_title":"","why_editor_text":"","why_team_title":"","why_team_text":"","why_service_title":"","why_service_text":"","template_catalog_visible":"0","template_catalog_title":"","template_catalog_text":"","template_catalog_categories_visible":"","demo_title":"Erstellen Sie Ihr Google Reviews-Plugin","demo_caption":"Konfigurieren Sie Ihre Google-Bewertungen und f\u00fcgen Sie sie kostenlos zu Ihrer GoDaddy-Website hinzu!","default_faq_hidden":"","app_template_category":[],"platform":"241","template_public_id":"","codecanyon_url":"","codecanyon_item_id":"","codecanyon_price":"","pricing_caption":"","pricing_elfsight_apps_hide_column":"","pricing_elfsight_apps_url":"","pricing_codecanyon_price_caption":"","integration_category":[],"integration_request_title":"","integration_request_cta":"","integration_platform":"","integrations":[],"platform_category":[],"video_schema_markup":"","price":"ab 0 $ \/ Monat","trial":"","benefits":[{"text":"Kostenlose Installationsunterst\u00fctzung"},{"text":"Erfahrener Kundensupport"},{"text":"14-t\u00e4gige Geld-zur\u00fcck-Garantie"},{"text":"Fortlaufende Entwicklung"}],"button_url":"#demo","button_target_blank":"0","button_nofollow":"0","attributes":[{"name":"Installiert","content":"100,000 - 500,000"},{"name":"Reaktionsfreudig","content":"Ja"},{"name":"Kompatible Browser","content":"Firefox, Safari, Opera, Chrome, Edge"}],"tags":[],"tags_disable_links":"0","hide_more_platforms":"","video_object":"","demo_hide_cta":"0","demo_hide_cloud_options":"0","pricing_title":"","pricing":[{"pricing_icon":"platform","pricing_title":"Elfsight Apps","pricing_title_caption":"Plattform\u00fcbergreifende Software, die auf jeder Website funktioniert","pricing_price":"ab 0 $ \/ Monat","pricing_price_caption":"Beginnen Sie mit einem kostenlosen Plan","pricing_benefits":[{"text":"Unbegrenzte Websites"},{"text":"Premium-Support und gut dokumentiert"},{"text":"Kostenlose Installationsunterst\u00fctzung"},{"text":"100 % anpassbar"}],"pricing_button_text":"Zur Website hinzuf\u00fcgen","pricing_button_url":"#demo"}],"related_apps_title":"","related_apps_hidden":"0","author":"","image":[],"title":"","job":"","social_networks":[]},"_links":{"self":[{"href":"https:\/\/elfsight.com\/de\/wp-json\/wp\/v2\/pages\/20589","targetHints":{"allow":["GET"]}}],"collection":[{"href":"https:\/\/elfsight.com\/de\/wp-json\/wp\/v2\/pages"}],"about":[{"href":"https:\/\/elfsight.com\/de\/wp-json\/wp\/v2\/types\/page"}],"author":[{"embeddable":true,"href":"https:\/\/elfsight.com\/de\/wp-json\/wp\/v2\/users\/9"}],"replies":[{"embeddable":true,"href":"https:\/\/elfsight.com\/de\/wp-json\/wp\/v2\/comments?post=20589"}],"version-history":[{"count":3,"href":"https:\/\/elfsight.com\/de\/wp-json\/wp\/v2\/pages\/20589\/revisions"}],"predecessor-version":[{"id":23876,"href":"https:\/\/elfsight.com\/de\/wp-json\/wp\/v2\/pages\/20589\/revisions\/23876"}],"up":[{"embeddable":true,"href":"https:\/\/elfsight.com\/de\/wp-json\/wp\/v2\/pages\/69"}],"wp:attachment":[{"href":"https:\/\/elfsight.com\/de\/wp-json\/wp\/v2\/media?parent=20589"}],"curies":[{"name":"wp","href":"https:\/\/api.w.org\/{rel}","templated":true}]}}