{"id":20584,"date":"2024-05-03T06:38:57","date_gmt":"2024-05-03T06:38:57","guid":{"rendered":"https:\/\/elfsight.com\/de\/?page_id=20584"},"modified":"2024-12-19T06:15:50","modified_gmt":"2024-12-19T06:15:50","slug":"prestashop","status":"publish","type":"page","link":"https:\/\/elfsight.com\/de\/google-reviews-widget\/prestashop\/","title":{"rendered":"Google Reviews &#8211; PrestaShop"},"content":{"rendered":"\n<div class=\"application-platform-content-item-description application-platform-content-item\" id=\"description\" data-nav-section=\"description\"> \n<h2>Google-Bewertungen in Prestashop einbinden<\/h2> \n\n<p> M\u00f6chten Sie das Vertrauen in Ihre Prestashop-Website st\u00e4rken? Das Zeigen von Google-Bewertungen auf Ihren Seiten ist eine ausgezeichnete Strategie: Es wird Kunden anziehen und die Verkaufszahlen steigern. Es gibt mehrere M\u00f6glichkeiten, Kundenbewertungen auf der Website hinzuzuf\u00fcgen, und eine davon ist das Elfsight Google Reviews Widget, eine No-Code-L\u00f6sung, die wenig Zeit in Anspruch nimmt und kostenlos genutzt werden kann. <\/p>\n<\/div> \n\n<div class=\"application-platform-content-item-features application-platform-content-item\" id=\"features\" data-nav-section=\"features\"> \n<h2>Funktionen<\/h2> \n<p>Um ein klares Verst\u00e4ndnis des Add-ons zu erhalten, k\u00f6nnen Sie sich die wichtigsten Merkmale ansehen. Diese machen das Add-on \u00e4u\u00dferst n\u00fctzlich f\u00fcr Ihre Prestashop-Website:<\/p> \n\n<ul> \n<li><strong>Einfaches Hinzuf\u00fcgen von Bewertungen.<\/strong> Sie k\u00f6nnen Ihre Google Place ID eingeben oder einfach den Namen und die Adresse Ihres Unternehmens angeben. Das Fehlen einer physischen Adresse stellt kein Problem dar. <\/li> \n<li><strong>Bewertungsmoderation &amp; Filter.<\/strong> Mit Elfsight k\u00f6nnen Sie problemlos mehrere Filter anpassen und nur relevante Google-Bewertungen anzeigen. Zum Beispiel k\u00f6nnen Sie die Mindestbewertung festlegen oder bestimmte Autoren aus dem Add-on ausschlie\u00dfen. <\/li> \n<li><strong>Button zum Sammeln weiterer Bewertungen.<\/strong> F\u00fcgen Sie einfach einen anpassbaren CTA-Button in Ihre Bewertungsleiste ein, damit Kunden ihr Feedback abgeben k\u00f6nnen. <\/li> \n<li><strong>Stern-Snippet zur Steigerung des Google-Traffics.<\/strong> Heben Sie sich von Ihren Mitbewerbern ab, indem Sie das Markup aktivieren, um Sterne in den Suchergebnissen anzuzeigen. Dieses Upgrade hilft Ihnen, Aufmerksamkeit zu erregen und die Klickrate zu erh\u00f6hen. <\/li> \n<li><strong>Erweiterte Design-Anpassung.<\/strong> W\u00e4hlen Sie aus verschiedenen Layouts wie Slider, Liste, Mauerwerk, Grid, Karussell, Schwebendes Badge und mehr. Passen Sie die Details jeder Bewertung an: Titel, Abzeichen, Namen und Sterne, damit sie nahtlos zu Ihrem Design passen. <\/li> \n<\/ul>\n<p><a href=\"#demo\" data-scroll-to=\"demo\">Um alle Funktionen zu sehen, Demo ansehen<\/a><\/p>\n\n<\/div> \n<div class=\"application-platform-content-item-installation application-platform-content-item\" id=\"installation\" data-nav-section=\"installation\"> \n<h2>So binden Sie die Google-Bewertungen in Ihre Prestashop-Website ein<\/h2> \n<p>Lesen Sie diese einfache Anleitung, um das Add-on auf Ihrer Prestashop-Website einzurichten. Es dauert nur wenige Minuten und erfordert keine Programmierung. <\/p> \n<ol>\n<li><strong>Erstellen Sie Ihr einzigartiges Google Reviews Add-on<\/strong><br> \nBeginnen Sie mit einer beliebigen Vorlage in der Demo, f\u00fcgen Sie Ihr Kundenfeedback hinzu und erstellen Sie ein Add-on mit Ihrem bevorzugten Stil und Funktionen. <\/li>\n\n<li><strong>Erhalten Sie den pers\u00f6nlichen Code zum Einf\u00fcgen des Add-ons<\/strong><br> \nSobald Sie Ihr Add-on erstellt haben, erhalten Sie den individuellen Code in Ihrem Dashboard. Kopieren Sie den Code, der alle Informationen zu den Einstellungen Ihres Add-ons enth\u00e4lt. <\/li> \n\n<li><strong>Zeigen Sie das Add-on auf Ihrer Prestashop-Website an<\/strong><br> \nW\u00e4hlen Sie die Abschnitte der Website aus, auf denen das Add-on angezeigt werden soll, und f\u00fcgen Sie den Code dort ein. Speichern Sie die \u00c4nderungen. <\/li> \n<\/ol>\n\n<p>Fertig! Gehen Sie hin und sehen Sie, wie das Add-on auf Ihrer Website funktioniert. <\/p> \n<p>Haben Sie noch Probleme beim Einbinden von Google-Bewertungen in eine Prestashop-Website? Dann lesen Sie unseren Artikel \u00fcber <a href=\"https:\/\/elfsight.com\/blog\/how-to-embed-google-reviews-on-website\/\" target=\"_blank\" rel=\"noopener\">das Hinzuf\u00fcgen von Google-Bewertungen auf Ihrer Website<\/a>. <\/p>\n<\/div>\n\n<div class=\"faq\" data-component=\"FAQ\">\n<div class=\"faq-item\">\r\n\t\t\t\t\t<div class=\"faq-item-question\">\r\n\t\t\t\t\t\t<h3 class=\"faq-item-question-text\">Ist das Google Reviews Prestashop Widget kostenlos? <\/h3>\r\n\r\n\t\t\t\t\t\t<div class=\"faq-item-question-icon\"><\/div>\r\n\t\t\t\t\t<\/div>\r\n\r\n\t\t\t\t\t<div class=\"faq-item-answer\">\r\n\t\t\t\t\t\t<div class=\"faq-item-answer-text\">\nJa, das ist es! Jeder Elfsight-Nutzer kann das Google Reviews Widget anpassen und kostenlos in Prestashop einf\u00fcgen. Alle bahnbrechenden Funktionen, die wir oben besprochen haben, sind verf\u00fcgbar. \n<\/div>\r\n\t\t\t\t\t<\/div>\r\n\t\t\t\t<\/div>\n<div class=\"faq-item\">\r\n\t\t\t\t\t<div class=\"faq-item-question\">\r\n\t\t\t\t\t\t<h3 class=\"faq-item-question-text\">Warum sollte ich Bewertungen in Prestashop hinzuf\u00fcgen? <\/h3>\r\n\r\n\t\t\t\t\t\t<div class=\"faq-item-question-icon\"><\/div>\r\n\t\t\t\t\t<\/div>\r\n\r\n\t\t\t\t\t<div class=\"faq-item-answer\">\r\n\t\t\t\t\t\t<div class=\"faq-item-answer-text\">\nGoogle-Bewertungen erh\u00f6hen die Glaubw\u00fcrdigkeit Ihres Unternehmens. Potenzielle Kunden erwarten oft, von den Erfahrungen anderer Menschen zu h\u00f6ren, die Ihre Dienstleistungen ausprobiert haben. Binden Sie Kundenfeedback auf Ihrer Website ein, um zu zeigen, was Menschen an Ihrem Unternehmen sch\u00e4tzen. \n<\/div>\r\n\t\t\t\t\t<\/div>\r\n\t\t\t\t<\/div>\n<div class=\"faq-item\">\r\n\t\t\t\t\t<div class=\"faq-item-question\">\r\n\t\t\t\t\t\t<h3 class=\"faq-item-question-text\">Kann ich andere Bewertungen in Prestashop hinzuf\u00fcgen? <\/h3>\r\n\r\n\t\t\t\t\t\t<div class=\"faq-item-question-icon\"><\/div>\r\n\t\t\t\t\t<\/div>\r\n\r\n\t\t\t\t\t<div class=\"faq-item-answer\">\r\n\t\t\t\t\t\t<div class=\"faq-item-answer-text\">\nJa. Sie k\u00f6nnen Widgets wie <a href=\"https:\/\/elfsight.com\/facebook-reviews-widget\/prestashop\/\" target=\"_blank\" rel=\"noreferrer noopener\">Facebook-Bewertungen<\/a>, <a href=\"https:\/\/elfsight.com\/amazon-reviews-widget\/prestashop\/\" target=\"_blank\" rel=\"noreferrer noopener\">Amazon-Bewertungen<\/a>, <a href=\"https:\/\/elfsight.com\/tripadvisor-reviews-widget\/prestashop\/\" target=\"_blank\" rel=\"noreferrer noopener\">Tripadvisor-Bewertungen<\/a> oder <a href=\"https:\/\/elfsight.com\/testimonials-slider-widget\/prestashop\/\" target=\"_blank\" rel=\"noreferrer noopener\">Testimonials Slider<\/a> ausprobieren. Diese helfen Ihnen, verschiedene Plattformen mit Ihrer Website zu verbinden und die Bewertungen von den Websites anzuzeigen, auf denen am meisten \u00fcber Ihr Unternehmen gesprochen wird. \n<\/div>\r\n\t\t\t\t\t<\/div>\r\n\t\t\t\t<\/div>\n<div class=\"faq-item\">\r\n\t\t\t\t\t<div class=\"faq-item-question\">\r\n\t\t\t\t\t\t<h3 class=\"faq-item-question-text\">Warum sollte ich Google-Bewertungen mit Elfsight in Prestashop einbinden? <\/h3>\r\n\r\n\t\t\t\t\t\t<div class=\"faq-item-question-icon\"><\/div>\r\n\t\t\t\t\t<\/div>\r\n\r\n\t\t\t\t\t<div class=\"faq-item-answer\">\r\n\t\t\t\t\t\t<div class=\"faq-item-answer-text\">\nErstens bietet Elfsight eine einfache M\u00f6glichkeit, Google-Bewertungen auf Ihrer Website einzubinden, ohne dass Programmierung oder Skripterstellung erforderlich ist. Dieses anpassbare Add-on kann problemlos in Prestashop oder jede andere Website-Plattform integriert werden. Am wichtigsten ist, dass die Menschen unser Add-on wegen seiner bedeutungsvollen Funktionen lieben, die Ihnen helfen, die Vorteile Ihres Unternehmens hervorzuheben. \n<\/div>\r\n\t\t\t\t\t<\/div>\r\n\t\t\t\t<\/div>\n<\/div>\n","protected":false},"excerpt":{"rendered":"","protected":false},"author":9,"featured_media":0,"parent":69,"menu_order":0,"comment_status":"closed","ping_status":"closed","template":"templates\/template-application-platform.php","meta":{"publish_to_discourse":"","publish_post_category":"","wpdc_auto_publish_overridden":"","wpdc_topic_tags":"","wpdc_pin_topic":"","wpdc_pin_until":"","discourse_post_id":"","discourse_permalink":"","wpdc_publishing_response":"","wpdc_publishing_error":"","footnotes":""},"class_list":["post-20584","page","type-page","status-publish","hentry"],"yoast_head":"<!-- This site is optimized with the Yoast SEO plugin v25.3.1 - https:\/\/yoast.com\/wordpress\/plugins\/seo\/ -->\n<title>Integrieren Sie das Google Reviews-Add-on in Ihre PrestaShop-Website (2025).<\/title>\n<meta name=\"description\" content=\"Es ist ein Kinderspiel, Ihr Google Reviews-Add-on zu erstellen und es auf der PrestaShop-Website hinzuzuf\u00fcgen. Der Kundensupport von Elfsight ist kostenlos und schnell.\" \/>\n<meta name=\"robots\" content=\"index, follow, max-snippet:-1, max-image-preview:large, max-video-preview:-1\" \/>\n<link rel=\"canonical\" href=\"https:\/\/elfsight.com\/de\/google-reviews-widget\/prestashop\/\" \/>\n<meta property=\"og:locale\" content=\"de_DE\" \/>\n<meta property=\"og:type\" content=\"article\" \/>\n<meta property=\"og:title\" content=\"Integrieren Sie das Google Reviews-Add-on in Ihre PrestaShop-Website (2025).\" \/>\n<meta property=\"og:description\" content=\"Es ist ein Kinderspiel, Ihr Google Reviews-Add-on zu erstellen und es auf der PrestaShop-Website hinzuzuf\u00fcgen. Der Kundensupport von Elfsight ist kostenlos und schnell.\" \/>\n<meta property=\"og:url\" content=\"https:\/\/elfsight.com\/de\/google-reviews-widget\/prestashop\/\" \/>\n<meta property=\"og:site_name\" content=\"Elfsight DE\" \/>\n<meta property=\"article:modified_time\" content=\"2024-12-19T06:15:50+00:00\" \/>\n<meta name=\"twitter:card\" content=\"summary_large_image\" \/>\n<meta name=\"twitter:label1\" content=\"Gesch\u00e4tzte Lesezeit\" \/>\n\t<meta name=\"twitter:data1\" content=\"4\u00a0Minuten\" \/>\n<!-- \/ Yoast SEO plugin. -->","yoast_head_json":{"title":"Integrieren Sie das Google Reviews-Add-on in Ihre PrestaShop-Website (2025).","description":"Es ist ein Kinderspiel, Ihr Google Reviews-Add-on zu erstellen und es auf der PrestaShop-Website hinzuzuf\u00fcgen. Der Kundensupport von Elfsight ist kostenlos und schnell.","robots":{"index":"index","follow":"follow","max-snippet":"max-snippet:-1","max-image-preview":"max-image-preview:large","max-video-preview":"max-video-preview:-1"},"canonical":"https:\/\/elfsight.com\/de\/google-reviews-widget\/prestashop\/","og_locale":"de_DE","og_type":"article","og_title":"Integrieren Sie das Google Reviews-Add-on in Ihre PrestaShop-Website (2025).","og_description":"Es ist ein Kinderspiel, Ihr Google Reviews-Add-on zu erstellen und es auf der PrestaShop-Website hinzuzuf\u00fcgen. Der Kundensupport von Elfsight ist kostenlos und schnell.","og_url":"https:\/\/elfsight.com\/de\/google-reviews-widget\/prestashop\/","og_site_name":"Elfsight DE","article_modified_time":"2024-12-19T06:15:50+00:00","twitter_card":"summary_large_image","twitter_misc":{"Gesch\u00e4tzte Lesezeit":"4\u00a0Minuten"},"schema":{"@context":"https:\/\/schema.org","@graph":[{"@type":"WebPage","@id":"https:\/\/elfsight.com\/de\/google-reviews-widget\/prestashop\/","url":"https:\/\/elfsight.com\/de\/google-reviews-widget\/prestashop\/","name":"Integrieren Sie das Google Reviews-Add-on in Ihre PrestaShop-Website (2025).","isPartOf":{"@id":"https:\/\/elfsight.com\/de\/#website"},"datePublished":"2024-05-03T06:38:57+00:00","dateModified":"2024-12-19T06:15:50+00:00","description":"Es ist ein Kinderspiel, Ihr Google Reviews-Add-on zu erstellen und es auf der PrestaShop-Website hinzuzuf\u00fcgen. Der Kundensupport von Elfsight ist kostenlos und schnell.","breadcrumb":{"@id":"https:\/\/elfsight.com\/de\/google-reviews-widget\/prestashop\/#breadcrumb"},"inLanguage":"de","potentialAction":[{"@type":"ReadAction","target":["https:\/\/elfsight.com\/de\/google-reviews-widget\/prestashop\/"]}]},{"@type":"BreadcrumbList","@id":"https:\/\/elfsight.com\/de\/google-reviews-widget\/prestashop\/#breadcrumb","itemListElement":[{"@type":"ListItem","position":1,"name":"Home","item":"https:\/\/elfsight.com\/de\/"},{"@type":"ListItem","position":2,"name":"Google Reviews","item":"https:\/\/elfsight.com\/de\/google-reviews-widget\/"},{"@type":"ListItem","position":3,"name":"Google Reviews &#8211; PrestaShop"}]},{"@type":"WebSite","@id":"https:\/\/elfsight.com\/de\/#website","url":"https:\/\/elfsight.com\/de\/","name":"Elfsight DE","description":"Just another Elfsight Sites site","potentialAction":[{"@type":"SearchAction","target":{"@type":"EntryPoint","urlTemplate":"https:\/\/elfsight.com\/de\/?s={search_term_string}"},"query-input":{"@type":"PropertyValueSpecification","valueRequired":true,"valueName":"search_term_string"}}],"inLanguage":"de"}]}},"meta_box":{"industry":"","seo_heading":"","heading":"","description":"","cta_heading":"","cta_description":"","application":"60","h1":"PrestaShop Google Reviews Add-on","h1_caption":"Betten Sie Bewertungen Ihres Ortes von Google nahtlos ein, um die besten Kundeneindr\u00fccke m\u00fchelos in Ihr Website-Erlebnis auf Ihrer Prestashop-Website zu integrieren.","application_category":[],"applications_title":"","applications_request_title":"","applications_request_button_text":"","hero_text":"","hero_video":"","hero_video_schema_markup":"","selling_points_title":"","selling_points_caption":"","selling_points":[],"selling_points_cta_text":"","features_title":"","features":"","ed_cta_examples_text":"","ed_cta_examples_hidden":"","ed_cta_demo_text":"","ed_cta_demo_hidden":"","why_caption":"","why_editor_title":"","why_editor_text":"","why_team_title":"","why_team_text":"","why_service_title":"","why_service_text":"","template_catalog_visible":"0","template_catalog_title":"","template_catalog_text":"","template_catalog_categories_visible":"","demo_title":"Erstellen Sie Ihr Google Reviews-Add-on","demo_caption":"Konfigurieren Sie Ihre Google-Bewertungen und f\u00fcgen Sie sie kostenlos zu Ihrer PrestaShop-Website hinzu!","default_faq_hidden":"","app_template_category":[],"platform":"3811","template_public_id":"","codecanyon_url":"","codecanyon_item_id":"","codecanyon_price":"","pricing_caption":"","pricing_elfsight_apps_hide_column":"","pricing_elfsight_apps_url":"","pricing_codecanyon_price_caption":"","integration_category":[],"integration_request_title":"","integration_request_cta":"","integration_platform":"","integrations":[],"platform_category":[],"video_schema_markup":"","price":"ab 0 $ \/ Monat","trial":"","benefits":[{"text":"Kostenloser Installationsservice"},{"text":"Au\u00dfergew\u00f6hnlicher Support"},{"text":"14-t\u00e4gige R\u00fcckerstattungsgarantie"},{"text":"Fortlaufende Entwicklung"}],"button_url":"#demo","button_target_blank":"0","button_nofollow":"0","attributes":[{"name":"Installiert","content":"100,000 - 500,000"},{"name":"Reaktionsfreudig","content":"Ja"},{"name":"Kompatible Browser","content":"Firefox, Safari, Opera, Chrome, Edge"}],"tags":[],"tags_disable_links":"0","hide_more_platforms":"","video_object":"","demo_hide_cta":"0","demo_hide_cloud_options":"0","pricing_title":"","pricing":[{"pricing_icon":"platform","pricing_title":"Elfsight Apps","pricing_title_caption":"Plattform\u00fcbergreifende L\u00f6sung","pricing_price":"ab 0 $ \/ Monat","pricing_price_caption":"Beginnen Sie mit einem kostenlosen Plan","pricing_benefits":[{"text":"Unbegrenzte Domains"},{"text":"Kundensupport rund um die Uhr"},{"text":"Kostenloser Installationsservice"},{"text":"100 % anpassbar"}],"pricing_button_text":"Zur Website hinzuf\u00fcgen","pricing_button_url":"#demo"}],"related_apps_title":"","related_apps_hidden":"0","author":"","image":[],"title":"","job":"","social_networks":[]},"_links":{"self":[{"href":"https:\/\/elfsight.com\/de\/wp-json\/wp\/v2\/pages\/20584","targetHints":{"allow":["GET"]}}],"collection":[{"href":"https:\/\/elfsight.com\/de\/wp-json\/wp\/v2\/pages"}],"about":[{"href":"https:\/\/elfsight.com\/de\/wp-json\/wp\/v2\/types\/page"}],"author":[{"embeddable":true,"href":"https:\/\/elfsight.com\/de\/wp-json\/wp\/v2\/users\/9"}],"replies":[{"embeddable":true,"href":"https:\/\/elfsight.com\/de\/wp-json\/wp\/v2\/comments?post=20584"}],"version-history":[{"count":2,"href":"https:\/\/elfsight.com\/de\/wp-json\/wp\/v2\/pages\/20584\/revisions"}],"predecessor-version":[{"id":23364,"href":"https:\/\/elfsight.com\/de\/wp-json\/wp\/v2\/pages\/20584\/revisions\/23364"}],"up":[{"embeddable":true,"href":"https:\/\/elfsight.com\/de\/wp-json\/wp\/v2\/pages\/69"}],"wp:attachment":[{"href":"https:\/\/elfsight.com\/de\/wp-json\/wp\/v2\/media?parent=20584"}],"curies":[{"name":"wp","href":"https:\/\/api.w.org\/{rel}","templated":true}]}}