{"id":20582,"date":"2024-05-03T06:38:54","date_gmt":"2024-05-03T06:38:54","guid":{"rendered":"https:\/\/elfsight.com\/de\/?page_id=20582"},"modified":"2025-01-15T05:05:34","modified_gmt":"2025-01-15T05:05:34","slug":"shopify","status":"publish","type":"page","link":"https:\/\/elfsight.com\/de\/google-maps-widget\/shopify\/","title":{"rendered":"Google Maps &#8211; Shopify"},"content":{"rendered":"\n<div class=\"application-platform-content-item-description application-platform-content-item\" id=\"description\" data-nav-section=\"description\"><h2>Google Maps mit dem Elfsight-Widget in Shopify einbetten<\/h2>Dieses effektive und vollst\u00e4ndig angepasste Tool mit problemloser Einrichtung macht es Ihnen einfach Besucher, um Standorte f\u00fcr Ihre Besucher zu finden. Effektiv bei der Gewinnung von Offline-Kunden, schnelle Einrichtung und Konfiguration machen es vielleicht zum besten Instrument f\u00fcr jede Shopify-Website. <b>Ziehen Sie mehr echte Besucher an, indem Sie die benutzerfreundlichsten Karten auf Ihrer Website anzeigen!<\/b><ul> <li><b>Erh\u00f6hen Sie die Interaktion mit Ihren Kunden mit Karten<\/b>. Gestalten Sie Ihre Karte so, dass sie f\u00fcr potenzielle Kunden n\u00fctzlich ist, und zeigen Sie sie auf Ihrer Website an, damit diese Ihre Kontaktinformationen effizienter nutzen k\u00f6nnen.<\/li> <li><b>Suchen und gewinnen Sie regionale Kunden<\/b>. Gestalten Sie Ihre Karte so, dass sie f\u00fcr potenzielle Kunden n\u00fctzlich ist, und zeigen Sie sie auf Ihrer Website an, damit diese Ihre Kontaktinformationen effizienter nutzen k\u00f6nnen.<\/li> <li><b>Zeigen Sie unendlich viele Orte auf einer Karte. <\/b>Beschr\u00e4nken Sie nicht die Anzahl Ihrer Punkte auf der Karte, sondern zeigen Sie alles an, was f\u00fcr Ihre Benutzer wichtig und unterhaltsam sein k\u00f6nnte.<\/li><\/ul><\/div><div class=\"application-platform-content-item-features application-platform-content-item\" id=\"features\" data-nav-section=\"features\"><h2>Hauptfunktionen des Google Maps-Widgets<\/h2>Welche Vorteile machen die Elfsight-Karte zur besten f\u00fcr jede Shopify-Site?<ul> <li>Verschiedene Standortmarkierungen f\u00fcr interaktive Karte;<\/li> <li>4 Kartentypen: Roadmap, Satellit, Hybrid, Gel\u00e4nde;<\/li> <li>Infokarte wird f\u00fcr jede Markierung einzeln angezeigt;<\/li> <li>Einstellbare Breite und H\u00f6he;<\/li> <li>Regelm\u00e4\u00dfige Live-Updates verf\u00fcgbar.<\/li><\/ul><a href=\"#demo\">Vollst\u00e4ndigen Funktionsumfang in der Demo ansehen!<\/a><\/div><div class=\"application-platform-content-item-installation application-platform-content-item\" id=\"installation\" data-nav-section=\"installation\"><h2>So f\u00fcgen Sie die Google Maps-App zur Shopify-Website hinzu<\/h2><div class=\"video-container\"><iframe width=\"560\" height=\"315\" src=\"https:\/\/www.youtube.com\/embed\/MbgtdYQjJJc?si=SIWhIxPET4uzKweW\" frameborder=\"0\" allow=\"accelerometer; autoplay; clipboard-write; encrypted-media; gyroscope; picture-in-picture; web-share\" allowfullscreen><\/iframe><\/div>Eine kurze Anleitung zur eigenst\u00e4ndigen Installation responsiver Karten auf Shopify. Dazu m\u00fcssen Sie keinen Webentwickler einstellen oder \u00fcber Kenntnisse in der Webprogrammierung verf\u00fcgen. Die durchschnittliche Installationszeit betr\u00e4gt nicht mehr als 2 Minuten.<ol> <li><b>Nutzen Sie unseren kostenlosen Konfigurator und beginnen Sie mit der Arbeit mit Ihrer ma\u00dfgeschneiderten App. <\/b>Geben Sie das ausgew\u00e4hlte Layout und die Parameter der App an und \u00fcbernehmen Sie alle \u00c4nderungen.<\/li> <li><b>Kopieren Sie den einzelnen Code, der im Feld auf Elfsight Apps gezeigt wird. <\/b>Kopieren Sie direkt nach Abschluss der Erstellung Ihrer App Ihren Code im angezeigten Popup und bewahren Sie ihn zur sp\u00e4teren Verwendung auf.<\/li> <li><b>Geben Sie die Verwendung der App auf Ihrer Shopify-Website ein. <\/b>F\u00fcgen Sie den k\u00fcrzlich kopierten Code in Ihre Website ein und speichern Sie die \u00c4nderungen.<\/li> <li><b>Die Einrichtung ist vollst\u00e4ndig abgeschlossen. <\/b>\u00d6ffnen Sie Ihre Website, um die Leistung der App zu \u00fcberpr\u00fcfen.<\/li><\/ol>Haben Sie Probleme oder Fragen, w\u00e4hrend Sie dem Tutorial folgen oder Ihre einzigartige Karte einrichten? Den vollst\u00e4ndigen Artikel lesen \u00ab<a href=\"https:\/\/elfsight.com\/tutorials\/how-to-add-google-maps-builder-to-shopify\/\" target=\"_blank\" rel=\"noopener noreferrer\">Anleitung F\u00fcgen Sie eine Karte auf der Shopify-Website hinzu<\/a>\u00bb oder wenden Sie sich an das Help Center. Unser Support-Team hilft Ihnen gerne bei der Erstellung und Anzeige von Karten auf Ihrer Website.<div class=\"faq\" data-component=\"FAQ\"><div class=\"faq-item\">\r\n\t\t\t\t\t<div class=\"faq-item-question\">\r\n\t\t\t\t\t\t<h3 class=\"faq-item-question-text\">Wie kann ich Google Maps zu meinem Shopify-Website ohne Programmierkenntnisse hinzuf\u00fcgen?<\/h3>\r\n\r\n\t\t\t\t\t\t<div class=\"faq-item-question-icon\"><\/div>\r\n\t\t\t\t\t<\/div>\r\n\r\n\t\t\t\t\t<div class=\"faq-item-answer\">\r\n\t\t\t\t\t\t<div class=\"faq-item-answer-text\"> W\u00e4hlen Sie eine der vorgefertigten Vorlagen aus und passen Sie die Google Maps-Einstellungen an, f\u00fcgen Sie Ihre Inhalte hinzu, \u00e4ndern Sie das Layout und die Farben ohne Programmierkenntnisse. Speichern Sie Google Maps und kopieren Sie den Installationscode, damit Sie es problemlos auf Ihrer Shopify-Website hinzuf\u00fcgen k\u00f6nnen, ohne einen kostenpflichtigen Plan kaufen zu m\u00fcssen. Mit unserem intuitiven Editor kann jeder Internetnutzer online ein Google Maps-Widget erstellen und es einfach in seine Shopify-Website einbetten. Sie m\u00fcssen weder bezahlen noch Ihre Kartendaten eingeben, um auf den Service zuzugreifen. Sollten bei irgendeinem Schritt Probleme auftreten, wenden Sie sich bitte an unser technisches Support-Team.<\/p> <\/div>\r\n\t\t\t\t\t<\/div>\r\n\t\t\t\t<\/div> <\/div><\/div>\n","protected":false},"excerpt":{"rendered":"","protected":false},"author":9,"featured_media":0,"parent":894,"menu_order":0,"comment_status":"closed","ping_status":"closed","template":"templates\/template-application-platform.php","meta":{"publish_to_discourse":"","publish_post_category":"","wpdc_auto_publish_overridden":"","wpdc_topic_tags":"","wpdc_pin_topic":"","wpdc_pin_until":"","discourse_post_id":"","discourse_permalink":"","wpdc_publishing_response":"","wpdc_publishing_error":"","footnotes":""},"class_list":["post-20582","page","type-page","status-publish","hentry"],"yoast_head":"<!-- This site is optimized with the Yoast SEO plugin v25.3.1 - https:\/\/yoast.com\/wordpress\/plugins\/seo\/ -->\n<title>Google Maps \u2013 Karten-App zur Shopify-Website hinzuf\u00fcgen<\/title>\n<meta name=\"description\" content=\"Konfigurieren Sie eine benutzerdefinierte Google Maps-App f\u00fcr die Shopify-Site. Demonstrieren Sie eine umfangreiche Karte in nur 3 Minuten im einfachsten Widget-Editor, v\u00f6llig kostenlos.\" \/>\n<meta name=\"robots\" content=\"index, follow, max-snippet:-1, max-image-preview:large, max-video-preview:-1\" \/>\n<link rel=\"canonical\" href=\"https:\/\/elfsight.com\/de\/google-maps-widget\/shopify\/\" \/>\n<meta property=\"og:locale\" content=\"de_DE\" \/>\n<meta property=\"og:type\" content=\"article\" \/>\n<meta property=\"og:title\" content=\"Google Maps \u2013 Karten-App zur Shopify-Website hinzuf\u00fcgen\" \/>\n<meta property=\"og:description\" content=\"Konfigurieren Sie eine benutzerdefinierte Google Maps-App f\u00fcr die Shopify-Site. Demonstrieren Sie eine umfangreiche Karte in nur 3 Minuten im einfachsten Widget-Editor, v\u00f6llig kostenlos.\" \/>\n<meta property=\"og:url\" content=\"https:\/\/elfsight.com\/de\/google-maps-widget\/shopify\/\" \/>\n<meta property=\"og:site_name\" content=\"Elfsight DE\" \/>\n<meta property=\"article:modified_time\" content=\"2025-01-15T05:05:34+00:00\" \/>\n<meta name=\"twitter:card\" content=\"summary_large_image\" \/>\n<meta name=\"twitter:label1\" content=\"Gesch\u00e4tzte Lesezeit\" \/>\n\t<meta name=\"twitter:data1\" content=\"3\u00a0Minuten\" \/>\n<!-- \/ Yoast SEO plugin. -->","yoast_head_json":{"title":"Google Maps \u2013 Karten-App zur Shopify-Website hinzuf\u00fcgen","description":"Konfigurieren Sie eine benutzerdefinierte Google Maps-App f\u00fcr die Shopify-Site. Demonstrieren Sie eine umfangreiche Karte in nur 3 Minuten im einfachsten Widget-Editor, v\u00f6llig kostenlos.","robots":{"index":"index","follow":"follow","max-snippet":"max-snippet:-1","max-image-preview":"max-image-preview:large","max-video-preview":"max-video-preview:-1"},"canonical":"https:\/\/elfsight.com\/de\/google-maps-widget\/shopify\/","og_locale":"de_DE","og_type":"article","og_title":"Google Maps \u2013 Karten-App zur Shopify-Website hinzuf\u00fcgen","og_description":"Konfigurieren Sie eine benutzerdefinierte Google Maps-App f\u00fcr die Shopify-Site. Demonstrieren Sie eine umfangreiche Karte in nur 3 Minuten im einfachsten Widget-Editor, v\u00f6llig kostenlos.","og_url":"https:\/\/elfsight.com\/de\/google-maps-widget\/shopify\/","og_site_name":"Elfsight DE","article_modified_time":"2025-01-15T05:05:34+00:00","twitter_card":"summary_large_image","twitter_misc":{"Gesch\u00e4tzte Lesezeit":"3\u00a0Minuten"},"schema":{"@context":"https:\/\/schema.org","@graph":[{"@type":"WebPage","@id":"https:\/\/elfsight.com\/de\/google-maps-widget\/shopify\/","url":"https:\/\/elfsight.com\/de\/google-maps-widget\/shopify\/","name":"Google Maps \u2013 Karten-App zur Shopify-Website hinzuf\u00fcgen","isPartOf":{"@id":"https:\/\/elfsight.com\/de\/#website"},"datePublished":"2024-05-03T06:38:54+00:00","dateModified":"2025-01-15T05:05:34+00:00","description":"Konfigurieren Sie eine benutzerdefinierte Google Maps-App f\u00fcr die Shopify-Site. Demonstrieren Sie eine umfangreiche Karte in nur 3 Minuten im einfachsten Widget-Editor, v\u00f6llig kostenlos.","breadcrumb":{"@id":"https:\/\/elfsight.com\/de\/google-maps-widget\/shopify\/#breadcrumb"},"inLanguage":"de","potentialAction":[{"@type":"ReadAction","target":["https:\/\/elfsight.com\/de\/google-maps-widget\/shopify\/"]}]},{"@type":"BreadcrumbList","@id":"https:\/\/elfsight.com\/de\/google-maps-widget\/shopify\/#breadcrumb","itemListElement":[{"@type":"ListItem","position":1,"name":"Home","item":"https:\/\/elfsight.com\/de\/"},{"@type":"ListItem","position":2,"name":"Google Maps","item":"https:\/\/elfsight.com\/de\/google-maps-widget\/"},{"@type":"ListItem","position":3,"name":"Google Maps &#8211; Shopify"}]},{"@type":"WebSite","@id":"https:\/\/elfsight.com\/de\/#website","url":"https:\/\/elfsight.com\/de\/","name":"Elfsight DE","description":"Just another Elfsight Sites site","potentialAction":[{"@type":"SearchAction","target":{"@type":"EntryPoint","urlTemplate":"https:\/\/elfsight.com\/de\/?s={search_term_string}"},"query-input":{"@type":"PropertyValueSpecification","valueRequired":true,"valueName":"search_term_string"}}],"inLanguage":"de"}]}},"meta_box":{"industry":"","seo_heading":"","heading":"","description":"","cta_heading":"","cta_description":"","application":"464","h1":"Google Maps-App f\u00fcr Shopify","h1_caption":"Betten Sie eine responsive Google-Karte ein, um Ihren Standort oder mehrere Standorte anzuzeigen und so m\u00fchelos auf Ihrer Shopify-Website zu navigieren.","application_category":[],"applications_title":"","applications_request_title":"","applications_request_button_text":"","hero_text":"","hero_video":"","hero_video_schema_markup":"","selling_points_title":"","selling_points_caption":"","selling_points":[],"selling_points_cta_text":"","features_title":"","features":"","ed_cta_examples_text":"","ed_cta_examples_hidden":"","ed_cta_demo_text":"","ed_cta_demo_hidden":"","why_caption":"","why_editor_title":"","why_editor_text":"","why_team_title":"","why_team_text":"","why_service_title":"","why_service_text":"","template_catalog_visible":"0","template_catalog_title":"","template_catalog_text":"","template_catalog_categories_visible":"","demo_title":"Erstellen Sie Ihre Google Maps-App","demo_caption":"Konfigurieren Sie Ihr Google Maps und f\u00fcgen Sie es kostenlos zu Ihrer Shopify-Website hinzu!","default_faq_hidden":"","app_template_category":[],"platform":"253","template_public_id":"","codecanyon_url":"","codecanyon_item_id":"","codecanyon_price":"","pricing_caption":"","pricing_elfsight_apps_hide_column":"","pricing_elfsight_apps_url":"","pricing_codecanyon_price_caption":"","integration_category":[],"integration_request_title":"","integration_request_cta":"","integration_platform":"","integrations":[],"platform_category":[],"video_schema_markup":"","price":"ab 0 $ \/ Monat","trial":"","benefits":[{"text":"Kostenloser Installationsservice"},{"text":"Premium-Support"},{"text":"14-t\u00e4gige Geld-zur\u00fcck-Garantie"},{"text":"Kontinuierliche kostenlose Updates"}],"button_url":"#demo","button_target_blank":"0","button_nofollow":"0","attributes":[{"name":"Installiert","content":"100,000 - 500,000"},{"name":"Reaktionsfreudig","content":"Ja"},{"name":"Kompatible Browser","content":"Firefox, Safari, Opera, Chrome, Edge"}],"tags":[],"tags_disable_links":"0","hide_more_platforms":"","video_object":"","demo_hide_cta":"0","demo_hide_cloud_options":"0","pricing_title":"","pricing":[{"pricing_icon":"platform","pricing_title":"Elfsight Apps","pricing_title_caption":"Plattform\u00fcbergreifende Version, die auf jeder Website funktioniert (einschlie\u00dflich Shopify)","pricing_price":"ab 0 $ \/ Monat","pricing_price_caption":"Beginnen Sie mit dem kostenlosen Plan","pricing_benefits":[{"text":"Unbegrenzte Websites"},{"text":"Sonderangebot f\u00fcr mehrere Apps"},{"text":"Premium-Support"},{"text":"Kostenloser Installationsservice"}],"pricing_button_text":"Zur Website hinzuf\u00fcgen","pricing_button_url":"#demo"}],"related_apps_title":"","related_apps_hidden":"0","author":"","image":[],"title":"","job":"","social_networks":[]},"_links":{"self":[{"href":"https:\/\/elfsight.com\/de\/wp-json\/wp\/v2\/pages\/20582","targetHints":{"allow":["GET"]}}],"collection":[{"href":"https:\/\/elfsight.com\/de\/wp-json\/wp\/v2\/pages"}],"about":[{"href":"https:\/\/elfsight.com\/de\/wp-json\/wp\/v2\/types\/page"}],"author":[{"embeddable":true,"href":"https:\/\/elfsight.com\/de\/wp-json\/wp\/v2\/users\/9"}],"replies":[{"embeddable":true,"href":"https:\/\/elfsight.com\/de\/wp-json\/wp\/v2\/comments?post=20582"}],"version-history":[{"count":4,"href":"https:\/\/elfsight.com\/de\/wp-json\/wp\/v2\/pages\/20582\/revisions"}],"predecessor-version":[{"id":23700,"href":"https:\/\/elfsight.com\/de\/wp-json\/wp\/v2\/pages\/20582\/revisions\/23700"}],"up":[{"embeddable":true,"href":"https:\/\/elfsight.com\/de\/wp-json\/wp\/v2\/pages\/894"}],"wp:attachment":[{"href":"https:\/\/elfsight.com\/de\/wp-json\/wp\/v2\/media?parent=20582"}],"curies":[{"name":"wp","href":"https:\/\/api.w.org\/{rel}","templated":true}]}}