{"id":20576,"date":"2024-05-03T06:38:52","date_gmt":"2024-05-03T06:38:52","guid":{"rendered":"https:\/\/elfsight.com\/de\/?page_id=20576"},"modified":"2025-01-15T04:03:42","modified_gmt":"2025-01-15T04:03:42","slug":"bigcommerce","status":"publish","type":"page","link":"https:\/\/elfsight.com\/de\/google-maps-widget\/bigcommerce\/","title":{"rendered":"Google Maps &#8211; BigCommerce"},"content":{"rendered":"\n<div class=\"application-platform-content-item-description application-platform-content-item\" id=\"description\" data-nav-section=\"description\"><h2>Beschreibung<\/h2><p>Eine unkomplizierte Konfiguration, eine effektive und absolut individuelle App, die es Ihren Kunden wirklich einfach macht Standorte finden. Die erfolgreiche Gewinnung echter Kunden, die schnelle Integration und Konfiguration machen es zu einem der besten Eink\u00e4ufe f\u00fcr jede BigCommerce-Site.<\/p><p><b>Ziehen Sie mehr Offline-Besucher mit Hilfe von responsiven Karten auf Ihrer Site an!<\/b><\/p><ul><li><b>Kommen Sie n\u00e4her an Ihre Kunden<\/b>.<br>Geben Sie Ihre Kontaktinformationen preis, mit denen Ihre Kunden Sie sowohl in der Realit\u00e4t als auch online kontaktieren k\u00f6nnen.<\/li><li><b>Finden und gewinnen Sie lokale Kunden<\/b>.<br>Markieren Sie Ihren Standort, um sicherzustellen, dass Benutzer in Ihrer N\u00e4he sind und sie jederzeit den Weg zu Ihrem B\u00fcro finden k\u00f6nnen.<\/li><li><b>Zeigen Sie eine unbegrenzte Anzahl von Standorten auf einer Karte.<\/b><br>Begrenzen Sie nicht die Anzahl Ihrer Punkte auf der Karte, sondern zeigen Sie alles, was f\u00fcr Ihre Kunden n\u00fctzlich und unterhaltsam sein kann.<\/li><\/ul><\/div><div class=\"application-platform-content-item-features application-platform-content-item\" id=\"features\" data-nav-section=\"features\"><h2>Funktionen<\/h2><p>Welche Aspekte machen unsere Karte zur besten f\u00fcr alle BigCommerce-Websites?<\/p><ul><li>Neuen Standort hinzuf\u00fcgen von nur die Eingabe seiner Adresse, seines Namens oder seiner Koordinaten;<\/li><li>5 Google Maps-Ebenen: POI, Verkehr, \u00d6PNV, Fahrrad, Street View;<\/li><li>Infokarte mit maximalen Kontaktinformationen;<\/li><li>\u00dcber 20 Elemente mit anpassbaren Farben;<\/li><li>Regelm\u00e4\u00dfige Live-Updates verf\u00fcgbar.<\/li><\/ul><p><a href=\"#demo\">Studieren Sie den gesamten Satz an Merkmalen in der Editor!<\/a><\/p><\/div><div class=\"application-platform-content-item-installation application-platform-content-item\" id=\"installation\" data-nav-section=\"installation\"><h2>So f\u00fcgen Sie die Google Maps-App zur BigCommerce-Website hinzu<\/h2><div class=\"video-container\"><iframe width=\"720\" height=\"405\" src=\"https:\/\/www.youtube.com\/embed\/LuW0rgP4XHE\"><\/iframe><\/div><p>Einfach F\u00fchren Sie die folgenden Schritte aus, um die App in BigCommerce einzubetten.<\/p><ol><li><b>Nutzen Sie unseren kostenlosen Editor und beginnen Sie mit der Erstellung Ihres personalisierten Widgets. <\/b><br>Finden Sie das passende Design und die passenden Aspekte des Tools und speichern Sie die \u00c4nderungen.<\/li><li><b>Holen Sie sich den pers\u00f6nlichen Code, der im Feld auf Elfsight Apps angezeigt wird. <\/b><br>Wenn die Erstellung Ihres Google Maps-Widgets abgeschlossen ist, kopieren Sie den einzelnen Code im angezeigten Feld und speichern Sie ihn f\u00fcr einen sp\u00e4teren Zeitpunkt.<\/li><li><b>Beginnen Sie mit der Nutzung des Tools bei BigCommerce Webseite. <\/b><br>Implementieren Sie den k\u00fcrzlich kopierten Code auf Ihrer Website und speichern Sie die \u00c4nderungen.<\/li><li><b>Fertig! Die Einbettung wurde erfolgreich beendet. <\/b><br>Besuchen Sie Ihre Website, um die Funktionsweise der App zu sehen.<\/li><\/ol><p>Sind Sie beim Durchf\u00fchren des Handbuchs oder beim Erstellen einer benutzerdefinierten Karte auf Schwierigkeiten oder Probleme gesto\u00dfen? Lesen Sie das umfassende Handbuch &#8222;<a href=\"https:\/\/elfsight.com\/tutorials\/how-to-add-store-locator-to-bigcommerce\/\" target=\"_blank\" rel=\"noopener noreferrer\">So platzieren Sie einen Karte auf der BigCommerce-Website<\/a>&#8220; oder hinterlassen Sie Ihre Nachricht im Elfsight-Supportcenter und wir helfen Ihnen gerne bei der Gestaltung und dem Einf\u00fcgen von Karten auf Ihrer Website.<\/p><div class=\"faq\" data-component=\"FAQ\"><div class=\"faq-item\">\r\n\t\t\t\t\t<div class=\"faq-item-question\">\r\n\t\t\t\t\t\t<h3 class=\"faq-item-question-text\">Wie kann ich hinzuf\u00fcgen Google Maps zu meiner BigCommerce-Website ohne Programmierkenntnisse?<\/h3>\r\n\r\n\t\t\t\t\t\t<div class=\"faq-item-question-icon\"><\/div>\r\n\t\t\t\t\t<\/div>\r\n\r\n\t\t\t\t\t<div class=\"faq-item-answer\">\r\n\t\t\t\t\t\t<div class=\"faq-item-answer-text\"> die Sie gerne auf Ihrer BigCommerce-Website sehen w\u00fcrden. W\u00e4hlen Sie eine der vorgefertigten Vorlagen aus und passen Sie die Google Maps-Einstellungen an, f\u00fcgen Sie Ihre Inhalte hinzu, \u00e4ndern Sie das Layout und die Farben ohne Programmierkenntnisse. Speichern Sie Google Maps und kopieren Sie den Installationscode, damit Sie es ganz einfach in Ihre BigCommerce-Website einf\u00fcgen k\u00f6nnen, ohne ein kostenpflichtiges Abonnement kaufen zu m\u00fcssen. Mit unserem intuitiven Editor kann jeder Internetnutzer online ein Google Maps-Widget erstellen und es einfach in seine BigCommerce-Website einbetten. Sie m\u00fcssen weder bezahlen noch Ihre Kartendaten eingeben, um auf den Service zuzugreifen. Sollten bei irgendeinem Schritt Probleme auftreten, wenden Sie sich bitte an unser technisches Support-Team.<\/p> <\/div>\r\n\t\t\t\t\t<\/div>\r\n\t\t\t\t<\/div> <\/div><\/div>\n","protected":false},"excerpt":{"rendered":"","protected":false},"author":9,"featured_media":0,"parent":894,"menu_order":0,"comment_status":"closed","ping_status":"closed","template":"templates\/template-application-platform.php","meta":{"publish_to_discourse":"","publish_post_category":"","wpdc_auto_publish_overridden":"","wpdc_topic_tags":"","wpdc_pin_topic":"","wpdc_pin_until":"","discourse_post_id":"","discourse_permalink":"","wpdc_publishing_response":"","wpdc_publishing_error":"","footnotes":""},"class_list":["post-20576","page","type-page","status-publish","hentry"],"yoast_head":"<!-- This site is optimized with the Yoast SEO plugin v25.3.1 - https:\/\/yoast.com\/wordpress\/plugins\/seo\/ -->\n<title>Google Maps \u2013 Karten-App zur BigCommerce-Website hinzuf\u00fcgen<\/title>\n<meta name=\"description\" content=\"Generieren Sie eine ma\u00dfgeschneiderte Google Maps-App f\u00fcr die BigCommerce-Website. Installieren Sie umfangreiche Karten in nur 2 Minuten kostenlos im schnellsten Plugin-Editor.\" \/>\n<meta name=\"robots\" content=\"index, follow, max-snippet:-1, max-image-preview:large, max-video-preview:-1\" \/>\n<link rel=\"canonical\" href=\"https:\/\/elfsight.com\/de\/google-maps-widget\/bigcommerce\/\" \/>\n<meta property=\"og:locale\" content=\"de_DE\" \/>\n<meta property=\"og:type\" content=\"article\" \/>\n<meta property=\"og:title\" content=\"Google Maps \u2013 Karten-App zur BigCommerce-Website hinzuf\u00fcgen\" \/>\n<meta property=\"og:description\" content=\"Generieren Sie eine ma\u00dfgeschneiderte Google Maps-App f\u00fcr die BigCommerce-Website. Installieren Sie umfangreiche Karten in nur 2 Minuten kostenlos im schnellsten Plugin-Editor.\" \/>\n<meta property=\"og:url\" content=\"https:\/\/elfsight.com\/de\/google-maps-widget\/bigcommerce\/\" \/>\n<meta property=\"og:site_name\" content=\"Elfsight DE\" \/>\n<meta property=\"article:modified_time\" content=\"2025-01-15T04:03:42+00:00\" \/>\n<meta name=\"twitter:card\" content=\"summary_large_image\" \/>\n<meta name=\"twitter:label1\" content=\"Gesch\u00e4tzte Lesezeit\" \/>\n\t<meta name=\"twitter:data1\" content=\"3\u00a0Minuten\" \/>\n<!-- \/ Yoast SEO plugin. -->","yoast_head_json":{"title":"Google Maps \u2013 Karten-App zur BigCommerce-Website hinzuf\u00fcgen","description":"Generieren Sie eine ma\u00dfgeschneiderte Google Maps-App f\u00fcr die BigCommerce-Website. Installieren Sie umfangreiche Karten in nur 2 Minuten kostenlos im schnellsten Plugin-Editor.","robots":{"index":"index","follow":"follow","max-snippet":"max-snippet:-1","max-image-preview":"max-image-preview:large","max-video-preview":"max-video-preview:-1"},"canonical":"https:\/\/elfsight.com\/de\/google-maps-widget\/bigcommerce\/","og_locale":"de_DE","og_type":"article","og_title":"Google Maps \u2013 Karten-App zur BigCommerce-Website hinzuf\u00fcgen","og_description":"Generieren Sie eine ma\u00dfgeschneiderte Google Maps-App f\u00fcr die BigCommerce-Website. Installieren Sie umfangreiche Karten in nur 2 Minuten kostenlos im schnellsten Plugin-Editor.","og_url":"https:\/\/elfsight.com\/de\/google-maps-widget\/bigcommerce\/","og_site_name":"Elfsight DE","article_modified_time":"2025-01-15T04:03:42+00:00","twitter_card":"summary_large_image","twitter_misc":{"Gesch\u00e4tzte Lesezeit":"3\u00a0Minuten"},"schema":{"@context":"https:\/\/schema.org","@graph":[{"@type":"WebPage","@id":"https:\/\/elfsight.com\/de\/google-maps-widget\/bigcommerce\/","url":"https:\/\/elfsight.com\/de\/google-maps-widget\/bigcommerce\/","name":"Google Maps \u2013 Karten-App zur BigCommerce-Website hinzuf\u00fcgen","isPartOf":{"@id":"https:\/\/elfsight.com\/de\/#website"},"datePublished":"2024-05-03T06:38:52+00:00","dateModified":"2025-01-15T04:03:42+00:00","description":"Generieren Sie eine ma\u00dfgeschneiderte Google Maps-App f\u00fcr die BigCommerce-Website. Installieren Sie umfangreiche Karten in nur 2 Minuten kostenlos im schnellsten Plugin-Editor.","breadcrumb":{"@id":"https:\/\/elfsight.com\/de\/google-maps-widget\/bigcommerce\/#breadcrumb"},"inLanguage":"de","potentialAction":[{"@type":"ReadAction","target":["https:\/\/elfsight.com\/de\/google-maps-widget\/bigcommerce\/"]}]},{"@type":"BreadcrumbList","@id":"https:\/\/elfsight.com\/de\/google-maps-widget\/bigcommerce\/#breadcrumb","itemListElement":[{"@type":"ListItem","position":1,"name":"Home","item":"https:\/\/elfsight.com\/de\/"},{"@type":"ListItem","position":2,"name":"Google Maps","item":"https:\/\/elfsight.com\/de\/google-maps-widget\/"},{"@type":"ListItem","position":3,"name":"Google Maps &#8211; BigCommerce"}]},{"@type":"WebSite","@id":"https:\/\/elfsight.com\/de\/#website","url":"https:\/\/elfsight.com\/de\/","name":"Elfsight DE","description":"Just another Elfsight Sites site","potentialAction":[{"@type":"SearchAction","target":{"@type":"EntryPoint","urlTemplate":"https:\/\/elfsight.com\/de\/?s={search_term_string}"},"query-input":{"@type":"PropertyValueSpecification","valueRequired":true,"valueName":"search_term_string"}}],"inLanguage":"de"}]}},"meta_box":{"industry":"","seo_heading":"","heading":"","description":"","cta_heading":"","cta_description":"","application":"464","h1":"Google Maps-App f\u00fcr BigCommerce","h1_caption":"Betten Sie eine responsive Google-Karte ein, um Ihren Standort oder mehrere Standorte anzuzeigen und so m\u00fchelos auf Ihrer BigCommerce-Website zu navigieren.","application_category":[],"applications_title":"","applications_request_title":"","applications_request_button_text":"","hero_text":"","hero_video":"","hero_video_schema_markup":"","selling_points_title":"","selling_points_caption":"","selling_points":[],"selling_points_cta_text":"","features_title":"","features":"","ed_cta_examples_text":"","ed_cta_examples_hidden":"","ed_cta_demo_text":"","ed_cta_demo_hidden":"","why_caption":"","why_editor_title":"","why_editor_text":"","why_team_title":"","why_team_text":"","why_service_title":"","why_service_text":"","template_catalog_visible":"0","template_catalog_title":"","template_catalog_text":"","template_catalog_categories_visible":"","demo_title":"Erstellen Sie Ihre Google Maps-App","demo_caption":"Konfigurieren Sie Ihr Google Maps und f\u00fcgen Sie es kostenlos zu Ihrer BigCommerce-Website hinzu!","default_faq_hidden":"","app_template_category":[],"platform":"268","template_public_id":"","codecanyon_url":"","codecanyon_item_id":"","codecanyon_price":"","pricing_caption":"","pricing_elfsight_apps_hide_column":"","pricing_elfsight_apps_url":"","pricing_codecanyon_price_caption":"","integration_category":[],"integration_request_title":"","integration_request_cta":"","integration_platform":"","integrations":[],"platform_category":[],"video_schema_markup":"","price":"ab 0 $ \/ Monat","trial":"","benefits":[{"text":"Kostenloser Installationsservice"},{"text":"Au\u00dfergew\u00f6hnlicher Support"},{"text":"14-t\u00e4gige Geld-zur\u00fcck-Garantie"},{"text":"Regelm\u00e4\u00dfige Updates"}],"button_url":"#demo","button_target_blank":"0","button_nofollow":"0","attributes":[{"name":"Installiert","content":"100,000 - 500,000"},{"name":"Reaktionsfreudig","content":"Ja"},{"name":"Kompatible Browser","content":"Firefox, Safari, Opera, Chrome, Edge"}],"tags":[],"tags_disable_links":"0","hide_more_platforms":"","video_object":"","demo_hide_cta":"0","demo_hide_cloud_options":"0","pricing_title":"","pricing":[{"pricing_icon":"platform","pricing_title":"Elfsight Apps","pricing_title_caption":"Multiplattform-Version","pricing_price":"ab 0 $ \/ Monat","pricing_price_caption":"Beginnen Sie mit einem kostenlosen Plan","pricing_benefits":[{"text":"Unbegrenzte Domains"},{"text":"Engagierte Unternehmensunterst\u00fctzung"},{"text":"Kostenlose Installationshilfe"},{"text":"Vollst\u00e4ndig anpassbar"}],"pricing_button_text":"Zur Website hinzuf\u00fcgen","pricing_button_url":"#demo"}],"related_apps_title":"","related_apps_hidden":"0","author":"","image":[],"title":"","job":"","social_networks":[]},"_links":{"self":[{"href":"https:\/\/elfsight.com\/de\/wp-json\/wp\/v2\/pages\/20576","targetHints":{"allow":["GET"]}}],"collection":[{"href":"https:\/\/elfsight.com\/de\/wp-json\/wp\/v2\/pages"}],"about":[{"href":"https:\/\/elfsight.com\/de\/wp-json\/wp\/v2\/types\/page"}],"author":[{"embeddable":true,"href":"https:\/\/elfsight.com\/de\/wp-json\/wp\/v2\/users\/9"}],"replies":[{"embeddable":true,"href":"https:\/\/elfsight.com\/de\/wp-json\/wp\/v2\/comments?post=20576"}],"version-history":[{"count":4,"href":"https:\/\/elfsight.com\/de\/wp-json\/wp\/v2\/pages\/20576\/revisions"}],"predecessor-version":[{"id":23677,"href":"https:\/\/elfsight.com\/de\/wp-json\/wp\/v2\/pages\/20576\/revisions\/23677"}],"up":[{"embeddable":true,"href":"https:\/\/elfsight.com\/de\/wp-json\/wp\/v2\/pages\/894"}],"wp:attachment":[{"href":"https:\/\/elfsight.com\/de\/wp-json\/wp\/v2\/media?parent=20576"}],"curies":[{"name":"wp","href":"https:\/\/api.w.org\/{rel}","templated":true}]}}