{"id":20574,"date":"2024-05-03T06:38:50","date_gmt":"2024-05-03T06:38:50","guid":{"rendered":"https:\/\/elfsight.com\/de\/?page_id=20574"},"modified":"2025-01-15T04:09:59","modified_gmt":"2025-01-15T04:09:59","slug":"drupal","status":"publish","type":"page","link":"https:\/\/elfsight.com\/de\/google-maps-widget\/drupal\/","title":{"rendered":"Google Maps &#8211; Drupal"},"content":{"rendered":"\n<div class=\"application-platform-content-item-description application-platform-content-item\" id=\"description\" data-nav-section=\"description\"><h2>Beschreibung<\/h2>Ein einfach hinzuzuf\u00fcgendes, funktionales und vollst\u00e4ndig angepasstes Instrument, das die Suche nach Standorten f\u00fcr Ihre Benutzer wirklich einfach macht. Die einfache Installation und Anpassung der Benutzeroberfl\u00e4che f\u00fchrt dazu, dass echte Kunden angezogen werden, und macht es zu einem der besten Tools f\u00fcr jede Drupal-Site. <b>Gestalten Sie mehr echte Kunden mit intelligenten Karten auf Ihrer Website!<\/b><ul> <li><b>Mehr Kontakte von K\u00e4ufern bilden Ihre Website<\/b>. F\u00fcgen Sie detaillierte Kontaktinformationen hinzu (Standort, Telefon, \u00d6ffnungszeiten des Messengers, Gesch\u00e4ftszeiten usw.), damit Ihre potenziellen Kunden jederzeit mit Ihnen in Kontakt treten k\u00f6nnen sie so.<\/li> <li><b>Zeigen Sie eine vollst\u00e4ndige Liste Ihrer Abteilungen auf der Karte<\/b>. F\u00fcgen Sie auf der Karte alle verf\u00fcgbaren Punkte, Orte zum Verkauf oder zur Warenkommissionierung hinzu und bieten Sie Ihren Kunden die gr\u00f6\u00dftm\u00f6gliche Benutzerfreundlichkeit -freundlicher Standort, und die Benutzer werden zufrieden sein.<\/li> <li><b>Automatische Routenzeichnung zu Ihrer Adresse<\/b>. Erlauben Sie Kunden nicht, Ihre Website zu verlassen, wenn sie fast bereit sind, Sie zu kontaktieren. Erstellen Sie die Route zu Ihrem Ort f\u00fcr alle Benutzer direkt auf der Karte!<\/li><\/ul><\/div><div class=\"application-platform-content-item-features application-platform-content-item\" id=\"features\" data-nav-section=\"features\"><h2>Funktionen<\/h2>Diese Vorteile machen die Elfsight-Karte zur besten f\u00fcr jede Drupal-Site?<ul> <li>Verschiedene Standortmarkierungen f\u00fcr interaktive Karte;<\/li> <li>4 Kartentypen: Roadmap, Satellit, Hybrid, Gel\u00e4nde;<\/li> <li>Titel des Standortfelds bearbeiten und ausw\u00e4hlen Elemente;<\/li> <li>3 Markierungsanimationstypen;<\/li> <li>\u00dcber 60 Sprachen werden unterst\u00fctzt.<\/li><\/ul><a href=\"#demo\">Entdecken Sie alle Vorteile des Editor!<\/a><\/div><div class=\"application-platform-content-item-installation application-platform-content-item\" id=\"installation\" data-nav-section=\"installation\"><h2>So f\u00fcgen Sie das Google Maps-Modul zur Drupal-Website hinzu<\/h2><div class=\"video-container\"><iframe width=\"560\" height=\"315\" src=\"https:\/\/www.youtube.com\/embed\/zgDr5Jq1KQE?si=QzpG30Bfj0scfdWU\" frameborder=\"0\" allow=\"accelerometer; autoplay; clipboard-write; encrypted-media; gyroscope; picture-in-picture; web-share\" allowfullscreen><\/iframe><\/div>F\u00fchren Sie einfach die unten angegebenen Schritte aus, um das einzuf\u00fcgen Tool auf Drupal.<ol> <li><b>Nutzen Sie unseren kostenlosen Editor und beginnen Sie mit der Gestaltung Ihres individuellen Moduls. <\/b>Bestimmen Sie das benutzerdefinierte Erscheinungsbild und die Parameter des Moduls und wenden Sie die Korrekturen an.<\/li> <li><b>Lassen Sie den einzelnen Code im Fenster von Elfsight Apps sichtbar machen. <\/b>Sobald die Konfiguration Ihres Google Maps-Moduls abgeschlossen ist, kopieren Sie den exklusiven Code aus dem angezeigten Feld und bewahren Sie ihn f\u00fcr einen sp\u00e4teren Bedarf auf.<\/li> <li><b>Initiieren Sie die Nutzung des Tools auf der Drupal-Site. <\/b>Implementieren Sie den k\u00fcrzlich gespeicherten Code auf Ihrer Seite und speichern Sie die Verbesserungen.<\/li> <li><b>Fertig! Die Integration wurde erfolgreich abgeschlossen. <\/b>Besuchen Sie Ihre Website, um die Funktionsweise des Moduls zu \u00fcberpr\u00fcfen.<\/li><\/ol>Haben Sie Schwierigkeiten oder Fragen bei der Durchf\u00fchrung der Anleitung oder der Einrichtung einer einzigartigen Karte? Sehen Sie sich das ausf\u00fchrliche Tutorial an: F\u00fcgen Sie eine Karte in die Drupal-Website ein<\/a>\u00bb oder wenden Sie sich an den Kundensupport. Unsere Entwickler helfen Ihnen gerne beim Entwerfen und Hinzuf\u00fcgen von Karten auf Ihrer Website.<div class=\"faq\" data-component=\"FAQ\"><div class=\"faq-item\">\r\n\t\t\t\t\t<div class=\"faq-item-question\">\r\n\t\t\t\t\t\t<h3 class=\"faq-item-question-text\">Wie kann ich Google Maps zu meinem Drupal hinzuf\u00fcgen? Website ohne Programmierkenntnisse?<\/h3>\r\n\r\n\t\t\t\t\t\t<div class=\"faq-item-question-icon\"><\/div>\r\n\t\t\t\t\t<\/div>\r\n\r\n\t\t\t\t\t<div class=\"faq-item-answer\">\r\n\t\t\t\t\t\t<div class=\"faq-item-answer-text\"> <p>Elfsight bietet eine SaaS-L\u00f6sung, mit der Sie selbst ein Google Maps-Widget erstellen k\u00f6nnen. Sehen Sie, wie einfach der Vorgang ist: Arbeiten Sie direkt im Online-Editor, um ein Google Maps-Widget zu erstellen, auf dem Sie es sehen m\u00f6chten Ihre Drupal-Website. W\u00e4hlen Sie eine der vorgefertigten Vorlagen aus und passen Sie die Google Maps-Einstellungen an, f\u00fcgen Sie Ihre Inhalte hinzu, \u00e4ndern Sie das Layout und die Farben ohne Programmierkenntnisse. Speichern Sie Google Maps und kopieren Sie den Installationscode, den Sie problemlos in Ihre Drupal-Website einf\u00fcgen k\u00f6nnen, ohne ein kostenpflichtiges Abonnement kaufen zu m\u00fcssen. Mit unserem intuitiven Editor kann jeder Internetnutzer online ein Google Maps-Widget erstellen und es einfach in seine Drupal-Website einbetten. Sie m\u00fcssen weder bezahlen noch Ihre Kartendaten eingeben, um auf den Service zuzugreifen. Sollten bei irgendeinem Schritt Probleme auftreten, wenden Sie sich bitte an unser technisches Support-Team.<\/p> <\/div>\r\n\t\t\t\t\t<\/div>\r\n\t\t\t\t<\/div> <\/div><\/div>\n","protected":false},"excerpt":{"rendered":"","protected":false},"author":9,"featured_media":0,"parent":894,"menu_order":0,"comment_status":"closed","ping_status":"closed","template":"templates\/template-application-platform.php","meta":{"publish_to_discourse":"","publish_post_category":"","wpdc_auto_publish_overridden":"","wpdc_topic_tags":"","wpdc_pin_topic":"","wpdc_pin_until":"","discourse_post_id":"","discourse_permalink":"","wpdc_publishing_response":"","wpdc_publishing_error":"","footnotes":""},"class_list":["post-20574","page","type-page","status-publish","hentry"],"yoast_head":"<!-- This site is optimized with the Yoast SEO plugin v25.3.1 - https:\/\/yoast.com\/wordpress\/plugins\/seo\/ -->\n<title>Google Maps \u2013 Kartenmodul zur Drupal-Website hinzuf\u00fcgen<\/title>\n<meta name=\"description\" content=\"Entwerfen Sie ein angepasstes Google Maps-Modul f\u00fcr die Drupal-Site. F\u00fcgen Sie umfangreiche Karten in nur 1 Minute kostenlos im einfachsten Plugin-Editor ein.\" \/>\n<meta name=\"robots\" content=\"index, follow, max-snippet:-1, max-image-preview:large, max-video-preview:-1\" \/>\n<link rel=\"canonical\" href=\"https:\/\/elfsight.com\/de\/google-maps-widget\/drupal\/\" \/>\n<meta property=\"og:locale\" content=\"de_DE\" \/>\n<meta property=\"og:type\" content=\"article\" \/>\n<meta property=\"og:title\" content=\"Google Maps \u2013 Kartenmodul zur Drupal-Website hinzuf\u00fcgen\" \/>\n<meta property=\"og:description\" content=\"Entwerfen Sie ein angepasstes Google Maps-Modul f\u00fcr die Drupal-Site. F\u00fcgen Sie umfangreiche Karten in nur 1 Minute kostenlos im einfachsten Plugin-Editor ein.\" \/>\n<meta property=\"og:url\" content=\"https:\/\/elfsight.com\/de\/google-maps-widget\/drupal\/\" \/>\n<meta property=\"og:site_name\" content=\"Elfsight DE\" \/>\n<meta property=\"article:modified_time\" content=\"2025-01-15T04:09:59+00:00\" \/>\n<meta name=\"twitter:card\" content=\"summary_large_image\" \/>\n<meta name=\"twitter:label1\" content=\"Gesch\u00e4tzte Lesezeit\" \/>\n\t<meta name=\"twitter:data1\" content=\"4\u00a0Minuten\" \/>\n<!-- \/ Yoast SEO plugin. -->","yoast_head_json":{"title":"Google Maps \u2013 Kartenmodul zur Drupal-Website hinzuf\u00fcgen","description":"Entwerfen Sie ein angepasstes Google Maps-Modul f\u00fcr die Drupal-Site. F\u00fcgen Sie umfangreiche Karten in nur 1 Minute kostenlos im einfachsten Plugin-Editor ein.","robots":{"index":"index","follow":"follow","max-snippet":"max-snippet:-1","max-image-preview":"max-image-preview:large","max-video-preview":"max-video-preview:-1"},"canonical":"https:\/\/elfsight.com\/de\/google-maps-widget\/drupal\/","og_locale":"de_DE","og_type":"article","og_title":"Google Maps \u2013 Kartenmodul zur Drupal-Website hinzuf\u00fcgen","og_description":"Entwerfen Sie ein angepasstes Google Maps-Modul f\u00fcr die Drupal-Site. F\u00fcgen Sie umfangreiche Karten in nur 1 Minute kostenlos im einfachsten Plugin-Editor ein.","og_url":"https:\/\/elfsight.com\/de\/google-maps-widget\/drupal\/","og_site_name":"Elfsight DE","article_modified_time":"2025-01-15T04:09:59+00:00","twitter_card":"summary_large_image","twitter_misc":{"Gesch\u00e4tzte Lesezeit":"4\u00a0Minuten"},"schema":{"@context":"https:\/\/schema.org","@graph":[{"@type":"WebPage","@id":"https:\/\/elfsight.com\/de\/google-maps-widget\/drupal\/","url":"https:\/\/elfsight.com\/de\/google-maps-widget\/drupal\/","name":"Google Maps \u2013 Kartenmodul zur Drupal-Website hinzuf\u00fcgen","isPartOf":{"@id":"https:\/\/elfsight.com\/de\/#website"},"datePublished":"2024-05-03T06:38:50+00:00","dateModified":"2025-01-15T04:09:59+00:00","description":"Entwerfen Sie ein angepasstes Google Maps-Modul f\u00fcr die Drupal-Site. F\u00fcgen Sie umfangreiche Karten in nur 1 Minute kostenlos im einfachsten Plugin-Editor ein.","breadcrumb":{"@id":"https:\/\/elfsight.com\/de\/google-maps-widget\/drupal\/#breadcrumb"},"inLanguage":"de","potentialAction":[{"@type":"ReadAction","target":["https:\/\/elfsight.com\/de\/google-maps-widget\/drupal\/"]}]},{"@type":"BreadcrumbList","@id":"https:\/\/elfsight.com\/de\/google-maps-widget\/drupal\/#breadcrumb","itemListElement":[{"@type":"ListItem","position":1,"name":"Home","item":"https:\/\/elfsight.com\/de\/"},{"@type":"ListItem","position":2,"name":"Google Maps","item":"https:\/\/elfsight.com\/de\/google-maps-widget\/"},{"@type":"ListItem","position":3,"name":"Google Maps &#8211; Drupal"}]},{"@type":"WebSite","@id":"https:\/\/elfsight.com\/de\/#website","url":"https:\/\/elfsight.com\/de\/","name":"Elfsight DE","description":"Just another Elfsight Sites site","potentialAction":[{"@type":"SearchAction","target":{"@type":"EntryPoint","urlTemplate":"https:\/\/elfsight.com\/de\/?s={search_term_string}"},"query-input":{"@type":"PropertyValueSpecification","valueRequired":true,"valueName":"search_term_string"}}],"inLanguage":"de"}]}},"meta_box":{"industry":"","seo_heading":"","heading":"","description":"","cta_heading":"","cta_description":"","application":"464","h1":"Google Maps-Modul f\u00fcr Drupal","h1_caption":"Betten Sie eine responsive Google-Karte ein, um Ihren Standort oder mehrere Standorte anzuzeigen und so m\u00fchelos auf Ihrer Drupal-Website zu navigieren.","application_category":[],"applications_title":"","applications_request_title":"","applications_request_button_text":"","hero_text":"","hero_video":"","hero_video_schema_markup":"","selling_points_title":"","selling_points_caption":"","selling_points":[],"selling_points_cta_text":"","features_title":"","features":"","ed_cta_examples_text":"","ed_cta_examples_hidden":"","ed_cta_demo_text":"","ed_cta_demo_hidden":"","why_caption":"","why_editor_title":"","why_editor_text":"","why_team_title":"","why_team_text":"","why_service_title":"","why_service_text":"","template_catalog_visible":"0","template_catalog_title":"","template_catalog_text":"","template_catalog_categories_visible":"","demo_title":"Erstellen Sie Ihr Google Maps-Modul","demo_caption":"Konfigurieren Sie Ihr Google Maps und f\u00fcgen Sie es kostenlos zu Ihrer Drupal-Website hinzu!","default_faq_hidden":"","app_template_category":[],"platform":"261","template_public_id":"","codecanyon_url":"","codecanyon_item_id":"","codecanyon_price":"","pricing_caption":"","pricing_elfsight_apps_hide_column":"","pricing_elfsight_apps_url":"","pricing_codecanyon_price_caption":"","integration_category":[],"integration_request_title":"","integration_request_cta":"","integration_platform":"","integrations":[],"platform_category":[],"video_schema_markup":"","price":"ab 0 $ \/ Monat","trial":"","benefits":[{"text":"Kostenloser Installationsservice"},{"text":"Premium-Support"},{"text":"14-t\u00e4gige R\u00fcckerstattungsgarantie"},{"text":"Zuk\u00fcnftige kostenlose Verbesserungen"}],"button_url":"#demo","button_target_blank":"0","button_nofollow":"0","attributes":[{"name":"Installiert","content":"100,000 - 500,000"},{"name":"Reaktionsfreudig","content":"Ja"},{"name":"Kompatible Browser","content":"Firefox, Safari, Opera, Chrome, Edge"}],"tags":[],"tags_disable_links":"0","hide_more_platforms":"","video_object":"","demo_hide_cta":"0","demo_hide_cloud_options":"0","pricing_title":"","pricing":[{"pricing_icon":"platform","pricing_title":"Elfsight Apps","pricing_title_caption":"Plattform\u00fcbergreifende Software, die f\u00fcr jede Website geeignet ist","pricing_price":"ab 0 $ \/ Monat","pricing_price_caption":"Beginnen Sie mit einem kostenlosen Plan","pricing_benefits":[{"text":"Unbegrenzte Domains"},{"text":"Professionelle und p\u00fcnktliche Unterst\u00fctzung"},{"text":"Kostenlose Installationsunterst\u00fctzung"},{"text":"Sonderangebot f\u00fcr mehrere Apps"}],"pricing_button_text":"Zur Website hinzuf\u00fcgen","pricing_button_url":"#demo"}],"related_apps_title":"","related_apps_hidden":"0","author":"","image":[],"title":"","job":"","social_networks":[]},"_links":{"self":[{"href":"https:\/\/elfsight.com\/de\/wp-json\/wp\/v2\/pages\/20574","targetHints":{"allow":["GET"]}}],"collection":[{"href":"https:\/\/elfsight.com\/de\/wp-json\/wp\/v2\/pages"}],"about":[{"href":"https:\/\/elfsight.com\/de\/wp-json\/wp\/v2\/types\/page"}],"author":[{"embeddable":true,"href":"https:\/\/elfsight.com\/de\/wp-json\/wp\/v2\/users\/9"}],"replies":[{"embeddable":true,"href":"https:\/\/elfsight.com\/de\/wp-json\/wp\/v2\/comments?post=20574"}],"version-history":[{"count":3,"href":"https:\/\/elfsight.com\/de\/wp-json\/wp\/v2\/pages\/20574\/revisions"}],"predecessor-version":[{"id":23681,"href":"https:\/\/elfsight.com\/de\/wp-json\/wp\/v2\/pages\/20574\/revisions\/23681"}],"up":[{"embeddable":true,"href":"https:\/\/elfsight.com\/de\/wp-json\/wp\/v2\/pages\/894"}],"wp:attachment":[{"href":"https:\/\/elfsight.com\/de\/wp-json\/wp\/v2\/media?parent=20574"}],"curies":[{"name":"wp","href":"https:\/\/api.w.org\/{rel}","templated":true}]}}