{"id":20568,"date":"2024-05-03T06:38:48","date_gmt":"2024-05-03T06:38:48","guid":{"rendered":"https:\/\/elfsight.com\/de\/?page_id=20568"},"modified":"2025-01-15T04:16:47","modified_gmt":"2025-01-15T04:16:47","slug":"joomla","status":"publish","type":"page","link":"https:\/\/elfsight.com\/de\/google-maps-widget\/joomla\/","title":{"rendered":"Google Maps &#8211; Joomla"},"content":{"rendered":"\n<div class=\"application-platform-content-item-description application-platform-content-item\" id=\"description\" data-nav-section=\"description\"><h2>Beschreibung<\/h2>Die einfach zu installierende, universelle und vollst\u00e4ndig benutzerdefinierte Erweiterung erleichtert Ihren Kunden die Suche nach Standorten auf der Karte erheblich. Die Anziehung von mehr Offline-Kunden sowie die einfache Integration und Konfiguration machen es zu einem der besten Tools f\u00fcr Ihre Joomla-Site. <b>Generieren Sie mehr Offline-Kunden mit Hilfe der besten Karten auf Ihrer Site!<\/b><ul> <li><b>St\u00e4rken Sie die Interaktion Ihrer Kunden mit Karten<\/b>. Gestalten Sie Ihre Karte so, dass sie f\u00fcr Besucher n\u00fctzlich ist, und zeigen Sie sie auf Ihrer Website an, damit Kunden Ihre Kontaktdaten effizient nutzen k\u00f6nnen.<\/li> <li><b>Suchen und gewinnen Sie regionale K\u00e4ufer.<\/b> Zeigen Sie Ihren Standort, damit Kunden verstehen, dass Sie in der N\u00e4he sind und sie schnell zu Ihrem B\u00fcro gelangen k\u00f6nnen.<\/li> <li><b>Bringen Sie Ihre nicht mit Aufwand beim Erstellen von Karten.<\/b> Alle Einstellungen \u00f6ffnen sich mit nur wenigen Mausklicks. Generieren Sie die maximal produktive Karte f\u00fcr Ihre Website in nur wenigen Sekunden.<\/li><\/ul><\/div><div class=\"application-platform-content-item-features application-platform-content-item\" id=\"features\" data-nav-section=\"features\"> <h2>Funktionen<\/h2>Welche besonderen Eigenschaften machen die Elfsight-Karte zur besten f\u00fcr Ihre Joomla-Site?<ul> <li>Verschiedene Standortmarkierungen f\u00fcr interaktive Karte;<\/li> <li>4 Kartentypen: Roadmap, Satellit, Hybrid , Gel\u00e4nde;<\/li> <li>Standortfeld anzeigen\/ausblenden, um mehrere Abteilungen aufzulisten;<\/li> <li>Umschaltbares Ziehen und Scrollen zur Skalierung;<\/li> <li>\u00dcber 60 Sprachen werden unterst\u00fctzt.<\/li> <\/ul><a href=\"#demo\">Vollst\u00e4ndiger Satz an Eigenschaften im Editor anzeigen!<\/a><\/div><div class=\"application-platform-content-item-installation application-platform-content-item\" id=\"installation\" data-nav-section=\"installation\"><h2>So f\u00fcgen Sie die Google Maps-Erweiterung zur Joomla-Website hinzu <\/h2><div class=\"video-container\"><iframe width=\"560\" height=\"315\" src=\"https:\/\/www.youtube.com\/embed\/WIxFpRvG5Q0?si=MuD9ZhEzXbZFFbcZ\" frameborder=\"0\" allow=\"accelerometer; autoplay; clipboard-write; encrypted-media; gyroscope; picture-in-picture; web-share\" allowfullscreen><\/iframe><\/div>F\u00fchren Sie einfach die folgenden Schritte aus, um die Erweiterung in Joomla einzubetten.<ol> <li><b>F\u00fchren Sie unsere kostenlose Demo durch und beginnen Sie mit der Gestaltung Ihres personalisierten Plugins. <\/b>Geben Sie das bevorzugte Design und die bevorzugten Funktionen der Maps-Erweiterung an und speichern Sie die \u00c4nderungen.<\/li> <li><b>Sie erhalten Ihren pers\u00f6nlichen Code im speziellen Formular auf Elfsight Apps. <\/b>Wenn die Einrichtung Ihrer pers\u00f6nlichen Erweiterung abgeschlossen ist, kopieren Sie den pers\u00f6nlichen Code im angezeigten Popup und speichern Sie ihn zur weiteren Verwendung.<\/li> <li><b>Geben Sie die Verwendung des Tools auf Ihrer Joomla-Website ein. <\/b>F\u00fcgen Sie den zuvor gespeicherten Code in Ihre Website ein und \u00fcbernehmen Sie die \u00c4nderungen.<\/li> <li><b>Fertig! Die Einbettung wurde erfolgreich durchgef\u00fchrt. <\/b>Besuchen Sie Ihre Website, um die Leistung der Erweiterung zu \u00fcberpr\u00fcfen.<\/li><\/ol>Haben Sie Schwierigkeiten oder Fragen, w\u00e4hrend Sie dem Tutorial folgen oder eine pers\u00f6nliche Karte einrichten? Lesen Sie die ausf\u00fchrliche Anleitung &#8222;<a href=\"https:\/\/elfsight.com\/tutorials\/how-to-add-google-maps-builder-to-joomla\/\" target=\"_blank\" rel=\"noopener noreferrer\">Anleitung F\u00fcgen Sie eine Karte auf der Joomla-Website hinzu<\/a>&#8220; oder schreiben Sie an den Kundensupport. Elfsight ber\u00e4t Sie gerne beim Erstellen und Hinzuf\u00fcgen von Karten auf Ihrer Website.<div class=\"faq\" data-component=\"FAQ\"><div class=\"faq-item\">\r\n\t\t\t\t\t<div class=\"faq-item-question\">\r\n\t\t\t\t\t\t<h3 class=\"faq-item-question-text\">Wie kann ich Google Maps zu meinem Joomla hinzuf\u00fcgen? Website ohne Programmierkenntnisse?<\/h3>\r\n\r\n\t\t\t\t\t\t<div class=\"faq-item-question-icon\"><\/div>\r\n\t\t\t\t\t<\/div>\r\n\r\n\t\t\t\t\t<div class=\"faq-item-answer\">\r\n\t\t\t\t\t\t<div class=\"faq-item-answer-text\"> <p>Elfsight bietet eine SaaS-L\u00f6sung, mit der Sie selbst ein Google Maps-Widget erstellen k\u00f6nnen. Sehen Sie, wie einfach der Vorgang ist: Arbeiten Sie direkt im Online-Editor, um ein Google Maps-Widget zu erstellen, auf dem Sie es sehen m\u00f6chten Ihre Joomla-Website. W\u00e4hlen Sie eine der vorgefertigten Vorlagen aus und passen Sie die Google Maps-Einstellungen an, f\u00fcgen Sie Ihre Inhalte hinzu, \u00e4ndern Sie das Layout und die Farben ohne Programmierkenntnisse. Speichern Sie Google Maps und kopieren Sie den Installationscode, den Sie m\u00fchelos in Ihre Joomla-Website integrieren k\u00f6nnen, ohne ein kostenpflichtiges Abonnement zu kaufen. Mit unserem intuitiven Editor kann jeder Internetnutzer online ein Google Maps-Widget erstellen und es einfach in seine Joomla-Website einbetten. Sie m\u00fcssen weder bezahlen noch Ihre Kartendaten eingeben, um auf den Service zuzugreifen. Sollten bei irgendeinem Schritt Probleme auftreten, wenden Sie sich bitte an unser technisches Support-Team.<\/p> <\/div>\r\n\t\t\t\t\t<\/div>\r\n\t\t\t\t<\/div> <\/div><\/div>\n\n\n<p><iframe width=\"720\" height=\"405\" src=\"https:\/\/www.youtube.com\/embed\/WIxFpRvG5Q0\" frameborder=\"0\" allowfullscreen=\"\"><\/iframe><\/p>","protected":false},"excerpt":{"rendered":"","protected":false},"author":9,"featured_media":0,"parent":894,"menu_order":0,"comment_status":"closed","ping_status":"closed","template":"templates\/template-application-platform.php","meta":{"publish_to_discourse":"","publish_post_category":"","wpdc_auto_publish_overridden":"","wpdc_topic_tags":"","wpdc_pin_topic":"","wpdc_pin_until":"","discourse_post_id":"","discourse_permalink":"","wpdc_publishing_response":"","wpdc_publishing_error":"","footnotes":""},"class_list":["post-20568","page","type-page","status-publish","hentry"],"yoast_head":"<!-- This site is optimized with the Yoast SEO plugin v25.3.1 - https:\/\/yoast.com\/wordpress\/plugins\/seo\/ -->\n<title>Google Maps \u2013 Kartenerweiterung zur Joomla-Website hinzuf\u00fcgen<\/title>\n<meta name=\"description\" content=\"Probieren Sie eine ma\u00dfgeschneiderte Google Maps-Erweiterung f\u00fcr die Joomla-Website aus. F\u00fcgen Sie in der einfachsten Plugin-Demo kostenlos interaktive Karten in nur 2 Minuten ein.\" \/>\n<meta name=\"robots\" content=\"index, follow, max-snippet:-1, max-image-preview:large, max-video-preview:-1\" \/>\n<link rel=\"canonical\" href=\"https:\/\/elfsight.com\/de\/google-maps-widget\/joomla\/\" \/>\n<meta property=\"og:locale\" content=\"de_DE\" \/>\n<meta property=\"og:type\" content=\"article\" \/>\n<meta property=\"og:title\" content=\"Google Maps \u2013 Kartenerweiterung zur Joomla-Website hinzuf\u00fcgen\" \/>\n<meta property=\"og:description\" content=\"Probieren Sie eine ma\u00dfgeschneiderte Google Maps-Erweiterung f\u00fcr die Joomla-Website aus. F\u00fcgen Sie in der einfachsten Plugin-Demo kostenlos interaktive Karten in nur 2 Minuten ein.\" \/>\n<meta property=\"og:url\" content=\"https:\/\/elfsight.com\/de\/google-maps-widget\/joomla\/\" \/>\n<meta property=\"og:site_name\" content=\"Elfsight DE\" \/>\n<meta property=\"article:modified_time\" content=\"2025-01-15T04:16:47+00:00\" \/>\n<meta name=\"twitter:card\" content=\"summary_large_image\" \/>\n<meta name=\"twitter:label1\" content=\"Gesch\u00e4tzte Lesezeit\" \/>\n\t<meta name=\"twitter:data1\" content=\"3\u00a0Minuten\" \/>\n<!-- \/ Yoast SEO plugin. -->","yoast_head_json":{"title":"Google Maps \u2013 Kartenerweiterung zur Joomla-Website hinzuf\u00fcgen","description":"Probieren Sie eine ma\u00dfgeschneiderte Google Maps-Erweiterung f\u00fcr die Joomla-Website aus. F\u00fcgen Sie in der einfachsten Plugin-Demo kostenlos interaktive Karten in nur 2 Minuten ein.","robots":{"index":"index","follow":"follow","max-snippet":"max-snippet:-1","max-image-preview":"max-image-preview:large","max-video-preview":"max-video-preview:-1"},"canonical":"https:\/\/elfsight.com\/de\/google-maps-widget\/joomla\/","og_locale":"de_DE","og_type":"article","og_title":"Google Maps \u2013 Kartenerweiterung zur Joomla-Website hinzuf\u00fcgen","og_description":"Probieren Sie eine ma\u00dfgeschneiderte Google Maps-Erweiterung f\u00fcr die Joomla-Website aus. F\u00fcgen Sie in der einfachsten Plugin-Demo kostenlos interaktive Karten in nur 2 Minuten ein.","og_url":"https:\/\/elfsight.com\/de\/google-maps-widget\/joomla\/","og_site_name":"Elfsight DE","article_modified_time":"2025-01-15T04:16:47+00:00","twitter_card":"summary_large_image","twitter_misc":{"Gesch\u00e4tzte Lesezeit":"3\u00a0Minuten"},"schema":{"@context":"https:\/\/schema.org","@graph":[{"@type":"WebPage","@id":"https:\/\/elfsight.com\/de\/google-maps-widget\/joomla\/","url":"https:\/\/elfsight.com\/de\/google-maps-widget\/joomla\/","name":"Google Maps \u2013 Kartenerweiterung zur Joomla-Website hinzuf\u00fcgen","isPartOf":{"@id":"https:\/\/elfsight.com\/de\/#website"},"datePublished":"2024-05-03T06:38:48+00:00","dateModified":"2025-01-15T04:16:47+00:00","description":"Probieren Sie eine ma\u00dfgeschneiderte Google Maps-Erweiterung f\u00fcr die Joomla-Website aus. F\u00fcgen Sie in der einfachsten Plugin-Demo kostenlos interaktive Karten in nur 2 Minuten ein.","breadcrumb":{"@id":"https:\/\/elfsight.com\/de\/google-maps-widget\/joomla\/#breadcrumb"},"inLanguage":"de","potentialAction":[{"@type":"ReadAction","target":["https:\/\/elfsight.com\/de\/google-maps-widget\/joomla\/"]}]},{"@type":"BreadcrumbList","@id":"https:\/\/elfsight.com\/de\/google-maps-widget\/joomla\/#breadcrumb","itemListElement":[{"@type":"ListItem","position":1,"name":"Home","item":"https:\/\/elfsight.com\/de\/"},{"@type":"ListItem","position":2,"name":"Google Maps","item":"https:\/\/elfsight.com\/de\/google-maps-widget\/"},{"@type":"ListItem","position":3,"name":"Google Maps &#8211; Joomla"}]},{"@type":"WebSite","@id":"https:\/\/elfsight.com\/de\/#website","url":"https:\/\/elfsight.com\/de\/","name":"Elfsight DE","description":"Just another Elfsight Sites site","potentialAction":[{"@type":"SearchAction","target":{"@type":"EntryPoint","urlTemplate":"https:\/\/elfsight.com\/de\/?s={search_term_string}"},"query-input":{"@type":"PropertyValueSpecification","valueRequired":true,"valueName":"search_term_string"}}],"inLanguage":"de"}]}},"meta_box":{"industry":"","seo_heading":"","heading":"","description":"","cta_heading":"","cta_description":"","application":"464","h1":"Google Maps-Erweiterung f\u00fcr Joomla","h1_caption":"Betten Sie eine responsive Google-Karte ein, um Ihren Standort oder mehrere Standorte anzuzeigen und so m\u00fchelos auf Ihrer Joomla-Website zu navigieren.","application_category":[],"applications_title":"","applications_request_title":"","applications_request_button_text":"","hero_text":"","hero_video":"","hero_video_schema_markup":"","selling_points_title":"","selling_points_caption":"","selling_points":[],"selling_points_cta_text":"","features_title":"","features":"","ed_cta_examples_text":"","ed_cta_examples_hidden":"","ed_cta_demo_text":"","ed_cta_demo_hidden":"","why_caption":"","why_editor_title":"","why_editor_text":"","why_team_title":"","why_team_text":"","why_service_title":"","why_service_text":"","template_catalog_visible":"0","template_catalog_title":"","template_catalog_text":"","template_catalog_categories_visible":"","demo_title":"Erstellen Sie Ihr Google Maps-Plugin","demo_caption":"Konfigurieren Sie Ihr Google Maps und f\u00fcgen Sie es kostenlos zu Ihrer Joomla-Website hinzu!","default_faq_hidden":"","app_template_category":[],"platform":"259","template_public_id":"","codecanyon_url":"","codecanyon_item_id":"","codecanyon_price":"","pricing_caption":"","pricing_elfsight_apps_hide_column":"","pricing_elfsight_apps_url":"","pricing_codecanyon_price_caption":"","integration_category":[],"integration_request_title":"","integration_request_cta":"","integration_platform":"","integrations":[],"platform_category":[],"video_schema_markup":"","price":"ab 0 $ \/ Monat","trial":"","benefits":[{"text":"Kostenloser Installationsservice"},{"text":"Kompetenter Kundensupport"},{"text":"14-t\u00e4gige R\u00fcckerstattungsgarantie"},{"text":"St\u00e4ndige Aktualisierung"}],"button_url":"#demo","button_target_blank":"0","button_nofollow":"0","attributes":[{"name":"Installiert","content":"100,000 - 500,000"},{"name":"Reaktionsfreudig","content":"Ja"},{"name":"Kompatible Browser","content":"Firefox, Safari, Opera, Chrome, Edge"}],"tags":[],"tags_disable_links":"0","hide_more_platforms":"","video_object":"","demo_hide_cta":"0","demo_hide_cloud_options":"0","pricing_title":"","pricing":[{"pricing_icon":"platform","pricing_title":"Elfsight Apps","pricing_title_caption":"Plattformunabh\u00e4ngige Version, die auf jeder Site funktioniert","pricing_price":"ab 0 $ \/ Monat","pricing_price_caption":"Beginnen Sie mit einem kostenlosen Plan","pricing_benefits":[{"text":"Unbegrenzte Websites"},{"text":"Support rund um die Uhr"},{"text":"Kostenloser Installationsservice"},{"text":"Sonderangebot f\u00fcr mehrere Apps"}],"pricing_button_text":"Zur Website hinzuf\u00fcgen","pricing_button_url":"#demo"}],"related_apps_title":"","related_apps_hidden":"0","author":"","image":[],"title":"","job":"","social_networks":[]},"_links":{"self":[{"href":"https:\/\/elfsight.com\/de\/wp-json\/wp\/v2\/pages\/20568","targetHints":{"allow":["GET"]}}],"collection":[{"href":"https:\/\/elfsight.com\/de\/wp-json\/wp\/v2\/pages"}],"about":[{"href":"https:\/\/elfsight.com\/de\/wp-json\/wp\/v2\/types\/page"}],"author":[{"embeddable":true,"href":"https:\/\/elfsight.com\/de\/wp-json\/wp\/v2\/users\/9"}],"replies":[{"embeddable":true,"href":"https:\/\/elfsight.com\/de\/wp-json\/wp\/v2\/comments?post=20568"}],"version-history":[{"count":4,"href":"https:\/\/elfsight.com\/de\/wp-json\/wp\/v2\/pages\/20568\/revisions"}],"predecessor-version":[{"id":23686,"href":"https:\/\/elfsight.com\/de\/wp-json\/wp\/v2\/pages\/20568\/revisions\/23686"}],"up":[{"embeddable":true,"href":"https:\/\/elfsight.com\/de\/wp-json\/wp\/v2\/pages\/894"}],"wp:attachment":[{"href":"https:\/\/elfsight.com\/de\/wp-json\/wp\/v2\/media?parent=20568"}],"curies":[{"name":"wp","href":"https:\/\/api.w.org\/{rel}","templated":true}]}}