{"id":20567,"date":"2024-05-03T06:38:47","date_gmt":"2024-05-03T06:38:47","guid":{"rendered":"https:\/\/elfsight.com\/de\/?page_id=20567"},"modified":"2025-01-15T04:30:58","modified_gmt":"2025-01-15T04:30:58","slug":"magento","status":"publish","type":"page","link":"https:\/\/elfsight.com\/de\/google-maps-widget\/magento\/","title":{"rendered":"Google Maps &#8211; Magento"},"content":{"rendered":"<div class=\"application-platform-content-item-description application-platform-content-item\" id=\"description\" data-nav-section=\"description\">\n<h2>Beschreibung<\/h2>\nUnkomplizierte Einrichtung, funktionale und vollst\u00e4ndig individuelle Erweiterung, das sind die Faktoren, die Ihren Benutzern die Suche nach Ihren echten Shops wirklich einfach machen. Die schnelle Installation und die Anpassungsoptionen machen es effektiv zur Anziehung echter Kunden und machen es zur vielleicht besten Erweiterung f\u00fcr jede Magento-Website. <b>Generieren Sie mehr Offline-Kunden mit den besten Karten auf Ihrer Website!<\/b>\n<ul>\n \t<li><b>Gehen Sie n\u00e4her an die Nutzer heran<\/b>. Nutzen Sie Ihre Kontaktinformationen, mit denen Kunden Ihnen schreiben oder Sie sowohl im realen Leben als auch online finden k\u00f6nnen.<\/li>\n \t<li><b>Regional finden und anziehen Kunden<\/b>. Markieren Sie Ihre Orte auf der Karte, um Benutzer davon zu \u00fcberzeugen, dass Sie in der N\u00e4he sind und sie jederzeit zu Ihrem B\u00fcro gelangen k\u00f6nnen.<\/li>\n \t<li><b>Sparen Sie Ihren Aufwand beim Erstellen von Karten<\/b>. Alles Einstellungen sind mit mehreren Klicks verf\u00fcgbar; Generieren Sie in wenigen Sekunden die praktischste Karte f\u00fcr Ihre Website.<\/li>\n<\/ul>\n<\/div><div class=\"application-platform-content-item-features application-platform-content-item\" id=\"features\" data-nav-section=\"features\">\n<h2>Funktionen<\/h2>\nWelche Aspekte machen unsere Karte zur besten? Alle Magento-Websites?\n<ul>\n \t<li>Automatische Routenerstellung vom Standort des Besuchers aus;<\/li>\n \t<li>Alle Google Maps-Funktionen werden unterst\u00fctzt: Ebenen, Kartentypen, Steuerelemente;<\/li>\n \t<li>Infokarten-Popup f\u00fcr jede Markierung einzeln;<\/li>\n \t<li>URL-Umleitung f\u00fcr jede anklickbare Markierung;<\/li>\n \t<li>Praktischer Editor (keine Codierung erforderlich).<\/li>\n<\/ul>\n<a href=\"#demo\"> Sehen Sie sich die vollst\u00e4ndige Liste der Funktionen in der Demo an!<\/a><\/div><div class=\"application-platform-content-item-installation application-platform-content-item\" id=\"installation\" data-nav-section=\"installation\">\n<h2>So f\u00fcgen Sie die Google Maps-Erweiterung zur Magento-Website hinzu<\/h2>\nBefolgen Sie einfach die unten beschriebenen Schritte, um die zu aktivieren Widget auf Magento.\n<ol>\n \t<li><b>Nutzen Sie unseren kostenlosen Editor und beginnen Sie mit der Erstellung Ihres benutzerdefinierten Instruments. <\/b>W\u00e4hlen Sie die bevorzugte Schnittstelle und Funktionalit\u00e4t der Erweiterung und \u00fcbernehmen Sie die \u00c4nderungen.<\/li>\n \t<li><b>Sie erhalten Ihren eindeutigen Code, der im Feld auf Elfsight Apps angezeigt wird. <\/b>Nachdem die Erstellung Ihres pers\u00f6nlichen Tools abgeschlossen ist, kopieren Sie den pers\u00f6nlichen Code im erscheinenden Fenster und bewahren Sie ihn f\u00fcr sp\u00e4ter auf.<\/li>\n \t<li><b>Beginnen Sie mit der Anwendung der Google Maps-Erweiterung auf der Magento-Startseite. <\/b>Integrieren Sie den Code, den Sie zuvor kopiert haben, in Ihre Seite und speichern Sie die Verbesserungen.<\/li>\n \t<li><b>Fertig! Die Integration ist erfolgreich abgeschlossen. <\/b>Besuchen Sie Ihre Website, um zu sehen, wie die Erweiterung funktioniert.<\/li>\n<\/ol>\nSind Sie beim Ausf\u00fchren der Anweisung oder beim Erstellen einer einzigartigen Karte auf Schwierigkeiten oder Fragen gesto\u00dfen? Lesen Sie den informativen Artikel &#8222;<a href=\"https:\/\/elfsight.com\/tutorials\/how-to-add-google-maps-builder-to-magento\/\" target=\"_blank\" rel=\"noopener noreferrer\">Wie Zeigen Sie eine Karte auf der Magento-Website an<\/a>&#8220; oder hinterlassen Sie eine Anfrage im Elfsight-Supportcenter. Wir helfen Ihnen gerne beim Entwerfen und Hinzuf\u00fcgen von Karten auf Ihrer Website.<div class=\"faq\" data-component=\"FAQ\"> <div class=\"faq-item\">\r\n\t\t\t\t\t<div class=\"faq-item-question\">\r\n\t\t\t\t\t\t<h3 class=\"faq-item-question-text\">Wie kann ich Google Maps ohne Programmierkenntnisse auf meine Magento-Website hinzuf\u00fcgen?<\/h3>\r\n\r\n\t\t\t\t\t\t<div class=\"faq-item-question-icon\"><\/div>\r\n\t\t\t\t\t<\/div>\r\n\r\n\t\t\t\t\t<div class=\"faq-item-answer\">\r\n\t\t\t\t\t\t<div class=\"faq-item-answer-text\"> Ihre Magento-Website. W\u00e4hlen Sie eine der vorgefertigten Vorlagen aus und passen Sie die Google Maps-Einstellungen an, f\u00fcgen Sie Ihre Inhalte hinzu, \u00e4ndern Sie das Layout und die Farben ohne Programmierkenntnisse. Speichern Sie Google Maps und kopieren Sie den Installationscode, den Sie m\u00fchelos in Ihre Magento-Website einbetten k\u00f6nnen, ohne eine kostenpflichtige Version kaufen zu m\u00fcssen. Mit unserem intuitiven Editor kann jeder Internetnutzer online ein Google Maps-Widget erstellen und es einfach in seine Magento-Website einbetten. Sie m\u00fcssen weder bezahlen noch Ihre Kartendaten eingeben, um auf den Service zuzugreifen. Sollten bei irgendeinem Schritt Probleme auftreten, wenden Sie sich bitte an unser technisches Support-Team.<\/div>\r\n\t\t\t\t\t<\/div>\r\n\t\t\t\t<\/div> <\/div><\/div>","protected":false},"excerpt":{"rendered":"","protected":false},"author":9,"featured_media":0,"parent":894,"menu_order":0,"comment_status":"closed","ping_status":"closed","template":"templates\/template-application-platform.php","meta":{"publish_to_discourse":"","publish_post_category":"","wpdc_auto_publish_overridden":"","wpdc_topic_tags":"","wpdc_pin_topic":"","wpdc_pin_until":"","discourse_post_id":"","discourse_permalink":"","wpdc_publishing_response":"","wpdc_publishing_error":"","footnotes":""},"class_list":["post-20567","page","type-page","status-publish","hentry"],"yoast_head":"<!-- This site is optimized with the Yoast SEO plugin v25.3.1 - https:\/\/yoast.com\/wordpress\/plugins\/seo\/ -->\n<title>Google Maps \u2013 Kartenerweiterung zur Magento-Website hinzuf\u00fcgen<\/title>\n<meta name=\"description\" content=\"Probieren Sie eine angepasste Google Maps-Erweiterung f\u00fcr die Magento-Site aus. Installieren Sie umfangreiche Karten in nur 1 Minute kostenlos im praktischsten Plugin-Editor.\" \/>\n<meta name=\"robots\" content=\"index, follow, max-snippet:-1, max-image-preview:large, max-video-preview:-1\" \/>\n<link rel=\"canonical\" href=\"https:\/\/elfsight.com\/de\/google-maps-widget\/magento\/\" \/>\n<meta property=\"og:locale\" content=\"de_DE\" \/>\n<meta property=\"og:type\" content=\"article\" \/>\n<meta property=\"og:title\" content=\"Google Maps \u2013 Kartenerweiterung zur Magento-Website hinzuf\u00fcgen\" \/>\n<meta property=\"og:description\" content=\"Probieren Sie eine angepasste Google Maps-Erweiterung f\u00fcr die Magento-Site aus. Installieren Sie umfangreiche Karten in nur 1 Minute kostenlos im praktischsten Plugin-Editor.\" \/>\n<meta property=\"og:url\" content=\"https:\/\/elfsight.com\/de\/google-maps-widget\/magento\/\" \/>\n<meta property=\"og:site_name\" content=\"Elfsight DE\" \/>\n<meta property=\"article:modified_time\" content=\"2025-01-15T04:30:58+00:00\" \/>\n<meta name=\"twitter:card\" content=\"summary_large_image\" \/>\n<meta name=\"twitter:label1\" content=\"Gesch\u00e4tzte Lesezeit\" \/>\n\t<meta name=\"twitter:data1\" content=\"3\u00a0Minuten\" \/>\n<!-- \/ Yoast SEO plugin. -->","yoast_head_json":{"title":"Google Maps \u2013 Kartenerweiterung zur Magento-Website hinzuf\u00fcgen","description":"Probieren Sie eine angepasste Google Maps-Erweiterung f\u00fcr die Magento-Site aus. Installieren Sie umfangreiche Karten in nur 1 Minute kostenlos im praktischsten Plugin-Editor.","robots":{"index":"index","follow":"follow","max-snippet":"max-snippet:-1","max-image-preview":"max-image-preview:large","max-video-preview":"max-video-preview:-1"},"canonical":"https:\/\/elfsight.com\/de\/google-maps-widget\/magento\/","og_locale":"de_DE","og_type":"article","og_title":"Google Maps \u2013 Kartenerweiterung zur Magento-Website hinzuf\u00fcgen","og_description":"Probieren Sie eine angepasste Google Maps-Erweiterung f\u00fcr die Magento-Site aus. Installieren Sie umfangreiche Karten in nur 1 Minute kostenlos im praktischsten Plugin-Editor.","og_url":"https:\/\/elfsight.com\/de\/google-maps-widget\/magento\/","og_site_name":"Elfsight DE","article_modified_time":"2025-01-15T04:30:58+00:00","twitter_card":"summary_large_image","twitter_misc":{"Gesch\u00e4tzte Lesezeit":"3\u00a0Minuten"},"schema":{"@context":"https:\/\/schema.org","@graph":[{"@type":"WebPage","@id":"https:\/\/elfsight.com\/de\/google-maps-widget\/magento\/","url":"https:\/\/elfsight.com\/de\/google-maps-widget\/magento\/","name":"Google Maps \u2013 Kartenerweiterung zur Magento-Website hinzuf\u00fcgen","isPartOf":{"@id":"https:\/\/elfsight.com\/de\/#website"},"datePublished":"2024-05-03T06:38:47+00:00","dateModified":"2025-01-15T04:30:58+00:00","description":"Probieren Sie eine angepasste Google Maps-Erweiterung f\u00fcr die Magento-Site aus. Installieren Sie umfangreiche Karten in nur 1 Minute kostenlos im praktischsten Plugin-Editor.","breadcrumb":{"@id":"https:\/\/elfsight.com\/de\/google-maps-widget\/magento\/#breadcrumb"},"inLanguage":"de","potentialAction":[{"@type":"ReadAction","target":["https:\/\/elfsight.com\/de\/google-maps-widget\/magento\/"]}]},{"@type":"BreadcrumbList","@id":"https:\/\/elfsight.com\/de\/google-maps-widget\/magento\/#breadcrumb","itemListElement":[{"@type":"ListItem","position":1,"name":"Home","item":"https:\/\/elfsight.com\/de\/"},{"@type":"ListItem","position":2,"name":"Google Maps","item":"https:\/\/elfsight.com\/de\/google-maps-widget\/"},{"@type":"ListItem","position":3,"name":"Google Maps &#8211; Magento"}]},{"@type":"WebSite","@id":"https:\/\/elfsight.com\/de\/#website","url":"https:\/\/elfsight.com\/de\/","name":"Elfsight DE","description":"Just another Elfsight Sites site","potentialAction":[{"@type":"SearchAction","target":{"@type":"EntryPoint","urlTemplate":"https:\/\/elfsight.com\/de\/?s={search_term_string}"},"query-input":{"@type":"PropertyValueSpecification","valueRequired":true,"valueName":"search_term_string"}}],"inLanguage":"de"}]}},"meta_box":{"industry":"","seo_heading":"","heading":"","description":"","cta_heading":"","cta_description":"","application":"464","h1":"Google Maps-Erweiterung f\u00fcr Magento","h1_caption":"Betten Sie eine responsive Google-Karte ein, um Ihren Standort oder mehrere Standorte anzuzeigen und so m\u00fchelos auf Ihrer Magento-Website zu navigieren.","application_category":[],"applications_title":"","applications_request_title":"","applications_request_button_text":"","hero_text":"","hero_video":"","hero_video_schema_markup":"","selling_points_title":"","selling_points_caption":"","selling_points":[],"selling_points_cta_text":"","features_title":"","features":"","ed_cta_examples_text":"","ed_cta_examples_hidden":"","ed_cta_demo_text":"","ed_cta_demo_hidden":"","why_caption":"","why_editor_title":"","why_editor_text":"","why_team_title":"","why_team_text":"","why_service_title":"","why_service_text":"","template_catalog_visible":"0","template_catalog_title":"","template_catalog_text":"","template_catalog_categories_visible":"","demo_title":"Erstellen Sie Ihre Google Maps-Erweiterung","demo_caption":"Konfigurieren Sie Ihr Google Maps und f\u00fcgen Sie es kostenlos zu Ihrer Magento-Website hinzu!","default_faq_hidden":"","app_template_category":[],"platform":"256","template_public_id":"","codecanyon_url":"","codecanyon_item_id":"","codecanyon_price":"","pricing_caption":"","pricing_elfsight_apps_hide_column":"","pricing_elfsight_apps_url":"","pricing_codecanyon_price_caption":"","integration_category":[],"integration_request_title":"","integration_request_cta":"","integration_platform":"","integrations":[],"platform_category":[],"video_schema_markup":"","price":"ab 0 $ \/ Monat","trial":"","benefits":[{"text":"Kostenlose Installationsunterst\u00fctzung"},{"text":"Erfahrener Kundensupport"},{"text":"14-t\u00e4gige R\u00fcckerstattungsgarantie"},{"text":"Regelm\u00e4\u00dfige Updates"}],"button_url":"#demo","button_target_blank":"0","button_nofollow":"0","attributes":[{"name":"Installiert","content":"100,000 - 500,000"},{"name":"Reaktionsfreudig","content":"Ja"},{"name":"Kompatible Browser","content":"Firefox, Safari, Opera, Chrome, Edge"}],"tags":[],"tags_disable_links":"0","hide_more_platforms":"","video_object":"","demo_hide_cta":"0","demo_hide_cloud_options":"0","pricing_title":"","pricing":[{"pricing_icon":"platform","pricing_title":"Elfsight Apps","pricing_title_caption":"Plattformunabh\u00e4ngige digitale L\u00f6sung, die auf jeder Website funktioniert","pricing_price":"ab 0 $ \/ Monat","pricing_price_caption":"Beginnen Sie mit einem kostenlosen Plan","pricing_benefits":[{"text":"Unbegrenzte Domains"},{"text":"Kostenloser und p\u00fcnktlicher Support"},{"text":"Kostenlose Installationsunterst\u00fctzung"},{"text":"Vollst\u00e4ndig anpassbar"}],"pricing_button_text":"Zur Website hinzuf\u00fcgen","pricing_button_url":"#demo"}],"related_apps_title":"","related_apps_hidden":"0","author":"","image":[],"title":"","job":"","social_networks":[]},"_links":{"self":[{"href":"https:\/\/elfsight.com\/de\/wp-json\/wp\/v2\/pages\/20567","targetHints":{"allow":["GET"]}}],"collection":[{"href":"https:\/\/elfsight.com\/de\/wp-json\/wp\/v2\/pages"}],"about":[{"href":"https:\/\/elfsight.com\/de\/wp-json\/wp\/v2\/types\/page"}],"author":[{"embeddable":true,"href":"https:\/\/elfsight.com\/de\/wp-json\/wp\/v2\/users\/9"}],"replies":[{"embeddable":true,"href":"https:\/\/elfsight.com\/de\/wp-json\/wp\/v2\/comments?post=20567"}],"version-history":[{"count":2,"href":"https:\/\/elfsight.com\/de\/wp-json\/wp\/v2\/pages\/20567\/revisions"}],"predecessor-version":[{"id":23691,"href":"https:\/\/elfsight.com\/de\/wp-json\/wp\/v2\/pages\/20567\/revisions\/23691"}],"up":[{"embeddable":true,"href":"https:\/\/elfsight.com\/de\/wp-json\/wp\/v2\/pages\/894"}],"wp:attachment":[{"href":"https:\/\/elfsight.com\/de\/wp-json\/wp\/v2\/media?parent=20567"}],"curies":[{"name":"wp","href":"https:\/\/api.w.org\/{rel}","templated":true}]}}