{"id":20565,"date":"2024-05-03T06:38:45","date_gmt":"2024-05-03T06:38:45","guid":{"rendered":"https:\/\/elfsight.com\/de\/?page_id=20565"},"modified":"2025-01-15T04:40:52","modified_gmt":"2025-01-15T04:40:52","slug":"opencart","status":"publish","type":"page","link":"https:\/\/elfsight.com\/de\/google-maps-widget\/opencart\/","title":{"rendered":"Google Maps &#8211; OpenCart"},"content":{"rendered":"<div class=\"application-platform-content-item-description application-platform-content-item\" id=\"description\" data-nav-section=\"description\">\n<h2>Beschreibung<\/h2>\nEin einfach zu erstellendes, funktionales und vollst\u00e4ndig anpassbares Instrument erleichtert Ihren Benutzern die Suche nach Kartenstandorten erheblich. Sie lockt Offline-Kunden an, l\u00e4sst sich einfach zu einer Website hinzuf\u00fcgen und verf\u00fcgt \u00fcber Anpassungsoptionen \u2013 es ist vielleicht die beste Erweiterung f\u00fcr eine OpenCart-Website. <b>Ziehen Sie mehr echte Besucher mit den besten Karten auf Ihrer Website an!<\/b>\n<ul>\n \t<li><b>Gehen Sie n\u00e4her an Ihre Kunden heran<\/b>. Geben Sie Ihre Kontaktdaten preis, mit denen Kunden Ihnen schreiben oder Sie sowohl im echten Leben als auch online erreichen k\u00f6nnen.<\/li>\n \t<li><b>Auftrieb Konvertierung Ihrer Website mithilfe einer umfassenden Infokarte Ihres Unternehmens<\/b>. F\u00fcgen Sie umfassende Kontaktdaten ein, um mehr Kunden zu gewinnen, die bereit sind, mit Ihnen in Kontakt zu treten, und motivieren Sie sie, der Transaktion einen weiteren Schritt n\u00e4her zu kommen.<\/li>\n \t<li><b>Automatisierte Routenzeichnung zu Ihrem Ziel<\/b>. Erlauben Sie Besuchern nicht, Ihre Website zu verlassen, obwohl sie eigentlich dazu bestimmt sind, Sie anzusprechen. Erstellen Sie f\u00fcr alle Kunden den Weg zu Ihrem Standort direkt auf der Karte!<\/li>\n<\/ul>\n<\/div><div class=\"application-platform-content-item-features application-platform-content-item\" id=\"features\" data-nav-section=\"features\">\n<h2>Funktionen<\/h2>\nWelche Vorteile machen unsere Karte zur besten? eine f\u00fcr jede OpenCart-Website?\n<ul>\n \t<li>Verschiedene Standortmarkierungen f\u00fcr interaktive Karte;<\/li>\n \t<li>4 Kartentypen: Roadmap, Satellit, Hybrid, Gel\u00e4nde;<\/li>\n \t<li>Infokarte mit maximalem Kontakt Informationen;<\/li>\n \t<li>Einstellbare Breite und H\u00f6he;<\/li>\n \t<li>\u00dcber 60 Sprachen werden unterst\u00fctzt.<\/li>\n<\/ul>\n<a href=\"#demo\">Probieren Sie alle Funktionen in der Demo aus !<\/a><\/div><div class=\"application-platform-content-item-installation application-platform-content-item\" id=\"installation\" data-nav-section=\"installation\">\n<h2>So f\u00fcgen Sie Google Maps zur Website hinzu<\/h2>\nBefolgen Sie einfach die unten aufgef\u00fchrten Schritte, um die Erweiterung in OpenCart einzuf\u00fcgen.\n<ol>\n \t<li><b>\u00d6ffnen Sie unseren kostenlosen Konfigurator und beginnen Sie mit der Erstellung Ihrer eigenen Erweiterung. <\/b>Geben Sie die ausgew\u00e4hlte Schnittstelle und die Funktionsmerkmale der Erweiterung an und speichern Sie die \u00c4nderungen.<\/li>\n \t<li><b>Sie erhalten Ihren individuellen Code, der im Fenster von Elfsight Apps angezeigt wird. <\/b>Sobald die Anpassung Ihrer Google Maps-Erweiterung abgeschlossen ist, kopieren Sie den einzelnen Code aus dem angezeigten Popup und bewahren Sie ihn f\u00fcr die zuk\u00fcnftige Verwendung auf.<\/li>\n \t<li><b>Initiieren Sie die Anwendung des Tools auf Ihrem OpenCart Webseite. <\/b>F\u00fcgen Sie den zuvor gespeicherten Code in Ihre Website ein und speichern Sie die Korrekturen.<\/li>\n \t<li><b>Das Setup ist erfolgreich abgeschlossen. <\/b>Besuchen Sie Ihre Website, um die Leistung des Widgets zu beobachten.<\/li>\n<\/ol>\nSind Sie beim Befolgen der Anleitung oder beim Erstellen einer pers\u00f6nlichen Karte auf Schwierigkeiten oder Probleme gesto\u00dfen? Siehe ausf\u00fchrliche Anleitung &#8222;<a href=\"https:\/\/elfsight.com\/tutorials\/how-to-add-google-maps-builder-to-opencart\/\" target=\"_blank\" rel=\"noopener noreferrer\">Anleitung F\u00fcgen Sie eine Karte in eine OpenCart-Website ein<\/a>&#8220; oder hinterlassen Sie Ihre Nachricht im Hilfezentrum und Elfsight hilft Ihnen gerne bei der Gestaltung und Anzeige von Karten auf Ihrer Website.<div class=\"faq\" data-component=\"FAQ\"> <div class=\"faq-item\">\r\n\t\t\t\t\t<div class=\"faq-item-question\">\r\n\t\t\t\t\t\t<h3 class=\"faq-item-question-text\">Wie kann ich Google Maps ohne Programmierkenntnisse auf meine OpenCart-Website hinzuf\u00fcgen?<\/h3>\r\n\r\n\t\t\t\t\t\t<div class=\"faq-item-question-icon\"><\/div>\r\n\t\t\t\t\t<\/div>\r\n\r\n\t\t\t\t\t<div class=\"faq-item-answer\">\r\n\t\t\t\t\t\t<div class=\"faq-item-answer-text\"> W\u00e4hlen Sie eine der vorgefertigten Vorlagen aus und passen Sie die Google Maps-Einstellungen an, f\u00fcgen Sie Ihre Inhalte hinzu, \u00e4ndern Sie das Layout und die Farben ohne Programmierkenntnisse. Speichern Sie Google Maps und kopieren Sie den Installationscode, den Sie in Ihre OpenCart-Website einbinden k\u00f6nnen, ohne einen kostenpflichtigen Plan zu kaufen. Mit unserem intuitiven Editor kann jeder Internetnutzer online ein Google Maps-Widget erstellen und es einfach in seine OpenCart-Website einbetten. Sie m\u00fcssen weder bezahlen noch Ihre Kartendaten eingeben, um auf den Service zuzugreifen. Sollten bei irgendeinem Schritt Probleme auftreten, wenden Sie sich bitte an unser technisches Support-Team.<\/div>\r\n\t\t\t\t\t<\/div>\r\n\t\t\t\t<\/div> <\/div><\/div>","protected":false},"excerpt":{"rendered":"","protected":false},"author":9,"featured_media":0,"parent":894,"menu_order":0,"comment_status":"closed","ping_status":"closed","template":"templates\/template-application-platform.php","meta":{"publish_to_discourse":"","publish_post_category":"","wpdc_auto_publish_overridden":"","wpdc_topic_tags":"","wpdc_pin_topic":"","wpdc_pin_until":"","discourse_post_id":"","discourse_permalink":"","wpdc_publishing_response":"","wpdc_publishing_error":"","footnotes":""},"class_list":["post-20565","page","type-page","status-publish","hentry"],"yoast_head":"<!-- This site is optimized with the Yoast SEO plugin v25.3.1 - https:\/\/yoast.com\/wordpress\/plugins\/seo\/ -->\n<title>Google Maps \u2013 Kartenerweiterung zur OpenCart-Website hinzuf\u00fcgen<\/title>\n<meta name=\"description\" content=\"Testen Sie die beste Google Maps-Erweiterung f\u00fcr die OpenCart-Site. F\u00fcgen Sie mit der schnellsten Plugin-Demo in nur 2 Minuten kostenlos umfangreiche Karten hinzu.\" \/>\n<meta name=\"robots\" content=\"index, follow, max-snippet:-1, max-image-preview:large, max-video-preview:-1\" \/>\n<link rel=\"canonical\" href=\"https:\/\/elfsight.com\/de\/google-maps-widget\/opencart\/\" \/>\n<meta property=\"og:locale\" content=\"de_DE\" \/>\n<meta property=\"og:type\" content=\"article\" \/>\n<meta property=\"og:title\" content=\"Google Maps \u2013 Kartenerweiterung zur OpenCart-Website hinzuf\u00fcgen\" \/>\n<meta property=\"og:description\" content=\"Testen Sie die beste Google Maps-Erweiterung f\u00fcr die OpenCart-Site. F\u00fcgen Sie mit der schnellsten Plugin-Demo in nur 2 Minuten kostenlos umfangreiche Karten hinzu.\" \/>\n<meta property=\"og:url\" content=\"https:\/\/elfsight.com\/de\/google-maps-widget\/opencart\/\" \/>\n<meta property=\"og:site_name\" content=\"Elfsight DE\" \/>\n<meta property=\"article:modified_time\" content=\"2025-01-15T04:40:52+00:00\" \/>\n<meta name=\"twitter:card\" content=\"summary_large_image\" \/>\n<meta name=\"twitter:label1\" content=\"Gesch\u00e4tzte Lesezeit\" \/>\n\t<meta name=\"twitter:data1\" content=\"3\u00a0Minuten\" \/>\n<!-- \/ Yoast SEO plugin. -->","yoast_head_json":{"title":"Google Maps \u2013 Kartenerweiterung zur OpenCart-Website hinzuf\u00fcgen","description":"Testen Sie die beste Google Maps-Erweiterung f\u00fcr die OpenCart-Site. F\u00fcgen Sie mit der schnellsten Plugin-Demo in nur 2 Minuten kostenlos umfangreiche Karten hinzu.","robots":{"index":"index","follow":"follow","max-snippet":"max-snippet:-1","max-image-preview":"max-image-preview:large","max-video-preview":"max-video-preview:-1"},"canonical":"https:\/\/elfsight.com\/de\/google-maps-widget\/opencart\/","og_locale":"de_DE","og_type":"article","og_title":"Google Maps \u2013 Kartenerweiterung zur OpenCart-Website hinzuf\u00fcgen","og_description":"Testen Sie die beste Google Maps-Erweiterung f\u00fcr die OpenCart-Site. F\u00fcgen Sie mit der schnellsten Plugin-Demo in nur 2 Minuten kostenlos umfangreiche Karten hinzu.","og_url":"https:\/\/elfsight.com\/de\/google-maps-widget\/opencart\/","og_site_name":"Elfsight DE","article_modified_time":"2025-01-15T04:40:52+00:00","twitter_card":"summary_large_image","twitter_misc":{"Gesch\u00e4tzte Lesezeit":"3\u00a0Minuten"},"schema":{"@context":"https:\/\/schema.org","@graph":[{"@type":"WebPage","@id":"https:\/\/elfsight.com\/de\/google-maps-widget\/opencart\/","url":"https:\/\/elfsight.com\/de\/google-maps-widget\/opencart\/","name":"Google Maps \u2013 Kartenerweiterung zur OpenCart-Website hinzuf\u00fcgen","isPartOf":{"@id":"https:\/\/elfsight.com\/de\/#website"},"datePublished":"2024-05-03T06:38:45+00:00","dateModified":"2025-01-15T04:40:52+00:00","description":"Testen Sie die beste Google Maps-Erweiterung f\u00fcr die OpenCart-Site. F\u00fcgen Sie mit der schnellsten Plugin-Demo in nur 2 Minuten kostenlos umfangreiche Karten hinzu.","breadcrumb":{"@id":"https:\/\/elfsight.com\/de\/google-maps-widget\/opencart\/#breadcrumb"},"inLanguage":"de","potentialAction":[{"@type":"ReadAction","target":["https:\/\/elfsight.com\/de\/google-maps-widget\/opencart\/"]}]},{"@type":"BreadcrumbList","@id":"https:\/\/elfsight.com\/de\/google-maps-widget\/opencart\/#breadcrumb","itemListElement":[{"@type":"ListItem","position":1,"name":"Home","item":"https:\/\/elfsight.com\/de\/"},{"@type":"ListItem","position":2,"name":"Google Maps","item":"https:\/\/elfsight.com\/de\/google-maps-widget\/"},{"@type":"ListItem","position":3,"name":"Google Maps &#8211; OpenCart"}]},{"@type":"WebSite","@id":"https:\/\/elfsight.com\/de\/#website","url":"https:\/\/elfsight.com\/de\/","name":"Elfsight DE","description":"Just another Elfsight Sites site","potentialAction":[{"@type":"SearchAction","target":{"@type":"EntryPoint","urlTemplate":"https:\/\/elfsight.com\/de\/?s={search_term_string}"},"query-input":{"@type":"PropertyValueSpecification","valueRequired":true,"valueName":"search_term_string"}}],"inLanguage":"de"}]}},"meta_box":{"industry":"","seo_heading":"","heading":"","description":"","cta_heading":"","cta_description":"","application":"464","h1":"Google Maps-Erweiterung f\u00fcr OpenCart","h1_caption":"Betten Sie eine responsive Google-Karte ein, um Ihren Standort oder mehrere Standorte anzuzeigen und so m\u00fchelos auf Ihrer Opencart-Website zu navigieren.","application_category":[],"applications_title":"","applications_request_title":"","applications_request_button_text":"","hero_text":"","hero_video":"","hero_video_schema_markup":"","selling_points_title":"","selling_points_caption":"","selling_points":[],"selling_points_cta_text":"","features_title":"","features":"","ed_cta_examples_text":"","ed_cta_examples_hidden":"","ed_cta_demo_text":"","ed_cta_demo_hidden":"","why_caption":"","why_editor_title":"","why_editor_text":"","why_team_title":"","why_team_text":"","why_service_title":"","why_service_text":"","template_catalog_visible":"0","template_catalog_title":"","template_catalog_text":"","template_catalog_categories_visible":"","demo_title":"Erstellen Sie Ihre Google Maps-Erweiterung","demo_caption":"Konfigurieren Sie Ihr Google Maps und f\u00fcgen Sie es kostenlos zu Ihrer OpenCart-Website hinzu!","default_faq_hidden":"","app_template_category":[],"platform":"254","template_public_id":"","codecanyon_url":"","codecanyon_item_id":"","codecanyon_price":"","pricing_caption":"","pricing_elfsight_apps_hide_column":"","pricing_elfsight_apps_url":"","pricing_codecanyon_price_caption":"","integration_category":[],"integration_request_title":"","integration_request_cta":"","integration_platform":"","integrations":[],"platform_category":[],"video_schema_markup":"","price":"ab 0 $ \/ Monat","trial":"","benefits":[{"text":"Kostenlose Installationshilfe"},{"text":"Kompetenter Kundenservice"},{"text":"14-t\u00e4gige Geld-zur\u00fcck-Garantie"},{"text":"Regelm\u00e4\u00dfige kostenlose Updates"}],"button_url":"#demo","button_target_blank":"0","button_nofollow":"0","attributes":[{"name":"Installiert","content":"100,000 - 500,000"},{"name":"Reaktionsfreudig","content":"Ja"},{"name":"Kompatible Browser","content":"Edge, Firefox, Opera, Chrome, Safari"}],"tags":[],"tags_disable_links":"0","hide_more_platforms":"","video_object":"","demo_hide_cta":"0","demo_hide_cloud_options":"0","pricing_title":"","pricing":[{"pricing_icon":"platform","pricing_title":"Elfsight Apps","pricing_title_caption":"Plattform\u00fcbergreifende L\u00f6sung","pricing_price":"ab 0 $ \/ Monat","pricing_price_caption":"Beginnen Sie mit einem kostenlosen Plan","pricing_benefits":[{"text":"Unbegrenzte Websites"},{"text":"Kostenloser Unternehmenssupport"},{"text":"Kostenloser Installationssupport"},{"text":"Tolles Angebot f\u00fcr mehrere Apps"}],"pricing_button_text":"Zur Website hinzuf\u00fcgen","pricing_button_url":"#demo"}],"related_apps_title":"","related_apps_hidden":"0","author":"","image":[],"title":"","job":"","social_networks":[]},"_links":{"self":[{"href":"https:\/\/elfsight.com\/de\/wp-json\/wp\/v2\/pages\/20565","targetHints":{"allow":["GET"]}}],"collection":[{"href":"https:\/\/elfsight.com\/de\/wp-json\/wp\/v2\/pages"}],"about":[{"href":"https:\/\/elfsight.com\/de\/wp-json\/wp\/v2\/types\/page"}],"author":[{"embeddable":true,"href":"https:\/\/elfsight.com\/de\/wp-json\/wp\/v2\/users\/9"}],"replies":[{"embeddable":true,"href":"https:\/\/elfsight.com\/de\/wp-json\/wp\/v2\/comments?post=20565"}],"version-history":[{"count":2,"href":"https:\/\/elfsight.com\/de\/wp-json\/wp\/v2\/pages\/20565\/revisions"}],"predecessor-version":[{"id":23696,"href":"https:\/\/elfsight.com\/de\/wp-json\/wp\/v2\/pages\/20565\/revisions\/23696"}],"up":[{"embeddable":true,"href":"https:\/\/elfsight.com\/de\/wp-json\/wp\/v2\/pages\/894"}],"wp:attachment":[{"href":"https:\/\/elfsight.com\/de\/wp-json\/wp\/v2\/media?parent=20565"}],"curies":[{"name":"wp","href":"https:\/\/api.w.org\/{rel}","templated":true}]}}