{"id":20560,"date":"2024-05-03T06:38:44","date_gmt":"2024-05-03T06:38:44","guid":{"rendered":"https:\/\/elfsight.com\/de\/?page_id=20560"},"modified":"2026-02-20T10:23:22","modified_gmt":"2026-02-20T10:23:22","slug":"squarespace","status":"publish","type":"page","link":"https:\/\/elfsight.com\/de\/google-maps-widget\/squarespace\/","title":{"rendered":"Google Maps &#8211; Squarespace"},"content":{"rendered":"\n<div class=\"application-platform-content-item-description application-platform-content-item\" id=\"description\" data-nav-section=\"description\"><h2>Einbetten von Google Maps in Squarespace mit dem Elfsight-Widget<\/h2>Ein unkompliziert zu installierendes, effektives und vollst\u00e4ndig angepasstes Instrument, das dies ganz einfach macht Finden Sie Gesch\u00e4fte f\u00fcr Ihre Besucher. Sie lockt echte Kunden produktiv an und bietet einfache Installations- und Anpassungsoptionen. Sie ist eine der preiswertesten Squarespace-Websites. <b>Erhalten Sie mehr Offline-Besucher mit Hilfe von responsiven Karten auf Ihrer Website!<\/b><ul> <li><b>Gehen Sie n\u00e4her an die Nutzer heran<\/b>. Geben Sie Ihre Kontaktinformationen an, mit denen Kunden Sie ansprechen oder Sie sowohl im echten Leben als auch im Internet finden k\u00f6nnen.<\/li> <li> <b>Suchen und gewinnen Sie regionale Kunden<\/b>. F\u00fcgen Sie Ihre Koordinaten hinzu, um Kunden sicherzustellen, dass Sie n\u00e4her bei ihnen sind und sie schnell zu Ihrem Gesch\u00e4ft gelangen k\u00f6nnen.<\/li> <li><b>Verschwenden Sie nicht Ihre Pers\u00f6nliche Zeit f\u00fcr die Gestaltung von Karten.<\/b> Alle Funktionen werden mit einem Klick ge\u00f6ffnet. Erstellen Sie in nur wenigen Sekunden die leistungsst\u00e4rkste Karte f\u00fcr Ihre Website.<\/li><\/ul><\/div><div class=\"application-platform-content-item-features application-platform-content-item\" id=\"features\" data-nav-section=\"features\"><h2>Hauptfunktionen des Google Maps-Widgets<\/h2>Welche Eigenschaften machen die Elfsight-Karte zur besten f\u00fcr jede Squarespace-Site?<ul> <li>Hinzuf\u00fcgen eines neuen Standorts, indem nur seine Adresse, sein Name oder seine Koordinaten eingegeben werden;<\/li> <li>5 Google Maps-Ebenen: POI, Verkehr, \u00f6ffentliche Verkehrsmittel, Fahrrad, Stra\u00dfenansicht;<\/li> <li>Infokarte wird f\u00fcr jede Markierung einzeln angezeigt;<\/li> <li>50+ Standortmarkierungen;<\/li> <li>Regelm\u00e4\u00dfige Live-Updates verf\u00fcgbar.<\/li><\/ul><a href=\"#demo\">Alle Funktionen im Panel anzeigen!<\/a><\/div><div class=\"application-platform-content-item- Installation application-platform-content-item\" id=\" Installation\" data-nav-section=\" Installation\"><h2>So f\u00fcgen Sie das Google Maps-Widget zur Squarespace-Website hinzu<\/h2><div class=\"video-container\">\n<iframe width=\"720\" height=\"405\" src=\"https:\/\/www.youtube.com\/embed\/tFm7cgYTpGU?si=rXykyhtK0UwQsR9L\" frameborder=\"0\" allowfullscreen=\"\"><\/iframe>\n<\/div>Eine zusammenfassende Anleitung zum selbstst\u00e4ndigen Erstellen responsiver Karten auf Squarespace. Um es zu befolgen, ben\u00f6tigen Sie keinen Entwickler oder Programmierkenntnisse. Die Gesamtzeit f\u00fcr die Durchf\u00fchrung betr\u00e4gt nur 3 Minuten.<ol> <li><b>Generieren Sie Ihre personalisierten Google Maps<\/b>. Stellen Sie mit unserem kostenlosen Konfigurator ein Plugin mit der gew\u00fcnschten Vorlage und den gew\u00fcnschten Einstellungen zusammen.<\/li> <li><b>Erhalten Sie einen Code zum Anzeigen des Plugins<\/b>. Rufen Sie nach der Widget-Erstellung einen Code f\u00fcr das Karten-Plugin aus dem angezeigten Fenster in Elfsight Apps ab.<\/li> <li><b>Zeigen Sie das Plugin an SquareSpace-Site<\/b>. F\u00fcgen Sie das Plugin an der gew\u00fcnschten Stelle der Website hinzu und wenden Sie die Ergebnisse an.<\/li> <li><b>Die Integration ist erfolgreich!<\/b> Gehen Sie zu Ihrer SquareSpace-Site, um es anzusehen Ihrer Karte.<\/li><\/ol>Sind Sie beim Befolgen des Leitfadens oder beim Erstellen Ihrer eigenen Karte auf Schwierigkeiten oder Probleme gesto\u00dfen? Schreiben Sie an das Elfsight-Supportcenter und wir helfen Ihnen gerne beim Erstellen und Einf\u00fcgen von Karten f\u00fcr Ihre Website.<div class=\"faq\" data-component=\"FAQ\"><div class=\"faq-item\">\r\n\t\t\t\t\t<div class=\"faq-item-question\">\r\n\t\t\t\t\t\t<h3 class=\"faq-item-question-text\">Wie kann ich Google Maps ohne Programmierkenntnisse zu meiner Squarespace-Website hinzuf\u00fcgen?<\/h3>\r\n\r\n\t\t\t\t\t\t<div class=\"faq-item-question-icon\"><\/div>\r\n\t\t\t\t\t<\/div>\r\n\r\n\t\t\t\t\t<div class=\"faq-item-answer\">\r\n\t\t\t\t\t\t<div class=\"faq-item-answer-text\"> <p>Elfsight bietet eine SaaS-L\u00f6sung, mit der Sie selbst ein Google Maps-Widget erstellen k\u00f6nnen. Sehen Sie, wie einfach der Vorgang ist: Arbeiten Sie direkt im Online-Editor, um ein Google Maps-Widget zu erstellen, das Sie gerne auf Ihrer Squarespace-Website sehen w\u00fcrden. W\u00e4hlen Sie eine der vorgefertigten Vorlagen aus und passen Sie die Google Maps-Einstellungen an, f\u00fcgen Sie Ihre Inhalte hinzu, \u00e4ndern Sie das Layout und die Farben ohne Programmierkenntnisse. Speichern Sie Google Maps und kopieren Sie den Installationscode, den Sie problemlos in Ihre Squarespace-Website einbetten k\u00f6nnen, ohne eine kostenpflichtige Version kaufen zu m\u00fcssen. Mit unserem intuitiven Editor kann jeder Internetnutzer online ein Google Maps-Widget erstellen und es einfach in seine Squarespace-Website einbetten. Sie m\u00fcssen weder bezahlen noch Ihre Kartendaten eingeben, um auf den Service zuzugreifen. Sollten bei irgendeinem Schritt Probleme auftreten, wenden Sie sich bitte an unser technisches Support-Team.<\/p> <\/div>\r\n\t\t\t\t\t<\/div>\r\n\t\t\t\t<\/div> <\/div><\/div>\n","protected":false},"excerpt":{"rendered":"","protected":false},"author":9,"featured_media":0,"parent":894,"menu_order":0,"comment_status":"closed","ping_status":"closed","template":"templates\/template-application-platform.php","meta":{"publish_to_discourse":"","publish_post_category":"","wpdc_auto_publish_overridden":"","wpdc_topic_tags":"","wpdc_pin_topic":"","wpdc_pin_until":"","discourse_post_id":"","discourse_permalink":"","wpdc_publishing_response":"","wpdc_publishing_error":"","footnotes":""},"class_list":["post-20560","page","type-page","status-publish","hentry"],"yoast_head":"<!-- This site is optimized with the Yoast SEO plugin v25.3.1 - https:\/\/yoast.com\/wordpress\/plugins\/seo\/ -->\n<title>Google Maps \u2013 Karten-Widget zur SquareSpace-Website hinzuf\u00fcgen<\/title>\n<meta name=\"description\" content=\"Erstellen Sie ein ma\u00dfgeschneidertes Google Maps-Widget f\u00fcr die Squarespace-Site. Demonstrieren Sie umfangreiche Karten in nur 2 Minuten kostenlos im einfachsten Plugin-Panel.\" \/>\n<meta name=\"robots\" content=\"index, follow, max-snippet:-1, max-image-preview:large, max-video-preview:-1\" \/>\n<link rel=\"canonical\" href=\"https:\/\/elfsight.com\/de\/google-maps-widget\/squarespace\/\" \/>\n<meta property=\"og:locale\" content=\"de_DE\" \/>\n<meta property=\"og:type\" content=\"article\" \/>\n<meta property=\"og:title\" content=\"Google Maps \u2013 Karten-Widget zur SquareSpace-Website hinzuf\u00fcgen\" \/>\n<meta property=\"og:description\" content=\"Erstellen Sie ein ma\u00dfgeschneidertes Google Maps-Widget f\u00fcr die Squarespace-Site. Demonstrieren Sie umfangreiche Karten in nur 2 Minuten kostenlos im einfachsten Plugin-Panel.\" \/>\n<meta property=\"og:url\" content=\"https:\/\/elfsight.com\/de\/google-maps-widget\/squarespace\/\" \/>\n<meta property=\"og:site_name\" content=\"Elfsight DE\" \/>\n<meta property=\"article:modified_time\" content=\"2026-02-20T10:23:22+00:00\" \/>\n<meta name=\"twitter:card\" content=\"summary_large_image\" \/>\n<meta name=\"twitter:label1\" content=\"Gesch\u00e4tzte Lesezeit\" \/>\n\t<meta name=\"twitter:data1\" content=\"3\u00a0Minuten\" \/>\n<!-- \/ Yoast SEO plugin. -->","yoast_head_json":{"title":"Google Maps \u2013 Karten-Widget zur SquareSpace-Website hinzuf\u00fcgen","description":"Erstellen Sie ein ma\u00dfgeschneidertes Google Maps-Widget f\u00fcr die Squarespace-Site. Demonstrieren Sie umfangreiche Karten in nur 2 Minuten kostenlos im einfachsten Plugin-Panel.","robots":{"index":"index","follow":"follow","max-snippet":"max-snippet:-1","max-image-preview":"max-image-preview:large","max-video-preview":"max-video-preview:-1"},"canonical":"https:\/\/elfsight.com\/de\/google-maps-widget\/squarespace\/","og_locale":"de_DE","og_type":"article","og_title":"Google Maps \u2013 Karten-Widget zur SquareSpace-Website hinzuf\u00fcgen","og_description":"Erstellen Sie ein ma\u00dfgeschneidertes Google Maps-Widget f\u00fcr die Squarespace-Site. Demonstrieren Sie umfangreiche Karten in nur 2 Minuten kostenlos im einfachsten Plugin-Panel.","og_url":"https:\/\/elfsight.com\/de\/google-maps-widget\/squarespace\/","og_site_name":"Elfsight DE","article_modified_time":"2026-02-20T10:23:22+00:00","twitter_card":"summary_large_image","twitter_misc":{"Gesch\u00e4tzte Lesezeit":"3\u00a0Minuten"},"schema":{"@context":"https:\/\/schema.org","@graph":[{"@type":"WebPage","@id":"https:\/\/elfsight.com\/de\/google-maps-widget\/squarespace\/","url":"https:\/\/elfsight.com\/de\/google-maps-widget\/squarespace\/","name":"Google Maps \u2013 Karten-Widget zur SquareSpace-Website hinzuf\u00fcgen","isPartOf":{"@id":"https:\/\/elfsight.com\/de\/#website"},"datePublished":"2024-05-03T06:38:44+00:00","dateModified":"2026-02-20T10:23:22+00:00","description":"Erstellen Sie ein ma\u00dfgeschneidertes Google Maps-Widget f\u00fcr die Squarespace-Site. Demonstrieren Sie umfangreiche Karten in nur 2 Minuten kostenlos im einfachsten Plugin-Panel.","breadcrumb":{"@id":"https:\/\/elfsight.com\/de\/google-maps-widget\/squarespace\/#breadcrumb"},"inLanguage":"de","potentialAction":[{"@type":"ReadAction","target":["https:\/\/elfsight.com\/de\/google-maps-widget\/squarespace\/"]}]},{"@type":"BreadcrumbList","@id":"https:\/\/elfsight.com\/de\/google-maps-widget\/squarespace\/#breadcrumb","itemListElement":[{"@type":"ListItem","position":1,"name":"Home","item":"https:\/\/elfsight.com\/de\/"},{"@type":"ListItem","position":2,"name":"Google Maps","item":"https:\/\/elfsight.com\/de\/google-maps-widget\/"},{"@type":"ListItem","position":3,"name":"Google Maps &#8211; Squarespace"}]},{"@type":"WebSite","@id":"https:\/\/elfsight.com\/de\/#website","url":"https:\/\/elfsight.com\/de\/","name":"Elfsight DE","description":"Just another Elfsight Sites site","potentialAction":[{"@type":"SearchAction","target":{"@type":"EntryPoint","urlTemplate":"https:\/\/elfsight.com\/de\/?s={search_term_string}"},"query-input":{"@type":"PropertyValueSpecification","valueRequired":true,"valueName":"search_term_string"}}],"inLanguage":"de"}]}},"meta_box":{"industry":"","seo_heading":"","heading":"","description":"","cta_heading":"","cta_description":"","application":"464","h1":"Google Maps-Widget f\u00fcr Squarespace","h1_caption":"Betten Sie eine responsive Google-Karte ein, um Ihren Standort oder mehrere Standorte anzuzeigen und so m\u00fchelos auf Ihrer Squarespace-Website zu navigieren.","application_category":[],"applications_title":"","applications_request_title":"","applications_request_button_text":"","hero_text":"","hero_video":"","hero_video_schema_markup":"","selling_points_title":"","selling_points_caption":"","selling_points":[],"selling_points_cta_text":"","features_title":"","features":"","ed_cta_examples_text":"","ed_cta_examples_hidden":"","ed_cta_demo_text":"","ed_cta_demo_hidden":"","why_caption":"","why_editor_title":"","why_editor_text":"","why_team_title":"","why_team_text":"","why_service_title":"","why_service_text":"","template_catalog_visible":"0","template_catalog_title":"","template_catalog_text":"","template_catalog_categories_visible":"","demo_title":"Erstellen Sie Ihr Google Maps-Plugin","demo_caption":"Konfigurieren Sie Ihr Google Maps und f\u00fcgen Sie es kostenlos zu Ihrer Squarespace-Website hinzu!","default_faq_hidden":"","app_template_category":[],"platform":"252","template_public_id":"","codecanyon_url":"","codecanyon_item_id":"","codecanyon_price":"","pricing_caption":"","pricing_elfsight_apps_hide_column":"","pricing_elfsight_apps_url":"","pricing_codecanyon_price_caption":"","integration_category":[],"integration_request_title":"","integration_request_cta":"","integration_platform":"","integrations":[],"platform_category":[],"video_schema_markup":"","price":"ab 0 $ \/ Monat","trial":"","benefits":[{"text":"Kostenlose Installationsunterst\u00fctzung"},{"text":"Au\u00dfergew\u00f6hnlicher Support"},{"text":"14-t\u00e4gige R\u00fcckerstattungsgarantie"},{"text":"Zuk\u00fcnftige Verbesserungen"}],"button_url":"#demo","button_target_blank":"0","button_nofollow":"0","attributes":[{"name":"Installiert","content":"100,000 - 500,000"},{"name":"Reaktionsfreudig","content":"Ja"},{"name":"Kompatible Browser","content":"Firefox, Safari, Opera, Chrome, Edge"}],"tags":[],"tags_disable_links":"0","hide_more_platforms":"0","video_object":"","demo_hide_cta":"0","demo_hide_cloud_options":"0","pricing_title":"","pricing":[{"pricing_icon":"platform","pricing_title":"Elfsight Apps","pricing_title_caption":"Multiplattform-Version","pricing_price":"ab 0 $ \/ Monat","pricing_price_caption":"Beginnen Sie mit einem kostenlosen Plan","pricing_benefits":[{"text":"Unbegrenzte Websites"},{"text":"Schneller und p\u00fcnktlicher Support"},{"text":"Kostenloser Installationssupport"},{"text":"100 % anpassbar"}],"pricing_button_text":"Zur Website hinzuf\u00fcgen","pricing_button_url":"#demo"}],"related_apps_title":"","related_apps_hidden":"0","author":"","image":[],"title":"","job":"","social_networks":[]},"_links":{"self":[{"href":"https:\/\/elfsight.com\/de\/wp-json\/wp\/v2\/pages\/20560","targetHints":{"allow":["GET"]}}],"collection":[{"href":"https:\/\/elfsight.com\/de\/wp-json\/wp\/v2\/pages"}],"about":[{"href":"https:\/\/elfsight.com\/de\/wp-json\/wp\/v2\/types\/page"}],"author":[{"embeddable":true,"href":"https:\/\/elfsight.com\/de\/wp-json\/wp\/v2\/users\/9"}],"replies":[{"embeddable":true,"href":"https:\/\/elfsight.com\/de\/wp-json\/wp\/v2\/comments?post=20560"}],"version-history":[{"count":4,"href":"https:\/\/elfsight.com\/de\/wp-json\/wp\/v2\/pages\/20560\/revisions"}],"predecessor-version":[{"id":25632,"href":"https:\/\/elfsight.com\/de\/wp-json\/wp\/v2\/pages\/20560\/revisions\/25632"}],"up":[{"embeddable":true,"href":"https:\/\/elfsight.com\/de\/wp-json\/wp\/v2\/pages\/894"}],"wp:attachment":[{"href":"https:\/\/elfsight.com\/de\/wp-json\/wp\/v2\/media?parent=20560"}],"curies":[{"name":"wp","href":"https:\/\/api.w.org\/{rel}","templated":true}]}}