{"id":20559,"date":"2024-05-03T06:38:43","date_gmt":"2024-05-03T06:38:43","guid":{"rendered":"https:\/\/elfsight.com\/de\/?page_id=20559"},"modified":"2025-01-15T05:12:04","modified_gmt":"2025-01-15T05:12:04","slug":"webflow","status":"publish","type":"page","link":"https:\/\/elfsight.com\/de\/google-maps-widget\/webflow\/","title":{"rendered":"Google Maps &#8211; Webflow"},"content":{"rendered":"\n<div class=\"application-platform-content-item-description application-platform-content-item\" id=\"description\" data-nav-section=\"description\"><h2>Betten Sie Google Maps mit dem Elfsight-Widget in Webflow ein<\/h2>Eine schnelle Konfiguration, eine universelle und vollst\u00e4ndig benutzerdefinierte Benutzeroberfl\u00e4che machen es Ihren Kunden viel einfacher um nach Ihren Kartenpunkten zu suchen. Erfolgreiches Anlocken echter Kunden, schnelles Hinzuf\u00fcgen und Konfigurieren einer Website machen sie zum vielleicht besten Instrument f\u00fcr jede Webflow-Site. <b>Gewinnen Sie mehr echte Kunden mit attraktiven Karten auf Ihrer Website!<\/b><ul> <li><b>Maximieren Sie die Interaktion Ihrer Kunden mit Karten<\/b>. Erstellen Sie eine pers\u00f6nliche Karte, die f\u00fcr Besucher komfortabel ist, und f\u00fcgen Sie sie in Ihre Website ein, damit Besucher Ihre Kontaktinformationen problemlos nutzen k\u00f6nnen.<\/li> <li><b>Zeigen Sie eine vollst\u00e4ndige Liste Ihrer Punkte auf der Karte an. <\/b>Zeigen Sie auf der Karte alle verf\u00fcgbaren Gesch\u00e4fte, Verkaufs- oder Kommissionierstandorte an und erm\u00f6glichen Sie Ihren Kunden eine benutzerfreundliche Karte, um den Standort der Schr\u00e4nke zu finden.<\/li> <li><b>Verbringen Sie Ihre M\u00fche nicht mit der Erstellung von Karten<\/b>. Alle Funktionen sind mit 2 Klicks verf\u00fcgbar, sodass Sie in nur wenigen Sekunden die leistungsst\u00e4rkste Karte f\u00fcr Ihre Website erstellen k\u00f6nnen.<\/li> <\/ul><\/div><div class=\"application-platform-content-item-features application-platform-content-item\" id=\"features\" data-nav-section=\"features\"><h2>Hauptfunktionen des Google Maps-Widgets<\/h2>Welche Funktionen machen die Elfsight-Karte zur besten f\u00fcr alle Webflow-Sites?<ul> <li>Vielf\u00e4ltige Standorte Markierungen f\u00fcr interaktive Karte;<\/li> <li>4 Kartentypen: Stra\u00dfenkarte, Satellit, Hybrid, Gel\u00e4nde;<\/li> <li>Infokarte wird f\u00fcr jede Markierung einzeln eingeblendet;<\/li> <li>Animation mit 3 Markierungen Typen;<\/li> <li>\u00dcber 60 Sprachen werden unterst\u00fctzt.<\/li><\/ul><a href=\"#demo\">Studieren Sie die vollst\u00e4ndige Liste der Merkmale im Panel!<\/a><\/div><div class=\"application-platform-content-item-installation application-platform-content-item\" id=\"installation\" data-nav-section=\"installation\"><h2>So f\u00fcgen Sie das Google Maps-Widget zur Webflow-Website hinzu<\/h2><div class=\"video-container\"><iframe width=\"560\" height=\"315\" src=\"https:\/\/www.youtube.com\/embed\/GJlb5ZLdPuI?si=U2_M-u_0BIO_wfAp\" frameborder=\"0\" allow=\"accelerometer; autoplay; clipboard-write; encrypted-media; gyroscope; picture-in-picture; web-share\" allowfullscreen><\/iframe><\/div>Eine kurze Anleitung zur eigenst\u00e4ndigen Installation responsiver Karten auf Webflow. Dazu m\u00fcssen Sie keinen Entwickler engagieren oder \u00fcber Kenntnisse in der eigenen Entwicklung verf\u00fcgen. Die Gesamtdauer der Einrichtung betr\u00e4gt nur 3 Minuten.<ol> <li><b>Generieren Sie Ihre pers\u00f6nlichen Google Maps.<\/b> Gestalten Sie mit unserer kostenlosen Demo ein Widget mit den erforderlichen Vorlagen und Funktionen.<\/li> <li><b>Kopieren Sie einen Code zum Anzeigen des Widgets.<\/b> Rufen Sie nach der Widget-Generierung einen Code f\u00fcr das Karten-Widget aus der angezeigten Benachrichtigung auf Elfsight Apps ab.<\/li> <li><b>Zeigen Sie das Widget auf der Webflow-Site an.<\/b> Integrieren Sie das Widget an der ben\u00f6tigten Stelle der Seite und ver\u00f6ffentlichen Sie die \u00c4nderungen.<\/li> <li><b>Die Installation ist abgeschlossen.<\/b> Gehen Sie zu Ihrer Webflow-Site, um Ihre Karte zu \u00fcberpr\u00fcfen.<\/li><\/ol>Haben Sie Schwierigkeiten oder Probleme beim Befolgen des Handbuchs oder beim Erstellen Ihrer eigenen Karte? Lesen Sie eine informative Anleitung &#8222;<a href=\"https:\/\/elfsight.com\/tutorials\/how-to-add-google-maps-builder-to-webflow\/\" target=\"_blank\" rel=\"noopener noreferrer\">How um eine Karte auf der Webflow-Website zu platzieren<\/a>&#8220; oder hinterlassen Sie eine Anfrage beim Kundensupport. Wir helfen Ihnen gerne bei der Erstellung und Anzeige von Karten auf Ihrer Website.<div class=\"faq\" data-component=\"FAQ\"><div class=\"faq-item\">\r\n\t\t\t\t\t<div class=\"faq-item-question\">\r\n\t\t\t\t\t\t<h3 class=\"faq-item-question-text\">Wie kann ich Google Maps zu meiner Webflow-Website ohne Programmierkenntnisse hinzuf\u00fcgen?<\/h3>\r\n\r\n\t\t\t\t\t\t<div class=\"faq-item-question-icon\"><\/div>\r\n\t\t\t\t\t<\/div>\r\n\r\n\t\t\t\t\t<div class=\"faq-item-answer\">\r\n\t\t\t\t\t\t<div class=\"faq-item-answer-text\"> W\u00e4hlen Sie eine der vorgefertigten Vorlagen aus und passen Sie die Google Maps-Einstellungen an, f\u00fcgen Sie Ihre Inhalte hinzu, \u00e4ndern Sie das Layout und die Farben ohne Programmierkenntnisse. Speichern Sie Google Maps und kopieren Sie den Installationscode, den Sie m\u00fchelos in Ihre Webflow-Website einf\u00fcgen k\u00f6nnen, ohne ein kostenpflichtiges Abonnement zu kaufen. Mit unserem intuitiven Editor kann jeder Internetnutzer online ein Google Maps-Widget erstellen und es einfach in seine Webflow-Website einbetten. Sie m\u00fcssen weder bezahlen noch Ihre Kartendaten eingeben, um auf den Service zuzugreifen. Sollten bei irgendeinem Schritt Probleme auftreten, wenden Sie sich bitte an unser technisches Support-Team.<\/p> <\/div>\r\n\t\t\t\t\t<\/div>\r\n\t\t\t\t<\/div> <\/div><\/div>\n","protected":false},"excerpt":{"rendered":"","protected":false},"author":9,"featured_media":0,"parent":894,"menu_order":0,"comment_status":"closed","ping_status":"closed","template":"templates\/template-application-platform.php","meta":{"publish_to_discourse":"","publish_post_category":"","wpdc_auto_publish_overridden":"","wpdc_topic_tags":"","wpdc_pin_topic":"","wpdc_pin_until":"","discourse_post_id":"","discourse_permalink":"","wpdc_publishing_response":"","wpdc_publishing_error":"","footnotes":""},"class_list":["post-20559","page","type-page","status-publish","hentry"],"yoast_head":"<!-- This site is optimized with the Yoast SEO plugin v25.3.1 - https:\/\/yoast.com\/wordpress\/plugins\/seo\/ -->\n<title>Google Maps \u2013 Karten-Widget zur Webflow-Website hinzuf\u00fcgen<\/title>\n<meta name=\"description\" content=\"Gestalten Sie ein ma\u00dfgeschneidertes Google Maps-Widget f\u00fcr die Webflow-Site. Installieren Sie interaktive Karten in nur 3 Minuten kostenlos im schnellsten Plugin-Panel.\" \/>\n<meta name=\"robots\" content=\"index, follow, max-snippet:-1, max-image-preview:large, max-video-preview:-1\" \/>\n<link rel=\"canonical\" href=\"https:\/\/elfsight.com\/de\/google-maps-widget\/webflow\/\" \/>\n<meta property=\"og:locale\" content=\"de_DE\" \/>\n<meta property=\"og:type\" content=\"article\" \/>\n<meta property=\"og:title\" content=\"Google Maps \u2013 Karten-Widget zur Webflow-Website hinzuf\u00fcgen\" \/>\n<meta property=\"og:description\" content=\"Gestalten Sie ein ma\u00dfgeschneidertes Google Maps-Widget f\u00fcr die Webflow-Site. Installieren Sie interaktive Karten in nur 3 Minuten kostenlos im schnellsten Plugin-Panel.\" \/>\n<meta property=\"og:url\" content=\"https:\/\/elfsight.com\/de\/google-maps-widget\/webflow\/\" \/>\n<meta property=\"og:site_name\" content=\"Elfsight DE\" \/>\n<meta property=\"article:modified_time\" content=\"2025-01-15T05:12:04+00:00\" \/>\n<meta name=\"twitter:card\" content=\"summary_large_image\" \/>\n<meta name=\"twitter:label1\" content=\"Gesch\u00e4tzte Lesezeit\" \/>\n\t<meta name=\"twitter:data1\" content=\"3\u00a0Minuten\" \/>\n<!-- \/ Yoast SEO plugin. -->","yoast_head_json":{"title":"Google Maps \u2013 Karten-Widget zur Webflow-Website hinzuf\u00fcgen","description":"Gestalten Sie ein ma\u00dfgeschneidertes Google Maps-Widget f\u00fcr die Webflow-Site. Installieren Sie interaktive Karten in nur 3 Minuten kostenlos im schnellsten Plugin-Panel.","robots":{"index":"index","follow":"follow","max-snippet":"max-snippet:-1","max-image-preview":"max-image-preview:large","max-video-preview":"max-video-preview:-1"},"canonical":"https:\/\/elfsight.com\/de\/google-maps-widget\/webflow\/","og_locale":"de_DE","og_type":"article","og_title":"Google Maps \u2013 Karten-Widget zur Webflow-Website hinzuf\u00fcgen","og_description":"Gestalten Sie ein ma\u00dfgeschneidertes Google Maps-Widget f\u00fcr die Webflow-Site. Installieren Sie interaktive Karten in nur 3 Minuten kostenlos im schnellsten Plugin-Panel.","og_url":"https:\/\/elfsight.com\/de\/google-maps-widget\/webflow\/","og_site_name":"Elfsight DE","article_modified_time":"2025-01-15T05:12:04+00:00","twitter_card":"summary_large_image","twitter_misc":{"Gesch\u00e4tzte Lesezeit":"3\u00a0Minuten"},"schema":{"@context":"https:\/\/schema.org","@graph":[{"@type":"WebPage","@id":"https:\/\/elfsight.com\/de\/google-maps-widget\/webflow\/","url":"https:\/\/elfsight.com\/de\/google-maps-widget\/webflow\/","name":"Google Maps \u2013 Karten-Widget zur Webflow-Website hinzuf\u00fcgen","isPartOf":{"@id":"https:\/\/elfsight.com\/de\/#website"},"datePublished":"2024-05-03T06:38:43+00:00","dateModified":"2025-01-15T05:12:04+00:00","description":"Gestalten Sie ein ma\u00dfgeschneidertes Google Maps-Widget f\u00fcr die Webflow-Site. Installieren Sie interaktive Karten in nur 3 Minuten kostenlos im schnellsten Plugin-Panel.","breadcrumb":{"@id":"https:\/\/elfsight.com\/de\/google-maps-widget\/webflow\/#breadcrumb"},"inLanguage":"de","potentialAction":[{"@type":"ReadAction","target":["https:\/\/elfsight.com\/de\/google-maps-widget\/webflow\/"]}]},{"@type":"BreadcrumbList","@id":"https:\/\/elfsight.com\/de\/google-maps-widget\/webflow\/#breadcrumb","itemListElement":[{"@type":"ListItem","position":1,"name":"Home","item":"https:\/\/elfsight.com\/de\/"},{"@type":"ListItem","position":2,"name":"Google Maps","item":"https:\/\/elfsight.com\/de\/google-maps-widget\/"},{"@type":"ListItem","position":3,"name":"Google Maps &#8211; Webflow"}]},{"@type":"WebSite","@id":"https:\/\/elfsight.com\/de\/#website","url":"https:\/\/elfsight.com\/de\/","name":"Elfsight DE","description":"Just another Elfsight Sites site","potentialAction":[{"@type":"SearchAction","target":{"@type":"EntryPoint","urlTemplate":"https:\/\/elfsight.com\/de\/?s={search_term_string}"},"query-input":{"@type":"PropertyValueSpecification","valueRequired":true,"valueName":"search_term_string"}}],"inLanguage":"de"}]}},"meta_box":{"industry":"","seo_heading":"","heading":"","description":"","cta_heading":"","cta_description":"","application":"464","h1":"Google Maps-Widget f\u00fcr Webflow","h1_caption":"Betten Sie eine responsive Google-Karte ein, um Ihren Standort oder mehrere Standorte anzuzeigen und so m\u00fchelos auf Ihrer Webflow-Website zu navigieren.","application_category":[],"applications_title":"","applications_request_title":"","applications_request_button_text":"","hero_text":"","hero_video":"","hero_video_schema_markup":"","selling_points_title":"","selling_points_caption":"","selling_points":[],"selling_points_cta_text":"","features_title":"","features":"","ed_cta_examples_text":"","ed_cta_examples_hidden":"","ed_cta_demo_text":"","ed_cta_demo_hidden":"","why_caption":"","why_editor_title":"","why_editor_text":"","why_team_title":"","why_team_text":"","why_service_title":"","why_service_text":"","template_catalog_visible":"0","template_catalog_title":"","template_catalog_text":"","template_catalog_categories_visible":"","demo_title":"Erstellen Sie Ihr Google Maps-Widget","demo_caption":"Konfigurieren Sie Ihr Google Maps und f\u00fcgen Sie es kostenlos zu Ihrer Webflow-Website hinzu!","default_faq_hidden":"","app_template_category":[],"platform":"250","template_public_id":"","codecanyon_url":"","codecanyon_item_id":"","codecanyon_price":"","pricing_caption":"","pricing_elfsight_apps_hide_column":"","pricing_elfsight_apps_url":"","pricing_codecanyon_price_caption":"","integration_category":[],"integration_request_title":"","integration_request_cta":"","integration_platform":"","integrations":[],"platform_category":[],"video_schema_markup":"","price":"ab 0 $ \/ Monat","trial":"","benefits":[{"text":"Kostenlose Installationshilfe"},{"text":"Professioneller Kundenservice"},{"text":"14-t\u00e4gige R\u00fcckerstattungsgarantie"},{"text":"Zuk\u00fcnftige kostenlose Updates"}],"button_url":"#demo","button_target_blank":"0","button_nofollow":"0","attributes":[{"name":"Installiert","content":"100,000 - 500,000"},{"name":"Reaktionsfreudig","content":"Ja"},{"name":"Kompatible Browser","content":"Opera, Edge, Firefox, Safari, Chrome"}],"tags":[],"tags_disable_links":"0","hide_more_platforms":"","video_object":"","demo_hide_cta":"0","demo_hide_cloud_options":"0","pricing_title":"","pricing":[{"pricing_icon":"platform","pricing_title":"Webflow widget","pricing_title_caption":"Plattform\u00fcbergreifende Software, die auf jeder Website funktioniert (einschlie\u00dflich Webflow)","pricing_price":"ab 0 $ \/ Monat","pricing_price_caption":"Beginnen Sie mit einem kostenlosen Plan","pricing_benefits":[{"text":"Unbegrenzte Websites"},{"text":"Professionelle und p\u00fcnktliche Unterst\u00fctzung"},{"text":"Kostenlose Installationsunterst\u00fctzung"},{"text":"Sonderangebot f\u00fcr mehrere Apps"}],"pricing_button_text":"Zur Website hinzuf\u00fcgen","pricing_button_url":"#demo"}],"related_apps_title":"","related_apps_hidden":"0","author":"","image":[],"title":"","job":"","social_networks":[]},"_links":{"self":[{"href":"https:\/\/elfsight.com\/de\/wp-json\/wp\/v2\/pages\/20559","targetHints":{"allow":["GET"]}}],"collection":[{"href":"https:\/\/elfsight.com\/de\/wp-json\/wp\/v2\/pages"}],"about":[{"href":"https:\/\/elfsight.com\/de\/wp-json\/wp\/v2\/types\/page"}],"author":[{"embeddable":true,"href":"https:\/\/elfsight.com\/de\/wp-json\/wp\/v2\/users\/9"}],"replies":[{"embeddable":true,"href":"https:\/\/elfsight.com\/de\/wp-json\/wp\/v2\/comments?post=20559"}],"version-history":[{"count":3,"href":"https:\/\/elfsight.com\/de\/wp-json\/wp\/v2\/pages\/20559\/revisions"}],"predecessor-version":[{"id":23704,"href":"https:\/\/elfsight.com\/de\/wp-json\/wp\/v2\/pages\/20559\/revisions\/23704"}],"up":[{"embeddable":true,"href":"https:\/\/elfsight.com\/de\/wp-json\/wp\/v2\/pages\/894"}],"wp:attachment":[{"href":"https:\/\/elfsight.com\/de\/wp-json\/wp\/v2\/media?parent=20559"}],"curies":[{"name":"wp","href":"https:\/\/api.w.org\/{rel}","templated":true}]}}