{"id":20558,"date":"2024-05-03T06:38:42","date_gmt":"2024-05-03T06:38:42","guid":{"rendered":"https:\/\/elfsight.com\/de\/?page_id=20558"},"modified":"2025-01-15T05:14:01","modified_gmt":"2025-01-15T05:14:01","slug":"webnode","status":"publish","type":"page","link":"https:\/\/elfsight.com\/de\/google-maps-widget\/webnode\/","title":{"rendered":"Google Maps &#8211; Webnode"},"content":{"rendered":"<div class=\"application-platform-content-item-description application-platform-content-item\" id=\"description\" data-nav-section=\"description\">\n<h2>Beschreibung<\/h2>\nDie unkomplizierte Installation und die effektive und vollst\u00e4ndig anpassbare Benutzeroberfl\u00e4che erleichtern Ihren Kunden die Suche nach Ihren Adressen auf der Karte. Durch die Gewinnung echter Kunden, schnelles Hinzuf\u00fcgen zu einer Site und Anpassungsoptionen wird sie zu einem der besten Plugins f\u00fcr jede Webnode-Site. <b>Generieren Sie mehr echte Kunden dank interaktiver Karten auf Ihrer Site!<\/b>\n<ul>\n \t<li><b>Gehen Sie n\u00e4her an Ihre Kunden heran<\/b>. Geben Sie Ihre Kontaktdaten preis, mit denen Kunden Sie anschreiben oder Sie sowohl im echten Leben als auch im Internet erreichen k\u00f6nnen.<\/li>\n \t<li><b>Zeigen Sie eine vollst\u00e4ndige Liste Ihrer Gesch\u00e4fte auf der Karte an<\/b>. Lokalisieren Sie auf der Karte alle \u00f6ffentlichen Orte, Verkaufs- oder Kommissionierstellen und lassen Sie Ihre Benutzer einfach den am besten geeigneten Standort ausw\u00e4hlen und werden daf\u00fcr dankbar sein.<\/li>\n \t<li><b>Verwenden Sie unendlich viele Orte auf einer Karte<\/b>. Begrenzen Sie nicht die Anzahl Ihrer Orte auf der Karte, sondern markieren Sie alles, was f\u00fcr Ihre Kunden notwendig und unterhaltsam sein k\u00f6nnte.<\/li>\n<\/ul>\n<\/div><div class=\"application-platform-content-item-features application-platform-content-item\" id=\"features\" data-nav-section=\"features\">\n<h2>Funktionen<\/h2>\nWelche Vorteile machen die Elfsight-Karte zur besten f\u00fcr Ihre Webnode-Site?\n<ul>\n \t<li>Hinzuf\u00fcgen eines neuen Standorts durch einfache Eingabe seine Adresse, sein Name oder seine Koordinaten;<\/li>\n \t<li>5 Google Maps-Ebenen: POI, Verkehr, \u00d6PNV, Fahrrad, Street View;<\/li>\n \t<li>Infokarte mit maximalen Kontaktinformationen;<\/li>\n \t<li>\u00dcber 50 Standortmarkierungen;<\/li>\n \t<li>Regelm\u00e4\u00dfige Live-Updates verf\u00fcgbar.<\/li>\n<\/ul>\n<a href=\"#demo\">Probieren Sie die vollst\u00e4ndige Liste der Vorteile im Editor aus!<\/a> <\/div><div class=\"application-platform-content-item-installation application-platform-content-item\" id=\"installation\" data-nav-section=\"installation\">\n<h2>So f\u00fcgen Sie das Google Maps-Plugin zur Webnode-Website hinzu<\/h2>\nEine kurze Anleitung zum selbst\u00e4ndigen Anzeigen responsiver Karten auf einer Webnode-Website. Um es zu befolgen, m\u00fcssen Sie keinen Programmierer einstellen oder \u00fcber Kenntnisse in der Webprogrammierung verf\u00fcgen. Die gesamte Einrichtungszeit betr\u00e4gt nur 2 Minuten.\n<ol>\n \t<li><b>Erstellen Sie Ihre individuellen Google Maps<\/b>. Generieren Sie mit unserem kostenlosen Editor ein Plugin mit bevorzugtem Design und Optionen.<\/li>\n \t<li><b>Kopieren Sie den Code zum Hinzuf\u00fcgen des Plugins<\/b>. Rufen Sie nach der Widget-Anpassung den Code f\u00fcr das Karten-Plugin aus dem erscheinenden Fenster von Elfsight Apps ab.<\/li>\n \t<li><b>Platzieren Sie das Plugin auf der Webnode-Website<\/b>. F\u00fcgen Sie das Plugin an der gew\u00fcnschten Stelle der Website hinzu und speichern Sie die \u00c4nderungen.<\/li>\n \t<li><b>Sie haben die Installation vollst\u00e4ndig durchgef\u00fchrt<\/b>. Geben Sie Ihre Webnode-Site ein, um Ihr Plugin zu \u00fcberpr\u00fcfen.<\/li>\n<\/ol>\nHaben Sie beim Durcharbeiten des Handbuchs oder beim Einrichten Ihrer eigenen Karte Schwierigkeiten oder Fragen? Wenden Sie sich an den Kundensupport und wir beraten Sie gerne beim Entwerfen und Hinzuf\u00fcgen von Karten auf Ihrer Website.<div class=\"faq\" data-component=\"FAQ\"> <div class=\"faq-item\">\r\n\t\t\t\t\t<div class=\"faq-item-question\">\r\n\t\t\t\t\t\t<h3 class=\"faq-item-question-text\">Wie kann ich Google Maps ohne Programmierkenntnisse zu meiner Webnode-Website hinzuf\u00fcgen?<\/h3>\r\n\r\n\t\t\t\t\t\t<div class=\"faq-item-question-icon\"><\/div>\r\n\t\t\t\t\t<\/div>\r\n\r\n\t\t\t\t\t<div class=\"faq-item-answer\">\r\n\t\t\t\t\t\t<div class=\"faq-item-answer-text\">Elfsight bietet eine SaaS-L\u00f6sung daf\u00fcr k\u00f6nnen Sie selbst ein Google Maps-Widget erstellen. Erleben Sie, wie einfach der Vorgang ist: Erstellen Sie direkt im Online-Editor ein Google Maps-Widget, das Sie gerne auf Ihrer Webnode-Website sehen m\u00f6chten. W\u00e4hlen Sie eine der vorgefertigten Vorlagen aus und passen Sie die Google Maps-Einstellungen an, f\u00fcgen Sie Ihre Inhalte hinzu, \u00e4ndern Sie das Layout und die Farben ohne Programmierkenntnisse. Speichern Sie Google Maps und kopieren Sie den Installationscode, den Sie problemlos in Ihre Webnode-Website einf\u00fcgen k\u00f6nnen, ohne ein kostenpflichtiges Abonnement erwerben zu m\u00fcssen. Mit unserem intuitiven Editor kann jeder Internetnutzer online ein Google Maps-Widget erstellen und es einfach in seine Webnode-Website einbetten. Sie m\u00fcssen weder bezahlen noch Ihre Kartendaten eingeben, um auf den Service zuzugreifen. Sollten bei irgendeinem Schritt Probleme auftreten, wenden Sie sich bitte an unser technisches Support-Team.<\/div>\r\n\t\t\t\t\t<\/div>\r\n\t\t\t\t<\/div> <\/div><\/div>","protected":false},"excerpt":{"rendered":"","protected":false},"author":9,"featured_media":0,"parent":894,"menu_order":0,"comment_status":"closed","ping_status":"closed","template":"templates\/template-application-platform.php","meta":{"publish_to_discourse":"","publish_post_category":"","wpdc_auto_publish_overridden":"","wpdc_topic_tags":"","wpdc_pin_topic":"","wpdc_pin_until":"","discourse_post_id":"","discourse_permalink":"","wpdc_publishing_response":"","wpdc_publishing_error":"","footnotes":""},"class_list":["post-20558","page","type-page","status-publish","hentry"],"yoast_head":"<!-- This site is optimized with the Yoast SEO plugin v25.3.1 - https:\/\/yoast.com\/wordpress\/plugins\/seo\/ -->\n<title>Google Maps \u2013 Karten-Widget zur Webnode-Website hinzuf\u00fcgen<\/title>\n<meta name=\"description\" content=\"Probieren Sie das beste Google Maps-Plugin f\u00fcr die Webnode-Site aus. Demonstrieren Sie interaktive Karten in nur 1 Minute kostenlos in der einfachsten Plugin-Demo.\" \/>\n<meta name=\"robots\" content=\"index, follow, max-snippet:-1, max-image-preview:large, max-video-preview:-1\" \/>\n<link rel=\"canonical\" href=\"https:\/\/elfsight.com\/de\/google-maps-widget\/webnode\/\" \/>\n<meta property=\"og:locale\" content=\"de_DE\" \/>\n<meta property=\"og:type\" content=\"article\" \/>\n<meta property=\"og:title\" content=\"Google Maps \u2013 Karten-Widget zur Webnode-Website hinzuf\u00fcgen\" \/>\n<meta property=\"og:description\" content=\"Probieren Sie das beste Google Maps-Plugin f\u00fcr die Webnode-Site aus. Demonstrieren Sie interaktive Karten in nur 1 Minute kostenlos in der einfachsten Plugin-Demo.\" \/>\n<meta property=\"og:url\" content=\"https:\/\/elfsight.com\/de\/google-maps-widget\/webnode\/\" \/>\n<meta property=\"og:site_name\" content=\"Elfsight DE\" \/>\n<meta property=\"article:modified_time\" content=\"2025-01-15T05:14:01+00:00\" \/>\n<meta name=\"twitter:card\" content=\"summary_large_image\" \/>\n<meta name=\"twitter:label1\" content=\"Gesch\u00e4tzte Lesezeit\" \/>\n\t<meta name=\"twitter:data1\" content=\"3\u00a0Minuten\" \/>\n<!-- \/ Yoast SEO plugin. -->","yoast_head_json":{"title":"Google Maps \u2013 Karten-Widget zur Webnode-Website hinzuf\u00fcgen","description":"Probieren Sie das beste Google Maps-Plugin f\u00fcr die Webnode-Site aus. Demonstrieren Sie interaktive Karten in nur 1 Minute kostenlos in der einfachsten Plugin-Demo.","robots":{"index":"index","follow":"follow","max-snippet":"max-snippet:-1","max-image-preview":"max-image-preview:large","max-video-preview":"max-video-preview:-1"},"canonical":"https:\/\/elfsight.com\/de\/google-maps-widget\/webnode\/","og_locale":"de_DE","og_type":"article","og_title":"Google Maps \u2013 Karten-Widget zur Webnode-Website hinzuf\u00fcgen","og_description":"Probieren Sie das beste Google Maps-Plugin f\u00fcr die Webnode-Site aus. Demonstrieren Sie interaktive Karten in nur 1 Minute kostenlos in der einfachsten Plugin-Demo.","og_url":"https:\/\/elfsight.com\/de\/google-maps-widget\/webnode\/","og_site_name":"Elfsight DE","article_modified_time":"2025-01-15T05:14:01+00:00","twitter_card":"summary_large_image","twitter_misc":{"Gesch\u00e4tzte Lesezeit":"3\u00a0Minuten"},"schema":{"@context":"https:\/\/schema.org","@graph":[{"@type":"WebPage","@id":"https:\/\/elfsight.com\/de\/google-maps-widget\/webnode\/","url":"https:\/\/elfsight.com\/de\/google-maps-widget\/webnode\/","name":"Google Maps \u2013 Karten-Widget zur Webnode-Website hinzuf\u00fcgen","isPartOf":{"@id":"https:\/\/elfsight.com\/de\/#website"},"datePublished":"2024-05-03T06:38:42+00:00","dateModified":"2025-01-15T05:14:01+00:00","description":"Probieren Sie das beste Google Maps-Plugin f\u00fcr die Webnode-Site aus. Demonstrieren Sie interaktive Karten in nur 1 Minute kostenlos in der einfachsten Plugin-Demo.","breadcrumb":{"@id":"https:\/\/elfsight.com\/de\/google-maps-widget\/webnode\/#breadcrumb"},"inLanguage":"de","potentialAction":[{"@type":"ReadAction","target":["https:\/\/elfsight.com\/de\/google-maps-widget\/webnode\/"]}]},{"@type":"BreadcrumbList","@id":"https:\/\/elfsight.com\/de\/google-maps-widget\/webnode\/#breadcrumb","itemListElement":[{"@type":"ListItem","position":1,"name":"Home","item":"https:\/\/elfsight.com\/de\/"},{"@type":"ListItem","position":2,"name":"Google Maps","item":"https:\/\/elfsight.com\/de\/google-maps-widget\/"},{"@type":"ListItem","position":3,"name":"Google Maps &#8211; Webnode"}]},{"@type":"WebSite","@id":"https:\/\/elfsight.com\/de\/#website","url":"https:\/\/elfsight.com\/de\/","name":"Elfsight DE","description":"Just another Elfsight Sites site","potentialAction":[{"@type":"SearchAction","target":{"@type":"EntryPoint","urlTemplate":"https:\/\/elfsight.com\/de\/?s={search_term_string}"},"query-input":{"@type":"PropertyValueSpecification","valueRequired":true,"valueName":"search_term_string"}}],"inLanguage":"de"}]}},"meta_box":{"industry":"","seo_heading":"","heading":"","description":"","cta_heading":"","cta_description":"","application":"464","h1":"Google Maps-Widget f\u00fcr Webnode","h1_caption":"Betten Sie eine responsive Google-Karte ein, um Ihren Standort oder mehrere Standorte anzuzeigen und so m\u00fchelos auf Ihrer Webnode-Website zu navigieren.","application_category":[],"applications_title":"","applications_request_title":"","applications_request_button_text":"","hero_text":"","hero_video":"","hero_video_schema_markup":"","selling_points_title":"","selling_points_caption":"","selling_points":[],"selling_points_cta_text":"","features_title":"","features":"","ed_cta_examples_text":"","ed_cta_examples_hidden":"","ed_cta_demo_text":"","ed_cta_demo_hidden":"","why_caption":"","why_editor_title":"","why_editor_text":"","why_team_title":"","why_team_text":"","why_service_title":"","why_service_text":"","template_catalog_visible":"0","template_catalog_title":"","template_catalog_text":"","template_catalog_categories_visible":"","demo_title":"Erstellen Sie Ihr Google Maps-Widget","demo_caption":"Konfigurieren Sie Ihr Google Maps und f\u00fcgen Sie es kostenlos zu Ihrer Webnode-Website hinzu!","default_faq_hidden":"","app_template_category":[],"platform":"248","template_public_id":"","codecanyon_url":"","codecanyon_item_id":"","codecanyon_price":"","pricing_caption":"","pricing_elfsight_apps_hide_column":"","pricing_elfsight_apps_url":"","pricing_codecanyon_price_caption":"","integration_category":[],"integration_request_title":"","integration_request_cta":"","integration_platform":"","integrations":[],"platform_category":[],"video_schema_markup":"","price":"ab 0 $ \/ Monat","trial":"","benefits":[{"text":"Kostenlose Installationsunterst\u00fctzung"},{"text":"Professioneller Kundenservice"},{"text":"14-t\u00e4gige R\u00fcckerstattungsgarantie"},{"text":"Kontinuierliche Verbesserungen"}],"button_url":"#demo","button_target_blank":"0","button_nofollow":"0","attributes":[{"name":"Installiert","content":"100,000 - 500,000"},{"name":"Reaktionsfreudig","content":"Ja"},{"name":"Kompatible Browser","content":"Firefox, Safari, Opera, Chrome, Edge"}],"tags":[],"tags_disable_links":"0","hide_more_platforms":"","video_object":"","demo_hide_cta":"0","demo_hide_cloud_options":"0","pricing_title":"","pricing":[{"pricing_icon":"platform","pricing_title":"Elfsight Apps","pricing_title_caption":"Plattform\u00fcbergreifende Version, die f\u00fcr jede Website geeignet ist","pricing_price":"ab 0 $ \/ Monat","pricing_price_caption":"Beginnen Sie mit einem kostenlosen Plan","pricing_benefits":[{"text":"Unbegrenzte Websites"},{"text":"Engagierte Unternehmensunterst\u00fctzung"},{"text":"Kostenloser Installationsservice"},{"text":"Preis f\u00fcr mehrere Apps"}],"pricing_button_text":"Zur Website hinzuf\u00fcgen","pricing_button_url":"#demo"}],"related_apps_title":"","related_apps_hidden":"0","author":"","image":[],"title":"","job":"","social_networks":[]},"_links":{"self":[{"href":"https:\/\/elfsight.com\/de\/wp-json\/wp\/v2\/pages\/20558","targetHints":{"allow":["GET"]}}],"collection":[{"href":"https:\/\/elfsight.com\/de\/wp-json\/wp\/v2\/pages"}],"about":[{"href":"https:\/\/elfsight.com\/de\/wp-json\/wp\/v2\/types\/page"}],"author":[{"embeddable":true,"href":"https:\/\/elfsight.com\/de\/wp-json\/wp\/v2\/users\/9"}],"replies":[{"embeddable":true,"href":"https:\/\/elfsight.com\/de\/wp-json\/wp\/v2\/comments?post=20558"}],"version-history":[{"count":2,"href":"https:\/\/elfsight.com\/de\/wp-json\/wp\/v2\/pages\/20558\/revisions"}],"predecessor-version":[{"id":23705,"href":"https:\/\/elfsight.com\/de\/wp-json\/wp\/v2\/pages\/20558\/revisions\/23705"}],"up":[{"embeddable":true,"href":"https:\/\/elfsight.com\/de\/wp-json\/wp\/v2\/pages\/894"}],"wp:attachment":[{"href":"https:\/\/elfsight.com\/de\/wp-json\/wp\/v2\/media?parent=20558"}],"curies":[{"name":"wp","href":"https:\/\/api.w.org\/{rel}","templated":true}]}}