{"id":20557,"date":"2024-05-03T06:38:41","date_gmt":"2024-05-03T06:38:41","guid":{"rendered":"https:\/\/elfsight.com\/de\/?page_id=20557"},"modified":"2025-01-15T05:23:46","modified_gmt":"2025-01-15T05:23:46","slug":"wix","status":"publish","type":"page","link":"https:\/\/elfsight.com\/de\/google-maps-widget\/wix\/","title":{"rendered":"Google Maps &#8211; Wix"},"content":{"rendered":"\n<div class=\"application-platform-content-item-description application-platform-content-item\" id=\"description\" data-nav-section=\"description\"><h2>Beschreibung<\/h2>Unkomplizierte Installation, Multifunktionalit\u00e4t und vollst\u00e4ndige Anpassbarkeit helfen Ihnen bei der Erstellung von Karten und erleichtern das Auffinden von Standorten. Effizient bei der Gewinnung von Offline-Kunden, einfach in der Installation und Anpassung der Benutzeroberfl\u00e4che \u2013 es ist vielleicht das beste Instrument f\u00fcr jede Website von Wix. <b>Generieren Sie mehr echte Kunden mit interaktiven Karten auf Ihrer Website!<\/b><ul> <li> <b>Mehr Bestellungen von K\u00e4ufern \u00fcber Ihre Website<\/b>. Geben Sie umfassende Kontaktdaten an (Adresse, Telefonnummer, Messenger-\u00d6ffnungszeiten, Gesch\u00e4ftszeiten usw.), damit Ihre zuk\u00fcnftigen Kunden Sie auf jedem f\u00fcr sie bequemen Weg kontaktieren k\u00f6nnen.<\/li> <li><b>Erh\u00f6hen Sie die Konvertierung Ihrer Website mit Hilfe einer umfangreichen Infokarte Ihres Unternehmens<\/b>. Zeigen Sie vollst\u00e4ndige Kontaktinformationen an, um mehr zuk\u00fcnftige Benutzer zu finden, die mit Ihnen Kontakt aufnehmen m\u00f6chten, und sie zu einer n\u00e4chsten Kontaktaufnahme anzuregen Zum Kauf wechseln.<\/li> <li><b>Sparen Sie pers\u00f6nliche Zeit beim Erstellen von Karten<\/b>. Dutzende Einstellungen \u00f6ffnen sich mit 2 Klicks, erstellen Sie in nur wenigen Sekunden die leistungsst\u00e4rkste Karte f\u00fcr Ihre Website.<\/li> <\/ul><\/div><div class=\"application-platform-content-item-features application-platform-content-item\" id=\"features\" data-nav-section=\"features\"><h2>Funktionen<\/h2>Welche Optionen machen die Elfsight-Karte zur besten f\u00fcr Ihre Website von Wix?<ul> <li>Automatische Routenerstellung vom Standort des Besuchers aus;<\/li> <li>Alle Google Maps-Funktionen werden unterst\u00fctzt: Ebenen, Kartentypen, Steuerelemente;<\/li> <li>Titel des Standortfelds bearbeiten und Elemente ausw\u00e4hlen;<\/li> <li>5 vordefinierte Farbschemata;<\/li> <li>Praktischer Editor (keine Programmierung erforderlich).<\/li><\/ul><a href=\"#demo\">Probieren Sie alle Funktionen des Editors aus!<\/a><\/div><div class=\"application-platform-content-item-installation application-platform-content-item\" id=\"installation\" data-nav-section=\"installation\"><h2>So f\u00fcgen Sie die Google Maps-App zur Wix-Website hinzu<\/h2><div class=\"video-container\"><iframe width=\"560\" height=\"315\" src=\"https:\/\/www.youtube.com\/embed\/8MUxzhX70Os?si=N6AXaV4O06y_rft8\" frameborder=\"0\" allow=\"accelerometer; autoplay; clipboard-write; encrypted-media; gyroscope; picture-in-picture; web-share\" allowfullscreen><\/iframe><\/div>Eine kurze Anleitung zur selbstst\u00e4ndigen Integration responsiver Karten in Wix. F\u00fcr die Durchf\u00fchrung m\u00fcssen Sie keinen Entwickler engagieren oder \u00fcber Programmierkenntnisse verf\u00fcgen. Die Installationszeit betr\u00e4gt durchschnittlich nur 3 Minuten.<ol> <li><b>Erstellen Sie Ihr ma\u00dfgeschneidertes Google Maps<\/b>. Mit unserem <a href=\"#demo\">kostenlosen Editor<\/a>, einem Widget mit dem gew\u00fcnschten Design und den gew\u00fcnschten Einstellungen.<\/li> <li><b>Holen Sie sich einen Code zum Anzeigen des Widgets<\/b>. Rufen Sie nach der Widget-Konfiguration einen Code f\u00fcr die Karte aus dem erscheinenden Fenster in Elfsight Apps ab.<\/li> <li><b>Platzieren Sie das Widget auf der Website von Wix<\/b>. Zeigen Sie das Widget an der gew\u00fcnschten Stelle der Website an und wenden Sie die Ergebnisse an.<\/li> <li><b>Die Einrichtung ist abgeschlossen!<\/b> Los Besuchen Sie Ihre Website, um Ihre Arbeit zu sehen.<\/li><\/ol>Haben Sie Schwierigkeiten oder Probleme beim Ausf\u00fchren der Anleitung oder beim Erstellen einer benutzerdefinierten Karte? Lesen Sie ein vollst\u00e4ndiges Handbuch &#8222;<a href=\"https:\/\/elfsight.com\/tutorials\/how-to-add-google-maps-builder-to-wix\/\" target=\"_blank\" rel=\"noopener noreferrer\">Wie man eine Karte in eine Wix-Website einf\u00fcgt<\/a>&#8220; oder senden Sie eine Nachricht an das Elfsight-Supportcenter. Wir helfen Ihnen gerne bei der Gestaltung und Anzeige von Karten auf Ihrer Website.<div class=\"faq\" data-component=\"FAQ\"><div class=\"faq-item\">\r\n\t\t\t\t\t<div class=\"faq-item-question\">\r\n\t\t\t\t\t\t<h3 class=\"faq-item-question-text\">Wie kann ich Google Maps ohne Programmierkenntnisse zu meiner Wix-Website hinzuf\u00fcgen?<\/h3>\r\n\r\n\t\t\t\t\t\t<div class=\"faq-item-question-icon\"><\/div>\r\n\t\t\t\t\t<\/div>\r\n\r\n\t\t\t\t\t<div class=\"faq-item-answer\">\r\n\t\t\t\t\t\t<div class=\"faq-item-answer-text\"> W\u00e4hlen Sie eine der vorgefertigten Vorlagen aus und passen Sie die Google Maps-Einstellungen an, f\u00fcgen Sie Ihre Inhalte hinzu, \u00e4ndern Sie das Layout und die Farben ohne Programmierkenntnisse. Speichern Sie Google Maps und kopieren Sie den Installationscode, den Sie problemlos in Ihre Wix-Website integrieren k\u00f6nnen, ohne eine kostenpflichtige Version kaufen zu m\u00fcssen. Mit unserem intuitiven Editor kann jeder Internetnutzer online ein Google Maps-Widget erstellen und es einfach in seine Wix-Website einbetten. Sie m\u00fcssen weder bezahlen noch Ihre Kartendaten eingeben, um auf den Service zuzugreifen. Sollten bei irgendeinem Schritt Probleme auftreten, wenden Sie sich bitte an unser technisches Support-Team.<\/p> <\/div>\r\n\t\t\t\t\t<\/div>\r\n\t\t\t\t<\/div> <\/div><\/div>\n","protected":false},"excerpt":{"rendered":"","protected":false},"author":9,"featured_media":0,"parent":894,"menu_order":0,"comment_status":"closed","ping_status":"closed","template":"templates\/template-application-platform.php","meta":{"publish_to_discourse":"","publish_post_category":"","wpdc_auto_publish_overridden":"","wpdc_topic_tags":"","wpdc_pin_topic":"","wpdc_pin_until":"","discourse_post_id":"","discourse_permalink":"","wpdc_publishing_response":"","wpdc_publishing_error":"","footnotes":""},"class_list":["post-20557","page","type-page","status-publish","hentry"],"yoast_head":"<!-- This site is optimized with the Yoast SEO plugin v25.3.1 - https:\/\/yoast.com\/wordpress\/plugins\/seo\/ -->\n<title>Google Maps \u2013 Karten-App zur Website von Wix hinzuf\u00fcgen<\/title>\n<meta name=\"description\" content=\"Gestalten Sie eine individuelle Google Maps-App f\u00fcr die Website von Wix. Zeigen Sie interaktive Karten in nur 1 Minute kostenlos im praktischsten Widget-Panel an.\" \/>\n<meta name=\"robots\" content=\"index, follow, max-snippet:-1, max-image-preview:large, max-video-preview:-1\" \/>\n<link rel=\"canonical\" href=\"https:\/\/elfsight.com\/de\/google-maps-widget\/wix\/\" \/>\n<meta property=\"og:locale\" content=\"de_DE\" \/>\n<meta property=\"og:type\" content=\"article\" \/>\n<meta property=\"og:title\" content=\"Google Maps \u2013 Karten-App zur Website von Wix hinzuf\u00fcgen\" \/>\n<meta property=\"og:description\" content=\"Gestalten Sie eine individuelle Google Maps-App f\u00fcr die Website von Wix. Zeigen Sie interaktive Karten in nur 1 Minute kostenlos im praktischsten Widget-Panel an.\" \/>\n<meta property=\"og:url\" content=\"https:\/\/elfsight.com\/de\/google-maps-widget\/wix\/\" \/>\n<meta property=\"og:site_name\" content=\"Elfsight DE\" \/>\n<meta property=\"article:modified_time\" content=\"2025-01-15T05:23:46+00:00\" \/>\n<meta name=\"twitter:card\" content=\"summary_large_image\" \/>\n<meta name=\"twitter:label1\" content=\"Gesch\u00e4tzte Lesezeit\" \/>\n\t<meta name=\"twitter:data1\" content=\"3\u00a0Minuten\" \/>\n<!-- \/ Yoast SEO plugin. -->","yoast_head_json":{"title":"Google Maps \u2013 Karten-App zur Website von Wix hinzuf\u00fcgen","description":"Gestalten Sie eine individuelle Google Maps-App f\u00fcr die Website von Wix. Zeigen Sie interaktive Karten in nur 1 Minute kostenlos im praktischsten Widget-Panel an.","robots":{"index":"index","follow":"follow","max-snippet":"max-snippet:-1","max-image-preview":"max-image-preview:large","max-video-preview":"max-video-preview:-1"},"canonical":"https:\/\/elfsight.com\/de\/google-maps-widget\/wix\/","og_locale":"de_DE","og_type":"article","og_title":"Google Maps \u2013 Karten-App zur Website von Wix hinzuf\u00fcgen","og_description":"Gestalten Sie eine individuelle Google Maps-App f\u00fcr die Website von Wix. Zeigen Sie interaktive Karten in nur 1 Minute kostenlos im praktischsten Widget-Panel an.","og_url":"https:\/\/elfsight.com\/de\/google-maps-widget\/wix\/","og_site_name":"Elfsight DE","article_modified_time":"2025-01-15T05:23:46+00:00","twitter_card":"summary_large_image","twitter_misc":{"Gesch\u00e4tzte Lesezeit":"3\u00a0Minuten"},"schema":{"@context":"https:\/\/schema.org","@graph":[{"@type":"WebPage","@id":"https:\/\/elfsight.com\/de\/google-maps-widget\/wix\/","url":"https:\/\/elfsight.com\/de\/google-maps-widget\/wix\/","name":"Google Maps \u2013 Karten-App zur Website von Wix hinzuf\u00fcgen","isPartOf":{"@id":"https:\/\/elfsight.com\/de\/#website"},"datePublished":"2024-05-03T06:38:41+00:00","dateModified":"2025-01-15T05:23:46+00:00","description":"Gestalten Sie eine individuelle Google Maps-App f\u00fcr die Website von Wix. Zeigen Sie interaktive Karten in nur 1 Minute kostenlos im praktischsten Widget-Panel an.","breadcrumb":{"@id":"https:\/\/elfsight.com\/de\/google-maps-widget\/wix\/#breadcrumb"},"inLanguage":"de","potentialAction":[{"@type":"ReadAction","target":["https:\/\/elfsight.com\/de\/google-maps-widget\/wix\/"]}]},{"@type":"BreadcrumbList","@id":"https:\/\/elfsight.com\/de\/google-maps-widget\/wix\/#breadcrumb","itemListElement":[{"@type":"ListItem","position":1,"name":"Home","item":"https:\/\/elfsight.com\/de\/"},{"@type":"ListItem","position":2,"name":"Google Maps","item":"https:\/\/elfsight.com\/de\/google-maps-widget\/"},{"@type":"ListItem","position":3,"name":"Google Maps &#8211; Wix"}]},{"@type":"WebSite","@id":"https:\/\/elfsight.com\/de\/#website","url":"https:\/\/elfsight.com\/de\/","name":"Elfsight DE","description":"Just another Elfsight Sites site","potentialAction":[{"@type":"SearchAction","target":{"@type":"EntryPoint","urlTemplate":"https:\/\/elfsight.com\/de\/?s={search_term_string}"},"query-input":{"@type":"PropertyValueSpecification","valueRequired":true,"valueName":"search_term_string"}}],"inLanguage":"de"}]}},"meta_box":{"industry":"","seo_heading":"","heading":"","description":"","cta_heading":"","cta_description":"","application":"464","h1":"Google Maps-App f\u00fcr Wix","h1_caption":"Betten Sie eine responsive Google-Karte ein, um Ihren Standort oder mehrere Standorte anzuzeigen und so m\u00fchelos auf Ihrer Website von Wix zu navigieren.","application_category":[],"applications_title":"","applications_request_title":"","applications_request_button_text":"","hero_text":"","hero_video":"","hero_video_schema_markup":"","selling_points_title":"","selling_points_caption":"","selling_points":[],"selling_points_cta_text":"","features_title":"","features":"","ed_cta_examples_text":"","ed_cta_examples_hidden":"","ed_cta_demo_text":"","ed_cta_demo_hidden":"","why_caption":"","why_editor_title":"","why_editor_text":"","why_team_title":"","why_team_text":"","why_service_title":"","why_service_text":"","template_catalog_visible":"0","template_catalog_title":"","template_catalog_text":"","template_catalog_categories_visible":"","demo_title":"Erstellen Sie Ihre Google Maps-App","demo_caption":"Konfigurieren Sie Ihr Google Maps und f\u00fcgen Sie es kostenlos zu Ihrer Wix-Website hinzu!","default_faq_hidden":"","app_template_category":[],"platform":"265","template_public_id":"","codecanyon_url":"","codecanyon_item_id":"","codecanyon_price":"","pricing_caption":"","pricing_elfsight_apps_hide_column":"","pricing_elfsight_apps_url":"","pricing_codecanyon_price_caption":"","integration_category":[],"integration_request_title":"","integration_request_cta":"","integration_platform":"","integrations":[],"platform_category":[],"video_schema_markup":"","price":"ab 0 $ \/ Monat","trial":"","benefits":[{"text":"Kostenloser Installationsservice"},{"text":"Erfahrener Kundensupport"},{"text":"14-t\u00e4gige R\u00fcckerstattungsgarantie"},{"text":"St\u00e4ndige Aktualisierung"}],"button_url":"#demo","button_target_blank":"0","button_nofollow":"0","attributes":[{"name":"Installiert","content":"100,000 - 500,000"},{"name":"Reaktionsfreudig","content":"Ja"},{"name":"Kompatible Browser","content":"Chrome, Opera, Firefox, Safari, Edge"}],"tags":[],"tags_disable_links":"0","hide_more_platforms":"","video_object":"","demo_hide_cta":"0","demo_hide_cloud_options":"0","pricing_title":"","pricing":[{"pricing_icon":"platform","pricing_title":"Wix app","pricing_title_caption":"Plattform\u00fcbergreifende L\u00f6sung, die zu jeder Website passt","pricing_price":"ab 0 $ \/ Monat","pricing_price_caption":"Beginnen Sie mit einem kostenlosen Plan","pricing_benefits":[{"text":"Unbegrenzte Anzahl an Websites"},{"text":"Schneller Kundensupport"},{"text":"Kostenlose Installationshilfe"},{"text":"Sonderpreis f\u00fcr mehrere Apps"}],"pricing_button_text":"Zur Website hinzuf\u00fcgen","pricing_button_url":"#demo"}],"related_apps_title":"","related_apps_hidden":"0","author":"","image":[],"title":"","job":"","social_networks":[]},"_links":{"self":[{"href":"https:\/\/elfsight.com\/de\/wp-json\/wp\/v2\/pages\/20557","targetHints":{"allow":["GET"]}}],"collection":[{"href":"https:\/\/elfsight.com\/de\/wp-json\/wp\/v2\/pages"}],"about":[{"href":"https:\/\/elfsight.com\/de\/wp-json\/wp\/v2\/types\/page"}],"author":[{"embeddable":true,"href":"https:\/\/elfsight.com\/de\/wp-json\/wp\/v2\/users\/9"}],"replies":[{"embeddable":true,"href":"https:\/\/elfsight.com\/de\/wp-json\/wp\/v2\/comments?post=20557"}],"version-history":[{"count":3,"href":"https:\/\/elfsight.com\/de\/wp-json\/wp\/v2\/pages\/20557\/revisions"}],"predecessor-version":[{"id":23708,"href":"https:\/\/elfsight.com\/de\/wp-json\/wp\/v2\/pages\/20557\/revisions\/23708"}],"up":[{"embeddable":true,"href":"https:\/\/elfsight.com\/de\/wp-json\/wp\/v2\/pages\/894"}],"wp:attachment":[{"href":"https:\/\/elfsight.com\/de\/wp-json\/wp\/v2\/media?parent=20557"}],"curies":[{"name":"wp","href":"https:\/\/api.w.org\/{rel}","templated":true}]}}