{"id":20552,"date":"2024-05-03T06:38:40","date_gmt":"2024-05-03T06:38:40","guid":{"rendered":"https:\/\/elfsight.com\/de\/?page_id=20552"},"modified":"2025-01-15T05:15:55","modified_gmt":"2025-01-15T05:15:55","slug":"weebly","status":"publish","type":"page","link":"https:\/\/elfsight.com\/de\/google-maps-widget\/weebly\/","title":{"rendered":"Google Maps &#8211; Weebly"},"content":{"rendered":"\n<div class=\"application-platform-content-item-description application-platform-content-item\" id=\"description\" data-nav-section=\"description\"><h2>Beschreibung<\/h2>Einfache Installation, eine effektive und vollst\u00e4ndig anpassbare Benutzeroberfl\u00e4che machen es Ihren Kunden wirklich einfach, nach Ihren Shops zu suchen. Erfolgreiche Offline-Kundengewinnung mit einfachen Einrichtungs- und Anpassungsoptionen \u2013 unser Widget ist eines der besten Instrumente f\u00fcr alle Weebly-Websites. <b>Gewinnen Sie mehr echte Kunden dank responsiver Karten auf Ihrer Website!<\/b><ul> <li><b>St\u00e4rken Sie die Interaktion mit Kunden mithilfe von Karten mit Standorten<\/b>. Erstellen Sie eine pers\u00f6nliche Karte, die f\u00fcr Kunden n\u00fctzlich ist, und platzieren Sie sie auf Ihrer Website, damit Benutzer Ihre Kontaktinformationen effizient nutzen k\u00f6nnen.<\/li> <li><b>Markieren Sie einen vollst\u00e4ndigen Satz Ihrer Punkte auf der Karte<\/b>. Platzieren Sie auf der Karte alle verf\u00fcgbaren Abteilungen, Verkaufs- oder Kommissionierstellen und bieten Sie Ihren Kunden den benutzerfreundlichsten Shop, der sie zufrieden stellt.<\/li> <li><b>Verbringen Sie keine Zeit mit der Erstellung von Karten<\/b>. Dutzende Funktionen \u00f6ffnen sich mit nur 2 Klicks \u2013 erstellen Sie in nur wenigen Sekunden die leistungsst\u00e4rkste Karte f\u00fcr Ihre Website.<\/li><\/ul><\/div><div class=\"application-platform-content-item-features application-platform-content-item\" id=\"features\" data-nav-section=\"features\"><h2>Funktionen<\/h2>Welche Funktionen machen die Elfsight-Karte zur besten f\u00fcr jede Weebly-Site?<ul> <li>Hinzuf\u00fcgen eines neuen Standorts durch einfache Eingabe seine Adresse, seinen Namen oder seine Koordinaten;<\/li> <li>5 Google Maps-Ebenen: POI, Verkehr, \u00f6ffentliche Verkehrsmittel, Fahrrad, Stra\u00dfenansicht;<\/li> <li>Standortfeld anzeigen\/ausblenden, um mehrere Abteilungen aufzulisten;<\/li> <li>\u00dcber 20 Elemente mit anpassbaren Farben;<\/li> <li>Regelm\u00e4\u00dfige Live-Updates verf\u00fcgbar.<\/li><\/ul><a href=\"#demo\">Entdecken Sie sie alle in der Demo!<\/a><\/div><div class=\"application-platform-content-item-installation application-platform-content-item\" id=\"installation\" data-nav-section=\"installation\"><h2>So f\u00fcgen Sie die Google Maps-App zur Weebly-Website hinzu<\/h2><div class=\"video-container\"><iframe src=\"https:\/\/www.youtube.com\/embed\/c3wZ8EVfDbg\" width=\"720\" height=\"405\" frameborder=\"0\" allowfullscreen=\"allowfullscreen\"><\/iframe><\/div>Ein kurzes Tutorial zur Integration responsiver Karten in eine Weebly-Site auf Ihrem eigen. Daf\u00fcr m\u00fcssen Sie keinen Webentwickler einladen oder pers\u00f6nlich \u00fcber Programmierkenntnisse verf\u00fcgen. Die Gesamtinstallation dauert nur 3 Minuten.<ol> <li><b>Verwalten Sie unseren kostenlosen Editor und beginnen Sie mit der Erstellung Ihrer ma\u00dfgeschneiderten App. <\/b>Bestimmen Sie das ausgew\u00e4hlte Aussehen und die Funktionsmerkmale der App und wenden Sie alle \u00c4nderungen an.<\/li> <li><b>Sie erhalten Ihren pers\u00f6nlichen Code, der in der Box auf Elfsight Apps angezeigt wird. <\/b>Wenn die Erstellung Ihrer App abgeschlossen ist, kopieren Sie den exklusiven Code im angezeigten Fenster und speichern Sie ihn f\u00fcr einen sp\u00e4teren Anlass.<\/li> <li><b>Initiieren Sie die Verwendung der App auf der Weebly-Website. <\/b>Geben Sie den zuvor gespeicherten Code in Ihre Website ein und \u00fcbernehmen Sie die \u00c4nderungen.<\/li> <li><b>Fertig! Die Einrichtung ist erfolgreich abgeschlossen. <\/b>Besuchen Sie Ihre Website, um die Funktionsweise der App zu sehen.<\/li><\/ol>Haben Sie Schwierigkeiten oder Fragen beim Durchf\u00fchren des Handbuchs oder beim Erstellen einer einzigartigen Karte? Sehen Sie sich ein vollst\u00e4ndiges Tutorial an um eine Karte auf der Weebly-Website einzuf\u00fcgen oder wenden Sie sich an das Hilfecenter. Wir unterst\u00fctzen Sie gerne beim Erstellen und Einf\u00fcgen von Karten auf Ihrer Website.<div class=\"faq\" data-component=\"FAQ\"><div class=\"faq-item\">\r\n\t\t\t\t\t<div class=\"faq-item-question\">\r\n\t\t\t\t\t\t<h3 class=\"faq-item-question-text\">Wie kann ich Google Maps zu meinem Weebly hinzuf\u00fcgen? Website ohne Programmierkenntnisse?<\/h3>\r\n\r\n\t\t\t\t\t\t<div class=\"faq-item-question-icon\"><\/div>\r\n\t\t\t\t\t<\/div>\r\n\r\n\t\t\t\t\t<div class=\"faq-item-answer\">\r\n\t\t\t\t\t\t<div class=\"faq-item-answer-text\"> <p>Elfsight bietet eine SaaS-L\u00f6sung, mit der Sie selbst ein Google Maps-Widget erstellen k\u00f6nnen. Sehen Sie, wie einfach der Vorgang ist: Arbeiten Sie direkt im Online-Editor, um ein Google Maps-Widget zu erstellen, auf dem Sie es sehen m\u00f6chten Ihre Weebly-Website. W\u00e4hlen Sie eine der vorgefertigten Vorlagen aus und passen Sie die Google Maps-Einstellungen an, f\u00fcgen Sie Ihre Inhalte hinzu, \u00e4ndern Sie das Layout und die Farben ohne Programmierkenntnisse. Speichern Sie Google Maps und kopieren Sie den Installationscode, den Sie ganz einfach in Ihre Weebly-Website einbinden k\u00f6nnen, ohne ein kostenpflichtiges Abonnement zu kaufen. Mit unserem intuitiven Editor kann jeder Internetnutzer online ein Google Maps-Widget erstellen und es einfach in seine Weebly-Website einbetten. Sie m\u00fcssen weder bezahlen noch Ihre Kartendaten eingeben, um auf den Service zuzugreifen. Sollten bei irgendeinem Schritt Probleme auftreten, wenden Sie sich bitte an unser technisches Support-Team.<\/p> <\/div>\r\n\t\t\t\t\t<\/div>\r\n\t\t\t\t<\/div> <\/div><\/div>\n","protected":false},"excerpt":{"rendered":"","protected":false},"author":9,"featured_media":0,"parent":894,"menu_order":0,"comment_status":"closed","ping_status":"closed","template":"templates\/template-application-platform.php","meta":{"publish_to_discourse":"","publish_post_category":"","wpdc_auto_publish_overridden":"","wpdc_topic_tags":"","wpdc_pin_topic":"","wpdc_pin_until":"","discourse_post_id":"","discourse_permalink":"","wpdc_publishing_response":"","wpdc_publishing_error":"","footnotes":""},"class_list":["post-20552","page","type-page","status-publish","hentry"],"yoast_head":"<!-- This site is optimized with the Yoast SEO plugin v25.3.1 - https:\/\/yoast.com\/wordpress\/plugins\/seo\/ -->\n<title>Google Maps \u2013 Karten-App zur Weebly-Website hinzuf\u00fcgen<\/title>\n<meta name=\"description\" content=\"Entwickeln Sie ein responsives Google Maps-Plugin f\u00fcr die Weebly-Website. Demonstrieren Sie interaktive Karten in nur 1 Minute kostenlos im einfachsten Plugin-Panel.\" \/>\n<meta name=\"robots\" content=\"index, follow, max-snippet:-1, max-image-preview:large, max-video-preview:-1\" \/>\n<link rel=\"canonical\" href=\"https:\/\/elfsight.com\/de\/google-maps-widget\/weebly\/\" \/>\n<meta property=\"og:locale\" content=\"de_DE\" \/>\n<meta property=\"og:type\" content=\"article\" \/>\n<meta property=\"og:title\" content=\"Google Maps \u2013 Karten-App zur Weebly-Website hinzuf\u00fcgen\" \/>\n<meta property=\"og:description\" content=\"Entwickeln Sie ein responsives Google Maps-Plugin f\u00fcr die Weebly-Website. Demonstrieren Sie interaktive Karten in nur 1 Minute kostenlos im einfachsten Plugin-Panel.\" \/>\n<meta property=\"og:url\" content=\"https:\/\/elfsight.com\/de\/google-maps-widget\/weebly\/\" \/>\n<meta property=\"og:site_name\" content=\"Elfsight DE\" \/>\n<meta property=\"article:modified_time\" content=\"2025-01-15T05:15:55+00:00\" \/>\n<meta name=\"twitter:card\" content=\"summary_large_image\" \/>\n<meta name=\"twitter:label1\" content=\"Gesch\u00e4tzte Lesezeit\" \/>\n\t<meta name=\"twitter:data1\" content=\"4\u00a0Minuten\" \/>\n<!-- \/ Yoast SEO plugin. -->","yoast_head_json":{"title":"Google Maps \u2013 Karten-App zur Weebly-Website hinzuf\u00fcgen","description":"Entwickeln Sie ein responsives Google Maps-Plugin f\u00fcr die Weebly-Website. Demonstrieren Sie interaktive Karten in nur 1 Minute kostenlos im einfachsten Plugin-Panel.","robots":{"index":"index","follow":"follow","max-snippet":"max-snippet:-1","max-image-preview":"max-image-preview:large","max-video-preview":"max-video-preview:-1"},"canonical":"https:\/\/elfsight.com\/de\/google-maps-widget\/weebly\/","og_locale":"de_DE","og_type":"article","og_title":"Google Maps \u2013 Karten-App zur Weebly-Website hinzuf\u00fcgen","og_description":"Entwickeln Sie ein responsives Google Maps-Plugin f\u00fcr die Weebly-Website. Demonstrieren Sie interaktive Karten in nur 1 Minute kostenlos im einfachsten Plugin-Panel.","og_url":"https:\/\/elfsight.com\/de\/google-maps-widget\/weebly\/","og_site_name":"Elfsight DE","article_modified_time":"2025-01-15T05:15:55+00:00","twitter_card":"summary_large_image","twitter_misc":{"Gesch\u00e4tzte Lesezeit":"4\u00a0Minuten"},"schema":{"@context":"https:\/\/schema.org","@graph":[{"@type":"WebPage","@id":"https:\/\/elfsight.com\/de\/google-maps-widget\/weebly\/","url":"https:\/\/elfsight.com\/de\/google-maps-widget\/weebly\/","name":"Google Maps \u2013 Karten-App zur Weebly-Website hinzuf\u00fcgen","isPartOf":{"@id":"https:\/\/elfsight.com\/de\/#website"},"datePublished":"2024-05-03T06:38:40+00:00","dateModified":"2025-01-15T05:15:55+00:00","description":"Entwickeln Sie ein responsives Google Maps-Plugin f\u00fcr die Weebly-Website. Demonstrieren Sie interaktive Karten in nur 1 Minute kostenlos im einfachsten Plugin-Panel.","breadcrumb":{"@id":"https:\/\/elfsight.com\/de\/google-maps-widget\/weebly\/#breadcrumb"},"inLanguage":"de","potentialAction":[{"@type":"ReadAction","target":["https:\/\/elfsight.com\/de\/google-maps-widget\/weebly\/"]}]},{"@type":"BreadcrumbList","@id":"https:\/\/elfsight.com\/de\/google-maps-widget\/weebly\/#breadcrumb","itemListElement":[{"@type":"ListItem","position":1,"name":"Home","item":"https:\/\/elfsight.com\/de\/"},{"@type":"ListItem","position":2,"name":"Google Maps","item":"https:\/\/elfsight.com\/de\/google-maps-widget\/"},{"@type":"ListItem","position":3,"name":"Google Maps &#8211; Weebly"}]},{"@type":"WebSite","@id":"https:\/\/elfsight.com\/de\/#website","url":"https:\/\/elfsight.com\/de\/","name":"Elfsight DE","description":"Just another Elfsight Sites site","potentialAction":[{"@type":"SearchAction","target":{"@type":"EntryPoint","urlTemplate":"https:\/\/elfsight.com\/de\/?s={search_term_string}"},"query-input":{"@type":"PropertyValueSpecification","valueRequired":true,"valueName":"search_term_string"}}],"inLanguage":"de"}]}},"meta_box":{"industry":"","seo_heading":"","heading":"","description":"","cta_heading":"","cta_description":"","application":"464","h1":"Google Maps-App f\u00fcr Weebly","h1_caption":"Betten Sie eine responsive Google-Karte ein, um Ihren Standort oder mehrere Standorte anzuzeigen und so m\u00fchelos auf Ihrer Weebly-Website zu navigieren.","application_category":[],"applications_title":"","applications_request_title":"","applications_request_button_text":"","hero_text":"","hero_video":"","hero_video_schema_markup":"","selling_points_title":"","selling_points_caption":"","selling_points":[],"selling_points_cta_text":"","features_title":"","features":"","ed_cta_examples_text":"","ed_cta_examples_hidden":"","ed_cta_demo_text":"","ed_cta_demo_hidden":"","why_caption":"","why_editor_title":"","why_editor_text":"","why_team_title":"","why_team_text":"","why_service_title":"","why_service_text":"","template_catalog_visible":"0","template_catalog_title":"","template_catalog_text":"","template_catalog_categories_visible":"","demo_title":"Erstellen Sie Ihre Google Maps-App","demo_caption":"Konfigurieren Sie Ihr Google Maps und f\u00fcgen Sie es kostenlos zu Ihrer Weebly-Website hinzu!","default_faq_hidden":"","app_template_category":[],"platform":"249","template_public_id":"","codecanyon_url":"","codecanyon_item_id":"","codecanyon_price":"","pricing_caption":"","pricing_elfsight_apps_hide_column":"","pricing_elfsight_apps_url":"","pricing_codecanyon_price_caption":"","integration_category":[],"integration_request_title":"","integration_request_cta":"","integration_platform":"","integrations":[],"platform_category":[],"video_schema_markup":"","price":"ab 0 $ \/ Monat","trial":"","benefits":[{"text":"Kostenlose Installationshilfe"},{"text":"Professioneller Kundenservice"},{"text":"14-t\u00e4gige Geld-zur\u00fcck-Garantie"},{"text":"Zuk\u00fcnftige Updates"}],"button_url":"#demo","button_target_blank":"0","button_nofollow":"0","attributes":[{"name":"Installiert","content":"100,000 - 500,000"},{"name":"Reaktionsfreudig","content":"Ja"},{"name":"Kompatible Browser","content":"Firefox, Safari, Opera, Chrome, Edge"}],"tags":[],"tags_disable_links":"0","hide_more_platforms":"","video_object":"","demo_hide_cta":"0","demo_hide_cloud_options":"0","pricing_title":"","pricing":[{"pricing_icon":"platform","pricing_title":"Elfsight Apps","pricing_title_caption":"Plattform\u00fcbergreifende Software","pricing_price":"ab 0 $ \/ Monat","pricing_price_caption":"Beginnen Sie mit einem kostenlosen Plan","pricing_benefits":[{"text":"Unbegrenzte Domains"},{"text":"Professionelle und p\u00fcnktliche Unterst\u00fctzung und gut dokumentiert"},{"text":"Kostenlose Installationsunterst\u00fctzung"},{"text":"Flexibles Design"}],"pricing_button_text":"Zur Website hinzuf\u00fcgen","pricing_button_url":"#demo"}],"related_apps_title":"","related_apps_hidden":"0","author":"","image":[],"title":"","job":"","social_networks":[]},"_links":{"self":[{"href":"https:\/\/elfsight.com\/de\/wp-json\/wp\/v2\/pages\/20552","targetHints":{"allow":["GET"]}}],"collection":[{"href":"https:\/\/elfsight.com\/de\/wp-json\/wp\/v2\/pages"}],"about":[{"href":"https:\/\/elfsight.com\/de\/wp-json\/wp\/v2\/types\/page"}],"author":[{"embeddable":true,"href":"https:\/\/elfsight.com\/de\/wp-json\/wp\/v2\/users\/9"}],"replies":[{"embeddable":true,"href":"https:\/\/elfsight.com\/de\/wp-json\/wp\/v2\/comments?post=20552"}],"version-history":[{"count":4,"href":"https:\/\/elfsight.com\/de\/wp-json\/wp\/v2\/pages\/20552\/revisions"}],"predecessor-version":[{"id":23706,"href":"https:\/\/elfsight.com\/de\/wp-json\/wp\/v2\/pages\/20552\/revisions\/23706"}],"up":[{"embeddable":true,"href":"https:\/\/elfsight.com\/de\/wp-json\/wp\/v2\/pages\/894"}],"wp:attachment":[{"href":"https:\/\/elfsight.com\/de\/wp-json\/wp\/v2\/media?parent=20552"}],"curies":[{"name":"wp","href":"https:\/\/api.w.org\/{rel}","templated":true}]}}