{"id":20551,"date":"2024-05-03T06:38:39","date_gmt":"2024-05-03T06:38:39","guid":{"rendered":"https:\/\/elfsight.com\/de\/?page_id=20551"},"modified":"2025-01-15T04:20:49","modified_gmt":"2025-01-15T04:20:49","slug":"jquery","status":"publish","type":"page","link":"https:\/\/elfsight.com\/de\/google-maps-widget\/jquery\/","title":{"rendered":"Google Maps &#8211; jQuery"},"content":{"rendered":"<div class=\"application-platform-content-item-description application-platform-content-item\" id=\"description\" data-nav-section=\"description\">\n<h2>Beschreibung<\/h2>\nEin universelles und v\u00f6llig individuelles Instrument mit unkomplizierter Integration, das Ihren Kunden die Standortsuche deutlich erleichtert. Die effiziente Anwerbung von Offline-Kunden, die schnelle Integration und die Anpassung der Benutzeroberfl\u00e4che machen es zu einem der besten Plugins f\u00fcr Ihre Website. <b>Gewinnen Sie mehr Offline-Kunden mit den interaktiven Karten auf Ihrer Website!<\/b>\n<ul>\n \t<li><b>Gehen Sie n\u00e4her an die Kunden heran<\/b>. Zeigen Sie Ihre Kontaktinformationen an, mit denen Kunden Sie ansprechen oder Sie sowohl in der Realit\u00e4t als auch online finden k\u00f6nnen.<\/li>\n \t<li><b>Zeigen Sie eine vollst\u00e4ndige Liste Ihrer Standorte auf der Karte<\/b>. Bereichern Sie Ihre Karte mit Gesch\u00e4ften, Verkaufs- oder Kommissionierstellen und helfen Sie Ihren Benutzern, das n\u00e4chstgelegene Ziel zu finden.<\/li>\n \t<li><b>Automatische Routenerstellung zu Ihrem Standort<\/b>. Erlauben Sie Kunden nicht, Ihre Website zu schlie\u00dfen, wenn sie bereit sind, Sie anzusprechen. Zeigen Sie jedem Kunden den Weg zu Ihren Adressen direkt auf der Karte!<\/li>\n<\/ul>\n<\/div><div class=\"application-platform-content-item-features application-platform-content-item\" id=\"features\" data-nav-section=\"features\">\n<h2>Funktionen<\/h2>\nWelche besonderen Eigenschaften machen die Elfsight jQuery interaktive Karte? Das beste Plugin f\u00fcr jede Website?\n<ul>\n \t<li>Verschiedene Standortmarkierungen f\u00fcr die Karte;<\/li>\n \t<li>Alle Google Maps-Funktionen werden unterst\u00fctzt: Ebenen, Kartentypen, Steuerelemente;<\/li>\n \t<li>Titel des Standortfelds bearbeiten und Elemente ausw\u00e4hlen;<\/li>\n \t<li>50+ mehrere Standortmarkierungen;<\/li>\n \t<li>Praktischer Editor (keine Programmierung erforderlich).<\/li>\n<\/ul>\n<a href=\"#demo\">\u00dcberpr\u00fcfen Alle Funktionen in der Demo!<\/a><\/div><div class=\"application-platform-content-item-installation application-platform-content-item\" id=\"installation\" data-nav-section=\"installation\">\n<h2>So betten Sie das Google Map-Plugin in die jQuery-Website ein<\/h2>\nEine kurze Anleitung zur eigenen Installation responsiver interaktiver Karten Webseite. Dazu ben\u00f6tigen Sie keinen Entwickler oder Kenntnisse im Programmieren. Die Gesamtinstallationszeit betr\u00e4gt nur 2 Minuten.\n<ol>\n \t<li><b>Erstellen Sie Ihr individuelles Karten-Plugin<\/b>. Stellen Sie mit unserer kostenlosen Demo ein Plugin mit den erforderlichen Vorlagen und Optionen zusammen.<\/li>\n \t<li><b>Holen Sie sich einen Code, um das Plugin auf der Website hinzuzuf\u00fcgen<\/b>. Nach der Widget-Optimierung erhalten Sie einen Code f\u00fcr die Karte aus der Popup-Benachrichtigung auf Elfsight Apps.<\/li>\n \t<li><b>Zeigen Sie das Plugin auf der Website an<\/b>. Betten Sie das Plugin an der gew\u00fcnschten Stelle der Website ein und speichern Sie die \u00c4nderungen.<\/li>\n \t<li><b>Die Einrichtung ist abgeschlossen<\/b>. Gehen Sie zu Ihrer Website, um Ihre Arbeit zu \u00fcberpr\u00fcfen.<\/li>\n<\/ol>\nSind Sie beim Durchf\u00fchren des Tutorials oder beim Erstellen einer benutzerdefinierten Karte auf Schwierigkeiten oder Probleme gesto\u00dfen? Wenden Sie sich an unser Hilfecenter und wir unterst\u00fctzen Sie gerne beim Erstellen und Einf\u00fcgen von Karten auf Ihrer Website.<\/div><div class=\"faq\" data-component=\"FAQ\"> <div class=\"faq-item\">\r\n\t\t\t\t\t<div class=\"faq-item-question\">\r\n\t\t\t\t\t\t<h3 class=\"faq-item-question-text\">Auf welche Weise f\u00fcge ich Google Maps hinzu? zur jQuery-Site?<\/h3>\r\n\r\n\t\t\t\t\t\t<div class=\"faq-item-question-icon\"><\/div>\r\n\t\t\t\t\t<\/div>\r\n\r\n\t\t\t\t\t<div class=\"faq-item-answer\">\r\n\t\t\t\t\t\t<div class=\"faq-item-answer-text\">Die Erstellung des Widgets erfolgt auf den Elfsight-Seiten und es ist nicht erforderlich, das Programmieren zu lernen. \u00d6ffnen Sie unsere Online-Demo, um Ihr eigenes Widget anzupassen, den Code zu erwerben und ihn in Ihre Website zu integrieren.<\/div>\r\n\t\t\t\t\t<\/div>\r\n\t\t\t\t<\/div> <div class=\"faq-item\">\r\n\t\t\t\t\t<div class=\"faq-item-question\">\r\n\t\t\t\t\t\t<h3 class=\"faq-item-question-text\">Die besten M\u00f6glichkeiten zur Verwendung der Google Map-Integration<\/h3>\r\n\r\n\t\t\t\t\t\t<div class=\"faq-item-question-icon\"><\/div>\r\n\t\t\t\t\t<\/div>\r\n\r\n\t\t\t\t\t<div class=\"faq-item-answer\">\r\n\t\t\t\t\t\t<div class=\"faq-item-answer-text\"> Wir stellen Ihnen Folgendes zur Verf\u00fcgung Viele Anpassungsm\u00f6glichkeiten: Widgets in voller Gr\u00f6\u00dfe zur Implementierung im Inhaltsbereich, schwebende Plugins mit Scrollm\u00f6glichkeiten, Layouts f\u00fcr den Fu\u00dfbereich Ihrer Website, den Header und alle m\u00f6glichen vertikalen M\u00f6glichkeiten f\u00fcr Seitenleisten und Men\u00fcs.<\/div>\r\n\t\t\t\t\t<\/div>\r\n\t\t\t\t<\/div> <div class=\"faq-item\">\r\n\t\t\t\t\t<div class=\"faq-item-question\">\r\n\t\t\t\t\t\t<h3 class=\"faq-item-question-text\">Kann ich mit dem Editor einen Standort oder eine interaktive Karte erstellen?<\/h3>\r\n\r\n\t\t\t\t\t\t<div class=\"faq-item-question-icon\"><\/div>\r\n\t\t\t\t\t<\/div>\r\n\r\n\t\t\t\t\t<div class=\"faq-item-answer\">\r\n\t\t\t\t\t\t<div class=\"faq-item-answer-text\">Sie k\u00f6nnen gerne \u00c4nderungen am Widget vornehmen. Es gibt eine Vielzahl von Layouts, die im Editor verf\u00fcgbar sind, und alle k\u00f6nnen schnell nach Ihren W\u00fcnschen personalisiert werden.<\/div>\r\n\t\t\t\t\t<\/div>\r\n\t\t\t\t<\/div> <\/div>","protected":false},"excerpt":{"rendered":"","protected":false},"author":9,"featured_media":0,"parent":894,"menu_order":0,"comment_status":"closed","ping_status":"closed","template":"templates\/template-application-platform.php","meta":{"publish_to_discourse":"","publish_post_category":"","wpdc_auto_publish_overridden":"","wpdc_topic_tags":"","wpdc_pin_topic":"","wpdc_pin_until":"","discourse_post_id":"","discourse_permalink":"","wpdc_publishing_response":"","wpdc_publishing_error":"","footnotes":""},"class_list":["post-20551","page","type-page","status-publish","hentry"],"yoast_head":"<!-- This site is optimized with the Yoast SEO plugin v25.3.1 - https:\/\/yoast.com\/wordpress\/plugins\/seo\/ -->\n<title>jQuery Google Map-Plugin mit Markierungen und mehreren Standorten (2026)<\/title>\n<meta name=\"description\" content=\"Erstellen Sie das beste Google Map-Plugin f\u00fcr die JQuery-Website mit Markierungen und mehreren Standorten. Demonstrieren Sie interaktive Karten auf Ihrer Website in nur 3 Minuten kostenlos.\" \/>\n<meta name=\"robots\" content=\"index, follow, max-snippet:-1, max-image-preview:large, max-video-preview:-1\" \/>\n<link rel=\"canonical\" href=\"https:\/\/elfsight.com\/de\/google-maps-widget\/jquery\/\" \/>\n<meta property=\"og:locale\" content=\"de_DE\" \/>\n<meta property=\"og:type\" content=\"article\" \/>\n<meta property=\"og:title\" content=\"jQuery Google Map-Plugin mit Markierungen und mehreren Standorten (2026)\" \/>\n<meta property=\"og:description\" content=\"Erstellen Sie das beste Google Map-Plugin f\u00fcr die JQuery-Website mit Markierungen und mehreren Standorten. Demonstrieren Sie interaktive Karten auf Ihrer Website in nur 3 Minuten kostenlos.\" \/>\n<meta property=\"og:url\" content=\"https:\/\/elfsight.com\/de\/google-maps-widget\/jquery\/\" \/>\n<meta property=\"og:site_name\" content=\"Elfsight DE\" \/>\n<meta property=\"article:modified_time\" content=\"2025-01-15T04:20:49+00:00\" \/>\n<meta name=\"twitter:card\" content=\"summary_large_image\" \/>\n<meta name=\"twitter:label1\" content=\"Gesch\u00e4tzte Lesezeit\" \/>\n\t<meta name=\"twitter:data1\" content=\"3\u00a0Minuten\" \/>\n<!-- \/ Yoast SEO plugin. -->","yoast_head_json":{"title":"jQuery Google Map-Plugin mit Markierungen und mehreren Standorten (2026)","description":"Erstellen Sie das beste Google Map-Plugin f\u00fcr die JQuery-Website mit Markierungen und mehreren Standorten. Demonstrieren Sie interaktive Karten auf Ihrer Website in nur 3 Minuten kostenlos.","robots":{"index":"index","follow":"follow","max-snippet":"max-snippet:-1","max-image-preview":"max-image-preview:large","max-video-preview":"max-video-preview:-1"},"canonical":"https:\/\/elfsight.com\/de\/google-maps-widget\/jquery\/","og_locale":"de_DE","og_type":"article","og_title":"jQuery Google Map-Plugin mit Markierungen und mehreren Standorten (2026)","og_description":"Erstellen Sie das beste Google Map-Plugin f\u00fcr die JQuery-Website mit Markierungen und mehreren Standorten. Demonstrieren Sie interaktive Karten auf Ihrer Website in nur 3 Minuten kostenlos.","og_url":"https:\/\/elfsight.com\/de\/google-maps-widget\/jquery\/","og_site_name":"Elfsight DE","article_modified_time":"2025-01-15T04:20:49+00:00","twitter_card":"summary_large_image","twitter_misc":{"Gesch\u00e4tzte Lesezeit":"3\u00a0Minuten"},"schema":{"@context":"https:\/\/schema.org","@graph":[{"@type":"WebPage","@id":"https:\/\/elfsight.com\/de\/google-maps-widget\/jquery\/","url":"https:\/\/elfsight.com\/de\/google-maps-widget\/jquery\/","name":"jQuery Google Map-Plugin mit Markierungen und mehreren Standorten (2026)","isPartOf":{"@id":"https:\/\/elfsight.com\/de\/#website"},"datePublished":"2024-05-03T06:38:39+00:00","dateModified":"2025-01-15T04:20:49+00:00","description":"Erstellen Sie das beste Google Map-Plugin f\u00fcr die JQuery-Website mit Markierungen und mehreren Standorten. Demonstrieren Sie interaktive Karten auf Ihrer Website in nur 3 Minuten kostenlos.","breadcrumb":{"@id":"https:\/\/elfsight.com\/de\/google-maps-widget\/jquery\/#breadcrumb"},"inLanguage":"de","potentialAction":[{"@type":"ReadAction","target":["https:\/\/elfsight.com\/de\/google-maps-widget\/jquery\/"]}]},{"@type":"BreadcrumbList","@id":"https:\/\/elfsight.com\/de\/google-maps-widget\/jquery\/#breadcrumb","itemListElement":[{"@type":"ListItem","position":1,"name":"Home","item":"https:\/\/elfsight.com\/de\/"},{"@type":"ListItem","position":2,"name":"Google Maps","item":"https:\/\/elfsight.com\/de\/google-maps-widget\/"},{"@type":"ListItem","position":3,"name":"Google Maps &#8211; jQuery"}]},{"@type":"WebSite","@id":"https:\/\/elfsight.com\/de\/#website","url":"https:\/\/elfsight.com\/de\/","name":"Elfsight DE","description":"Just another Elfsight Sites site","potentialAction":[{"@type":"SearchAction","target":{"@type":"EntryPoint","urlTemplate":"https:\/\/elfsight.com\/de\/?s={search_term_string}"},"query-input":{"@type":"PropertyValueSpecification","valueRequired":true,"valueName":"search_term_string"}}],"inLanguage":"de"}]}},"meta_box":{"industry":"","seo_heading":"","heading":"","description":"","cta_heading":"","cta_description":"","application":"464","h1":"jQuery Google Map-Plugin","h1_caption":"Betten Sie eine responsive Google-Karte ein, um Ihren Standort oder mehrere Standorte anzuzeigen und so m\u00fchelos auf Ihrer jQuery-Website zu navigieren.","application_category":[],"applications_title":"","applications_request_title":"","applications_request_button_text":"","hero_text":"","hero_video":"","hero_video_schema_markup":"","selling_points_title":"","selling_points_caption":"","selling_points":[],"selling_points_cta_text":"","features_title":"","features":"","ed_cta_examples_text":"","ed_cta_examples_hidden":"","ed_cta_demo_text":"","ed_cta_demo_hidden":"","why_caption":"","why_editor_title":"","why_editor_text":"","why_team_title":"","why_team_text":"","why_service_title":"","why_service_text":"","template_catalog_visible":"0","template_catalog_title":"","template_catalog_text":"","template_catalog_categories_visible":"","demo_title":"Erstellen Sie Ihr Google Maps-Plugin","demo_caption":"Konfigurieren Sie Ihr Google Maps und f\u00fcgen Sie es kostenlos zu Ihrer jQuery-Website hinzu!","default_faq_hidden":"","app_template_category":[],"platform":"258","template_public_id":"","codecanyon_url":"","codecanyon_item_id":"","codecanyon_price":"","pricing_caption":"","pricing_elfsight_apps_hide_column":"","pricing_elfsight_apps_url":"","pricing_codecanyon_price_caption":"","integration_category":[],"integration_request_title":"","integration_request_cta":"","integration_platform":"","integrations":[],"platform_category":[],"video_schema_markup":"","price":"ab 0 $ \/ Monat","trial":"","benefits":[{"text":"Kostenloser Installationsservice"},{"text":"Erfahrener Kundensupport"},{"text":"14-t\u00e4gige Geld-zur\u00fcck-Garantie"},{"text":"Laufende Verbesserungen"}],"button_url":"#demo","button_target_blank":"0","button_nofollow":"0","attributes":[{"name":"Installiert","content":"100,000 - 500,000"},{"name":"Reaktionsfreudig","content":"Ja"},{"name":"Kompatible Browser","content":"Firefox, Safari, Opera, Chrome, Edge"}],"tags":[],"tags_disable_links":"0","hide_more_platforms":"","video_object":"","demo_hide_cta":"0","demo_hide_cloud_options":"0","pricing_title":"","pricing":[{"pricing_icon":"platform","pricing_title":"Elfsight Apps","pricing_title_caption":"Plattformunabh\u00e4ngige Software","pricing_price":"ab 0 $ \/ Monat","pricing_price_caption":"Beginnen Sie mit einem kostenlosen Plan","pricing_benefits":[{"text":"Unbegrenzte Websites"},{"text":"Schneller und p\u00fcnktlicher Support"},{"text":"Kostenlose Installationshilfe"},{"text":"Vollst\u00e4ndig anpassbar"}],"pricing_button_text":"Zur Website hinzuf\u00fcgen","pricing_button_url":"#demo"}],"related_apps_title":"","related_apps_hidden":"0","author":"","image":[],"title":"","job":"","social_networks":[]},"_links":{"self":[{"href":"https:\/\/elfsight.com\/de\/wp-json\/wp\/v2\/pages\/20551","targetHints":{"allow":["GET"]}}],"collection":[{"href":"https:\/\/elfsight.com\/de\/wp-json\/wp\/v2\/pages"}],"about":[{"href":"https:\/\/elfsight.com\/de\/wp-json\/wp\/v2\/types\/page"}],"author":[{"embeddable":true,"href":"https:\/\/elfsight.com\/de\/wp-json\/wp\/v2\/users\/9"}],"replies":[{"embeddable":true,"href":"https:\/\/elfsight.com\/de\/wp-json\/wp\/v2\/comments?post=20551"}],"version-history":[{"count":3,"href":"https:\/\/elfsight.com\/de\/wp-json\/wp\/v2\/pages\/20551\/revisions"}],"predecessor-version":[{"id":23688,"href":"https:\/\/elfsight.com\/de\/wp-json\/wp\/v2\/pages\/20551\/revisions\/23688"}],"up":[{"embeddable":true,"href":"https:\/\/elfsight.com\/de\/wp-json\/wp\/v2\/pages\/894"}],"wp:attachment":[{"href":"https:\/\/elfsight.com\/de\/wp-json\/wp\/v2\/media?parent=20551"}],"curies":[{"name":"wp","href":"https:\/\/api.w.org\/{rel}","templated":true}]}}