{"id":20550,"date":"2024-05-03T06:38:38","date_gmt":"2024-05-03T06:38:38","guid":{"rendered":"https:\/\/elfsight.com\/de\/?page_id=20550"},"modified":"2025-01-15T04:32:29","modified_gmt":"2025-01-15T04:32:29","slug":"elementor","status":"publish","type":"page","link":"https:\/\/elfsight.com\/de\/google-maps-widget\/elementor\/","title":{"rendered":"Google Maps &#8211; Elementor"},"content":{"rendered":"\n<div class=\"application-platform-content-item-description application-platform-content-item\" id=\"description\" data-nav-section=\"description\"><h2>Einbetten von Google Maps in Elementor mit dem Elfsight-Widget<\/h2><p>Ein multifunktionales und vollst\u00e4ndig anpassbares Plugin, das es Ihnen leicht macht Kunden k\u00f6nnen nach Ihren Standorten suchen und Kontakt mit Ihnen aufnehmen. Schnelle Installation und Anpassung machen es zu einem der besten Tools f\u00fcr alle WordPress-Websites.<\/p><p><b>Generieren Sie mehr Offline-Besucher dank intelligenter Karten auf Ihrer Website!<\/b><\/p><p><b>Weitere Nachrichten von Kunden auf Ihrer Website<\/b><br> Geben Sie detaillierte Kontaktinformationen an (Standort, Telefon, E-Mail-\u00d6ffnungszeiten, Gesch\u00e4ftszeiten usw.), damit Ihre zuk\u00fcnftigen K\u00e4ufer Sie auf jedem beliebigen Weg kontaktieren k\u00f6nnen. <\/p><p><b>Zeigen Sie eine vollst\u00e4ndige Liste Ihrer Standorte auf der Karte an<\/b><br> Markieren Sie alle \u00f6ffentlichen Abteilungen, Verkaufs- oder Kommissionierstandorte auf der Karte und erm\u00f6glichen Sie Ihren Benutzern, die am besten geeigneten zu finden Punkt.<\/p><p><b>Sparen Sie Zeit und M\u00fche beim Erstellen einer Karte<\/b><br> Alle Funktionen sind mit einem Klick verf\u00fcgbar, sodass Sie in nur wenigen Minuten eine effektive Karte f\u00fcr Ihre Website erstellen k\u00f6nnen.<\/p><\/div><div class=\"application-platform-content-item-features application-platform-content-item\" id=\"features\" data-nav-section=\"features\"><h2>Hauptfunktionen des Google Maps-Widgets<\/h2><p>Welche Funktionen machen unsere Karte zur besten Elementor-Website f\u00fcr alle?<\/p><ul><li>Neuen Standort hinzuf\u00fcgen, indem nur seine Adresse, sein Name oder seine Koordinaten eingegeben werden;<\/li><li>5 Google Maps-Ebenen: POI, Verkehr, \u00d6PNV, Fahrrad, Stra\u00dfenansicht;<\/li><li>Infokarte mit maximalen Kontaktinformationen;<\/li><li>\u00dcber 50 Standortmarkierungen;<\/li><li>Regelm\u00e4\u00dfige Live-Updates verf\u00fcgbar.<\/li><\/ul><p><a href=\"# demo\">Entdecken Sie die vollst\u00e4ndige Liste der Widget-Funktionen in einer Demo!<\/a><\/p><\/div><div class=\"application-platform-content-item-installation application-platform-content-item\" id=\"installation\" data-nav-section=\"installation\"><h2>So f\u00fcgen Sie das Google Maps-Plugin zur Elementor-Website hinzu<\/h2> <div class=\"video-container\"><iframe width=\"720\" height=\"405\" src=\"https:\/\/www.youtube.com\/embed\/uE944YgEMR4\"><\/iframe><\/div><p>Eine kurze Anleitung zum selbst\u00e4ndigen Entwerfen responsiver Karten. Daf\u00fcr m\u00fcssen Sie keinen Programmierer engagieren oder \u00fcber Entwicklungskompetenz verf\u00fcgen. Die ungef\u00e4hre Zeit betr\u00e4gt nur ein paar Minuten.<\/p><ol><li><b>Entwerfen Sie Ihre ma\u00dfgeschneiderte Google Map<\/b><br> Konfigurieren Sie Ihr Plugin mit unserem kostenlosen Konfigurator und w\u00e4hlen Sie eine Vorlage aus und andere Schnittstellenparameter.<\/li><li><b>Erhalten Sie den eindeutigen Code zum Ver\u00f6ffentlichen des Plugins<\/b><br> Nachdem Sie das Widget konfiguriert haben, speichern Sie einen eindeutigen Code, den Sie in der Benachrichtigung sehen.<\/li><li><b>Plugin auf der Elementor-Website anzeigen<\/b><br> F\u00fcgen Sie das Plugin in den ausgew\u00e4hlten Bereich der Website ein und \u00fcbernehmen Sie die \u00c4nderungen.<\/li><li><b>Die Einrichtung ist abgeschlossen! <\/b><br> Besuchen Sie Ihre Website, um Ihr Widget zu \u00fcberpr\u00fcfen.<\/li><\/ol><p>Sind Sie bei der Ausf\u00fchrung der Anleitung auf Schwierigkeiten oder Fragen gesto\u00dfen? Wenden Sie sich an den Kundensupport und unser Team hilft Ihnen gerne beim Erstellen und Einf\u00fcgen von Karten auf Ihrer Website.<\/p><div class=\"faq\" data-component=\"FAQ\"><div class=\"faq-item\">\r\n\t\t\t\t\t<div class=\"faq-item-question\">\r\n\t\t\t\t\t\t<h3 class=\"faq-item-question-text\">Wie kann ich Google Maps ohne Programmierkenntnisse zu meiner Elementor-Website hinzuf\u00fcgen?<\/h3>\r\n\r\n\t\t\t\t\t\t<div class=\"faq-item-question-icon\"><\/div>\r\n\t\t\t\t\t<\/div>\r\n\r\n\t\t\t\t\t<div class=\"faq-item-answer\">\r\n\t\t\t\t\t\t<div class=\"faq-item-answer-text\"> <p>Elfsight bietet eine SaaS-L\u00f6sung, mit der Sie selbst ein Google Maps-Widget erstellen k\u00f6nnen. Sehen Sie, wie einfach der Vorgang ist: Arbeiten Sie direkt im Online-Editor, um ein Google Maps-Widget zu erstellen, das Sie gerne auf Ihrer Elementor-Website sehen w\u00fcrden. W\u00e4hlen Sie eine der vorgefertigten Vorlagen aus und passen Sie die Google Maps-Einstellungen an, f\u00fcgen Sie Ihre Inhalte hinzu, \u00e4ndern Sie das Layout und die Farben ohne Programmierkenntnisse. Speichern Sie Google Maps und kopieren Sie den Installationscode, den Sie m\u00fchelos in Ihre Elementor-Website einbetten k\u00f6nnen, ohne ein kostenpflichtiges Abonnement erwerben zu m\u00fcssen. Mit unserem intuitiven Editor kann jeder Internetnutzer online ein Google Maps-Widget erstellen und es einfach in seine Elementor-Website einbetten. Sie m\u00fcssen weder bezahlen noch Ihre Kartendaten eingeben, um auf den Service zuzugreifen. Sollten bei irgendeinem Schritt Probleme auftreten, wenden Sie sich bitte an unser technisches Support-Team.<\/p> <\/div>\r\n\t\t\t\t\t<\/div>\r\n\t\t\t\t<\/div> <\/div><\/div>\n","protected":false},"excerpt":{"rendered":"","protected":false},"author":9,"featured_media":0,"parent":894,"menu_order":0,"comment_status":"closed","ping_status":"closed","template":"templates\/template-application-platform.php","meta":{"publish_to_discourse":"","publish_post_category":"","wpdc_auto_publish_overridden":"","wpdc_topic_tags":"","wpdc_pin_topic":"","wpdc_pin_until":"","discourse_post_id":"","discourse_permalink":"","wpdc_publishing_response":"","wpdc_publishing_error":"","footnotes":""},"class_list":["post-20550","page","type-page","status-publish","hentry"],"yoast_head":"<!-- This site is optimized with the Yoast SEO plugin v25.3.1 - https:\/\/yoast.com\/wordpress\/plugins\/seo\/ -->\n<title>Google Maps-Widget f\u00fcr die Elementor-Website (2025)<\/title>\n<meta name=\"description\" content=\"Generieren Sie das beste Google Maps-Plugin f\u00fcr die Elementor-Website. F\u00fcgen Sie mit der praktischsten Plugin-Demo in nur 2 Minuten kostenlos umfangreiche Karten hinzu.\" \/>\n<meta name=\"robots\" content=\"index, follow, max-snippet:-1, max-image-preview:large, max-video-preview:-1\" \/>\n<link rel=\"canonical\" href=\"https:\/\/elfsight.com\/de\/google-maps-widget\/elementor\/\" \/>\n<meta property=\"og:locale\" content=\"de_DE\" \/>\n<meta property=\"og:type\" content=\"article\" \/>\n<meta property=\"og:title\" content=\"Google Maps-Widget f\u00fcr die Elementor-Website (2025)\" \/>\n<meta property=\"og:description\" content=\"Generieren Sie das beste Google Maps-Plugin f\u00fcr die Elementor-Website. F\u00fcgen Sie mit der praktischsten Plugin-Demo in nur 2 Minuten kostenlos umfangreiche Karten hinzu.\" \/>\n<meta property=\"og:url\" content=\"https:\/\/elfsight.com\/de\/google-maps-widget\/elementor\/\" \/>\n<meta property=\"og:site_name\" content=\"Elfsight DE\" \/>\n<meta property=\"article:modified_time\" content=\"2025-01-15T04:32:29+00:00\" \/>\n<meta name=\"twitter:card\" content=\"summary_large_image\" \/>\n<meta name=\"twitter:label1\" content=\"Gesch\u00e4tzte Lesezeit\" \/>\n\t<meta name=\"twitter:data1\" content=\"3\u00a0Minuten\" \/>\n<!-- \/ Yoast SEO plugin. -->","yoast_head_json":{"title":"Google Maps-Widget f\u00fcr die Elementor-Website (2025)","description":"Generieren Sie das beste Google Maps-Plugin f\u00fcr die Elementor-Website. F\u00fcgen Sie mit der praktischsten Plugin-Demo in nur 2 Minuten kostenlos umfangreiche Karten hinzu.","robots":{"index":"index","follow":"follow","max-snippet":"max-snippet:-1","max-image-preview":"max-image-preview:large","max-video-preview":"max-video-preview:-1"},"canonical":"https:\/\/elfsight.com\/de\/google-maps-widget\/elementor\/","og_locale":"de_DE","og_type":"article","og_title":"Google Maps-Widget f\u00fcr die Elementor-Website (2025)","og_description":"Generieren Sie das beste Google Maps-Plugin f\u00fcr die Elementor-Website. F\u00fcgen Sie mit der praktischsten Plugin-Demo in nur 2 Minuten kostenlos umfangreiche Karten hinzu.","og_url":"https:\/\/elfsight.com\/de\/google-maps-widget\/elementor\/","og_site_name":"Elfsight DE","article_modified_time":"2025-01-15T04:32:29+00:00","twitter_card":"summary_large_image","twitter_misc":{"Gesch\u00e4tzte Lesezeit":"3\u00a0Minuten"},"schema":{"@context":"https:\/\/schema.org","@graph":[{"@type":"WebPage","@id":"https:\/\/elfsight.com\/de\/google-maps-widget\/elementor\/","url":"https:\/\/elfsight.com\/de\/google-maps-widget\/elementor\/","name":"Google Maps-Widget f\u00fcr die Elementor-Website (2025)","isPartOf":{"@id":"https:\/\/elfsight.com\/de\/#website"},"datePublished":"2024-05-03T06:38:38+00:00","dateModified":"2025-01-15T04:32:29+00:00","description":"Generieren Sie das beste Google Maps-Plugin f\u00fcr die Elementor-Website. F\u00fcgen Sie mit der praktischsten Plugin-Demo in nur 2 Minuten kostenlos umfangreiche Karten hinzu.","breadcrumb":{"@id":"https:\/\/elfsight.com\/de\/google-maps-widget\/elementor\/#breadcrumb"},"inLanguage":"de","potentialAction":[{"@type":"ReadAction","target":["https:\/\/elfsight.com\/de\/google-maps-widget\/elementor\/"]}]},{"@type":"BreadcrumbList","@id":"https:\/\/elfsight.com\/de\/google-maps-widget\/elementor\/#breadcrumb","itemListElement":[{"@type":"ListItem","position":1,"name":"Home","item":"https:\/\/elfsight.com\/de\/"},{"@type":"ListItem","position":2,"name":"Google Maps","item":"https:\/\/elfsight.com\/de\/google-maps-widget\/"},{"@type":"ListItem","position":3,"name":"Google Maps &#8211; Elementor"}]},{"@type":"WebSite","@id":"https:\/\/elfsight.com\/de\/#website","url":"https:\/\/elfsight.com\/de\/","name":"Elfsight DE","description":"Just another Elfsight Sites site","potentialAction":[{"@type":"SearchAction","target":{"@type":"EntryPoint","urlTemplate":"https:\/\/elfsight.com\/de\/?s={search_term_string}"},"query-input":{"@type":"PropertyValueSpecification","valueRequired":true,"valueName":"search_term_string"}}],"inLanguage":"de"}]}},"meta_box":{"industry":"","seo_heading":"","heading":"","description":"","cta_heading":"","cta_description":"","application":"464","h1":"Elementor Google Maps-Widget","h1_caption":"Betten Sie eine responsive Google-Karte ein, um Ihren Standort oder mehrere Standorte anzuzeigen und so m\u00fchelos auf Ihrer Elementor-Website zu navigieren.","application_category":[],"applications_title":"","applications_request_title":"","applications_request_button_text":"","hero_text":"","hero_video":"","hero_video_schema_markup":"","selling_points_title":"","selling_points_caption":"","selling_points":[],"selling_points_cta_text":"","features_title":"","features":"","ed_cta_examples_text":"","ed_cta_examples_hidden":"","ed_cta_demo_text":"","ed_cta_demo_hidden":"","why_caption":"","why_editor_title":"","why_editor_text":"","why_team_title":"","why_team_text":"","why_service_title":"","why_service_text":"","template_catalog_visible":"0","template_catalog_title":"","template_catalog_text":"","template_catalog_categories_visible":"","demo_title":"Erstellen Sie Ihr Google Maps-Widget","demo_caption":"Konfigurieren Sie Ihr Google Maps und f\u00fcgen Sie es kostenlos zu Ihrer Elementor-Website hinzu!","default_faq_hidden":"","app_template_category":[],"platform":"223","template_public_id":"","codecanyon_url":"","codecanyon_item_id":"","codecanyon_price":"","pricing_caption":"","pricing_elfsight_apps_hide_column":"","pricing_elfsight_apps_url":"","pricing_codecanyon_price_caption":"","integration_category":[],"integration_request_title":"","integration_request_cta":"","integration_platform":"","integrations":[],"platform_category":[],"video_schema_markup":"","price":"ab 0 $ \/ Monat","trial":"","benefits":[{"text":"Kostenlose Installationsunterst\u00fctzung"},{"text":"Premium-Support"},{"text":"14-t\u00e4gige R\u00fcckerstattungsgarantie"},{"text":"St\u00e4ndige Aktualisierung"}],"button_url":"#demo","button_target_blank":"0","button_nofollow":"0","attributes":[{"name":"Installiert","content":"100,000 - 500,000"},{"name":"Reaktionsfreudig","content":"Ja"},{"name":"Kompatible Browser","content":"Firefox, Safari, Opera, Chrome, Edge"}],"tags":[],"tags_disable_links":"0","hide_more_platforms":"","video_object":"","demo_hide_cta":"0","demo_hide_cloud_options":"0","pricing_title":"","pricing":[{"pricing_icon":"platform","pricing_title":"Elfsight Apps","pricing_title_caption":"Plattformunabh\u00e4ngige L\u00f6sung, die auf jeder Website funktioniert","pricing_price":"ab 0 $ \/ Monat","pricing_price_caption":"Beginnen Sie mit einem kostenlosen Plan","pricing_benefits":[{"text":"Unbegrenzte Websites"},{"text":"Professioneller Kundensupport"},{"text":"Kostenlose Installationshilfe"},{"text":"Sonderpreis f\u00fcr mehrere Apps"}],"pricing_button_text":"Zur Website hinzuf\u00fcgen","pricing_button_url":"#demo"}],"related_apps_title":"","related_apps_hidden":"0","author":"","image":[],"title":"","job":"","social_networks":[]},"_links":{"self":[{"href":"https:\/\/elfsight.com\/de\/wp-json\/wp\/v2\/pages\/20550","targetHints":{"allow":["GET"]}}],"collection":[{"href":"https:\/\/elfsight.com\/de\/wp-json\/wp\/v2\/pages"}],"about":[{"href":"https:\/\/elfsight.com\/de\/wp-json\/wp\/v2\/types\/page"}],"author":[{"embeddable":true,"href":"https:\/\/elfsight.com\/de\/wp-json\/wp\/v2\/users\/9"}],"replies":[{"embeddable":true,"href":"https:\/\/elfsight.com\/de\/wp-json\/wp\/v2\/comments?post=20550"}],"version-history":[{"count":3,"href":"https:\/\/elfsight.com\/de\/wp-json\/wp\/v2\/pages\/20550\/revisions"}],"predecessor-version":[{"id":23692,"href":"https:\/\/elfsight.com\/de\/wp-json\/wp\/v2\/pages\/20550\/revisions\/23692"}],"up":[{"embeddable":true,"href":"https:\/\/elfsight.com\/de\/wp-json\/wp\/v2\/pages\/894"}],"wp:attachment":[{"href":"https:\/\/elfsight.com\/de\/wp-json\/wp\/v2\/media?parent=20550"}],"curies":[{"name":"wp","href":"https:\/\/api.w.org\/{rel}","templated":true}]}}