{"id":2055,"date":"2020-07-31T09:33:03","date_gmt":"2020-07-31T09:33:03","guid":{"rendered":"https:\/\/elfsight.com\/de\/?page_id=2055"},"modified":"2024-07-18T15:31:44","modified_gmt":"2024-07-18T15:31:44","slug":"examples","status":"publish","type":"page","link":"https:\/\/elfsight.com\/de\/visitor-counter-widget\/examples\/","title":{"rendered":"Visitor Counter &#8211; Examples"},"content":{"rendered":"\n<div class=\"application-examples-item application-examples-item-loading\">\n                            <div class=\"col-row\">\n                                <div class=\"col-6 col-m-8 col-s-12\"><h3 class=\"application-examples-item-title\">Beispiel 1. Inline-Z\u00e4hler<\/h3><div class=\"application-examples-item-description\">Diese Variante eignet sich perfekt f\u00fcr die Fu\u00dfzeile Ihrer Website. Mit dem Inline-Z\u00e4hler k\u00f6nnen Daten auf detaillierteste und informativste Weise dargestellt werden. Die Vorlage enth\u00e4lt eine Grafik und eine Liste der anzuzeigenden Werte. Sie k\u00f6nnen beliebig viele Werte in einem Raster anzeigen. Eine praktische horizontale Schriftrolle ist eine erstaunliche L\u00f6sung, um sie alle zu demonstrieren.<\/div><\/div>\n                <\/div>\n\n                <div class=\"application-examples-item-iframe-container browser-frame\">\n                    <div class=\"application-examples-item-iframe-wrapper\">\n                        <iframe class=\"application-examples-item-iframe\" data-src=\"https:\/\/elfsight.com\/examples?widget_id=d93d33b5-6bee-4ee3-a102-882abcf2b84c&padding=100\" width=\"100%\" allow=\"autoplay; fullscreen\"><\/iframe>\n                    <\/div>\n\n                    <div class=\"application-examples-item-loader\"><\/div>\n                <\/div>\n            <\/div>\n\n<div class=\"application-examples-item application-examples-item-loading\">\n                            <div class=\"col-row\">\n                                <div class=\"col-6 col-m-8 col-s-12\"><h3 class=\"application-examples-item-title\">Beispiel 2. Z\u00e4hler Mini<\/h3><div class=\"application-examples-item-description\">Diese Vorlage mit minimalistischem Design und nur den wichtigsten Informationen ist f\u00fcr diejenigen gedacht, die glauben, dass Zahlen lauter sprechen als W\u00f6rter. Zeigen Sie Nachrichten und Zahlen an, schalten Sie das Statistikdiagramm aus, platzieren Sie das Widget in der Fu\u00dfzeile und verfolgen Sie Ihre Metriken. Wahrscheinlich ben\u00f6tigen Websitebesitzer diese Vorlage mehr als Benutzer.<\/div><\/div>\n                <\/div>\n\n                <div class=\"application-examples-item-iframe-container browser-frame\">\n                    <div class=\"application-examples-item-iframe-wrapper\">\n                        <iframe class=\"application-examples-item-iframe\" data-src=\"https:\/\/elfsight.com\/examples?widget_id=1f5caa46-65fe-4a47-bcf0-04c5c986c577&padding=100\" width=\"100%\" allow=\"autoplay; fullscreen\"><\/iframe>\n                    <\/div>\n\n                    <div class=\"application-examples-item-loader\"><\/div>\n                <\/div>\n            <\/div>\n\n<div class=\"application-examples-item application-examples-item-loading\">\n                            <div class=\"col-row\">\n                                <div class=\"col-6 col-m-8 col-s-12\"><h3 class=\"application-examples-item-title\">Beispiel 3. Detail Besucher Z\u00e4hler<\/h3><div class=\"application-examples-item-description\">Dies ist eine beeindruckende gro\u00dfe Vorlage mit vielen Daten. Betonen Sie den Fortschritt in der Dynamik, indem Sie eine Kontrastfarbe f\u00fcr Ihr Diagramm ausw\u00e4hlen. Spielen Sie mit Schriftgr\u00f6\u00dfe, Textfarbe und Hintergrundbild. Passen Sie das Widget an Ihre Bed\u00fcrfnisse an, insbesondere wenn Sie durch die Darstellung fantastischer Statistiken mehr Benutzer anziehen m\u00f6chten.<\/div><\/div>\n                <\/div>\n\n                <div class=\"application-examples-item-iframe-container browser-frame\">\n                    <div class=\"application-examples-item-iframe-wrapper\">\n                        <iframe class=\"application-examples-item-iframe\" data-src=\"https:\/\/elfsight.com\/examples?widget_id=3937ea29-181a-4886-b960-74b9caca1977&padding=100\" width=\"100%\" allow=\"autoplay; fullscreen\"><\/iframe>\n                    <\/div>\n\n                    <div class=\"application-examples-item-loader\"><\/div>\n                <\/div>\n            <\/div>\n\n<div class=\"application-examples-item application-examples-item-loading\">\n                            <div class=\"col-row\">\n                                <div class=\"col-6 col-m-8 col-s-12\"><h3 class=\"application-examples-item-title\">Beispiel 4. Vertikaler Besucher Counter<\/h3><div class=\"application-examples-item-description\">Wenn Sie Ihren Z\u00e4hler in die Seitenleiste einbetten m\u00f6chten, ist diese Vorlage eine gro\u00dfartige vorgefertigte L\u00f6sung nur f\u00fcr Sie, da sie eine feste Breite hat. Wenn Sie es verwenden, haben Sie die M\u00f6glichkeit, viele vertikal ausgerichtete Werte und ein helles Diagramm hinzuzuf\u00fcgen.<\/div><\/div>\n                <\/div>\n\n                <div class=\"application-examples-item-iframe-container browser-frame\">\n                    <div class=\"application-examples-item-iframe-wrapper\">\n                        <iframe class=\"application-examples-item-iframe\" data-src=\"https:\/\/elfsight.com\/examples?widget_id=ec621e90-17a4-4d91-ae0e-e614300a8e3a&padding=100\" width=\"100%\" allow=\"autoplay; fullscreen\"><\/iframe>\n                    <\/div>\n\n                    <div class=\"application-examples-item-loader\"><\/div>\n                <\/div>\n            <\/div>\n\n<div class=\"application-examples-item application-examples-item-loading\">\n                            <div class=\"col-row\">\n                                <div class=\"col-6 col-m-8 col-s-12\"><h3 class=\"application-examples-item-title\">Beispiel 5. T\u00e4glicher Besucherz\u00e4hler<\/h3><div class=\"application-examples-item-description\">Wenn Sie nicht viele Daten pr\u00e4sentieren m\u00fcssen und nur t\u00e4gliche Statistiken ben\u00f6tigen, w\u00e4hlen Sie diese Vorlage. Minimalistisches Design und ein helles Diagramm helfen Benutzern, sich auf die wichtigsten Metriken zu konzentrieren.<\/div><\/div>\n                <\/div>\n\n                <div class=\"application-examples-item-iframe-container browser-frame\">\n                    <div class=\"application-examples-item-iframe-wrapper\">\n                        <iframe class=\"application-examples-item-iframe\" data-src=\"https:\/\/elfsight.com\/examples?widget_id=19488c92-a7ba-4086-8f01-ba1ac44ba10a&padding=100\" width=\"100%\" allow=\"autoplay; fullscreen\"><\/iframe>\n                    <\/div>\n\n                    <div class=\"application-examples-item-loader\"><\/div>\n                <\/div>\n            <\/div>\n","protected":false},"excerpt":{"rendered":"","protected":false},"author":11,"featured_media":0,"parent":2053,"menu_order":0,"comment_status":"closed","ping_status":"closed","template":"templates\/template-application-examples.php","meta":{"publish_to_discourse":"","publish_post_category":"","wpdc_auto_publish_overridden":"","wpdc_topic_tags":"","wpdc_pin_topic":"","wpdc_pin_until":"","discourse_post_id":"","discourse_permalink":"","wpdc_publishing_response":"","wpdc_publishing_error":"","footnotes":""},"class_list":["post-2055","page","type-page","status-publish","hentry"],"yoast_head":"<!-- This site is optimized with the Yoast SEO plugin v25.3.1 - https:\/\/yoast.com\/wordpress\/plugins\/seo\/ -->\n<title>Besucher Counter Plugin f\u00fcr Ihre Website (kostenlos und schnell)<\/title>\n<meta name=\"description\" content=\"Integrieren Sie Ihr bestes Besucherz\u00e4hler Plugin auf die Website. Testen Sie eine kostenlose Demo zum kostenlosen Besucher Counter Plugins von Elfsight.\" \/>\n<meta name=\"robots\" content=\"index, follow, max-snippet:-1, max-image-preview:large, max-video-preview:-1\" \/>\n<link rel=\"canonical\" href=\"https:\/\/elfsight.com\/de\/visitor-counter-widget\/examples\/\" \/>\n<meta property=\"og:locale\" content=\"de_DE\" \/>\n<meta property=\"og:type\" content=\"article\" \/>\n<meta property=\"og:title\" content=\"Besucher Counter Plugin f\u00fcr Ihre Website (kostenlos und schnell)\" \/>\n<meta property=\"og:description\" content=\"Integrieren Sie Ihr bestes Besucherz\u00e4hler Plugin auf die Website. Testen Sie eine kostenlose Demo zum kostenlosen Besucher Counter Plugins von Elfsight.\" \/>\n<meta property=\"og:url\" content=\"https:\/\/elfsight.com\/de\/visitor-counter-widget\/examples\/\" \/>\n<meta property=\"og:site_name\" content=\"Elfsight DE\" \/>\n<meta property=\"article:modified_time\" content=\"2024-07-18T15:31:44+00:00\" \/>\n<meta name=\"twitter:card\" content=\"summary_large_image\" \/>\n<meta name=\"twitter:label1\" content=\"Gesch\u00e4tzte Lesezeit\" \/>\n\t<meta name=\"twitter:data1\" content=\"2\u00a0Minuten\" \/>\n<!-- \/ Yoast SEO plugin. -->","yoast_head_json":{"title":"Besucher Counter Plugin f\u00fcr Ihre Website (kostenlos und schnell)","description":"Integrieren Sie Ihr bestes Besucherz\u00e4hler Plugin auf die Website. Testen Sie eine kostenlose Demo zum kostenlosen Besucher Counter Plugins von Elfsight.","robots":{"index":"index","follow":"follow","max-snippet":"max-snippet:-1","max-image-preview":"max-image-preview:large","max-video-preview":"max-video-preview:-1"},"canonical":"https:\/\/elfsight.com\/de\/visitor-counter-widget\/examples\/","og_locale":"de_DE","og_type":"article","og_title":"Besucher Counter Plugin f\u00fcr Ihre Website (kostenlos und schnell)","og_description":"Integrieren Sie Ihr bestes Besucherz\u00e4hler Plugin auf die Website. Testen Sie eine kostenlose Demo zum kostenlosen Besucher Counter Plugins von Elfsight.","og_url":"https:\/\/elfsight.com\/de\/visitor-counter-widget\/examples\/","og_site_name":"Elfsight DE","article_modified_time":"2024-07-18T15:31:44+00:00","twitter_card":"summary_large_image","twitter_misc":{"Gesch\u00e4tzte Lesezeit":"2\u00a0Minuten"},"schema":{"@context":"https:\/\/schema.org","@graph":[{"@type":"WebPage","@id":"https:\/\/elfsight.com\/de\/visitor-counter-widget\/examples\/","url":"https:\/\/elfsight.com\/de\/visitor-counter-widget\/examples\/","name":"Besucher Counter Plugin f\u00fcr Ihre Website (kostenlos und schnell)","isPartOf":{"@id":"https:\/\/elfsight.com\/de\/#website"},"datePublished":"2020-07-31T09:33:03+00:00","dateModified":"2024-07-18T15:31:44+00:00","description":"Integrieren Sie Ihr bestes Besucherz\u00e4hler Plugin auf die Website. Testen Sie eine kostenlose Demo zum kostenlosen Besucher Counter Plugins von Elfsight.","breadcrumb":{"@id":"https:\/\/elfsight.com\/de\/visitor-counter-widget\/examples\/#breadcrumb"},"inLanguage":"de","potentialAction":[{"@type":"ReadAction","target":["https:\/\/elfsight.com\/de\/visitor-counter-widget\/examples\/"]}]},{"@type":"BreadcrumbList","@id":"https:\/\/elfsight.com\/de\/visitor-counter-widget\/examples\/#breadcrumb","itemListElement":[{"@type":"ListItem","position":1,"name":"Home","item":"https:\/\/elfsight.com\/de\/"},{"@type":"ListItem","position":2,"name":"Visitor Counter","item":"https:\/\/elfsight.com\/de\/visitor-counter-widget\/"},{"@type":"ListItem","position":3,"name":"Visitor Counter &#8211; Examples"}]},{"@type":"WebSite","@id":"https:\/\/elfsight.com\/de\/#website","url":"https:\/\/elfsight.com\/de\/","name":"Elfsight DE","description":"Just another Elfsight Sites site","potentialAction":[{"@type":"SearchAction","target":{"@type":"EntryPoint","urlTemplate":"https:\/\/elfsight.com\/de\/?s={search_term_string}"},"query-input":{"@type":"PropertyValueSpecification","valueRequired":true,"valueName":"search_term_string"}}],"inLanguage":"de"}]}},"meta_box":{"industry":"","seo_heading":"","heading":"","description":"","cta_heading":"","cta_description":"","application":"515","h1":"Beispiele f\u00fcr das Besucher Counter Widget auf Ihre Website","h1_caption":"","application_category":[],"applications_title":"","applications_request_title":"","applications_request_button_text":"","hero_text":"","hero_video":"","hero_video_schema_markup":"","selling_points_title":"","selling_points_caption":"","selling_points":[],"selling_points_cta_text":"","features_title":"","features":"","ed_cta_examples_text":"","ed_cta_examples_hidden":"","ed_cta_demo_text":"","ed_cta_demo_hidden":"","why_caption":"","why_editor_title":"","why_editor_text":"","why_team_title":"","why_team_text":"","why_service_title":"","why_service_text":"","template_catalog_visible":"","template_catalog_title":"","template_catalog_text":"","template_catalog_categories_visible":"","demo_title":"","demo_caption":"","default_faq_hidden":"","app_template_category":[],"platform":"","template_public_id":"","codecanyon_url":"","codecanyon_item_id":"","codecanyon_price":"","pricing_caption":"","pricing_elfsight_apps_hide_column":"","pricing_elfsight_apps_url":"","pricing_codecanyon_price_caption":"","integration_category":[],"integration_request_title":"","integration_request_cta":"","integration_platform":"","integrations":[],"platform_category":[],"video_schema_markup":"","price":"","trial":"","benefits":[],"button_url":"","button_target_blank":"","button_nofollow":"","attributes":[],"tags":[],"tags_disable_links":"","hide_more_platforms":"","video_object":"","demo_hide_cta":"","demo_hide_cloud_options":"","pricing_title":"","pricing":[],"related_apps_title":"","related_apps_hidden":"","author":"","image":[],"title":"","job":"","social_networks":[]},"_links":{"self":[{"href":"https:\/\/elfsight.com\/de\/wp-json\/wp\/v2\/pages\/2055","targetHints":{"allow":["GET"]}}],"collection":[{"href":"https:\/\/elfsight.com\/de\/wp-json\/wp\/v2\/pages"}],"about":[{"href":"https:\/\/elfsight.com\/de\/wp-json\/wp\/v2\/types\/page"}],"author":[{"embeddable":true,"href":"https:\/\/elfsight.com\/de\/wp-json\/wp\/v2\/users\/11"}],"replies":[{"embeddable":true,"href":"https:\/\/elfsight.com\/de\/wp-json\/wp\/v2\/comments?post=2055"}],"version-history":[{"count":5,"href":"https:\/\/elfsight.com\/de\/wp-json\/wp\/v2\/pages\/2055\/revisions"}],"predecessor-version":[{"id":22360,"href":"https:\/\/elfsight.com\/de\/wp-json\/wp\/v2\/pages\/2055\/revisions\/22360"}],"up":[{"embeddable":true,"href":"https:\/\/elfsight.com\/de\/wp-json\/wp\/v2\/pages\/2053"}],"wp:attachment":[{"href":"https:\/\/elfsight.com\/de\/wp-json\/wp\/v2\/media?parent=2055"}],"curies":[{"name":"wp","href":"https:\/\/api.w.org\/{rel}","templated":true}]}}