{"id":20549,"date":"2024-05-03T06:38:37","date_gmt":"2024-05-03T06:38:37","guid":{"rendered":"https:\/\/elfsight.com\/de\/?page_id=20549"},"modified":"2025-01-15T04:23:30","modified_gmt":"2025-01-15T04:23:30","slug":"iframe","status":"publish","type":"page","link":"https:\/\/elfsight.com\/de\/google-maps-widget\/iframe\/","title":{"rendered":"Google Maps &#8211; iFrame"},"content":{"rendered":"\n<div class=\"application-platform-content-item-description application-platform-content-item\" id=\"description\" data-nav-section=\"description\"><h2>Einbetten von Google Maps in iFrame mit dem Elfsight-Widget<\/h2><p>Wir bieten ein Plugin mit unkomplizierter Integration und einer Vielzahl von Anpassungsm\u00f6glichkeiten. Dadurch wird es f\u00fcr Ihre Kunden einfacher, Ihre Gesch\u00e4fte zu finden. Markieren Sie Ihre Orte auf der Karte und helfen Sie Benutzern, die Route in wenigen einfachen Schritten zu finden. Dies ist ein absolutes Muss f\u00fcr jede E-Commerce-iFrame-Site.<\/p> <p><b>Erzielen Sie mehr echte Besucher mit Hilfe von responsiven Karten auf Ihrer Website!<\/b><\/p> <p> <b>Erh\u00f6hen Sie den Grad der Interaktion Ihrer Besucher mit dem Website-Inhalt<\/b><br> Konfigurieren Sie Ihre Karte so, dass sie f\u00fcr Kunden komfortabel ist, und zeigen Sie sie auf Ihrer Website an, damit Kunden Ihre Kontaktdaten effizient nutzen k\u00f6nnen.<\/p><p><b>Lokale Kunden finden und gewinnen<\/b><br> Markieren Sie Ihren Standort, um den Benutzern klar zu machen, dass Sie in der N\u00e4he sind und sie schnell zu Ihrem B\u00fcro gelangen k\u00f6nnen.<\/p><p><b> Sparen Sie Zeit und M\u00fche beim Erstellen von Karten<\/b><br> Dutzende Funktionen sind mit wenigen Mausklicks verf\u00fcgbar, um Ihnen bei der Erstellung der leistungsst\u00e4rksten Karte f\u00fcr Ihre Website zu helfen.<\/p><\/div><div class=\"application-platform-content-item-features application-platform-content-item\" id=\"features\" data-nav-section=\"features\"> <h2>Hauptfunktionen des Google Maps-Widgets<\/h2><p>Welche Vorteile machen das Elfsight-Karten-Plugin zum besten f\u00fcr jede iFrame-Website?<\/p><ul><li>\u00dcber 50 Standortmarkierungen;<\/li><li>Neuen Standort hinzuf\u00fcgen, indem nur seine Adresse, sein Name oder seine Koordinaten eingegeben werden;<\/li><li>URL-Umleitung f\u00fcr jede anklickbare Markierung;<\/li><li>Infokarte mit maximalen Kontaktinformationen;<\/li><li>Automatische Routenerstellung vom Standort des Besuchers aus.<\/li><p><a href=\"#demo\">Vollst\u00e4ndige Liste der Merkmale in der Demo testen!<\/a><\/p><\/div><div class=\"application-platform-content-item-installation application-platform-content-item\" id=\"installation\" data-nav-section=\"installation\"><h2>So betten Sie das Google Maps-Plugin in eine iFrame-Website ein<\/h2><p>Ein kurzes Tutorial zur selbstst\u00e4ndigen Integration responsiver Karten in iFrame. F\u00fcr die Durchf\u00fchrung m\u00fcssen Sie keinen Programmierer engagieren oder \u00fcber Kenntnisse in der Webprogrammierung verf\u00fcgen. Die Gesamtdauer der Ausf\u00fchrung betr\u00e4gt nur 4 Minuten.<\/p><ol><li><b>Entwerfen Sie Ihr eigenes Karten-Plugin<\/b><br> Erstellen Sie mithilfe unserer kostenlosen Demo ein Plugin mit einem benutzerdefinierten Layout und Funktionen. <\/li><li><b>Erwerben Sie den individuellen Code, um das Plugin zu ver\u00f6ffentlichen<\/b><br> Nachdem Sie Ihr Plugin konfiguriert haben, erhalten Sie Ihren Setup-Code aus der angezeigten Benachrichtigung auf Elfsight Apps. Kopieren Sie diesen Code zur weiteren Verwendung. <\/li> <li><b>Betten Sie das Plugin auf Ihrer Website ein<\/b><br> Gehen Sie zu dem Bereich, in dem Sie das Plugin hinzuf\u00fcgen m\u00f6chten, und f\u00fcgen Sie dort den kopierten Code ein. Speichern Sie die \u00c4nderungen. <\/li> <li><b>Du bist fertig! <\/b><br> Besuchen Sie den Laden, um einen Blick auf Ihre Google-Karte zu werfen. <\/li> <\/ol><p>Haben Sie Schwierigkeiten oder Fragen bei der Durchf\u00fchrung der Einrichtungsanleitung? Lesen Sie die ausf\u00fchrliche Anleitung \u201eSo zeigen Sie eine Karte auf einer iFrame-Website an\u201c oder hinterlassen Sie eine Anfrage im Help Center. Das Support-Team hilft Ihnen gerne beim Gestalten und Einf\u00fcgen von Karten auf Ihrer Website.<\/p><\/div><div class=\"faq\" data-component=\"FAQ\"><div class=\"faq-item\">\r\n\t\t\t\t\t<div class=\"faq-item-question\">\r\n\t\t\t\t\t\t<h3 class=\"faq-item-question-text\">Wie kann ich Google Maps zur iFrame-Website hinzuf\u00fcgen? <\/h3>\r\n\r\n\t\t\t\t\t\t<div class=\"faq-item-question-icon\"><\/div>\r\n\t\t\t\t\t<\/div>\r\n\r\n\t\t\t\t\t<div class=\"faq-item-answer\">\r\n\t\t\t\t\t\t<div class=\"faq-item-answer-text\"><p>Die Grundlage des Tools wird auf den Elfsight-Seiten erstellt und es ist kein Code erforderlich. Besuchen Sie unsere Online-Demo, um Ihr pers\u00f6nliches Widget anzupassen, den Code zu erhalten und ihn auf Ihrer Website zu implementieren. <\/p><\/div>\r\n\t\t\t\t\t<\/div>\r\n\t\t\t\t<\/div><div class=\"faq-item\">\r\n\t\t\t\t\t<div class=\"faq-item-question\">\r\n\t\t\t\t\t\t<h3 class=\"faq-item-question-text\">Die besten Anwendungsbeispiele der Maps-Widget-Integration<\/h3>\r\n\r\n\t\t\t\t\t\t<div class=\"faq-item-question-icon\"><\/div>\r\n\t\t\t\t\t<\/div>\r\n\r\n\t\t\t\t\t<div class=\"faq-item-answer\">\r\n\t\t\t\t\t\t<div class=\"faq-item-answer-text\"><p>Wir bieten viele Anpassungsm\u00f6glichkeiten: Full-Size-Widgets zum Einf\u00fcgen in den Inhaltsbereich, Floating-Widgets mit Scrollfunktion, Layouts f\u00fcr die Fu\u00dfzeile Ihrer Website, den Kopfbereich und allerlei vertikale M\u00f6glichkeiten f\u00fcr Seitenleisten und Men\u00fcs. <\/p><\/div>\r\n\t\t\t\t\t<\/div>\r\n\t\t\t\t<\/div><div class=\"faq-item\">\r\n\t\t\t\t\t<div class=\"faq-item-question\">\r\n\t\t\t\t\t\t<h3 class=\"faq-item-question-text\">Kann ich mit Ihrem Editor eine lokale Karte oder eine einfache Karte erstellen? <\/h3>\r\n\r\n\t\t\t\t\t\t<div class=\"faq-item-question-icon\"><\/div>\r\n\t\t\t\t\t<\/div>\r\n\r\n\t\t\t\t\t<div class=\"faq-item-answer\">\r\n\t\t\t\t\t\t<div class=\"faq-item-answer-text\"><p>Es steht Ihnen frei, Variationen aller Widgets zu erstellen. Im Editor stehen zahlreiche Layouts zur Verf\u00fcgung, die alle schnell an Ihre Bed\u00fcrfnisse angepasst werden k\u00f6nnen. <\/p><\/div>\r\n\t\t\t\t\t<\/div>\r\n\t\t\t\t<\/div><\/div><\/ul>\n","protected":false},"excerpt":{"rendered":"","protected":false},"author":9,"featured_media":0,"parent":894,"menu_order":0,"comment_status":"closed","ping_status":"closed","template":"templates\/template-application-platform.php","meta":{"publish_to_discourse":"","publish_post_category":"","wpdc_auto_publish_overridden":"","wpdc_topic_tags":"","wpdc_pin_topic":"","wpdc_pin_until":"","discourse_post_id":"","discourse_permalink":"","wpdc_publishing_response":"","wpdc_publishing_error":"","footnotes":""},"class_list":["post-20549","page","type-page","status-publish","hentry"],"yoast_head":"<!-- This site is optimized with the Yoast SEO plugin v25.3.1 - https:\/\/yoast.com\/wordpress\/plugins\/seo\/ -->\n<title>iFrame Google Maps Plugin f\u00fcr Ihre Website (kostenlos und schnell)<\/title>\n<meta name=\"description\" content=\"Probieren Sie das beste Google Maps-Plugin f\u00fcr die iFrame-Site aus. F\u00fcgen Sie interaktive Karten in nur 2 Minuten kostenlos im schnellsten Plugin-Editor hinzu.\" \/>\n<meta name=\"robots\" content=\"index, follow, max-snippet:-1, max-image-preview:large, max-video-preview:-1\" \/>\n<link rel=\"canonical\" href=\"https:\/\/elfsight.com\/de\/google-maps-widget\/iframe\/\" \/>\n<meta property=\"og:locale\" content=\"de_DE\" \/>\n<meta property=\"og:type\" content=\"article\" \/>\n<meta property=\"og:title\" content=\"iFrame Google Maps Plugin f\u00fcr Ihre Website (kostenlos und schnell)\" \/>\n<meta property=\"og:description\" content=\"Probieren Sie das beste Google Maps-Plugin f\u00fcr die iFrame-Site aus. F\u00fcgen Sie interaktive Karten in nur 2 Minuten kostenlos im schnellsten Plugin-Editor hinzu.\" \/>\n<meta property=\"og:url\" content=\"https:\/\/elfsight.com\/de\/google-maps-widget\/iframe\/\" \/>\n<meta property=\"og:site_name\" content=\"Elfsight DE\" \/>\n<meta property=\"article:modified_time\" content=\"2025-01-15T04:23:30+00:00\" \/>\n<meta name=\"twitter:card\" content=\"summary_large_image\" \/>\n<meta name=\"twitter:label1\" content=\"Gesch\u00e4tzte Lesezeit\" \/>\n\t<meta name=\"twitter:data1\" content=\"4\u00a0Minuten\" \/>\n<!-- \/ Yoast SEO plugin. -->","yoast_head_json":{"title":"iFrame Google Maps Plugin f\u00fcr Ihre Website (kostenlos und schnell)","description":"Probieren Sie das beste Google Maps-Plugin f\u00fcr die iFrame-Site aus. F\u00fcgen Sie interaktive Karten in nur 2 Minuten kostenlos im schnellsten Plugin-Editor hinzu.","robots":{"index":"index","follow":"follow","max-snippet":"max-snippet:-1","max-image-preview":"max-image-preview:large","max-video-preview":"max-video-preview:-1"},"canonical":"https:\/\/elfsight.com\/de\/google-maps-widget\/iframe\/","og_locale":"de_DE","og_type":"article","og_title":"iFrame Google Maps Plugin f\u00fcr Ihre Website (kostenlos und schnell)","og_description":"Probieren Sie das beste Google Maps-Plugin f\u00fcr die iFrame-Site aus. F\u00fcgen Sie interaktive Karten in nur 2 Minuten kostenlos im schnellsten Plugin-Editor hinzu.","og_url":"https:\/\/elfsight.com\/de\/google-maps-widget\/iframe\/","og_site_name":"Elfsight DE","article_modified_time":"2025-01-15T04:23:30+00:00","twitter_card":"summary_large_image","twitter_misc":{"Gesch\u00e4tzte Lesezeit":"4\u00a0Minuten"},"schema":{"@context":"https:\/\/schema.org","@graph":[{"@type":"WebPage","@id":"https:\/\/elfsight.com\/de\/google-maps-widget\/iframe\/","url":"https:\/\/elfsight.com\/de\/google-maps-widget\/iframe\/","name":"iFrame Google Maps Plugin f\u00fcr Ihre Website (kostenlos und schnell)","isPartOf":{"@id":"https:\/\/elfsight.com\/de\/#website"},"datePublished":"2024-05-03T06:38:37+00:00","dateModified":"2025-01-15T04:23:30+00:00","description":"Probieren Sie das beste Google Maps-Plugin f\u00fcr die iFrame-Site aus. F\u00fcgen Sie interaktive Karten in nur 2 Minuten kostenlos im schnellsten Plugin-Editor hinzu.","breadcrumb":{"@id":"https:\/\/elfsight.com\/de\/google-maps-widget\/iframe\/#breadcrumb"},"inLanguage":"de","potentialAction":[{"@type":"ReadAction","target":["https:\/\/elfsight.com\/de\/google-maps-widget\/iframe\/"]}]},{"@type":"BreadcrumbList","@id":"https:\/\/elfsight.com\/de\/google-maps-widget\/iframe\/#breadcrumb","itemListElement":[{"@type":"ListItem","position":1,"name":"Home","item":"https:\/\/elfsight.com\/de\/"},{"@type":"ListItem","position":2,"name":"Google Maps","item":"https:\/\/elfsight.com\/de\/google-maps-widget\/"},{"@type":"ListItem","position":3,"name":"Google Maps &#8211; iFrame"}]},{"@type":"WebSite","@id":"https:\/\/elfsight.com\/de\/#website","url":"https:\/\/elfsight.com\/de\/","name":"Elfsight DE","description":"Just another Elfsight Sites site","potentialAction":[{"@type":"SearchAction","target":{"@type":"EntryPoint","urlTemplate":"https:\/\/elfsight.com\/de\/?s={search_term_string}"},"query-input":{"@type":"PropertyValueSpecification","valueRequired":true,"valueName":"search_term_string"}}],"inLanguage":"de"}]}},"meta_box":{"industry":"","seo_heading":"","heading":"","description":"","cta_heading":"","cta_description":"","application":"464","h1":"iFrame Google Maps-Plugin","h1_caption":"Betten Sie eine responsive Google-Karte ein, um Ihren Standort oder mehrere Standorte anzuzeigen und so m\u00fchelos auf Ihrer iFrame-Website zu navigieren.","application_category":[],"applications_title":"","applications_request_title":"","applications_request_button_text":"","hero_text":"","hero_video":"","hero_video_schema_markup":"","selling_points_title":"","selling_points_caption":"","selling_points":[],"selling_points_cta_text":"","features_title":"","features":"","ed_cta_examples_text":"","ed_cta_examples_hidden":"","ed_cta_demo_text":"","ed_cta_demo_hidden":"","why_caption":"","why_editor_title":"","why_editor_text":"","why_team_title":"","why_team_text":"","why_service_title":"","why_service_text":"","template_catalog_visible":"0","template_catalog_title":"","template_catalog_text":"","template_catalog_categories_visible":"","demo_title":"Erstellen Sie Ihr Google Maps-Widget","demo_caption":"Konfigurieren Sie Ihr Google Maps und f\u00fcgen Sie es kostenlos zu Ihrer iFrame-Website hinzu!","default_faq_hidden":"","app_template_category":[],"platform":"240","template_public_id":"","codecanyon_url":"","codecanyon_item_id":"","codecanyon_price":"","pricing_caption":"","pricing_elfsight_apps_hide_column":"","pricing_elfsight_apps_url":"","pricing_codecanyon_price_caption":"","integration_category":[],"integration_request_title":"","integration_request_cta":"","integration_platform":"","integrations":[],"platform_category":[],"video_schema_markup":"","price":"ab 0 $ \/ Monat","trial":"","benefits":[{"text":"Kostenloser Installationsservice"},{"text":"Professioneller Kundenservice"},{"text":"14-t\u00e4gige R\u00fcckerstattungsgarantie"},{"text":"Laufende kostenlose Updates"}],"button_url":"#demo","button_target_blank":"0","button_nofollow":"0","attributes":[{"name":"Installiert","content":"100,000 - 500,000"},{"name":"Reaktionsfreudig","content":"Ja"},{"name":"Kompatible Browser","content":"Firefox, Safari, Opera, Chrome, Edge"}],"tags":[],"tags_disable_links":"0","hide_more_platforms":"","video_object":"","demo_hide_cta":"0","demo_hide_cloud_options":"0","pricing_title":"","pricing":[{"pricing_icon":"platform","pricing_title":"Elfsight Apps","pricing_title_caption":"Multiplattform-Version","pricing_price":"ab 0 $ \/ Monat","pricing_price_caption":"Beginnen Sie mit einem kostenlosen Plan","pricing_benefits":[{"text":"Unbegrenzte Anzahl an Websites"},{"text":"Schneller und p\u00fcnktlicher Support"},{"text":"Kostenlose Installationsunterst\u00fctzung"},{"text":"Sonderangebot f\u00fcr mehrere Apps"}],"pricing_button_text":"Zur Website hinzuf\u00fcgen","pricing_button_url":"#demo"}],"related_apps_title":"","related_apps_hidden":"0","author":"","image":[],"title":"","job":"","social_networks":[]},"_links":{"self":[{"href":"https:\/\/elfsight.com\/de\/wp-json\/wp\/v2\/pages\/20549","targetHints":{"allow":["GET"]}}],"collection":[{"href":"https:\/\/elfsight.com\/de\/wp-json\/wp\/v2\/pages"}],"about":[{"href":"https:\/\/elfsight.com\/de\/wp-json\/wp\/v2\/types\/page"}],"author":[{"embeddable":true,"href":"https:\/\/elfsight.com\/de\/wp-json\/wp\/v2\/users\/9"}],"replies":[{"embeddable":true,"href":"https:\/\/elfsight.com\/de\/wp-json\/wp\/v2\/comments?post=20549"}],"version-history":[{"count":3,"href":"https:\/\/elfsight.com\/de\/wp-json\/wp\/v2\/pages\/20549\/revisions"}],"predecessor-version":[{"id":23689,"href":"https:\/\/elfsight.com\/de\/wp-json\/wp\/v2\/pages\/20549\/revisions\/23689"}],"up":[{"embeddable":true,"href":"https:\/\/elfsight.com\/de\/wp-json\/wp\/v2\/pages\/894"}],"wp:attachment":[{"href":"https:\/\/elfsight.com\/de\/wp-json\/wp\/v2\/media?parent=20549"}],"curies":[{"name":"wp","href":"https:\/\/api.w.org\/{rel}","templated":true}]}}