{"id":20544,"date":"2024-05-03T06:38:36","date_gmt":"2024-05-03T06:38:36","guid":{"rendered":"https:\/\/elfsight.com\/de\/?page_id=20544"},"modified":"2025-01-15T04:11:52","modified_gmt":"2025-01-15T04:11:52","slug":"facebook","status":"publish","type":"page","link":"https:\/\/elfsight.com\/de\/google-maps-widget\/facebook\/","title":{"rendered":"Google Maps &#8211; Facebook Page"},"content":{"rendered":"\n<div class=\"application-platform-content-item-description application-platform-content-item\" id=\"description\" data-nav-section=\"description\"><h2>Beschreibung<\/h2><p>Einfaches, multifunktionales und vollst\u00e4ndig anpassbares Plugin, das Ihren Kunden die Punktsuche erleichtert. Effektiv beim Anlocken von Offline-Kunden, schnelle Einrichtung und Anpassung der Benutzeroberfl\u00e4che machen es vielleicht zum besten Instrument f\u00fcr jede Facebook-Seite.<\/p><p><b>Ziehen Sie mehr Offline-Besucher an, indem Sie interaktive Karten auf Ihrer Seite verwenden!<\/b><\/p><\/div><div class=\"application-platform-content-item-features application-platform-content-item\" id=\"features\" data-nav-section=\"features\"><h2>Funktionen<\/h2><p>Welche Funktionen machen unsere Karte zum besten Tool f\u00fcr Ihre Facebook-Unternehmensseite?<\/p> <ul><li>Automatisch Routenerstellung vom Standort des Besuchers aus;<\/li><li>Alle Google Maps-Funktionen werden unterst\u00fctzt: Ebenen, Kartentypen, Steuerelemente;<\/li><li>Infokarte mit maximalen Kontaktinformationen;<\/li><li>6 Typen von Navigationssteuerelementen;<\/li><li>Handlicher Editor (keine Programmierung erforderlich).<\/li><\/ul><p><a href=\"#demo\">Bewerten Sie alle Funktionen im Editor!<\/a><\/p><\/div> <div class=\"application-platform-content-item-installation application-platform-content-item\" id=\"installation\" data-nav-section=\"installation\"><h2>So f\u00fcgen Sie Google Map zu einer Facebook-Seite hinzu<\/h2><p>Eine kurze Anleitung zum Hinzuf\u00fcgen von Kartenstandorten zu Ihrer Seite. Um es auszuf\u00fchren, ben\u00f6tigen Sie keinen Webentwickler oder Webprogrammierkenntnisse.<\/p><ul><li><b>Erstellen Sie Ihr einzigartiges Kartenstandort-Widget<\/b><br>Holen Sie sich ein Plugin mit einem bevorzugten Layout und Funktionen in unserem kostenlosen Konfigurator. <\/li><li><b>Holen Sie sich den individuellen Code zum Einbetten des Widgets<\/b><br>Nachdem Sie Ihr Widget konfiguriert haben, erhalten Sie den eindeutigen Code aus dem erscheinenden Fenster von Elfsight Apps. Kopieren Sie es.<\/li><li><b>F\u00fcgen Sie das Karten-Widget zur Facebook-Seite hinzu<\/b><br> Erstellen Sie Ihren benutzerdefinierten Facebook-Tab. F\u00fcgen Sie den Code, den Sie bei elfsight apps erhalten haben, in die Registerkarte ein. Wenn Sie Probleme haben, lesen Sie einfach unseren Leitfaden unter <a href=\"https:\/\/elfsight.com\/blog\/how-to-add-custom-tab-to-facebook-page\/\" target=\"_blank\" rel=\"noopener noreferrer\">Benutzerdefinierten Facebook-Tab erstellen<\/a><\/li><li><b>Fertig! <\/b><br>Besuchen Sie Ihre Facebook-Seite, um einen Blick auf Ihren Kartenstandort zu werfen.<\/li><\/ul><p>Haben Sie Schwierigkeiten beim Durchf\u00fchren des Tutorials oder beim Erstellen einer pers\u00f6nlichen Karte? Sehen Sie sich unseren ausf\u00fchrlichen Artikel \u201eSo f\u00fcgen Sie eine Karte auf einer Facebook-Seite hinzu\u201c oder eine Nachricht im Hilfecenter an. Das Elfsight-Team hilft Ihnen gerne bei der Anzeige von Karten auf Ihrer Webseite.<\/p><div class=\"faq\" data-component=\"FAQ\"><div class=\"faq-item\">\r\n\t\t\t\t\t<div class=\"faq-item-question\">\r\n\t\t\t\t\t\t<h3 class=\"faq-item-question-text\">Anleitung Google Maps ohne Programmierkenntnisse zu meiner Facebook-Seite hinzuf\u00fcgen?<\/h3>\r\n\r\n\t\t\t\t\t\t<div class=\"faq-item-question-icon\"><\/div>\r\n\t\t\t\t\t<\/div>\r\n\r\n\t\t\t\t\t<div class=\"faq-item-answer\">\r\n\t\t\t\t\t\t<div class=\"faq-item-answer-text\"> <p>Elfsight bietet eine SaaS-L\u00f6sung, mit der Sie selbst ein Google Maps-Widget erstellen k\u00f6nnen. Sehen Sie, wie einfach der Vorgang ist: Arbeiten Sie direkt im Online-Editor, um ein Google Maps zu erstellen Widget, das Sie auf Ihrer Facebook-Seiten-Website sehen m\u00f6chten. W\u00e4hlen Sie eine der vorgefertigten Vorlagen aus und passen Sie die Google Maps-Einstellungen an, f\u00fcgen Sie Ihre Inhalte hinzu, \u00e4ndern Sie das Layout und die Farben ohne Programmierkenntnisse. Speichern Sie Google Maps und kopieren Sie den Installationscode, den Sie einfach in Ihre Facebook-Seite einbetten k\u00f6nnen, ohne ein kostenpflichtiges Abonnement zu kaufen. Mit unserem intuitiven Editor kann jeder Internetnutzer online ein Google Maps-Widget erstellen und es ganz einfach in seine Facebook-Seite einbetten. Sie m\u00fcssen weder bezahlen noch Ihre Kartendaten eingeben, um auf den Service zuzugreifen. Sollten bei irgendeinem Schritt Probleme auftreten, wenden Sie sich bitte an unser technisches Support-Team.<\/p> <\/div>\r\n\t\t\t\t\t<\/div>\r\n\t\t\t\t<\/div> <\/div><\/div>\n","protected":false},"excerpt":{"rendered":"","protected":false},"author":9,"featured_media":0,"parent":894,"menu_order":0,"comment_status":"closed","ping_status":"closed","template":"templates\/template-application-platform.php","meta":{"publish_to_discourse":"","publish_post_category":"","wpdc_auto_publish_overridden":"","wpdc_topic_tags":"","wpdc_pin_topic":"","wpdc_pin_until":"","discourse_post_id":"","discourse_permalink":"","wpdc_publishing_response":"","wpdc_publishing_error":"","footnotes":""},"class_list":["post-20544","page","type-page","status-publish","hentry"],"yoast_head":"<!-- This site is optimized with the Yoast SEO plugin v25.3.1 - https:\/\/yoast.com\/wordpress\/plugins\/seo\/ -->\n<title>Google Map-Tab zur Facebook-Seite hinzuf\u00fcgen (einfach und schnell)<\/title>\n<meta name=\"description\" content=\"Sehen Sie sich die beste Google Map f\u00fcr eine pers\u00f6nliche oder gesch\u00e4ftliche Facebook-Seite an. Zeigen Sie umfangreiche Karten kostenlos mit Hilfe der schnellsten Plugin-Demo an.\" \/>\n<meta name=\"robots\" content=\"index, follow, max-snippet:-1, max-image-preview:large, max-video-preview:-1\" \/>\n<link rel=\"canonical\" href=\"https:\/\/elfsight.com\/de\/google-maps-widget\/facebook\/\" \/>\n<meta property=\"og:locale\" content=\"de_DE\" \/>\n<meta property=\"og:type\" content=\"article\" \/>\n<meta property=\"og:title\" content=\"Google Map-Tab zur Facebook-Seite hinzuf\u00fcgen (einfach und schnell)\" \/>\n<meta property=\"og:description\" content=\"Sehen Sie sich die beste Google Map f\u00fcr eine pers\u00f6nliche oder gesch\u00e4ftliche Facebook-Seite an. Zeigen Sie umfangreiche Karten kostenlos mit Hilfe der schnellsten Plugin-Demo an.\" \/>\n<meta property=\"og:url\" content=\"https:\/\/elfsight.com\/de\/google-maps-widget\/facebook\/\" \/>\n<meta property=\"og:site_name\" content=\"Elfsight DE\" \/>\n<meta property=\"article:modified_time\" content=\"2025-01-15T04:11:52+00:00\" \/>\n<meta name=\"twitter:card\" content=\"summary_large_image\" \/>\n<meta name=\"twitter:label1\" content=\"Gesch\u00e4tzte Lesezeit\" \/>\n\t<meta name=\"twitter:data1\" content=\"3\u00a0Minuten\" \/>\n<!-- \/ Yoast SEO plugin. -->","yoast_head_json":{"title":"Google Map-Tab zur Facebook-Seite hinzuf\u00fcgen (einfach und schnell)","description":"Sehen Sie sich die beste Google Map f\u00fcr eine pers\u00f6nliche oder gesch\u00e4ftliche Facebook-Seite an. Zeigen Sie umfangreiche Karten kostenlos mit Hilfe der schnellsten Plugin-Demo an.","robots":{"index":"index","follow":"follow","max-snippet":"max-snippet:-1","max-image-preview":"max-image-preview:large","max-video-preview":"max-video-preview:-1"},"canonical":"https:\/\/elfsight.com\/de\/google-maps-widget\/facebook\/","og_locale":"de_DE","og_type":"article","og_title":"Google Map-Tab zur Facebook-Seite hinzuf\u00fcgen (einfach und schnell)","og_description":"Sehen Sie sich die beste Google Map f\u00fcr eine pers\u00f6nliche oder gesch\u00e4ftliche Facebook-Seite an. Zeigen Sie umfangreiche Karten kostenlos mit Hilfe der schnellsten Plugin-Demo an.","og_url":"https:\/\/elfsight.com\/de\/google-maps-widget\/facebook\/","og_site_name":"Elfsight DE","article_modified_time":"2025-01-15T04:11:52+00:00","twitter_card":"summary_large_image","twitter_misc":{"Gesch\u00e4tzte Lesezeit":"3\u00a0Minuten"},"schema":{"@context":"https:\/\/schema.org","@graph":[{"@type":"WebPage","@id":"https:\/\/elfsight.com\/de\/google-maps-widget\/facebook\/","url":"https:\/\/elfsight.com\/de\/google-maps-widget\/facebook\/","name":"Google Map-Tab zur Facebook-Seite hinzuf\u00fcgen (einfach und schnell)","isPartOf":{"@id":"https:\/\/elfsight.com\/de\/#website"},"datePublished":"2024-05-03T06:38:36+00:00","dateModified":"2025-01-15T04:11:52+00:00","description":"Sehen Sie sich die beste Google Map f\u00fcr eine pers\u00f6nliche oder gesch\u00e4ftliche Facebook-Seite an. Zeigen Sie umfangreiche Karten kostenlos mit Hilfe der schnellsten Plugin-Demo an.","breadcrumb":{"@id":"https:\/\/elfsight.com\/de\/google-maps-widget\/facebook\/#breadcrumb"},"inLanguage":"de","potentialAction":[{"@type":"ReadAction","target":["https:\/\/elfsight.com\/de\/google-maps-widget\/facebook\/"]}]},{"@type":"BreadcrumbList","@id":"https:\/\/elfsight.com\/de\/google-maps-widget\/facebook\/#breadcrumb","itemListElement":[{"@type":"ListItem","position":1,"name":"Home","item":"https:\/\/elfsight.com\/de\/"},{"@type":"ListItem","position":2,"name":"Google Maps","item":"https:\/\/elfsight.com\/de\/google-maps-widget\/"},{"@type":"ListItem","position":3,"name":"Google Maps &#8211; Facebook Page"}]},{"@type":"WebSite","@id":"https:\/\/elfsight.com\/de\/#website","url":"https:\/\/elfsight.com\/de\/","name":"Elfsight DE","description":"Just another Elfsight Sites site","potentialAction":[{"@type":"SearchAction","target":{"@type":"EntryPoint","urlTemplate":"https:\/\/elfsight.com\/de\/?s={search_term_string}"},"query-input":{"@type":"PropertyValueSpecification","valueRequired":true,"valueName":"search_term_string"}}],"inLanguage":"de"}]}},"meta_box":{"industry":"","seo_heading":"","heading":"","description":"","cta_heading":"","cta_description":"","application":"464","h1":"Google Map f\u00fcr Facebook-Seite","h1_caption":"Betten Sie eine responsive Google-Karte ein, um Ihren Standort oder mehrere Standorte anzuzeigen und so m\u00fchelos auf der Website Ihrer Facebook-Seite zu navigieren.","application_category":[],"applications_title":"","applications_request_title":"","applications_request_button_text":"","hero_text":"","hero_video":"","hero_video_schema_markup":"","selling_points_title":"","selling_points_caption":"","selling_points":[],"selling_points_cta_text":"","features_title":"","features":"","ed_cta_examples_text":"","ed_cta_examples_hidden":"","ed_cta_demo_text":"","ed_cta_demo_hidden":"","why_caption":"","why_editor_title":"","why_editor_text":"","why_team_title":"","why_team_text":"","why_service_title":"","why_service_text":"","template_catalog_visible":"0","template_catalog_title":"","template_catalog_text":"","template_catalog_categories_visible":"","demo_title":"Erstellen Sie Ihr Google Maps-Widget","demo_caption":"Konfigurieren Sie Ihr Google Maps und f\u00fcgen Sie es kostenlos zu Ihrer Facebook-Seite hinzu!","default_faq_hidden":"","app_template_category":[],"platform":"216","template_public_id":"","codecanyon_url":"","codecanyon_item_id":"","codecanyon_price":"","pricing_caption":"","pricing_elfsight_apps_hide_column":"","pricing_elfsight_apps_url":"","pricing_codecanyon_price_caption":"","integration_category":[],"integration_request_title":"","integration_request_cta":"","integration_platform":"","integrations":[],"platform_category":[],"video_schema_markup":"","price":"ab 0 $ \/ Monat","trial":"","benefits":[{"text":"Kostenlose Installationshilfe"},{"text":"Erfahrener Kundensupport"},{"text":"14-t\u00e4gige R\u00fcckerstattungsgarantie"},{"text":"Laufende Verbesserungen"}],"button_url":"#demo","button_target_blank":"0","button_nofollow":"0","attributes":[{"name":"Installiert","content":"100,000 - 500,000"},{"name":"Reaktionsfreudig","content":"Ja"},{"name":"Kompatible Browser","content":"Safari, Opera, Edge, Firefox, Chrome"}],"tags":[],"tags_disable_links":"0","hide_more_platforms":"","video_object":"","demo_hide_cta":"0","demo_hide_cloud_options":"0","pricing_title":"","pricing":[{"pricing_icon":"platform","pricing_title":"Elfsight Apps","pricing_title_caption":"Plattform\u00fcbergreifende Software, die zu jeder Website passt","pricing_price":"ab 0 $ \/ Monat","pricing_price_caption":"Beginnen Sie mit einem kostenlosen Plan","pricing_benefits":[{"text":"Unbegrenzte Websites"},{"text":"Premium-Support"},{"text":"Kostenloser Installationsservice"},{"text":"Sonderangebot f\u00fcr mehrere Apps"}],"pricing_button_text":"Zur Website hinzuf\u00fcgen","pricing_button_url":"#demo"}],"related_apps_title":"","related_apps_hidden":"0","author":"","image":[],"title":"","job":"","social_networks":[]},"_links":{"self":[{"href":"https:\/\/elfsight.com\/de\/wp-json\/wp\/v2\/pages\/20544","targetHints":{"allow":["GET"]}}],"collection":[{"href":"https:\/\/elfsight.com\/de\/wp-json\/wp\/v2\/pages"}],"about":[{"href":"https:\/\/elfsight.com\/de\/wp-json\/wp\/v2\/types\/page"}],"author":[{"embeddable":true,"href":"https:\/\/elfsight.com\/de\/wp-json\/wp\/v2\/users\/9"}],"replies":[{"embeddable":true,"href":"https:\/\/elfsight.com\/de\/wp-json\/wp\/v2\/comments?post=20544"}],"version-history":[{"count":2,"href":"https:\/\/elfsight.com\/de\/wp-json\/wp\/v2\/pages\/20544\/revisions"}],"predecessor-version":[{"id":23683,"href":"https:\/\/elfsight.com\/de\/wp-json\/wp\/v2\/pages\/20544\/revisions\/23683"}],"up":[{"embeddable":true,"href":"https:\/\/elfsight.com\/de\/wp-json\/wp\/v2\/pages\/894"}],"wp:attachment":[{"href":"https:\/\/elfsight.com\/de\/wp-json\/wp\/v2\/media?parent=20544"}],"curies":[{"name":"wp","href":"https:\/\/api.w.org\/{rel}","templated":true}]}}