{"id":20534,"date":"2024-05-03T06:38:30","date_gmt":"2024-05-03T06:38:30","guid":{"rendered":"https:\/\/elfsight.com\/de\/?page_id=20534"},"modified":"2025-07-08T10:49:47","modified_gmt":"2025-07-08T10:49:47","slug":"jimdo","status":"publish","type":"page","link":"https:\/\/elfsight.com\/de\/google-maps-widget\/jimdo\/","title":{"rendered":"Google Maps &#8211; Jimdo"},"content":{"rendered":"<div class=\"application-platform-content-item-description application-platform-content-item\" id=\"description\" data-nav-section=\"description\"> <h2>Beschreibung<\/h2> <p>Ein einfach zu installierendes, universelles und vollst\u00e4ndig benutzerdefiniertes Plugin, das die Suche nach Standorten f\u00fcr Sie erheblich erleichtert Kunden. Die effiziente Gewinnung von Offline-Kunden, das schnelle Hinzuf\u00fcgen zu einer Website und die Anpassungsoptionen machen sie zu einer der preiswertesten Jimdo-Websites. Generieren Sie mehr echte Kunden mit responsiven Karten auf Ihrer Website! <\/p><p><b>Nutzen Sie Google Maps, um Ihre E-Commerce-Ziele schneller zu erreichen! <\/b><\/p> <\/div> <div class=\"application-platform-content-item-features application-platform-content-item\" id=\"features\" data-nav-section=\"features\"> <h2>Wir bieten praktische und einfache Funktionen, sehen Sie sich einige davon an: <\/h2> <ul><li>\u00dcber 50 Standortmarkierungen f\u00fcr eine interaktive Karte<\/li><li>3 Markierungsanimationstypen<\/li><li>Neuen Standort hinzuf\u00fcgen, indem nur seine Koordinaten, Adresse oder Name eingegeben werden <\/li><li>Alle Google Maps-Funktionen werden unterst\u00fctzt: Kartentypen, Ebenen, Steuerelemente<\/li><li>Infokarte mit maximalen Kontaktinformationen<\/li><li>Automatische Routenerstellung vom Standort des Besuchers <\/li><li>Titel des Standortfelds bearbeiten und Elemente ausw\u00e4hlen<\/li><li>URL-Umleitung f\u00fcr jeden anklickbaren Marker <\/li><li>Infokarte wird f\u00fcr jeden Marker einzeln angezeigt<\/li><\/ul><p><a href=\"#demo\">Sie k\u00f6nnen die vollen Funktionen des testen Widget in der Demo hier<\/a><\/p> <\/div> <div class=\"application-platform-content-item-installation application-platform-content-item\" id=\"installation\" data-nav-section=\"installation\"> <h2>Wie f\u00fcge ich Google Maps zu meiner Jimdo-Site hinzu? <\/h2> <p>Erf\u00fcllen Sie einfach die folgenden Richtlinien, um das Tool hinzuzuf\u00fcgen. <\/p> <ol><li><b>Nutzen Sie unsere kostenlose Demo und beginnen Sie mit der Erstellung Ihres individuellen Instruments. <\/b><br> Bestimmen Sie das bevorzugte Layout und die Eigenschaften des Werkzeugs und speichern Sie die \u00c4nderungen. <\/li> <li><b>Kopieren Sie Ihren einzigartigen Code, der im Fenster von Elfsight Apps angezeigt wird. <\/b><br> Sobald die Einrichtung Ihres pers\u00f6nlichen Widgets abgeschlossen ist, kopieren Sie den pers\u00f6nlichen Code aus dem angezeigten Popup und bewahren Sie ihn f\u00fcr sp\u00e4tere Gelegenheiten auf. <\/li> <li><b>Beginnen Sie mit der Verwendung des Widgets auf der Jimdo-Webseite. <\/b><br> Geben Sie den zuvor kopierten Code in Ihre Website ein und speichern Sie die Korrekturen. <\/li> <li><b>Die Einrichtung wurde erfolgreich abgeschlossen. <\/b><br> Besuchen Sie Ihre Website, um zu \u00fcberpr\u00fcfen, wie das Widget funktioniert. <\/li><\/ol> <p>Sollten Sie auf Hindernisse sto\u00dfen, schreiben Sie bitte an unseren Kundendienst. Unsere Spezialisten helfen Ihnen gerne bei allen Problemen, die Sie mit dem Widget haben k\u00f6nnten. <\/p> <div class=\"faq\" data-component=\"FAQ\"><div class=\"faq-item\">\r\n\t\t\t\t\t<div class=\"faq-item-question\">\r\n\t\t\t\t\t\t<h3 class=\"faq-item-question-text\">Wie f\u00fcge ich Google Maps ohne Programmierkenntnisse zu meiner Jimdo-Website hinzu?<\/h3>\r\n\r\n\t\t\t\t\t\t<div class=\"faq-item-question-icon\"><\/div>\r\n\t\t\t\t\t<\/div>\r\n\r\n\t\t\t\t\t<div class=\"faq-item-answer\">\r\n\t\t\t\t\t\t<div class=\"faq-item-answer-text\"> <p>Elfsight bietet eine SaaS-L\u00f6sung, mit der Sie selbst ein Google Maps-Widget erstellen k\u00f6nnen. Sehen Sie, wie einfach der Vorgang ist ist: Erstellen Sie direkt im Online-Editor ein Google Maps-Widget, das Sie auf Ihrer Jimdo-Website sehen m\u00f6chten. W\u00e4hlen Sie eine der vorgefertigten Vorlagen aus und passen Sie die Google Maps-Einstellungen an, f\u00fcgen Sie Ihre Inhalte hinzu, \u00e4ndern Sie das Layout und die Farben ohne Programmierkenntnisse. Speichern Sie Google Maps und kopieren Sie den Installationscode, damit Sie Ihre Jimdo-Website problemlos hinzuf\u00fcgen k\u00f6nnen, ohne ein kostenpflichtiges Abonnement kaufen zu m\u00fcssen. Mit unserem intuitiven Editor kann jeder Internetnutzer online ein Google Maps-Widget erstellen und es ganz einfach in seine Jimdo-Website einbetten. Sie m\u00fcssen weder bezahlen noch Ihre Kartendaten eingeben, um auf den Service zuzugreifen. Sollten bei irgendeinem Schritt Probleme auftreten, wenden Sie sich bitte an unser technisches Support-Team.<\/p> <\/div>\r\n\t\t\t\t\t<\/div>\r\n\t\t\t\t<\/div> <\/div><\/div>","protected":false},"excerpt":{"rendered":"","protected":false},"author":9,"featured_media":0,"parent":894,"menu_order":0,"comment_status":"closed","ping_status":"closed","template":"templates\/template-application-platform.php","meta":{"publish_to_discourse":"","publish_post_category":"","wpdc_auto_publish_overridden":"","wpdc_topic_tags":"","wpdc_pin_topic":"","wpdc_pin_until":"","discourse_post_id":"","discourse_permalink":"","wpdc_publishing_response":"","wpdc_publishing_error":"","footnotes":""},"class_list":["post-20534","page","type-page","status-publish","hentry"],"yoast_head":"<!-- This site is optimized with the Yoast SEO plugin v25.3.1 - https:\/\/yoast.com\/wordpress\/plugins\/seo\/ -->\n<title>Google Maps \u2013 Karten-Widget zur Jimdo-Website hinzuf\u00fcgen (2025)<\/title>\n<meta name=\"description\" content=\"Erstellen Sie ein ma\u00dfgeschneidertes Google Maps-Widget f\u00fcr die Jimdo-Site. Demonstrieren Sie umfangreiche Karten in nur 2 Minuten kostenlos im einfachsten Plugin-Panel.\" \/>\n<meta name=\"robots\" content=\"index, follow, max-snippet:-1, max-image-preview:large, max-video-preview:-1\" \/>\n<link rel=\"canonical\" href=\"https:\/\/elfsight.com\/de\/google-maps-widget\/jimdo\/\" \/>\n<meta property=\"og:locale\" content=\"de_DE\" \/>\n<meta property=\"og:type\" content=\"article\" \/>\n<meta property=\"og:title\" content=\"Google Maps \u2013 Karten-Widget zur Jimdo-Website hinzuf\u00fcgen (2025)\" \/>\n<meta property=\"og:description\" content=\"Erstellen Sie ein ma\u00dfgeschneidertes Google Maps-Widget f\u00fcr die Jimdo-Site. Demonstrieren Sie umfangreiche Karten in nur 2 Minuten kostenlos im einfachsten Plugin-Panel.\" \/>\n<meta property=\"og:url\" content=\"https:\/\/elfsight.com\/de\/google-maps-widget\/jimdo\/\" \/>\n<meta property=\"og:site_name\" content=\"Elfsight DE\" \/>\n<meta property=\"article:modified_time\" content=\"2025-07-08T10:49:47+00:00\" \/>\n<meta name=\"twitter:card\" content=\"summary_large_image\" \/>\n<meta name=\"twitter:label1\" content=\"Gesch\u00e4tzte Lesezeit\" \/>\n\t<meta name=\"twitter:data1\" content=\"3\u00a0Minuten\" \/>\n<!-- \/ Yoast SEO plugin. -->","yoast_head_json":{"title":"Google Maps \u2013 Karten-Widget zur Jimdo-Website hinzuf\u00fcgen (2025)","description":"Erstellen Sie ein ma\u00dfgeschneidertes Google Maps-Widget f\u00fcr die Jimdo-Site. Demonstrieren Sie umfangreiche Karten in nur 2 Minuten kostenlos im einfachsten Plugin-Panel.","robots":{"index":"index","follow":"follow","max-snippet":"max-snippet:-1","max-image-preview":"max-image-preview:large","max-video-preview":"max-video-preview:-1"},"canonical":"https:\/\/elfsight.com\/de\/google-maps-widget\/jimdo\/","og_locale":"de_DE","og_type":"article","og_title":"Google Maps \u2013 Karten-Widget zur Jimdo-Website hinzuf\u00fcgen (2025)","og_description":"Erstellen Sie ein ma\u00dfgeschneidertes Google Maps-Widget f\u00fcr die Jimdo-Site. Demonstrieren Sie umfangreiche Karten in nur 2 Minuten kostenlos im einfachsten Plugin-Panel.","og_url":"https:\/\/elfsight.com\/de\/google-maps-widget\/jimdo\/","og_site_name":"Elfsight DE","article_modified_time":"2025-07-08T10:49:47+00:00","twitter_card":"summary_large_image","twitter_misc":{"Gesch\u00e4tzte Lesezeit":"3\u00a0Minuten"},"schema":{"@context":"https:\/\/schema.org","@graph":[{"@type":"WebPage","@id":"https:\/\/elfsight.com\/de\/google-maps-widget\/jimdo\/","url":"https:\/\/elfsight.com\/de\/google-maps-widget\/jimdo\/","name":"Google Maps \u2013 Karten-Widget zur Jimdo-Website hinzuf\u00fcgen (2025)","isPartOf":{"@id":"https:\/\/elfsight.com\/de\/#website"},"datePublished":"2024-05-03T06:38:30+00:00","dateModified":"2025-07-08T10:49:47+00:00","description":"Erstellen Sie ein ma\u00dfgeschneidertes Google Maps-Widget f\u00fcr die Jimdo-Site. Demonstrieren Sie umfangreiche Karten in nur 2 Minuten kostenlos im einfachsten Plugin-Panel.","breadcrumb":{"@id":"https:\/\/elfsight.com\/de\/google-maps-widget\/jimdo\/#breadcrumb"},"inLanguage":"de","potentialAction":[{"@type":"ReadAction","target":["https:\/\/elfsight.com\/de\/google-maps-widget\/jimdo\/"]}]},{"@type":"BreadcrumbList","@id":"https:\/\/elfsight.com\/de\/google-maps-widget\/jimdo\/#breadcrumb","itemListElement":[{"@type":"ListItem","position":1,"name":"Home","item":"https:\/\/elfsight.com\/de\/"},{"@type":"ListItem","position":2,"name":"Google Maps","item":"https:\/\/elfsight.com\/de\/google-maps-widget\/"},{"@type":"ListItem","position":3,"name":"Google Maps &#8211; Jimdo"}]},{"@type":"WebSite","@id":"https:\/\/elfsight.com\/de\/#website","url":"https:\/\/elfsight.com\/de\/","name":"Elfsight DE","description":"Just another Elfsight Sites site","potentialAction":[{"@type":"SearchAction","target":{"@type":"EntryPoint","urlTemplate":"https:\/\/elfsight.com\/de\/?s={search_term_string}"},"query-input":{"@type":"PropertyValueSpecification","valueRequired":true,"valueName":"search_term_string"}}],"inLanguage":"de"}]}},"meta_box":{"industry":"","seo_heading":"","heading":"","description":"","cta_heading":"","cta_description":"","application":"464","h1":"Google Maps-Widget f\u00fcr Jimdo","h1_caption":"Betten Sie eine responsive Google-Karte ein, um Ihren Standort oder mehrere Standorte anzuzeigen und so m\u00fchelos auf Ihrer Jimdo-Website zu navigieren.","application_category":[],"applications_title":"","applications_request_title":"","applications_request_button_text":"","hero_text":"","hero_video":"","hero_video_schema_markup":"","selling_points_title":"","selling_points_caption":"","selling_points":[],"selling_points_cta_text":"","features_title":"","features":"","ed_cta_examples_text":"","ed_cta_examples_hidden":"","ed_cta_demo_text":"","ed_cta_demo_hidden":"","why_caption":"","why_editor_title":"","why_editor_text":"","why_team_title":"","why_team_text":"","why_service_title":"","why_service_text":"","template_catalog_visible":"","template_catalog_title":"","template_catalog_text":"","template_catalog_categories_visible":"","demo_title":"Erstellen Sie Ihr Google Maps-Widget","demo_caption":"Konfigurieren Sie Ihr Google Maps und f\u00fcgen Sie es kostenlos zu Ihrer Jimdo-Website hinzu!","default_faq_hidden":"","app_template_category":[],"platform":"239","template_public_id":"","codecanyon_url":"","codecanyon_item_id":"","codecanyon_price":"","pricing_caption":"","pricing_elfsight_apps_hide_column":"","pricing_elfsight_apps_url":"","pricing_codecanyon_price_caption":"","integration_category":[],"integration_request_title":"","integration_request_cta":"","integration_platform":"","integrations":[],"platform_category":[],"video_schema_markup":"","price":"ab 0 $ \/ Monat","trial":"","benefits":[{"text":"Kostenloser Installationsservice"},{"text":"Erfahrener Kundensupport"},{"text":"14-t\u00e4gige R\u00fcckerstattungsgarantie"},{"text":"Fortlaufende Entwicklung"}],"button_url":"#demo","button_target_blank":"","button_nofollow":"","attributes":[{"name":"Installiert","content":"100,000 - 500,000"},{"name":"Reaktionsfreudig","content":"Ja"},{"name":"Kompatible Browser","content":"Firefox, Safari, Opera, Chrome, Edge"}],"tags":[],"tags_disable_links":"","hide_more_platforms":"","video_object":"","demo_hide_cta":"","demo_hide_cloud_options":"","pricing_title":"","pricing":[{"pricing_icon":"platform","pricing_title":"Elfsight Apps","pricing_title_caption":"Plattformunabh\u00e4ngige digitale L\u00f6sung, die auf jeder Website funktioniert","pricing_price":"ab 0 $ \/ Monat","pricing_price_caption":"Beginnen Sie mit einem kostenlosen Plan","pricing_benefits":[{"text":"Unbegrenzte Anzahl an Websites"},{"text":"Premium-Support"},{"text":"Kostenloser Installationsservice"},{"text":"Flexibles Design"}],"pricing_button_text":"Zur Website hinzuf\u00fcgen","pricing_button_url":"#demo"}],"related_apps_title":"","related_apps_hidden":"","author":"","image":[],"title":"","job":"","social_networks":[]},"_links":{"self":[{"href":"https:\/\/elfsight.com\/de\/wp-json\/wp\/v2\/pages\/20534","targetHints":{"allow":["GET"]}}],"collection":[{"href":"https:\/\/elfsight.com\/de\/wp-json\/wp\/v2\/pages"}],"about":[{"href":"https:\/\/elfsight.com\/de\/wp-json\/wp\/v2\/types\/page"}],"author":[{"embeddable":true,"href":"https:\/\/elfsight.com\/de\/wp-json\/wp\/v2\/users\/9"}],"replies":[{"embeddable":true,"href":"https:\/\/elfsight.com\/de\/wp-json\/wp\/v2\/comments?post=20534"}],"version-history":[{"count":1,"href":"https:\/\/elfsight.com\/de\/wp-json\/wp\/v2\/pages\/20534\/revisions"}],"predecessor-version":[{"id":20538,"href":"https:\/\/elfsight.com\/de\/wp-json\/wp\/v2\/pages\/20534\/revisions\/20538"}],"up":[{"embeddable":true,"href":"https:\/\/elfsight.com\/de\/wp-json\/wp\/v2\/pages\/894"}],"wp:attachment":[{"href":"https:\/\/elfsight.com\/de\/wp-json\/wp\/v2\/media?parent=20534"}],"curies":[{"name":"wp","href":"https:\/\/api.w.org\/{rel}","templated":true}]}}