{"id":20527,"date":"2024-05-03T06:38:27","date_gmt":"2024-05-03T06:38:27","guid":{"rendered":"https:\/\/elfsight.com\/de\/?page_id=20527"},"modified":"2025-07-08T10:47:24","modified_gmt":"2025-07-08T10:47:24","slug":"blogger","status":"publish","type":"page","link":"https:\/\/elfsight.com\/de\/g2-crowd-reviews-widget\/blogger\/","title":{"rendered":"G2 Crowd Reviews &#8211; Blogger"},"content":{"rendered":"<div class=\"application-platform-content-item-description application-platform-content-item\" id=\"description\" data-nav-section=\"description\"><h2>Beschreibung<\/h2> <p>Das Elfsight G2-Bewertungs-Widget ist der einfachste Weg, den Ruf Ihres Unternehmens zu verbessern, indem Sie Bewertungen echter Kunden auf Ihrem Ger\u00e4t anzeigen Dienstleistungen. W\u00e4hlen Sie nur die besten oder ansprechendsten Bewertungen aus und organisieren Sie sie nach Ihren W\u00fcnschen. Sammeln Sie soziale Beweise, indem Sie Ihren Website-Besuchern zeigen, dass Ihr Unternehmen vertrauensw\u00fcrdig ist. Helfen Sie den Nutzern, neue Eindr\u00fccke zu Ihren Angeboten und Dienstleistungen zu teilen und f\u00f6rdern Sie die Kommunikation! <\/p><p><b>Ausgew\u00e4hlte Beitr\u00e4ge auf jeder Seite Ihrer Website anzeigen<\/b><\/p><\/div><div class=\"application-platform-content-item-features application-platform-content-item\" id=\"features\" data-nav-section=\"features\"><h2>Funktionen<\/h2> <p> Um eine bessere Wahrnehmung des G2 Crowd-Widgets zu erm\u00f6glichen, finden Sie hier eine Liste der wichtigsten Merkmale. Sie machen unser Widget f\u00fcr Sie wirklich n\u00fctzlich: <\/p><ul> <li>3 vordefinierte Filter: nach Typ, Ausschlie\u00dfen nach und Anzahl der anzuzeigenden Bewertungen; <\/li><li>Vier Layoutoptionen: Liste, Raster, Mauerwerk und Schieberegler; <\/li><li>Umschaltbarer Header des Widgets; <\/li><li>Die aktive Schaltfl\u00e4che zum Hinzuf\u00fcgen einer Bewertung f\u00fchrt Besucher auf Ihre G2-Seite; <\/li><li>6 anpassbare Teile der Rezensionen: Name des Autors und Foto, Empfehlungstext, Datum, G2-Zeichen und Sternebewertung; <\/li><li>2 Alternativen f\u00fcr Szenarien nach der Ablehnung einer \u00dcberpr\u00fcfungsanfrage: Anzeigen einer benutzerdefinierten Nachricht oder Ausblenden der Schaltfl\u00e4che. <\/li><\/ul><p><a href=\"#demo\">Sehen Sie sich alle Funktionen in unserer Demo an<\/a><\/p><\/div><div class=\"application-platform-content-item-installation application-platform-content-item\" id=\"installation\" data-nav-section=\"installation\"><h2>Wie So f\u00fcgen Sie G2 Crowd Reviews zur Blogger-Website hinzu<\/h2><p>Diese Schritte sind das Einzige, was Sie zum Einrichten des Widgets auf Ihrer Website ben\u00f6tigen. Es dauert nur zwei Minuten und Sie m\u00fcssen nicht programmieren. <\/p><ol><li><b>Erstellen Sie Ihr individuelles G2 Crowd-Plugin<\/b><br>In unserem kostenlosen Konfigurator richten Sie ein Plugin mit einem bevorzugten Layout und Funktionen ein. <\/li> <li><b>Erhalten Sie den pers\u00f6nlichen Code, um das Plugin hinzuzuf\u00fcgen.<\/b><br>Nachdem Sie Ihr Widget erstellt haben, erhalten Sie den eindeutigen Code aus der angezeigten Benachrichtigung auf Elfsight Apps. Kopiere es. <\/li> <li><b>Zeigen Sie das Plugin auf Ihrer Blogger-Website an.<\/b><br>W\u00e4hlen Sie die Stelle aus, an der Sie das Plugin anzeigen m\u00f6chten, und f\u00fcgen Sie den kopierten Code dort ein. \u00dcbernehmen Sie die \u00c4nderungen. <\/li> <li><b>Die Einrichtung ist abgeschlossen<\/b><br>Besuchen Sie die Seite, um Ihre Arbeit zu \u00fcberpr\u00fcfen. <\/li><\/ol><p>Immer noch unruhig? Oder \u00fcber irgendetwas gestolpert? Mit nur einer einzigen Anfrage an unsere Kundendienstabteilung l\u00e4sst sich jedes Problem l\u00f6sen. <\/p><div class=\"faq\" data-component=\"FAQ\"> <div class=\"faq-item\">\r\n\t\t\t\t\t<div class=\"faq-item-question\">\r\n\t\t\t\t\t\t<h3 class=\"faq-item-question-text\">Wie f\u00fcge ich G2-Bewertungen ohne Programmierkenntnisse zu meiner Blogger-Website hinzu?<\/h3>\r\n\r\n\t\t\t\t\t\t<div class=\"faq-item-question-icon\"><\/div>\r\n\t\t\t\t\t<\/div>\r\n\r\n\t\t\t\t\t<div class=\"faq-item-answer\">\r\n\t\t\t\t\t\t<div class=\"faq-item-answer-text\"> <p>Elfsight bietet eine SaaS-L\u00f6sung, mit der Sie selbst ein G2-Bewertungs-Widget erstellen k\u00f6nnen. Sehen Sie, wie einfach der Vorgang ist ist: Arbeiten Sie direkt im Online-Editor, um ein G2-Bewertungs-Widget zu erstellen, das Sie gerne auf Ihrer Blogger-Website sehen w\u00fcrden. W\u00e4hlen Sie eine der vorgefertigten Vorlagen aus und passen Sie die G2 Reviews-Einstellungen an, f\u00fcgen Sie Ihre Inhalte hinzu, \u00e4ndern Sie das Layout und das Farbschema ohne Programmierkenntnisse. Speichern Sie die G2-Rezensionen und kopieren Sie den Installationscode, den Sie einfach in Ihre Blogger-Website einf\u00fcgen k\u00f6nnen, ohne einen kostenpflichtigen Plan zu kaufen. Mit unserem intuitiven Editor kann jeder Internetnutzer online ein G2-Bewertungs-Widget erstellen und es einfach in seine Blogger-Website einbetten. Sie m\u00fcssen weder bezahlen noch Ihre Kartendaten eingeben, um auf den Service zuzugreifen. Sollten bei irgendeinem Schritt Probleme auftreten, wenden Sie sich bitte an unser technisches Support-Team.<\/p> <\/div>\r\n\t\t\t\t\t<\/div>\r\n\t\t\t\t<\/div> <\/div> <\/div>","protected":false},"excerpt":{"rendered":"","protected":false},"author":9,"featured_media":0,"parent":1662,"menu_order":0,"comment_status":"closed","ping_status":"closed","template":"templates\/template-application-platform.php","meta":{"publish_to_discourse":"","publish_post_category":"","wpdc_auto_publish_overridden":"","wpdc_topic_tags":"","wpdc_pin_topic":"","wpdc_pin_until":"","discourse_post_id":"","discourse_permalink":"","wpdc_publishing_response":"","wpdc_publishing_error":"","footnotes":""},"class_list":["post-20527","page","type-page","status-publish","hentry"],"yoast_head":"<!-- This site is optimized with the Yoast SEO plugin v25.3.1 - https:\/\/yoast.com\/wordpress\/plugins\/seo\/ -->\n<title>Einbetten von G2 Crowd Reviews auf der Blogger-Website (kostenlos und schnell)<\/title>\n<meta name=\"description\" content=\"Es ist ganz einfach, Ihr G2 Crowd Reviews-Widget zu erstellen und es auf der Blogger-Site zu ver\u00f6ffentlichen. Der Elfsight-Kundendienst ist kostenlos.\" \/>\n<meta name=\"robots\" content=\"index, follow, max-snippet:-1, max-image-preview:large, max-video-preview:-1\" \/>\n<link rel=\"canonical\" href=\"https:\/\/elfsight.com\/de\/g2-crowd-reviews-widget\/blogger\/\" \/>\n<meta property=\"og:locale\" content=\"de_DE\" \/>\n<meta property=\"og:type\" content=\"article\" \/>\n<meta property=\"og:title\" content=\"Einbetten von G2 Crowd Reviews auf der Blogger-Website (kostenlos und schnell)\" \/>\n<meta property=\"og:description\" content=\"Es ist ganz einfach, Ihr G2 Crowd Reviews-Widget zu erstellen und es auf der Blogger-Site zu ver\u00f6ffentlichen. Der Elfsight-Kundendienst ist kostenlos.\" \/>\n<meta property=\"og:url\" content=\"https:\/\/elfsight.com\/de\/g2-crowd-reviews-widget\/blogger\/\" \/>\n<meta property=\"og:site_name\" content=\"Elfsight DE\" \/>\n<meta property=\"article:modified_time\" content=\"2025-07-08T10:47:24+00:00\" \/>\n<meta name=\"twitter:card\" content=\"summary_large_image\" \/>\n<meta name=\"twitter:label1\" content=\"Gesch\u00e4tzte Lesezeit\" \/>\n\t<meta name=\"twitter:data1\" content=\"3\u00a0Minuten\" \/>\n<!-- \/ Yoast SEO plugin. -->","yoast_head_json":{"title":"Einbetten von G2 Crowd Reviews auf der Blogger-Website (kostenlos und schnell)","description":"Es ist ganz einfach, Ihr G2 Crowd Reviews-Widget zu erstellen und es auf der Blogger-Site zu ver\u00f6ffentlichen. Der Elfsight-Kundendienst ist kostenlos.","robots":{"index":"index","follow":"follow","max-snippet":"max-snippet:-1","max-image-preview":"max-image-preview:large","max-video-preview":"max-video-preview:-1"},"canonical":"https:\/\/elfsight.com\/de\/g2-crowd-reviews-widget\/blogger\/","og_locale":"de_DE","og_type":"article","og_title":"Einbetten von G2 Crowd Reviews auf der Blogger-Website (kostenlos und schnell)","og_description":"Es ist ganz einfach, Ihr G2 Crowd Reviews-Widget zu erstellen und es auf der Blogger-Site zu ver\u00f6ffentlichen. Der Elfsight-Kundendienst ist kostenlos.","og_url":"https:\/\/elfsight.com\/de\/g2-crowd-reviews-widget\/blogger\/","og_site_name":"Elfsight DE","article_modified_time":"2025-07-08T10:47:24+00:00","twitter_card":"summary_large_image","twitter_misc":{"Gesch\u00e4tzte Lesezeit":"3\u00a0Minuten"},"schema":{"@context":"https:\/\/schema.org","@graph":[{"@type":"WebPage","@id":"https:\/\/elfsight.com\/de\/g2-crowd-reviews-widget\/blogger\/","url":"https:\/\/elfsight.com\/de\/g2-crowd-reviews-widget\/blogger\/","name":"Einbetten von G2 Crowd Reviews auf der Blogger-Website (kostenlos und schnell)","isPartOf":{"@id":"https:\/\/elfsight.com\/de\/#website"},"datePublished":"2024-05-03T06:38:27+00:00","dateModified":"2025-07-08T10:47:24+00:00","description":"Es ist ganz einfach, Ihr G2 Crowd Reviews-Widget zu erstellen und es auf der Blogger-Site zu ver\u00f6ffentlichen. Der Elfsight-Kundendienst ist kostenlos.","breadcrumb":{"@id":"https:\/\/elfsight.com\/de\/g2-crowd-reviews-widget\/blogger\/#breadcrumb"},"inLanguage":"de","potentialAction":[{"@type":"ReadAction","target":["https:\/\/elfsight.com\/de\/g2-crowd-reviews-widget\/blogger\/"]}]},{"@type":"BreadcrumbList","@id":"https:\/\/elfsight.com\/de\/g2-crowd-reviews-widget\/blogger\/#breadcrumb","itemListElement":[{"@type":"ListItem","position":1,"name":"Home","item":"https:\/\/elfsight.com\/de\/"},{"@type":"ListItem","position":2,"name":"G2 Crowd Reviews","item":"https:\/\/elfsight.com\/de\/g2-crowd-reviews-widget\/"},{"@type":"ListItem","position":3,"name":"G2 Crowd Reviews &#8211; Blogger"}]},{"@type":"WebSite","@id":"https:\/\/elfsight.com\/de\/#website","url":"https:\/\/elfsight.com\/de\/","name":"Elfsight DE","description":"Just another Elfsight Sites site","potentialAction":[{"@type":"SearchAction","target":{"@type":"EntryPoint","urlTemplate":"https:\/\/elfsight.com\/de\/?s={search_term_string}"},"query-input":{"@type":"PropertyValueSpecification","valueRequired":true,"valueName":"search_term_string"}}],"inLanguage":"de"}]}},"meta_box":{"industry":"","seo_heading":"","heading":"","description":"","cta_heading":"","cta_description":"","application":"495","h1":"G2 Crowd Reviews f\u00fcr Blogger","h1_caption":"Pr\u00e4sentieren Sie g2-Rezensionen, um den Erfolg und den Ruf Ihrer Software bei den Benutzern m\u00fchelos auf Ihrer Blogger-Website hervorzuheben.","application_category":[],"applications_title":"","applications_request_title":"","applications_request_button_text":"","hero_text":"","hero_video":"","hero_video_schema_markup":"","selling_points_title":"","selling_points_caption":"","selling_points":[],"selling_points_cta_text":"","features_title":"","features":"","ed_cta_examples_text":"","ed_cta_examples_hidden":"","ed_cta_demo_text":"","ed_cta_demo_hidden":"","why_caption":"","why_editor_title":"","why_editor_text":"","why_team_title":"","why_team_text":"","why_service_title":"","why_service_text":"","template_catalog_visible":"","template_catalog_title":"","template_catalog_text":"","template_catalog_categories_visible":"","demo_title":"Erstellen Sie Ihr G2 Crowd Reviews-Widget","demo_caption":"Konfigurieren Sie Ihre G2 Crowd Reviews und f\u00fcgen Sie sie kostenlos zu Ihrer Blogger-Website hinzu!","default_faq_hidden":"","app_template_category":[],"platform":"262","template_public_id":"","codecanyon_url":"","codecanyon_item_id":"","codecanyon_price":"","pricing_caption":"","pricing_elfsight_apps_hide_column":"","pricing_elfsight_apps_url":"","pricing_codecanyon_price_caption":"","integration_category":[],"integration_request_title":"","integration_request_cta":"","integration_platform":"","integrations":[],"platform_category":[],"video_schema_markup":"","price":"ab 0 $ \/ Monat","trial":"","benefits":[{"text":"Kostenloser Installationsservice"},{"text":"Premium-Support"},{"text":"14-t\u00e4gige R\u00fcckerstattungsgarantie"},{"text":"Kontinuierliche Verbesserungen"}],"button_url":"#demo","button_target_blank":"","button_nofollow":"","attributes":[{"name":"Installiert","content":"10,000 - 100,000"},{"name":"Reaktionsfreudig","content":"Ja"},{"name":"Kompatible Browser","content":"Firefox, Safari, Opera, Chrome, Edge"}],"tags":[],"tags_disable_links":"","hide_more_platforms":"","video_object":"","demo_hide_cta":"","demo_hide_cloud_options":"","pricing_title":"","pricing":[{"pricing_icon":"platform","pricing_title":"Elfsight Apps","pricing_title_caption":"Plattform\u00fcbergreifende digitale L\u00f6sung, die auf jeder Website funktioniert","pricing_price":"ab 0 $ \/ Monat","pricing_price_caption":"Beginnen Sie mit einem kostenlosen Plan","pricing_benefits":[{"text":"Unbegrenzte Websites"},{"text":"Schneller Kundensupport und gut dokumentiert"},{"text":"Kostenloser Installationsservice"},{"text":"Flexibles Design"}],"pricing_button_text":"Zur Website hinzuf\u00fcgen","pricing_button_url":"#demo"}],"related_apps_title":"","related_apps_hidden":"","author":"","image":[],"title":"","job":"","social_networks":[]},"_links":{"self":[{"href":"https:\/\/elfsight.com\/de\/wp-json\/wp\/v2\/pages\/20527","targetHints":{"allow":["GET"]}}],"collection":[{"href":"https:\/\/elfsight.com\/de\/wp-json\/wp\/v2\/pages"}],"about":[{"href":"https:\/\/elfsight.com\/de\/wp-json\/wp\/v2\/types\/page"}],"author":[{"embeddable":true,"href":"https:\/\/elfsight.com\/de\/wp-json\/wp\/v2\/users\/9"}],"replies":[{"embeddable":true,"href":"https:\/\/elfsight.com\/de\/wp-json\/wp\/v2\/comments?post=20527"}],"version-history":[{"count":1,"href":"https:\/\/elfsight.com\/de\/wp-json\/wp\/v2\/pages\/20527\/revisions"}],"predecessor-version":[{"id":20531,"href":"https:\/\/elfsight.com\/de\/wp-json\/wp\/v2\/pages\/20527\/revisions\/20531"}],"up":[{"embeddable":true,"href":"https:\/\/elfsight.com\/de\/wp-json\/wp\/v2\/pages\/1662"}],"wp:attachment":[{"href":"https:\/\/elfsight.com\/de\/wp-json\/wp\/v2\/media?parent=20527"}],"curies":[{"name":"wp","href":"https:\/\/api.w.org\/{rel}","templated":true}]}}