{"id":20526,"date":"2024-05-03T06:38:26","date_gmt":"2024-05-03T06:38:26","guid":{"rendered":"https:\/\/elfsight.com\/de\/?page_id=20526"},"modified":"2025-07-08T10:47:29","modified_gmt":"2025-07-08T10:47:29","slug":"drupal","status":"publish","type":"page","link":"https:\/\/elfsight.com\/de\/g2-crowd-reviews-widget\/drupal\/","title":{"rendered":"G2 Crowd Reviews &#8211; Drupal"},"content":{"rendered":"<div class=\"application-platform-content-item-description application-platform-content-item\" id=\"description\" data-nav-section=\"description\"><h2>Beschreibung<\/h2> <p>Elfsight G2 Reviews ist die bequemste Methode, um zum Ruf Ihres Unternehmens beizutragen, indem Sie Bewertungen echter Kunden anzeigen deine Produkte. W\u00e4hlen Sie nur die positiven oder die aussagekr\u00e4ftigsten Kommentare aus und ordnen Sie diese genau nach Ihren W\u00fcnschen an. Sammeln Sie soziale Beweise, indem Sie Ihrem Publikum zeigen, dass Sie glaubw\u00fcrdig sind. Inspirieren Sie Benutzer dazu, neue Kommentare zu Ihrem Unternehmen zu ver\u00f6ffentlichen und regen Sie Kundengespr\u00e4che an! <\/p><p><b>Erh\u00f6hen Sie das Vertrauen in Ihr Unternehmen mithilfe von G2 Crowd-Bewertungen auf Ihrer Website<\/b><\/p><\/div><div class=\"application-platform-content-item-features application-platform-content-item\" id=\"features\" data-nav-section=\"features\"><h2>Funktionen<\/h2> <p>Um das Modul besser zu verstehen, sehen Sie sich die Liste seiner Hauptfunktionen an. Sie machen das Widget f\u00fcr Sie unglaublich effektiv: <\/p><ul> <li>Drei verf\u00fcgbare Filter: nach Typ, Ausschlie\u00dfen nach und Anzahl der anzuzeigenden Bewertungen; <\/li><li>4 verf\u00fcgbare Layouts: Liste, Raster, Mauerwerk und Schieberegler; <\/li><li>Eine M\u00f6glichkeit, den Modul-Header anzuzeigen oder auszublenden; <\/li><li>\u00dcber die Schaltfl\u00e4che \u201e\u00dcberpr\u00fcfungsanfrage\u201c gelangen Kunden zum G2-Konto. <\/li><li>Sechs umschaltbare Einheiten der Benutzeroberfl\u00e4che: der Name des Autors und des Bildes, Rezension, Datum der Freigabe, G2-Symbol und Sternebewertung; <\/li><li>Zwei Optionen f\u00fcr die Ablehnung einer Bewertungsanfrage: Anzeigen eines Textes oder Ausblenden der Schaltfl\u00e4che. <\/li><\/ul><p><a href=\"#demo\">Eine vollst\u00e4ndige Liste der Funktionen finden Sie in unserer Demo<\/a><\/p><\/div><div class=\"application-platform-content-item-installation application-platform-content-item\" id=\"installation\" data-nav-section=\"installation\"><h2>So f\u00fcgen Sie G2 Crowd Reviews zur Drupal-Website hinzu<\/h2><p>F\u00fchren Sie einfach die unten aufgef\u00fchrten Schritte aus, um das Modul auf Drupal zu integrieren.<\/p> <ol><li><b>Starten Sie unsere kostenlose Demo und beginnen Sie mit dem Bau Ihres ma\u00dfgeschneiderten Instruments. <\/b><br> W\u00e4hlen Sie die ausgew\u00e4hlte Form und Optionen des Moduls und speichern Sie die \u00c4nderungen. <\/li> <li><b>Kopieren Sie Ihren individuellen Code, der im Fenster von Elfsight Apps angezeigt wird. <\/b><br> Kopieren Sie unmittelbar nach Abschluss der Erstellung Ihres G2 Crowd Reviews-Moduls den exklusiven Code aus dem angezeigten Feld und bewahren Sie ihn zur weiteren Verwendung auf. <\/li> <li><b>Initiieren Sie den Einsatz des Tools auf Ihrer Drupal-Website. <\/b><br> F\u00fcgen Sie den zuvor kopierten Code in Ihre Website ein und \u00fcbernehmen Sie die \u00c4nderungen. <\/li> <li><b>Die Installation wurde erfolgreich abgeschlossen. <\/b><br> Besuchen Sie Ihre Website, um die Leistung des Tools zu beobachten. <\/li><\/ol><p>Zweifeln Sie immer noch an etwas? Oder haben Sie Fragen? Ihre Anfrage an unser Support-Team hilft bei jedem Problem. <\/p><div class=\"faq\" data-component=\"FAQ\"> <div class=\"faq-item\">\r\n\t\t\t\t\t<div class=\"faq-item-question\">\r\n\t\t\t\t\t\t<h3 class=\"faq-item-question-text\">Wie kann ich ohne Programmierkenntnisse G2-Bewertungen zu meiner Drupal-Website hinzuf\u00fcgen?<\/h3>\r\n\r\n\t\t\t\t\t\t<div class=\"faq-item-question-icon\"><\/div>\r\n\t\t\t\t\t<\/div>\r\n\r\n\t\t\t\t\t<div class=\"faq-item-answer\">\r\n\t\t\t\t\t\t<div class=\"faq-item-answer-text\"> <p>Elfsight bietet eine SaaS-L\u00f6sung, mit der Sie selbst ein G2-Bewertungs-Widget erstellen und sehen k\u00f6nnen, wie einfach das ist Der Prozess ist: Arbeiten Sie direkt im Online-Editor, um ein G2-Bewertungs-Widget zu erstellen, das Sie gerne auf Ihrer Drupal-Website sehen w\u00fcrden. W\u00e4hlen Sie eine der vorgefertigten Vorlagen aus und passen Sie die G2 Reviews-Einstellungen an, f\u00fcgen Sie Ihre Inhalte hinzu, \u00e4ndern Sie das Layout und die Farben ohne Programmierkenntnisse. Speichern Sie die G2-Rezensionen und kopieren Sie den Installationscode, den Sie problemlos in Ihre Drupal-Website integrieren k\u00f6nnen, ohne ein kostenpflichtiges Abonnement zu kaufen. Mit unserem intuitiven Editor kann jeder Internetnutzer online ein G2-Bewertungs-Widget erstellen und es einfach in seine Drupal-Website einbetten. Sie m\u00fcssen weder bezahlen noch Ihre Kartendaten eingeben, um auf den Service zuzugreifen. Sollten bei irgendeinem Schritt Probleme auftreten, wenden Sie sich bitte an unser technisches Support-Team.<\/p> <\/div>\r\n\t\t\t\t\t<\/div>\r\n\t\t\t\t<\/div> <\/div> <\/div>","protected":false},"excerpt":{"rendered":"","protected":false},"author":9,"featured_media":0,"parent":1662,"menu_order":0,"comment_status":"closed","ping_status":"closed","template":"templates\/template-application-platform.php","meta":{"publish_to_discourse":"","publish_post_category":"","wpdc_auto_publish_overridden":"","wpdc_topic_tags":"","wpdc_pin_topic":"","wpdc_pin_until":"","discourse_post_id":"","discourse_permalink":"","wpdc_publishing_response":"","wpdc_publishing_error":"","footnotes":""},"class_list":["post-20526","page","type-page","status-publish","hentry"],"yoast_head":"<!-- This site is optimized with the Yoast SEO plugin v25.3.1 - https:\/\/yoast.com\/wordpress\/plugins\/seo\/ -->\n<title>Einbetten von G2 Crowd Reviews auf der Drupal-Website (kostenlos und schnell)<\/title>\n<meta name=\"description\" content=\"Hier besteht die M\u00f6glichkeit, ein G2 Crowd Reviews-Modul zu erstellen und es in Ihre Drupal-Site einzubetten. Genie\u00dfen Sie kostenlosen Kundenservice und andere Boni von Elfsight.\" \/>\n<meta name=\"robots\" content=\"index, follow, max-snippet:-1, max-image-preview:large, max-video-preview:-1\" \/>\n<link rel=\"canonical\" href=\"https:\/\/elfsight.com\/de\/g2-crowd-reviews-widget\/drupal\/\" \/>\n<meta property=\"og:locale\" content=\"de_DE\" \/>\n<meta property=\"og:type\" content=\"article\" \/>\n<meta property=\"og:title\" content=\"Einbetten von G2 Crowd Reviews auf der Drupal-Website (kostenlos und schnell)\" \/>\n<meta property=\"og:description\" content=\"Hier besteht die M\u00f6glichkeit, ein G2 Crowd Reviews-Modul zu erstellen und es in Ihre Drupal-Site einzubetten. Genie\u00dfen Sie kostenlosen Kundenservice und andere Boni von Elfsight.\" \/>\n<meta property=\"og:url\" content=\"https:\/\/elfsight.com\/de\/g2-crowd-reviews-widget\/drupal\/\" \/>\n<meta property=\"og:site_name\" content=\"Elfsight DE\" \/>\n<meta property=\"article:modified_time\" content=\"2025-07-08T10:47:29+00:00\" \/>\n<meta name=\"twitter:card\" content=\"summary_large_image\" \/>\n<meta name=\"twitter:label1\" content=\"Gesch\u00e4tzte Lesezeit\" \/>\n\t<meta name=\"twitter:data1\" content=\"3\u00a0Minuten\" \/>\n<!-- \/ Yoast SEO plugin. -->","yoast_head_json":{"title":"Einbetten von G2 Crowd Reviews auf der Drupal-Website (kostenlos und schnell)","description":"Hier besteht die M\u00f6glichkeit, ein G2 Crowd Reviews-Modul zu erstellen und es in Ihre Drupal-Site einzubetten. Genie\u00dfen Sie kostenlosen Kundenservice und andere Boni von Elfsight.","robots":{"index":"index","follow":"follow","max-snippet":"max-snippet:-1","max-image-preview":"max-image-preview:large","max-video-preview":"max-video-preview:-1"},"canonical":"https:\/\/elfsight.com\/de\/g2-crowd-reviews-widget\/drupal\/","og_locale":"de_DE","og_type":"article","og_title":"Einbetten von G2 Crowd Reviews auf der Drupal-Website (kostenlos und schnell)","og_description":"Hier besteht die M\u00f6glichkeit, ein G2 Crowd Reviews-Modul zu erstellen und es in Ihre Drupal-Site einzubetten. Genie\u00dfen Sie kostenlosen Kundenservice und andere Boni von Elfsight.","og_url":"https:\/\/elfsight.com\/de\/g2-crowd-reviews-widget\/drupal\/","og_site_name":"Elfsight DE","article_modified_time":"2025-07-08T10:47:29+00:00","twitter_card":"summary_large_image","twitter_misc":{"Gesch\u00e4tzte Lesezeit":"3\u00a0Minuten"},"schema":{"@context":"https:\/\/schema.org","@graph":[{"@type":"WebPage","@id":"https:\/\/elfsight.com\/de\/g2-crowd-reviews-widget\/drupal\/","url":"https:\/\/elfsight.com\/de\/g2-crowd-reviews-widget\/drupal\/","name":"Einbetten von G2 Crowd Reviews auf der Drupal-Website (kostenlos und schnell)","isPartOf":{"@id":"https:\/\/elfsight.com\/de\/#website"},"datePublished":"2024-05-03T06:38:26+00:00","dateModified":"2025-07-08T10:47:29+00:00","description":"Hier besteht die M\u00f6glichkeit, ein G2 Crowd Reviews-Modul zu erstellen und es in Ihre Drupal-Site einzubetten. Genie\u00dfen Sie kostenlosen Kundenservice und andere Boni von Elfsight.","breadcrumb":{"@id":"https:\/\/elfsight.com\/de\/g2-crowd-reviews-widget\/drupal\/#breadcrumb"},"inLanguage":"de","potentialAction":[{"@type":"ReadAction","target":["https:\/\/elfsight.com\/de\/g2-crowd-reviews-widget\/drupal\/"]}]},{"@type":"BreadcrumbList","@id":"https:\/\/elfsight.com\/de\/g2-crowd-reviews-widget\/drupal\/#breadcrumb","itemListElement":[{"@type":"ListItem","position":1,"name":"Home","item":"https:\/\/elfsight.com\/de\/"},{"@type":"ListItem","position":2,"name":"G2 Crowd Reviews","item":"https:\/\/elfsight.com\/de\/g2-crowd-reviews-widget\/"},{"@type":"ListItem","position":3,"name":"G2 Crowd Reviews &#8211; Drupal"}]},{"@type":"WebSite","@id":"https:\/\/elfsight.com\/de\/#website","url":"https:\/\/elfsight.com\/de\/","name":"Elfsight DE","description":"Just another Elfsight Sites site","potentialAction":[{"@type":"SearchAction","target":{"@type":"EntryPoint","urlTemplate":"https:\/\/elfsight.com\/de\/?s={search_term_string}"},"query-input":{"@type":"PropertyValueSpecification","valueRequired":true,"valueName":"search_term_string"}}],"inLanguage":"de"}]}},"meta_box":{"industry":"","seo_heading":"","heading":"","description":"","cta_heading":"","cta_description":"","application":"495","h1":"G2 Crowd-Rezensionen f\u00fcr Drupal","h1_caption":"Pr\u00e4sentieren Sie g2-Rezensionen, um den Erfolg und den Ruf Ihrer Software bei den Benutzern m\u00fchelos auf Ihrer Drupal-Website hervorzuheben.","application_category":[],"applications_title":"","applications_request_title":"","applications_request_button_text":"","hero_text":"","hero_video":"","hero_video_schema_markup":"","selling_points_title":"","selling_points_caption":"","selling_points":[],"selling_points_cta_text":"","features_title":"","features":"","ed_cta_examples_text":"","ed_cta_examples_hidden":"","ed_cta_demo_text":"","ed_cta_demo_hidden":"","why_caption":"","why_editor_title":"","why_editor_text":"","why_team_title":"","why_team_text":"","why_service_title":"","why_service_text":"","template_catalog_visible":"","template_catalog_title":"","template_catalog_text":"","template_catalog_categories_visible":"","demo_title":"Erstellen Sie Ihr G2 Crowd Reviews-Modul","demo_caption":"Konfigurieren Sie Ihre G2 Crowd Reviews und f\u00fcgen Sie sie kostenlos zu Ihrer Drupal-Website hinzu!","default_faq_hidden":"","app_template_category":[],"platform":"261","template_public_id":"","codecanyon_url":"","codecanyon_item_id":"","codecanyon_price":"","pricing_caption":"","pricing_elfsight_apps_hide_column":"","pricing_elfsight_apps_url":"","pricing_codecanyon_price_caption":"","integration_category":[],"integration_request_title":"","integration_request_cta":"","integration_platform":"","integrations":[],"platform_category":[],"video_schema_markup":"","price":"ab 0 $ \/ Monat","trial":"","benefits":[{"text":"Kostenloser Installationsservice"},{"text":"Effektiver Kundensupport"},{"text":"14-t\u00e4gige Geld-zur\u00fcck-Garantie"},{"text":"Zuk\u00fcnftige Updates"}],"button_url":"#demo","button_target_blank":"","button_nofollow":"","attributes":[{"name":"Installiert","content":"10,000 - 100,000"},{"name":"Reaktionsfreudig","content":"Ja"},{"name":"Kompatible Browser","content":"IE11, Firefox, Safari, Opera, Chrome, Edge"}],"tags":[],"tags_disable_links":"","hide_more_platforms":"","video_object":"","demo_hide_cta":"","demo_hide_cloud_options":"","pricing_title":"","pricing":[{"pricing_icon":"platform","pricing_title":"Elfsight Apps","pricing_title_caption":"Multiplattform-Version, die f\u00fcr jede Website geeignet ist","pricing_price":"ab 0 $ \/ Monat","pricing_price_caption":"Beginnen Sie mit einem kostenlosen Plan","pricing_benefits":[{"text":"Unbegrenzte Domains"},{"text":"Schneller und p\u00fcnktlicher Support und gut dokumentiert"},{"text":"Kostenloser Installationsservice"},{"text":"Sonderangebot f\u00fcr mehrere Apps"}],"pricing_button_text":"Zur Website hinzuf\u00fcgen","pricing_button_url":"#demo"}],"related_apps_title":"","related_apps_hidden":"","author":"","image":[],"title":"","job":"","social_networks":[]},"_links":{"self":[{"href":"https:\/\/elfsight.com\/de\/wp-json\/wp\/v2\/pages\/20526","targetHints":{"allow":["GET"]}}],"collection":[{"href":"https:\/\/elfsight.com\/de\/wp-json\/wp\/v2\/pages"}],"about":[{"href":"https:\/\/elfsight.com\/de\/wp-json\/wp\/v2\/types\/page"}],"author":[{"embeddable":true,"href":"https:\/\/elfsight.com\/de\/wp-json\/wp\/v2\/users\/9"}],"replies":[{"embeddable":true,"href":"https:\/\/elfsight.com\/de\/wp-json\/wp\/v2\/comments?post=20526"}],"version-history":[{"count":1,"href":"https:\/\/elfsight.com\/de\/wp-json\/wp\/v2\/pages\/20526\/revisions"}],"predecessor-version":[{"id":20530,"href":"https:\/\/elfsight.com\/de\/wp-json\/wp\/v2\/pages\/20526\/revisions\/20530"}],"up":[{"embeddable":true,"href":"https:\/\/elfsight.com\/de\/wp-json\/wp\/v2\/pages\/1662"}],"wp:attachment":[{"href":"https:\/\/elfsight.com\/de\/wp-json\/wp\/v2\/media?parent=20526"}],"curies":[{"name":"wp","href":"https:\/\/api.w.org\/{rel}","templated":true}]}}