{"id":20520,"date":"2024-05-03T06:38:24","date_gmt":"2024-05-03T06:38:24","guid":{"rendered":"https:\/\/elfsight.com\/de\/?page_id=20520"},"modified":"2025-07-08T10:48:09","modified_gmt":"2025-07-08T10:48:09","slug":"joomla","status":"publish","type":"page","link":"https:\/\/elfsight.com\/de\/g2-crowd-reviews-widget\/joomla\/","title":{"rendered":"G2 Crowd Reviews &#8211; Joomla"},"content":{"rendered":"<div class=\"application-platform-content-item-description application-platform-content-item\" id=\"description\" data-nav-section=\"description\"><h2>Beschreibung<\/h2> <p>Elfsight G2 Reviews ist die bequemste M\u00f6glichkeit, den Ruf Ihres Unternehmens zu verbessern, indem Sie die Bewertungen echter Benutzer auf Ihrem Konto anzeigen Dienstleistungen. Ver\u00f6ffentlichen Sie nur die besten bzw. aussagekr\u00e4ftigsten Kommentare und organisieren Sie diese genau nach Ihren W\u00fcnschen. Sammeln Sie soziale Beweise, indem Sie Ihren Website-Besuchern zeigen, dass Sie \u00fcber ein hohes Ma\u00df an Vertrauen verf\u00fcgen. Helfen Sie den Nutzern, weitere Kommentare zu Ihren Angeboten und Dienstleistungen abzugeben und f\u00f6rdern Sie die Nutzerkommunikation! <\/p><p><b>F\u00fcgen Sie G2 Crowd-Bewertungen m\u00fchelos und im Handumdrehen auf Ihrer Website hinzu<\/b><\/p><\/div><div class=\"application-platform-content-item-features application-platform-content-item\" id=\"features\" data-nav-section=\"features\"><h2>Funktionen<\/h2> <p>Um sich eine klare Vorstellung von der G2 Crowd-Erweiterung zu machen, sehen Sie sich die Liste der Hauptfunktionen an. Sie machen unser Widget f\u00fcr Ihre Website wirklich n\u00fctzlich: <\/p><ul> <li>Drei vordefinierte Filter: nach Typ, Ausschlie\u00dfen nach und Anzahl der anzuzeigenden Bewertungen; <\/li><li>Vier verf\u00fcgbare Layouts: Liste, Raster, Mauerwerk und Schieberegler; <\/li><li>Eine M\u00f6glichkeit, den Erweiterungsheader ein-\/auszuschalten; <\/li><li>\u00dcber die Schaltfl\u00e4che zum Anfordern einer Bewertung gelangen Personen zu Ihrem G2-Konto. <\/li><li>Sechs flexible Elemente der Bewertungen: Name des Autors und des Fotos, Empfehlungstext, Datum der Abreise, G2-Symbol und Sternebewertung; <\/li><li>Zwei Varianten von Szenarios f\u00fcr die Ablehnung einer Bewertungsanfrage: Demonstrieren Sie Ihren Text oder verbergen Sie die Schaltfl\u00e4che. <\/li><\/ul><p><a href=\"#demo\">Live-Demo zeigt Ihnen weitere Funktionen<\/a><\/p><\/div><div class=\"application-platform-content-item-installation application-platform-content-item\" id=\"installation\" data-nav-section=\"installation\"><h2>So f\u00fcgen Sie G2 Crowd Reviews zur Joomla-Website hinzu<\/h2><p>F\u00fchren Sie einfach die unten aufgef\u00fchrten Schritte aus, um die Erweiterung auf Joomla zu aktivieren.<\/p> <ol><li><b>Starten Sie unseren kostenlosen Editor und beginnen Sie mit der Erstellung Ihre individuelle G2 Crowd Reviews-Erweiterung. <\/b><br> W\u00e4hlen Sie das gew\u00fcnschte Aussehen und die gew\u00fcnschte Funktionalit\u00e4t des Tools und \u00fcbernehmen Sie die \u00c4nderungen. <\/li> <li><b>Erhalten Sie den eindeutigen Code, der in der Box auf Elfsight Apps angezeigt wird. <\/b><br> Sobald die Konfiguration Ihres Widgets abgeschlossen ist, kopieren Sie den exklusiven Code aus dem angezeigten Fenster und speichern Sie ihn zur sp\u00e4teren Verwendung. <\/li> <li><b>Beginnen Sie mit der Verwendung der Erweiterung auf der Joomla-Website. <\/b><br> Betten Sie den Code, den Sie k\u00fcrzlich kopiert haben, in Ihre Seite ein und speichern Sie die Anpassungen. <\/li> <li><b>Du bist fertig! Die Einbettung ist vollst\u00e4ndig durchgef\u00fchrt. <\/b><br> Besuchen Sie Ihre Website, um zu sehen, wie das Tool funktioniert. <\/li><\/ol><p>Immer noch nicht sicher? Oder haben Sie Fragen? Schreiben Sie einfach eine Anfrage an unser Kundensupport-Team, sie werden jedes Problem l\u00f6sen. <\/p><div class=\"faq\" data-component=\"FAQ\"> <div class=\"faq-item\">\r\n\t\t\t\t\t<div class=\"faq-item-question\">\r\n\t\t\t\t\t\t<h3 class=\"faq-item-question-text\">Wie kann ich ohne Programmierkenntnisse G2-Bewertungen zu meiner Joomla-Website hinzuf\u00fcgen?<\/h3>\r\n\r\n\t\t\t\t\t\t<div class=\"faq-item-question-icon\"><\/div>\r\n\t\t\t\t\t<\/div>\r\n\r\n\t\t\t\t\t<div class=\"faq-item-answer\">\r\n\t\t\t\t\t\t<div class=\"faq-item-answer-text\"> <p>Elfsight bietet eine SaaS-L\u00f6sung, mit der Sie selbst ein G2-Bewertungs-Widget erstellen k\u00f6nnen. Sehen Sie, wie einfach das ist Der Prozess ist: Arbeiten Sie direkt im Online-Editor, um ein G2-Bewertungs-Widget zu erstellen, das Sie auf Ihrer Joomla-Website sehen m\u00f6chten. W\u00e4hlen Sie eine der vorgefertigten Vorlagen aus und passen Sie die G2 Reviews-Einstellungen an, f\u00fcgen Sie Ihre Inhalte hinzu, \u00e4ndern Sie das Layout und das Farbschema ohne Programmierkenntnisse. Speichern Sie die G2-Rezensionen und kopieren Sie den Installationscode, den Sie einfach in Ihre Joomla-Website einf\u00fcgen k\u00f6nnen, ohne einen kostenpflichtigen Plan kaufen zu m\u00fcssen. Mit unserem intuitiven Editor kann jeder Internetnutzer online ein G2-Bewertungs-Widget erstellen und es einfach in seine Joomla-Website einbetten. Sie m\u00fcssen weder bezahlen noch Ihre Kartendaten eingeben, um auf den Service zuzugreifen. Sollten bei irgendeinem Schritt Probleme auftreten, wenden Sie sich bitte an unser technisches Support-Team.<\/p> <\/div>\r\n\t\t\t\t\t<\/div>\r\n\t\t\t\t<\/div> <\/div> <\/div><p><\/p>","protected":false},"excerpt":{"rendered":"","protected":false},"author":9,"featured_media":0,"parent":1662,"menu_order":0,"comment_status":"closed","ping_status":"closed","template":"templates\/template-application-platform.php","meta":{"publish_to_discourse":"","publish_post_category":"","wpdc_auto_publish_overridden":"","wpdc_topic_tags":"","wpdc_pin_topic":"","wpdc_pin_until":"","discourse_post_id":"","discourse_permalink":"","wpdc_publishing_response":"","wpdc_publishing_error":"","footnotes":""},"class_list":["post-20520","page","type-page","status-publish","hentry"],"yoast_head":"<!-- This site is optimized with the Yoast SEO plugin v25.3.1 - https:\/\/yoast.com\/wordpress\/plugins\/seo\/ -->\n<title>Einbetten von G2 Crowd Reviews in die Joomla-Website (kostenlos und schnell)<\/title>\n<meta name=\"description\" content=\"Hier haben Sie die M\u00f6glichkeit, die G2 Crowd Reviews-Erweiterung zu entwerfen und auf Ihrer Joomla-Website anzuzeigen. Erhalten Sie kostenlosen Kundenservice und andere Boni von Elfsight.\" \/>\n<meta name=\"robots\" content=\"index, follow, max-snippet:-1, max-image-preview:large, max-video-preview:-1\" \/>\n<link rel=\"canonical\" href=\"https:\/\/elfsight.com\/de\/g2-crowd-reviews-widget\/joomla\/\" \/>\n<meta property=\"og:locale\" content=\"de_DE\" \/>\n<meta property=\"og:type\" content=\"article\" \/>\n<meta property=\"og:title\" content=\"Einbetten von G2 Crowd Reviews in die Joomla-Website (kostenlos und schnell)\" \/>\n<meta property=\"og:description\" content=\"Hier haben Sie die M\u00f6glichkeit, die G2 Crowd Reviews-Erweiterung zu entwerfen und auf Ihrer Joomla-Website anzuzeigen. Erhalten Sie kostenlosen Kundenservice und andere Boni von Elfsight.\" \/>\n<meta property=\"og:url\" content=\"https:\/\/elfsight.com\/de\/g2-crowd-reviews-widget\/joomla\/\" \/>\n<meta property=\"og:site_name\" content=\"Elfsight DE\" \/>\n<meta property=\"article:modified_time\" content=\"2025-07-08T10:48:09+00:00\" \/>\n<meta name=\"twitter:card\" content=\"summary_large_image\" \/>\n<meta name=\"twitter:label1\" content=\"Gesch\u00e4tzte Lesezeit\" \/>\n\t<meta name=\"twitter:data1\" content=\"3\u00a0Minuten\" \/>\n<!-- \/ Yoast SEO plugin. -->","yoast_head_json":{"title":"Einbetten von G2 Crowd Reviews in die Joomla-Website (kostenlos und schnell)","description":"Hier haben Sie die M\u00f6glichkeit, die G2 Crowd Reviews-Erweiterung zu entwerfen und auf Ihrer Joomla-Website anzuzeigen. Erhalten Sie kostenlosen Kundenservice und andere Boni von Elfsight.","robots":{"index":"index","follow":"follow","max-snippet":"max-snippet:-1","max-image-preview":"max-image-preview:large","max-video-preview":"max-video-preview:-1"},"canonical":"https:\/\/elfsight.com\/de\/g2-crowd-reviews-widget\/joomla\/","og_locale":"de_DE","og_type":"article","og_title":"Einbetten von G2 Crowd Reviews in die Joomla-Website (kostenlos und schnell)","og_description":"Hier haben Sie die M\u00f6glichkeit, die G2 Crowd Reviews-Erweiterung zu entwerfen und auf Ihrer Joomla-Website anzuzeigen. Erhalten Sie kostenlosen Kundenservice und andere Boni von Elfsight.","og_url":"https:\/\/elfsight.com\/de\/g2-crowd-reviews-widget\/joomla\/","og_site_name":"Elfsight DE","article_modified_time":"2025-07-08T10:48:09+00:00","twitter_card":"summary_large_image","twitter_misc":{"Gesch\u00e4tzte Lesezeit":"3\u00a0Minuten"},"schema":{"@context":"https:\/\/schema.org","@graph":[{"@type":"WebPage","@id":"https:\/\/elfsight.com\/de\/g2-crowd-reviews-widget\/joomla\/","url":"https:\/\/elfsight.com\/de\/g2-crowd-reviews-widget\/joomla\/","name":"Einbetten von G2 Crowd Reviews in die Joomla-Website (kostenlos und schnell)","isPartOf":{"@id":"https:\/\/elfsight.com\/de\/#website"},"datePublished":"2024-05-03T06:38:24+00:00","dateModified":"2025-07-08T10:48:09+00:00","description":"Hier haben Sie die M\u00f6glichkeit, die G2 Crowd Reviews-Erweiterung zu entwerfen und auf Ihrer Joomla-Website anzuzeigen. Erhalten Sie kostenlosen Kundenservice und andere Boni von Elfsight.","breadcrumb":{"@id":"https:\/\/elfsight.com\/de\/g2-crowd-reviews-widget\/joomla\/#breadcrumb"},"inLanguage":"de","potentialAction":[{"@type":"ReadAction","target":["https:\/\/elfsight.com\/de\/g2-crowd-reviews-widget\/joomla\/"]}]},{"@type":"BreadcrumbList","@id":"https:\/\/elfsight.com\/de\/g2-crowd-reviews-widget\/joomla\/#breadcrumb","itemListElement":[{"@type":"ListItem","position":1,"name":"Home","item":"https:\/\/elfsight.com\/de\/"},{"@type":"ListItem","position":2,"name":"G2 Crowd Reviews","item":"https:\/\/elfsight.com\/de\/g2-crowd-reviews-widget\/"},{"@type":"ListItem","position":3,"name":"G2 Crowd Reviews &#8211; Joomla"}]},{"@type":"WebSite","@id":"https:\/\/elfsight.com\/de\/#website","url":"https:\/\/elfsight.com\/de\/","name":"Elfsight DE","description":"Just another Elfsight Sites site","potentialAction":[{"@type":"SearchAction","target":{"@type":"EntryPoint","urlTemplate":"https:\/\/elfsight.com\/de\/?s={search_term_string}"},"query-input":{"@type":"PropertyValueSpecification","valueRequired":true,"valueName":"search_term_string"}}],"inLanguage":"de"}]}},"meta_box":{"industry":"","seo_heading":"","heading":"","description":"","cta_heading":"","cta_description":"","application":"495","h1":"G2 Crowd-Rezensionen f\u00fcr Joomla","h1_caption":"Pr\u00e4sentieren Sie m\u00fchelos g2-Rezensionen auf Ihrer Joomla-Website, um den Erfolg und den Ruf Ihrer Software bei den Benutzern hervorzuheben.","application_category":[],"applications_title":"","applications_request_title":"","applications_request_button_text":"","hero_text":"","hero_video":"","hero_video_schema_markup":"","selling_points_title":"","selling_points_caption":"","selling_points":[],"selling_points_cta_text":"","features_title":"","features":"","ed_cta_examples_text":"","ed_cta_examples_hidden":"","ed_cta_demo_text":"","ed_cta_demo_hidden":"","why_caption":"","why_editor_title":"","why_editor_text":"","why_team_title":"","why_team_text":"","why_service_title":"","why_service_text":"","template_catalog_visible":"","template_catalog_title":"","template_catalog_text":"","template_catalog_categories_visible":"","demo_title":"Erstellen Sie Ihr G2 Crowd Reviews-Plugin","demo_caption":"Konfigurieren Sie Ihre G2 Crowd Reviews und f\u00fcgen Sie sie kostenlos zu Ihrer Joomla-Website hinzu!","default_faq_hidden":"","app_template_category":[],"platform":"259","template_public_id":"","codecanyon_url":"","codecanyon_item_id":"","codecanyon_price":"","pricing_caption":"","pricing_elfsight_apps_hide_column":"","pricing_elfsight_apps_url":"","pricing_codecanyon_price_caption":"","integration_category":[],"integration_request_title":"","integration_request_cta":"","integration_platform":"","integrations":[],"platform_category":[],"video_schema_markup":"","price":"ab 0 $ \/ Monat","trial":"","benefits":[{"text":"Kostenlose Installationshilfe"},{"text":"Au\u00dfergew\u00f6hnliche Unterst\u00fctzung"},{"text":"14-t\u00e4gige R\u00fcckerstattungsgarantie"},{"text":"Zuk\u00fcnftige Verbesserungen"}],"button_url":"#demo","button_target_blank":"","button_nofollow":"","attributes":[{"name":"Installiert","content":"10,000 - 100,000"},{"name":"Reaktionsfreudig","content":"Ja"},{"name":"Kompatible Browser","content":"IE11, Firefox, Safari, Opera, Chrome, Edge"}],"tags":[],"tags_disable_links":"","hide_more_platforms":"","video_object":"","demo_hide_cta":"","demo_hide_cloud_options":"","pricing_title":"","pricing":[{"pricing_icon":"platform","pricing_title":"Elfsight Apps","pricing_title_caption":"Plattformunabh\u00e4ngige Software, die f\u00fcr jede Site geeignet ist","pricing_price":"ab 0 $ \/ Monat","pricing_price_caption":"Beginnen Sie mit einem kostenlosen Plan","pricing_benefits":[{"text":"Unbegrenzte Domains"},{"text":"Schnelle Unternehmensunterst\u00fctzung und gut dokumentiert"},{"text":"Kostenlose Installationshilfe"},{"text":"Tolles Angebot f\u00fcr mehrere Apps"}],"pricing_button_text":"Zur Website hinzuf\u00fcgen","pricing_button_url":"#demo"}],"related_apps_title":"","related_apps_hidden":"","author":"","image":[],"title":"","job":"","social_networks":[]},"_links":{"self":[{"href":"https:\/\/elfsight.com\/de\/wp-json\/wp\/v2\/pages\/20520","targetHints":{"allow":["GET"]}}],"collection":[{"href":"https:\/\/elfsight.com\/de\/wp-json\/wp\/v2\/pages"}],"about":[{"href":"https:\/\/elfsight.com\/de\/wp-json\/wp\/v2\/types\/page"}],"author":[{"embeddable":true,"href":"https:\/\/elfsight.com\/de\/wp-json\/wp\/v2\/users\/9"}],"replies":[{"embeddable":true,"href":"https:\/\/elfsight.com\/de\/wp-json\/wp\/v2\/comments?post=20520"}],"version-history":[{"count":1,"href":"https:\/\/elfsight.com\/de\/wp-json\/wp\/v2\/pages\/20520\/revisions"}],"predecessor-version":[{"id":20524,"href":"https:\/\/elfsight.com\/de\/wp-json\/wp\/v2\/pages\/20520\/revisions\/20524"}],"up":[{"embeddable":true,"href":"https:\/\/elfsight.com\/de\/wp-json\/wp\/v2\/pages\/1662"}],"wp:attachment":[{"href":"https:\/\/elfsight.com\/de\/wp-json\/wp\/v2\/media?parent=20520"}],"curies":[{"name":"wp","href":"https:\/\/api.w.org\/{rel}","templated":true}]}}