{"id":20518,"date":"2024-05-03T06:38:22","date_gmt":"2024-05-03T06:38:22","guid":{"rendered":"https:\/\/elfsight.com\/de\/?page_id=20518"},"modified":"2025-07-08T10:47:57","modified_gmt":"2025-07-08T10:47:57","slug":"iframe","status":"publish","type":"page","link":"https:\/\/elfsight.com\/de\/g2-crowd-reviews-widget\/iframe\/","title":{"rendered":"G2 Crowd Reviews &#8211; iFrame"},"content":{"rendered":"<div class=\"application-platform-content-item-description application-platform-content-item\" id=\"description\" data-nav-section=\"description\"><h2>G2 Crowd Reviews auf iFrame mit dem Elfsight-Widget einbetten<\/h2> <p>Das Elfsight G2 Reviews-Widget ist der einfachste Weg, Ihre Marke zu st\u00e4rken Steigern Sie Ihren Ruf, indem Sie echte Kundenbewertungen zu Ihren Produkten nachweisen. Zeigen Sie nur die besten oder aussagekr\u00e4ftigsten Kommentare an und organisieren Sie sie nach Ihren W\u00fcnschen. Sammeln Sie soziale Beweise, indem Sie Ihren Website-Besuchern zeigen, dass Sie Vertrauen haben. Inspirieren Sie Benutzer dazu, weitere Eindr\u00fccke \u00fcber Ihr Unternehmen hinzuzuf\u00fcgen und f\u00f6rdern Sie die Kundenkommunikation! <\/p><p><b>F\u00fcgen Sie G2 Crowd-Bewertungen einfach und schnell auf Ihrer Website hinzu<\/b><\/p><\/div><div class=\"application-platform-content-item-features application-platform-content-item\" id=\"features\" data-nav-section=\"features\"><h2>Hauptfunktionen von G2 Crowd Rezensionen-Widget<\/h2> <p>Um eine klarere Wahrnehmung des Widgets zu erhalten, sehen Sie sich die Liste der wesentlichen Funktionen an. Sie machen unser Widget f\u00fcr Sie maximal effizient: <\/p><ul> <li>3 verf\u00fcgbare Filter: nach Typ, Ausschlie\u00dfen nach und Anzahl der anzuzeigenden Bewertungen; <\/li><li>4 vordefinierte Layouts: Liste, Raster, Mauerwerk und Schieberegler;<\/li><li>Eine M\u00f6glichkeit, die Anzeige des Widget-Headers zu steuern;<\/li><li>\u00dcberpr\u00fcfungsanfrage-Schaltfl\u00e4che f\u00fchrt Benutzer zum G2-Seite;<\/li><li>Sechs anpassbare Einheiten der Benutzeroberfl\u00e4che: Name des Autors und Bild, Rezensionstext, Datum, G2-Symbol und Sternebewertung;<\/li><li>Zwei m\u00f6gliche Szenarien nach der Ablehnung einer Rezensionsanfrage : Ihre Nachricht anzeigen oder die Schaltfl\u00e4che ausblenden. <\/li><\/ul><p><a href=\"#demo\">Um alle Funktionen zu testen, sehen Sie sich unsere Demo an<\/a><\/p><\/div><div class=\"application-platform-content-item-installation application-platform-content-item\" id=\"installation\" data-nav-section=\"installation\"><h2>So f\u00fcgen Sie G2 Crowd Reviews zur iFrame-Website hinzu<\/h2><p>Die folgenden Aktionen sind alles, was Sie tun m\u00fcssen, um das Widget zu aktivieren. <\/p><ol><li><b>Erstellen Sie Ihr individuelles G2 Crowd-Plugin<\/b><br>Mit unserem kostenlosen Konfigurator erhalten Sie ein Plugin mit einem bevorzugten Layout und Funktionen. <\/li> <li><b>Holen Sie sich den pers\u00f6nlichen Code zum Einrichten des Plugins<\/b><br>Nachdem Sie Ihr Widget eingerichtet haben, erhalten Sie im Popup-Fenster von Elfsight Apps einen eindeutigen Code. Kopieren Sie den Code. <\/li> <li><b>Ver\u00f6ffentlichen Sie das Plugin auf Ihrer iFrame-Site<\/b><br>W\u00e4hlen Sie den Bereich aus, zu dem Sie das Plugin hinzuf\u00fcgen m\u00f6chten, und f\u00fcgen Sie dort den gespeicherten Code ein. Ver\u00f6ffentlichen Sie die \u00c4nderungen. <\/li> <li><b>Sie haben die Installation vollst\u00e4ndig abgeschlossen<\/b><br>Betreten Sie Ihre Website, um einen Blick auf Ihr Plugin zu werfen. <\/li><\/ol><p>Haben Sie noch Zweifel oder Fragen? Mit nur einer einzigen Anfrage an unseren Kundenservice l\u00e4sst sich jedes Problem l\u00f6sen. <\/p><div class=\"faq\" data-component=\"FAQ\"> <div class=\"faq-item\">\r\n\t\t\t\t\t<div class=\"faq-item-question\">\r\n\t\t\t\t\t\t<h3 class=\"faq-item-question-text\">Wie kann ich ohne Programmierkenntnisse G2-Bewertungen zu meiner iFrame-Website hinzuf\u00fcgen?<\/h3>\r\n\r\n\t\t\t\t\t\t<div class=\"faq-item-question-icon\"><\/div>\r\n\t\t\t\t\t<\/div>\r\n\r\n\t\t\t\t\t<div class=\"faq-item-answer\">\r\n\t\t\t\t\t\t<div class=\"faq-item-answer-text\"> <p>Elfsight bietet eine SaaS-L\u00f6sung, mit der Sie selbst ein G2-Bewertungs-Widget erstellen k\u00f6nnen. Sehen Sie, wie einfach das ist Der Prozess ist: Arbeiten Sie direkt im Online-Editor, um ein G2-Bewertungs-Widget zu erstellen, das Sie auf Ihrer iFrame-Website sehen m\u00f6chten. W\u00e4hlen Sie eine der vorgefertigten Vorlagen aus und passen Sie die G2 Reviews-Einstellungen an, f\u00fcgen Sie Ihre Inhalte hinzu, \u00e4ndern Sie das Layout und die Farben ohne Programmierkenntnisse. Speichern Sie die G2-Bewertungen und kopieren Sie den Installationscode, den Sie ganz einfach zu Ihrer iFrame-Website hinzuf\u00fcgen k\u00f6nnen, ohne einen kostenpflichtigen Plan kaufen zu m\u00fcssen. Mit unserem intuitiven Editor kann jeder Internetnutzer online ein G2-Bewertungs-Widget erstellen und es einfach in seine iFrame-Website einbetten. Sie m\u00fcssen weder bezahlen noch Ihre Kartendaten eingeben, um auf den Service zuzugreifen. Sollten bei irgendeinem Schritt Probleme auftreten, wenden Sie sich bitte an unser technisches Support-Team.<\/p> <\/div>\r\n\t\t\t\t\t<\/div>\r\n\t\t\t\t<\/div> <\/div> <\/div>","protected":false},"excerpt":{"rendered":"","protected":false},"author":9,"featured_media":0,"parent":1662,"menu_order":0,"comment_status":"closed","ping_status":"closed","template":"templates\/template-application-platform.php","meta":{"publish_to_discourse":"","publish_post_category":"","wpdc_auto_publish_overridden":"","wpdc_topic_tags":"","wpdc_pin_topic":"","wpdc_pin_until":"","discourse_post_id":"","discourse_permalink":"","wpdc_publishing_response":"","wpdc_publishing_error":"","footnotes":""},"class_list":["post-20518","page","type-page","status-publish","hentry"],"yoast_head":"<!-- This site is optimized with the Yoast SEO plugin v25.3.1 - https:\/\/yoast.com\/wordpress\/plugins\/seo\/ -->\n<title>Einbetten von G2 Crowd Reviews in die iFrame-Website (kostenlos und schnell)<\/title>\n<meta name=\"description\" content=\"Erstellen Sie mit Elfsight Ihr G2 Crowd Reviews-Widget und f\u00fcgen Sie es schnell auf der iFrame-Website ein. Wir bieten kostenlosen Kundenservice und andere Boni.\" \/>\n<meta name=\"robots\" content=\"index, follow, max-snippet:-1, max-image-preview:large, max-video-preview:-1\" \/>\n<link rel=\"canonical\" href=\"https:\/\/elfsight.com\/de\/g2-crowd-reviews-widget\/iframe\/\" \/>\n<meta property=\"og:locale\" content=\"de_DE\" \/>\n<meta property=\"og:type\" content=\"article\" \/>\n<meta property=\"og:title\" content=\"Einbetten von G2 Crowd Reviews in die iFrame-Website (kostenlos und schnell)\" \/>\n<meta property=\"og:description\" content=\"Erstellen Sie mit Elfsight Ihr G2 Crowd Reviews-Widget und f\u00fcgen Sie es schnell auf der iFrame-Website ein. Wir bieten kostenlosen Kundenservice und andere Boni.\" \/>\n<meta property=\"og:url\" content=\"https:\/\/elfsight.com\/de\/g2-crowd-reviews-widget\/iframe\/\" \/>\n<meta property=\"og:site_name\" content=\"Elfsight DE\" \/>\n<meta property=\"article:modified_time\" content=\"2025-07-08T10:47:57+00:00\" \/>\n<meta name=\"twitter:card\" content=\"summary_large_image\" \/>\n<meta name=\"twitter:label1\" content=\"Gesch\u00e4tzte Lesezeit\" \/>\n\t<meta name=\"twitter:data1\" content=\"3\u00a0Minuten\" \/>\n<!-- \/ Yoast SEO plugin. -->","yoast_head_json":{"title":"Einbetten von G2 Crowd Reviews in die iFrame-Website (kostenlos und schnell)","description":"Erstellen Sie mit Elfsight Ihr G2 Crowd Reviews-Widget und f\u00fcgen Sie es schnell auf der iFrame-Website ein. Wir bieten kostenlosen Kundenservice und andere Boni.","robots":{"index":"index","follow":"follow","max-snippet":"max-snippet:-1","max-image-preview":"max-image-preview:large","max-video-preview":"max-video-preview:-1"},"canonical":"https:\/\/elfsight.com\/de\/g2-crowd-reviews-widget\/iframe\/","og_locale":"de_DE","og_type":"article","og_title":"Einbetten von G2 Crowd Reviews in die iFrame-Website (kostenlos und schnell)","og_description":"Erstellen Sie mit Elfsight Ihr G2 Crowd Reviews-Widget und f\u00fcgen Sie es schnell auf der iFrame-Website ein. Wir bieten kostenlosen Kundenservice und andere Boni.","og_url":"https:\/\/elfsight.com\/de\/g2-crowd-reviews-widget\/iframe\/","og_site_name":"Elfsight DE","article_modified_time":"2025-07-08T10:47:57+00:00","twitter_card":"summary_large_image","twitter_misc":{"Gesch\u00e4tzte Lesezeit":"3\u00a0Minuten"},"schema":{"@context":"https:\/\/schema.org","@graph":[{"@type":"WebPage","@id":"https:\/\/elfsight.com\/de\/g2-crowd-reviews-widget\/iframe\/","url":"https:\/\/elfsight.com\/de\/g2-crowd-reviews-widget\/iframe\/","name":"Einbetten von G2 Crowd Reviews in die iFrame-Website (kostenlos und schnell)","isPartOf":{"@id":"https:\/\/elfsight.com\/de\/#website"},"datePublished":"2024-05-03T06:38:22+00:00","dateModified":"2025-07-08T10:47:57+00:00","description":"Erstellen Sie mit Elfsight Ihr G2 Crowd Reviews-Widget und f\u00fcgen Sie es schnell auf der iFrame-Website ein. Wir bieten kostenlosen Kundenservice und andere Boni.","breadcrumb":{"@id":"https:\/\/elfsight.com\/de\/g2-crowd-reviews-widget\/iframe\/#breadcrumb"},"inLanguage":"de","potentialAction":[{"@type":"ReadAction","target":["https:\/\/elfsight.com\/de\/g2-crowd-reviews-widget\/iframe\/"]}]},{"@type":"BreadcrumbList","@id":"https:\/\/elfsight.com\/de\/g2-crowd-reviews-widget\/iframe\/#breadcrumb","itemListElement":[{"@type":"ListItem","position":1,"name":"Home","item":"https:\/\/elfsight.com\/de\/"},{"@type":"ListItem","position":2,"name":"G2 Crowd Reviews","item":"https:\/\/elfsight.com\/de\/g2-crowd-reviews-widget\/"},{"@type":"ListItem","position":3,"name":"G2 Crowd Reviews &#8211; iFrame"}]},{"@type":"WebSite","@id":"https:\/\/elfsight.com\/de\/#website","url":"https:\/\/elfsight.com\/de\/","name":"Elfsight DE","description":"Just another Elfsight Sites site","potentialAction":[{"@type":"SearchAction","target":{"@type":"EntryPoint","urlTemplate":"https:\/\/elfsight.com\/de\/?s={search_term_string}"},"query-input":{"@type":"PropertyValueSpecification","valueRequired":true,"valueName":"search_term_string"}}],"inLanguage":"de"}]}},"meta_box":{"industry":"","seo_heading":"","heading":"","description":"","cta_heading":"","cta_description":"","application":"495","h1":"G2 Crowd-Rezensionen f\u00fcr iFrame","h1_caption":"Pr\u00e4sentieren Sie g2-Rezensionen, um den Erfolg und den Ruf Ihrer Software bei den Benutzern m\u00fchelos auf Ihrer iFrame-Website hervorzuheben.","application_category":[],"applications_title":"","applications_request_title":"","applications_request_button_text":"","hero_text":"","hero_video":"","hero_video_schema_markup":"","selling_points_title":"","selling_points_caption":"","selling_points":[],"selling_points_cta_text":"","features_title":"","features":"","ed_cta_examples_text":"","ed_cta_examples_hidden":"","ed_cta_demo_text":"","ed_cta_demo_hidden":"","why_caption":"","why_editor_title":"","why_editor_text":"","why_team_title":"","why_team_text":"","why_service_title":"","why_service_text":"","template_catalog_visible":"","template_catalog_title":"","template_catalog_text":"","template_catalog_categories_visible":"","demo_title":"Erstellen Sie Ihr G2 Crowd Reviews-Widget","demo_caption":"Konfigurieren Sie Ihre G2 Crowd Reviews und f\u00fcgen Sie sie kostenlos zu Ihrer iFrame-Website hinzu!","default_faq_hidden":"","app_template_category":[],"platform":"240","template_public_id":"","codecanyon_url":"","codecanyon_item_id":"","codecanyon_price":"","pricing_caption":"","pricing_elfsight_apps_hide_column":"","pricing_elfsight_apps_url":"","pricing_codecanyon_price_caption":"","integration_category":[],"integration_request_title":"","integration_request_cta":"","integration_platform":"","integrations":[],"platform_category":[],"video_schema_markup":"","price":"ab 0 $ \/ Monat","trial":"","benefits":[{"text":"Kostenloser Installationsservice"},{"text":"Au\u00dfergew\u00f6hnliche Unterst\u00fctzung"},{"text":"14-t\u00e4gige R\u00fcckerstattungsgarantie"},{"text":"Kontinuierliche Updates"}],"button_url":"#demo","button_target_blank":"","button_nofollow":"","attributes":[{"name":"Installiert","content":"10,000 - 100,000"},{"name":"Reaktionsfreudig","content":"Ja"},{"name":"Kompatible Browser","content":"Chrome, Safari, Opera, Firefox, Edge"}],"tags":[],"tags_disable_links":"","hide_more_platforms":"","video_object":"","demo_hide_cta":"","demo_hide_cloud_options":"","pricing_title":"","pricing":[{"pricing_icon":"platform","pricing_title":"Elfsight Apps","pricing_title_caption":"Plattformunabh\u00e4ngige Software, die zu jeder Website passt","pricing_price":"ab 0 $ \/ Monat","pricing_price_caption":"Beginnen Sie mit einem kostenlosen Plan","pricing_benefits":[{"text":"Unbegrenzte Websites"},{"text":"Erstklassiger und p\u00fcnktlicher Support"},{"text":"Kostenloser Installationsservice"},{"text":"Sonderangebot f\u00fcr mehrere Apps"}],"pricing_button_text":"Zur Website hinzuf\u00fcgen","pricing_button_url":"#demo"}],"related_apps_title":"","related_apps_hidden":"","author":"","image":[],"title":"","job":"","social_networks":[]},"_links":{"self":[{"href":"https:\/\/elfsight.com\/de\/wp-json\/wp\/v2\/pages\/20518","targetHints":{"allow":["GET"]}}],"collection":[{"href":"https:\/\/elfsight.com\/de\/wp-json\/wp\/v2\/pages"}],"about":[{"href":"https:\/\/elfsight.com\/de\/wp-json\/wp\/v2\/types\/page"}],"author":[{"embeddable":true,"href":"https:\/\/elfsight.com\/de\/wp-json\/wp\/v2\/users\/9"}],"replies":[{"embeddable":true,"href":"https:\/\/elfsight.com\/de\/wp-json\/wp\/v2\/comments?post=20518"}],"version-history":[{"count":1,"href":"https:\/\/elfsight.com\/de\/wp-json\/wp\/v2\/pages\/20518\/revisions"}],"predecessor-version":[{"id":20522,"href":"https:\/\/elfsight.com\/de\/wp-json\/wp\/v2\/pages\/20518\/revisions\/20522"}],"up":[{"embeddable":true,"href":"https:\/\/elfsight.com\/de\/wp-json\/wp\/v2\/pages\/1662"}],"wp:attachment":[{"href":"https:\/\/elfsight.com\/de\/wp-json\/wp\/v2\/media?parent=20518"}],"curies":[{"name":"wp","href":"https:\/\/api.w.org\/{rel}","templated":true}]}}