{"id":20510,"date":"2024-05-03T06:38:18","date_gmt":"2024-05-03T06:38:18","guid":{"rendered":"https:\/\/elfsight.com\/de\/?page_id=20510"},"modified":"2025-07-08T10:48:35","modified_gmt":"2025-07-08T10:48:35","slug":"opencart","status":"publish","type":"page","link":"https:\/\/elfsight.com\/de\/g2-crowd-reviews-widget\/opencart\/","title":{"rendered":"G2 Crowd Reviews &#8211; OpenCart"},"content":{"rendered":"<div class=\"application-platform-content-item-description application-platform-content-item\" id=\"description\" data-nav-section=\"description\"><h2>Beschreibung<\/h2> <p>Die Elfsight G2 Reviews-Erweiterung ist die einfachste M\u00f6glichkeit, den Ruf Ihres Unternehmens zu verbessern, indem Sie die Bewertungen echter Kunden auf Ihrem Konto anzeigen bietet an. Ver\u00f6ffentlichen Sie nur die besten oder ansprechendsten Kommentare und organisieren Sie sie nach Ihren W\u00fcnschen. Sammeln Sie soziale Beweise, indem Sie Ihrem Publikum zeigen, dass Sie Vertrauen haben. Inspirieren Sie Besucher zu weiteren Kommentaren zu Ihren Angeboten und Dienstleistungen und f\u00f6rdern Sie die Kundenkommunikation! <\/p><p><b>Betten Sie die besten Beitr\u00e4ge auf jeder Seite der Website ein<\/b><\/p><\/div><div class=\"application-platform-content-item-features application-platform-content-item\" id=\"features\" data-nav-section=\"features\"><h2>Funktionen<\/h2> <p>Um ein umfassendes Verst\u00e4ndnis der G2 Crowd-Erweiterung zu erlangen, k\u00f6nnen Sie die Liste der Hauptmerkmale studieren. Sie machen das Widget f\u00fcr Ihre Werbung unglaublich effizient: <\/p><ul> <li>Drei gebrauchsfertige Filter: nach Typ, Ausschlie\u00dfen nach und Anzahl der anzuzeigenden Bewertungen; <\/li><li>4 verf\u00fcgbare Layouts: Liste, Raster, Mauerwerk und Schieberegler; <\/li><li>Umschaltbarer Erweiterungsheader; <\/li><li>Die Schaltfl\u00e4che \u201e\u00dcberpr\u00fcfungsanfrage\u201c leitet Kunden zur G2-Seite weiter; <\/li><li>6 flexible Elemente der Benutzeroberfl\u00e4che: Name des Autors und Bild, Empfehlungstext, Datum der Freigabe, G2-Symbol und Sternebewertung; <\/li><li>2 m\u00f6gliche Szenarien nach der Ablehnung einer \u00dcberpr\u00fcfungsanfrage: Anzeigen einer benutzerdefinierten Nachricht oder Ausblenden der Schaltfl\u00e4che. <\/li><\/ul><p><a href=\"#demo\">Weitere Funktionen finden Sie in der Demo<\/a><\/p><\/div><div class=\"application-platform-content-item-installation application-platform-content-item\" id=\"installation\" data-nav-section=\"installation\"><h2> So f\u00fcgen Sie G2 Crowd Reviews zur OpenCart-Website hinzu<\/h2><p>Befolgen Sie einfach die unten aufgef\u00fchrten Schritte, um das Widget auf OpenCart hinzuzuf\u00fcgen.<\/p> <ol><li><b>F\u00fchren Sie unseren kostenlosen Konfigurator aus und beginnen Sie mit der Gestaltung Ihres individuelle Erweiterung. <\/b><br> Suchen Sie nach der benutzerdefinierten Form und den Eigenschaften des Widgets und wenden Sie die \u00c4nderungen an. <\/li> <li><b>Sie erhalten Ihren eindeutigen Code, der im Fenster von Elfsight Apps angezeigt wird. <\/b><br> Sobald die Generierung Ihres Tools abgeschlossen ist, kopieren Sie den pers\u00f6nlichen Code in das angezeigte Feld und speichern Sie ihn f\u00fcr die weitere Verwendung. <\/li> <li><b>Beginnen Sie mit der Anwendung des G2 Crowd Reviews-Widgets auf der OpenCart-Website. <\/b><br> Betten Sie den zuvor gespeicherten Code in Ihre Website ein und speichern Sie die Verbesserungen. <\/li> <li><b>Die Installation wurde erfolgreich abgeschlossen. <\/b><br> Besuchen Sie Ihre Seite, um zu \u00fcberpr\u00fcfen, wie das Tool funktioniert. <\/li><\/ol> <p>Haben Sie noch etwas, das Sie unsicher macht? Oder Probleme haben? Mit nur einer einzigen Anfrage an unser Support-Team l\u00e4sst sich jedes Problem l\u00f6sen. <\/p><div class=\"faq\" data-component=\"FAQ\"> <div class=\"faq-item\">\r\n\t\t\t\t\t<div class=\"faq-item-question\">\r\n\t\t\t\t\t\t<h3 class=\"faq-item-question-text\">Wie kann ich ohne Programmierkenntnisse G2-Bewertungen zu meiner OpenCart-Website hinzuf\u00fcgen?<\/h3>\r\n\r\n\t\t\t\t\t\t<div class=\"faq-item-question-icon\"><\/div>\r\n\t\t\t\t\t<\/div>\r\n\r\n\t\t\t\t\t<div class=\"faq-item-answer\">\r\n\t\t\t\t\t\t<div class=\"faq-item-answer-text\"> <p>Elfsight bietet eine SaaS-L\u00f6sung, mit der Sie selbst ein G2-Bewertungs-Widget erstellen k\u00f6nnen. Sehen Sie, wie einfach das ist Der Prozess ist: Arbeiten Sie direkt im Online-Editor, um ein G2-Bewertungs-Widget zu erstellen, das Sie auf Ihrer OpenCart-Website sehen m\u00f6chten. W\u00e4hlen Sie eine der vorgefertigten Vorlagen aus und passen Sie die G2 Reviews-Einstellungen an, f\u00fcgen Sie Ihre Inhalte hinzu, \u00e4ndern Sie das Layout und die Farben ohne Programmierkenntnisse. Speichern Sie die G2-Bewertungen und kopieren Sie den Installationscode, den Sie problemlos in Ihre OpenCart-Website einbetten k\u00f6nnen, ohne ein kostenpflichtiges Abonnement kaufen zu m\u00fcssen. Mit unserem intuitiven Editor kann jeder Internetnutzer online ein G2-Bewertungs-Widget erstellen und es einfach in seine OpenCart-Website einbetten. Sie m\u00fcssen weder bezahlen noch Ihre Kartendaten eingeben, um auf den Service zuzugreifen. Sollten bei irgendeinem Schritt Probleme auftreten, wenden Sie sich bitte an unser technisches Support-Team.<\/p> <\/div>\r\n\t\t\t\t\t<\/div>\r\n\t\t\t\t<\/div> <\/div> <\/div>","protected":false},"excerpt":{"rendered":"","protected":false},"author":9,"featured_media":0,"parent":1662,"menu_order":0,"comment_status":"closed","ping_status":"closed","template":"templates\/template-application-platform.php","meta":{"publish_to_discourse":"","publish_post_category":"","wpdc_auto_publish_overridden":"","wpdc_topic_tags":"","wpdc_pin_topic":"","wpdc_pin_until":"","discourse_post_id":"","discourse_permalink":"","wpdc_publishing_response":"","wpdc_publishing_error":"","footnotes":""},"class_list":["post-20510","page","type-page","status-publish","hentry"],"yoast_head":"<!-- This site is optimized with the Yoast SEO plugin v25.3.1 - https:\/\/yoast.com\/wordpress\/plugins\/seo\/ -->\n<title>Einbetten von G2 Crowd Reviews in die OpenCart-Website (kostenlos und schnell)<\/title>\n<meta name=\"description\" content=\"Hier ist eine M\u00f6glichkeit, die G2 Crowd Reviews-Erweiterung zu gestalten und auf Ihrer OpenCart-Website anzuzeigen. Erhalten Sie kostenlosen Kundenservice und andere Verg\u00fcnstigungen von Elfsight.\" \/>\n<meta name=\"robots\" content=\"index, follow, max-snippet:-1, max-image-preview:large, max-video-preview:-1\" \/>\n<link rel=\"canonical\" href=\"https:\/\/elfsight.com\/de\/g2-crowd-reviews-widget\/opencart\/\" \/>\n<meta property=\"og:locale\" content=\"de_DE\" \/>\n<meta property=\"og:type\" content=\"article\" \/>\n<meta property=\"og:title\" content=\"Einbetten von G2 Crowd Reviews in die OpenCart-Website (kostenlos und schnell)\" \/>\n<meta property=\"og:description\" content=\"Hier ist eine M\u00f6glichkeit, die G2 Crowd Reviews-Erweiterung zu gestalten und auf Ihrer OpenCart-Website anzuzeigen. Erhalten Sie kostenlosen Kundenservice und andere Verg\u00fcnstigungen von Elfsight.\" \/>\n<meta property=\"og:url\" content=\"https:\/\/elfsight.com\/de\/g2-crowd-reviews-widget\/opencart\/\" \/>\n<meta property=\"og:site_name\" content=\"Elfsight DE\" \/>\n<meta property=\"article:modified_time\" content=\"2025-07-08T10:48:35+00:00\" \/>\n<meta name=\"twitter:card\" content=\"summary_large_image\" \/>\n<meta name=\"twitter:label1\" content=\"Gesch\u00e4tzte Lesezeit\" \/>\n\t<meta name=\"twitter:data1\" content=\"3\u00a0Minuten\" \/>\n<!-- \/ Yoast SEO plugin. -->","yoast_head_json":{"title":"Einbetten von G2 Crowd Reviews in die OpenCart-Website (kostenlos und schnell)","description":"Hier ist eine M\u00f6glichkeit, die G2 Crowd Reviews-Erweiterung zu gestalten und auf Ihrer OpenCart-Website anzuzeigen. Erhalten Sie kostenlosen Kundenservice und andere Verg\u00fcnstigungen von Elfsight.","robots":{"index":"index","follow":"follow","max-snippet":"max-snippet:-1","max-image-preview":"max-image-preview:large","max-video-preview":"max-video-preview:-1"},"canonical":"https:\/\/elfsight.com\/de\/g2-crowd-reviews-widget\/opencart\/","og_locale":"de_DE","og_type":"article","og_title":"Einbetten von G2 Crowd Reviews in die OpenCart-Website (kostenlos und schnell)","og_description":"Hier ist eine M\u00f6glichkeit, die G2 Crowd Reviews-Erweiterung zu gestalten und auf Ihrer OpenCart-Website anzuzeigen. Erhalten Sie kostenlosen Kundenservice und andere Verg\u00fcnstigungen von Elfsight.","og_url":"https:\/\/elfsight.com\/de\/g2-crowd-reviews-widget\/opencart\/","og_site_name":"Elfsight DE","article_modified_time":"2025-07-08T10:48:35+00:00","twitter_card":"summary_large_image","twitter_misc":{"Gesch\u00e4tzte Lesezeit":"3\u00a0Minuten"},"schema":{"@context":"https:\/\/schema.org","@graph":[{"@type":"WebPage","@id":"https:\/\/elfsight.com\/de\/g2-crowd-reviews-widget\/opencart\/","url":"https:\/\/elfsight.com\/de\/g2-crowd-reviews-widget\/opencart\/","name":"Einbetten von G2 Crowd Reviews in die OpenCart-Website (kostenlos und schnell)","isPartOf":{"@id":"https:\/\/elfsight.com\/de\/#website"},"datePublished":"2024-05-03T06:38:18+00:00","dateModified":"2025-07-08T10:48:35+00:00","description":"Hier ist eine M\u00f6glichkeit, die G2 Crowd Reviews-Erweiterung zu gestalten und auf Ihrer OpenCart-Website anzuzeigen. Erhalten Sie kostenlosen Kundenservice und andere Verg\u00fcnstigungen von Elfsight.","breadcrumb":{"@id":"https:\/\/elfsight.com\/de\/g2-crowd-reviews-widget\/opencart\/#breadcrumb"},"inLanguage":"de","potentialAction":[{"@type":"ReadAction","target":["https:\/\/elfsight.com\/de\/g2-crowd-reviews-widget\/opencart\/"]}]},{"@type":"BreadcrumbList","@id":"https:\/\/elfsight.com\/de\/g2-crowd-reviews-widget\/opencart\/#breadcrumb","itemListElement":[{"@type":"ListItem","position":1,"name":"Home","item":"https:\/\/elfsight.com\/de\/"},{"@type":"ListItem","position":2,"name":"G2 Crowd Reviews","item":"https:\/\/elfsight.com\/de\/g2-crowd-reviews-widget\/"},{"@type":"ListItem","position":3,"name":"G2 Crowd Reviews &#8211; OpenCart"}]},{"@type":"WebSite","@id":"https:\/\/elfsight.com\/de\/#website","url":"https:\/\/elfsight.com\/de\/","name":"Elfsight DE","description":"Just another Elfsight Sites site","potentialAction":[{"@type":"SearchAction","target":{"@type":"EntryPoint","urlTemplate":"https:\/\/elfsight.com\/de\/?s={search_term_string}"},"query-input":{"@type":"PropertyValueSpecification","valueRequired":true,"valueName":"search_term_string"}}],"inLanguage":"de"}]}},"meta_box":{"industry":"","seo_heading":"","heading":"","description":"","cta_heading":"","cta_description":"","application":"495","h1":"G2 Crowd-Rezensionen f\u00fcr OpenCart","h1_caption":"Pr\u00e4sentieren Sie g2-Rezensionen, um den Erfolg und den Ruf Ihrer Software bei den Benutzern m\u00fchelos auf Ihrer Opencart-Website hervorzuheben.","application_category":[],"applications_title":"","applications_request_title":"","applications_request_button_text":"","hero_text":"","hero_video":"","hero_video_schema_markup":"","selling_points_title":"","selling_points_caption":"","selling_points":[],"selling_points_cta_text":"","features_title":"","features":"","ed_cta_examples_text":"","ed_cta_examples_hidden":"","ed_cta_demo_text":"","ed_cta_demo_hidden":"","why_caption":"","why_editor_title":"","why_editor_text":"","why_team_title":"","why_team_text":"","why_service_title":"","why_service_text":"","template_catalog_visible":"","template_catalog_title":"","template_catalog_text":"","template_catalog_categories_visible":"","demo_title":"Erstellen Sie Ihre G2 Crowd Reviews-Erweiterung","demo_caption":"Konfigurieren Sie Ihre G2 Crowd Reviews und f\u00fcgen Sie sie kostenlos zu Ihrer OpenCart-Website hinzu!","default_faq_hidden":"","app_template_category":[],"platform":"254","template_public_id":"","codecanyon_url":"","codecanyon_item_id":"","codecanyon_price":"","pricing_caption":"","pricing_elfsight_apps_hide_column":"","pricing_elfsight_apps_url":"","pricing_codecanyon_price_caption":"","integration_category":[],"integration_request_title":"","integration_request_cta":"","integration_platform":"","integrations":[],"platform_category":[],"video_schema_markup":"","price":"ab 0 $ \/ Monat","trial":"","benefits":[{"text":"Kostenlose Installationshilfe"},{"text":"Erfahrener Kundensupport"},{"text":"14-t\u00e4gige Geld-zur\u00fcck-Garantie"},{"text":"Laufende kostenlose Verbesserungen"}],"button_url":"#demo","button_target_blank":"","button_nofollow":"","attributes":[{"name":"Installiert","content":"10,000 - 100,000"},{"name":"Reaktionsfreudig","content":"Ja"},{"name":"Kompatible Browser","content":"Chrome, Opera, Firefox, Edge, Safari"}],"tags":[],"tags_disable_links":"","hide_more_platforms":"","video_object":"","demo_hide_cta":"","demo_hide_cloud_options":"","pricing_title":"","pricing":[{"pricing_icon":"platform","pricing_title":"Elfsight Apps","pricing_title_caption":"Multiplattform-Software","pricing_price":"ab 0 $ \/ Monat","pricing_price_caption":"Beginnen Sie mit einem kostenlosen Plan","pricing_benefits":[{"text":"Unbegrenzte Websites"},{"text":"Erstklassiger und p\u00fcnktlicher Support"},{"text":"Kostenlose Installationshilfe"},{"text":"Vollst\u00e4ndig anpassbar"}],"pricing_button_text":"Zur Website hinzuf\u00fcgen","pricing_button_url":"#demo"}],"related_apps_title":"","related_apps_hidden":"","author":"","image":[],"title":"","job":"","social_networks":[]},"_links":{"self":[{"href":"https:\/\/elfsight.com\/de\/wp-json\/wp\/v2\/pages\/20510","targetHints":{"allow":["GET"]}}],"collection":[{"href":"https:\/\/elfsight.com\/de\/wp-json\/wp\/v2\/pages"}],"about":[{"href":"https:\/\/elfsight.com\/de\/wp-json\/wp\/v2\/types\/page"}],"author":[{"embeddable":true,"href":"https:\/\/elfsight.com\/de\/wp-json\/wp\/v2\/users\/9"}],"replies":[{"embeddable":true,"href":"https:\/\/elfsight.com\/de\/wp-json\/wp\/v2\/comments?post=20510"}],"version-history":[{"count":1,"href":"https:\/\/elfsight.com\/de\/wp-json\/wp\/v2\/pages\/20510\/revisions"}],"predecessor-version":[{"id":20514,"href":"https:\/\/elfsight.com\/de\/wp-json\/wp\/v2\/pages\/20510\/revisions\/20514"}],"up":[{"embeddable":true,"href":"https:\/\/elfsight.com\/de\/wp-json\/wp\/v2\/pages\/1662"}],"wp:attachment":[{"href":"https:\/\/elfsight.com\/de\/wp-json\/wp\/v2\/media?parent=20510"}],"curies":[{"name":"wp","href":"https:\/\/api.w.org\/{rel}","templated":true}]}}