{"id":20509,"date":"2024-05-03T06:38:17","date_gmt":"2024-05-03T06:38:17","guid":{"rendered":"https:\/\/elfsight.com\/de\/?page_id=20509"},"modified":"2025-07-08T10:48:46","modified_gmt":"2025-07-08T10:48:46","slug":"shopify","status":"publish","type":"page","link":"https:\/\/elfsight.com\/de\/g2-crowd-reviews-widget\/shopify\/","title":{"rendered":"G2 Crowd Reviews &#8211; Shopify"},"content":{"rendered":"<div class=\"application-platform-content-item-description application-platform-content-item\" id=\"description\" data-nav-section=\"description\"><h2>G2 Crowd Reviews auf Shopify mit dem Elfsight-Widget einbetten<\/h2> <p>Die App \u201eElfsight G2 Reviews\u201c ist die bequemste M\u00f6glichkeit, Ihr Profil zu gestalten Steigern Sie den Ruf Ihres Unternehmens, indem Sie die Bewertungen echter Kunden zu Ihren Angeboten anzeigen. Ver\u00f6ffentlichen Sie nur die positiven oder aussagekr\u00e4ftigsten Bewertungen und ordnen Sie diese genau nach Ihren W\u00fcnschen an. Sammeln Sie soziale Beweise, die Ihrem Publikum zeigen, dass Sie eine hohe Glaubw\u00fcrdigkeit haben. Inspirieren Sie Besucher dazu, frische Kommentare zu Ihrem Unternehmen abzugeben und regen Sie Kundengespr\u00e4che an! <\/p><p><b>Integrieren Sie m\u00fchelos und in k\u00fcrzester Zeit G2-Crowd-Bewertungen auf Ihrer Website<\/b><\/p><\/div><div class=\"application-platform-content-item-features application-platform-content-item\" id=\"features\" data-nav-section=\"features\"><h2>Hauptfunktionen des G2 Widget \u201eCrowd Reviews\u201c<\/h2> <p>Um die G2 Crowd-App besser zu verstehen, sehen Sie sich die Liste ihrer Hauptmerkmale an. Sie machen das Widget f\u00fcr Ihr Unternehmen unglaublich effektiv: <\/p><ul><li>3 vordefinierte Filter: nach Typ, Ausschlie\u00dfen nach und Anzahl der anzuzeigenden Bewertungen; <\/li><li>4 Arten von Layouts: Liste, Raster, Mauerwerk und Schieberegler; <\/li><li>Eine M\u00f6glichkeit, den App-Header ein-\/auszuschalten; <\/li><li>Die aktive Schaltfl\u00e4che zum Teilen einer neuen Bewertung f\u00fchrt Kunden zur G2-Seite; <\/li><li>Sechs flexible Einheiten der Rezensionen: Name des Autors und Foto, Empfehlungstext, Datum der Ver\u00f6ffentlichung, G2-Zeichen und Sternebewertung; <\/li><li>2 Optionen f\u00fcr Szenarien nach der Ablehnung einer \u00dcberpr\u00fcfungsanfrage: Anzeigen einer Nachricht oder Entfernen der Schaltfl\u00e4che. <\/li><\/ul><p><a href=\"#demo\">Live-Demo zeigt Ihnen weitere Funktionen<\/a><\/p><\/div><div class=\"application-platform-content-item-installation application-platform-content-item\" id=\"installation\" data-nav-section=\"installation\"><h2>So f\u00fcgen Sie G2 Crowd Reviews zur Shopify-Website hinzu<\/h2><p> Sie m\u00fcssen nur ein paar einfache Schritte hinzuf\u00fcgen. <\/p><ol><li><b>Starten Sie unseren kostenlosen Konfigurator und beginnen Sie mit der Erstellung Ihrer ma\u00dfgeschneiderten App. <\/b><br> Finden Sie die bevorzugte Anordnung und Spezifikationen der App und speichern Sie alle Korrekturen. <\/li> <li><b>Erhalten Sie den eindeutigen Code, der im Fenster von Elfsight Apps angezeigt wird. <\/b><br> Nachdem die Generierung Ihrer App abgeschlossen ist, kopieren Sie den exklusiven Code im angezeigten Fenster und bewahren Sie ihn f\u00fcr zuk\u00fcnftige Gelegenheiten auf. <\/li> <li><b>Beginnen Sie mit der Anwendung der App auf Ihrer Shopify-Website. <\/b><br> Geben Sie den Code ein, den Sie k\u00fcrzlich in Ihre Website kopiert haben, und speichern Sie die Verbesserungen. <\/li> <li><b>Die Installation wurde erfolgreich beendet. <\/b><br> Besuchen Sie Ihre Website, um zu sehen, wie die App funktioniert. <\/li><\/ol><p>Sie k\u00f6nnen sich immer noch nicht entscheiden? Oder Probleme haben? Senden Sie einfach eine Anfrage an unseren Kundensupport. Wir werden unser Bestes tun, um jedes Problem zu l\u00f6sen. <\/p><div class=\"faq\" data-component=\"FAQ\"> <div class=\"faq-item\">\r\n\t\t\t\t\t<div class=\"faq-item-question\">\r\n\t\t\t\t\t\t<h3 class=\"faq-item-question-text\"><\/h3>\r\n\r\n\t\t\t\t\t\t<div class=\"faq-item-question-icon\"><\/div>\r\n\t\t\t\t\t<\/div>\r\n\r\n\t\t\t\t\t<div class=\"faq-item-answer\">\r\n\t\t\t\t\t\t<div class=\"faq-item-answer-text\"> <p>Elfsight bietet eine SaaS-L\u00f6sung, mit der Sie selbst ein G2-Bewertungs-Widget erstellen und sehen k\u00f6nnen, wie einfach der Vorgang ist : Arbeiten Sie direkt im Online-Editor, um ein G2 Reviews-Widget zu erstellen, das Sie auf Ihrer Shopify-Website sehen m\u00f6chten. W\u00e4hlen Sie eine der vorgefertigten Vorlagen und passen Sie die G2 Reviews-Einstellungen an, f\u00fcgen Sie Ihre Inhalte hinzu, \u00e4ndern Sie das Layout und die Farben, ohne dass Sie Programmierkenntnisse ben\u00f6tigen. Speichern Sie die G2-Bewertungen und kopieren Sie den Installationscode, den Sie einfach in Ihre Shopify-Website einf\u00fcgen k\u00f6nnen, ohne einen kostenpflichtigen Plan zu kaufen. Mit unserem intuitiven Editor kann jeder Internetnutzer das G2-Bewertungs-Widget online erstellen und es einfach in seine Shopify-Website einbetten um zu bezahlen oder Ihre Kartendaten einzugeben, um auf den Dienst zuzugreifen. Wenn Sie bei irgendeinem Schritt auf Probleme sto\u00dfen, wenden Sie sich bitte an unser technisches Support-Team.<\/p> <\/div>\r\n\t\t\t\t\t<\/div>\r\n\t\t\t\t<\/div> <\/div> <\/div>","protected":false},"excerpt":{"rendered":"","protected":false},"author":9,"featured_media":0,"parent":1662,"menu_order":0,"comment_status":"closed","ping_status":"closed","template":"templates\/template-application-platform.php","meta":{"publish_to_discourse":"","publish_post_category":"","wpdc_auto_publish_overridden":"","wpdc_topic_tags":"","wpdc_pin_topic":"","wpdc_pin_until":"","discourse_post_id":"","discourse_permalink":"","wpdc_publishing_response":"","wpdc_publishing_error":"","footnotes":""},"class_list":["post-20509","page","type-page","status-publish","hentry"],"yoast_head":"<!-- This site is optimized with the Yoast SEO plugin v25.3.1 - https:\/\/yoast.com\/wordpress\/plugins\/seo\/ -->\n<title>Einbetten von G2 Crowd Reviews in die Shopify-Website (kostenlos und schnell)<\/title>\n<meta name=\"description\" content=\"Es ist ganz einfach, Ihre G2 Crowd Reviews-App zu erstellen und auf Ihrer Shopify-Website zu platzieren. Der Elfsight-Kundensupport ist kostenlos und schnell.\" \/>\n<meta name=\"robots\" content=\"index, follow, max-snippet:-1, max-image-preview:large, max-video-preview:-1\" \/>\n<link rel=\"canonical\" href=\"https:\/\/elfsight.com\/de\/g2-crowd-reviews-widget\/shopify\/\" \/>\n<meta property=\"og:locale\" content=\"de_DE\" \/>\n<meta property=\"og:type\" content=\"article\" \/>\n<meta property=\"og:title\" content=\"Einbetten von G2 Crowd Reviews in die Shopify-Website (kostenlos und schnell)\" \/>\n<meta property=\"og:description\" content=\"Es ist ganz einfach, Ihre G2 Crowd Reviews-App zu erstellen und auf Ihrer Shopify-Website zu platzieren. Der Elfsight-Kundensupport ist kostenlos und schnell.\" \/>\n<meta property=\"og:url\" content=\"https:\/\/elfsight.com\/de\/g2-crowd-reviews-widget\/shopify\/\" \/>\n<meta property=\"og:site_name\" content=\"Elfsight DE\" \/>\n<meta property=\"article:modified_time\" content=\"2025-07-08T10:48:46+00:00\" \/>\n<meta name=\"twitter:card\" content=\"summary_large_image\" \/>\n<meta name=\"twitter:label1\" content=\"Gesch\u00e4tzte Lesezeit\" \/>\n\t<meta name=\"twitter:data1\" content=\"3\u00a0Minuten\" \/>\n<!-- \/ Yoast SEO plugin. -->","yoast_head_json":{"title":"Einbetten von G2 Crowd Reviews in die Shopify-Website (kostenlos und schnell)","description":"Es ist ganz einfach, Ihre G2 Crowd Reviews-App zu erstellen und auf Ihrer Shopify-Website zu platzieren. Der Elfsight-Kundensupport ist kostenlos und schnell.","robots":{"index":"index","follow":"follow","max-snippet":"max-snippet:-1","max-image-preview":"max-image-preview:large","max-video-preview":"max-video-preview:-1"},"canonical":"https:\/\/elfsight.com\/de\/g2-crowd-reviews-widget\/shopify\/","og_locale":"de_DE","og_type":"article","og_title":"Einbetten von G2 Crowd Reviews in die Shopify-Website (kostenlos und schnell)","og_description":"Es ist ganz einfach, Ihre G2 Crowd Reviews-App zu erstellen und auf Ihrer Shopify-Website zu platzieren. Der Elfsight-Kundensupport ist kostenlos und schnell.","og_url":"https:\/\/elfsight.com\/de\/g2-crowd-reviews-widget\/shopify\/","og_site_name":"Elfsight DE","article_modified_time":"2025-07-08T10:48:46+00:00","twitter_card":"summary_large_image","twitter_misc":{"Gesch\u00e4tzte Lesezeit":"3\u00a0Minuten"},"schema":{"@context":"https:\/\/schema.org","@graph":[{"@type":"WebPage","@id":"https:\/\/elfsight.com\/de\/g2-crowd-reviews-widget\/shopify\/","url":"https:\/\/elfsight.com\/de\/g2-crowd-reviews-widget\/shopify\/","name":"Einbetten von G2 Crowd Reviews in die Shopify-Website (kostenlos und schnell)","isPartOf":{"@id":"https:\/\/elfsight.com\/de\/#website"},"datePublished":"2024-05-03T06:38:17+00:00","dateModified":"2025-07-08T10:48:46+00:00","description":"Es ist ganz einfach, Ihre G2 Crowd Reviews-App zu erstellen und auf Ihrer Shopify-Website zu platzieren. Der Elfsight-Kundensupport ist kostenlos und schnell.","breadcrumb":{"@id":"https:\/\/elfsight.com\/de\/g2-crowd-reviews-widget\/shopify\/#breadcrumb"},"inLanguage":"de","potentialAction":[{"@type":"ReadAction","target":["https:\/\/elfsight.com\/de\/g2-crowd-reviews-widget\/shopify\/"]}]},{"@type":"BreadcrumbList","@id":"https:\/\/elfsight.com\/de\/g2-crowd-reviews-widget\/shopify\/#breadcrumb","itemListElement":[{"@type":"ListItem","position":1,"name":"Home","item":"https:\/\/elfsight.com\/de\/"},{"@type":"ListItem","position":2,"name":"G2 Crowd Reviews","item":"https:\/\/elfsight.com\/de\/g2-crowd-reviews-widget\/"},{"@type":"ListItem","position":3,"name":"G2 Crowd Reviews &#8211; Shopify"}]},{"@type":"WebSite","@id":"https:\/\/elfsight.com\/de\/#website","url":"https:\/\/elfsight.com\/de\/","name":"Elfsight DE","description":"Just another Elfsight Sites site","potentialAction":[{"@type":"SearchAction","target":{"@type":"EntryPoint","urlTemplate":"https:\/\/elfsight.com\/de\/?s={search_term_string}"},"query-input":{"@type":"PropertyValueSpecification","valueRequired":true,"valueName":"search_term_string"}}],"inLanguage":"de"}]}},"meta_box":{"industry":"","seo_heading":"","heading":"","description":"","cta_heading":"","cta_description":"","application":"495","h1":"G2 Crowd-Rezensionen f\u00fcr Shopify","h1_caption":"Pr\u00e4sentieren Sie g2-Bewertungen, um den Erfolg und den Ruf Ihrer Software bei den Benutzern m\u00fchelos auf Ihrer Shopify-Website hervorzuheben.","application_category":[],"applications_title":"","applications_request_title":"","applications_request_button_text":"","hero_text":"","hero_video":"","hero_video_schema_markup":"","selling_points_title":"","selling_points_caption":"","selling_points":[],"selling_points_cta_text":"","features_title":"","features":"","ed_cta_examples_text":"","ed_cta_examples_hidden":"","ed_cta_demo_text":"","ed_cta_demo_hidden":"","why_caption":"","why_editor_title":"","why_editor_text":"","why_team_title":"","why_team_text":"","why_service_title":"","why_service_text":"","template_catalog_visible":"","template_catalog_title":"","template_catalog_text":"","template_catalog_categories_visible":"","demo_title":"Erstellen Sie Ihre G2 Crowd Reviews-App","demo_caption":"Konfigurieren Sie Ihre G2 Crowd Reviews und f\u00fcgen Sie sie kostenlos zu Ihrer Shopify-Website hinzu!","default_faq_hidden":"","app_template_category":[],"platform":"253","template_public_id":"","codecanyon_url":"","codecanyon_item_id":"","codecanyon_price":"","pricing_caption":"","pricing_elfsight_apps_hide_column":"","pricing_elfsight_apps_url":"","pricing_codecanyon_price_caption":"","integration_category":[],"integration_request_title":"","integration_request_cta":"","integration_platform":"","integrations":[],"platform_category":[],"video_schema_markup":"","price":"ab 0 $ \/ Monat","trial":"","benefits":[{"text":"Kostenloser Installationsservice"},{"text":"Premium-Support"},{"text":"14-t\u00e4gige Geld-zur\u00fcck-Garantie"},{"text":"Kontinuierliche kostenlose Updates"}],"button_url":"#demo","button_target_blank":"","button_nofollow":"","attributes":[{"name":"Installiert","content":"10,000 - 100,000"},{"name":"Reaktionsfreudig","content":"Ja"},{"name":"Kompatible Browser","content":"IE11, Firefox, Safari, Opera, Chrome, Edge"}],"tags":[],"tags_disable_links":"","hide_more_platforms":"","video_object":"","demo_hide_cta":"","demo_hide_cloud_options":"","pricing_title":"","pricing":[{"pricing_icon":"platform","pricing_title":"Elfsight Apps","pricing_title_caption":"Plattform\u00fcbergreifende Version, die auf jeder Website funktioniert","pricing_price":"ab 0 $ \/ Monat","pricing_price_caption":"Beginnen Sie mit einem kostenlosen Plan","pricing_benefits":[{"text":"Unbegrenzte Websites"},{"text":"Premium-Support"},{"text":"Kostenloser Installationsservice"},{"text":"Sonderangebot f\u00fcr mehrere Apps"}],"pricing_button_text":"Zur Website hinzuf\u00fcgen","pricing_button_url":"#demo"}],"related_apps_title":"","related_apps_hidden":"","author":"","image":[],"title":"","job":"","social_networks":[]},"_links":{"self":[{"href":"https:\/\/elfsight.com\/de\/wp-json\/wp\/v2\/pages\/20509","targetHints":{"allow":["GET"]}}],"collection":[{"href":"https:\/\/elfsight.com\/de\/wp-json\/wp\/v2\/pages"}],"about":[{"href":"https:\/\/elfsight.com\/de\/wp-json\/wp\/v2\/types\/page"}],"author":[{"embeddable":true,"href":"https:\/\/elfsight.com\/de\/wp-json\/wp\/v2\/users\/9"}],"replies":[{"embeddable":true,"href":"https:\/\/elfsight.com\/de\/wp-json\/wp\/v2\/comments?post=20509"}],"version-history":[{"count":1,"href":"https:\/\/elfsight.com\/de\/wp-json\/wp\/v2\/pages\/20509\/revisions"}],"predecessor-version":[{"id":20513,"href":"https:\/\/elfsight.com\/de\/wp-json\/wp\/v2\/pages\/20509\/revisions\/20513"}],"up":[{"embeddable":true,"href":"https:\/\/elfsight.com\/de\/wp-json\/wp\/v2\/pages\/1662"}],"wp:attachment":[{"href":"https:\/\/elfsight.com\/de\/wp-json\/wp\/v2\/media?parent=20509"}],"curies":[{"name":"wp","href":"https:\/\/api.w.org\/{rel}","templated":true}]}}