{"id":20496,"date":"2024-05-03T06:38:12","date_gmt":"2024-05-03T06:38:12","guid":{"rendered":"https:\/\/elfsight.com\/de\/?page_id=20496"},"modified":"2025-07-08T10:49:10","modified_gmt":"2025-07-08T10:49:10","slug":"wix","status":"publish","type":"page","link":"https:\/\/elfsight.com\/de\/g2-crowd-reviews-widget\/wix\/","title":{"rendered":"G2 Crowd Reviews &#8211; Wix"},"content":{"rendered":"<div class=\"application-platform-content-item-description application-platform-content-item\" id=\"description\" data-nav-section=\"description\"><h2>Beschreibung<\/h2> <p>Die Elfsight G2 Reviews App ist eines der besten Tools, um zum Ruf Ihrer Marke beizutragen. Es zeigt echte Kundenbewertungen zu Ihren Produkten. W\u00e4hlen Sie nur die positiven oder ansprechendsten Kommentare aus und ordnen Sie sie genau nach Ihren W\u00fcnschen an. Sammeln Sie soziale Beweise, indem Sie Ihren Website-Besuchern zeigen, dass Sie Vertrauen haben. Inspirieren Sie Menschen dazu, mehr Kommentare zu Ihrem Unternehmen abzugeben und regen Sie Benutzergespr\u00e4che an! <\/p><p><b>Zeigen Sie die besten Bewertungen auf jeder Seite der Website an<\/b><\/p><\/div><div class=\"application-platform-content-item-features application-platform-content-item\" id=\"features\" data-nav-section=\"features\"><h2>Funktionen<\/h2> <p>Um eine klarere Vorstellung von der G2 Crowd-App zu erhalten, sehen Sie sich die Liste der Hauptmerkmale an. Sie machen unser Widget f\u00fcr Sie maximal effektiv: <\/p><ul><li>3 vordefinierte Filter: nach Typ, Ausschlie\u00dfen nach und Anzahl der anzuzeigenden Bewertungen; <\/li><li>4 Layoutoptionen: Liste, Raster, Mauerwerk und Schieberegler; <\/li><li>Anpassbarer App-Header; <\/li><li>\u00dcber die Schaltfl\u00e4che \u201e\u00dcberpr\u00fcfungsanfrage\u201c gelangen Personen zu Ihrem G2-Konto. <\/li><li>6 anpassbare Einheiten der App: Name des Autors und Foto, Empfehlung, Datum des Verlassens, G2-Symbol und Sternebewertung;<\/li><li>Zwei m\u00f6gliche Szenarien nach der Ablehnung einer \u00dcberpr\u00fcfungsanfrage: Vorf\u00fchren Ihren Text oder verbergen Sie die Schaltfl\u00e4che.<\/li><\/ul><p><a href=\"#demo\">Um alle Funktionen zu erkunden, sehen Sie sich die Live-Demo an<\/a><\/p><\/div><div class=\"application-platform-content-item-installation application-platform-content-item\" id=\"installation\" data-nav-section=\"installation\"><h2>So f\u00fcgen Sie G2 Crowd Reviews zur Wix-Website hinzu<\/h2><p>Um die App in Ihre Website zu integrieren, f\u00fchren Sie einfach diese einfachen Schritte aus. <\/p><ol><li><b>Entwerfen Sie Ihr eigenes G2 Crowd-Plugin<\/b><br>In unserem kostenlosen Konfigurator richten Sie ein Plugin mit einem bevorzugten Layout und einer bevorzugten Funktionalit\u00e4t ein. <\/li><li><b>Erhalten Sie den individuellen Code zum Einrichten des Plugins<\/b><br>Nachdem Sie Ihr Widget erstellt haben, erhalten Sie den Installationscode aus dem angezeigten Fenster auf Elfsight Apps. Kopieren Sie den Code zur sp\u00e4teren Verwendung. <\/li><li><b>Integrieren Sie das Plugin auf Ihrer Wix-Website<\/b><br>Suchen Sie den Bereich, zu dem Sie das Plugin hinzuf\u00fcgen m\u00f6chten, und f\u00fcgen Sie dort den gespeicherten Code ein. Ver\u00f6ffentlichen Sie die Ergebnisse. <\/li><li><b>Herzlichen Gl\u00fcckwunsch! Sie haben das Widget gerade eingebettet! <\/b><br>Betreten Sie Ihre Website, um Ihre Erfahrungsberichte zu \u00fcberpr\u00fcfen. <\/li><\/ol><p>Haben Sie noch etwas, das Sie unsicher macht? Oder haben Sie Fragen? Richten Sie einfach eine Anfrage an unser Support-Team, wir werden alle Probleme l\u00f6sen. <\/p><div class=\"faq\" data-component=\"FAQ\"> <div class=\"faq-item\">\r\n\t\t\t\t\t<div class=\"faq-item-question\">\r\n\t\t\t\t\t\t<h3 class=\"faq-item-question-text\">Wie f\u00fcge ich G2-Bewertungen ohne Programmierkenntnisse zu meiner Wix-Website hinzu?<\/h3>\r\n\r\n\t\t\t\t\t\t<div class=\"faq-item-question-icon\"><\/div>\r\n\t\t\t\t\t<\/div>\r\n\r\n\t\t\t\t\t<div class=\"faq-item-answer\">\r\n\t\t\t\t\t\t<div class=\"faq-item-answer-text\"> <p>Elfsight bietet eine SaaS-L\u00f6sung, mit der Sie selbst ein G2-Bewertungs-Widget erstellen k\u00f6nnen. Sehen Sie, wie einfach der Vorgang ist ist: Arbeiten Sie direkt im Online-Editor, um ein G2-Bewertungs-Widget zu erstellen, das Sie gerne auf Ihrer Wix-Website sehen w\u00fcrden. W\u00e4hlen Sie eine der vorgefertigten Vorlagen aus und passen Sie die G2 Reviews-Einstellungen an, f\u00fcgen Sie Ihre Inhalte hinzu, \u00e4ndern Sie das Layout und das Farbschema ohne Programmierkenntnisse. Speichern Sie die G2-Rezensionen und kopieren Sie den Installationscode, den Sie einfach in Ihre Wix-Website einbetten k\u00f6nnen, ohne ein kostenpflichtiges Abonnement zu kaufen. Mit unserem intuitiven Editor kann jeder Internetnutzer online ein G2-Bewertungs-Widget erstellen und es einfach in seine Wix-Website einbetten. Sie m\u00fcssen weder bezahlen noch Ihre Kartendaten eingeben, um auf den Service zuzugreifen. Sollten bei irgendeinem Schritt Probleme auftreten, wenden Sie sich bitte an unser technisches Support-Team.<\/p> <\/div>\r\n\t\t\t\t\t<\/div>\r\n\t\t\t\t<\/div> <\/div> <\/div>","protected":false},"excerpt":{"rendered":"","protected":false},"author":9,"featured_media":0,"parent":1662,"menu_order":0,"comment_status":"closed","ping_status":"closed","template":"templates\/template-application-platform.php","meta":{"publish_to_discourse":"","publish_post_category":"","wpdc_auto_publish_overridden":"","wpdc_topic_tags":"","wpdc_pin_topic":"","wpdc_pin_until":"","discourse_post_id":"","discourse_permalink":"","wpdc_publishing_response":"","wpdc_publishing_error":"","footnotes":""},"class_list":["post-20496","page","type-page","status-publish","hentry"],"yoast_head":"<!-- This site is optimized with the Yoast SEO plugin v25.3.1 - https:\/\/yoast.com\/wordpress\/plugins\/seo\/ -->\n<title>Einbetten von G2 Crowd Reviews auf der Website von Wix (kostenlos und schnell)<\/title>\n<meta name=\"description\" content=\"Es ist ganz einfach, Ihre G2 Crowd Reviews-App zu entwerfen und auf der Website von Wix anzuzeigen. Der Elfsight-Kundensupport ist kostenlos und schnell.\" \/>\n<meta name=\"robots\" content=\"index, follow, max-snippet:-1, max-image-preview:large, max-video-preview:-1\" \/>\n<link rel=\"canonical\" href=\"https:\/\/elfsight.com\/de\/g2-crowd-reviews-widget\/wix\/\" \/>\n<meta property=\"og:locale\" content=\"de_DE\" \/>\n<meta property=\"og:type\" content=\"article\" \/>\n<meta property=\"og:title\" content=\"Einbetten von G2 Crowd Reviews auf der Website von Wix (kostenlos und schnell)\" \/>\n<meta property=\"og:description\" content=\"Es ist ganz einfach, Ihre G2 Crowd Reviews-App zu entwerfen und auf der Website von Wix anzuzeigen. Der Elfsight-Kundensupport ist kostenlos und schnell.\" \/>\n<meta property=\"og:url\" content=\"https:\/\/elfsight.com\/de\/g2-crowd-reviews-widget\/wix\/\" \/>\n<meta property=\"og:site_name\" content=\"Elfsight DE\" \/>\n<meta property=\"article:modified_time\" content=\"2025-07-08T10:49:10+00:00\" \/>\n<meta name=\"twitter:card\" content=\"summary_large_image\" \/>\n<meta name=\"twitter:label1\" content=\"Gesch\u00e4tzte Lesezeit\" \/>\n\t<meta name=\"twitter:data1\" content=\"3\u00a0Minuten\" \/>\n<!-- \/ Yoast SEO plugin. -->","yoast_head_json":{"title":"Einbetten von G2 Crowd Reviews auf der Website von Wix (kostenlos und schnell)","description":"Es ist ganz einfach, Ihre G2 Crowd Reviews-App zu entwerfen und auf der Website von Wix anzuzeigen. Der Elfsight-Kundensupport ist kostenlos und schnell.","robots":{"index":"index","follow":"follow","max-snippet":"max-snippet:-1","max-image-preview":"max-image-preview:large","max-video-preview":"max-video-preview:-1"},"canonical":"https:\/\/elfsight.com\/de\/g2-crowd-reviews-widget\/wix\/","og_locale":"de_DE","og_type":"article","og_title":"Einbetten von G2 Crowd Reviews auf der Website von Wix (kostenlos und schnell)","og_description":"Es ist ganz einfach, Ihre G2 Crowd Reviews-App zu entwerfen und auf der Website von Wix anzuzeigen. Der Elfsight-Kundensupport ist kostenlos und schnell.","og_url":"https:\/\/elfsight.com\/de\/g2-crowd-reviews-widget\/wix\/","og_site_name":"Elfsight DE","article_modified_time":"2025-07-08T10:49:10+00:00","twitter_card":"summary_large_image","twitter_misc":{"Gesch\u00e4tzte Lesezeit":"3\u00a0Minuten"},"schema":{"@context":"https:\/\/schema.org","@graph":[{"@type":"WebPage","@id":"https:\/\/elfsight.com\/de\/g2-crowd-reviews-widget\/wix\/","url":"https:\/\/elfsight.com\/de\/g2-crowd-reviews-widget\/wix\/","name":"Einbetten von G2 Crowd Reviews auf der Website von Wix (kostenlos und schnell)","isPartOf":{"@id":"https:\/\/elfsight.com\/de\/#website"},"datePublished":"2024-05-03T06:38:12+00:00","dateModified":"2025-07-08T10:49:10+00:00","description":"Es ist ganz einfach, Ihre G2 Crowd Reviews-App zu entwerfen und auf der Website von Wix anzuzeigen. Der Elfsight-Kundensupport ist kostenlos und schnell.","breadcrumb":{"@id":"https:\/\/elfsight.com\/de\/g2-crowd-reviews-widget\/wix\/#breadcrumb"},"inLanguage":"de","potentialAction":[{"@type":"ReadAction","target":["https:\/\/elfsight.com\/de\/g2-crowd-reviews-widget\/wix\/"]}]},{"@type":"BreadcrumbList","@id":"https:\/\/elfsight.com\/de\/g2-crowd-reviews-widget\/wix\/#breadcrumb","itemListElement":[{"@type":"ListItem","position":1,"name":"Home","item":"https:\/\/elfsight.com\/de\/"},{"@type":"ListItem","position":2,"name":"G2 Crowd Reviews","item":"https:\/\/elfsight.com\/de\/g2-crowd-reviews-widget\/"},{"@type":"ListItem","position":3,"name":"G2 Crowd Reviews &#8211; Wix"}]},{"@type":"WebSite","@id":"https:\/\/elfsight.com\/de\/#website","url":"https:\/\/elfsight.com\/de\/","name":"Elfsight DE","description":"Just another Elfsight Sites site","potentialAction":[{"@type":"SearchAction","target":{"@type":"EntryPoint","urlTemplate":"https:\/\/elfsight.com\/de\/?s={search_term_string}"},"query-input":{"@type":"PropertyValueSpecification","valueRequired":true,"valueName":"search_term_string"}}],"inLanguage":"de"}]}},"meta_box":{"industry":"","seo_heading":"","heading":"","description":"","cta_heading":"","cta_description":"","application":"495","h1":"G2 Crowd-Rezensionen f\u00fcr Wix","h1_caption":"Pr\u00e4sentieren Sie ganz einfach g2-Rezensionen auf Ihrer Wix-Website, um den Erfolg und den Ruf Ihrer Software bei den Benutzern hervorzuheben.","application_category":[],"applications_title":"","applications_request_title":"","applications_request_button_text":"","hero_text":"","hero_video":"","hero_video_schema_markup":"","selling_points_title":"","selling_points_caption":"","selling_points":[],"selling_points_cta_text":"","features_title":"","features":"","ed_cta_examples_text":"","ed_cta_examples_hidden":"","ed_cta_demo_text":"","ed_cta_demo_hidden":"","why_caption":"","why_editor_title":"","why_editor_text":"","why_team_title":"","why_team_text":"","why_service_title":"","why_service_text":"","template_catalog_visible":"","template_catalog_title":"","template_catalog_text":"","template_catalog_categories_visible":"","demo_title":"Erstellen Sie Ihre G2 Crowd Reviews-App","demo_caption":"Konfigurieren Sie Ihre G2 Crowd Reviews und f\u00fcgen Sie sie kostenlos zu Ihrer Wix-Website hinzu!","default_faq_hidden":"","app_template_category":[],"platform":"265","template_public_id":"","codecanyon_url":"","codecanyon_item_id":"","codecanyon_price":"","pricing_caption":"","pricing_elfsight_apps_hide_column":"","pricing_elfsight_apps_url":"","pricing_codecanyon_price_caption":"","integration_category":[],"integration_request_title":"","integration_request_cta":"","integration_platform":"","integrations":[],"platform_category":[],"video_schema_markup":"","price":"ab 0 $ \/ Monat","trial":"","benefits":[{"text":"Kostenlose Installationshilfe"},{"text":"Erfahrener Kundensupport"},{"text":"14-t\u00e4gige R\u00fcckerstattungsgarantie"},{"text":"Fortlaufende Entwicklung"}],"button_url":"#demo","button_target_blank":"","button_nofollow":"","attributes":[{"name":"Installiert","content":"10,000 - 100,000"},{"name":"Reaktionsfreudig","content":"Ja"},{"name":"Kompatible Browser","content":"Firefox, Opera, Edge, Chrome, Safari"}],"tags":[],"tags_disable_links":"","hide_more_platforms":"","video_object":"","demo_hide_cta":"","demo_hide_cloud_options":"","pricing_title":"","pricing":[{"pricing_icon":"platform","pricing_title":"Elfsight Apps","pricing_title_caption":"Plattformunabh\u00e4ngige L\u00f6sung","pricing_price":"ab 0 $ \/ Monat","pricing_price_caption":"Beginnen Sie mit einem kostenlosen Plan","pricing_benefits":[{"text":"Unbegrenzte Domains"},{"text":"Professioneller Kundensupport"},{"text":"Kostenlose Installationshilfe"},{"text":"Sonderangebot f\u00fcr mehrere Apps"}],"pricing_button_text":"Zur Website hinzuf\u00fcgen","pricing_button_url":"#demo"}],"related_apps_title":"","related_apps_hidden":"","author":"","image":[],"title":"","job":"","social_networks":[]},"_links":{"self":[{"href":"https:\/\/elfsight.com\/de\/wp-json\/wp\/v2\/pages\/20496","targetHints":{"allow":["GET"]}}],"collection":[{"href":"https:\/\/elfsight.com\/de\/wp-json\/wp\/v2\/pages"}],"about":[{"href":"https:\/\/elfsight.com\/de\/wp-json\/wp\/v2\/types\/page"}],"author":[{"embeddable":true,"href":"https:\/\/elfsight.com\/de\/wp-json\/wp\/v2\/users\/9"}],"replies":[{"embeddable":true,"href":"https:\/\/elfsight.com\/de\/wp-json\/wp\/v2\/comments?post=20496"}],"version-history":[{"count":1,"href":"https:\/\/elfsight.com\/de\/wp-json\/wp\/v2\/pages\/20496\/revisions"}],"predecessor-version":[{"id":20500,"href":"https:\/\/elfsight.com\/de\/wp-json\/wp\/v2\/pages\/20496\/revisions\/20500"}],"up":[{"embeddable":true,"href":"https:\/\/elfsight.com\/de\/wp-json\/wp\/v2\/pages\/1662"}],"wp:attachment":[{"href":"https:\/\/elfsight.com\/de\/wp-json\/wp\/v2\/media?parent=20496"}],"curies":[{"name":"wp","href":"https:\/\/api.w.org\/{rel}","templated":true}]}}