{"id":20493,"date":"2024-05-03T06:38:09","date_gmt":"2024-05-03T06:38:09","guid":{"rendered":"https:\/\/elfsight.com\/de\/?page_id=20493"},"modified":"2025-07-08T10:49:16","modified_gmt":"2025-07-08T10:49:16","slug":"woocommerce","status":"publish","type":"page","link":"https:\/\/elfsight.com\/de\/g2-crowd-reviews-widget\/woocommerce\/","title":{"rendered":"G2 Crowd Reviews &#8211; WooCommerce"},"content":{"rendered":"<div class=\"application-platform-content-item-description application-platform-content-item\" id=\"description\" data-nav-section=\"description\"><h2>Beschreibung<\/h2><p>Elfsight G2 Crowd Reviews ist der einfachste Weg, den Ruf Ihres Unternehmens aufrechtzuerhalten, indem Sie die Bewertungen echter Benutzer auf Ihrem Konto anzeigen Dienstleistungen. W\u00e4hlen Sie nur die besten oder ansprechendsten Kommentare aus und organisieren Sie sie nach Ihren W\u00fcnschen. Sammeln Sie Social Proof, indem Sie Ihrem Publikum zeigen, dass Ihre Glaubw\u00fcrdigkeit hoch ist. Inspirieren Sie Benutzer dazu, neue Kommentare zu Ihrem Unternehmen zu teilen und f\u00f6rdern Sie die Kundenkommunikation!<\/p><p>F\u00fcgen Sie G2 Crowd-Bewertungen reibungslos und schnell auf Ihrer Website ein<\/p><\/div> <div class=\"application-platform-content-item-features application-platform-content-item\" id=\"features\" data-nav-section=\"features\"><h2> Die Liste der grundlegenden Widget-Funktionen enth\u00e4lt:<\/h2><ul><li>Drei Arten von Filtern: nach Typ, Ausschlie\u00dfen nach und Anzahl der anzuzeigenden Bewertungen; <\/li><li>4 verf\u00fcgbare Layouts: Liste, Raster, Mauerwerk und Schieberegler; <\/li><li>Vollst\u00e4ndig flexibler Widget-Header; <\/li><li>\u00dcber die Schaltfl\u00e4che \u201eBewertungsanfrage\u201c werden Kunden zum G2 Crowd-Konto weitergeleitet. <\/li><li>Sechs umschaltbare Teile der Rezensionen: Name des Autors und Foto, Empfehlungstext, Datum, G2 Crowd-Symbol und Sternebewertung; <\/li><li>Zwei m\u00f6gliche Szenarien f\u00fcr die Ablehnung einer Bewertungsanfrage: Anzeigen eines benutzerdefinierten Textes oder Ausblenden der Schaltfl\u00e4che. <\/li><\/ul><p><a href=\"#demo\">Sie k\u00f6nnen jetzt alle Funktionen des Widgets in der Demo erkunden<\/a><\/p><\/div><div class=\"application-platform-content-item-installation application-platform-content-item\" id=\"installation\" data-nav-section=\"installation\"><h2>Wie kann ich G2 Crowd Reviews auf meiner WooCommerce-Website hinzuf\u00fcgen?<\/h2><p>Befolgen Sie einfach die nachstehenden Anweisungen, um das Plugin einzuf\u00fcgen.<\/p><ol><li><b> Nutzen Sie unseren kostenlosen Konfigurator und beginnen Sie mit der Erstellung Ihres individuellen Widgets.<\/b><br>Bestimmen Sie das bevorzugte Design und die Spezifikationen des Plugins und nehmen Sie die \u00c4nderungen vor.<\/li><li><b>Sie erhalten den einzigartigen Code, der im Special offenbart wird Formular auf Elfsight Apps ausf\u00fcllen.<\/b><br>Wenn die Einrichtung Ihres pers\u00f6nlichen Tools abgeschlossen ist, kopieren Sie den pers\u00f6nlichen Code im angezeigten Popup und speichern Sie ihn f\u00fcr den sp\u00e4teren Bedarf.<\/li><li><b>Stellen Sie sich auf den Weg des Widgets auf Ihrer WooCommerce-Seite.<\/b><br>F\u00fcgen Sie den zuvor gespeicherten Code in Ihre Webseite ein und speichern Sie die Anpassungen.<\/li><li><b>Das Setup wurde erfolgreich durchgef\u00fchrt.<\/b><br>Besuchen Sie Ihre Website, um zu pr\u00fcfen, wie das Plugin funktioniert.<\/li><\/ol><p>Wenn Sie Fragen haben oder auf Schwierigkeiten sto\u00dfen, wenden Sie sich bitte an unser Kundendienstteam. Unsere Berater werden sich freuen, alle Probleme zu l\u00f6sen, die Sie mit dem Tool haben k\u00f6nnten.<\/p><div class=\"faq\" data-component=\"FAQ\"> <div class=\"faq-item\">\r\n\t\t\t\t\t<div class=\"faq-item-question\">\r\n\t\t\t\t\t\t<h3 class=\"faq-item-question-text\">Wie kann ich G2-Bewertungen ohne Programmierkenntnisse zu meiner WooCommerce-Website hinzuf\u00fcgen?<\/h3>\r\n\r\n\t\t\t\t\t\t<div class=\"faq-item-question-icon\"><\/div>\r\n\t\t\t\t\t<\/div>\r\n\r\n\t\t\t\t\t<div class=\"faq-item-answer\">\r\n\t\t\t\t\t\t<div class=\"faq-item-answer-text\"> <p>Elfsight bietet Eine SaaS-L\u00f6sung, mit der Sie selbst ein G2-Bewertungs-Widget erstellen k\u00f6nnen. Sehen Sie, wie einfach der Vorgang ist: Arbeiten Sie direkt im Online-Editor, um ein G2-Bewertungs-Widget zu erstellen, das Sie gerne auf Ihrer WooCommerce-Website sehen w\u00fcrden. W\u00e4hlen Sie eine der vorgefertigten Vorlagen aus und passen Sie die G2 Reviews-Einstellungen an, f\u00fcgen Sie Ihre Inhalte hinzu, \u00e4ndern Sie das Layout und die Farben ohne Programmierkenntnisse. Speichern Sie die G2-Bewertungen und kopieren Sie den Installationscode, den Sie einfach in Ihre WooCommerce-Website einbetten k\u00f6nnen, ohne eine kostenpflichtige Version kaufen zu m\u00fcssen. Mit unserem intuitiven Editor kann jeder Internetnutzer online ein G2-Bewertungs-Widget erstellen und es einfach in seine WooCommerce-Website einbetten. Sie m\u00fcssen weder bezahlen noch Ihre Kartendaten eingeben, um auf den Service zuzugreifen. Sollten bei irgendeinem Schritt Probleme auftreten, wenden Sie sich bitte an unser technisches Support-Team.<\/p> <\/div>\r\n\t\t\t\t\t<\/div>\r\n\t\t\t\t<\/div> <\/div> <\/div>","protected":false},"excerpt":{"rendered":"","protected":false},"author":9,"featured_media":0,"parent":1662,"menu_order":0,"comment_status":"closed","ping_status":"closed","template":"templates\/template-application-platform.php","meta":{"publish_to_discourse":"","publish_post_category":"","wpdc_auto_publish_overridden":"","wpdc_topic_tags":"","wpdc_pin_topic":"","wpdc_pin_until":"","discourse_post_id":"","discourse_permalink":"","wpdc_publishing_response":"","wpdc_publishing_error":"","footnotes":""},"class_list":["post-20493","page","type-page","status-publish","hentry"],"yoast_head":"<!-- This site is optimized with the Yoast SEO plugin v25.3.1 - https:\/\/yoast.com\/wordpress\/plugins\/seo\/ -->\n<title>WooCommerce G2 Crowd Reviews-Plugin f\u00fcr Ihre Website (2025)<\/title>\n<meta name=\"description\" content=\"Sie k\u00f6nnen das G2 Crowd Reviews-Plugin jetzt anpassen und direkt \u00fcber die Live-Demo auf Ihrer WooCommerce-Website einbetten.\" \/>\n<meta name=\"robots\" content=\"index, follow, max-snippet:-1, max-image-preview:large, max-video-preview:-1\" \/>\n<link rel=\"canonical\" href=\"https:\/\/elfsight.com\/de\/g2-crowd-reviews-widget\/woocommerce\/\" \/>\n<meta property=\"og:locale\" content=\"de_DE\" \/>\n<meta property=\"og:type\" content=\"article\" \/>\n<meta property=\"og:title\" content=\"WooCommerce G2 Crowd Reviews-Plugin f\u00fcr Ihre Website (2025)\" \/>\n<meta property=\"og:description\" content=\"Sie k\u00f6nnen das G2 Crowd Reviews-Plugin jetzt anpassen und direkt \u00fcber die Live-Demo auf Ihrer WooCommerce-Website einbetten.\" \/>\n<meta property=\"og:url\" content=\"https:\/\/elfsight.com\/de\/g2-crowd-reviews-widget\/woocommerce\/\" \/>\n<meta property=\"og:site_name\" content=\"Elfsight DE\" \/>\n<meta property=\"article:modified_time\" content=\"2025-07-08T10:49:16+00:00\" \/>\n<meta name=\"twitter:card\" content=\"summary_large_image\" \/>\n<meta name=\"twitter:label1\" content=\"Gesch\u00e4tzte Lesezeit\" \/>\n\t<meta name=\"twitter:data1\" content=\"3\u00a0Minuten\" \/>\n<!-- \/ Yoast SEO plugin. -->","yoast_head_json":{"title":"WooCommerce G2 Crowd Reviews-Plugin f\u00fcr Ihre Website (2025)","description":"Sie k\u00f6nnen das G2 Crowd Reviews-Plugin jetzt anpassen und direkt \u00fcber die Live-Demo auf Ihrer WooCommerce-Website einbetten.","robots":{"index":"index","follow":"follow","max-snippet":"max-snippet:-1","max-image-preview":"max-image-preview:large","max-video-preview":"max-video-preview:-1"},"canonical":"https:\/\/elfsight.com\/de\/g2-crowd-reviews-widget\/woocommerce\/","og_locale":"de_DE","og_type":"article","og_title":"WooCommerce G2 Crowd Reviews-Plugin f\u00fcr Ihre Website (2025)","og_description":"Sie k\u00f6nnen das G2 Crowd Reviews-Plugin jetzt anpassen und direkt \u00fcber die Live-Demo auf Ihrer WooCommerce-Website einbetten.","og_url":"https:\/\/elfsight.com\/de\/g2-crowd-reviews-widget\/woocommerce\/","og_site_name":"Elfsight DE","article_modified_time":"2025-07-08T10:49:16+00:00","twitter_card":"summary_large_image","twitter_misc":{"Gesch\u00e4tzte Lesezeit":"3\u00a0Minuten"},"schema":{"@context":"https:\/\/schema.org","@graph":[{"@type":"WebPage","@id":"https:\/\/elfsight.com\/de\/g2-crowd-reviews-widget\/woocommerce\/","url":"https:\/\/elfsight.com\/de\/g2-crowd-reviews-widget\/woocommerce\/","name":"WooCommerce G2 Crowd Reviews-Plugin f\u00fcr Ihre Website (2025)","isPartOf":{"@id":"https:\/\/elfsight.com\/de\/#website"},"datePublished":"2024-05-03T06:38:09+00:00","dateModified":"2025-07-08T10:49:16+00:00","description":"Sie k\u00f6nnen das G2 Crowd Reviews-Plugin jetzt anpassen und direkt \u00fcber die Live-Demo auf Ihrer WooCommerce-Website einbetten.","breadcrumb":{"@id":"https:\/\/elfsight.com\/de\/g2-crowd-reviews-widget\/woocommerce\/#breadcrumb"},"inLanguage":"de","potentialAction":[{"@type":"ReadAction","target":["https:\/\/elfsight.com\/de\/g2-crowd-reviews-widget\/woocommerce\/"]}]},{"@type":"BreadcrumbList","@id":"https:\/\/elfsight.com\/de\/g2-crowd-reviews-widget\/woocommerce\/#breadcrumb","itemListElement":[{"@type":"ListItem","position":1,"name":"Home","item":"https:\/\/elfsight.com\/de\/"},{"@type":"ListItem","position":2,"name":"G2 Crowd Reviews","item":"https:\/\/elfsight.com\/de\/g2-crowd-reviews-widget\/"},{"@type":"ListItem","position":3,"name":"G2 Crowd Reviews &#8211; WooCommerce"}]},{"@type":"WebSite","@id":"https:\/\/elfsight.com\/de\/#website","url":"https:\/\/elfsight.com\/de\/","name":"Elfsight DE","description":"Just another Elfsight Sites site","potentialAction":[{"@type":"SearchAction","target":{"@type":"EntryPoint","urlTemplate":"https:\/\/elfsight.com\/de\/?s={search_term_string}"},"query-input":{"@type":"PropertyValueSpecification","valueRequired":true,"valueName":"search_term_string"}}],"inLanguage":"de"}]}},"meta_box":{"industry":"","seo_heading":"","heading":"","description":"","cta_heading":"","cta_description":"","application":"495","h1":"WooCommerce G2 Crowd-Rezensionen","h1_caption":"Pr\u00e4sentieren Sie g2-Rezensionen, um den Erfolg und den Ruf Ihrer Software bei den Benutzern m\u00fchelos auf Ihrer WooCommerce-Website hervorzuheben.","application_category":[],"applications_title":"","applications_request_title":"","applications_request_button_text":"","hero_text":"","hero_video":"","hero_video_schema_markup":"","selling_points_title":"","selling_points_caption":"","selling_points":[],"selling_points_cta_text":"","features_title":"","features":"","ed_cta_examples_text":"","ed_cta_examples_hidden":"","ed_cta_demo_text":"","ed_cta_demo_hidden":"","why_caption":"","why_editor_title":"","why_editor_text":"","why_team_title":"","why_team_text":"","why_service_title":"","why_service_text":"","template_catalog_visible":"","template_catalog_title":"","template_catalog_text":"","template_catalog_categories_visible":"","demo_title":"Erstellen Sie Ihre G2 Crowd Reviews-App","demo_caption":"Konfigurieren Sie Ihre G2 Crowd Reviews und f\u00fcgen Sie sie kostenlos zu Ihrer WooCommerce-Website hinzu!","default_faq_hidden":"","app_template_category":[],"platform":"200","template_public_id":"","codecanyon_url":"","codecanyon_item_id":"","codecanyon_price":"","pricing_caption":"","pricing_elfsight_apps_hide_column":"","pricing_elfsight_apps_url":"","pricing_codecanyon_price_caption":"","integration_category":[],"integration_request_title":"","integration_request_cta":"","integration_platform":"","integrations":[],"platform_category":[],"video_schema_markup":"","price":"ab 0 $ \/ Monat","trial":"","benefits":[{"text":"Kostenlose Installationsunterst\u00fctzung"},{"text":"Kompetenter Kundenservice"},{"text":"14-t\u00e4gige Geld-zur\u00fcck-Garantie"},{"text":"St\u00e4ndige Aktualisierung"}],"button_url":"#demo","button_target_blank":"","button_nofollow":"","attributes":[{"name":"Installiert","content":"10,000 - 100,000"},{"name":"Reaktionsfreudig","content":"Ja"},{"name":"Kompatible Browser","content":"Firefox, Safari, Opera, Chrome, Edge"}],"tags":[],"tags_disable_links":"","hide_more_platforms":"","video_object":"","demo_hide_cta":"","demo_hide_cloud_options":"","pricing_title":"","pricing":[{"pricing_icon":"platform","pricing_title":"Elfsight Apps","pricing_title_caption":"Plattformunabh\u00e4ngige Software, die f\u00fcr jede Website geeignet ist","pricing_price":"ab 0 $ \/ Monat","pricing_price_caption":"Beginnen Sie mit einem kostenlosen Plan","pricing_benefits":[{"text":"Unbegrenzte Domains"},{"text":"Schneller und p\u00fcnktlicher Support"},{"text":"Kostenlose Installationsunterst\u00fctzung"},{"text":"100 % anpassbar"}],"pricing_button_text":"Zur Website hinzuf\u00fcgen","pricing_button_url":"#demo"}],"related_apps_title":"","related_apps_hidden":"","author":"","image":[],"title":"","job":"","social_networks":[]},"_links":{"self":[{"href":"https:\/\/elfsight.com\/de\/wp-json\/wp\/v2\/pages\/20493","targetHints":{"allow":["GET"]}}],"collection":[{"href":"https:\/\/elfsight.com\/de\/wp-json\/wp\/v2\/pages"}],"about":[{"href":"https:\/\/elfsight.com\/de\/wp-json\/wp\/v2\/types\/page"}],"author":[{"embeddable":true,"href":"https:\/\/elfsight.com\/de\/wp-json\/wp\/v2\/users\/9"}],"replies":[{"embeddable":true,"href":"https:\/\/elfsight.com\/de\/wp-json\/wp\/v2\/comments?post=20493"}],"version-history":[{"count":1,"href":"https:\/\/elfsight.com\/de\/wp-json\/wp\/v2\/pages\/20493\/revisions"}],"predecessor-version":[{"id":20497,"href":"https:\/\/elfsight.com\/de\/wp-json\/wp\/v2\/pages\/20493\/revisions\/20497"}],"up":[{"embeddable":true,"href":"https:\/\/elfsight.com\/de\/wp-json\/wp\/v2\/pages\/1662"}],"wp:attachment":[{"href":"https:\/\/elfsight.com\/de\/wp-json\/wp\/v2\/media?parent=20493"}],"curies":[{"name":"wp","href":"https:\/\/api.w.org\/{rel}","templated":true}]}}