{"id":20480,"date":"2024-05-03T06:38:04","date_gmt":"2024-05-03T06:38:04","guid":{"rendered":"https:\/\/elfsight.com\/de\/?page_id=20480"},"modified":"2025-07-08T10:48:03","modified_gmt":"2025-07-08T10:48:03","slug":"jimdo","status":"publish","type":"page","link":"https:\/\/elfsight.com\/de\/g2-crowd-reviews-widget\/jimdo\/","title":{"rendered":"G2 Crowd Reviews &#8211; Jimdo"},"content":{"rendered":"<div class=\"application-platform-content-item-description application-platform-content-item\" id=\"description\" data-nav-section=\"description\"> <h2>Beschreibung<\/h2> <p>G2 Crowd Reviews ist ein praktisches Widget, mit dem Sie die Bewertungen Ihrer Angebote direkt auf Ihrem Ger\u00e4t anzeigen k\u00f6nnen Website von allen seri\u00f6sen Bewertungsseiten. Mit Hilfe unseres Widgets k\u00f6nnen Sie Filter zum Ausblenden unerw\u00fcnschter Bewertungen anwenden, Ihre Sterne- und Zahlenbewertung direkt auf Ihrer Seite auf jeder Bewertungswebsite anzeigen, Informationen zu den Autoren der Bewertungen hinzuf\u00fcgen und eine CTA-Schaltfl\u00e4che hinzuf\u00fcgen wird die Besucher dazu motivieren, ihre Gedanken niederzuschreiben. Das G2 Crowd Reviews-Widget dr\u00e4ngt Sie dazu, Ihren wunderbaren Social Proof direkt auf der Webseite zu pr\u00e4sentieren und mehr neue Verk\u00e4ufe zu erzielen. <\/p> <p><b>Nutzen Sie G2 Crowd Reviews, um Ihre E-Commerce-Ziele effizienter zu erreichen! <\/b><\/p> <\/div> <div class=\"application-platform-content-item-features application-platform-content-item\" id=\"features\" data-nav-section=\"features\"> <h2>Hier finden Sie die wichtigsten Funktionen des Widgets: <\/h2> <ul><li>Einbetten von Kundenrezensionen aus dem G2 Crowd-Konto<\/li><li>Drei Arten von Filtern: nach Typ, Anzahl der Bewertungen und Ausschlie\u00dfen nach<\/li><li>Vier Arten von Layouts: Schieberegler, Mauerwerk, Liste und Raster<\/li><li>Drag-Navigation und Pfeiltypen im Slider-Layout<\/li><li>Autoplay-Geschwindigkeit und Slide-Geschwindigkeit festlegen<\/li><li>Paginierungstyp im Slider-Layout ausw\u00e4hlen<\/li><li>Call-to-Action-Schaltfl\u00e4che, um neue Benutzerbewertungen auf G2 Crowd zu erhalten Seite<\/li><li>Drei Bewertungsvorlagen: Classic, Bubble, Spotlight<\/li><li>6 flexible Elemente der Bewertungen: G2 Crowd-Symbol und Foto, Empfehlung, Sternebewertung, Datum und Autorenname<\/li><li>Eine Option zum \u00c4ndern der Schriftgr\u00f6\u00dfe des Rezensionstextes<\/li><\/ul><p><a href=\"#demo\">Mit Hilfe der Demo k\u00f6nnen Sie sehen, was das Widget wert ist<\/a> <\/p> <\/div> <div class=\"application-platform-content-item-installation application-platform-content-item\" id=\"installation\" data-nav-section=\"installation\"> <h2>Wie bette ich G2 Crowd Reviews auf meiner Jimdo-Website ein? <\/h2> <p>Befolgen Sie einfach die folgenden Richtlinien, um das Werkzeug einzusetzen. <\/p> <ol><li><b>F\u00fchren Sie unsere kostenlose Demo durch und beginnen Sie mit der Gestaltung Ihres benutzerdefinierten Widgets. <\/b><br> W\u00e4hlen Sie das bevorzugte Aussehen und die Parameter des Widgets und speichern Sie die \u00c4nderungen. <\/li> <li><b>Erhalten Sie den pers\u00f6nlichen Code, der im speziellen Formular auf Elfsight Apps angezeigt wird. <\/b><br> Sobald die Konfiguration Ihres Widgets abgeschlossen ist, kopieren Sie den pers\u00f6nlichen Code in die Box und speichern Sie ihn f\u00fcr die weitere Verwendung. <\/li> <li><b>Initiieren Sie die Nutzung des Widgets auf Ihrer Jimdo-Webseite. <\/b><br> Integrieren Sie den k\u00fcrzlich kopierten Code in Ihre Website und speichern Sie die Verbesserungen. <\/li> <li><b>Die Installation wurde erfolgreich durchgef\u00fchrt. <\/b><br> Besuchen Sie Ihre Website, um zu sehen, wie das Tool funktioniert. <\/li><\/ol> <p>Wenn Sie Fragen haben oder es zu Komplikationen kommt, k\u00f6nnen Sie sich gerne an unser Support-Team wenden. Unsere Mitarbeiter beantworten gerne alle Ihre Fragen zum Widget. <\/p> <div class=\"faq\" data-component=\"FAQ\"> <div class=\"faq-item\">\r\n\t\t\t\t\t<div class=\"faq-item-question\">\r\n\t\t\t\t\t\t<h3 class=\"faq-item-question-text\">Wie kann ich ohne Programmierkenntnisse G2-Bewertungen zu meiner Jimdo-Website hinzuf\u00fcgen?<\/h3>\r\n\r\n\t\t\t\t\t\t<div class=\"faq-item-question-icon\"><\/div>\r\n\t\t\t\t\t<\/div>\r\n\r\n\t\t\t\t\t<div class=\"faq-item-answer\">\r\n\t\t\t\t\t\t<div class=\"faq-item-answer-text\"> <p>Elfsight bietet eine SaaS-L\u00f6sung, mit der Sie selbst ein G2-Bewertungs-Widget erstellen und sehen k\u00f6nnen, wie einfach das ist Der Prozess ist: Arbeiten Sie direkt im Online-Editor, um ein G2-Bewertungs-Widget zu erstellen, das Sie gerne auf Ihrer Jimdo-Website sehen w\u00fcrden. W\u00e4hlen Sie eine der vorgefertigten Vorlagen aus und passen Sie die G2 Reviews-Einstellungen an, f\u00fcgen Sie Ihre Inhalte hinzu, \u00e4ndern Sie das Layout und das Farbschema ohne Programmierkenntnisse. Speichern Sie die G2-Rezensionen und kopieren Sie den Installationscode, den Sie m\u00fchelos in Ihre Jimdo-Website einf\u00fcgen k\u00f6nnen, ohne ein kostenpflichtiges Abonnement zu kaufen. Mit unserem intuitiven Editor kann jeder Internetnutzer online ein G2-Bewertungs-Widget erstellen und es einfach in seine Jimdo-Website einbetten. Sie m\u00fcssen weder bezahlen noch Ihre Kartendaten eingeben, um auf den Service zuzugreifen. Sollten bei irgendeinem Schritt Probleme auftreten, wenden Sie sich bitte an unser technisches Support-Team.<\/p> <\/div>\r\n\t\t\t\t\t<\/div>\r\n\t\t\t\t<\/div> <\/div> <\/div>","protected":false},"excerpt":{"rendered":"","protected":false},"author":9,"featured_media":0,"parent":1662,"menu_order":0,"comment_status":"closed","ping_status":"closed","template":"templates\/template-application-platform.php","meta":{"publish_to_discourse":"","publish_post_category":"","wpdc_auto_publish_overridden":"","wpdc_topic_tags":"","wpdc_pin_topic":"","wpdc_pin_until":"","discourse_post_id":"","discourse_permalink":"","wpdc_publishing_response":"","wpdc_publishing_error":"","footnotes":""},"class_list":["post-20480","page","type-page","status-publish","hentry"],"yoast_head":"<!-- This site is optimized with the Yoast SEO plugin v25.3.1 - https:\/\/yoast.com\/wordpress\/plugins\/seo\/ -->\n<title>Einbetten von G2 Crowd Reviews auf der Jimdo-Website (kostenlos und schnell)<\/title>\n<meta name=\"description\" content=\"Erstellen Sie mit Elfsight Ihr G2 Crowd Reviews-Widget und f\u00fcgen Sie es im Handumdrehen auf Ihrer Jimdo-Website ein. Wir bieten kostenlosen Kundenservice und weitere Boni.\" \/>\n<meta name=\"robots\" content=\"index, follow, max-snippet:-1, max-image-preview:large, max-video-preview:-1\" \/>\n<link rel=\"canonical\" href=\"https:\/\/elfsight.com\/de\/g2-crowd-reviews-widget\/jimdo\/\" \/>\n<meta property=\"og:locale\" content=\"de_DE\" \/>\n<meta property=\"og:type\" content=\"article\" \/>\n<meta property=\"og:title\" content=\"Einbetten von G2 Crowd Reviews auf der Jimdo-Website (kostenlos und schnell)\" \/>\n<meta property=\"og:description\" content=\"Erstellen Sie mit Elfsight Ihr G2 Crowd Reviews-Widget und f\u00fcgen Sie es im Handumdrehen auf Ihrer Jimdo-Website ein. Wir bieten kostenlosen Kundenservice und weitere Boni.\" \/>\n<meta property=\"og:url\" content=\"https:\/\/elfsight.com\/de\/g2-crowd-reviews-widget\/jimdo\/\" \/>\n<meta property=\"og:site_name\" content=\"Elfsight DE\" \/>\n<meta property=\"article:modified_time\" content=\"2025-07-08T10:48:03+00:00\" \/>\n<meta name=\"twitter:card\" content=\"summary_large_image\" \/>\n<meta name=\"twitter:label1\" content=\"Gesch\u00e4tzte Lesezeit\" \/>\n\t<meta name=\"twitter:data1\" content=\"3\u00a0Minuten\" \/>\n<!-- \/ Yoast SEO plugin. -->","yoast_head_json":{"title":"Einbetten von G2 Crowd Reviews auf der Jimdo-Website (kostenlos und schnell)","description":"Erstellen Sie mit Elfsight Ihr G2 Crowd Reviews-Widget und f\u00fcgen Sie es im Handumdrehen auf Ihrer Jimdo-Website ein. Wir bieten kostenlosen Kundenservice und weitere Boni.","robots":{"index":"index","follow":"follow","max-snippet":"max-snippet:-1","max-image-preview":"max-image-preview:large","max-video-preview":"max-video-preview:-1"},"canonical":"https:\/\/elfsight.com\/de\/g2-crowd-reviews-widget\/jimdo\/","og_locale":"de_DE","og_type":"article","og_title":"Einbetten von G2 Crowd Reviews auf der Jimdo-Website (kostenlos und schnell)","og_description":"Erstellen Sie mit Elfsight Ihr G2 Crowd Reviews-Widget und f\u00fcgen Sie es im Handumdrehen auf Ihrer Jimdo-Website ein. Wir bieten kostenlosen Kundenservice und weitere Boni.","og_url":"https:\/\/elfsight.com\/de\/g2-crowd-reviews-widget\/jimdo\/","og_site_name":"Elfsight DE","article_modified_time":"2025-07-08T10:48:03+00:00","twitter_card":"summary_large_image","twitter_misc":{"Gesch\u00e4tzte Lesezeit":"3\u00a0Minuten"},"schema":{"@context":"https:\/\/schema.org","@graph":[{"@type":"WebPage","@id":"https:\/\/elfsight.com\/de\/g2-crowd-reviews-widget\/jimdo\/","url":"https:\/\/elfsight.com\/de\/g2-crowd-reviews-widget\/jimdo\/","name":"Einbetten von G2 Crowd Reviews auf der Jimdo-Website (kostenlos und schnell)","isPartOf":{"@id":"https:\/\/elfsight.com\/de\/#website"},"datePublished":"2024-05-03T06:38:04+00:00","dateModified":"2025-07-08T10:48:03+00:00","description":"Erstellen Sie mit Elfsight Ihr G2 Crowd Reviews-Widget und f\u00fcgen Sie es im Handumdrehen auf Ihrer Jimdo-Website ein. Wir bieten kostenlosen Kundenservice und weitere Boni.","breadcrumb":{"@id":"https:\/\/elfsight.com\/de\/g2-crowd-reviews-widget\/jimdo\/#breadcrumb"},"inLanguage":"de","potentialAction":[{"@type":"ReadAction","target":["https:\/\/elfsight.com\/de\/g2-crowd-reviews-widget\/jimdo\/"]}]},{"@type":"BreadcrumbList","@id":"https:\/\/elfsight.com\/de\/g2-crowd-reviews-widget\/jimdo\/#breadcrumb","itemListElement":[{"@type":"ListItem","position":1,"name":"Home","item":"https:\/\/elfsight.com\/de\/"},{"@type":"ListItem","position":2,"name":"G2 Crowd Reviews","item":"https:\/\/elfsight.com\/de\/g2-crowd-reviews-widget\/"},{"@type":"ListItem","position":3,"name":"G2 Crowd Reviews &#8211; Jimdo"}]},{"@type":"WebSite","@id":"https:\/\/elfsight.com\/de\/#website","url":"https:\/\/elfsight.com\/de\/","name":"Elfsight DE","description":"Just another Elfsight Sites site","potentialAction":[{"@type":"SearchAction","target":{"@type":"EntryPoint","urlTemplate":"https:\/\/elfsight.com\/de\/?s={search_term_string}"},"query-input":{"@type":"PropertyValueSpecification","valueRequired":true,"valueName":"search_term_string"}}],"inLanguage":"de"}]}},"meta_box":{"industry":"","seo_heading":"","heading":"","description":"","cta_heading":"","cta_description":"","application":"495","h1":"G2 Crowd-Rezensionen f\u00fcr Jimdo","h1_caption":"Pr\u00e4sentieren Sie ganz einfach g2-Rezensionen auf Ihrer Jimdo-Website, um den Erfolg und den Ruf Ihrer Software bei den Benutzern hervorzuheben.","application_category":[],"applications_title":"","applications_request_title":"","applications_request_button_text":"","hero_text":"","hero_video":"","hero_video_schema_markup":"","selling_points_title":"","selling_points_caption":"","selling_points":[],"selling_points_cta_text":"","features_title":"","features":"","ed_cta_examples_text":"","ed_cta_examples_hidden":"","ed_cta_demo_text":"","ed_cta_demo_hidden":"","why_caption":"","why_editor_title":"","why_editor_text":"","why_team_title":"","why_team_text":"","why_service_title":"","why_service_text":"","template_catalog_visible":"","template_catalog_title":"","template_catalog_text":"","template_catalog_categories_visible":"","demo_title":"Erstellen Sie Ihr G2 Crowd Reviews-Widget","demo_caption":"Konfigurieren Sie Ihre G2 Crowd Reviews und f\u00fcgen Sie sie kostenlos zu Ihrer Jimdo-Website hinzu!","default_faq_hidden":"","app_template_category":[],"platform":"239","template_public_id":"","codecanyon_url":"","codecanyon_item_id":"","codecanyon_price":"","pricing_caption":"","pricing_elfsight_apps_hide_column":"","pricing_elfsight_apps_url":"","pricing_codecanyon_price_caption":"","integration_category":[],"integration_request_title":"","integration_request_cta":"","integration_platform":"","integrations":[],"platform_category":[],"video_schema_markup":"","price":"ab 0 $ \/ Monat","trial":"","benefits":[{"text":"Kostenloser Installationsservice"},{"text":"Kompetenter Kundenservice"},{"text":"14-t\u00e4gige R\u00fcckerstattungsgarantie"},{"text":"Regelm\u00e4\u00dfige Updates"}],"button_url":"#demo","button_target_blank":"","button_nofollow":"","attributes":[{"name":"Installiert","content":"10,000 - 100,000"},{"name":"Reaktionsfreudig","content":"Ja"},{"name":"Kompatible Browser","content":"Firefox, Safari, Opera, Chrome, Edge"}],"tags":[],"tags_disable_links":"","hide_more_platforms":"","video_object":"","demo_hide_cta":"","demo_hide_cloud_options":"","pricing_title":"","pricing":[{"pricing_icon":"platform","pricing_title":"Elfsight Apps","pricing_title_caption":"Plattform\u00fcbergreifende Version, die f\u00fcr jede Website geeignet ist","pricing_price":"ab 0 $ \/ Monat","pricing_price_caption":"Beginnen Sie mit einem kostenlosen Plan","pricing_benefits":[{"text":"Unbegrenzte Websites"},{"text":"24\/7 und p\u00fcnktlicher Support und gut dokumentiert"},{"text":"Kostenlose Installationsunterst\u00fctzung"},{"text":"Flexibles Design"}],"pricing_button_text":"Zur Website hinzuf\u00fcgen","pricing_button_url":"#demo"}],"related_apps_title":"","related_apps_hidden":"","author":"","image":[],"title":"","job":"","social_networks":[]},"_links":{"self":[{"href":"https:\/\/elfsight.com\/de\/wp-json\/wp\/v2\/pages\/20480","targetHints":{"allow":["GET"]}}],"collection":[{"href":"https:\/\/elfsight.com\/de\/wp-json\/wp\/v2\/pages"}],"about":[{"href":"https:\/\/elfsight.com\/de\/wp-json\/wp\/v2\/types\/page"}],"author":[{"embeddable":true,"href":"https:\/\/elfsight.com\/de\/wp-json\/wp\/v2\/users\/9"}],"replies":[{"embeddable":true,"href":"https:\/\/elfsight.com\/de\/wp-json\/wp\/v2\/comments?post=20480"}],"version-history":[{"count":1,"href":"https:\/\/elfsight.com\/de\/wp-json\/wp\/v2\/pages\/20480\/revisions"}],"predecessor-version":[{"id":20484,"href":"https:\/\/elfsight.com\/de\/wp-json\/wp\/v2\/pages\/20480\/revisions\/20484"}],"up":[{"embeddable":true,"href":"https:\/\/elfsight.com\/de\/wp-json\/wp\/v2\/pages\/1662"}],"wp:attachment":[{"href":"https:\/\/elfsight.com\/de\/wp-json\/wp\/v2\/media?parent=20480"}],"curies":[{"name":"wp","href":"https:\/\/api.w.org\/{rel}","templated":true}]}}