{"id":20479,"date":"2024-05-03T06:38:03","date_gmt":"2024-05-03T06:38:03","guid":{"rendered":"https:\/\/elfsight.com\/de\/?page_id=20479"},"modified":"2025-01-13T07:35:22","modified_gmt":"2025-01-13T07:35:22","slug":"blogger","status":"publish","type":"page","link":"https:\/\/elfsight.com\/de\/online-form-builder\/blogger\/","title":{"rendered":"Form Builder &#8211; Blogger"},"content":{"rendered":"\n<div class=\"application-platform-content-item-description application-platform-content-item\" id=\"description\" data-nav-section=\"description\">\n<h2>Benutzerdefinierter Formular-Builder f\u00fcr Blogger<\/h2>\n<p>Der Formular-Generator f\u00fcr Blogger ist ein vielseitiges Werkzeug, mit dem alle erforderlichen Arten von Ausf\u00fcllformularen erstellt und auf jeder Website eingebunden werden k\u00f6nnen. Holen Sie sich mehr Details von Ihrer aktuellen und potenziellen Zielgruppe durch einfache Umfragen, Feedback-Formulare, Bewertungsanfragen und mehr. Legen Sie das Formularlayout fest und entscheiden Sie sich, personalisierte Formulare zu erstellen, um mehr Informationen von Ihrer Zielgruppe zu erhalten. Welche Art von Informationen Sie auch ben\u00f6tigen: Eindr\u00fccke, Bewertungen, Buchungen oder Verk\u00e4ufe \u2013 unser Formular-Builder bietet alles, um ein geeignetes Ausf\u00fcllformular f\u00fcr diese Aufgaben zu erstellen. Mit flexibler Struktur und verschiedenen vordefinierten Elementen wird Ihr Formular f\u00fcr Ihre Kunden benutzerfreundlich und f\u00fcr Sie praktisch sein.<\/p>\n<p><b>Sammeln Sie Ideen von Kunden, arbeiten Sie mit Buchungen und Anfragen Ihrer Website-Besucher!<\/b><\/p>\n<ul>\n<li><b>Erstellen Sie ansprechende Formulare, um mehr Feedback zu sammeln<\/b>.<br>Sie haben eine umfangreiche Sammlung von Elementen zur Verf\u00fcgung, mit denen Sie unterhaltsame und funktionale Formulare erstellen k\u00f6nnen. Eine Vielzahl von Stiloptionen f\u00fcr unser Widget hilft dabei, es auff\u00e4llig zu gestalten und mehr Kunden zum Ausf\u00fcllen zu bewegen.<\/li>\n<li><b>Erh\u00f6hen Sie die Anzahl der Leads mit verwaltbaren Formularen<\/b>.<br>Das Elfsight-Widget Form Builder erm\u00f6glicht es Ihnen, benutzerfreundliche und handliche Formulare f\u00fcr Ihre Kunden zu erstellen. Diese erm\u00f6glichen eine effektive und angenehme Kommunikation und halten das Publikum w\u00e4hrend des gesamten Ausf\u00fcllvorgangs engagiert, um ihn erfolgreich abzuschlie\u00dfen.<\/li>\n<li><b>Spare Zeit und Geld mit einem vielseitigen Tool<\/b>.<br>Dieses einzelne Werkzeug erm\u00f6glicht es Ihnen, Formulare verschiedener Arten mit unterschiedlichen Elementen und Strukturen zu erstellen. So k\u00f6nnen Sie Formulare konfigurieren, um Feedback verschiedener Arten zu erhalten, ohne mehr Zeit und Geld auszugeben.<\/li>\n<\/ul>\n<\/div>\n<div class=\"application-platform-content-item-features application-platform-content-item\" id=\"features\" data-nav-section=\"features\">\n<h2>Funktionen des Formular-Builder Plugins<\/h2>\n<p>Warum ist der Elfsight Online Formular-Builder das beste Plugin, um Kundenfeedback zu erhalten und mit Bestellungen auf Blogger zu arbeiten?<\/p>\n<ul>\n<li>Schritt-f\u00fcr-Schritt-Formulare mit Fortschrittsbalken, der die Gesamtzahl der Schritte und den aktuellen Schritt anzeigt;<\/li>\n<li>Option, Felder in mehrere Spalten zu unterteilen;<\/li>\n<li>Weisen Sie eine beliebige E-Mail-Adresse zu, an die die Ergebnisse des Formulars automatisch gesendet werden;<\/li>\n<li>Setzen Sie eine beliebige URL, auf die der Benutzer nach dem Ausf\u00fcllen des Formulars weitergeleitet wird;<\/li>\n<li>Ein intelligenter Farbtonausw\u00e4hler findet die maximal kontrastierende Farbe f\u00fcr Text und Interface-Elemente, abh\u00e4ngig von der Hauptfarbe, die Sie gew\u00e4hlt haben.<\/li>\n<\/ul>\n<p><a href=\"#demo\">Testen Sie die vollst\u00e4ndige Liste der Vorteile in unserem Konfigurator<\/a><\/p>\n<\/div>\n<div class=\"application-platform-content-item-installation application-platform-content-item\" id=\"installation\" data-nav-section=\"installation\">\n<h2>Wie man das Formular-Builder-Widget auf der Blogger-Website hinzuf\u00fcgt<\/h2>\n<div class=\"video-container\"><iframe width=\"720\" height=\"405\" src=\"https:\/\/www.youtube.com\/embed\/Acsdx32D1-o\" frameborder=\"0\" allowfullscreen=\"\"><\/iframe><\/div>\n<p>Die Gesamtzeit des Prozesses betr\u00e4gt etwa 70 Sekunden und ein netter Bonus ist, dass keine Erfahrung in der Webentwicklung erforderlich ist.<\/p>\n<ol>\n<li><b>Erstellen Sie Ihr pers\u00f6nliches Formular-Builder<\/b>.<br>Mit unserem kostenlosen Konfigurator k\u00f6nnen Sie ein Plugin mit dem gew\u00fcnschten Design und den notwendigen Funktionen zusammenstellen.<\/li>\n<li><b>Erhalten Sie den Code zur Anzeige des Plugins<\/b>.<br>Nach der Erstellung des Widgets erhalten Sie den Code f\u00fcr das Formular-Plugin aus der Popup-Benachrichtigung auf Elfsight Apps.<\/li>\n<li><b>Zeigen Sie das Plugin auf der Blogger-Website an<\/b>.<br>F\u00fcgen Sie das Plugin an der gew\u00fcnschten Stelle auf der Seite hinzu und wenden Sie die \u00c4nderungen an.<\/li>\n<li><b>Fertig!<\/b><br>Gehen Sie auf Ihre Blogger-Website, um Ihre Arbeit zu sehen.<\/li>\n<\/ol>\n<p>Gab es Schwierigkeiten bei der Einrichtung oder bei der \u00c4nderung der Widget-Parameter? Sie k\u00f6nnen eine ausf\u00fchrliche Anleitung \u201e<a href=\"https:\/\/elfsight.com\/tutorials\/how-to-add-form-builder-to-blogger\/\">Wie man Formulare auf Blogger einbindet<\/a>\u201c lesen und es noch einmal selbst ausprobieren. Oder wenden Sie sich an den Kundensupport von Elfsight mit einer vollst\u00e4ndigen Beschreibung des Problems. Wir sind hier, um zu helfen.<\/p>\n<div class=\"faq\" data-component=\"FAQ\"> \n<div class=\"faq-item\">\r\n\t\t\t\t\t<div class=\"faq-item-question\">\r\n\t\t\t\t\t\t<h3 class=\"faq-item-question-text\">Wie f\u00fcge ich den Formular-Builder ohne Programmierkenntnisse zu meiner Blogger-Website hinzu?<\/h3>\r\n\r\n\t\t\t\t\t\t<div class=\"faq-item-question-icon\"><\/div>\r\n\t\t\t\t\t<\/div>\r\n\r\n\t\t\t\t\t<div class=\"faq-item-answer\">\r\n\t\t\t\t\t\t<div class=\"faq-item-answer-text\"> \n<p>Elfsight bietet eine SaaS-L\u00f6sung, mit der Sie ein Formular-Builder-Widget selbst erstellen k\u00f6nnen. So einfach ist der Prozess: Arbeiten Sie direkt im Online-Editor, um das Formular-Builder-Widget zu erstellen, das Sie auf Ihrer Blogger-Website sehen m\u00f6chten. W\u00e4hlen Sie eine der vorgefertigten Vorlagen aus und passen Sie die Formulareinstellungen an, f\u00fcgen Sie Ihren Inhalt hinzu, \u00e4ndern Sie das Layout und das Farbschema ohne Programmierkenntnisse. Speichern Sie das Formular-Builder und kopieren Sie den Installationscode, den Sie einfach in Ihre Blogger-Website einf\u00fcgen k\u00f6nnen, ohne eine kostenpflichtige Version zu kaufen. Mit unserem intuitiven Editor kann jeder Internetnutzer ein Formular-Builder-Widget online erstellen und es problemlos auf seiner Blogger-Website einf\u00fcgen. Es ist nicht erforderlich, zu bezahlen oder Kreditkarteninformationen einzugeben, um auf den Service zuzugreifen. Wenn Sie auf Probleme sto\u00dfen, k\u00f6nnen Sie sich gerne an unser technisches Support-Team wenden.<\/p> \n<\/div>\r\n\t\t\t\t\t<\/div>\r\n\t\t\t\t<\/div>\n<div class=\"faq-item\">\r\n\t\t\t\t\t<div class=\"faq-item-question\">\r\n\t\t\t\t\t\t<h3 class=\"faq-item-question-text\">Gibt es benutzerdefinierte Formular-Builder-Vorlagen f\u00fcr die Blogger-Website?<\/h3>\r\n\r\n\t\t\t\t\t\t<div class=\"faq-item-question-icon\"><\/div>\r\n\t\t\t\t\t<\/div>\r\n\r\n\t\t\t\t\t<div class=\"faq-item-answer\">\r\n\t\t\t\t\t\t<div class=\"faq-item-answer-text\">\n<p>Ja. Elfsight hat eine gro\u00dfe Auswahl von mehr als 300 <a href=\"https:\/\/elfsight.com\/online-form-builder\/templates\/\">Formular-Builder-Vorlagen<\/a> mit anpassbaren Elementen und Funktionen vorbereitet. Sie k\u00f6nnen eine Formularvorlage f\u00fcr jeden Anlass finden, zum Beispiel <a href=\"https:\/\/elfsight.com\/online-form-builder\/templates\/application-forms\/\">Bewerbungsformulare<\/a>, <a href=\"https:\/\/elfsight.com\/online-form-builder\/templates\/booking-forms\/\">Buchungsformulare<\/a>, <a href=\"https:\/\/elfsight.com\/online-form-builder\/templates\/order-forms\/\">Bestellformulare<\/a>, <a href=\"https:\/\/elfsight.com\/online-form-builder\/templates\/product-forms\/\">Produktformulare<\/a>, <a href=\"https:\/\/elfsight.com\/online-form-builder\/templates\/questionnaires\/\">Frageb\u00f6gen<\/a>, <a href=\"https:\/\/elfsight.com\/online-form-builder\/templates\/quizzes\/\">Quizze<\/a>, <a href=\"https:\/\/elfsight.com\/online-form-builder\/templates\/surveys\/\">Umfragen<\/a>, <a href=\"https:\/\/elfsight.com\/online-form-builder\/templates\/file-upload-forms\/\">Dateiupload-Formulare<\/a> und viele mehr.<\/p>\n<\/div>\r\n\t\t\t\t\t<\/div>\r\n\t\t\t\t<\/div> \n<div class=\"faq-item\">\r\n\t\t\t\t\t<div class=\"faq-item-question\">\r\n\t\t\t\t\t\t<h3 class=\"faq-item-question-text\">Kann ich mehrere Spalten zum Blogger Formular-Generator hinzuf\u00fcgen?<\/h3>\r\n\r\n\t\t\t\t\t\t<div class=\"faq-item-question-icon\"><\/div>\r\n\t\t\t\t\t<\/div>\r\n\r\n\t\t\t\t\t<div class=\"faq-item-answer\">\r\n\t\t\t\t\t\t<div class=\"faq-item-answer-text\">\n\n<p>Ja, selbstverst\u00e4ndlich. Der Online-Formular-Builder l\u00e4sst Sie das Layout mit verschiedenen Spalteneinstellungen anpassen. Hier ist der Schritt-f\u00fcr-Schritt-Prozess:<\/p>\n<ol>\n<li>W\u00e4hlen Sie ein Feld im Widget-Konfigurator aus.<\/li>\n<li>Tippen Sie auf &#8222;Bearbeiten&#8220;.<\/li>\n<li>\u00c4ndern Sie die Spaltenbreite mit den verf\u00fcgbaren Auswahlm\u00f6glichkeiten: Voll, Halb, Ein Drittel und Benutzerdefiniert.<\/li>\n<\/ol>\n<p>Je nachdem, wie viele Sie anzeigen m\u00f6chten, k\u00f6nnen Sie die Standardkonfiguration verwenden oder die Berechnungen in Prozent selbst vornehmen, um die am besten geeignete Spaltenanzahl zu erreichen.<\/p> \n\n<\/div>\r\n\t\t\t\t\t<\/div>\r\n\t\t\t\t<\/div>\n\n<div class=\"faq-item\">\r\n\t\t\t\t\t<div class=\"faq-item-question\">\r\n\t\t\t\t\t\t<h3 class=\"faq-item-question-text\">Kann ich den Formular-Builder kostenlos auf meiner Blogger-Website verwenden?<\/h3>\r\n\r\n\t\t\t\t\t\t<div class=\"faq-item-question-icon\"><\/div>\r\n\t\t\t\t\t<\/div>\r\n\r\n\t\t\t\t\t<div class=\"faq-item-answer\">\r\n\t\t\t\t\t\t<div class=\"faq-item-answer-text\">\n\n<p>Ja. Zus\u00e4tzlich zu unseren kostenpflichtigen Tarifen bieten wir eine kostenlose Option an. Dieser Plan kommt ohne Einschr\u00e4nkungen bei der Anpassung und den Funktionen. Beginnen Sie sofort mit der Nutzung des kostenlosen Formular-Builder-Plugins und erkunden Sie das volle Potenzial ohne Verz\u00f6gerung!<\/p>\n\n<\/div>\r\n\t\t\t\t\t<\/div>\r\n\t\t\t\t<\/div>\n<\/div> \n<\/div>\n","protected":false},"excerpt":{"rendered":"","protected":false},"author":9,"featured_media":0,"parent":829,"menu_order":0,"comment_status":"closed","ping_status":"closed","template":"templates\/template-application-platform.php","meta":{"publish_to_discourse":"","publish_post_category":"","wpdc_auto_publish_overridden":"","wpdc_topic_tags":"","wpdc_pin_topic":"","wpdc_pin_until":"","discourse_post_id":"","discourse_permalink":"","wpdc_publishing_response":"","wpdc_publishing_error":"","footnotes":""},"class_list":["post-20479","page","type-page","status-publish","hentry"],"yoast_head":"<!-- This site is optimized with the Yoast SEO plugin v25.3.1 - https:\/\/yoast.com\/wordpress\/plugins\/seo\/ -->\n<title>Erstellen Sie kostenlos ein benutzerdefiniertes Formular auf Blogger und f\u00fcgen Sie es hinzu!<\/title>\n<meta name=\"description\" content=\"Erstellen Sie kostenlos die beste Website zum Erstellen von Online-Formularen f\u00fcr Blogger! Entwerfen Sie bei Elfsight in nur 3 Minuten ein pers\u00f6nliches Formular-Widget.\" \/>\n<meta name=\"robots\" content=\"index, follow, max-snippet:-1, max-image-preview:large, max-video-preview:-1\" \/>\n<link rel=\"canonical\" href=\"https:\/\/elfsight.com\/de\/online-form-builder\/blogger\/\" \/>\n<meta property=\"og:locale\" content=\"de_DE\" \/>\n<meta property=\"og:type\" content=\"article\" \/>\n<meta property=\"og:title\" content=\"Erstellen Sie kostenlos ein benutzerdefiniertes Formular auf Blogger und f\u00fcgen Sie es hinzu!\" \/>\n<meta property=\"og:description\" content=\"Erstellen Sie kostenlos die beste Website zum Erstellen von Online-Formularen f\u00fcr Blogger! Entwerfen Sie bei Elfsight in nur 3 Minuten ein pers\u00f6nliches Formular-Widget.\" \/>\n<meta property=\"og:url\" content=\"https:\/\/elfsight.com\/de\/online-form-builder\/blogger\/\" \/>\n<meta property=\"og:site_name\" content=\"Elfsight DE\" \/>\n<meta property=\"article:modified_time\" content=\"2025-01-13T07:35:22+00:00\" \/>\n<meta name=\"twitter:card\" content=\"summary_large_image\" \/>\n<meta name=\"twitter:label1\" content=\"Gesch\u00e4tzte Lesezeit\" \/>\n\t<meta name=\"twitter:data1\" content=\"5\u00a0Minuten\" \/>\n<!-- \/ Yoast SEO plugin. -->","yoast_head_json":{"title":"Erstellen Sie kostenlos ein benutzerdefiniertes Formular auf Blogger und f\u00fcgen Sie es hinzu!","description":"Erstellen Sie kostenlos die beste Website zum Erstellen von Online-Formularen f\u00fcr Blogger! Entwerfen Sie bei Elfsight in nur 3 Minuten ein pers\u00f6nliches Formular-Widget.","robots":{"index":"index","follow":"follow","max-snippet":"max-snippet:-1","max-image-preview":"max-image-preview:large","max-video-preview":"max-video-preview:-1"},"canonical":"https:\/\/elfsight.com\/de\/online-form-builder\/blogger\/","og_locale":"de_DE","og_type":"article","og_title":"Erstellen Sie kostenlos ein benutzerdefiniertes Formular auf Blogger und f\u00fcgen Sie es hinzu!","og_description":"Erstellen Sie kostenlos die beste Website zum Erstellen von Online-Formularen f\u00fcr Blogger! Entwerfen Sie bei Elfsight in nur 3 Minuten ein pers\u00f6nliches Formular-Widget.","og_url":"https:\/\/elfsight.com\/de\/online-form-builder\/blogger\/","og_site_name":"Elfsight DE","article_modified_time":"2025-01-13T07:35:22+00:00","twitter_card":"summary_large_image","twitter_misc":{"Gesch\u00e4tzte Lesezeit":"5\u00a0Minuten"},"schema":{"@context":"https:\/\/schema.org","@graph":[{"@type":"WebPage","@id":"https:\/\/elfsight.com\/de\/online-form-builder\/blogger\/","url":"https:\/\/elfsight.com\/de\/online-form-builder\/blogger\/","name":"Erstellen Sie kostenlos ein benutzerdefiniertes Formular auf Blogger und f\u00fcgen Sie es hinzu!","isPartOf":{"@id":"https:\/\/elfsight.com\/de\/#website"},"datePublished":"2024-05-03T06:38:03+00:00","dateModified":"2025-01-13T07:35:22+00:00","description":"Erstellen Sie kostenlos die beste Website zum Erstellen von Online-Formularen f\u00fcr Blogger! Entwerfen Sie bei Elfsight in nur 3 Minuten ein pers\u00f6nliches Formular-Widget.","breadcrumb":{"@id":"https:\/\/elfsight.com\/de\/online-form-builder\/blogger\/#breadcrumb"},"inLanguage":"de","potentialAction":[{"@type":"ReadAction","target":["https:\/\/elfsight.com\/de\/online-form-builder\/blogger\/"]}]},{"@type":"BreadcrumbList","@id":"https:\/\/elfsight.com\/de\/online-form-builder\/blogger\/#breadcrumb","itemListElement":[{"@type":"ListItem","position":1,"name":"Home","item":"https:\/\/elfsight.com\/de\/"},{"@type":"ListItem","position":2,"name":"Form Builder","item":"https:\/\/elfsight.com\/de\/online-form-builder\/"},{"@type":"ListItem","position":3,"name":"Form Builder &#8211; Blogger"}]},{"@type":"WebSite","@id":"https:\/\/elfsight.com\/de\/#website","url":"https:\/\/elfsight.com\/de\/","name":"Elfsight DE","description":"Just another Elfsight Sites site","potentialAction":[{"@type":"SearchAction","target":{"@type":"EntryPoint","urlTemplate":"https:\/\/elfsight.com\/de\/?s={search_term_string}"},"query-input":{"@type":"PropertyValueSpecification","valueRequired":true,"valueName":"search_term_string"}}],"inLanguage":"de"}]}},"meta_box":{"industry":"","seo_heading":"","heading":"","description":"","cta_heading":"","cta_description":"","application":"469","h1":"Form Builder-Widget f\u00fcr Blogger","h1_caption":"Erstellen Sie anpassbare Formulare f\u00fcr jeden Zweck \u2013 Feedback, Umfragen, Kontaktformulare \u2013 ohne Programmierung, sodass Sie m\u00fchelos Informationen von Ihren Benutzern auf Ihrer Blogger-Website sammeln k\u00f6nnen.","application_category":[],"applications_title":"","applications_request_title":"","applications_request_button_text":"","hero_text":"","hero_video":"","hero_video_schema_markup":"","selling_points_title":"","selling_points_caption":"","selling_points":[],"selling_points_cta_text":"","features_title":"","features":"","ed_cta_examples_text":"","ed_cta_examples_hidden":"","ed_cta_demo_text":"","ed_cta_demo_hidden":"","why_caption":"","why_editor_title":"","why_editor_text":"","why_team_title":"","why_team_text":"","why_service_title":"","why_service_text":"","template_catalog_visible":"0","template_catalog_title":"","template_catalog_text":"","template_catalog_categories_visible":"","demo_title":"Erstellen Sie Ihr Form Builder-Widget","demo_caption":"Konfigurieren Sie Ihren Form Builder und f\u00fcgen Sie ihn kostenlos zu Ihrer Blogger-Website hinzu!","default_faq_hidden":"","app_template_category":[],"platform":"262","template_public_id":"","codecanyon_url":"","codecanyon_item_id":"","codecanyon_price":"","pricing_caption":"","pricing_elfsight_apps_hide_column":"","pricing_elfsight_apps_url":"","pricing_codecanyon_price_caption":"","integration_category":[],"integration_request_title":"","integration_request_cta":"","integration_platform":"","integrations":[],"platform_category":[],"video_schema_markup":"","price":"ab 0 $ \/ Monat","trial":"","benefits":[{"text":"Kostenlose Installationsunterst\u00fctzung"},{"text":"Erfahrener Kundensupport"},{"text":"14-t\u00e4gige R\u00fcckerstattungsgarantie"},{"text":"St\u00e4ndige Aktualisierung"}],"button_url":"#demo","button_target_blank":"0","button_nofollow":"0","attributes":[{"name":"Installiert","content":"100,000 - 500,000"},{"name":"Reaktionsfreudig","content":"Ja"},{"name":"Kompatible Browser","content":"Firefox, Safari, Opera, Chrome, Edge"}],"tags":[],"tags_disable_links":"0","hide_more_platforms":"","video_object":"","demo_hide_cta":"0","demo_hide_cloud_options":"0","pricing_title":"","pricing":[{"pricing_icon":"platform","pricing_title":"Blogger widget","pricing_title_caption":"Plattformunabh\u00e4ngige L\u00f6sung, die auf jeder Website funktioniert","pricing_price":"ab 0 $ \/ Monat","pricing_price_caption":"Beginnen Sie mit einem kostenlosen Plan","pricing_benefits":[{"text":"Unbegrenzte Domains"},{"text":"Kostenloser Unternehmenssupport und gut dokumentiert"},{"text":"Kostenlose Installationsunterst\u00fctzung"},{"text":"Flexibles Design"}],"pricing_button_text":"Zur Website hinzuf\u00fcgen","pricing_button_url":"#demo"}],"related_apps_title":"","related_apps_hidden":"0","author":"","image":[],"title":"","job":"","social_networks":[]},"_links":{"self":[{"href":"https:\/\/elfsight.com\/de\/wp-json\/wp\/v2\/pages\/20479","targetHints":{"allow":["GET"]}}],"collection":[{"href":"https:\/\/elfsight.com\/de\/wp-json\/wp\/v2\/pages"}],"about":[{"href":"https:\/\/elfsight.com\/de\/wp-json\/wp\/v2\/types\/page"}],"author":[{"embeddable":true,"href":"https:\/\/elfsight.com\/de\/wp-json\/wp\/v2\/users\/9"}],"replies":[{"embeddable":true,"href":"https:\/\/elfsight.com\/de\/wp-json\/wp\/v2\/comments?post=20479"}],"version-history":[{"count":4,"href":"https:\/\/elfsight.com\/de\/wp-json\/wp\/v2\/pages\/20479\/revisions"}],"predecessor-version":[{"id":23484,"href":"https:\/\/elfsight.com\/de\/wp-json\/wp\/v2\/pages\/20479\/revisions\/23484"}],"up":[{"embeddable":true,"href":"https:\/\/elfsight.com\/de\/wp-json\/wp\/v2\/pages\/829"}],"wp:attachment":[{"href":"https:\/\/elfsight.com\/de\/wp-json\/wp\/v2\/media?parent=20479"}],"curies":[{"name":"wp","href":"https:\/\/api.w.org\/{rel}","templated":true}]}}