{"id":20478,"date":"2024-05-03T06:38:01","date_gmt":"2024-05-03T06:38:01","guid":{"rendered":"https:\/\/elfsight.com\/de\/?page_id=20478"},"modified":"2025-01-13T06:22:21","modified_gmt":"2025-01-13T06:22:21","slug":"bigcommerce","status":"publish","type":"page","link":"https:\/\/elfsight.com\/de\/online-form-builder\/bigcommerce\/","title":{"rendered":"Form Builder &#8211; BigCommerce"},"content":{"rendered":"\n<div class=\"application-platform-content-item-description application-platform-content-item\" id=\"description\" data-nav-section=\"description\">\n<h2>Benutzerdefinierter Formular-Builder f\u00fcr BigCommerce<\/h2>\n<p>Unsere einheitliche App, einschlie\u00dflich des BigCommerce Formular-Builder, ist daf\u00fcr konzipiert, alle Arten von Formularen zu erstellen und sie auf einer Website anzuzeigen. Erhalten Sie n\u00fctzliche Informationen von Ihren bestehenden sowie zuk\u00fcnftigen Kunden \u00fcber verwaltbare Umfragen, Feedback-Formulare, Bewertungsanfragen und mehr. Die Kontrolle \u00fcber die Formularstruktur erm\u00f6glicht es, \u00fcberzeugende Formulare zu erstellen, um Informationen von Kunden zu sammeln. Egal, welche Art von Erkenntnissen Sie sammeln m\u00f6chten: Ideen, Bewertungen, Bestellungen und K\u00e4ufe \u2013 der Formular-Builder von Elfsight bietet alles, um das passende Ausf\u00fcllformular zu erstellen. Dank des responsiven Designs und der verschiedenen vordefinierten Komponenten wird Ihr Formular f\u00fcr Ihre Zielgruppe bequem und effektiv f\u00fcr Sie.<\/p>\n<p><b>Erhalten Sie Bewertungen, Ideen, Meinungen und Punktzahlen von Ihren Nutzern, um Ihr Gesch\u00e4ft auszubauen!<\/b><\/p>\n<ul>\n<li><b>Erstellen Sie ansprechende Formulare, um mehr Feedback zu sammeln<\/b>.<br>Sie haben eine Vielzahl von Elementen zur Verf\u00fcgung, mit denen Sie attraktive und praktische Formulare erstellen k\u00f6nnen. Verschiedene Stil\u00e4nderungen der Elfsight-App erm\u00f6glichen es, das Formular optisch ansprechend zu gestalten und mehr Kunden zur Ausf\u00fcllung zu gewinnen.<\/li>\n<li><b>Steigern Sie die Anzahl der Leads mit verwaltbaren Formularen<\/b>.<br>Die App von Elfsight Form Builder erm\u00f6glicht es Ihnen, benutzerfreundliche und praktische Formulare f\u00fcr Ihre Zielgruppe zu erstellen. Sie erm\u00f6glichen eine effiziente und ausgewogene Kommunikation und halten die Kunden w\u00e4hrend des gesamten Ausf\u00fcllprozesses besch\u00e4ftigt, um ihn erfolgreich abzuschlie\u00dfen.<\/li>\n<li><b>Spare Zeit und Geld mit einem vielseitigen Tool<\/b>.<br>Sie m\u00fcssen keine vielen verschiedenen Apps kaufen, um alle Ihre Bed\u00fcrfnisse im Bereich der Feedback-Formulare f\u00fcr Ihre Website abzudecken. Unser Formular-Builder hilft Ihnen, ein geeignetes Formular zu erstellen, um Feedback aller Art zu sammeln, dank seiner vielf\u00e4ltigen Segmente und des responsiven Designs.<\/li>\n<\/ul>\n<\/div>\n<div class=\"application-platform-content-item-features application-platform-content-item\" id=\"features\" data-nav-section=\"features\">\n<h2>Funktionen des Formular-Builder-Plugins<\/h2>\n<p>Dies sind die Gr\u00fcnde, warum unser Formular-Builder zu den besten Plugins f\u00fcr Feedback auf BigCommerce geh\u00f6rt<\/p>\n<ul>\n<li>Jedes Formularelement hat ein bearbeitbares Label, das \u00fcber dem Feld angezeigt wird;<\/li>\n<li>Bearbeitbarer Text des Absende-Buttons;<\/li>\n<li>Bearbeitbare Texte der Dankesch\u00f6n-Nachricht und des Buttons f\u00fcr das erneute Ausf\u00fcllen des Formulars;<\/li>\n<li>Optionale Funktion, den Fortschritt des Ausf\u00fcllens zu speichern;<\/li>\n<li>5 vordefinierte Stile f\u00fcr Formularfelder.<\/li>\n<\/ul>\n<p><a href=\"#demo\">Erforschen Sie die Hauptfunktionen in unserem Konfigurator<\/a><\/p>\n<\/div>\n<div class=\"application-platform-content-item-installation application-platform-content-item\" id=\"installation\" data-nav-section=\"installation\">\n<h2>Wie f\u00fcge ich die Form Builder-App zu meiner BigCommerce-Website hinzu?<\/h2>\n<div class=\"video-container\"><iframe width=\"720\" height=\"405\" src=\"https:\/\/www.youtube.com\/embed\/EQLmaJzVRk0\" frameborder=\"0\" allowfullscreen=\"\"><\/iframe><\/div>\n<p>Folgen Sie einfach den untenstehenden Schritten, um die App auf BigCommerce einzubinden.<\/p>\n<ol>\n<li><b>Nutzen Sie unsere kostenlose Demo und beginnen Sie mit der Erstellung Ihres benutzerdefinierten Widgets.<\/b><br>W\u00e4hlen Sie das gew\u00fcnschte Design und die Parameter der App aus und nehmen Sie die \u00c4nderungen vor.<\/li>\n<li><b>Kopieren Sie Ihren individuellen Code, der im speziellen Formular auf Elfsight Apps angezeigt wird.<\/b><br>Sobald die Anpassung Ihres pers\u00f6nlichen Widgets abgeschlossen ist, kopieren Sie den exklusiven Code aus dem Pop-up und speichern ihn f\u00fcr zuk\u00fcnftige Zwecke.<\/li>\n<li><b>Verwenden Sie die Form Builder-App auf Ihrer BigCommerce-Website.<\/b><br>Integrieren Sie den zuvor gespeicherten Code in Ihre Website und speichern Sie die \u00c4nderungen.<\/li>\n<li><b>Fertig! Die Integration wurde erfolgreich abgeschlossen.<\/b><br>Gehen Sie auf Ihre Website, um zu sehen, wie das Tool funktioniert.<\/li>\n<\/ol>\n<p>Erfahren Sie Schwierigkeiten beim Folgen der Anleitung oder beim Erstellen Ihrer App? Sie m\u00fcssen die vollst\u00e4ndige Anleitung \u201e<a href=\"https:\/\/elfsight.com\/tutorials\/how-to-add-form-builder-app-to-bigcommerce\/\">Wie man Formulare auf BigCommerce anzeigt<\/a>\u201c studieren und versuchen, es erneut selbst einzuf\u00fcgen oder Ihre Anfrage im Elfsight-Hilfecenter mit einer detaillierten Erkl\u00e4rung Ihres Problems zu hinterlassen, und unser Team wird Ihnen gerne weiterhelfen.<\/p>\n<div class=\"faq\" data-component=\"FAQ\">\n<div class=\"faq-item\">\r\n\t\t\t\t\t<div class=\"faq-item-question\">\r\n\t\t\t\t\t\t<h3 class=\"faq-item-question-text\">Wie f\u00fcge ich den Form Builder ohne Programmierkenntnisse zu meiner BigCommerce-Website hinzu?<\/h3>\r\n\r\n\t\t\t\t\t\t<div class=\"faq-item-question-icon\"><\/div>\r\n\t\t\t\t\t<\/div>\r\n\r\n\t\t\t\t\t<div class=\"faq-item-answer\">\r\n\t\t\t\t\t\t<div class=\"faq-item-answer-text\"> \n<p>Elfsight bietet eine SaaS-L\u00f6sung, mit der Sie ein Form Builder-Widget selbst erstellen k\u00f6nnen. Sehen Sie, wie einfach der Prozess ist: Arbeiten Sie direkt im Online-Editor, um ein Form Builder-Widget zu erstellen, das Sie auf Ihrer BigCommerce-Website sehen m\u00f6chten. W\u00e4hlen Sie eine der vorgefertigten Vorlagen aus und passen Sie die Form Builder-Einstellungen an, f\u00fcgen Sie Ihren Inhalt hinzu, \u00e4ndern Sie das Layout und das Farbschema, ohne Programmierkenntnisse zu ben\u00f6tigen. Speichern Sie den Form Builder und kopieren Sie den Installationscode, den Sie einfach auf Ihrer BigCommerce-Website einf\u00fcgen k\u00f6nnen, ohne einen kostenpflichtigen Plan zu kaufen. Mit unserem intuitiven Editor kann jeder Internetnutzer ein Form Builder-Widget online erstellen und es einfach in seine BigCommerce-Website einf\u00fcgen. Es ist nicht erforderlich, zu bezahlen oder Ihre Kartendaten einzugeben, um auf den Service zuzugreifen. Wenn Sie bei einem Schritt auf Probleme sto\u00dfen, k\u00f6nnen Sie sich gerne an unser Support-Team wenden.<\/p>\n<\/div>\r\n\t\t\t\t\t<\/div>\r\n\t\t\t\t<\/div>\n<div class=\"faq-item\">\r\n\t\t\t\t\t<div class=\"faq-item-question\">\r\n\t\t\t\t\t\t<h3 class=\"faq-item-question-text\">Gibt es benutzerdefinierte Form Builder-Vorlagen f\u00fcr die BigCommerce-Website?<\/h3>\r\n\r\n\t\t\t\t\t\t<div class=\"faq-item-question-icon\"><\/div>\r\n\t\t\t\t\t<\/div>\r\n\r\n\t\t\t\t\t<div class=\"faq-item-answer\">\r\n\t\t\t\t\t\t<div class=\"faq-item-answer-text\">\n<p>Ja, absolut! Es gibt \u00fcber 300 gebrauchsfertige Vorlagen f\u00fcr alle F\u00e4lle, wie <a href=\"https:\/\/elfsight.com\/online-form-builder\/templates\/application-forms\/\">Bewerbungsformulare<\/a>, <a href=\"https:\/\/elfsight.com\/online-form-builder\/templates\/booking-forms\/\">Buchungsformulare<\/a>, <a href=\"https:\/\/elfsight.com\/online-form-builder\/templates\/order-forms\/\">Bestellformulare<\/a>, <a href=\"https:\/\/elfsight.com\/online-form-builder\/templates\/product-forms\/\">Produktformulare<\/a>, <a href=\"https:\/\/elfsight.com\/online-form-builder\/templates\/questionnaires\/\">Frageb\u00f6gen<\/a>, <a href=\"https:\/\/elfsight.com\/online-form-builder\/templates\/quizzes\/\">Quizze<\/a>, <a href=\"https:\/\/elfsight.com\/online-form-builder\/templates\/surveys\/\">Umfragen<\/a>, <a href=\"https:\/\/elfsight.com\/online-form-builder\/templates\/file-upload-forms\/\">Dateiupload-Formulare<\/a> und viele mehr. Testen Sie gerne die <a href=\"https:\/\/elfsight.com\/online-form-builder\/templates\/\">Form Builder-Vorlagen<\/a> und teilen Sie uns Ihre Meinung mit.<\/p>\n<\/div>\r\n\t\t\t\t\t<\/div>\r\n\t\t\t\t<\/div> \n<div class=\"faq-item\">\r\n\t\t\t\t\t<div class=\"faq-item-question\">\r\n\t\t\t\t\t\t<h3 class=\"faq-item-question-text\">Kann ich mehrere Spalten im BigCommerce Formular-Generator hinzuf\u00fcgen?<\/h3>\r\n\r\n\t\t\t\t\t\t<div class=\"faq-item-question-icon\"><\/div>\r\n\t\t\t\t\t<\/div>\r\n\r\n\t\t\t\t\t<div class=\"faq-item-answer\">\r\n\t\t\t\t\t\t<div class=\"faq-item-answer-text\">\n\n<p>Nat\u00fcrlich. Der Online-Formular-Builder bietet flexible Spalteneinstellungen f\u00fcr Ihre Layout-Anpassungen. Hier ist eine Anleitung, die Ihnen hilft:<\/p>\n<ol>\n<li>W\u00e4hlen Sie ein Feld im Widget-Konfigurator aus.<\/li>\n<li>Klicken Sie auf \u201eBearbeiten\u201c.<\/li>\n<li>Passen Sie die Breite der Spalte mit den bereitgestellten Auswahlm\u00f6glichkeiten an: Voll, Halb, Ein Drittel und Benutzerdefiniert.<\/li>\n<\/ol>\n<p>Je nachdem, wie viele Spalten Sie anzeigen m\u00f6chten, k\u00f6nnen Sie die Standardkonfiguration w\u00e4hlen oder die Ma\u00dfe manuell berechnen, um die am besten geeignete Spaltenanordnung zu erzielen.<\/p> \n\n<\/div>\r\n\t\t\t\t\t<\/div>\r\n\t\t\t\t<\/div>\n\n<div class=\"faq-item\">\r\n\t\t\t\t\t<div class=\"faq-item-question\">\r\n\t\t\t\t\t\t<h3 class=\"faq-item-question-text\">Kann ich den Form Creator kostenlos auf meiner BigCommerce-Website verwenden?<\/h3>\r\n\r\n\t\t\t\t\t\t<div class=\"faq-item-question-icon\"><\/div>\r\n\t\t\t\t\t<\/div>\r\n\r\n\t\t\t\t\t<div class=\"faq-item-answer\">\r\n\t\t\t\t\t\t<div class=\"faq-item-answer-text\">\n\n<p>Nat\u00fcrlich. Zus\u00e4tzlich zu unseren kostenpflichtigen Paketen bieten wir eine kostenlose Option an. Diese kommt ohne Einschr\u00e4nkungen in der Anpassung und Funktionalit\u00e4t. So k\u00f6nnen Sie sofort mit dem kostenlosen Form Builder-Plugin beginnen!<\/p>\n\n<\/div>\r\n\t\t\t\t\t<\/div>\r\n\t\t\t\t<\/div>\n<\/div>\n<\/div>\n\n","protected":false},"excerpt":{"rendered":"","protected":false},"author":9,"featured_media":0,"parent":829,"menu_order":0,"comment_status":"closed","ping_status":"closed","template":"templates\/template-application-platform.php","meta":{"publish_to_discourse":"","publish_post_category":"","wpdc_auto_publish_overridden":"","wpdc_topic_tags":"","wpdc_pin_topic":"","wpdc_pin_until":"","discourse_post_id":"","discourse_permalink":"","wpdc_publishing_response":"","wpdc_publishing_error":"","footnotes":""},"class_list":["post-20478","page","type-page","status-publish","hentry"],"yoast_head":"<!-- This site is optimized with the Yoast SEO plugin v25.3.1 - https:\/\/yoast.com\/wordpress\/plugins\/seo\/ -->\n<title>Erstellen und f\u00fcgen Sie kostenlos ein benutzerdefiniertes Formular bei BigCommerce hinzu!<\/title>\n<meta name=\"description\" content=\"Erstellen Sie Ihre Form Builder-App f\u00fcr die BigCommerce-Installation auf Ihrer Website in nur 3 Minuten. Kostenlose Demo, Unterst\u00fctzung beim Hinzuf\u00fcgen und weitere Boni von Elfsight!\" \/>\n<meta name=\"robots\" content=\"index, follow, max-snippet:-1, max-image-preview:large, max-video-preview:-1\" \/>\n<link rel=\"canonical\" href=\"https:\/\/elfsight.com\/de\/online-form-builder\/bigcommerce\/\" \/>\n<meta property=\"og:locale\" content=\"de_DE\" \/>\n<meta property=\"og:type\" content=\"article\" \/>\n<meta property=\"og:title\" content=\"Erstellen und f\u00fcgen Sie kostenlos ein benutzerdefiniertes Formular bei BigCommerce hinzu!\" \/>\n<meta property=\"og:description\" content=\"Erstellen Sie Ihre Form Builder-App f\u00fcr die BigCommerce-Installation auf Ihrer Website in nur 3 Minuten. Kostenlose Demo, Unterst\u00fctzung beim Hinzuf\u00fcgen und weitere Boni von Elfsight!\" \/>\n<meta property=\"og:url\" content=\"https:\/\/elfsight.com\/de\/online-form-builder\/bigcommerce\/\" \/>\n<meta property=\"og:site_name\" content=\"Elfsight DE\" \/>\n<meta property=\"article:modified_time\" content=\"2025-01-13T06:22:21+00:00\" \/>\n<meta name=\"twitter:card\" content=\"summary_large_image\" \/>\n<meta name=\"twitter:label1\" content=\"Gesch\u00e4tzte Lesezeit\" \/>\n\t<meta name=\"twitter:data1\" content=\"5\u00a0Minuten\" \/>\n<!-- \/ Yoast SEO plugin. -->","yoast_head_json":{"title":"Erstellen und f\u00fcgen Sie kostenlos ein benutzerdefiniertes Formular bei BigCommerce hinzu!","description":"Erstellen Sie Ihre Form Builder-App f\u00fcr die BigCommerce-Installation auf Ihrer Website in nur 3 Minuten. Kostenlose Demo, Unterst\u00fctzung beim Hinzuf\u00fcgen und weitere Boni von Elfsight!","robots":{"index":"index","follow":"follow","max-snippet":"max-snippet:-1","max-image-preview":"max-image-preview:large","max-video-preview":"max-video-preview:-1"},"canonical":"https:\/\/elfsight.com\/de\/online-form-builder\/bigcommerce\/","og_locale":"de_DE","og_type":"article","og_title":"Erstellen und f\u00fcgen Sie kostenlos ein benutzerdefiniertes Formular bei BigCommerce hinzu!","og_description":"Erstellen Sie Ihre Form Builder-App f\u00fcr die BigCommerce-Installation auf Ihrer Website in nur 3 Minuten. Kostenlose Demo, Unterst\u00fctzung beim Hinzuf\u00fcgen und weitere Boni von Elfsight!","og_url":"https:\/\/elfsight.com\/de\/online-form-builder\/bigcommerce\/","og_site_name":"Elfsight DE","article_modified_time":"2025-01-13T06:22:21+00:00","twitter_card":"summary_large_image","twitter_misc":{"Gesch\u00e4tzte Lesezeit":"5\u00a0Minuten"},"schema":{"@context":"https:\/\/schema.org","@graph":[{"@type":"WebPage","@id":"https:\/\/elfsight.com\/de\/online-form-builder\/bigcommerce\/","url":"https:\/\/elfsight.com\/de\/online-form-builder\/bigcommerce\/","name":"Erstellen und f\u00fcgen Sie kostenlos ein benutzerdefiniertes Formular bei BigCommerce hinzu!","isPartOf":{"@id":"https:\/\/elfsight.com\/de\/#website"},"datePublished":"2024-05-03T06:38:01+00:00","dateModified":"2025-01-13T06:22:21+00:00","description":"Erstellen Sie Ihre Form Builder-App f\u00fcr die BigCommerce-Installation auf Ihrer Website in nur 3 Minuten. Kostenlose Demo, Unterst\u00fctzung beim Hinzuf\u00fcgen und weitere Boni von Elfsight!","breadcrumb":{"@id":"https:\/\/elfsight.com\/de\/online-form-builder\/bigcommerce\/#breadcrumb"},"inLanguage":"de","potentialAction":[{"@type":"ReadAction","target":["https:\/\/elfsight.com\/de\/online-form-builder\/bigcommerce\/"]}]},{"@type":"BreadcrumbList","@id":"https:\/\/elfsight.com\/de\/online-form-builder\/bigcommerce\/#breadcrumb","itemListElement":[{"@type":"ListItem","position":1,"name":"Home","item":"https:\/\/elfsight.com\/de\/"},{"@type":"ListItem","position":2,"name":"Form Builder","item":"https:\/\/elfsight.com\/de\/online-form-builder\/"},{"@type":"ListItem","position":3,"name":"Form Builder &#8211; BigCommerce"}]},{"@type":"WebSite","@id":"https:\/\/elfsight.com\/de\/#website","url":"https:\/\/elfsight.com\/de\/","name":"Elfsight DE","description":"Just another Elfsight Sites site","potentialAction":[{"@type":"SearchAction","target":{"@type":"EntryPoint","urlTemplate":"https:\/\/elfsight.com\/de\/?s={search_term_string}"},"query-input":{"@type":"PropertyValueSpecification","valueRequired":true,"valueName":"search_term_string"}}],"inLanguage":"de"}]}},"meta_box":{"industry":"","seo_heading":"","heading":"","description":"","cta_heading":"","cta_description":"","application":"469","h1":"Form Builder-App f\u00fcr BigCommerce","h1_caption":"Erstellen Sie anpassbare Formulare f\u00fcr jeden Zweck \u2013 Feedback, Umfragen, Kontaktformulare \u2013 ohne Programmierung, sodass Sie m\u00fchelos Informationen von Ihren Benutzern auf Ihrer BigCommerce-Website sammeln k\u00f6nnen.","application_category":[],"applications_title":"","applications_request_title":"","applications_request_button_text":"","hero_text":"","hero_video":"","hero_video_schema_markup":"","selling_points_title":"","selling_points_caption":"","selling_points":[],"selling_points_cta_text":"","features_title":"","features":"","ed_cta_examples_text":"","ed_cta_examples_hidden":"","ed_cta_demo_text":"","ed_cta_demo_hidden":"","why_caption":"","why_editor_title":"","why_editor_text":"","why_team_title":"","why_team_text":"","why_service_title":"","why_service_text":"","template_catalog_visible":"0","template_catalog_title":"","template_catalog_text":"","template_catalog_categories_visible":"","demo_title":"Erstellen Sie Ihre Form Builder-App","demo_caption":"Konfigurieren Sie Ihren Form Builder und f\u00fcgen Sie ihn kostenlos zu Ihrer BigCommerce-Website hinzu!","default_faq_hidden":"","app_template_category":[],"platform":"268","template_public_id":"","codecanyon_url":"","codecanyon_item_id":"","codecanyon_price":"","pricing_caption":"","pricing_elfsight_apps_hide_column":"","pricing_elfsight_apps_url":"","pricing_codecanyon_price_caption":"","integration_category":[],"integration_request_title":"","integration_request_cta":"","integration_platform":"","integrations":[],"platform_category":[],"video_schema_markup":"","price":"ab 0 $ \/ Monat","trial":"","benefits":[{"text":"Kostenlose Installationsunterst\u00fctzung"},{"text":"Kompetenter Kundenservice"},{"text":"14-t\u00e4gige Geld-zur\u00fcck-Garantie"},{"text":"St\u00e4ndige Aktualisierung"}],"button_url":"#demo","button_target_blank":"0","button_nofollow":"0","attributes":[{"name":"Installiert","content":"100,000 - 500,000"},{"name":"Reaktionsfreudig","content":"Ja"},{"name":"Kompatible Browser","content":"Firefox, Safari, Opera, Chrome, Edge"}],"tags":[],"tags_disable_links":"0","hide_more_platforms":"","video_object":"","demo_hide_cta":"0","demo_hide_cloud_options":"0","pricing_title":"","pricing":[{"pricing_icon":"platform","pricing_title":"Elfsight Apps","pricing_title_caption":"Plattform\u00fcbergreifende Version, die auf jeder Website funktioniert","pricing_price":"ab 0 $ \/ Monat","pricing_price_caption":"Beginnen Sie mit einem kostenlosen Plan","pricing_benefits":[{"text":"Unbegrenzte Websites"},{"text":"Kostenloser und p\u00fcnktlicher Support und gut dokumentiert"},{"text":"Kostenlose Installationsunterst\u00fctzung"},{"text":"100 % anpassbar"}],"pricing_button_text":"Zur Website hinzuf\u00fcgen","pricing_button_url":"#demo"}],"related_apps_title":"","related_apps_hidden":"0","author":"","image":[],"title":"","job":"","social_networks":[]},"_links":{"self":[{"href":"https:\/\/elfsight.com\/de\/wp-json\/wp\/v2\/pages\/20478","targetHints":{"allow":["GET"]}}],"collection":[{"href":"https:\/\/elfsight.com\/de\/wp-json\/wp\/v2\/pages"}],"about":[{"href":"https:\/\/elfsight.com\/de\/wp-json\/wp\/v2\/types\/page"}],"author":[{"embeddable":true,"href":"https:\/\/elfsight.com\/de\/wp-json\/wp\/v2\/users\/9"}],"replies":[{"embeddable":true,"href":"https:\/\/elfsight.com\/de\/wp-json\/wp\/v2\/comments?post=20478"}],"version-history":[{"count":3,"href":"https:\/\/elfsight.com\/de\/wp-json\/wp\/v2\/pages\/20478\/revisions"}],"predecessor-version":[{"id":23482,"href":"https:\/\/elfsight.com\/de\/wp-json\/wp\/v2\/pages\/20478\/revisions\/23482"}],"up":[{"embeddable":true,"href":"https:\/\/elfsight.com\/de\/wp-json\/wp\/v2\/pages\/829"}],"wp:attachment":[{"href":"https:\/\/elfsight.com\/de\/wp-json\/wp\/v2\/media?parent=20478"}],"curies":[{"name":"wp","href":"https:\/\/api.w.org\/{rel}","templated":true}]}}