{"id":20477,"date":"2024-05-03T06:38:00","date_gmt":"2024-05-03T06:38:00","guid":{"rendered":"https:\/\/elfsight.com\/de\/?page_id=20477"},"modified":"2025-01-13T07:42:44","modified_gmt":"2025-01-13T07:42:44","slug":"drupal","status":"publish","type":"page","link":"https:\/\/elfsight.com\/de\/online-form-builder\/drupal\/","title":{"rendered":"Form Builder &#8211; Drupal"},"content":{"rendered":"<div class=\"application-platform-content-item-description application-platform-content-item\" id=\"description\" data-nav-section=\"description\">\n<h2>Benutzerdefinierter Formular-Builder f\u00fcr Drupal<\/h2>\n<p>Mit dem Drupal-Formularmodul wird Form Builder von Elfsight zu einer universellen L\u00f6sung, um vielf\u00e4ltige Arten von Ausf\u00fcllformularen zu erstellen und diese auf einem anzuzeigen Website. Sammeln Sie Informationen von Ihren bestehenden und potenziellen Nutzern mit praktischen Umfragen, Feedback-Formularen, Bewertungsanfragen und anderen Varianten. Definieren Sie die Formulareinrichtung, erstellen Sie einzigartige Formulare, um Feedback von Ihren Kunden zu sammeln, und Drupal Build Form erm\u00f6glicht Ihnen die Anpassung Ihres Formulars an Ihre Anforderungen. Ganz gleich, welche Datenbeispiele Sie ben\u00f6tigen: Standpunkte, Bewertungen, Bestellungen und K\u00e4ufe \u2013 mit dem Elfsight-Formularmodul und dem Drupal-Build-Formular k\u00f6nnen Sie ein praktisches Ausf\u00fcllformular f\u00fcr diese Aufgabe erstellen. Dank eines anpassbaren Rahmens und einer Vielzahl verf\u00fcgbarer Segmente ist Ihr Formular f\u00fcr Ihre Kunden praktikabel und f\u00fcr Sie effizient.<\/p>\n<p><b>Sammeln Sie die Meinungen, Eindr\u00fccke, Gef\u00fchle und Einsch\u00e4tzungen Ihrer Kunden, um Ihr Formular zu verbessern Gesch\u00e4ft!<\/b><\/p>\n<ul>\n<li><b>Erstellen Sie attraktive Formulare, um mehr Feedback zu sammeln<\/b>.<br \/>Nutzen Sie jeden Parameter des Moduls von Elfsight, um effiziente Ausf\u00fcllformulare zu erstellen. W\u00e4hlen Sie Elemente aus und definieren Sie die Einrichtung, um Ihre Formulare strukturiert und einfach zu gestalten. Nutzen Sie Stilfunktionen, um ein bemerkenswertes Erscheinungsbild zu gestalten und mehr Feedback zu sammeln.<\/li>\n<li><b>Erh\u00f6hen Sie die Anzahl der Leads mit \u00fcberschaubaren Formularen<\/b>.<br \/>Lassen Sie das Publikum nicht unvollendet mit dem Ausf\u00fcllen aufh\u00f6ren. H\u00f6ren Sie auf, wertvolle Informationen zu verlieren. Gestalten Sie Formen mit praktischen Schritten und einem einfachen Grundger\u00fcst, die das Publikum bis zum Ende fesseln und die Anzahl der Leads steigern.<\/li>\n<li><b>Sparen Sie Zeit und Geld mit einem Mehrzweckwerkzeug<\/b>.&lt; Sie m\u00fcssen nicht viele verschiedene Tools kaufen, um alle Ihre Anforderungen bei der Gestaltung von Feedback-Formularen f\u00fcr Ihre Website abzudecken. Unser Form Builder erm\u00f6glicht dank seiner vielf\u00e4ltigen Elemente und seiner flexiblen Zusammensetzung die Erstellung eines \u00e4u\u00dferst n\u00fctzlichen Formulars zum Sammeln von Informationen aller Art.<\/li>\n<\/ul>\n<p><\/div><div class=\"application-platform-content-item-features application-platform-content-item\" id=\"features\" data-nav-section=\"features\"><\/p>\n<h2>Funktionen von Form Builder-Plugin<\/h2>\n<p>Warum ist unser Form Builder das beste Modul, um Kundenbewertungen und Reaktionen auf Drupal zu erhalten?<\/p>\n<ul>\n<li>Formularkopf mit Titel und Text anzeigen;<\/li>\n<li>Jedes Feld kann zum Ausf\u00fcllen mit einem Sternchen (*) als Pflichtfeld versehen werden, um dies anzuzeigen.<\/li>\n<li>W\u00e4hlen Sie das Szenario nach dem Absenden des Formulars: Dankesnachricht, Weiterleitung auf eine andere Seite oder Ausblenden des Formulars.<\/li>\n<li>10 eingebettete Symbole f\u00fcr Floating Button;<\/li>\n<li>Ein intelligenter Kolorierer findet die maximale Kontrastfarbe f\u00fcr Text und Benutzeroberfl\u00e4chenelemente abh\u00e4ngig von der von Ihnen gew\u00e4hlten Hauptfarbe.<\/li>\n<\/ul>\n<p><a href=\"#demo\">Sie k\u00f6nnen alle Vorteile \u00fcber den Live-Konstruktor erkunden<\/a><\/p>\n<p><\/div><div class=\"application-platform-content-item-installation application-platform-content-item\" id=\"installation\" data-nav-section=\"installation\"><\/p>\n<h2>So f\u00fcgen Sie das Form Builder-Modul hinzu Drupal-Website<\/h2>\n<p>Befolgen Sie einfach die unten aufgef\u00fchrten Schritte, um mit dem Tool auf Drupal zu arbeiten.<\/p>\n<ol>\n<li><b>\u00d6ffnen Sie unseren kostenlosen Konfigurator und beginnen Sie mit der Erstellung Ihres personalisierten Form Builder-Moduls. <\/b><br \/>Finden Sie das benutzerdefinierte Layout und die Funktionen des Widgets und \u00fcbernehmen Sie die \u00c4nderungen.<\/li>\n<li><b>Lassen Sie Ihren einzigartigen Code in der Box auf Elfsight Apps offenlegen. <\/b><br \/>Sobald die Generierung Ihres Moduls abgeschlossen ist, kopieren Sie den pers\u00f6nlichen Code in das angezeigte Feld und bewahren Sie ihn f\u00fcr sp\u00e4ter auf.<\/li>\n<li><b>Beginnen Sie mit der Verwendung des Tools Drupal-Website. <\/b><br \/>Implementieren Sie den k\u00fcrzlich kopierten Code in Ihrer Website und speichern Sie die Anpassungen.<\/li>\n<li><b>Fertig! Die Integration ist erfolgreich abgeschlossen. <\/b><br \/>Besuchen Sie Ihre Website, um die Leistung des Tools zu sehen.<\/li>\n<\/ol>\n<p>Ben\u00f6tigen Sie Rat bei der Einrichtung oder den Einstellungen des Moduls? Das Support-Team von Elfsight hilft Ihnen gerne weiter und integriert eine L\u00f6sung! Sie k\u00f6nnen auch versuchen, die Frage selbst zu beantworten, indem Sie unseren vollst\u00e4ndigen Plan verwenden um Formulare auf der Drupal-Site hinzuzuf\u00fcgen\u00bb.<\/p>\n<p><\/div><div class=\"faq\" data-component=\"FAQ\"> <div class=\"faq-item\">\r\n\t\t\t\t\t<div class=\"faq-item-question\">\r\n\t\t\t\t\t\t<h3 class=\"faq-item-question-text\">Sind Elfsight Forms sicher?<\/h3>\r\n\r\n\t\t\t\t\t\t<div class=\"faq-item-question-icon\"><\/div>\r\n\t\t\t\t\t<\/div>\r\n\r\n\t\t\t\t\t<div class=\"faq-item-answer\">\r\n\t\t\t\t\t\t<div class=\"faq-item-answer-text\"><\/p>\n<p>Unser Formular Builder ist in eines der effektivsten reCAPTCHA-Sicherheitstools integriert. Es wurde integriert, um Ihr Formular und Ihr Postfach vor Spam und Bots zu sch\u00fctzen und eine einfache Arbeit und nur gewinnbringende Daten bereitzustellen.<\/p>\n<p><\/div>\r\n\t\t\t\t\t<\/div>\r\n\t\t\t\t<\/div> <div class=\"faq-item\">\r\n\t\t\t\t\t<div class=\"faq-item-question\">\r\n\t\t\t\t\t\t<h3 class=\"faq-item-question-text\">Gibt es Vorlagen, die Conditional Logic Forms \/ Multiple unterst\u00fctzen? Feldformulare \/ E-Mails?<\/h3>\r\n\r\n\t\t\t\t\t\t<div class=\"faq-item-question-icon\"><\/div>\r\n\t\t\t\t\t<\/div>\r\n\r\n\t\t\t\t\t<div class=\"faq-item-answer\">\r\n\t\t\t\t\t\t<div class=\"faq-item-answer-text\"><\/p>\n<p>Auf jeden Fall! Sie m\u00fcssen sich lediglich bei Elfsight Apps anmelden, eine geeignete Vorlage ausw\u00e4hlen und dann mit der Erstellung Ihres personalisierten Tools beginnen.<\/p>\n<p><\/div>\r\n\t\t\t\t\t<\/div>\r\n\t\t\t\t<\/div> <div class=\"faq-item\">\r\n\t\t\t\t\t<div class=\"faq-item-question\">\r\n\t\t\t\t\t\t<h3 class=\"faq-item-question-text\">Wie baue ich einen Kontakt auf? oder Feedback-Formular f\u00fcr meine Drupal-Site?<\/h3>\r\n\r\n\t\t\t\t\t\t<div class=\"faq-item-question-icon\"><\/div>\r\n\t\t\t\t\t<\/div>\r\n\r\n\t\t\t\t\t<div class=\"faq-item-answer\">\r\n\t\t\t\t\t\t<div class=\"faq-item-answer-text\"><\/p>\n<p>Um ein Kontakt-\/Feedback-Formular zu erstellen, m\u00fcssen Sie sich auf der Elfsight Apps-Website anmelden und alle erforderlichen Anpassungen am Widget vornehmen. Speichern Sie anschlie\u00dfend Ihre Anpassungen und gehen Sie zu Ihrer Website. Fertig.<\/p>\n<p><\/div>\r\n\t\t\t\t\t<\/div>\r\n\t\t\t\t<\/div><div class=\"faq-item\">\r\n\t\t\t\t\t<div class=\"faq-item-question\">\r\n\t\t\t\t\t\t<h3 class=\"faq-item-question-text\">Haben Sie vorgefertigte Form Builder-Vorlagen f\u00fcr die Drupal-Website?<\/h3>\r\n\r\n\t\t\t\t\t\t<div class=\"faq-item-question-icon\"><\/div>\r\n\t\t\t\t\t<\/div>\r\n\r\n\t\t\t\t\t<div class=\"faq-item-answer\">\r\n\t\t\t\t\t\t<div class=\"faq-item-answer-text\"><\/p>\n<p>Ja. Unser Team hat hart daran gearbeitet, eine riesige Sammlung von \u00fcber 300 Vorlagen zu erstellen, wie zum Beispiel <a href=\"https:\/\/elfsight.com\/online-form-builder\/templates\/application-forms\/\">Bewerbungsformulare<\/a>, <a href=\"https:\/\/elfsight.com\/online-form-builder\/templates\/booking-forms\/\">Buchungsformulare<\/a>, <a href=\"https:\/\/elfsight.com\/online-form -builder\/templates\/order-forms\/\">Bestellformulare<\/a>, <a href=\"https:\/\/elfsight.com\/online-form-builder\/templates\/product-forms\/\">Produktformulare<\/a>, <a href=\"https:\/\/elfsight.com\/online-form-builder\/templates\/questionnaires\/\">Frageb\u00f6gen<\/a>, <a href=\"https:\/\/elfsight.com\/online-form- builder\/templates\/quizzes\/\">Quiz<\/a>, <a href=\"https:\/\/elfsight.com\/online-form-builder\/templates\/surveys\/\">Umfragen<\/a>, <a href=\"https:\/\/elfsight.com\/online-form-builder\/templates\/file-upload-forms\/\">Datei-Upload-Formulare<\/a> und viele andere. Mit den <a href=\"https:\/\/elfsight.com\/online-form-builder\/templates\/\">Form Builder-Vorlagen<\/a> wird es also nicht so schwierig sein, die richtige L\u00f6sung zu finden.<\/p>\n<p><\/div>\r\n\t\t\t\t\t<\/div>\r\n\t\t\t\t<\/div> <\/div><\/p>\n\n\n<p><\/p>\n","protected":false},"excerpt":{"rendered":"","protected":false},"author":9,"featured_media":0,"parent":829,"menu_order":0,"comment_status":"closed","ping_status":"closed","template":"templates\/template-application-platform.php","meta":{"publish_to_discourse":"","publish_post_category":"","wpdc_auto_publish_overridden":"","wpdc_topic_tags":"","wpdc_pin_topic":"","wpdc_pin_until":"","discourse_post_id":"","discourse_permalink":"","wpdc_publishing_response":"","wpdc_publishing_error":"","footnotes":""},"class_list":["post-20477","page","type-page","status-publish","hentry"],"yoast_head":"<!-- This site is optimized with the Yoast SEO plugin v25.3.1 - https:\/\/yoast.com\/wordpress\/plugins\/seo\/ -->\n<title>Erstellen und f\u00fcgen Sie kostenlos ein benutzerdefiniertes Formular auf Drupal hinzu!<\/title>\n<meta name=\"description\" content=\"Erstellen Sie in nur 60 Sekunden Ihren besten Form Builder f\u00fcr Drupal. Nutzen Sie die Schnelldemo, um das Formularmodul von Elfsight v\u00f6llig kostenlos einzurichten.\" \/>\n<meta name=\"robots\" content=\"index, follow, max-snippet:-1, max-image-preview:large, max-video-preview:-1\" \/>\n<link rel=\"canonical\" href=\"https:\/\/elfsight.com\/de\/online-form-builder\/drupal\/\" \/>\n<meta property=\"og:locale\" content=\"de_DE\" \/>\n<meta property=\"og:type\" content=\"article\" \/>\n<meta property=\"og:title\" content=\"Erstellen und f\u00fcgen Sie kostenlos ein benutzerdefiniertes Formular auf Drupal hinzu!\" \/>\n<meta property=\"og:description\" content=\"Erstellen Sie in nur 60 Sekunden Ihren besten Form Builder f\u00fcr Drupal. Nutzen Sie die Schnelldemo, um das Formularmodul von Elfsight v\u00f6llig kostenlos einzurichten.\" \/>\n<meta property=\"og:url\" content=\"https:\/\/elfsight.com\/de\/online-form-builder\/drupal\/\" \/>\n<meta property=\"og:site_name\" content=\"Elfsight DE\" \/>\n<meta property=\"article:modified_time\" content=\"2025-01-13T07:42:44+00:00\" \/>\n<meta name=\"twitter:card\" content=\"summary_large_image\" \/>\n<meta name=\"twitter:label1\" content=\"Gesch\u00e4tzte Lesezeit\" \/>\n\t<meta name=\"twitter:data1\" content=\"4\u00a0Minuten\" \/>\n<!-- \/ Yoast SEO plugin. -->","yoast_head_json":{"title":"Erstellen und f\u00fcgen Sie kostenlos ein benutzerdefiniertes Formular auf Drupal hinzu!","description":"Erstellen Sie in nur 60 Sekunden Ihren besten Form Builder f\u00fcr Drupal. Nutzen Sie die Schnelldemo, um das Formularmodul von Elfsight v\u00f6llig kostenlos einzurichten.","robots":{"index":"index","follow":"follow","max-snippet":"max-snippet:-1","max-image-preview":"max-image-preview:large","max-video-preview":"max-video-preview:-1"},"canonical":"https:\/\/elfsight.com\/de\/online-form-builder\/drupal\/","og_locale":"de_DE","og_type":"article","og_title":"Erstellen und f\u00fcgen Sie kostenlos ein benutzerdefiniertes Formular auf Drupal hinzu!","og_description":"Erstellen Sie in nur 60 Sekunden Ihren besten Form Builder f\u00fcr Drupal. Nutzen Sie die Schnelldemo, um das Formularmodul von Elfsight v\u00f6llig kostenlos einzurichten.","og_url":"https:\/\/elfsight.com\/de\/online-form-builder\/drupal\/","og_site_name":"Elfsight DE","article_modified_time":"2025-01-13T07:42:44+00:00","twitter_card":"summary_large_image","twitter_misc":{"Gesch\u00e4tzte Lesezeit":"4\u00a0Minuten"},"schema":{"@context":"https:\/\/schema.org","@graph":[{"@type":"WebPage","@id":"https:\/\/elfsight.com\/de\/online-form-builder\/drupal\/","url":"https:\/\/elfsight.com\/de\/online-form-builder\/drupal\/","name":"Erstellen und f\u00fcgen Sie kostenlos ein benutzerdefiniertes Formular auf Drupal hinzu!","isPartOf":{"@id":"https:\/\/elfsight.com\/de\/#website"},"datePublished":"2024-05-03T06:38:00+00:00","dateModified":"2025-01-13T07:42:44+00:00","description":"Erstellen Sie in nur 60 Sekunden Ihren besten Form Builder f\u00fcr Drupal. Nutzen Sie die Schnelldemo, um das Formularmodul von Elfsight v\u00f6llig kostenlos einzurichten.","breadcrumb":{"@id":"https:\/\/elfsight.com\/de\/online-form-builder\/drupal\/#breadcrumb"},"inLanguage":"de","potentialAction":[{"@type":"ReadAction","target":["https:\/\/elfsight.com\/de\/online-form-builder\/drupal\/"]}]},{"@type":"BreadcrumbList","@id":"https:\/\/elfsight.com\/de\/online-form-builder\/drupal\/#breadcrumb","itemListElement":[{"@type":"ListItem","position":1,"name":"Home","item":"https:\/\/elfsight.com\/de\/"},{"@type":"ListItem","position":2,"name":"Form Builder","item":"https:\/\/elfsight.com\/de\/online-form-builder\/"},{"@type":"ListItem","position":3,"name":"Form Builder &#8211; Drupal"}]},{"@type":"WebSite","@id":"https:\/\/elfsight.com\/de\/#website","url":"https:\/\/elfsight.com\/de\/","name":"Elfsight DE","description":"Just another Elfsight Sites site","potentialAction":[{"@type":"SearchAction","target":{"@type":"EntryPoint","urlTemplate":"https:\/\/elfsight.com\/de\/?s={search_term_string}"},"query-input":{"@type":"PropertyValueSpecification","valueRequired":true,"valueName":"search_term_string"}}],"inLanguage":"de"}]}},"meta_box":{"industry":"","seo_heading":"","heading":"","description":"","cta_heading":"","cta_description":"","application":"469","h1":"Online-Formular-Builder f\u00fcr Drupal","h1_caption":"Erstellen Sie anpassbare Formulare f\u00fcr jeden Zweck \u2013 Feedback, Umfragen, Kontaktformulare \u2013 ohne Programmierung, sodass Sie m\u00fchelos Informationen von Ihren Benutzern auf Ihrer Drupal-Website sammeln k\u00f6nnen.","application_category":[],"applications_title":"","applications_request_title":"","applications_request_button_text":"","hero_text":"","hero_video":"","hero_video_schema_markup":"","selling_points_title":"","selling_points_caption":"","selling_points":[],"selling_points_cta_text":"","features_title":"","features":"","ed_cta_examples_text":"","ed_cta_examples_hidden":"","ed_cta_demo_text":"","ed_cta_demo_hidden":"","why_caption":"","why_editor_title":"","why_editor_text":"","why_team_title":"","why_team_text":"","why_service_title":"","why_service_text":"","template_catalog_visible":"0","template_catalog_title":"","template_catalog_text":"","template_catalog_categories_visible":"","demo_title":"Erstellen Sie Ihr Form Builder-Modul","demo_caption":"Konfigurieren Sie Ihren Form Builder und f\u00fcgen Sie ihn kostenlos zu Ihrer Drupal-Website hinzu!","default_faq_hidden":"","app_template_category":[],"platform":"261","template_public_id":"","codecanyon_url":"","codecanyon_item_id":"","codecanyon_price":"","pricing_caption":"","pricing_elfsight_apps_hide_column":"","pricing_elfsight_apps_url":"","pricing_codecanyon_price_caption":"","integration_category":[],"integration_request_title":"","integration_request_cta":"","integration_platform":"","integrations":[],"platform_category":[],"video_schema_markup":"","price":"ab 0 $ \/ Monat","trial":"","benefits":[{"text":"Kostenlose Installationsunterst\u00fctzung"},{"text":"Erfahrener Kundensupport"},{"text":"14-t\u00e4gige R\u00fcckerstattungsgarantie"},{"text":"St\u00e4ndige Aktualisierung"}],"button_url":"#demo","button_target_blank":"0","button_nofollow":"0","attributes":[{"name":"Installiert","content":"100,000 - 500,000"},{"name":"Reaktionsfreudig","content":"Ja"},{"name":"Kompatible Browser","content":"IE11, Firefox, Safari, Opera, Chrome, Edge"}],"tags":[],"tags_disable_links":"0","hide_more_platforms":"","video_object":"","demo_hide_cta":"0","demo_hide_cloud_options":"0","pricing_title":"","pricing":[{"pricing_icon":"platform","pricing_title":"Elfsight Apps","pricing_title_caption":"Multiplattform-Version, die f\u00fcr jede Site geeignet ist","pricing_price":"ab 0 $ \/ Monat","pricing_price_caption":"Beginnen Sie mit einem kostenlosen Plan","pricing_benefits":[{"text":"Unbegrenzte Websites"},{"text":"Kostenloser Support"},{"text":"Kostenlose Installationshilfe"},{"text":"Sonderpreis f\u00fcr mehrere Apps"}],"pricing_button_text":"Zur Website hinzuf\u00fcgen","pricing_button_url":"#demo"}],"related_apps_title":"","related_apps_hidden":"0","author":"","image":[],"title":"","job":"","social_networks":[]},"_links":{"self":[{"href":"https:\/\/elfsight.com\/de\/wp-json\/wp\/v2\/pages\/20477","targetHints":{"allow":["GET"]}}],"collection":[{"href":"https:\/\/elfsight.com\/de\/wp-json\/wp\/v2\/pages"}],"about":[{"href":"https:\/\/elfsight.com\/de\/wp-json\/wp\/v2\/types\/page"}],"author":[{"embeddable":true,"href":"https:\/\/elfsight.com\/de\/wp-json\/wp\/v2\/users\/9"}],"replies":[{"embeddable":true,"href":"https:\/\/elfsight.com\/de\/wp-json\/wp\/v2\/comments?post=20477"}],"version-history":[{"count":3,"href":"https:\/\/elfsight.com\/de\/wp-json\/wp\/v2\/pages\/20477\/revisions"}],"predecessor-version":[{"id":23485,"href":"https:\/\/elfsight.com\/de\/wp-json\/wp\/v2\/pages\/20477\/revisions\/23485"}],"up":[{"embeddable":true,"href":"https:\/\/elfsight.com\/de\/wp-json\/wp\/v2\/pages\/829"}],"wp:attachment":[{"href":"https:\/\/elfsight.com\/de\/wp-json\/wp\/v2\/media?parent=20477"}],"curies":[{"name":"wp","href":"https:\/\/api.w.org\/{rel}","templated":true}]}}