{"id":20472,"date":"2024-05-03T06:37:59","date_gmt":"2024-05-03T06:37:59","guid":{"rendered":"https:\/\/elfsight.com\/de\/?page_id=20472"},"modified":"2025-01-13T08:40:04","modified_gmt":"2025-01-13T08:40:04","slug":"html","status":"publish","type":"page","link":"https:\/\/elfsight.com\/de\/online-form-builder\/html\/","title":{"rendered":"Form Builder &#8211; HTML"},"content":{"rendered":"<div class=\"application-platform-content-item-description application-platform-content-item\" id=\"description\" data-nav-section=\"description\"><\/p>\n<h2>Benutzerdefinierter Formularersteller f\u00fcr HTML<\/h2>\n<p>Der einfache Elfsight Form Builder ist ein All-in-One-Tool zum Erstellen und Ver\u00f6ffentlichen verschiedener Ausf\u00fcllformulare auf Ihrer Webressource. Sammeln Sie Erkenntnisse von Ihrer aktuellen und zuk\u00fcnftigen Kundschaft \u00fcber einfach auszuf\u00fcllende Umfragen, Feedback-Formulare, Bewertungsanfragen, HTML-Vorlagen f\u00fcr Bewerbungsformulare, HTML-Vorlagen f\u00fcr Registrierungsformulare und noch mehr Arten von Formularen. Entwerfen Sie die Formularzusammensetzung mit dem kostenlosen HTML-Formulargenerator und dem kostenlosen HTML-Kontaktformular-Codegenerator und bieten Sie endlose M\u00f6glichkeiten, benutzerdefinierte Formulare zu gestalten, um Erkenntnisse von Ihren Benutzern zu erhalten. Ganz gleich, nach welchen Informationsvarianten Sie suchen: Gedanken, Bewertungen, Buchungen und Verk\u00e4ufe \u2013 der Online-HTML-Formular-Builder von Elfsight hilft Ihnen dabei, das am besten geeignete Ausf\u00fcllformular daf\u00fcr zu erstellen. Mit reaktionsschneller Zusammensetzung und zahlreichen vordefinierten Elementen wird Ihr Formular f\u00fcr Ihre Kunden praktisch und f\u00fcr Sie leistungsstark.<\/p>\n<p><b>Verarbeiten Sie Buchung und Kauf \u00fcber praktische Formulare f\u00fcr einen schnellen und einfachen Kauf!<\/b><\/p>\n<ul>\n<li><b>Erstellen Sie attraktive Formulare, um mehr Feedback zu sammeln<\/b>. Ihnen steht eine gro\u00dfe Auswahl an Formularsegmenten zur Verf\u00fcgung, mit denen Sie spannende und funktionale Formulare entwerfen k\u00f6nnen. Verschiedene Personalisierungsstile des Widgets durch Elfsight erm\u00f6glichen es, es attraktiv zu gestalten und mehr Benutzer zum Ausf\u00fcllen einzuladen.<\/li>\n<li><b>Erh\u00f6hen Sie die Anzahl der Leads mit \u00fcberschaubaren Formularen<\/b>. Lassen Sie die Kundschaft nicht abwandern Der F\u00fcllvorgang wird nicht abgeschlossen, so dass Ihnen wertvolle Erkenntnisse verloren gehen. Erstellen Sie Formulare mit einfach auszuf\u00fcllenden Phasen und einer praktischen Struktur, die Kunden bis zum Ende binden und die Anzahl der Leads erh\u00f6hen.<\/li>\n<li><b>Sparen Sie Zeit und Geld mit einem Mehrzweck-Tool<\/b>. Sie m\u00fcssen nicht viele verschiedene L\u00f6sungen kaufen, um alle Ihre Anforderungen bei der Erstellung von Feedback-Formularen f\u00fcr Ihre Website abzudecken. Unser Form Builder erm\u00f6glicht dank seiner vielf\u00e4ltigen Elemente und seiner reaktionsf\u00e4higen Struktur die Gestaltung eines ben\u00f6tigten Formulars, um Erkenntnisse aller Art zu erhalten.<\/li>\n<\/ul>\n<p><\/div>\n\n\n<div class=\"application-platform-content-item-features application-platform-content-item\" id=\"features\" data-nav-section=\"features\">\n<h2>Funktionen des Form Builder-Plugins<\/h2>\n<p>Was macht unseren Online Form Builder zum besten Plugin zum Sammeln von Kundenfeedback und Reaktionen auf HTML?<\/p>\n<ul>\n<li>Erstellen Sie eine Beschreibung f\u00fcr jedes Element, diese wird unter der Beschriftung angezeigt;<\/li>\n<li>Bearbeitbarer Text der Schaltfl\u00e4che \u201eSenden\u201c;<\/li>\n<li>Weisen Sie eine beliebige E-Mail-Adresse zu und die Ergebnisse des Ausf\u00fcllens des Formulars werden automatisch dorthin gesendet;<\/li>\n<li>3 gebrauchsfertige Layouts (Standard, Boxed, Floating);<\/li>\n<li>Malen Sie Ihr Formular mit einem Klick \u2013 die Hauptfarbe wird auf alle aktiven Elemente angewendet, die Schaltfl\u00e4che \u201eSenden\u201c, Fortschrittsbalken usw.<\/li>\n<\/ul>\n<p><a href=\"#demo\">Testen Sie alle Vorteile in der Live-Demo<\/a><\/div><!-- \/wp:shortcode --><div class=\"application-platform-content-item-installation application-platform-content-item\" id=\"installation\" data-nav-section=\"installation\"><\/p>\n<h2>So f\u00fcgen Sie einen benutzerdefinierten Form Builder zum HTML-Website-Code hinzu<\/h2>\n<div class=\"video-container\"><iframe src=\"https:\/\/www.youtube.com\/embed\/OWaK4YneeH0\" width=\"720\" height=\"405\" frameborder=\"0\" allowfullscreen=\"allowfullscreen\"><\/iframe><\/div>\n<p>Das Elfsight-Widget ist einfach zu installieren und wird es nicht erfordern Entwicklungskompetenz. F\u00fcr die Ausf\u00fchrung des Handbuchs ben\u00f6tigen Sie nur 1 Minute.<\/p>\n<ol>\n<li><b>Erstellen Sie Ihren ma\u00dfgeschneiderten Form Builder<\/b>. Generieren Sie mit unserer kostenlosen Demo ein Plugin mit dem erforderlichen Layout und den erforderlichen Optionen.<\/li>\n<li><b>Erhalten Sie den Code f\u00fcr die Plugin-Integration<\/b>. Rufen Sie nach der Widget-Erstellung den Code f\u00fcr das Formular-Plugin aus dem angezeigten Fenster in Elfsight Apps ab.<\/li>\n<li><b>F\u00fcgen Sie das Widget hinzu Die HTML-Website<\/b>. Starten Sie den Seitencode im HTML-Editor, integrieren Sie das Widget an der erforderlichen Stelle (Inhalt, Fu\u00dfzeile, Seitenleiste usw.) und \u00fcbernehmen Sie die \u00c4nderungen.<\/li>\n<li><b>Sie haben es vollst\u00e4ndig geschafft Die Installation<\/b>. \u00d6ffnen Sie die HTML-Website, um Ihr Formular zu \u00fcberpr\u00fcfen.<\/li>\n<\/ol>\n<p>Haben Sie Probleme mit der Anzeige oder Einstellung Ihres Widgets? Kontaktieren Sie unser Hilfecenter oder lesen Sie den ausf\u00fchrlichen Artikel \u201e<a href=\"https:\/\/elfsight.com\/tutorials\/how-to-add-form-builder-widget-to-html\/\">So f\u00fcgen Sie ein Formular hinzu.\u201c Builder auf HTML<\/a>\u201c.<\/div><!-- \/wp:shortcode --><!-- wp:shortcode --><div class=\"faq\" data-component=\"FAQ\"> <div class=\"faq-item\">\r\n\t\t\t\t\t<div class=\"faq-item-question\">\r\n\t\t\t\t\t\t<h3 class=\"faq-item-question-text\">Wie behalte ich HTML-Kundenformularinformationen auf meiner Homepage bei?<\/h3>\r\n\r\n\t\t\t\t\t\t<div class=\"faq-item-question-icon\"><\/div>\r\n\t\t\t\t\t<\/div>\r\n\r\n\t\t\t\t\t<div class=\"faq-item-answer\">\r\n\t\t\t\t\t\t<div class=\"faq-item-answer-text\">Unser Form Builder ist in einen der effektivsten reCAPTCHA-Sicherheitsdienste eingebettet. Es dient dazu, Ihr Formular und Ihr Postfach vor Spam zu sch\u00fctzen und eine reibungslose Arbeit und nur wichtige Daten zu gew\u00e4hrleisten.<\/div>\r\n\t\t\t\t\t<\/div>\r\n\t\t\t\t<\/div> <div class=\"faq-item\">\r\n\t\t\t\t\t<div class=\"faq-item-question\">\r\n\t\t\t\t\t\t<h3 class=\"faq-item-question-text\">Gibt es Vorlagen, die bedingte Logikformulare\/Mehrere Felder\/E-Mails unterst\u00fctzen?<\/h3>\r\n\r\n\t\t\t\t\t\t<div class=\"faq-item-question-icon\"><\/div>\r\n\t\t\t\t\t<\/div>\r\n\r\n\t\t\t\t\t<div class=\"faq-item-answer\">\r\n\t\t\t\t\t\t<div class=\"faq-item-answer-text\"> Nat\u00fcrlich! Sie m\u00fcssen sich lediglich bei den Elfsight-Apps anmelden, eine relevante Vorlage ausw\u00e4hlen und dann mit der Erstellung Ihres Tools fortfahren.<\/div>\r\n\t\t\t\t\t<\/div>\r\n\t\t\t\t<\/div> <div class=\"faq-item\">\r\n\t\t\t\t\t<div class=\"faq-item-question\">\r\n\t\t\t\t\t\t<h3 class=\"faq-item-question-text\">Wie erstelle ich ein Kontakt- oder Feedbackformular? f\u00fcr meine HTML-Site?<\/h3>\r\n\r\n\t\t\t\t\t\t<div class=\"faq-item-question-icon\"><\/div>\r\n\t\t\t\t\t<\/div>\r\n\r\n\t\t\t\t\t<div class=\"faq-item-answer\">\r\n\t\t\t\t\t\t<div class=\"faq-item-answer-text\">Um Ihr Kontakt- oder Feedback-Formular zu verfassen, m\u00fcssen Sie sich beim Elfsight Apps-Dienst anmelden und alle erforderlichen \u00c4nderungen am Plugin vornehmen. Wenn Sie fertig sind, speichern Sie die \u00c4nderungen und gehen Sie zu Ihrer Website. Sie sind fertig.<\/div>\r\n\t\t\t\t\t<\/div>\r\n\t\t\t\t<\/div><div class=\"faq-item\">\r\n\t\t\t\t\t<div class=\"faq-item-question\">\r\n\t\t\t\t\t\t<h3 class=\"faq-item-question-text\">Gibt es benutzerdefinierte Form Builder-Vorlagen f\u00fcr die HTML-Website?<\/h3>\r\n\r\n\t\t\t\t\t\t<div class=\"faq-item-question-icon\"><\/div>\r\n\t\t\t\t\t<\/div>\r\n\r\n\t\t\t\t\t<div class=\"faq-item-answer\">\r\n\t\t\t\t\t\t<div class=\"faq-item-answer-text\">Ja, absolut! Es gibt \u00fcber 300 gebrauchsfertige Vorlagen f\u00fcr jeden Fall, wie zum Beispiel <a href=\"https:\/\/elfsight.com\/online-form-builder\/templates\/application-forms\/\">Bewerbungsformulare<\/a>, <a href=\"https:\/\/elfsight.com\/online-form-builder\/templates\/booking-forms\/\">Buchungsformulare<\/a>, <a href=\"https:\/\/elfsight.com\/online-form- builder\/templates\/order-forms\/\">Bestellformulare<\/a>, <a href=\"https:\/\/elfsight.com\/online-form-builder\/templates\/product-forms\/\">Produktformulare<\/a> , <a href=\"https:\/\/elfsight.com\/online-form-builder\/templates\/questionnaires\/\">Frageb\u00f6gen<\/a>, <a href=\"https:\/\/elfsight.com\/online-form-builder \/templates\/quizzes\/\">Quiz<\/a>, <a href=\"https:\/\/elfsight.com\/online-form-builder\/templates\/surveys\/\">Umfragen<\/a>, <a href=\"https:\/\/elfsight.com\/online-form-builder\/templates\/file-upload-forms\/\">Datei-Upload-Formulare<\/a> und viele mehr. Testen Sie gerne <a href=\"https:\/\/elfsight.com\/online-form-builder\/templates\/\">Form Builder-Vorlagen<\/a> und teilen Sie uns Ihre Meinung mit.<\/div>\r\n\t\t\t\t\t<\/div>\r\n\t\t\t\t<\/div> <\/div><\/p>","protected":false},"excerpt":{"rendered":"","protected":false},"author":9,"featured_media":0,"parent":829,"menu_order":0,"comment_status":"closed","ping_status":"closed","template":"templates\/template-application-platform.php","meta":{"publish_to_discourse":"","publish_post_category":"","wpdc_auto_publish_overridden":"","wpdc_topic_tags":"","wpdc_pin_topic":"","wpdc_pin_until":"","discourse_post_id":"","discourse_permalink":"","wpdc_publishing_response":"","wpdc_publishing_error":"","footnotes":""},"class_list":["post-20472","page","type-page","status-publish","hentry"],"yoast_head":"<!-- This site is optimized with the Yoast SEO plugin v25.3.1 - https:\/\/yoast.com\/wordpress\/plugins\/seo\/ -->\n<title>Erstellen Sie kostenlos ein benutzerdefiniertes HTML-Formular und f\u00fcgen Sie es hinzu!<\/title>\n<meta name=\"description\" content=\"Erstellen Sie den besten Online-Formular-Builder f\u00fcr Ihren HTML-Website-Code, ohne \u00fcber Kenntnisse in der Entwicklung verf\u00fcgen zu m\u00fcssen. Probieren Sie die praktische Demo von Elfsight aus und konfigurieren Sie Ihr Formular-Widget.\" \/>\n<meta name=\"robots\" content=\"index, follow, max-snippet:-1, max-image-preview:large, max-video-preview:-1\" \/>\n<link rel=\"canonical\" href=\"https:\/\/elfsight.com\/de\/online-form-builder\/html\/\" \/>\n<meta property=\"og:locale\" content=\"de_DE\" \/>\n<meta property=\"og:type\" content=\"article\" \/>\n<meta property=\"og:title\" content=\"Erstellen Sie kostenlos ein benutzerdefiniertes HTML-Formular und f\u00fcgen Sie es hinzu!\" \/>\n<meta property=\"og:description\" content=\"Erstellen Sie den besten Online-Formular-Builder f\u00fcr Ihren HTML-Website-Code, ohne \u00fcber Kenntnisse in der Entwicklung verf\u00fcgen zu m\u00fcssen. Probieren Sie die praktische Demo von Elfsight aus und konfigurieren Sie Ihr Formular-Widget.\" \/>\n<meta property=\"og:url\" content=\"https:\/\/elfsight.com\/de\/online-form-builder\/html\/\" \/>\n<meta property=\"og:site_name\" content=\"Elfsight DE\" \/>\n<meta property=\"article:modified_time\" content=\"2025-01-13T08:40:04+00:00\" \/>\n<meta name=\"twitter:card\" content=\"summary_large_image\" \/>\n<meta name=\"twitter:label1\" content=\"Gesch\u00e4tzte Lesezeit\" \/>\n\t<meta name=\"twitter:data1\" content=\"4\u00a0Minuten\" \/>\n<!-- \/ Yoast SEO plugin. -->","yoast_head_json":{"title":"Erstellen Sie kostenlos ein benutzerdefiniertes HTML-Formular und f\u00fcgen Sie es hinzu!","description":"Erstellen Sie den besten Online-Formular-Builder f\u00fcr Ihren HTML-Website-Code, ohne \u00fcber Kenntnisse in der Entwicklung verf\u00fcgen zu m\u00fcssen. Probieren Sie die praktische Demo von Elfsight aus und konfigurieren Sie Ihr Formular-Widget.","robots":{"index":"index","follow":"follow","max-snippet":"max-snippet:-1","max-image-preview":"max-image-preview:large","max-video-preview":"max-video-preview:-1"},"canonical":"https:\/\/elfsight.com\/de\/online-form-builder\/html\/","og_locale":"de_DE","og_type":"article","og_title":"Erstellen Sie kostenlos ein benutzerdefiniertes HTML-Formular und f\u00fcgen Sie es hinzu!","og_description":"Erstellen Sie den besten Online-Formular-Builder f\u00fcr Ihren HTML-Website-Code, ohne \u00fcber Kenntnisse in der Entwicklung verf\u00fcgen zu m\u00fcssen. Probieren Sie die praktische Demo von Elfsight aus und konfigurieren Sie Ihr Formular-Widget.","og_url":"https:\/\/elfsight.com\/de\/online-form-builder\/html\/","og_site_name":"Elfsight DE","article_modified_time":"2025-01-13T08:40:04+00:00","twitter_card":"summary_large_image","twitter_misc":{"Gesch\u00e4tzte Lesezeit":"4\u00a0Minuten"},"schema":{"@context":"https:\/\/schema.org","@graph":[{"@type":"WebPage","@id":"https:\/\/elfsight.com\/de\/online-form-builder\/html\/","url":"https:\/\/elfsight.com\/de\/online-form-builder\/html\/","name":"Erstellen Sie kostenlos ein benutzerdefiniertes HTML-Formular und f\u00fcgen Sie es hinzu!","isPartOf":{"@id":"https:\/\/elfsight.com\/de\/#website"},"datePublished":"2024-05-03T06:37:59+00:00","dateModified":"2025-01-13T08:40:04+00:00","description":"Erstellen Sie den besten Online-Formular-Builder f\u00fcr Ihren HTML-Website-Code, ohne \u00fcber Kenntnisse in der Entwicklung verf\u00fcgen zu m\u00fcssen. Probieren Sie die praktische Demo von Elfsight aus und konfigurieren Sie Ihr Formular-Widget.","breadcrumb":{"@id":"https:\/\/elfsight.com\/de\/online-form-builder\/html\/#breadcrumb"},"inLanguage":"de","potentialAction":[{"@type":"ReadAction","target":["https:\/\/elfsight.com\/de\/online-form-builder\/html\/"]}]},{"@type":"BreadcrumbList","@id":"https:\/\/elfsight.com\/de\/online-form-builder\/html\/#breadcrumb","itemListElement":[{"@type":"ListItem","position":1,"name":"Home","item":"https:\/\/elfsight.com\/de\/"},{"@type":"ListItem","position":2,"name":"Form Builder","item":"https:\/\/elfsight.com\/de\/online-form-builder\/"},{"@type":"ListItem","position":3,"name":"Form Builder &#8211; HTML"}]},{"@type":"WebSite","@id":"https:\/\/elfsight.com\/de\/#website","url":"https:\/\/elfsight.com\/de\/","name":"Elfsight DE","description":"Just another Elfsight Sites site","potentialAction":[{"@type":"SearchAction","target":{"@type":"EntryPoint","urlTemplate":"https:\/\/elfsight.com\/de\/?s={search_term_string}"},"query-input":{"@type":"PropertyValueSpecification","valueRequired":true,"valueName":"search_term_string"}}],"inLanguage":"de"}]}},"meta_box":{"industry":"","seo_heading":"","heading":"","description":"","cta_heading":"","cta_description":"","application":"469","h1":"Online-Formular-Builder f\u00fcr HTML","h1_caption":"Erstellen Sie anpassbare Formulare f\u00fcr jeden Zweck \u2013 Feedback, Umfragen, Kontaktformulare \u2013 ohne Codierung, sodass Sie m\u00fchelos Informationen von Ihren Benutzern in Ihre HTML-Website einbinden k\u00f6nnen.","application_category":[],"applications_title":"","applications_request_title":"","applications_request_button_text":"","hero_text":"","hero_video":"","hero_video_schema_markup":"","selling_points_title":"","selling_points_caption":"","selling_points":[],"selling_points_cta_text":"","features_title":"","features":"","ed_cta_examples_text":"","ed_cta_examples_hidden":"","ed_cta_demo_text":"","ed_cta_demo_hidden":"","why_caption":"","why_editor_title":"","why_editor_text":"","why_team_title":"","why_team_text":"","why_service_title":"","why_service_text":"","template_catalog_visible":"0","template_catalog_title":"","template_catalog_text":"","template_catalog_categories_visible":"","demo_title":"Erstellen Sie Ihr Form Builder-Widget","demo_caption":"Konfigurieren Sie Ihren Form Builder und f\u00fcgen Sie ihn kostenlos zu Ihrer HTML-Website hinzu!","default_faq_hidden":"","app_template_category":[],"platform":"260","template_public_id":"","codecanyon_url":"","codecanyon_item_id":"","codecanyon_price":"","pricing_caption":"","pricing_elfsight_apps_hide_column":"","pricing_elfsight_apps_url":"","pricing_codecanyon_price_caption":"","integration_category":[],"integration_request_title":"","integration_request_cta":"","integration_platform":"","integrations":[],"platform_category":[],"video_schema_markup":"","price":"ab 0 $ \/ Monat","trial":"","benefits":[{"text":"Kostenlose Installationsunterst\u00fctzung"},{"text":"Erfahrener Kundensupport"},{"text":"14-t\u00e4gige R\u00fcckerstattungsgarantie"},{"text":"Kontinuierliche Updates"}],"button_url":"#demo","button_target_blank":"0","button_nofollow":"0","attributes":[{"name":"Installiert","content":"100,000 - 500,000"},{"name":"Reaktionsfreudig","content":"Ja"},{"name":"Kompatible Browser","content":"Firefox, Safari, Opera, Chrome, Edge"}],"tags":[],"tags_disable_links":"0","hide_more_platforms":"","video_object":"","demo_hide_cta":"0","demo_hide_cloud_options":"0","pricing_title":"","pricing":[{"pricing_icon":"platform","pricing_title":"Elfsight Apps","pricing_title_caption":"Plattformunabh\u00e4ngige Software, die auf jeder Site funktioniert","pricing_price":"ab 0 $ \/ Monat","pricing_price_caption":"Beginnen Sie mit einem kostenlosen Plan","pricing_benefits":[{"text":"Unbegrenzte Websites"},{"text":"Erstklassiger und p\u00fcnktlicher Support und gut dokumentiert"},{"text":"Kostenloser Installationsservice"},{"text":"Sonderangebot f\u00fcr mehrere Apps"}],"pricing_button_text":"Zur Website hinzuf\u00fcgen","pricing_button_url":"#demo"}],"related_apps_title":"","related_apps_hidden":"0","author":"","image":[],"title":"","job":"","social_networks":[]},"_links":{"self":[{"href":"https:\/\/elfsight.com\/de\/wp-json\/wp\/v2\/pages\/20472","targetHints":{"allow":["GET"]}}],"collection":[{"href":"https:\/\/elfsight.com\/de\/wp-json\/wp\/v2\/pages"}],"about":[{"href":"https:\/\/elfsight.com\/de\/wp-json\/wp\/v2\/types\/page"}],"author":[{"embeddable":true,"href":"https:\/\/elfsight.com\/de\/wp-json\/wp\/v2\/users\/9"}],"replies":[{"embeddable":true,"href":"https:\/\/elfsight.com\/de\/wp-json\/wp\/v2\/comments?post=20472"}],"version-history":[{"count":6,"href":"https:\/\/elfsight.com\/de\/wp-json\/wp\/v2\/pages\/20472\/revisions"}],"predecessor-version":[{"id":23493,"href":"https:\/\/elfsight.com\/de\/wp-json\/wp\/v2\/pages\/20472\/revisions\/23493"}],"up":[{"embeddable":true,"href":"https:\/\/elfsight.com\/de\/wp-json\/wp\/v2\/pages\/829"}],"wp:attachment":[{"href":"https:\/\/elfsight.com\/de\/wp-json\/wp\/v2\/media?parent=20472"}],"curies":[{"name":"wp","href":"https:\/\/api.w.org\/{rel}","templated":true}]}}