{"id":20471,"date":"2024-05-03T06:37:58","date_gmt":"2024-05-03T06:37:58","guid":{"rendered":"https:\/\/elfsight.com\/de\/?page_id=20471"},"modified":"2024-11-08T09:18:54","modified_gmt":"2024-11-08T09:18:54","slug":"joomla","status":"publish","type":"page","link":"https:\/\/elfsight.com\/de\/online-form-builder\/joomla\/","title":{"rendered":"Form Builder &#8211; Joomla"},"content":{"rendered":"<div class=\"application-platform-content-item-description application-platform-content-item\" id=\"description\" data-nav-section=\"description\">\n<h2>Benutzerdefinierter Formular-Builder f\u00fcr Joomla<\/h2>\n<p>Die Form Builder-Erweiterung von Elfsight ist der beste kostenlose Joomla-Formular-Builder, ein einziges Instrument zum Erstellen und Hinzuf\u00fcgen aller m\u00f6glichen Varianten von Ausf\u00fcllformularen f\u00fcr jede Website. Erhalten Sie Daten von Ihren aktuellen und potenziellen Kunden mit praktischen Umfragen, Feedback-Formularen, Bewertungsanfragen und allen anderen Beispielen mit dem kostenlosen Joomla-Formular-Builder. Entwerfen Sie das Formularger\u00fcst mit dem besten kostenlosen Joomla-Formularersteller und definieren Sie benutzerdefinierte Formulare, um Prozessdaten von Benutzern abzurufen. Welche Art von Erkenntnissen Sie auch immer ben\u00f6tigen: Meinungen, Bewertungen, Reservierungen und K\u00e4ufe \u2013 unser Formular-Builder-Modul erm\u00f6glicht es Ihnen, mit dem kostenlosen Joomla-Formular-Builder ein passendes Ausf\u00fcllformular zu erstellen. Dank des flexiblen Grundger\u00fcsts und der vielf\u00e4ltigen verf\u00fcgbaren Komponenten wird Ihr Formular mit dem besten kostenlosen Joomla-Formularersteller f\u00fcr Ihr Publikum bequem und f\u00fcr Sie attraktiv.<\/p>\n<p><b>Empfangen Sie die Emotionen Ihrer Kunden, erhalten Sie Reservierungen und Anfragen Ihrer Website-Benutzer!<\/b><\/p>\n<ul>\n<li><b>Erstellen Sie attraktive Formulare, um mehr Feedback zu sammeln.<\/b> Probieren Sie alle Erweiterungsoptionen von Elfsight aus, um effektive Ausf\u00fcllformulare zu entwerfen. Legen Sie Segmente fest und definieren Sie die Struktur, um Ihre Formulare geordnet und praktisch zu gestalten. Nutzen Sie alle Stiloptionen, um eine auff\u00e4llige Oberfl\u00e4che zu erstellen und mehr Feedback zu erhalten.<\/li>\n<li><b>Erh\u00f6hen Sie die Anzahl der Leads mit \u00fcberschaubaren Formularen.<\/b> Unsere Erweiterung Form Builder hilft Ihnen beim Verfassen handlichster und einfachster Formulare f\u00fcr Ihre Kundschaft. Sie helfen Ihnen dabei, eine effiziente und ausgewogene Kommunikation zu organisieren und Ihre Kunden w\u00e4hrend der gesamten F\u00fcllzeit zu besch\u00e4ftigen, um sie erfolgreich abzuschlie\u00dfen.<\/li>\n<li><b>Sparen Sie Zeit und Geld mit einem Mehrzweckwerkzeug.<\/b> Dieses einheitliche Tool erm\u00f6glicht die Generierung von Formularen verschiedener Kategorien mit unterschiedlichen Segments\u00e4tzen und beliebiger Struktur. Dies wird Ihnen helfen, Formulare zu erstellen, um Kundeninformationen verschiedener Kategorien zu sammeln, ohne zus\u00e4tzliches Geld und Zeit aufzuwenden.<\/li>\n<\/ul>\n<\/div>\n\n<div class=\"application-platform-content-item-features application-platform-content-item\" id=\"features\" data-nav-section=\"features\">\n<h2>Funktionen des Form Builder-Plugins<\/h2>\n<p>Warum ist der einfache Form Builder von Elfsight die beste Erweiterung f\u00fcr die Sammlung von Kundenfeedback auf Joomla?<\/p>\n<ul>\n<li>Erstellen Sie klassische und Schritt-f\u00fcr-Schritt-Formulare, indem Sie Elemente in Gruppen vereinen.<\/li>\n<li>Jedes Feld kann zum Ausf\u00fcllen mit einem Sternchen (*) als Pflichtfeld markiert werden.<\/li>\n<li>Bearbeitbare Texte der Dankesnachricht und der Schaltfl\u00e4che zum wiederholten Ausf\u00fcllen des Formulars.<\/li>\n<li>Benutzerdefinierte Breite des Formulars f\u00fcr Standard- und Box-Layouts.<\/li>\n<li>5 vordefinierte Stile f\u00fcr Formularfelder.<\/li>\n<\/ul>\n<p><a href=\"#demo\">Alle Funktionen in unserem Editor<\/a><\/p>\n<\/div>\n\n<div class=\"application-platform-content-item-installation application-platform-content-item\" id=\"installation\" data-nav-section=\"installation\">\n<h2>So f\u00fcgen Sie das Form Builder-Modul zur Joomla-Website hinzu<\/h2>\n<p>Befolgen Sie einfach die folgenden Richtlinien, um das Tool in Joomla einzubetten.<\/p>\n<ol>\n<li><b>Nutzen Sie unseren kostenlosen Editor und beginnen Sie mit der Erstellung Ihres individuellen Form Builders.<\/b> Bestimmen Sie die bevorzugte Schnittstelle und Funktionalit\u00e4t der Erweiterung und wenden Sie die \u00c4nderungen an.<\/li>\n<li><b>Sie erhalten Ihren pers\u00f6nlichen Code, der im speziellen Formular auf Elfsight Apps angezeigt wird.<\/b> Sobald die Einrichtung Ihrer pers\u00f6nlichen Erweiterung abgeschlossen ist, kopieren Sie den pers\u00f6nlichen Code aus dem angezeigten Fenster und bewahren Sie ihn zur weiteren Verwendung auf.<\/li>\n<li><b>Initiieren Sie die Anwendung des Plugins auf der Joomla-Website.<\/b> F\u00fcgen Sie den Code, den Sie k\u00fcrzlich kopiert haben, in Ihre Website ein und \u00fcbernehmen Sie die \u00c4nderungen.<\/li>\n<li><b>Die Installation ist vollst\u00e4ndig abgeschlossen.<\/b> Besuchen Sie Ihre Seite, um zu sehen, wie das Plugin funktioniert.<\/li>\n<\/ol>\n<p>Haben Sie Probleme bei der Verwendung des Leitfadens? Hinterlassen Sie eine Anfrage im Elfsight-Supportcenter oder analysieren Sie die detaillierte Variante des Tutorials \u00ab<a href=\"https:\/\/elfsight.com\/tutorials\/how-to-add-form-builder-extension-to-joomla\/\" target=\"_blank\" rel=\"noopener noreferrer\">Wie man Formulare zu einer Joomla-Website hinzuf\u00fcgt<\/a>\u00bb und nehmen Sie die Einstellung selbst vor.<\/p>\n<\/div>\n\n<div class=\"faq\" data-component=\"FAQ\">\n<div class=\"faq-item\">\r\n\t\t\t\t\t<div class=\"faq-item-question\">\r\n\t\t\t\t\t\t<h3 class=\"faq-item-question-text\">Sind Ihre Formulare sicher?<\/h3>\r\n\r\n\t\t\t\t\t\t<div class=\"faq-item-question-icon\"><\/div>\r\n\t\t\t\t\t<\/div>\r\n\r\n\t\t\t\t\t<div class=\"faq-item-answer\">\r\n\t\t\t\t\t\t<div class=\"faq-item-answer-text\">\n<p>Elfsight Form Builder ist in das \u00fcberzeugendste reCAPTCHA-Tool integriert. Es dient dazu, Ihre Formulare und Ihr Postfach vor Spam zu sch\u00fctzen und f\u00fcr eine einfache Arbeit und ausschlie\u00dflich gewinnbringende Daten zu sorgen.<\/p>\n<\/div>\r\n\t\t\t\t\t<\/div>\r\n\t\t\t\t<\/div>\n\n<div class=\"faq-item\">\r\n\t\t\t\t\t<div class=\"faq-item-question\">\r\n\t\t\t\t\t\t<h3 class=\"faq-item-question-text\">Gibt es Vorlagen, die bedingte Logikformulare\/Formulare mit mehreren Feldern\/E-Mail-Formulare unterst\u00fctzen?<\/h3>\r\n\r\n\t\t\t\t\t\t<div class=\"faq-item-question-icon\"><\/div>\r\n\t\t\t\t\t<\/div>\r\n\r\n\t\t\t\t\t<div class=\"faq-item-answer\">\r\n\t\t\t\t\t\t<div class=\"faq-item-answer-text\">\n<p>Sicherlich! Sie m\u00fcssen sich lediglich beim Elfsight Apps-Dienst anmelden, eine geeignete Vorlage ausw\u00e4hlen und dann mit der Erstellung Ihres personalisierten Tools fortfahren.<\/p>\n<\/div>\r\n\t\t\t\t\t<\/div>\r\n\t\t\t\t<\/div>\n\n<div class=\"faq-item\">\r\n\t\t\t\t\t<div class=\"faq-item-question\">\r\n\t\t\t\t\t\t<h3 class=\"faq-item-question-text\">Wie kann ich ein Kontakt- oder Feedback-Formular f\u00fcr meine Joomla-Website erstellen?<\/h3>\r\n\r\n\t\t\t\t\t\t<div class=\"faq-item-question-icon\"><\/div>\r\n\t\t\t\t\t<\/div>\r\n\r\n\t\t\t\t\t<div class=\"faq-item-answer\">\r\n\t\t\t\t\t\t<div class=\"faq-item-answer-text\">\n<p>Um ein Kontakt-\/Feedback-Formular zu entwerfen, m\u00fcssen Sie sich auf der Elfsight Apps-Website anmelden und alle wesentlichen \u00c4nderungen am Widget vornehmen. Speichern Sie nach der Bearbeitung Ihre \u00c4nderungen und fahren Sie mit Ihrer Website fort. So einfach ist das.<\/p>\n<\/div>\r\n\t\t\t\t\t<\/div>\r\n\t\t\t\t<\/div>\n\n<div class=\"faq-item\">\r\n\t\t\t\t\t<div class=\"faq-item-question\">\r\n\t\t\t\t\t\t<h3 class=\"faq-item-question-text\">Haben Sie vorgefertigte Form Builder-Vorlagen f\u00fcr die Joomla-Website?<\/h3>\r\n\r\n\t\t\t\t\t\t<div class=\"faq-item-question-icon\"><\/div>\r\n\t\t\t\t\t<\/div>\r\n\r\n\t\t\t\t\t<div class=\"faq-item-answer\">\r\n\t\t\t\t\t\t<div class=\"faq-item-answer-text\">\n<p>Ja. Unser Team hat hart daran gearbeitet, eine riesige Sammlung von \u00fcber 300 Vorlagen zu erstellen, wie zum Beispiel <a href=\"https:\/\/elfsight.com\/online-form-builder\/templates\/application-forms\/\" target=\"_blank\" rel=\"noopener noreferrer\">Bewerbungsformulare<\/a>, <a href=\"https:\/\/elfsight.com\/online-form-builder\/templates\/booking-forms\/\" target=\"_blank\" rel=\"noopener noreferrer\">Buchungsformulare<\/a>, <a href=\"https:\/\/elfsight.com\/online-form-builder\/templates\/order-forms\/\" target=\"_blank\" rel=\"noopener noreferrer\">Bestellformulare<\/a>, <a href=\"https:\/\/elfsight.com\/online-form-builder\/templates\/product-forms\/\" target=\"_blank\" rel=\"noopener noreferrer\">Produktformulare<\/a>, <a href=\"https:\/\/elfsight.com\/online-form-builder\/templates\/questionnaires\/\" target=\"_blank\" rel=\"noopener noreferrer\">Frageb\u00f6gen<\/a>, <a href=\"https:\/\/elfsight.com\/online-form-builder\/templates\/quizzes\/\" target=\"_blank\" rel=\"noopener noreferrer\">Quiz<\/a>, <a href=\"https:\/\/elfsight.com\/online-form-builder\/templates\/surveys\/\" target=\"_blank\" rel=\"noopener noreferrer\">Umfragen<\/a>, <a href=\"https:\/\/elfsight.com\/online-form-builder\/templates\/file-upload-forms\/\" target=\"_blank\" rel=\"noopener noreferrer\">Datei-Upload-Formulare<\/a> und viele andere. Mit den <a href=\"https:\/\/elfsight.com\/online-form-builder\/templates\/\" target=\"_blank\" rel=\"noopener noreferrer\">Form Builder-Vorlagen<\/a> wird es also nicht so schwierig sein, die richtige L\u00f6sung zu finden.<\/p>\n<\/div>\r\n\t\t\t\t\t<\/div>\r\n\t\t\t\t<\/div>\n<\/div>\n","protected":false},"excerpt":{"rendered":"","protected":false},"author":9,"featured_media":0,"parent":829,"menu_order":0,"comment_status":"closed","ping_status":"closed","template":"templates\/template-application-platform.php","meta":{"publish_to_discourse":"","publish_post_category":"","wpdc_auto_publish_overridden":"","wpdc_topic_tags":"","wpdc_pin_topic":"","wpdc_pin_until":"","discourse_post_id":"","discourse_permalink":"","wpdc_publishing_response":"","wpdc_publishing_error":"","footnotes":""},"class_list":["post-20471","page","type-page","status-publish","hentry"],"yoast_head":"<!-- This site is optimized with the Yoast SEO plugin v25.3.1 - https:\/\/yoast.com\/wordpress\/plugins\/seo\/ -->\n<title>Erstellen Sie kostenlos ein benutzerdefiniertes Formular auf Joomla und f\u00fcgen Sie es hinzu!<\/title>\n<meta name=\"description\" content=\"Richten Sie den einfachen Form Builder in nur wenigen Minuten auf Ihrer Joomla-Site ein. Sofortige und einfache Erstellung eines beliebigen Website-Formulars. Formularerweiterung von Elfsight.\" \/>\n<meta name=\"robots\" content=\"index, follow, max-snippet:-1, max-image-preview:large, max-video-preview:-1\" \/>\n<link rel=\"canonical\" href=\"https:\/\/elfsight.com\/de\/online-form-builder\/joomla\/\" \/>\n<meta property=\"og:locale\" content=\"de_DE\" \/>\n<meta property=\"og:type\" content=\"article\" \/>\n<meta property=\"og:title\" content=\"Erstellen Sie kostenlos ein benutzerdefiniertes Formular auf Joomla und f\u00fcgen Sie es hinzu!\" \/>\n<meta property=\"og:description\" content=\"Richten Sie den einfachen Form Builder in nur wenigen Minuten auf Ihrer Joomla-Site ein. Sofortige und einfache Erstellung eines beliebigen Website-Formulars. Formularerweiterung von Elfsight.\" \/>\n<meta property=\"og:url\" content=\"https:\/\/elfsight.com\/de\/online-form-builder\/joomla\/\" \/>\n<meta property=\"og:site_name\" content=\"Elfsight DE\" \/>\n<meta property=\"article:modified_time\" content=\"2024-11-08T09:18:54+00:00\" \/>\n<meta name=\"twitter:card\" content=\"summary_large_image\" \/>\n<meta name=\"twitter:label1\" content=\"Gesch\u00e4tzte Lesezeit\" \/>\n\t<meta name=\"twitter:data1\" content=\"5\u00a0Minuten\" \/>\n<!-- \/ Yoast SEO plugin. -->","yoast_head_json":{"title":"Erstellen Sie kostenlos ein benutzerdefiniertes Formular auf Joomla und f\u00fcgen Sie es hinzu!","description":"Richten Sie den einfachen Form Builder in nur wenigen Minuten auf Ihrer Joomla-Site ein. Sofortige und einfache Erstellung eines beliebigen Website-Formulars. Formularerweiterung von Elfsight.","robots":{"index":"index","follow":"follow","max-snippet":"max-snippet:-1","max-image-preview":"max-image-preview:large","max-video-preview":"max-video-preview:-1"},"canonical":"https:\/\/elfsight.com\/de\/online-form-builder\/joomla\/","og_locale":"de_DE","og_type":"article","og_title":"Erstellen Sie kostenlos ein benutzerdefiniertes Formular auf Joomla und f\u00fcgen Sie es hinzu!","og_description":"Richten Sie den einfachen Form Builder in nur wenigen Minuten auf Ihrer Joomla-Site ein. Sofortige und einfache Erstellung eines beliebigen Website-Formulars. Formularerweiterung von Elfsight.","og_url":"https:\/\/elfsight.com\/de\/online-form-builder\/joomla\/","og_site_name":"Elfsight DE","article_modified_time":"2024-11-08T09:18:54+00:00","twitter_card":"summary_large_image","twitter_misc":{"Gesch\u00e4tzte Lesezeit":"5\u00a0Minuten"},"schema":{"@context":"https:\/\/schema.org","@graph":[{"@type":"WebPage","@id":"https:\/\/elfsight.com\/de\/online-form-builder\/joomla\/","url":"https:\/\/elfsight.com\/de\/online-form-builder\/joomla\/","name":"Erstellen Sie kostenlos ein benutzerdefiniertes Formular auf Joomla und f\u00fcgen Sie es hinzu!","isPartOf":{"@id":"https:\/\/elfsight.com\/de\/#website"},"datePublished":"2024-05-03T06:37:58+00:00","dateModified":"2024-11-08T09:18:54+00:00","description":"Richten Sie den einfachen Form Builder in nur wenigen Minuten auf Ihrer Joomla-Site ein. Sofortige und einfache Erstellung eines beliebigen Website-Formulars. Formularerweiterung von Elfsight.","breadcrumb":{"@id":"https:\/\/elfsight.com\/de\/online-form-builder\/joomla\/#breadcrumb"},"inLanguage":"de","potentialAction":[{"@type":"ReadAction","target":["https:\/\/elfsight.com\/de\/online-form-builder\/joomla\/"]}]},{"@type":"BreadcrumbList","@id":"https:\/\/elfsight.com\/de\/online-form-builder\/joomla\/#breadcrumb","itemListElement":[{"@type":"ListItem","position":1,"name":"Home","item":"https:\/\/elfsight.com\/de\/"},{"@type":"ListItem","position":2,"name":"Form Builder","item":"https:\/\/elfsight.com\/de\/online-form-builder\/"},{"@type":"ListItem","position":3,"name":"Form Builder &#8211; Joomla"}]},{"@type":"WebSite","@id":"https:\/\/elfsight.com\/de\/#website","url":"https:\/\/elfsight.com\/de\/","name":"Elfsight DE","description":"Just another Elfsight Sites site","potentialAction":[{"@type":"SearchAction","target":{"@type":"EntryPoint","urlTemplate":"https:\/\/elfsight.com\/de\/?s={search_term_string}"},"query-input":{"@type":"PropertyValueSpecification","valueRequired":true,"valueName":"search_term_string"}}],"inLanguage":"de"}]}},"meta_box":{"industry":"","seo_heading":"","heading":"","description":"","cta_heading":"","cta_description":"","application":"469","h1":"Form Builder-Modul f\u00fcr Joomla","h1_caption":"Erstellen Sie anpassbare Formulare f\u00fcr jeden Zweck \u2013 Feedback, Umfragen, Kontaktformulare \u2013 ohne Programmierung, sodass Sie m\u00fchelos Informationen von Ihren Benutzern auf Ihrer Joomla-Website sammeln k\u00f6nnen.","application_category":[],"applications_title":"","applications_request_title":"","applications_request_button_text":"","hero_text":"","hero_video":"","hero_video_schema_markup":"","selling_points_title":"","selling_points_caption":"","selling_points":[],"selling_points_cta_text":"","features_title":"","features":"","ed_cta_examples_text":"","ed_cta_examples_hidden":"","ed_cta_demo_text":"","ed_cta_demo_hidden":"","why_caption":"","why_editor_title":"","why_editor_text":"","why_team_title":"","why_team_text":"","why_service_title":"","why_service_text":"","template_catalog_visible":"0","template_catalog_title":"","template_catalog_text":"","template_catalog_categories_visible":"","demo_title":"Erstellen Sie Ihr Form Builder-Plugin","demo_caption":"Konfigurieren Sie Ihren Form Builder und f\u00fcgen Sie ihn kostenlos zu Ihrer Joomla-Website hinzu!","default_faq_hidden":"","app_template_category":[],"platform":"259","template_public_id":"","codecanyon_url":"","codecanyon_item_id":"","codecanyon_price":"","pricing_caption":"","pricing_elfsight_apps_hide_column":"","pricing_elfsight_apps_url":"","pricing_codecanyon_price_caption":"","integration_category":[],"integration_request_title":"","integration_request_cta":"","integration_platform":"","integrations":[],"platform_category":[],"video_schema_markup":"","price":"ab 0 $ \/ Monat","trial":"","benefits":[{"text":"Kostenlose Installationshilfe"},{"text":"Kompetenter Kundenservice"},{"text":"14-t\u00e4gige Geld-zur\u00fcck-Garantie"},{"text":"St\u00e4ndige Aktualisierung"}],"button_url":"#demo","button_target_blank":"0","button_nofollow":"0","attributes":[{"name":"Installiert","content":"100,000 - 500,000"},{"name":"Reaktionsfreudig","content":"Ja"},{"name":"Kompatible Browser","content":"IE11, Firefox, Safari, Opera, Chrome, Edge"}],"tags":[],"tags_disable_links":"0","hide_more_platforms":"","video_object":"","demo_hide_cta":"0","demo_hide_cloud_options":"0","pricing_title":"","pricing":[{"pricing_icon":"platform","pricing_title":"Elfsight Apps","pricing_title_caption":"Plattformunabh\u00e4ngige Software","pricing_price":"ab 0 $ \/ Monat","pricing_price_caption":"Beginnen Sie mit einem kostenlosen Plan","pricing_benefits":[{"text":"Unbegrenzte Domains"},{"text":"Premium-Support und gut dokumentiert"},{"text":"Kostenlose Installationsunterst\u00fctzung"},{"text":"Zeitlich begrenztes Angebot f\u00fcr mehrere Apps"}],"pricing_button_text":"Zur Website hinzuf\u00fcgen","pricing_button_url":"#demo"}],"related_apps_title":"","related_apps_hidden":"0","author":"","image":[],"title":"","job":"","social_networks":[]},"_links":{"self":[{"href":"https:\/\/elfsight.com\/de\/wp-json\/wp\/v2\/pages\/20471","targetHints":{"allow":["GET"]}}],"collection":[{"href":"https:\/\/elfsight.com\/de\/wp-json\/wp\/v2\/pages"}],"about":[{"href":"https:\/\/elfsight.com\/de\/wp-json\/wp\/v2\/types\/page"}],"author":[{"embeddable":true,"href":"https:\/\/elfsight.com\/de\/wp-json\/wp\/v2\/users\/9"}],"replies":[{"embeddable":true,"href":"https:\/\/elfsight.com\/de\/wp-json\/wp\/v2\/comments?post=20471"}],"version-history":[{"count":3,"href":"https:\/\/elfsight.com\/de\/wp-json\/wp\/v2\/pages\/20471\/revisions"}],"predecessor-version":[{"id":22426,"href":"https:\/\/elfsight.com\/de\/wp-json\/wp\/v2\/pages\/20471\/revisions\/22426"}],"up":[{"embeddable":true,"href":"https:\/\/elfsight.com\/de\/wp-json\/wp\/v2\/pages\/829"}],"wp:attachment":[{"href":"https:\/\/elfsight.com\/de\/wp-json\/wp\/v2\/media?parent=20471"}],"curies":[{"name":"wp","href":"https:\/\/api.w.org\/{rel}","templated":true}]}}