{"id":20470,"date":"2024-05-03T06:37:57","date_gmt":"2024-05-03T06:37:57","guid":{"rendered":"https:\/\/elfsight.com\/de\/?page_id=20470"},"modified":"2025-07-08T10:46:32","modified_gmt":"2025-07-08T10:46:32","slug":"jquery","status":"publish","type":"page","link":"https:\/\/elfsight.com\/de\/online-form-builder\/jquery\/","title":{"rendered":"Form Builder &#8211; jQuery"},"content":{"rendered":"<div class=\"application-platform-content-item-description application-platform-content-item\" id=\"description\" data-nav-section=\"description\"><h2>Benutzerdefinierter Formularersteller f\u00fcr jQuery<\/h2>Unser Formular-Plugin ist eine Komplettl\u00f6sung zum Erstellen einer Vielzahl anpassbarer Formulare und deren nahtloses Einbetten in Ihre Website. Nutzen Sie unser Plugin, um wertvolles Feedback Ihrer Kunden durch benutzerfreundliche Umfragen, Feedback-Formulare, Bewertungsanfragen und mehr zu sammeln. Mit unserem Plugin k\u00f6nnen Sie jeden Aspekt Ihrer Formulare, einschlie\u00dflich Layout, Elemente und Felder, ganz einfach anpassen, um ein ma\u00dfgeschneidertes Erlebnis zu schaffen, das Ihren spezifischen Anforderungen entspricht. Dar\u00fcber hinaus k\u00f6nnen Sie mit unserer leistungsstarken jQuery-Integration Ihren Formularen dynamische Funktionen hinzuf\u00fcgen und ansprechende Interaktionen erstellen, die noch mehr Feedback von Ihrem Publikum einfangen. Egal, ob Sie Meinungen, Bewertungen, Reservierungen oder Verk\u00e4ufe sammeln m\u00fcssen, mit unserem jQuery-Feedback-Formular-Plugin k\u00f6nnen Sie ganz einfach ein professionelles Formular erstellen, das f\u00fcr Sie funktioniert. Mit unserem flexiblen Design und benutzerfreundlichen Komponenten wird Ihr Formular sowohl bequem f\u00fcr Ihre Besucher als auch effektiv f\u00fcr Ihr Unternehmen sein.<b>Erstellen Sie Reservierungen und Verk\u00e4ufe mithilfe praktischer Formulare f\u00fcr eine schnelle und einfache Benutzererfahrung!<\/b><ul> <li><b>Erstellen Sie attraktive Formulare, um mehr Feedback zu sammeln<\/b>. Wenden Sie alle Einstellungen des Elfsight-Plugins an, um praktische Ausf\u00fcllformulare zu erstellen. Definieren Sie Komponenten und steuern Sie die Struktur, um Ihr Plugin \u00fcbersichtlich und einfach zu f\u00fcllen zu gestalten. Wenden Sie Stileinstellungen an, um ein attraktives Erscheinungsbild zu erzielen und mehr Feedback zu sammeln.<\/li> <li><b>Erh\u00f6hen Sie die Anzahl der Leads mit \u00fcberschaubaren Frageb\u00f6gen<\/b>. Das jQuery-Formular-Plugin von Elfsight hilft Ihnen, das praktischste und bequemste Formular zu konfigurieren Umfragen f\u00fcr Ihre Benutzer. Sie tragen zu einer effektiven und angenehmen Kommunikation bei und sorgen daf\u00fcr, dass die Kunden w\u00e4hrend des gesamten Abf\u00fcllvorgangs engagiert bleiben, um ihn erfolgreich abzuschlie\u00dfen.<\/li> <li><b>Sparen Sie Zeit und Geld mit einem Mehrzweckwerkzeug<\/b>.Dieses Multi Die zweckorientierte L\u00f6sung erm\u00f6glicht die Konfiguration unterschiedlicher Formen mit vielf\u00e4ltigen Elements\u00e4tzen und Konfigurationen. Dies wird Ihnen helfen, Plugins zu entwerfen, um Daten verschiedener Beispiele zu erhalten, ohne zus\u00e4tzliches Geld und Zeit aufzuwenden.<\/li><\/ul><\/div><div class=\"application-platform-content-item-features application-platform-content-item\" id=\"features\" data-nav-section=\"features\"><h2>Funktionen des Form Builder-Plugins<\/h2>Warum ist Elfsight Online Form das Top-1-Plugin auf jQuery zum Sammeln von Bewertungen und Reaktionen von Kunden?<ul> <li>Erstellen Sie klassische und Schritt-f\u00fcr-Schritt-Formulare, indem Sie Elemente in Gruppen zusammenfassen.<\/li> <li>Verwenden Sie Feldplatzhalter um ein Beispiel f\u00fcr das korrekte Ausf\u00fcllen und den ben\u00f6tigten Datentyp zu geben;<\/li> <li>Vergeben Sie eine beliebige E-Mail-Adresse und die Ausf\u00fcllergebnisse werden automatisch dorthin gesendet;<\/li> <li>Umschaltbarer Fortschrittsbalken bei der Schritt-f\u00fcr-Schritt-Anleitung Format wird angewendet;<\/li> <li>5 vordefinierte Stile f\u00fcr Formularfelder.<\/li><\/ul><a href=\"#demo\">Probieren Sie alle Eigenschaften in unserer kostenlosen Demo aus<\/a><\/div> <div class=\"application-platform-content-item-installation application-platform-content-item\" id=\"installation\" data-nav-section=\"installation\"><h2>So f\u00fcgen Sie Ihrer Website ein jQuery Form Builder-Plugin hinzu<\/h2>F\u00fcr die Einbettung sind keine Programmierkenntnisse oder viel Freizeit erforderlich. Nur ein paar einfache Schritte und 1 Minute.<ol> <li><b>Erstellen Sie Ihren benutzerdefinierten Form Builder<\/b>. Verwenden Sie unseren kostenlosen Editor, ein Plugin mit dem erforderlichen Design und den erforderlichen Funktionen.<\/li> <li><b> Besorgen Sie sich den Code zum Hinzuf\u00fcgen des Plugins<\/b>. Holen Sie sich nach der Widget-Optimierung den Code f\u00fcr das Formular-Plugin aus dem Popup-Fenster von Elfsight Apps.<\/li> <li><b>Platzieren Sie das Plugin auf der Website<\/b>. Integrieren Sie das Plugin in den ben\u00f6tigten Bereich der Website und ver\u00f6ffentlichen Sie die \u00c4nderungen.<\/li> <li><b>Die Integration ist erfolgreich!<\/b>.Geben Sie Ihre Website ein, um Ihre Arbeit zu \u00fcberpr\u00fcfen.<\/li><\/ol>Sind bei der Verwendung oder Konfiguration des Plugins Probleme aufgetreten? Schauen Sie sich die ausf\u00fchrliche Anleitung zur <a href=\"https:\/\/elfsight.com\/tutorials\/how-to-add-form-builder-to-jquery\/\">Installation des Form-Plugins f\u00fcr jQuery<\/a> oder Adresse an unser Support Center.<\/div><div class=\"faq\" data-component=\"FAQ\"> <div class=\"faq-item\">\r\n\t\t\t\t\t<div class=\"faq-item-question\">\r\n\t\t\t\t\t\t<h3 class=\"faq-item-question-text\">Sind Elfsight Forms sicher?<\/h3>\r\n\r\n\t\t\t\t\t\t<div class=\"faq-item-question-icon\"><\/div>\r\n\t\t\t\t\t<\/div>\r\n\r\n\t\t\t\t\t<div class=\"faq-item-answer\">\r\n\t\t\t\t\t\t<div class=\"faq-item-answer-text\">Elfsight Form Builder ist mit dem effektivsten reCAPTCHA-Sicherheitstool ausgestattet. Es dient dazu, Ihre Formulare und Ihr Postfach vor Spam zu sch\u00fctzen und eine einfache Arbeit und ausschlie\u00dflich gewinnbringende Daten sicherzustellen.<\/div>\r\n\t\t\t\t\t<\/div>\r\n\t\t\t\t<\/div> <div class=\"faq-item\">\r\n\t\t\t\t\t<div class=\"faq-item-question\">\r\n\t\t\t\t\t\t<h3 class=\"faq-item-question-text\">Gibt es Vorlagen, die bedingte Logikformulare\/Mehrfachfelder\/E-Mails unterst\u00fctzen?<\/h3>\r\n\r\n\t\t\t\t\t\t<div class=\"faq-item-question-icon\"><\/div>\r\n\t\t\t\t\t<\/div>\r\n\r\n\t\t\t\t\t<div class=\"faq-item-answer\">\r\n\t\t\t\t\t\t<div class=\"faq-item-answer-text\">Sicherlich! Sie m\u00fcssen sich lediglich bei Elfsight Apps anmelden, eine relevante Vorlage ausw\u00e4hlen und dann mit der Erstellung Ihres benutzerdefinierten Widgets beginnen.<\/div>\r\n\t\t\t\t\t<\/div>\r\n\t\t\t\t<\/div> <div class=\"faq-item\">\r\n\t\t\t\t\t<div class=\"faq-item-question\">\r\n\t\t\t\t\t\t<h3 class=\"faq-item-question-text\">Wie kann ich ein Kontakt- oder Feedbackformular f\u00fcr jQuery erstellen? Website?<\/h3>\r\n\r\n\t\t\t\t\t\t<div class=\"faq-item-question-icon\"><\/div>\r\n\t\t\t\t\t<\/div>\r\n\r\n\t\t\t\t\t<div class=\"faq-item-answer\">\r\n\t\t\t\t\t\t<div class=\"faq-item-answer-text\">Um Ihr Kontakt- oder Feedback-Formular zu entwerfen, m\u00fcssen Sie sich beim Elfsight Apps-Dienst anmelden und alle wichtigen \u00c4nderungen am Widget vornehmen. Wenn Sie fertig sind, speichern Sie Ihre \u00c4nderungen und fahren Sie mit Ihrer Website fort. So einfach ist das.<\/div>\r\n\t\t\t\t\t<\/div>\r\n\t\t\t\t<\/div><div class=\"faq-item\">\r\n\t\t\t\t\t<div class=\"faq-item-question\">\r\n\t\t\t\t\t\t<h3 class=\"faq-item-question-text\">Gibt es benutzerdefinierte Form Builder-Vorlagen f\u00fcr die jQuery-Website?<\/h3>\r\n\r\n\t\t\t\t\t\t<div class=\"faq-item-question-icon\"><\/div>\r\n\t\t\t\t\t<\/div>\r\n\r\n\t\t\t\t\t<div class=\"faq-item-answer\">\r\n\t\t\t\t\t\t<div class=\"faq-item-answer-text\">Ja, absolut! Es gibt \u00fcber 300 gebrauchsfertige Vorlagen f\u00fcr jeden Fall, wie zum Beispiel <a href=\"https:\/\/elfsight.com\/online-form-builder\/templates\/application-forms\/\">Bewerbungsformulare<\/a>, <a href=\"https:\/\/elfsight.com\/online-form-builder\/templates\/booking-forms\/\">Buchungsformulare<\/a>, <a href=\"https:\/\/elfsight.com\/online-form- builder\/templates\/order-forms\/\">Bestellformulare<\/a>, <a href=\"https:\/\/elfsight.com\/online-form-builder\/templates\/product-forms\/\">Produktformulare<\/a> , <a href=\"https:\/\/elfsight.com\/online-form-builder\/templates\/questionnaires\/\">Frageb\u00f6gen<\/a>, <a href=\"https:\/\/elfsight.com\/online-form-builder \/templates\/quizzes\/\">Quiz<\/a>, <a href=\"https:\/\/elfsight.com\/online-form-builder\/templates\/surveys\/\">Umfragen<\/a>, <a href=\"https:\/\/elfsight.com\/online-form-builder\/templates\/file-upload-forms\/\">Datei-Upload-Formulare<\/a> und viele mehr. Testen Sie gerne <a href=\"https:\/\/elfsight.com\/online-form-builder\/templates\/\">Form Builder-Vorlagen<\/a> und teilen Sie uns Ihre Meinung mit.<\/div>\r\n\t\t\t\t\t<\/div>\r\n\t\t\t\t<\/div> <\/div>","protected":false},"excerpt":{"rendered":"","protected":false},"author":9,"featured_media":0,"parent":829,"menu_order":0,"comment_status":"closed","ping_status":"closed","template":"templates\/template-application-platform.php","meta":{"publish_to_discourse":"","publish_post_category":"","wpdc_auto_publish_overridden":"","wpdc_topic_tags":"","wpdc_pin_topic":"","wpdc_pin_until":"","discourse_post_id":"","discourse_permalink":"","wpdc_publishing_response":"","wpdc_publishing_error":"","footnotes":""},"class_list":["post-20470","page","type-page","status-publish","hentry"],"yoast_head":"<!-- This site is optimized with the Yoast SEO plugin v25.3.1 - https:\/\/yoast.com\/wordpress\/plugins\/seo\/ -->\n<title>Erstellen Sie kostenlos ein benutzerdefiniertes Formular in JQuery und f\u00fcgen Sie es hinzu!<\/title>\n<meta name=\"description\" content=\"Erstellen Sie das beste Online-Formular-Builder-Plugin f\u00fcr die JQuery-Website. Eine einfache und sofortige Integration ohne Programmierkenntnisse in nur 1 Minute.\" \/>\n<meta name=\"robots\" content=\"index, follow, max-snippet:-1, max-image-preview:large, max-video-preview:-1\" \/>\n<link rel=\"canonical\" href=\"https:\/\/elfsight.com\/de\/online-form-builder\/jquery\/\" \/>\n<meta property=\"og:locale\" content=\"de_DE\" \/>\n<meta property=\"og:type\" content=\"article\" \/>\n<meta property=\"og:title\" content=\"Erstellen Sie kostenlos ein benutzerdefiniertes Formular in JQuery und f\u00fcgen Sie es hinzu!\" \/>\n<meta property=\"og:description\" content=\"Erstellen Sie das beste Online-Formular-Builder-Plugin f\u00fcr die JQuery-Website. Eine einfache und sofortige Integration ohne Programmierkenntnisse in nur 1 Minute.\" \/>\n<meta property=\"og:url\" content=\"https:\/\/elfsight.com\/de\/online-form-builder\/jquery\/\" \/>\n<meta property=\"og:site_name\" content=\"Elfsight DE\" \/>\n<meta property=\"article:modified_time\" content=\"2025-07-08T10:46:32+00:00\" \/>\n<meta name=\"twitter:card\" content=\"summary_large_image\" \/>\n<meta name=\"twitter:label1\" content=\"Gesch\u00e4tzte Lesezeit\" \/>\n\t<meta name=\"twitter:data1\" content=\"4\u00a0Minuten\" \/>\n<!-- \/ Yoast SEO plugin. -->","yoast_head_json":{"title":"Erstellen Sie kostenlos ein benutzerdefiniertes Formular in JQuery und f\u00fcgen Sie es hinzu!","description":"Erstellen Sie das beste Online-Formular-Builder-Plugin f\u00fcr die JQuery-Website. Eine einfache und sofortige Integration ohne Programmierkenntnisse in nur 1 Minute.","robots":{"index":"index","follow":"follow","max-snippet":"max-snippet:-1","max-image-preview":"max-image-preview:large","max-video-preview":"max-video-preview:-1"},"canonical":"https:\/\/elfsight.com\/de\/online-form-builder\/jquery\/","og_locale":"de_DE","og_type":"article","og_title":"Erstellen Sie kostenlos ein benutzerdefiniertes Formular in JQuery und f\u00fcgen Sie es hinzu!","og_description":"Erstellen Sie das beste Online-Formular-Builder-Plugin f\u00fcr die JQuery-Website. Eine einfache und sofortige Integration ohne Programmierkenntnisse in nur 1 Minute.","og_url":"https:\/\/elfsight.com\/de\/online-form-builder\/jquery\/","og_site_name":"Elfsight DE","article_modified_time":"2025-07-08T10:46:32+00:00","twitter_card":"summary_large_image","twitter_misc":{"Gesch\u00e4tzte Lesezeit":"4\u00a0Minuten"},"schema":{"@context":"https:\/\/schema.org","@graph":[{"@type":"WebPage","@id":"https:\/\/elfsight.com\/de\/online-form-builder\/jquery\/","url":"https:\/\/elfsight.com\/de\/online-form-builder\/jquery\/","name":"Erstellen Sie kostenlos ein benutzerdefiniertes Formular in JQuery und f\u00fcgen Sie es hinzu!","isPartOf":{"@id":"https:\/\/elfsight.com\/de\/#website"},"datePublished":"2024-05-03T06:37:57+00:00","dateModified":"2025-07-08T10:46:32+00:00","description":"Erstellen Sie das beste Online-Formular-Builder-Plugin f\u00fcr die JQuery-Website. Eine einfache und sofortige Integration ohne Programmierkenntnisse in nur 1 Minute.","breadcrumb":{"@id":"https:\/\/elfsight.com\/de\/online-form-builder\/jquery\/#breadcrumb"},"inLanguage":"de","potentialAction":[{"@type":"ReadAction","target":["https:\/\/elfsight.com\/de\/online-form-builder\/jquery\/"]}]},{"@type":"BreadcrumbList","@id":"https:\/\/elfsight.com\/de\/online-form-builder\/jquery\/#breadcrumb","itemListElement":[{"@type":"ListItem","position":1,"name":"Home","item":"https:\/\/elfsight.com\/de\/"},{"@type":"ListItem","position":2,"name":"Form Builder","item":"https:\/\/elfsight.com\/de\/online-form-builder\/"},{"@type":"ListItem","position":3,"name":"Form Builder &#8211; jQuery"}]},{"@type":"WebSite","@id":"https:\/\/elfsight.com\/de\/#website","url":"https:\/\/elfsight.com\/de\/","name":"Elfsight DE","description":"Just another Elfsight Sites site","potentialAction":[{"@type":"SearchAction","target":{"@type":"EntryPoint","urlTemplate":"https:\/\/elfsight.com\/de\/?s={search_term_string}"},"query-input":{"@type":"PropertyValueSpecification","valueRequired":true,"valueName":"search_term_string"}}],"inLanguage":"de"}]}},"meta_box":{"industry":"","seo_heading":"","heading":"","description":"","cta_heading":"","cta_description":"","application":"469","h1":"jQuery Form Builder-Plugin","h1_caption":"Erstellen Sie anpassbare Formulare f\u00fcr jeden Zweck \u2013 Feedback, Umfragen, Kontaktformulare \u2013 ohne Codierung, sodass Sie m\u00fchelos Informationen von Ihren Benutzern auf Ihrer jQuery-Website sammeln k\u00f6nnen.","application_category":[],"applications_title":"","applications_request_title":"","applications_request_button_text":"","hero_text":"","hero_video":"","hero_video_schema_markup":"","selling_points_title":"","selling_points_caption":"","selling_points":[],"selling_points_cta_text":"","features_title":"","features":"","ed_cta_examples_text":"","ed_cta_examples_hidden":"","ed_cta_demo_text":"","ed_cta_demo_hidden":"","why_caption":"","why_editor_title":"","why_editor_text":"","why_team_title":"","why_team_text":"","why_service_title":"","why_service_text":"","template_catalog_visible":"","template_catalog_title":"","template_catalog_text":"","template_catalog_categories_visible":"","demo_title":"Erstellen Sie Ihr Form Builder-Plugin","demo_caption":"Konfigurieren Sie Ihren Form Builder und f\u00fcgen Sie ihn kostenlos zu Ihrer jQuery-Website hinzu!","default_faq_hidden":"","app_template_category":[],"platform":"258","template_public_id":"","codecanyon_url":"","codecanyon_item_id":"","codecanyon_price":"","pricing_caption":"","pricing_elfsight_apps_hide_column":"","pricing_elfsight_apps_url":"","pricing_codecanyon_price_caption":"","integration_category":[],"integration_request_title":"","integration_request_cta":"","integration_platform":"","integrations":[],"platform_category":[],"video_schema_markup":"","price":"ab 0 $ \/ Monat","trial":"","benefits":[{"text":"Kostenloser Installationsservice"},{"text":"Professioneller Kundenservice"},{"text":"14-t\u00e4gige R\u00fcckerstattungsgarantie"},{"text":"Regelm\u00e4\u00dfige Updates"}],"button_url":"#demo","button_target_blank":"","button_nofollow":"","attributes":[{"name":"Installiert","content":"100,000 - 500,000"},{"name":"Reaktionsfreudig","content":"Ja"},{"name":"Kompatible Browser","content":"Firefox, Safari, Opera, Chrome, Edge"}],"tags":[],"tags_disable_links":"","hide_more_platforms":"","video_object":"","demo_hide_cta":"","demo_hide_cloud_options":"","pricing_title":"","pricing":[{"pricing_icon":"platform","pricing_title":"Elfsight Apps","pricing_title_caption":"Plattformunabh\u00e4ngige digitale L\u00f6sung, die auf jeder Website funktioniert","pricing_price":"ab 0 $ \/ Monat","pricing_price_caption":"Beginnen Sie mit einem kostenlosen Plan","pricing_benefits":[{"text":"Unbegrenzte Domains"},{"text":"Schnelle Unternehmensunterst\u00fctzung und gut dokumentiert"},{"text":"Kostenlose Installationsunterst\u00fctzung"},{"text":"Flexibles Design"}],"pricing_button_text":"Zur Website hinzuf\u00fcgen","pricing_button_url":"#demo"}],"related_apps_title":"","related_apps_hidden":"","author":"","image":[],"title":"","job":"","social_networks":[]},"_links":{"self":[{"href":"https:\/\/elfsight.com\/de\/wp-json\/wp\/v2\/pages\/20470","targetHints":{"allow":["GET"]}}],"collection":[{"href":"https:\/\/elfsight.com\/de\/wp-json\/wp\/v2\/pages"}],"about":[{"href":"https:\/\/elfsight.com\/de\/wp-json\/wp\/v2\/types\/page"}],"author":[{"embeddable":true,"href":"https:\/\/elfsight.com\/de\/wp-json\/wp\/v2\/users\/9"}],"replies":[{"embeddable":true,"href":"https:\/\/elfsight.com\/de\/wp-json\/wp\/v2\/comments?post=20470"}],"version-history":[{"count":2,"href":"https:\/\/elfsight.com\/de\/wp-json\/wp\/v2\/pages\/20470\/revisions"}],"predecessor-version":[{"id":21062,"href":"https:\/\/elfsight.com\/de\/wp-json\/wp\/v2\/pages\/20470\/revisions\/21062"}],"up":[{"embeddable":true,"href":"https:\/\/elfsight.com\/de\/wp-json\/wp\/v2\/pages\/829"}],"wp:attachment":[{"href":"https:\/\/elfsight.com\/de\/wp-json\/wp\/v2\/media?parent=20470"}],"curies":[{"name":"wp","href":"https:\/\/api.w.org\/{rel}","templated":true}]}}