{"id":20469,"date":"2024-05-03T06:37:56","date_gmt":"2024-05-03T06:37:56","guid":{"rendered":"https:\/\/elfsight.com\/de\/?page_id=20469"},"modified":"2025-01-13T08:54:01","modified_gmt":"2025-01-13T08:54:01","slug":"magento","status":"publish","type":"page","link":"https:\/\/elfsight.com\/de\/online-form-builder\/magento\/","title":{"rendered":"Form Builder &#8211; Magento"},"content":{"rendered":"<div class=\"application-platform-content-item-description application-platform-content-item\" id=\"description\" data-nav-section=\"description\">\n<h2>Benutzerdefinierter Formular-Builder f\u00fcr Magento<\/h2>\nUnser Magento-Formular-Builder ist die perfekte L\u00f6sung zum Erstellen benutzerdefinierter Ausf\u00fcllformulare, die problemlos in Ihren Online-Shop integriert werden k\u00f6nnen. Mit unserer benutzerdefinierten Magento-Formular-Builder-Erweiterung k\u00f6nnen Sie eine Vielzahl von Formularformaten erstellen und nahtlos Informationen von Ihren Kunden sammeln. Egal, ob Sie Feedback, Bewertungen, Buchungen oder Verkaufsdaten sammeln m\u00f6chten, unser Form Builder stellt Ihnen die Tools zur Verf\u00fcgung, die Sie zum Erstellen eines individuellen Formulars ben\u00f6tigen, das Ihren spezifischen Anforderungen entspricht. Mit einer flexiblen Struktur und einer Vielzahl vordefinierter Elemente wird Ihr Formular sowohl benutzerfreundlich als auch optisch ansprechend sein. Wenn Sie also nach einem leistungsstarken Magento-Formularersteller suchen, der Ihnen dabei hilft, Ihren Datenerfassungsprozess zu optimieren, ist unsere Form Builder-Erweiterung genau das Richtige f\u00fcr Sie.\n<b><\/b>\n\n<b>Erhalten Sie Kundenfeedback, erhalten Sie Reservierungen und Anfragen Ihrer Website-Kunden!<\/b>\n<ul>\n \t<li><b>Erstellen Sie attraktive Formulare, um mehr Feedback zu sammeln<\/b>. Probieren Sie alle Einstellungen der Erweiterung von Elfsight aus, um praktische Ausf\u00fcllformulare zu erstellen. W\u00e4hlen Sie Segmente und definieren Sie das Muster, um Ihre Formen formsch\u00f6n und handlich zu gestalten. Verwenden Sie Stileinstellungen f\u00fcr eine attraktive Benutzeroberfl\u00e4che, die Ihnen hilft, mehr Feedback zu sammeln.<\/li>\n \t<li><b>Erh\u00f6hen Sie die Anzahl der Leads mit \u00fcberschaubaren Formularen<\/b>. Lassen Sie nicht zu, dass Benutzer den Ausf\u00fcllvorgang unvollst\u00e4ndig machen Sie verpassen wertvolles Feedback. Erstellen Sie Formulare mit praktischen Schritten und einem praktischen Framework, die Kunden bis zum Ende einbeziehen und die Anzahl der Leads erh\u00f6hen.<\/li>\n \t<li><b>Sparen Sie Zeit und Geld mit einem Mehrzweck-Tool<\/b>. This Die All-in-One-Erweiterung erm\u00f6glicht das Entwerfen unterschiedlicher Formen mit vielf\u00e4ltigen Elements\u00e4tzen und unterschiedlicher Struktur. Dies wird Ihnen dabei helfen, Formulare so zu gestalten, dass sie Informationen verschiedener Art sammeln, ohne zus\u00e4tzliches Geld und Zeit aufzuwenden.<\/li>\n<\/ul>\n<\/div><div class=\"application-platform-content-item-features application-platform-content-item\" id=\"features\" data-nav-section=\"features\">\n<h2>Funktionen des Form Builder-Plugins<\/h2>\nWarum ist Elfsight Custom Form Builder das Plugin Nr. 1 f\u00fcr den Empfang von Benutzermeinungen und Antworten zu Magento?\n<ul>\n \t<li>18 Arten von Feldern, um fast jede Datenerfassungsaufgabe zu erf\u00fcllen;<\/li>\n \t<li>Jedes Feld kann erstellt werden Zum Ausf\u00fcllen ist ein Sternchen (*) erforderlich, um dies anzuzeigen.<\/li>\n \t<li>Geben Sie eine beliebige E-Mail-Adresse zu, und die Ergebnisse des Ausf\u00fcllens des Formulars werden automatisch dorthin gesendet.<\/li>\n \t<li>Optionale Funktion zum Speichern des Ausf\u00fcllfortschritts.<\/li>\n \t<li>5 vordefinierte Stile f\u00fcr Formularfelder.<\/li>\n<\/ul>\n<a href=\"#demo\">Testen Sie alle Vorteile in der Live-Demo<\/a> <\/div><div class=\"application-platform-content-item-installation application-platform-content-item\" id=\"installation\" data-nav-section=\"installation\">\n<h2>So f\u00fcgen Sie die Form Builder-Erweiterung zur Magento-Website hinzu<\/h2>\nBefolgen Sie einfach die nachstehenden Anweisungen, um die Erweiterung in Magento zu integrieren.\n<ol>\n \t<li><b>\u00d6ffnen Sie unsere kostenlose Demo und beginnen Sie mit der Erstellung Ihrer personalisierten Erweiterung. <\/b>Geben Sie die bevorzugte Form und Funktionalit\u00e4t des Tools an und speichern Sie die \u00c4nderungen.<\/li>\n \t<li><b>Kopieren Sie Ihren individuellen Code, der im speziellen Formular auf Elfsight Apps angezeigt wird. <\/b>Nachdem die Einrichtung Ihrer pers\u00f6nlichen Form Builder-Erweiterung abgeschlossen ist, kopieren Sie den pers\u00f6nlichen Code aus dem erscheinenden Fenster und bewahren Sie ihn f\u00fcr den weiteren Bedarf auf.<\/li>\n \t<li><b>Geben Sie die Verwendung der Erweiterung auf der Magento-Website ein. <\/b>Betten Sie den Code, den Sie k\u00fcrzlich kopiert haben, in Ihre Homepage ein und \u00fcbernehmen Sie die \u00c4nderungen.<\/li>\n \t<li><b>Fertig! Der Aufbau ist vollst\u00e4ndig abgeschlossen. <\/b>Besuchen Sie Ihre Website, um die Leistung des Widgets zu \u00fcberpr\u00fcfen.<\/li>\n<\/ol>\nBen\u00f6tigen Sie Unterst\u00fctzung beim Einf\u00fcgen oder Entwerfen der Erweiterung? Unser Help-Center-Team hilft Ihnen gerne weiter und f\u00fcgt eine L\u00f6sung hinzu! Sie k\u00f6nnen das Problem auch selbst mit unserer umfassenden Anleitung \u201e<a href=\"https:\/\/elfsight.com\/tutorials\/how-to-add-form-builder-extension-to-magento\/\">So installieren Sie die benutzerdefinierte Version\u201c l\u00f6sen Formularerweiterung auf der Magento-Website<\/a>\u201c. <\/div><div class=\"faq\" data-component=\"FAQ\"> <div class=\"faq-item\">\r\n\t\t\t\t\t<div class=\"faq-item-question\">\r\n\t\t\t\t\t\t<h3 class=\"faq-item-question-text\">Sind Ihre Formulare sicher?<\/h3>\r\n\r\n\t\t\t\t\t\t<div class=\"faq-item-question-icon\"><\/div>\r\n\t\t\t\t\t<\/div>\r\n\r\n\t\t\t\t\t<div class=\"faq-item-answer\">\r\n\t\t\t\t\t\t<div class=\"faq-item-answer-text\">Das Elfsight Form Builder-Widget wird mit einem der eingef\u00fcgt \u00fcberzeugendster reCAPTCHA-Sicherheitsdienst. Es wurde hinzugef\u00fcgt, um Ihre Formulare und Ihr Postfach vor Spam und Bots zu sch\u00fctzen und eine reibungslose Arbeit und nur wertvolle Daten zu gew\u00e4hrleisten.<\/div>\r\n\t\t\t\t\t<\/div>\r\n\t\t\t\t<\/div> <div class=\"faq-item\">\r\n\t\t\t\t\t<div class=\"faq-item-question\">\r\n\t\t\t\t\t\t<h3 class=\"faq-item-question-text\">Gibt es Vorlagen, die bedingte Logikformulare\/Mehrfachfelder\/E-Mails unterst\u00fctzen? <\/h3>\r\n\r\n\t\t\t\t\t\t<div class=\"faq-item-question-icon\"><\/div>\r\n\t\t\t\t\t<\/div>\r\n\r\n\t\t\t\t\t<div class=\"faq-item-answer\">\r\n\t\t\t\t\t\t<div class=\"faq-item-answer-text\">Sicherlich! Sie m\u00fcssen sich lediglich bei Elfsight Apps anmelden, eine relevante Vorlage ausw\u00e4hlen und dann mit der Erstellung Ihres personalisierten Widgets fortfahren.<\/div>\r\n\t\t\t\t\t<\/div>\r\n\t\t\t\t<\/div> <div class=\"faq-item\">\r\n\t\t\t\t\t<div class=\"faq-item-question\">\r\n\t\t\t\t\t\t<h3 class=\"faq-item-question-text\">So erstellen Sie ein Kontakt-\/Feedback-Formular f\u00fcr mich Magento-Website?<\/h3>\r\n\r\n\t\t\t\t\t\t<div class=\"faq-item-question-icon\"><\/div>\r\n\t\t\t\t\t<\/div>\r\n\r\n\t\t\t\t\t<div class=\"faq-item-answer\">\r\n\t\t\t\t\t\t<div class=\"faq-item-answer-text\">Um ein Kontakt- oder Feedback-Formular zu entwerfen, m\u00fcssen Sie sich auf der Elfsight Apps-Website anmelden und alle wesentlichen Anpassungen am Tool vornehmen. Speichern Sie anschlie\u00dfend die \u00c4nderungen und gehen Sie zu Ihrer Website. Alles ist erledigt. <\/div>\r\n\t\t\t\t\t<\/div>\r\n\t\t\t\t<\/div><div class=\"faq-item\">\r\n\t\t\t\t\t<div class=\"faq-item-question\">\r\n\t\t\t\t\t\t<h3 class=\"faq-item-question-text\">Haben Sie vorgefertigte Form Builder-Vorlagen f\u00fcr die Magento-Website?<\/h3>\r\n\r\n\t\t\t\t\t\t<div class=\"faq-item-question-icon\"><\/div>\r\n\t\t\t\t\t<\/div>\r\n\r\n\t\t\t\t\t<div class=\"faq-item-answer\">\r\n\t\t\t\t\t\t<div class=\"faq-item-answer-text\">Ja. Unser Team hat hart daran gearbeitet, eine riesige Sammlung von \u00fcber 300 Vorlagen zu erstellen, wie zum Beispiel <a href=\"https:\/\/elfsight.com\/online-form-builder\/templates\/application-forms\/\">Bewerbungsformulare<\/a>, <a href=\"https:\/\/elfsight.com\/online-form-builder\/templates\/booking-forms\/\">Buchungsformulare<\/a>, <a href=\"https:\/\/elfsight.com\/online-form -builder\/templates\/order-forms\/\">Bestellformulare<\/a>, <a href=\"https:\/\/elfsight.com\/online-form-builder\/templates\/product-forms\/\">Produktformulare<\/a>, <a href=\"https:\/\/elfsight.com\/online-form-builder\/templates\/questionnaires\/\">Frageb\u00f6gen<\/a>, <a href=\"https:\/\/elfsight.com\/online-form- builder\/templates\/quizzes\/\">Quiz<\/a>, <a href=\"https:\/\/elfsight.com\/online-form-builder\/templates\/surveys\/\">Umfragen<\/a>, <a href=\"https:\/\/elfsight.com\/online-form-builder\/templates\/file-upload-forms\/\">Datei-Upload-Formulare<\/a> und viele andere. Mit den <a href=\"https:\/\/elfsight.com\/online-form-builder\/templates\/\">Form Builder-Vorlagen<\/a> wird es also nicht so schwierig sein, die richtige L\u00f6sung zu finden.<\/div>\r\n\t\t\t\t\t<\/div>\r\n\t\t\t\t<\/div> <\/div>","protected":false},"excerpt":{"rendered":"","protected":false},"author":9,"featured_media":0,"parent":829,"menu_order":0,"comment_status":"closed","ping_status":"closed","template":"templates\/template-application-platform.php","meta":{"publish_to_discourse":"","publish_post_category":"","wpdc_auto_publish_overridden":"","wpdc_topic_tags":"","wpdc_pin_topic":"","wpdc_pin_until":"","discourse_post_id":"","discourse_permalink":"","wpdc_publishing_response":"","wpdc_publishing_error":"","footnotes":""},"class_list":["post-20469","page","type-page","status-publish","hentry"],"yoast_head":"<!-- This site is optimized with the Yoast SEO plugin v25.3.1 - https:\/\/yoast.com\/wordpress\/plugins\/seo\/ -->\n<title>Erstellen Sie kostenlos ein benutzerdefiniertes Formular auf Magento und f\u00fcgen Sie es hinzu!<\/title>\n<meta name=\"description\" content=\"Testen Sie jetzt unseren benutzerdefinierten Form Builder f\u00fcr Magento. Generieren Sie in nur wenigen Minuten eine individuelle Formularerweiterung f\u00fcr Ihre Website!\" \/>\n<meta name=\"robots\" content=\"index, follow, max-snippet:-1, max-image-preview:large, max-video-preview:-1\" \/>\n<link rel=\"canonical\" href=\"https:\/\/elfsight.com\/de\/online-form-builder\/magento\/\" \/>\n<meta property=\"og:locale\" content=\"de_DE\" \/>\n<meta property=\"og:type\" content=\"article\" \/>\n<meta property=\"og:title\" content=\"Erstellen Sie kostenlos ein benutzerdefiniertes Formular auf Magento und f\u00fcgen Sie es hinzu!\" \/>\n<meta property=\"og:description\" content=\"Testen Sie jetzt unseren benutzerdefinierten Form Builder f\u00fcr Magento. Generieren Sie in nur wenigen Minuten eine individuelle Formularerweiterung f\u00fcr Ihre Website!\" \/>\n<meta property=\"og:url\" content=\"https:\/\/elfsight.com\/de\/online-form-builder\/magento\/\" \/>\n<meta property=\"og:site_name\" content=\"Elfsight DE\" \/>\n<meta property=\"article:modified_time\" content=\"2025-01-13T08:54:01+00:00\" \/>\n<meta name=\"twitter:card\" content=\"summary_large_image\" \/>\n<meta name=\"twitter:label1\" content=\"Gesch\u00e4tzte Lesezeit\" \/>\n\t<meta name=\"twitter:data1\" content=\"4\u00a0Minuten\" \/>\n<!-- \/ Yoast SEO plugin. -->","yoast_head_json":{"title":"Erstellen Sie kostenlos ein benutzerdefiniertes Formular auf Magento und f\u00fcgen Sie es hinzu!","description":"Testen Sie jetzt unseren benutzerdefinierten Form Builder f\u00fcr Magento. Generieren Sie in nur wenigen Minuten eine individuelle Formularerweiterung f\u00fcr Ihre Website!","robots":{"index":"index","follow":"follow","max-snippet":"max-snippet:-1","max-image-preview":"max-image-preview:large","max-video-preview":"max-video-preview:-1"},"canonical":"https:\/\/elfsight.com\/de\/online-form-builder\/magento\/","og_locale":"de_DE","og_type":"article","og_title":"Erstellen Sie kostenlos ein benutzerdefiniertes Formular auf Magento und f\u00fcgen Sie es hinzu!","og_description":"Testen Sie jetzt unseren benutzerdefinierten Form Builder f\u00fcr Magento. Generieren Sie in nur wenigen Minuten eine individuelle Formularerweiterung f\u00fcr Ihre Website!","og_url":"https:\/\/elfsight.com\/de\/online-form-builder\/magento\/","og_site_name":"Elfsight DE","article_modified_time":"2025-01-13T08:54:01+00:00","twitter_card":"summary_large_image","twitter_misc":{"Gesch\u00e4tzte Lesezeit":"4\u00a0Minuten"},"schema":{"@context":"https:\/\/schema.org","@graph":[{"@type":"WebPage","@id":"https:\/\/elfsight.com\/de\/online-form-builder\/magento\/","url":"https:\/\/elfsight.com\/de\/online-form-builder\/magento\/","name":"Erstellen Sie kostenlos ein benutzerdefiniertes Formular auf Magento und f\u00fcgen Sie es hinzu!","isPartOf":{"@id":"https:\/\/elfsight.com\/de\/#website"},"datePublished":"2024-05-03T06:37:56+00:00","dateModified":"2025-01-13T08:54:01+00:00","description":"Testen Sie jetzt unseren benutzerdefinierten Form Builder f\u00fcr Magento. Generieren Sie in nur wenigen Minuten eine individuelle Formularerweiterung f\u00fcr Ihre Website!","breadcrumb":{"@id":"https:\/\/elfsight.com\/de\/online-form-builder\/magento\/#breadcrumb"},"inLanguage":"de","potentialAction":[{"@type":"ReadAction","target":["https:\/\/elfsight.com\/de\/online-form-builder\/magento\/"]}]},{"@type":"BreadcrumbList","@id":"https:\/\/elfsight.com\/de\/online-form-builder\/magento\/#breadcrumb","itemListElement":[{"@type":"ListItem","position":1,"name":"Home","item":"https:\/\/elfsight.com\/de\/"},{"@type":"ListItem","position":2,"name":"Form Builder","item":"https:\/\/elfsight.com\/de\/online-form-builder\/"},{"@type":"ListItem","position":3,"name":"Form Builder &#8211; Magento"}]},{"@type":"WebSite","@id":"https:\/\/elfsight.com\/de\/#website","url":"https:\/\/elfsight.com\/de\/","name":"Elfsight DE","description":"Just another Elfsight Sites site","potentialAction":[{"@type":"SearchAction","target":{"@type":"EntryPoint","urlTemplate":"https:\/\/elfsight.com\/de\/?s={search_term_string}"},"query-input":{"@type":"PropertyValueSpecification","valueRequired":true,"valueName":"search_term_string"}}],"inLanguage":"de"}]}},"meta_box":{"industry":"","seo_heading":"","heading":"","description":"","cta_heading":"","cta_description":"","application":"469","h1":"Form Builder-Erweiterung f\u00fcr Magento","h1_caption":"Erstellen Sie anpassbare Formulare f\u00fcr jeden Zweck \u2013 Feedback, Umfragen, Kontaktformulare \u2013 ohne Programmierung, sodass Sie m\u00fchelos Informationen von Ihren Benutzern auf Ihrer Magento-Website sammeln k\u00f6nnen.","application_category":[],"applications_title":"","applications_request_title":"","applications_request_button_text":"","hero_text":"","hero_video":"","hero_video_schema_markup":"","selling_points_title":"","selling_points_caption":"","selling_points":[],"selling_points_cta_text":"","features_title":"","features":"","ed_cta_examples_text":"","ed_cta_examples_hidden":"","ed_cta_demo_text":"","ed_cta_demo_hidden":"","why_caption":"","why_editor_title":"","why_editor_text":"","why_team_title":"","why_team_text":"","why_service_title":"","why_service_text":"","template_catalog_visible":"0","template_catalog_title":"","template_catalog_text":"","template_catalog_categories_visible":"","demo_title":"Erstellen Sie Ihre Form Builder-Erweiterung","demo_caption":"Konfigurieren Sie Ihren Form Builder und f\u00fcgen Sie ihn kostenlos zu Ihrer Magento-Website hinzu!","default_faq_hidden":"","app_template_category":[],"platform":"256","template_public_id":"","codecanyon_url":"","codecanyon_item_id":"","codecanyon_price":"","pricing_caption":"","pricing_elfsight_apps_hide_column":"","pricing_elfsight_apps_url":"","pricing_codecanyon_price_caption":"","integration_category":[],"integration_request_title":"","integration_request_cta":"","integration_platform":"","integrations":[],"platform_category":[],"video_schema_markup":"","price":"ab 0 $ \/ Monat","trial":"","benefits":[{"text":"Kostenlose Installationshilfe"},{"text":"Professioneller Kundenservice"},{"text":"14-t\u00e4gige R\u00fcckerstattungsgarantie"},{"text":"St\u00e4ndige Aktualisierung"}],"button_url":"#demo","button_target_blank":"0","button_nofollow":"0","attributes":[{"name":"Installiert","content":"100,000 - 500,000"},{"name":"Reaktionsfreudig","content":"Ja"},{"name":"Kompatible Browser","content":"Firefox, Safari, Opera, Chrome, Edge"}],"tags":[],"tags_disable_links":"0","hide_more_platforms":"","video_object":"","demo_hide_cta":"0","demo_hide_cloud_options":"0","pricing_title":"","pricing":[{"pricing_icon":"platform","pricing_title":"Elfsight Apps","pricing_title_caption":"Plattformunabh\u00e4ngige digitale L\u00f6sung, die auf jeder Website funktioniert","pricing_price":"ab 0 $ \/ Monat","pricing_price_caption":"Beginnen Sie mit einem kostenlosen Plan","pricing_benefits":[{"text":"Unbegrenzte Domains"},{"text":"Professionelle Unternehmensunterst\u00fctzung und gut dokumentiert"},{"text":"Kostenloser Installationssupport"},{"text":"100 % anpassbar"}],"pricing_button_text":"Zur Website hinzuf\u00fcgen","pricing_button_url":"#demo"}],"related_apps_title":"","related_apps_hidden":"0","author":"","image":[],"title":"","job":"","social_networks":[]},"_links":{"self":[{"href":"https:\/\/elfsight.com\/de\/wp-json\/wp\/v2\/pages\/20469","targetHints":{"allow":["GET"]}}],"collection":[{"href":"https:\/\/elfsight.com\/de\/wp-json\/wp\/v2\/pages"}],"about":[{"href":"https:\/\/elfsight.com\/de\/wp-json\/wp\/v2\/types\/page"}],"author":[{"embeddable":true,"href":"https:\/\/elfsight.com\/de\/wp-json\/wp\/v2\/users\/9"}],"replies":[{"embeddable":true,"href":"https:\/\/elfsight.com\/de\/wp-json\/wp\/v2\/comments?post=20469"}],"version-history":[{"count":6,"href":"https:\/\/elfsight.com\/de\/wp-json\/wp\/v2\/pages\/20469\/revisions"}],"predecessor-version":[{"id":23499,"href":"https:\/\/elfsight.com\/de\/wp-json\/wp\/v2\/pages\/20469\/revisions\/23499"}],"up":[{"embeddable":true,"href":"https:\/\/elfsight.com\/de\/wp-json\/wp\/v2\/pages\/829"}],"wp:attachment":[{"href":"https:\/\/elfsight.com\/de\/wp-json\/wp\/v2\/media?parent=20469"}],"curies":[{"name":"wp","href":"https:\/\/api.w.org\/{rel}","templated":true}]}}