{"id":20463,"date":"2024-05-03T06:37:54","date_gmt":"2024-05-03T06:37:54","guid":{"rendered":"https:\/\/elfsight.com\/de\/?page_id=20463"},"modified":"2025-01-13T09:02:20","modified_gmt":"2025-01-13T09:02:20","slug":"opencart","status":"publish","type":"page","link":"https:\/\/elfsight.com\/de\/online-form-builder\/opencart\/","title":{"rendered":"Form Builder &#8211; OpenCart"},"content":{"rendered":"<div class=\"application-platform-content-item-description application-platform-content-item\" id=\"description\" data-nav-section=\"description\">\n<h2>Benutzerdefinierter Formularersteller f\u00fcr OpenCart<\/h2>\nDies ist eine umfassende L\u00f6sung zum Erstellen verschiedener Arten von Ausf\u00fcllformularen und deren Anzeige auf jeder Website. Erhalten Sie Daten von Ihrem bestehenden und potenziellen Publikum durch praktische Umfragen, Feedback-Formulare, Bewertungsanfragen und andere Arten von Formularen. Definieren Sie das Formularger\u00fcst und w\u00e4hlen Sie Elemente aus, um einzigartige Formulare zu generieren, die Ihnen mehr Feedback von Kunden bringen. Ganz gleich, welche Art von Informationen Sie ben\u00f6tigen: Eindr\u00fccke, Bewertungen, Reservierungen und Anfragen \u2013 mit Elfsight Form Builder k\u00f6nnen Sie ein entsprechendes Ausf\u00fcllformular daf\u00fcr erstellen. Dank der flexiblen Struktur und einer Vielzahl verf\u00fcgbarer Segmente wird Ihr Formular f\u00fcr Ihre Kunden benutzerfreundlich und f\u00fcr Sie praktisch.\n\n<b>Etablieren Sie Buchung und Einkauf \u00fcber praktische Formulare f\u00fcr schnelles und einfaches Einkaufen!<\/b>\n<ul>\n \t<li><b>Erstellen Sie attraktive Formulare, um mehr Feedback zu sammeln<\/b>. Ihnen steht eine Reihe von Segmenten zur Verf\u00fcgung, mit denen Sie spannende und praktikable Formulare entwerfen k\u00f6nnen. Verschiedene Stiloptionen unserer Erweiterung tragen dazu bei, dass sie auff\u00e4llig wird und mehr Kunden zum Ausf\u00fcllen anzieht.<\/li>\n \t<li><b>Erh\u00f6hen Sie die Anzahl der Leads mit \u00fcberschaubaren Formularen<\/b>. Lassen Sie die Kundschaft nicht abwandern Der F\u00fcllvorgang ist noch nicht abgeschlossen. Gestalten Sie Formulare, die aus praktischen Phasen bestehen und eine einfache Struktur haben, die Kunden bis zum Ende fesseln und die Anzahl der Leads erh\u00f6hen.<\/li>\n \t<li><b>Sparen Sie Zeit und Geld mit einem Mehrzweck-Tool<\/b>. Dieses universelle Werkzeug erm\u00f6glicht die Erstellung verschiedener Formen mit verschiedenen Komponentens\u00e4tzen und unterschiedlichem Rahmen. Dies wird Ihnen helfen, Formulare zu konfigurieren, um Einblicke in verschiedenen Formaten zu sammeln, ohne zus\u00e4tzlich mehr Geld und Zeit zu investieren.<\/li>\n<\/ul>\n<\/div><div class=\"application-platform-content-item-features application-platform-content-item\" id=\"features\" data-nav-section=\"features\">\n<h2>Funktionen des Form Builder-Plugins<\/h2>\nWas macht unseren Form Builder zur besten Erweiterung f\u00fcr Feedback und Anfragen zu OpenCart?\n<ul>\n \t<li>Erstellen Sie klassische und Schritt-f\u00fcr-Schritt-Formulare, indem Sie Elemente in Gruppen zusammenfassen.<\/li>\n \t<li>Jedes Feld kann erstellt werden Zum Ausf\u00fcllen ist ein Sternchen (*) erforderlich, um dies anzuzeigen.<\/li>\n \t<li>Vergeben Sie eine beliebige E-Mail-Adresse, und die Ergebnisse des Ausf\u00fcllens des Formulars werden automatisch dorthin gesendet.<\/li>\n \t<li>Umschaltbarer Fortschrittsbalken bei Schritt-f\u00fcr-Schritt-Anleitung Format wird angewendet;<\/li>\n \t<li>5 vordefinierte Stile f\u00fcr Formularfelder.<\/li>\n<\/ul>\n<a href=\"#demo\">Weitere Funktionen in unserem Editor<\/a><\/div><div class=\"application-platform-content-item-installation application-platform-content-item\" id=\"installation\" data-nav-section=\"installation\">\n<h2>So f\u00fcgen Sie Form Builder zur OpenCart-Website hinzu<\/h2>\nBefolgen Sie einfach die nachstehenden Anweisungen, um das Widget in OpenCart einzubetten.\n<ol>\n \t<li><b>Verwalten Sie unsere kostenlose Demo und beginnen Sie mit der Erstellung Ihres eigene Erweiterung. <\/b>Bestimmen Sie das bevorzugte Layout und die Aspekte der Erweiterung und speichern Sie die Korrekturen.<\/li>\n \t<li><b>Erhalten Sie den pers\u00f6nlichen Code, der in der Box auf Elfsight Apps angezeigt wird. <\/b>Wenn die Erstellung Ihres pers\u00f6nlichen Widgets abgeschlossen ist, kopieren Sie den exklusiven Code aus dem angezeigten Feld und speichern Sie ihn f\u00fcr die zuk\u00fcnftige Verwendung.<\/li>\n \t<li><b>Beginnen Sie mit der Verwendung des Form Builder auf Ihrer OpenCart-Website. <\/b>Platzieren Sie den k\u00fcrzlich kopierten Code auf Ihrer Website und speichern Sie die Anpassungen.<\/li>\n \t<li><b>Die Einrichtung ist vollst\u00e4ndig abgeschlossen. <\/b>Besuchen Sie Ihre Website, um die Leistung des Tools in Aktion zu sehen.<\/li>\n<\/ol>\nHaben Sie Probleme bei der Installation der Erweiterung oder ihrer Anpassung? Senden Sie eine Nachricht an den Elfsight-Kundensupport oder versuchen Sie, eine vollst\u00e4ndige Anleitung \u201e<a href=\"https:\/\/elfsight.com\/tutorials\/how-to-add-form-builder-to-opencart\/\">Einbettung der Formularerweiterung\u201c zu lesen auf OpenCart<\/a>\u201c.<div class=\"faq\" data-component=\"FAQ\"> <div class=\"faq-item\">\r\n\t\t\t\t\t<div class=\"faq-item-question\">\r\n\t\t\t\t\t\t<h3 class=\"faq-item-question-text\">Wie kann ich Form Builder ohne Programmierkenntnisse zu meiner OpenCart-Website hinzuf\u00fcgen?<\/h3>\r\n\r\n\t\t\t\t\t\t<div class=\"faq-item-question-icon\"><\/div>\r\n\t\t\t\t\t<\/div>\r\n\r\n\t\t\t\t\t<div class=\"faq-item-answer\">\r\n\t\t\t\t\t\t<div class=\"faq-item-answer-text\">Elfsight bietet eine SaaS-L\u00f6sung, mit der Sie selbst ein Form Builder-Widget erstellen k\u00f6nnen. Sehen Sie, wie einfach es ist Der Prozess ist: Arbeiten Sie direkt im Online-Editor, um ein Form Builder-Widget zu erstellen, das Sie auf Ihrer OpenCart-Website sehen m\u00f6chten. W\u00e4hlen Sie eine der vorgefertigten Vorlagen aus und passen Sie die Form Builder-Einstellungen an, f\u00fcgen Sie Ihre Inhalte hinzu, \u00e4ndern Sie das Layout und das Farbschema ohne Programmierkenntnisse. Speichern Sie den Form Builder und kopieren Sie seinen Installationscode, damit Sie ihn einfach zu Ihrer OpenCart-Website hinzuf\u00fcgen k\u00f6nnen, ohne ein kostenpflichtiges Abonnement zu kaufen. Mit unserem intuitiven Editor kann jeder Internetnutzer online ein Form Builder-Widget erstellen und es einfach in seine OpenCart-Website einbetten. Sie m\u00fcssen weder bezahlen noch Ihre Kartendaten eingeben, um auf den Service zuzugreifen. Wenn Sie bei irgendeinem Schritt auf Probleme sto\u00dfen, wenden Sie sich bitte an unser technisches Support-Team.<\/div>\r\n\t\t\t\t\t<\/div>\r\n\t\t\t\t<\/div><div class=\"faq-item\">\r\n\t\t\t\t\t<div class=\"faq-item-question\">\r\n\t\t\t\t\t\t<h3 class=\"faq-item-question-text\">Haben Sie vorgefertigte Form Builder-Vorlagen f\u00fcr die OpenCart-Website?<\/h3>\r\n\r\n\t\t\t\t\t\t<div class=\"faq-item-question-icon\"><\/div>\r\n\t\t\t\t\t<\/div>\r\n\r\n\t\t\t\t\t<div class=\"faq-item-answer\">\r\n\t\t\t\t\t\t<div class=\"faq-item-answer-text\">Ja. Unser Team hat hart daran gearbeitet, eine riesige Sammlung von \u00fcber 300 Vorlagen zu erstellen, wie zum Beispiel <a href=\"https:\/\/elfsight.com\/online-form-builder\/templates\/application-forms\/\">Bewerbungsformulare<\/a>, <a href=\"https:\/\/elfsight.com\/online-form-builder\/templates\/booking-forms\/\">Buchungsformulare<\/a>, <a href=\"https:\/\/elfsight.com\/online-form -builder\/templates\/order-forms\/\">Bestellformulare<\/a>, <a href=\"https:\/\/elfsight.com\/online-form-builder\/templates\/product-forms\/\">Produktformulare<\/a>, <a href=\"https:\/\/elfsight.com\/online-form-builder\/templates\/questionnaires\/\">Frageb\u00f6gen<\/a>, <a href=\"https:\/\/elfsight.com\/online-form- builder\/templates\/quizzes\/\">Quiz<\/a>, <a href=\"https:\/\/elfsight.com\/online-form-builder\/templates\/surveys\/\">Umfragen<\/a>, <a href=\"https:\/\/elfsight.com\/online-form-builder\/templates\/file-upload-forms\/\">Datei-Upload-Formulare<\/a> und viele andere. Mit den <a href=\"https:\/\/elfsight.com\/online-form-builder\/templates\/\">Form Builder-Vorlagen<\/a> wird es also nicht so schwierig sein, die richtige L\u00f6sung zu finden.<\/div>\r\n\t\t\t\t\t<\/div>\r\n\t\t\t\t<\/div> <\/div><\/div>","protected":false},"excerpt":{"rendered":"","protected":false},"author":9,"featured_media":0,"parent":829,"menu_order":0,"comment_status":"closed","ping_status":"closed","template":"templates\/template-application-platform.php","meta":{"publish_to_discourse":"","publish_post_category":"","wpdc_auto_publish_overridden":"","wpdc_topic_tags":"","wpdc_pin_topic":"","wpdc_pin_until":"","discourse_post_id":"","discourse_permalink":"","wpdc_publishing_response":"","wpdc_publishing_error":"","footnotes":""},"class_list":["post-20463","page","type-page","status-publish","hentry"],"yoast_head":"<!-- This site is optimized with the Yoast SEO plugin v25.3.1 - https:\/\/yoast.com\/wordpress\/plugins\/seo\/ -->\n<title>Erstellen Sie kostenlos ein benutzerdefiniertes Formular auf OpenCart und f\u00fcgen Sie es hinzu!<\/title>\n<meta name=\"description\" content=\"Entwerfen Sie in nur wenigen Minuten Ihren speziellen Online-Formular-Builder f\u00fcr OpenCart. Testen Sie den Soforteditor zum Entwerfen von Formularerweiterungen von Elfsight v\u00f6llig kostenlos.\" \/>\n<meta name=\"robots\" content=\"index, follow, max-snippet:-1, max-image-preview:large, max-video-preview:-1\" \/>\n<link rel=\"canonical\" href=\"https:\/\/elfsight.com\/de\/online-form-builder\/opencart\/\" \/>\n<meta property=\"og:locale\" content=\"de_DE\" \/>\n<meta property=\"og:type\" content=\"article\" \/>\n<meta property=\"og:title\" content=\"Erstellen Sie kostenlos ein benutzerdefiniertes Formular auf OpenCart und f\u00fcgen Sie es hinzu!\" \/>\n<meta property=\"og:description\" content=\"Entwerfen Sie in nur wenigen Minuten Ihren speziellen Online-Formular-Builder f\u00fcr OpenCart. Testen Sie den Soforteditor zum Entwerfen von Formularerweiterungen von Elfsight v\u00f6llig kostenlos.\" \/>\n<meta property=\"og:url\" content=\"https:\/\/elfsight.com\/de\/online-form-builder\/opencart\/\" \/>\n<meta property=\"og:site_name\" content=\"Elfsight DE\" \/>\n<meta property=\"article:modified_time\" content=\"2025-01-13T09:02:20+00:00\" \/>\n<meta name=\"twitter:card\" content=\"summary_large_image\" \/>\n<meta name=\"twitter:label1\" content=\"Gesch\u00e4tzte Lesezeit\" \/>\n\t<meta name=\"twitter:data1\" content=\"4\u00a0Minuten\" \/>\n<!-- \/ Yoast SEO plugin. -->","yoast_head_json":{"title":"Erstellen Sie kostenlos ein benutzerdefiniertes Formular auf OpenCart und f\u00fcgen Sie es hinzu!","description":"Entwerfen Sie in nur wenigen Minuten Ihren speziellen Online-Formular-Builder f\u00fcr OpenCart. Testen Sie den Soforteditor zum Entwerfen von Formularerweiterungen von Elfsight v\u00f6llig kostenlos.","robots":{"index":"index","follow":"follow","max-snippet":"max-snippet:-1","max-image-preview":"max-image-preview:large","max-video-preview":"max-video-preview:-1"},"canonical":"https:\/\/elfsight.com\/de\/online-form-builder\/opencart\/","og_locale":"de_DE","og_type":"article","og_title":"Erstellen Sie kostenlos ein benutzerdefiniertes Formular auf OpenCart und f\u00fcgen Sie es hinzu!","og_description":"Entwerfen Sie in nur wenigen Minuten Ihren speziellen Online-Formular-Builder f\u00fcr OpenCart. Testen Sie den Soforteditor zum Entwerfen von Formularerweiterungen von Elfsight v\u00f6llig kostenlos.","og_url":"https:\/\/elfsight.com\/de\/online-form-builder\/opencart\/","og_site_name":"Elfsight DE","article_modified_time":"2025-01-13T09:02:20+00:00","twitter_card":"summary_large_image","twitter_misc":{"Gesch\u00e4tzte Lesezeit":"4\u00a0Minuten"},"schema":{"@context":"https:\/\/schema.org","@graph":[{"@type":"WebPage","@id":"https:\/\/elfsight.com\/de\/online-form-builder\/opencart\/","url":"https:\/\/elfsight.com\/de\/online-form-builder\/opencart\/","name":"Erstellen Sie kostenlos ein benutzerdefiniertes Formular auf OpenCart und f\u00fcgen Sie es hinzu!","isPartOf":{"@id":"https:\/\/elfsight.com\/de\/#website"},"datePublished":"2024-05-03T06:37:54+00:00","dateModified":"2025-01-13T09:02:20+00:00","description":"Entwerfen Sie in nur wenigen Minuten Ihren speziellen Online-Formular-Builder f\u00fcr OpenCart. Testen Sie den Soforteditor zum Entwerfen von Formularerweiterungen von Elfsight v\u00f6llig kostenlos.","breadcrumb":{"@id":"https:\/\/elfsight.com\/de\/online-form-builder\/opencart\/#breadcrumb"},"inLanguage":"de","potentialAction":[{"@type":"ReadAction","target":["https:\/\/elfsight.com\/de\/online-form-builder\/opencart\/"]}]},{"@type":"BreadcrumbList","@id":"https:\/\/elfsight.com\/de\/online-form-builder\/opencart\/#breadcrumb","itemListElement":[{"@type":"ListItem","position":1,"name":"Home","item":"https:\/\/elfsight.com\/de\/"},{"@type":"ListItem","position":2,"name":"Form Builder","item":"https:\/\/elfsight.com\/de\/online-form-builder\/"},{"@type":"ListItem","position":3,"name":"Form Builder &#8211; OpenCart"}]},{"@type":"WebSite","@id":"https:\/\/elfsight.com\/de\/#website","url":"https:\/\/elfsight.com\/de\/","name":"Elfsight DE","description":"Just another Elfsight Sites site","potentialAction":[{"@type":"SearchAction","target":{"@type":"EntryPoint","urlTemplate":"https:\/\/elfsight.com\/de\/?s={search_term_string}"},"query-input":{"@type":"PropertyValueSpecification","valueRequired":true,"valueName":"search_term_string"}}],"inLanguage":"de"}]}},"meta_box":{"industry":"","seo_heading":"","heading":"","description":"","cta_heading":"","cta_description":"","application":"469","h1":"Online-Formular-Builder f\u00fcr OpenCart","h1_caption":"Erstellen Sie anpassbare Formulare f\u00fcr jeden Zweck \u2013 Feedback, Umfragen, Kontaktformulare \u2013 ohne Programmierung, sodass Sie m\u00fchelos Informationen von Ihren Benutzern auf Ihrer Opencart-Website sammeln k\u00f6nnen.","application_category":[],"applications_title":"","applications_request_title":"","applications_request_button_text":"","hero_text":"","hero_video":"","hero_video_schema_markup":"","selling_points_title":"","selling_points_caption":"","selling_points":[],"selling_points_cta_text":"","features_title":"","features":"","ed_cta_examples_text":"","ed_cta_examples_hidden":"","ed_cta_demo_text":"","ed_cta_demo_hidden":"","why_caption":"","why_editor_title":"","why_editor_text":"","why_team_title":"","why_team_text":"","why_service_title":"","why_service_text":"","template_catalog_visible":"0","template_catalog_title":"","template_catalog_text":"","template_catalog_categories_visible":"","demo_title":"Erstellen Sie Ihre Form Builder-Erweiterung","demo_caption":"Konfigurieren Sie Ihren Form Builder und f\u00fcgen Sie ihn kostenlos zu Ihrer OpenCart-Website hinzu!","default_faq_hidden":"","app_template_category":[],"platform":"254","template_public_id":"","codecanyon_url":"","codecanyon_item_id":"","codecanyon_price":"","pricing_caption":"","pricing_elfsight_apps_hide_column":"","pricing_elfsight_apps_url":"","pricing_codecanyon_price_caption":"","integration_category":[],"integration_request_title":"","integration_request_cta":"","integration_platform":"","integrations":[],"platform_category":[],"video_schema_markup":"","price":"ab 0 $ \/ Monat","trial":"","benefits":[{"text":"Kostenloser Installationsservice"},{"text":"Effektiver Kundenservice"},{"text":"14-t\u00e4gige R\u00fcckerstattungsgarantie"},{"text":"Fortlaufende Entwicklung"}],"button_url":"#demo","button_target_blank":"0","button_nofollow":"0","attributes":[{"name":"Installiert","content":"100,000 - 500,000"},{"name":"Reaktionsfreudig","content":"Ja"},{"name":"Kompatible Browser","content":"Chrome, Edge, Safari, Opera, Firefox"}],"tags":[],"tags_disable_links":"0","hide_more_platforms":"","video_object":"","demo_hide_cta":"0","demo_hide_cloud_options":"0","pricing_title":"","pricing":[{"pricing_icon":"platform","pricing_title":"Elfsight Apps","pricing_title_caption":"Multiplattform-L\u00f6sung, die auf jeder Website funktioniert","pricing_price":"ab 0 $ \/ Monat","pricing_price_caption":"Beginnen Sie mit einem kostenlosen Plan","pricing_benefits":[{"text":"Unbegrenzte Websites"},{"text":"Kostenloser und p\u00fcnktlicher Support"},{"text":"Kostenloser Installationssupport"},{"text":"Flexibles Design"}],"pricing_button_text":"Zur Website hinzuf\u00fcgen","pricing_button_url":"#demo"}],"related_apps_title":"","related_apps_hidden":"0","author":"","image":[],"title":"","job":"","social_networks":[]},"_links":{"self":[{"href":"https:\/\/elfsight.com\/de\/wp-json\/wp\/v2\/pages\/20463","targetHints":{"allow":["GET"]}}],"collection":[{"href":"https:\/\/elfsight.com\/de\/wp-json\/wp\/v2\/pages"}],"about":[{"href":"https:\/\/elfsight.com\/de\/wp-json\/wp\/v2\/types\/page"}],"author":[{"embeddable":true,"href":"https:\/\/elfsight.com\/de\/wp-json\/wp\/v2\/users\/9"}],"replies":[{"embeddable":true,"href":"https:\/\/elfsight.com\/de\/wp-json\/wp\/v2\/comments?post=20463"}],"version-history":[{"count":3,"href":"https:\/\/elfsight.com\/de\/wp-json\/wp\/v2\/pages\/20463\/revisions"}],"predecessor-version":[{"id":23503,"href":"https:\/\/elfsight.com\/de\/wp-json\/wp\/v2\/pages\/20463\/revisions\/23503"}],"up":[{"embeddable":true,"href":"https:\/\/elfsight.com\/de\/wp-json\/wp\/v2\/pages\/829"}],"wp:attachment":[{"href":"https:\/\/elfsight.com\/de\/wp-json\/wp\/v2\/media?parent=20463"}],"curies":[{"name":"wp","href":"https:\/\/api.w.org\/{rel}","templated":true}]}}