{"id":20462,"date":"2024-05-03T06:37:53","date_gmt":"2024-05-03T06:37:53","guid":{"rendered":"https:\/\/elfsight.com\/de\/?page_id=20462"},"modified":"2025-01-13T09:06:41","modified_gmt":"2025-01-13T09:06:41","slug":"shopify","status":"publish","type":"page","link":"https:\/\/elfsight.com\/de\/online-form-builder\/shopify\/","title":{"rendered":"Form Builder &#8211; Shopify"},"content":{"rendered":"<div class=\"application-platform-content-item-description application-platform-content-item\" id=\"description\" data-nav-section=\"description\"><\/p>\n<h2>Form Builder mit dem Elfsight-Widget in Shopify einbetten<\/h2>\n<p>Unsere Shopify Form Builder-App ist eine vielseitige L\u00f6sung, mit der Sie jeden Typ von Formular erstellen und Ihrem Shopify-Shop hinzuf\u00fcgen k\u00f6nnen. Egal, ob Sie ein benutzerdefiniertes Formular, ein Feedback-Formular oder eine andere Art von Formular erstellen m\u00f6chten, unsere App macht es Ihnen ganz einfach. Mit nur wenigen Klicks k\u00f6nnen Sie ein Formular auf Shopify erstellen und mit der Datenerfassung Ihrer Kunden beginnen. Mit unserer benutzerdefinierten Shopify-Formular-App haben Sie die vollst\u00e4ndige Kontrolle \u00fcber das Formulardesign und k\u00f6nnen so Formulare erstellen, die nicht nur funktional, sondern auch optisch ansprechend sind. Egal, ob Sie Feedback, Bewertungen, Reservierungen oder Verk\u00e4ufe sammeln m\u00f6chten, mit unserer App sind Sie an der richtigen Adresse. Und mit unserer benutzerfreundlichen Oberfl\u00e4che und dem intuitiven Formularersteller k\u00f6nnen Sie Formulare erstellen, die f\u00fcr Ihre Kunden einfach zu verwenden und f\u00fcr Sie effektiv zu verwalten sind.<\/p>\n<p><b>Sammeln Sie die Meinungen, Ideen, Gef\u00fchle und Bewertungen Ihrer Kunden, um Ihr Gesch\u00e4ft zu entwickeln!<\/b><\/p>\n<ul>\n<li><b>Erstellen Sie attraktive Formulare, um mehr Feedback zu sammeln.<\/b> Nutzen Sie alle Parameter des Plugins von Elfsight, um praktische Ausf\u00fcllformulare zu erstellen. Definieren Sie Segmente und steuern Sie die Zusammensetzung, um Ihre Formulare formsch\u00f6n und handlich zu gestalten. Wenden Sie Stilparameter f\u00fcr ein bemerkenswertes Erscheinungsbild an, um mehr Feedback zu erhalten.<\/li>\n<li><b>Erh\u00f6hen Sie die Anzahl der Leads mit \u00fcberschaubaren Formularen.<\/b> Lassen Sie nicht zu, dass Kunden den Ausf\u00fcllvorgang unvollst\u00e4ndig abbrechen, sodass Ihnen wertvolle Informationen entgehen. Konfigurieren Sie Formulare mit praktischen Phasen und einem einfachen Rahmen, der das Publikum bis zum Ende einbezieht und die Anzahl der Leads erh\u00f6ht.<\/li>\n<li><b>Sparen Sie Zeit und Geld mit einem Mehrzweck-Tool.<\/b> Dieses umfassende Instrument erm\u00f6glicht die Konstruktion vielf\u00e4ltiger Varianten mit vielf\u00e4ltigen Elements\u00e4tzen und unterschiedlichem Aufbau. Dies wird Ihnen dabei helfen, Formulare zu erstellen, um verschiedene Arten von Erkenntnissen zu sammeln, ohne zus\u00e4tzliches Geld und Zeit aufzuwenden.<\/li>\n<\/ul>\n<p><\/div>\n\n\n<div class=\"application-platform-content-item-features application-platform-content-item\" id=\"features\" data-nav-section=\"features\"><\/p>\n<h2>Funktionen des Form Builder-Plugins<\/h2>\n<p>Was macht Elfsight Online Form Builder zu einem der besten Plugins auf Shopify f\u00fcr den Empfang von Feedback?<\/p>\n<ul>\n<li>Erstellen Sie eine Beschreibung f\u00fcr jedes Element, die unter der Beschriftung angezeigt wird;<\/li>\n<li>Option zum Aufteilen der Felder in mehrere Spalten;<\/li>\n<li>Bearbeitbare Texte der Dankesnachricht und der Schaltfl\u00e4che zum wiederholten Ausf\u00fcllen des Formulars;<\/li>\n<li>Legen Sie die benutzerdefinierte Breite des Formulars im Standard- und Box-Layout fest;<\/li>\n<li>5 vordefinierte Stile f\u00fcr Formularfelder.<\/li>\n<\/ul>\n<p><a href=\"#demo\">Lesen Sie alle Details<\/a><\/p>\n<p><\/div>\n\n\n<div class=\"application-platform-content-item-installation application-platform-content-item\" id=\"installation\" data-nav-section=\"installation\"><\/p>\n<h2>So f\u00fcgen Sie die Form Builder-App zur Shopify-Website hinzu<\/h2>\n<div class=\"video-container\"><iframe src=\"https:\/\/www.youtube.com\/embed\/jXxLmKtgMsQ\" width=\"720\" height=\"405\" frameborder=\"0\" allowfullscreen=\"allowfullscreen\"><\/iframe><\/div>\n<p>Die vollst\u00e4ndige Dauer der Installation betr\u00e4gt ca. 60 Sekunden, dar\u00fcber hinaus sind keine Entwicklungskenntnisse erforderlich.<\/p>\n<ol>\n<li><b>Verwalten Sie unseren kostenlosen Editor und starten Sie die Arbeiten mit Ihrer einzigartigen App.<\/b> W\u00e4hlen Sie das gew\u00fcnschte Aussehen und die gew\u00fcnschte Funktionalit\u00e4t der App und speichern Sie alle Korrekturen.<\/li>\n<li><b>Sie erhalten den eindeutigen Code, der in der Box auf Elfsight Apps gezeigt wird.<\/b> Sobald die Einrichtung Ihrer pers\u00f6nlichen App abgeschlossen ist, kopieren Sie den pers\u00f6nlichen Code aus dem angezeigten Fenster und bewahren Sie ihn f\u00fcr zuk\u00fcnftige Gelegenheiten auf.<\/li>\n<li><b>Geben Sie die Verwendung der App auf der Shopify-Website ein.<\/b> Integrieren Sie den k\u00fcrzlich kopierten Code in Ihre Website und speichern Sie die \u00c4nderungen.<\/li>\n<li><b>Die Einrichtung ist vollst\u00e4ndig abgeschlossen.<\/b> \u00d6ffnen Sie Ihre Website, um die Arbeit der App zu sehen.<\/li>\n<\/ol>\n<p>Haben Sie Fragen zur Demonstration der App oder zur Personalisierung Ihrer eigenen Erweiterung? Wenden Sie sich an das Elfsight-Supportteam oder sehen Sie sich eine detaillierte Anleitung an: \u00ab<a href=\"https:\/\/elfsight.com\/blog\/adding-form-to-shopify-free-online-form-builder-app\/\" target=\"_blank\" rel=\"noopener\">Erstellen von Formularen auf Shopify<\/a>\u00bb.<\/p>\n<p><\/div>\n\n\n\n<div class=\"faq\" data-component=\"FAQ\">\n<div class=\"faq-item\">\r\n\t\t\t\t\t<div class=\"faq-item-question\">\r\n\t\t\t\t\t\t<h3 class=\"faq-item-question-text\">Sind Ihre Formulare sicher?<\/h3>\r\n\r\n\t\t\t\t\t\t<div class=\"faq-item-question-icon\"><\/div>\r\n\t\t\t\t\t<\/div>\r\n\r\n\t\t\t\t\t<div class=\"faq-item-answer\">\r\n\t\t\t\t\t\t<div class=\"faq-item-answer-text\">\n<p>Unser Form Builder-Widget wird mit dem leistungsst\u00e4rksten reCAPTCHA-Tool geliefert. Es wurde hinzugef\u00fcgt, um Ihr Formular und Ihr Postfach vor Spam und Bots zu sch\u00fctzen und eine einfache Arbeit und nur wichtige Daten sicherzustellen.<\/p>\n<\/div>\r\n\t\t\t\t\t<\/div>\r\n\t\t\t\t<\/div>\n\n<div class=\"faq-item\">\r\n\t\t\t\t\t<div class=\"faq-item-question\">\r\n\t\t\t\t\t\t<h3 class=\"faq-item-question-text\">Gibt es Vorlagen, die bedingte Logikformulare\/Mehrfachfelder\/E-Mail-Formulare unterst\u00fctzen?<\/h3>\r\n\r\n\t\t\t\t\t\t<div class=\"faq-item-question-icon\"><\/div>\r\n\t\t\t\t\t<\/div>\r\n\r\n\t\t\t\t\t<div class=\"faq-item-answer\">\r\n\t\t\t\t\t\t<div class=\"faq-item-answer-text\">\n<p>Klar! Sie m\u00fcssen sich lediglich beim Elfsight Apps-Dienst anmelden, eine relevante Vorlage ausw\u00e4hlen und dann mit der Erstellung Ihres Tools beginnen.<\/p>\n<\/div>\r\n\t\t\t\t\t<\/div>\r\n\t\t\t\t<\/div>\n\n<div class=\"faq-item\">\r\n\t\t\t\t\t<div class=\"faq-item-question\">\r\n\t\t\t\t\t\t<h3 class=\"faq-item-question-text\">Auf welche Weise kann ich ein Kontakt-\/Feedback-Formular f\u00fcr meine Shopify-Site erstellen?<\/h3>\r\n\r\n\t\t\t\t\t\t<div class=\"faq-item-question-icon\"><\/div>\r\n\t\t\t\t\t<\/div>\r\n\r\n\t\t\t\t\t<div class=\"faq-item-answer\">\r\n\t\t\t\t\t\t<div class=\"faq-item-answer-text\">\n<p>Um ein Kontakt- oder Feedback-Formular zu erstellen, m\u00fcssen Sie sich bei Elfsight Apps anmelden und alle wesentlichen \u00c4nderungen am Widget vornehmen. Wenn Sie fertig sind, speichern Sie Ihre \u00c4nderungen und fahren Sie mit der Website fort. Fertig.<\/p>\n<\/div>\r\n\t\t\t\t\t<\/div>\r\n\t\t\t\t<\/div>\n\n<div class=\"faq-item\">\r\n\t\t\t\t\t<div class=\"faq-item-question\">\r\n\t\t\t\t\t\t<h3 class=\"faq-item-question-text\">Gibt es benutzerdefinierte Form Builder-Vorlagen f\u00fcr die Shopify-Website?<\/h3>\r\n\r\n\t\t\t\t\t\t<div class=\"faq-item-question-icon\"><\/div>\r\n\t\t\t\t\t<\/div>\r\n\r\n\t\t\t\t\t<div class=\"faq-item-answer\">\r\n\t\t\t\t\t\t<div class=\"faq-item-answer-text\">\n<p>Ja, absolut! Es gibt \u00fcber 300 gebrauchsfertige Vorlagen f\u00fcr jeden Fall, wie zum Beispiel <a href=\"https:\/\/elfsight.com\/online-form-builder\/templates\/application-forms\/\" target=\"_blank\" rel=\"noopener\">Bewerbungsformulare<\/a>, <a href=\"https:\/\/elfsight.com\/online-form-builder\/templates\/booking-forms\/\" target=\"_blank\" rel=\"noopener\">Buchungsformulare<\/a>, <a href=\"https:\/\/elfsight.com\/online-form-builder\/templates\/order-forms\/\" target=\"_blank\" rel=\"noopener\">Bestellformulare<\/a>, <a href=\"https:\/\/elfsight.com\/online-form-builder\/templates\/product-forms\/\" target=\"_blank\" rel=\"noopener\">Produktformulare<\/a>, <a href=\"https:\/\/elfsight.com\/online-form-builder\/templates\/questionnaires\/\" target=\"_blank\" rel=\"noopener\">Frageb\u00f6gen<\/a>, <a href=\"https:\/\/elfsight.com\/online-form-builder\/templates\/quizzes\/\" target=\"_blank\" rel=\"noopener\">Quiz<\/a>, <a href=\"https:\/\/elfsight.com\/online-form-builder\/templates\/surveys\/\" target=\"_blank\" rel=\"noopener\">Umfragen<\/a>, <a href=\"https:\/\/elfsight.com\/online-form-builder\/templates\/file-upload-forms\/\" target=\"_blank\" rel=\"noopener\">Datei-Upload-Formulare<\/a> und viele mehr. Testen Sie gerne <a href=\"https:\/\/elfsight.com\/online-form-builder\/templates\/\" target=\"_blank\" rel=\"noopener\">Form Builder-Vorlagen<\/a> und teilen Sie uns Ihre Meinung mit.<\/p>\n<\/div>\r\n\t\t\t\t\t<\/div>\r\n\t\t\t\t<\/div>\n<\/div>\n","protected":false},"excerpt":{"rendered":"","protected":false},"author":9,"featured_media":0,"parent":829,"menu_order":0,"comment_status":"closed","ping_status":"closed","template":"templates\/template-application-platform.php","meta":{"publish_to_discourse":"","publish_post_category":"","wpdc_auto_publish_overridden":"","wpdc_topic_tags":"","wpdc_pin_topic":"","wpdc_pin_until":"","discourse_post_id":"","discourse_permalink":"","wpdc_publishing_response":"","wpdc_publishing_error":"","footnotes":""},"class_list":["post-20462","page","type-page","status-publish","hentry"],"yoast_head":"<!-- This site is optimized with the Yoast SEO plugin v25.3.1 - https:\/\/yoast.com\/wordpress\/plugins\/seo\/ -->\n<title>Erstellen Sie kostenlos ein benutzerdefiniertes Formular auf Shopify und f\u00fcgen Sie es hinzu!<\/title>\n<meta name=\"description\" content=\"Erstellen Sie in nur 2 Minuten einen Online-Formular-Builder f\u00fcr Ihre Shopify-Website! Probieren Sie die kostenlose Demo von Elfsight aus, um Ihre eigene Form-App zu entwerfen.\" \/>\n<meta name=\"robots\" content=\"index, follow, max-snippet:-1, max-image-preview:large, max-video-preview:-1\" \/>\n<link rel=\"canonical\" href=\"https:\/\/elfsight.com\/de\/online-form-builder\/shopify\/\" \/>\n<meta property=\"og:locale\" content=\"de_DE\" \/>\n<meta property=\"og:type\" content=\"article\" \/>\n<meta property=\"og:title\" content=\"Erstellen Sie kostenlos ein benutzerdefiniertes Formular auf Shopify und f\u00fcgen Sie es hinzu!\" \/>\n<meta property=\"og:description\" content=\"Erstellen Sie in nur 2 Minuten einen Online-Formular-Builder f\u00fcr Ihre Shopify-Website! Probieren Sie die kostenlose Demo von Elfsight aus, um Ihre eigene Form-App zu entwerfen.\" \/>\n<meta property=\"og:url\" content=\"https:\/\/elfsight.com\/de\/online-form-builder\/shopify\/\" \/>\n<meta property=\"og:site_name\" content=\"Elfsight DE\" \/>\n<meta property=\"article:modified_time\" content=\"2025-01-13T09:06:41+00:00\" \/>\n<meta name=\"twitter:card\" content=\"summary_large_image\" \/>\n<meta name=\"twitter:label1\" content=\"Gesch\u00e4tzte Lesezeit\" \/>\n\t<meta name=\"twitter:data1\" content=\"5\u00a0Minuten\" \/>\n<!-- \/ Yoast SEO plugin. -->","yoast_head_json":{"title":"Erstellen Sie kostenlos ein benutzerdefiniertes Formular auf Shopify und f\u00fcgen Sie es hinzu!","description":"Erstellen Sie in nur 2 Minuten einen Online-Formular-Builder f\u00fcr Ihre Shopify-Website! Probieren Sie die kostenlose Demo von Elfsight aus, um Ihre eigene Form-App zu entwerfen.","robots":{"index":"index","follow":"follow","max-snippet":"max-snippet:-1","max-image-preview":"max-image-preview:large","max-video-preview":"max-video-preview:-1"},"canonical":"https:\/\/elfsight.com\/de\/online-form-builder\/shopify\/","og_locale":"de_DE","og_type":"article","og_title":"Erstellen Sie kostenlos ein benutzerdefiniertes Formular auf Shopify und f\u00fcgen Sie es hinzu!","og_description":"Erstellen Sie in nur 2 Minuten einen Online-Formular-Builder f\u00fcr Ihre Shopify-Website! Probieren Sie die kostenlose Demo von Elfsight aus, um Ihre eigene Form-App zu entwerfen.","og_url":"https:\/\/elfsight.com\/de\/online-form-builder\/shopify\/","og_site_name":"Elfsight DE","article_modified_time":"2025-01-13T09:06:41+00:00","twitter_card":"summary_large_image","twitter_misc":{"Gesch\u00e4tzte Lesezeit":"5\u00a0Minuten"},"schema":{"@context":"https:\/\/schema.org","@graph":[{"@type":"WebPage","@id":"https:\/\/elfsight.com\/de\/online-form-builder\/shopify\/","url":"https:\/\/elfsight.com\/de\/online-form-builder\/shopify\/","name":"Erstellen Sie kostenlos ein benutzerdefiniertes Formular auf Shopify und f\u00fcgen Sie es hinzu!","isPartOf":{"@id":"https:\/\/elfsight.com\/de\/#website"},"datePublished":"2024-05-03T06:37:53+00:00","dateModified":"2025-01-13T09:06:41+00:00","description":"Erstellen Sie in nur 2 Minuten einen Online-Formular-Builder f\u00fcr Ihre Shopify-Website! Probieren Sie die kostenlose Demo von Elfsight aus, um Ihre eigene Form-App zu entwerfen.","breadcrumb":{"@id":"https:\/\/elfsight.com\/de\/online-form-builder\/shopify\/#breadcrumb"},"inLanguage":"de","potentialAction":[{"@type":"ReadAction","target":["https:\/\/elfsight.com\/de\/online-form-builder\/shopify\/"]}]},{"@type":"BreadcrumbList","@id":"https:\/\/elfsight.com\/de\/online-form-builder\/shopify\/#breadcrumb","itemListElement":[{"@type":"ListItem","position":1,"name":"Home","item":"https:\/\/elfsight.com\/de\/"},{"@type":"ListItem","position":2,"name":"Form Builder","item":"https:\/\/elfsight.com\/de\/online-form-builder\/"},{"@type":"ListItem","position":3,"name":"Form Builder &#8211; Shopify"}]},{"@type":"WebSite","@id":"https:\/\/elfsight.com\/de\/#website","url":"https:\/\/elfsight.com\/de\/","name":"Elfsight DE","description":"Just another Elfsight Sites site","potentialAction":[{"@type":"SearchAction","target":{"@type":"EntryPoint","urlTemplate":"https:\/\/elfsight.com\/de\/?s={search_term_string}"},"query-input":{"@type":"PropertyValueSpecification","valueRequired":true,"valueName":"search_term_string"}}],"inLanguage":"de"}]}},"meta_box":{"industry":"","seo_heading":"","heading":"","description":"","cta_heading":"","cta_description":"","application":"469","h1":"Online-Formularersteller f\u00fcr Shopify","h1_caption":"Erstellen Sie anpassbare Formulare f\u00fcr jeden Zweck \u2013 Feedback, Umfragen, Kontaktformulare \u2013 ohne Programmierung, sodass Sie m\u00fchelos Informationen von Ihren Benutzern auf Ihrer Shopify-Website sammeln k\u00f6nnen.","application_category":[],"applications_title":"","applications_request_title":"","applications_request_button_text":"","hero_text":"","hero_video":"","hero_video_schema_markup":"","selling_points_title":"","selling_points_caption":"","selling_points":[],"selling_points_cta_text":"","features_title":"","features":"","ed_cta_examples_text":"","ed_cta_examples_hidden":"","ed_cta_demo_text":"","ed_cta_demo_hidden":"","why_caption":"","why_editor_title":"","why_editor_text":"","why_team_title":"","why_team_text":"","why_service_title":"","why_service_text":"","template_catalog_visible":"0","template_catalog_title":"","template_catalog_text":"","template_catalog_categories_visible":"","demo_title":"Erstellen Sie Ihre Form Builder-App","demo_caption":"Konfigurieren Sie Ihren Form Builder und f\u00fcgen Sie ihn kostenlos zu Ihrer Shopify-Website hinzu!","default_faq_hidden":"","app_template_category":[],"platform":"253","template_public_id":"","codecanyon_url":"","codecanyon_item_id":"","codecanyon_price":"","pricing_caption":"","pricing_elfsight_apps_hide_column":"","pricing_elfsight_apps_url":"","pricing_codecanyon_price_caption":"","integration_category":[],"integration_request_title":"","integration_request_cta":"","integration_platform":"","integrations":[],"platform_category":[],"video_schema_markup":"","price":"ab 0 $ \/ Monat","trial":"","benefits":[{"text":"Kostenloser Installationsservice"},{"text":"Premium-Support"},{"text":"14-t\u00e4gige Geld-zur\u00fcck-Garantie"},{"text":"Kontinuierliche kostenlose Updates"}],"button_url":"#demo","button_target_blank":"0","button_nofollow":"0","attributes":[{"name":"Installiert","content":"100,000 - 500,000"},{"name":"Reaktionsfreudig","content":"Ja"},{"name":"Kompatible Browser","content":"Firefox, Safari, Opera, Chrome, Edge"}],"tags":[],"tags_disable_links":"0","hide_more_platforms":"","video_object":"","demo_hide_cta":"0","demo_hide_cloud_options":"0","pricing_title":"","pricing":[{"pricing_icon":"platform","pricing_title":"Elfsight Apps","pricing_title_caption":"Plattform\u00fcbergreifende Version, die auf jeder Website funktioniert","pricing_price":"ab 0 $ \/ Monat","pricing_price_caption":"Beginnen Sie mit einem kostenlosen Plan","pricing_benefits":[{"text":"Unbegrenzte Websites"},{"text":"Premium-Support"},{"text":"Kostenloser Installationsservice"},{"text":"Sonderangebot f\u00fcr mehrere Apps"}],"pricing_button_text":"Zur Website hinzuf\u00fcgen","pricing_button_url":"#demo"}],"related_apps_title":"","related_apps_hidden":"0","author":"","image":[],"title":"","job":"","social_networks":[]},"_links":{"self":[{"href":"https:\/\/elfsight.com\/de\/wp-json\/wp\/v2\/pages\/20462","targetHints":{"allow":["GET"]}}],"collection":[{"href":"https:\/\/elfsight.com\/de\/wp-json\/wp\/v2\/pages"}],"about":[{"href":"https:\/\/elfsight.com\/de\/wp-json\/wp\/v2\/types\/page"}],"author":[{"embeddable":true,"href":"https:\/\/elfsight.com\/de\/wp-json\/wp\/v2\/users\/9"}],"replies":[{"embeddable":true,"href":"https:\/\/elfsight.com\/de\/wp-json\/wp\/v2\/comments?post=20462"}],"version-history":[{"count":5,"href":"https:\/\/elfsight.com\/de\/wp-json\/wp\/v2\/pages\/20462\/revisions"}],"predecessor-version":[{"id":23505,"href":"https:\/\/elfsight.com\/de\/wp-json\/wp\/v2\/pages\/20462\/revisions\/23505"}],"up":[{"embeddable":true,"href":"https:\/\/elfsight.com\/de\/wp-json\/wp\/v2\/pages\/829"}],"wp:attachment":[{"href":"https:\/\/elfsight.com\/de\/wp-json\/wp\/v2\/media?parent=20462"}],"curies":[{"name":"wp","href":"https:\/\/api.w.org\/{rel}","templated":true}]}}