{"id":20461,"date":"2024-05-03T06:37:52","date_gmt":"2024-05-03T06:37:52","guid":{"rendered":"https:\/\/elfsight.com\/de\/?page_id=20461"},"modified":"2025-01-13T09:09:45","modified_gmt":"2025-01-13T09:09:45","slug":"squarespace","status":"publish","type":"page","link":"https:\/\/elfsight.com\/de\/online-form-builder\/squarespace\/","title":{"rendered":"Form Builder &#8211; Squarespace"},"content":{"rendered":"<div class=\"application-platform-content-item-description application-platform-content-item\" id=\"description\" data-nav-section=\"description\">\n<h2>Benutzerdefinierter Formular-Builder f\u00fcr Squarespace<\/h2>\nUnser Form Builder ist ein vielseitiges Tool, mit dem Sie verschiedene Arten von Formularen erstellen k\u00f6nnen, einschlie\u00dflich Squarespace-Anmeldeformulare, mehrstufige Formulare und Registrierung Formulare, Umfrageformulare und mehr. Zeigen Sie sie auf Ihrer Website an und sammeln Sie Informationen von Ihren bestehenden und potenziellen Kunden. Passen Sie die Formularstruktur an und w\u00e4hlen Sie aus einer Vielzahl von Formularelementen, um personalisierte Formulare zu erstellen, die Ihren Gesch\u00e4ftsanforderungen entsprechen. Ganz gleich, ob Sie Feedback, Bewertungen, Bestellungen oder K\u00e4ufe sammeln m\u00fcssen \u2013 unser Form Builder hilft Ihnen bei der Erstellung eines Formulars, das Ihren Anforderungen entspricht. Mit einem responsiven Design und einer Vielzahl vorgefertigter Komponenten wird Ihr Formular f\u00fcr Ihre Kunden einfach zu verwenden und f\u00fcr Sie effektiv.\n\n<b>Erhalten Sie Kundenfeedback, bearbeiten Sie Buchungen und Fragen Ihrer Website-Kunden!<\/b>\n<ul>\n \t<li><b>Erstellen Sie attraktive Formulare, um mehr Feedback zu sammeln<\/b>. Ihnen steht ein reichhaltiger Satz an Elementen zur Verf\u00fcgung, mit denen Sie unterhaltsame und praktische Formulare erstellen k\u00f6nnen. Verschiedene Stilanpassungen des Elfsight-Widgets erm\u00f6glichen es, es heller zu gestalten und mehr Publikum zum Ausf\u00fcllen anzulocken.<\/li>\n \t<li><b>Erh\u00f6hen Sie die Anzahl der Leads mit \u00fcberschaubaren Formularen<\/b>. Lassen Sie Kunden nicht beim Ausf\u00fcllen stehen Prozess unvollendet. Erstellen Sie Formulare mit einfachen Schritten und praktischen Mustern, die Benutzer bis zum letzten Schritt fesseln und Ihre Leads steigern.<\/li>\n \t<li><b>Sparen Sie Zeit und Geld mit einem Mehrzweck-Tool<\/b>. Das gibt es nicht Sie m\u00fcssen viele verschiedene Instrumente erwerben, um alle Ihre Bed\u00fcrfnisse bei der Gestaltung von Feedback-Formularen f\u00fcr Ihre Website abzudecken. Unser Form Builder erm\u00f6glicht dank seiner vielf\u00e4ltigen Komponenten und seiner reaktionsschnellen Zusammensetzung die Erstellung des n\u00fctzlichsten Formulars zum Empfang von Informationen aller Kategorien.<\/li>\n<\/ul>\n<\/div><div class=\"application-platform-content-item-features application-platform-content-item\" id=\"features\" data-nav-section=\"features\">\n<h2>Funktionen des Form Builder-Plugins<\/h2>\nWas macht Elfsight Online Form Builder zu einem der besten Squarespace-Plugins zum Sammeln von Kundenbewertungen und -anfragen?\n<ul>\n \t<li>Formularkopfzeile mit Titel und Text anzeigen;<\/li>\n \t<li>Bearbeitbar Text der Schaltfl\u00e4che \u201eSenden\u201c;<\/li>\n \t<li>W\u00e4hlen Sie das Szenario nach der Formular\u00fcbermittlung: Dankesnachricht, Weiterleitung auf eine andere Seite oder Ausblenden des Formulars;<\/li>\n \t<li>Legen Sie die benutzerdefinierte Breite des Formulars in \u201eStandard\u201c und \u201eBoxed\u201c fest Layouts;<\/li>\n \t<li>5 vordefinierte Stile f\u00fcr Formularfelder.<\/li>\n<\/ul>\n<a href=\"#demo\">Probieren Sie sie alle aus<\/a><\/div><div class=\"application-platform-content-item-installation  application-platform-content-item\" id=\"installation \" data-nav-section=\"installation \">\n<h2>So f\u00fcgen Sie das Form Builder-Widget zur SquareSpace-Website hinzu<\/h2>\n<div class=\"video-container\"><iframe src=\"https:\/\/www.youtube.com\/embed\/aQin9AQ5iDA\" width=\"720\" height=\"405\" frameborder=\"0\" allowfullscreen=\"allowfullscreen\"><\/iframe><\/div>\nEinf\u00fchrungsplan zum Hinzuf\u00fcgen der Schaltfl\u00e4chen ohne Programmierkenntnisse oder die Beauftragung eines Nebenprogrammierers. Die Implementierung des Leitfadens dauert weniger als einige Minuten.\n<ol>\n \t<li><b>Erstellen Sie Ihren ma\u00dfgeschneiderten Form Builder<\/b>. Erstellen Sie mithilfe unserer kostenlosen Demo ein Plugin mit dem erforderlichen Layout und den erforderlichen Funktionen.<\/li>\n \t<li><b>Kopieren Sie den Code zur Integration des Plugins<\/b>. Erhalten Sie nach der Widget-Konfiguration den Code f\u00fcr das Formular-Plugin aus dem angezeigten Fenster in Elfsight Apps.<\/li>\n \t<li><b>Anzeige das Plugin auf der SquareSpace-Website<\/b>. Ver\u00f6ffentlichen Sie das Plugin auf der erforderlichen Seite der Website und speichern Sie die \u00c4nderungen.<\/li>\n \t<li><b>Sie haben die Installation vollst\u00e4ndig durchgef\u00fchrt<\/b>. Gehen Sie zu Ihrer Website, um Ihre Arbeit zu \u00fcberpr\u00fcfen.<\/li>\n<\/ol>\nHaben Sie Fragen zur Anwendung der Anleitung? Kontaktieren Sie unser Support-Team oder sehen Sie sich die umfassende Version der Anleitung an: \u201e<a href=\"https:\/\/elfsight.com\/blog\/how-to-embed-form-on-squarespace-website\/\" target=\"_blank \" rel=\"noopener\">So installieren Sie Form Builder auf Squarespace<\/a>\u201c und f\u00fchren die Einrichtung selbst durch.<div class=\"faq\" data-component=\"FAQ\"> <div class=\"faq-item\">\r\n\t\t\t\t\t<div class=\"faq-item-question\">\r\n\t\t\t\t\t\t<h3 class=\"faq-item-question-text\">Gibt es benutzerdefinierte Form Builder-Vorlagen f\u00fcr die Squarespace-Website?<\/h3>\r\n\r\n\t\t\t\t\t\t<div class=\"faq-item-question-icon\"><\/div>\r\n\t\t\t\t\t<\/div>\r\n\r\n\t\t\t\t\t<div class=\"faq-item-answer\">\r\n\t\t\t\t\t\t<div class=\"faq-item-answer-text\">Ja . Elfsight hat eine gro\u00dfe Auswahl von \u00fcber 300 <a href=\"https:\/\/elfsight.com\/online-form-builder\/templates\/\">Form Builder-Vorlagen<\/a> mit anpassbaren Elementen und Funktionen vorbereitet. Sie k\u00f6nnen eine Formularvorlage f\u00fcr jeden Anlass finden, zum Beispiel <a href=\"https:\/\/elfsight.com\/online-form-builder\/templates\/application-forms\/\">Bewerbungsformulare<\/a>, <a href=\"https:\/\/elfsight.com\/online-form-builder\/templates\/booking-forms\/\">Buchungsformulare<\/a>, <a href=\"https:\/\/elfsight.com\/online-form-builder\/ templates\/order-forms\/\">Bestellformulare<\/a>, <a href=\"https:\/\/elfsight.com\/online-form-builder\/templates\/product-forms\/\">Produktformulare<\/a>, <a href=\"https:\/\/elfsight.com\/online-form-builder\/templates\/questionnaires\/\">Frageb\u00f6gen<\/a>, <a href=\"https:\/\/elfsight.com\/online-form-builder\/templates \/quizzes\/\">Quiz<\/a>, <a href=\"https:\/\/elfsight.com\/online-form-builder\/templates\/surveys\/\">Umfragen<\/a>, <a href=\"https:\/ \/elfsight.com\/online-form-builder\/templates\/file-upload-forms\/\">Datei-Upload-Formulare<\/a> und viele andere.<\/div>\r\n\t\t\t\t\t<\/div>\r\n\t\t\t\t<\/div> <\/div><\/div>","protected":false},"excerpt":{"rendered":"","protected":false},"author":9,"featured_media":0,"parent":829,"menu_order":0,"comment_status":"closed","ping_status":"closed","template":"templates\/template-application-platform.php","meta":{"publish_to_discourse":"","publish_post_category":"","wpdc_auto_publish_overridden":"","wpdc_topic_tags":"","wpdc_pin_topic":"","wpdc_pin_until":"","discourse_post_id":"","discourse_permalink":"","wpdc_publishing_response":"","wpdc_publishing_error":"","footnotes":""},"class_list":["post-20461","page","type-page","status-publish","hentry"],"yoast_head":"<!-- This site is optimized with the Yoast SEO plugin v25.3.1 - https:\/\/yoast.com\/wordpress\/plugins\/seo\/ -->\n<title>Erstellen und f\u00fcgen Sie kostenlos ein benutzerdefiniertes Formular auf Squarespace hinzu!<\/title>\n<meta name=\"description\" content=\"Testen Sie kostenlos das beste Online-Formular-Builder-Widget f\u00fcr Squarespace. Eine unkomplizierte und schnelle Einrichtung ohne Entwicklungskenntnisse in nur wenigen Minuten.\" \/>\n<meta name=\"robots\" content=\"index, follow, max-snippet:-1, max-image-preview:large, max-video-preview:-1\" \/>\n<link rel=\"canonical\" href=\"https:\/\/elfsight.com\/de\/online-form-builder\/squarespace\/\" \/>\n<meta property=\"og:locale\" content=\"de_DE\" \/>\n<meta property=\"og:type\" content=\"article\" \/>\n<meta property=\"og:title\" content=\"Erstellen und f\u00fcgen Sie kostenlos ein benutzerdefiniertes Formular auf Squarespace hinzu!\" \/>\n<meta property=\"og:description\" content=\"Testen Sie kostenlos das beste Online-Formular-Builder-Widget f\u00fcr Squarespace. Eine unkomplizierte und schnelle Einrichtung ohne Entwicklungskenntnisse in nur wenigen Minuten.\" \/>\n<meta property=\"og:url\" content=\"https:\/\/elfsight.com\/de\/online-form-builder\/squarespace\/\" \/>\n<meta property=\"og:site_name\" content=\"Elfsight DE\" \/>\n<meta property=\"article:modified_time\" content=\"2025-01-13T09:09:45+00:00\" \/>\n<meta name=\"twitter:card\" content=\"summary_large_image\" \/>\n<meta name=\"twitter:label1\" content=\"Gesch\u00e4tzte Lesezeit\" \/>\n\t<meta name=\"twitter:data1\" content=\"3\u00a0Minuten\" \/>\n<!-- \/ Yoast SEO plugin. -->","yoast_head_json":{"title":"Erstellen und f\u00fcgen Sie kostenlos ein benutzerdefiniertes Formular auf Squarespace hinzu!","description":"Testen Sie kostenlos das beste Online-Formular-Builder-Widget f\u00fcr Squarespace. Eine unkomplizierte und schnelle Einrichtung ohne Entwicklungskenntnisse in nur wenigen Minuten.","robots":{"index":"index","follow":"follow","max-snippet":"max-snippet:-1","max-image-preview":"max-image-preview:large","max-video-preview":"max-video-preview:-1"},"canonical":"https:\/\/elfsight.com\/de\/online-form-builder\/squarespace\/","og_locale":"de_DE","og_type":"article","og_title":"Erstellen und f\u00fcgen Sie kostenlos ein benutzerdefiniertes Formular auf Squarespace hinzu!","og_description":"Testen Sie kostenlos das beste Online-Formular-Builder-Widget f\u00fcr Squarespace. Eine unkomplizierte und schnelle Einrichtung ohne Entwicklungskenntnisse in nur wenigen Minuten.","og_url":"https:\/\/elfsight.com\/de\/online-form-builder\/squarespace\/","og_site_name":"Elfsight DE","article_modified_time":"2025-01-13T09:09:45+00:00","twitter_card":"summary_large_image","twitter_misc":{"Gesch\u00e4tzte Lesezeit":"3\u00a0Minuten"},"schema":{"@context":"https:\/\/schema.org","@graph":[{"@type":"WebPage","@id":"https:\/\/elfsight.com\/de\/online-form-builder\/squarespace\/","url":"https:\/\/elfsight.com\/de\/online-form-builder\/squarespace\/","name":"Erstellen und f\u00fcgen Sie kostenlos ein benutzerdefiniertes Formular auf Squarespace hinzu!","isPartOf":{"@id":"https:\/\/elfsight.com\/de\/#website"},"datePublished":"2024-05-03T06:37:52+00:00","dateModified":"2025-01-13T09:09:45+00:00","description":"Testen Sie kostenlos das beste Online-Formular-Builder-Widget f\u00fcr Squarespace. Eine unkomplizierte und schnelle Einrichtung ohne Entwicklungskenntnisse in nur wenigen Minuten.","breadcrumb":{"@id":"https:\/\/elfsight.com\/de\/online-form-builder\/squarespace\/#breadcrumb"},"inLanguage":"de","potentialAction":[{"@type":"ReadAction","target":["https:\/\/elfsight.com\/de\/online-form-builder\/squarespace\/"]}]},{"@type":"BreadcrumbList","@id":"https:\/\/elfsight.com\/de\/online-form-builder\/squarespace\/#breadcrumb","itemListElement":[{"@type":"ListItem","position":1,"name":"Home","item":"https:\/\/elfsight.com\/de\/"},{"@type":"ListItem","position":2,"name":"Form Builder","item":"https:\/\/elfsight.com\/de\/online-form-builder\/"},{"@type":"ListItem","position":3,"name":"Form Builder &#8211; Squarespace"}]},{"@type":"WebSite","@id":"https:\/\/elfsight.com\/de\/#website","url":"https:\/\/elfsight.com\/de\/","name":"Elfsight DE","description":"Just another Elfsight Sites site","potentialAction":[{"@type":"SearchAction","target":{"@type":"EntryPoint","urlTemplate":"https:\/\/elfsight.com\/de\/?s={search_term_string}"},"query-input":{"@type":"PropertyValueSpecification","valueRequired":true,"valueName":"search_term_string"}}],"inLanguage":"de"}]}},"meta_box":{"industry":"","seo_heading":"","heading":"","description":"","cta_heading":"","cta_description":"","application":"469","h1":"Online-Formular-Builder f\u00fcr Squarespace","h1_caption":"Erstellen Sie anpassbare Formulare f\u00fcr jeden Zweck \u2013 Feedback, Umfragen, Kontaktformulare \u2013 ohne Programmierung, sodass Sie m\u00fchelos Informationen von Ihren Benutzern auf Ihrer Squarespace-Website sammeln k\u00f6nnen.","application_category":[],"applications_title":"","applications_request_title":"","applications_request_button_text":"","hero_text":"","hero_video":"","hero_video_schema_markup":"","selling_points_title":"","selling_points_caption":"","selling_points":[],"selling_points_cta_text":"","features_title":"","features":"","ed_cta_examples_text":"","ed_cta_examples_hidden":"","ed_cta_demo_text":"","ed_cta_demo_hidden":"","why_caption":"","why_editor_title":"","why_editor_text":"","why_team_title":"","why_team_text":"","why_service_title":"","why_service_text":"","template_catalog_visible":"0","template_catalog_title":"","template_catalog_text":"","template_catalog_categories_visible":"","demo_title":"Erstellen Sie Ihr Form Builder-Plugin","demo_caption":"Konfigurieren Sie Ihren Form Builder und f\u00fcgen Sie ihn kostenlos zu Ihrer Squarespace-Website hinzu!","default_faq_hidden":"","app_template_category":[],"platform":"252","template_public_id":"","codecanyon_url":"","codecanyon_item_id":"","codecanyon_price":"","pricing_caption":"","pricing_elfsight_apps_hide_column":"","pricing_elfsight_apps_url":"","pricing_codecanyon_price_caption":"","integration_category":[],"integration_request_title":"","integration_request_cta":"","integration_platform":"","integrations":[],"platform_category":[],"video_schema_markup":"","price":"ab 0 $ \/ Monat","trial":"","benefits":[{"text":"14-t\u00e4gige R\u00fcckerstattungsgarantie"},{"text":"Kostenlose Installationsunterst\u00fctzung"},{"text":"Erfahrener Kundensupport"},{"text":"St\u00e4ndige Aktualisierung"}],"button_url":"#demo","button_target_blank":"0","button_nofollow":"0","attributes":[{"name":"Installiert","content":"100,000 - 500,000"},{"name":"Reaktionsfreudig","content":"Ja"},{"name":"Kompatible Browser","content":"Firefox, Safari, Opera, Chrome, Edge"}],"tags":[],"tags_disable_links":"0","hide_more_platforms":"","video_object":"","demo_hide_cta":"0","demo_hide_cloud_options":"0","pricing_title":"","pricing":[{"pricing_icon":"platform","pricing_title":"Elfsight Apps","pricing_title_caption":"Plattform\u00fcbergreifende Software, die f\u00fcr jede Website geeignet ist","pricing_price":"ab 0 $ \/ Monat","pricing_price_caption":"Beginnen Sie mit einem kostenlosen Plan","pricing_benefits":[{"text":"Unbegrenzte Websites"},{"text":"Professionelle Unternehmensunterst\u00fctzung und gut dokumentiert"},{"text":"Kostenlose Installationshilfe"},{"text":"Flexibles Design"}],"pricing_button_text":"Zur Website hinzuf\u00fcgen","pricing_button_url":"#demo"}],"related_apps_title":"","related_apps_hidden":"0","author":"","image":[],"title":"","job":"","social_networks":[]},"_links":{"self":[{"href":"https:\/\/elfsight.com\/de\/wp-json\/wp\/v2\/pages\/20461","targetHints":{"allow":["GET"]}}],"collection":[{"href":"https:\/\/elfsight.com\/de\/wp-json\/wp\/v2\/pages"}],"about":[{"href":"https:\/\/elfsight.com\/de\/wp-json\/wp\/v2\/types\/page"}],"author":[{"embeddable":true,"href":"https:\/\/elfsight.com\/de\/wp-json\/wp\/v2\/users\/9"}],"replies":[{"embeddable":true,"href":"https:\/\/elfsight.com\/de\/wp-json\/wp\/v2\/comments?post=20461"}],"version-history":[{"count":4,"href":"https:\/\/elfsight.com\/de\/wp-json\/wp\/v2\/pages\/20461\/revisions"}],"predecessor-version":[{"id":23507,"href":"https:\/\/elfsight.com\/de\/wp-json\/wp\/v2\/pages\/20461\/revisions\/23507"}],"up":[{"embeddable":true,"href":"https:\/\/elfsight.com\/de\/wp-json\/wp\/v2\/pages\/829"}],"wp:attachment":[{"href":"https:\/\/elfsight.com\/de\/wp-json\/wp\/v2\/media?parent=20461"}],"curies":[{"name":"wp","href":"https:\/\/api.w.org\/{rel}","templated":true}]}}