{"id":20456,"date":"2024-05-03T06:37:51","date_gmt":"2024-05-03T06:37:51","guid":{"rendered":"https:\/\/elfsight.com\/de\/?page_id=20456"},"modified":"2026-02-03T14:42:00","modified_gmt":"2026-02-03T14:42:00","slug":"webflow","status":"publish","type":"page","link":"https:\/\/elfsight.com\/de\/online-form-builder\/webflow\/","title":{"rendered":"Form Builder &#8211; Webflow"},"content":{"rendered":"\n<div class=\"application-platform-content-item-description application-platform-content-item\" id=\"description\" data-nav-section=\"description\">\n<h2>Benutzerdefinierter Formular-Builder f\u00fcr Webflow<\/h2>\n<p>Mit unserem Form Builder k\u00f6nnen Sie ganz einfach individuelle Formulare erstellen, um wertvolle Informationen von Ihren Website-Besuchern zu sammeln. Unser Tool bietet verschiedene Formularvorlagen und Integrationen mit verschiedenen Webdiensten, einschlie\u00dflich Webflow, um Sie beim Entwerfen und Ver\u00f6ffentlichen effektiver Formulare zu unterst\u00fctzen. Ob Sie ein einfaches Kontaktformular oder eine komplexe Umfrage w\u00fcnschen, unser Form Builder kann Ihnen helfen, Ihre Ziele zu erreichen. Passen Sie die Formularstruktur an, w\u00e4hlen Sie die erforderlichen Elemente aus und integrieren Sie das Formular nahtlos in Ihre Webflow-Website. Mit unserer Webflow-Formularintegration k\u00f6nnen Sie Daten von Ihren Kunden und potenziellen Kunden durch praktische Umfragen, Feedback-Formulare, Bewertungsanfragen und mehr sammeln. Dar\u00fcber hinaus k\u00f6nnen Sie mit unserem benutzerdefinierten Formular-Builder ein einzigartiges Formulardesign erstellen, das es einfach macht, spezifische Informationen von Ihren Website-Besuchern zu sammeln. Dank unseres reaktionsf\u00e4higen Frameworks und der flexiblen Designoptionen k\u00f6nnen Sie ein Formular erstellen, das sowohl benutzerfreundlich als auch effektiv ist.<\/p>\n<p><b>Holen Sie sich Kundenfeedback, nehmen Sie Bestellungen und Anfragen Ihrer Website-Benutzer entgegen!<\/b><\/p>\n<ul>\n<li><b>Erstellen Sie attraktive Formulare, um mehr Feedback zu sammeln.<\/b><br>Wenden Sie alle Optionen unseres Widgets an, um praktische Ausf\u00fcllformulare zu erstellen. Steuern Sie die Komponenten und w\u00e4hlen Sie das Muster aus, um Ihre Formulare formsch\u00f6n und einfach zu gestalten. Probieren Sie Stiloptionen aus, um ein attraktives Erscheinungsbild zu schaffen, das dabei hilft, mehr Feedback zu sammeln.<\/li>\n<li><b>Erh\u00f6hen Sie die Anzahl der Leads mit \u00fcberschaubaren Formularen.<\/b><br>Lassen Sie nicht zu, dass die Kundschaft den Ausf\u00fcllprozess unvollst\u00e4ndig abbricht, wodurch wertvolle Daten verloren gehen. Erstellen Sie Formulare mit praktischen Schritten und einem einfachen Framework, das Ihre Kunden bis zum Schluss fesselt und die Anzahl der Leads steigert.<\/li>\n<li><b>Sparen Sie Zeit und Geld mit einem Mehrzweck-Tool.<\/b><br>Sie m\u00fcssen nicht viele verschiedene Instrumente kaufen, um alle Ihre Bed\u00fcrfnisse bei der Gestaltung von Feedback-Formularen f\u00fcr Ihre Website abzudecken. Unser Form Builder hilft Ihnen dank seiner vielf\u00e4ltigen Elemente und seiner flexiblen Zusammensetzung dabei, ein \u00e4u\u00dferst n\u00fctzliches Formular zum Sammeln von Daten aller Art zu erstellen.<\/li>\n<\/ul>\n<\/div>\n\n<div class=\"application-platform-content-item-features application-platform-content-item\" id=\"features\" data-nav-section=\"features\">\n<h2>Funktionen des Form Builder-Plugins<\/h2>\n<p>Was sind die Gr\u00fcnde, warum unser Online Form Builder das beste Webflow-Plugin zum Sammeln von Bewertungen und Reaktionen Ihrer Kunden ist?<\/p>\n<ul>\n<li>Schritt-f\u00fcr-Schritt-Formulare verf\u00fcgen \u00fcber einen Fortschrittsbalken mit der Gesamtzahl der Schritte und dem Namen des aktuellen Schritts.<\/li>\n<li>Verwenden Sie Feldplatzhalter, um ein Beispiel f\u00fcr das korrekte Ausf\u00fcllen und den erforderlichen Datentyp anzugeben;<\/li>\n<li>Bearbeitbare Texte der Dankesnachricht und der Schaltfl\u00e4che zum wiederholten Ausf\u00fcllen des Formulars;<\/li>\n<li>Legen Sie eine beliebige URL fest, zu der ein Benutzer nach dem Ausf\u00fcllen des Formulars weitergeleitet wird;<\/li>\n<li>5 vordefinierte Stile f\u00fcr Formularfelder.<\/li>\n<\/ul>\n<p><a href=\"#demo\">\u00dcberpr\u00fcfen Sie alle Eigenschaften in der Demo!<\/a><\/p>\n<\/div>\n\n<div class=\"application-platform-content-item-installation application-platform-content-item\" id=\"installation\" data-nav-section=\"installation\"><\/div>\n<h2>So f\u00fcgen Sie Form Builder zur Webflow-Website hinzu<\/h2>\n<div class=\"video-container\">\n    <iframe allowfullscreen=\"\" frameborder=\"0\" height=\"405\" src=\"https:\/\/www.youtube.com\/embed\/qLzA06AH7vc?si=so_LjC9DeUkl4Uoj\" width=\"720\"><\/iframe>\n<\/div>\n<p>Siehe das Handbuch von unserem Team, um das Widget auf Ihrer Website einzuf\u00fcgen. Nutzen Sie unsere Anleitung, um die Einbettung abzuschlie\u00dfen. Die Implementierung dauert nicht l\u00e4nger als 70 Sekunden und es sind keine Programmierkenntnisse erforderlich, um sie durchzuf\u00fchren.<\/p>\n<ol>\n<li><b>Entwerfen Sie Ihren benutzerdefinierten Form Builder.<\/b><br>Gestalten Sie mit unserem kostenlosen Editor ein Plugin mit dem erforderlichen Aussehen und den erforderlichen Funktionen.<\/li>\n<li><b>Kopieren Sie den Code f\u00fcr die Plugin-Integration.<\/b><br>Besorgen Sie sich nach der Widget-Erstellung den Code f\u00fcr das Form Builder-Plugin aus der Popup-Benachrichtigung bei Elfsight Apps.<\/li>\n<li><b>Zeigen Sie das Plugin auf der Webflow-Website an.<\/b><br>Platzieren Sie das Plugin an der erforderlichen Stelle der Seite und \u00fcbernehmen Sie die \u00c4nderungen.<\/li>\n<li><b>Sie sind fertig!<\/b><br>Besuchen Sie Ihre Website, um Ihr Formular zu \u00fcberpr\u00fcfen.<\/li>\n<\/ol>\n<p>Beim Anwenden des Tutorials oder beim Erstellen Ihres Widgets sind Sie auf ein Problem gesto\u00dfen? Es wird empfohlen, einem ausf\u00fchrlichen Artikel zu folgen: \u00ab<a href=\"https:\/\/elfsight.com\/tutorials\/how-to-add-form-builder-widget-to-webflow\/\" target=\"_blank\" rel=\"noopener\">So f\u00fcgen Sie Formulare auf einer Webflow-Website hinzu<\/a>\u00bb und versuchen Sie, es selbst erneut anzuzeigen. Oder wenden Sie sich mit einer vollst\u00e4ndigen Beschreibung Ihrer Frage an unser Support-Center, und unser Team wird Ihnen zur Seite stehen.<\/p>\n\n<div class=\"faq\" data-component=\"FAQ\">\n<div class=\"faq-item\">\r\n\t\t\t\t\t<div class=\"faq-item-question\">\r\n\t\t\t\t\t\t<h3 class=\"faq-item-question-text\">Wie f\u00fcge ich Form Builder ohne Programmierkenntnisse zu meiner Webflow-Website hinzu?<\/h3>\r\n\r\n\t\t\t\t\t\t<div class=\"faq-item-question-icon\"><\/div>\r\n\t\t\t\t\t<\/div>\r\n\r\n\t\t\t\t\t<div class=\"faq-item-answer\">\r\n\t\t\t\t\t\t<div class=\"faq-item-answer-text\">\n<p>Elfsight bietet eine SaaS-L\u00f6sung, mit der Sie selbst ein Form Builder-Widget erstellen k\u00f6nnen. Sehen Sie, wie einfach der Vorgang ist: Arbeiten Sie direkt im Online-Editor, um ein Form Builder-Widget zu erstellen, das Sie gerne auf Ihrer Webflow-Website sehen w\u00fcrden. W\u00e4hlen Sie eine der vorgefertigten Vorlagen aus und passen Sie die Form Builder-Einstellungen an, f\u00fcgen Sie Ihre Inhalte hinzu, \u00e4ndern Sie das Layout und das Farbschema \u2013 alles ohne Programmierkenntnisse. Speichern Sie den Form Builder und kopieren Sie seinen Installationscode, den Sie in Ihre Webflow-Website einbinden k\u00f6nnen, ohne einen kostenpflichtigen Plan zu kaufen. Mit unserem intuitiven Editor kann jeder Internetnutzer online ein Form Builder-Widget erstellen und es einfach in seine Webflow-Website einbetten. Sie m\u00fcssen weder bezahlen noch Ihre Kartendaten eingeben, um auf den Service zuzugreifen. Sollten bei irgendeinem Schritt Probleme auftreten, wenden Sie sich bitte an unser technisches Support-Team.<\/p>\n<\/div>\r\n\t\t\t\t\t<\/div>\r\n\t\t\t\t<\/div>\n\n<div class=\"faq-item\">\r\n\t\t\t\t\t<div class=\"faq-item-question\">\r\n\t\t\t\t\t\t<h3 class=\"faq-item-question-text\">Haben Sie vorgefertigte Form Builder-Vorlagen f\u00fcr die Webflow-Website?<\/h3>\r\n\r\n\t\t\t\t\t\t<div class=\"faq-item-question-icon\"><\/div>\r\n\t\t\t\t\t<\/div>\r\n\r\n\t\t\t\t\t<div class=\"faq-item-answer\">\r\n\t\t\t\t\t\t<div class=\"faq-item-answer-text\">\n<p>Ja. Unser Team hat hart daran gearbeitet, eine riesige Sammlung von \u00fcber 300 Vorlagen zu erstellen, wie zum Beispiel <a href=\"https:\/\/elfsight.com\/online-form-builder\/templates\/application-forms\/\" target=\"_blank\" rel=\"noopener\">Bewerbungsformulare<\/a>, <a href=\"https:\/\/elfsight.com\/online-form-builder\/templates\/booking-forms\/\" target=\"_blank\" rel=\"noopener\">Buchungsformulare<\/a>, <a href=\"https:\/\/elfsight.com\/online-form-builder\/templates\/order-forms\/\" target=\"_blank\" rel=\"noopener\">Bestellformulare<\/a>, <a href=\"https:\/\/elfsight.com\/online-form-builder\/templates\/product-forms\/\" target=\"_blank\" rel=\"noopener\">Produktformulare<\/a>, <a href=\"https:\/\/elfsight.com\/online-form-builder\/templates\/questionnaires\/\" target=\"_blank\" rel=\"noopener\">Frageb\u00f6gen<\/a>, <a href=\"https:\/\/elfsight.com\/online-form-builder\/templates\/quizzes\/\" target=\"_blank\" rel=\"noopener\">Quiz<\/a>, <a href=\"https:\/\/elfsight.com\/online-form-builder\/templates\/surveys\/\" target=\"_blank\" rel=\"noopener\">Umfragen<\/a>, <a href=\"https:\/\/elfsight.com\/online-form-builder\/templates\/file-upload-forms\/\" target=\"_blank\" rel=\"noopener\">Datei-Upload-Formulare<\/a> und viele andere. Mit den <a href=\"https:\/\/elfsight.com\/online-form-builder\/templates\/\" target=\"_blank\" rel=\"noopener\">Form Builder-Vorlagen<\/a> wird es also nicht so schwierig sein, die richtige L\u00f6sung zu finden.<\/p>\n<\/div>\r\n\t\t\t\t\t<\/div>\r\n\t\t\t\t<\/div>\n<\/div>\n","protected":false},"excerpt":{"rendered":"So f\u00fcgen Sie Form Builder zur Webflow-Website hinzu Siehe das Handbuch von unserem Team, um das Widget auf Ihrer Website einzuf\u00fcgen. Nutzen Sie unsere Anleitung, um die Einbettung abzuschlie\u00dfen. Die Implementierung dauert nicht l\u00e4nger als 70 Sekunden und es sind keine Programmierkenntnisse erforderlich, um sie durchzuf\u00fchren. Entwerfen Sie Ihren benutzerdefinierten&#8230;","protected":false},"author":9,"featured_media":0,"parent":829,"menu_order":0,"comment_status":"closed","ping_status":"closed","template":"templates\/template-application-platform.php","meta":{"publish_to_discourse":"","publish_post_category":"","wpdc_auto_publish_overridden":"","wpdc_topic_tags":"","wpdc_pin_topic":"","wpdc_pin_until":"","discourse_post_id":"","discourse_permalink":"","wpdc_publishing_response":"","wpdc_publishing_error":"","footnotes":""},"class_list":["post-20456","page","type-page","status-publish","hentry"],"yoast_head":"<!-- This site is optimized with the Yoast SEO plugin v25.3.1 - https:\/\/yoast.com\/wordpress\/plugins\/seo\/ -->\n<title>Erstellen Sie kostenlos ein benutzerdefiniertes Formular auf Webflow und f\u00fcgen Sie es hinzu!<\/title>\n<meta name=\"description\" content=\"Zeigen Sie Online Form Builder in nur wenigen Minuten auf Ihrer Webflow-Website an. Schnelle und einfache Erstellung verschiedener Website-Formular-Widgets von Elfsight.\" \/>\n<meta name=\"robots\" content=\"index, follow, max-snippet:-1, max-image-preview:large, max-video-preview:-1\" \/>\n<link rel=\"canonical\" href=\"https:\/\/elfsight.com\/de\/online-form-builder\/webflow\/\" \/>\n<meta property=\"og:locale\" content=\"de_DE\" \/>\n<meta property=\"og:type\" content=\"article\" \/>\n<meta property=\"og:title\" content=\"Erstellen Sie kostenlos ein benutzerdefiniertes Formular auf Webflow und f\u00fcgen Sie es hinzu!\" \/>\n<meta property=\"og:description\" content=\"Zeigen Sie Online Form Builder in nur wenigen Minuten auf Ihrer Webflow-Website an. Schnelle und einfache Erstellung verschiedener Website-Formular-Widgets von Elfsight.\" \/>\n<meta property=\"og:url\" content=\"https:\/\/elfsight.com\/de\/online-form-builder\/webflow\/\" \/>\n<meta property=\"og:site_name\" content=\"Elfsight DE\" \/>\n<meta property=\"article:modified_time\" content=\"2026-02-03T14:42:00+00:00\" \/>\n<meta name=\"twitter:card\" content=\"summary_large_image\" \/>\n<meta name=\"twitter:label1\" content=\"Gesch\u00e4tzte Lesezeit\" \/>\n\t<meta name=\"twitter:data1\" content=\"5\u00a0Minuten\" \/>\n<!-- \/ Yoast SEO plugin. -->","yoast_head_json":{"title":"Erstellen Sie kostenlos ein benutzerdefiniertes Formular auf Webflow und f\u00fcgen Sie es hinzu!","description":"Zeigen Sie Online Form Builder in nur wenigen Minuten auf Ihrer Webflow-Website an. Schnelle und einfache Erstellung verschiedener Website-Formular-Widgets von Elfsight.","robots":{"index":"index","follow":"follow","max-snippet":"max-snippet:-1","max-image-preview":"max-image-preview:large","max-video-preview":"max-video-preview:-1"},"canonical":"https:\/\/elfsight.com\/de\/online-form-builder\/webflow\/","og_locale":"de_DE","og_type":"article","og_title":"Erstellen Sie kostenlos ein benutzerdefiniertes Formular auf Webflow und f\u00fcgen Sie es hinzu!","og_description":"Zeigen Sie Online Form Builder in nur wenigen Minuten auf Ihrer Webflow-Website an. Schnelle und einfache Erstellung verschiedener Website-Formular-Widgets von Elfsight.","og_url":"https:\/\/elfsight.com\/de\/online-form-builder\/webflow\/","og_site_name":"Elfsight DE","article_modified_time":"2026-02-03T14:42:00+00:00","twitter_card":"summary_large_image","twitter_misc":{"Gesch\u00e4tzte Lesezeit":"5\u00a0Minuten"},"schema":{"@context":"https:\/\/schema.org","@graph":[{"@type":"WebPage","@id":"https:\/\/elfsight.com\/de\/online-form-builder\/webflow\/","url":"https:\/\/elfsight.com\/de\/online-form-builder\/webflow\/","name":"Erstellen Sie kostenlos ein benutzerdefiniertes Formular auf Webflow und f\u00fcgen Sie es hinzu!","isPartOf":{"@id":"https:\/\/elfsight.com\/de\/#website"},"datePublished":"2024-05-03T06:37:51+00:00","dateModified":"2026-02-03T14:42:00+00:00","description":"Zeigen Sie Online Form Builder in nur wenigen Minuten auf Ihrer Webflow-Website an. Schnelle und einfache Erstellung verschiedener Website-Formular-Widgets von Elfsight.","breadcrumb":{"@id":"https:\/\/elfsight.com\/de\/online-form-builder\/webflow\/#breadcrumb"},"inLanguage":"de","potentialAction":[{"@type":"ReadAction","target":["https:\/\/elfsight.com\/de\/online-form-builder\/webflow\/"]}]},{"@type":"BreadcrumbList","@id":"https:\/\/elfsight.com\/de\/online-form-builder\/webflow\/#breadcrumb","itemListElement":[{"@type":"ListItem","position":1,"name":"Home","item":"https:\/\/elfsight.com\/de\/"},{"@type":"ListItem","position":2,"name":"Form Builder","item":"https:\/\/elfsight.com\/de\/online-form-builder\/"},{"@type":"ListItem","position":3,"name":"Form Builder &#8211; Webflow"}]},{"@type":"WebSite","@id":"https:\/\/elfsight.com\/de\/#website","url":"https:\/\/elfsight.com\/de\/","name":"Elfsight DE","description":"Just another Elfsight Sites site","potentialAction":[{"@type":"SearchAction","target":{"@type":"EntryPoint","urlTemplate":"https:\/\/elfsight.com\/de\/?s={search_term_string}"},"query-input":{"@type":"PropertyValueSpecification","valueRequired":true,"valueName":"search_term_string"}}],"inLanguage":"de"}]}},"meta_box":{"industry":"","seo_heading":"","heading":"","description":"","cta_heading":"","cta_description":"","application":"469","h1":"Online-Formular-Builder f\u00fcr Webflow","h1_caption":"Erstellen Sie anpassbare Formulare f\u00fcr jeden Zweck \u2013 Feedback, Umfragen, Kontaktformulare \u2013 ohne Programmierung, sodass Sie m\u00fchelos Informationen von Ihren Benutzern auf Ihrer Webflow-Website sammeln k\u00f6nnen.","application_category":[],"applications_title":"","applications_request_title":"","applications_request_button_text":"","hero_text":"","hero_video":"","hero_video_schema_markup":"","selling_points_title":"","selling_points_caption":"","selling_points":[],"selling_points_cta_text":"","features_title":"","features":"","ed_cta_examples_text":"","ed_cta_examples_hidden":"","ed_cta_demo_text":"","ed_cta_demo_hidden":"","why_caption":"","why_editor_title":"","why_editor_text":"","why_team_title":"","why_team_text":"","why_service_title":"","why_service_text":"","template_catalog_visible":"0","template_catalog_title":"","template_catalog_text":"","template_catalog_categories_visible":"","demo_title":"Erstellen Sie Ihr Form Builder-Widget","demo_caption":"Konfigurieren Sie Ihren Form Builder und f\u00fcgen Sie ihn kostenlos zu Ihrer Webflow-Website hinzu!","default_faq_hidden":"","app_template_category":[],"platform":"250","template_public_id":"","codecanyon_url":"","codecanyon_item_id":"","codecanyon_price":"","pricing_caption":"","pricing_elfsight_apps_hide_column":"","pricing_elfsight_apps_url":"","pricing_codecanyon_price_caption":"","integration_category":[],"integration_request_title":"","integration_request_cta":"","integration_platform":"","integrations":[],"platform_category":[],"video_schema_markup":"","price":"ab 0 $ \/ Monat","trial":"","benefits":[{"text":"Kostenlose Installationshilfe"},{"text":"Kontinuierliche kostenlose Updates"},{"text":"14-t\u00e4gige R\u00fcckerstattungsgarantie"},{"text":"Professioneller Kundenservice"}],"button_url":"#demo","button_target_blank":"0","button_nofollow":"0","attributes":[{"name":"Installiert","content":"100,000 - 500,000"},{"name":"Reaktionsfreudig","content":"Ja"},{"name":"Kompatible Browser","content":"Chrome, Firefox, Safari, Opera, Edge"}],"tags":[],"tags_disable_links":"0","hide_more_platforms":"0","video_object":"","demo_hide_cta":"0","demo_hide_cloud_options":"0","pricing_title":"","pricing":[{"pricing_icon":"platform","pricing_title":"Webflow widget","pricing_title_caption":"Plattformunabh\u00e4ngige digitale L\u00f6sung","pricing_price":"ab 0 $ \/ Monat","pricing_price_caption":"Beginnen Sie mit einem kostenlosen Plan","pricing_benefits":[{"text":"Unbegrenzte Anzahl an Websites"},{"text":"Kostenloser Kundensupport"},{"text":"Kostenlose Installationshilfe"},{"text":"Sonderangebot f\u00fcr mehrere Apps"}],"pricing_button_text":"Zur Website hinzuf\u00fcgen","pricing_button_url":"#demo"}],"related_apps_title":"","related_apps_hidden":"0","author":"","image":[],"title":"","job":"","social_networks":[]},"_links":{"self":[{"href":"https:\/\/elfsight.com\/de\/wp-json\/wp\/v2\/pages\/20456","targetHints":{"allow":["GET"]}}],"collection":[{"href":"https:\/\/elfsight.com\/de\/wp-json\/wp\/v2\/pages"}],"about":[{"href":"https:\/\/elfsight.com\/de\/wp-json\/wp\/v2\/types\/page"}],"author":[{"embeddable":true,"href":"https:\/\/elfsight.com\/de\/wp-json\/wp\/v2\/users\/9"}],"replies":[{"embeddable":true,"href":"https:\/\/elfsight.com\/de\/wp-json\/wp\/v2\/comments?post=20456"}],"version-history":[{"count":4,"href":"https:\/\/elfsight.com\/de\/wp-json\/wp\/v2\/pages\/20456\/revisions"}],"predecessor-version":[{"id":25625,"href":"https:\/\/elfsight.com\/de\/wp-json\/wp\/v2\/pages\/20456\/revisions\/25625"}],"up":[{"embeddable":true,"href":"https:\/\/elfsight.com\/de\/wp-json\/wp\/v2\/pages\/829"}],"wp:attachment":[{"href":"https:\/\/elfsight.com\/de\/wp-json\/wp\/v2\/media?parent=20456"}],"curies":[{"name":"wp","href":"https:\/\/api.w.org\/{rel}","templated":true}]}}