{"id":20454,"date":"2024-05-03T06:37:49","date_gmt":"2024-05-03T06:37:49","guid":{"rendered":"https:\/\/elfsight.com\/de\/?page_id=20454"},"modified":"2026-01-19T12:46:50","modified_gmt":"2026-01-19T12:46:50","slug":"wix","status":"publish","type":"page","link":"https:\/\/elfsight.com\/de\/online-form-builder\/wix\/","title":{"rendered":"Form Builder &#8211; Wix"},"content":{"rendered":"<div class=\"application-platform-content-item-description application-platform-content-item\" id=\"description\" data-nav-section=\"description\"><h2>Benutzerdefinierter Formular-Builder f\u00fcr Wix<\/h2><p>Elfsight Form Builder ist ein vielseitiges Tool, mit dem Sie verschiedene Arten von Formularen erstellen und erstellen k\u00f6nnen Zeigen Sie sie auf Ihrer Website an. Sie k\u00f6nnen Informationen von Ihren aktuellen und potenziellen Kunden sammeln, indem Sie benutzerfreundliche Umfragen, Feedback-Formulare, Bewertungsanfragen und andere \u00e4hnliche Formate verwenden, einschlie\u00dflich eines benutzerdefinierten Bestellformulars von Wix oder eines Wix-Antragsformulars. Mithilfe dieser App k\u00f6nnen Sie die Struktur Ihres Formulars anpassen und aus einer Reihe von Elementen ausw\u00e4hlen, um ansprechende und effektive Formulare zu erstellen, die Ihren Anforderungen entsprechen. Egal, ob Sie Feedback, Bewertungen, Buchungen oder K\u00e4ufe sammeln m\u00fcssen, der kostenlose benutzerdefinierte Formular-Builder f\u00fcr Wix unterst\u00fctzt Sie bei der Gestaltung des am besten geeigneten Ausf\u00fcllformulars. Mit einer Reihe verf\u00fcgbarer Elemente und anpassbaren Mustern wird Ihr Formular f\u00fcr Sie und Ihre Kunden benutzerfreundlich und optisch ansprechend sein, genau wie eine Formularerstellungs-App von Wix.<\/p><p><b>Etablieren Sie die Anforderung und den Kauf mithilfe von \u201eHandy\u201c. Formulare f\u00fcr eine schnelle und einfache Kundenkommunikation!<\/b><\/p><ul><li><b>Erstellen Sie attraktive Formulare, um mehr Feedback zu sammeln<\/b>.<br>Wenden Sie alle Optionen der Elfsight-App an, um ein leistungsstarkes Design zu erstellen Ausf\u00fcllen von Formularen. W\u00e4hlen Sie Elemente aus und definieren Sie die Struktur, um Ihre Formulare ausgewogen und einfach zu gestalten. Verwenden Sie Stileinstellungen, um eine bemerkenswerte Benutzeroberfl\u00e4che zu erstellen und mehr Feedback zu sammeln.<\/li><li><b>Erh\u00f6hen Sie die Anzahl der Leads mit \u00fcberschaubaren Formularen<\/b>.<br>Lassen Sie nicht zu, dass Benutzer das Ausf\u00fcllen unvollendet lassen alle Daten verloren. Erstellen Sie Formulare mit praktischen Schritten und einer einfachen Struktur, die Benutzer bis zum Ende fesseln und die Anzahl der Leads erh\u00f6hen.<\/li><li><b>Sparen Sie Zeit und Geld mit einem Mehrzweck-Tool<\/b>.&lt; Sie m\u00fcssen nicht viele verschiedene Tools kaufen, um alle Ihre Anforderungen bei der Erstellung von Feedback-Formularen f\u00fcr Ihre Website abzudecken. Unser Form Builder erm\u00f6glicht dank seiner vielf\u00e4ltigen Elemente und seines flexiblen Grundger\u00fcsts die Gestaltung eines geeigneten Formulars zum Sammeln von Daten aller Varianten.<\/li><\/ul><\/div><div class=\"application-platform-content-item-features application-platform-content-item\" id=\"features\" data-nav-section=\"features\"><h2>Funktionen von Form Builder-Plugin<\/h2><p>Warum ist unsere Form Builder-App eine der besten zum Sammeln von Kundenbewertungen und zur Bestellabwicklung bei Wix?<\/p><ul><li>18 Arten von Feldern, die fast erf\u00fcllt werden m\u00fcssen jede Datenerfassungsaufgabe;<\/li><li>M\u00f6glichkeit, Felder in mehrere Spalten zu verteilen;<\/li><li>Sie k\u00f6nnen eine beliebige E-Mail-Adresse zuweisen und die Ergebnisse des Ausf\u00fcllens des Formulars werden automatisch dorthin gesendet;<\/li><li>10 eingebettete Symbole f\u00fcr schwebende Schaltfl\u00e4chen;<\/li><li>5 vordefinierte Stile f\u00fcr Formularfelder.<\/li><\/ul><p><a href=\"#demo\">Weitere Funktionen in einem kostenlosen Editor anzeigen<\/a><\/p><\/div><div class=\"application-platform-content-item-installation application-platform-content-item\" id=\"installation\" data-nav-section=\"installation\"><\/div><h2>Wie f\u00fcge ich die Form Builder-App zur Wix-Website hinzu? <\/h2><div class=\"video-container\"><iframe allowfullscreen=\"\" frameborder=\"0\" height=\"405\" src=\"https:\/\/www.youtube.com\/embed\/v40Ioe_WAKo?si=WWFYAzXdl-fwVmsU\" width=\"720\"><\/iframe><\/div><p>Die ungef\u00e4hre Installationszeit betr\u00e4gt weniger als 3 Minuten und erfordert keine Kenntnisse in der Webprogrammierung.<\/p><ol><li><b>Erwerben Sie das Widget bei Wix Market<\/b>.<br>\u00d6ffnen Sie die Seite mit Form Builder und klicken Sie auf die Schaltfl\u00e4che \u201eZur Site hinzuf\u00fcgen\u201c.<\/li><li><b>F\u00fcgen Sie das Widget in die Site ein<\/b>.<br> Klicken Sie in der Popup-Benachrichtigung auf \u201eEditor \u00f6ffnen\u201c und zeigen Sie das Widget auf Ihrer Seite an.<\/li><li><b>Konfigurieren Sie Ihr Formular<\/b>.<br>Nehmen Sie die erforderlichen Parameter f\u00fcr Design und Datum vor zum zeigen. \u00dcbernehmen Sie alle \u00c4nderungen.<\/li><li><b>Fertig!<\/b><br>Gehen Sie zur Website, um Ihren Form Builder anzuzeigen.<\/li><\/ol><p>W\u00e4hrend der Installation oder Personalisierung der App Sie haben Fragen? Verwenden Sie einfach die erweiterte Anleitung \u00ab<a href=\"https:\/\/elfsight.com\/blog\/how-to-add-form-to-wix-elfsight-form-builder-app\/\" target=\"_blank\" rel=\"noopener\">So f\u00fcgen Sie Formulare auf der Wix-Website hinzu<\/a>\u00bb und versuchen Sie es erneut. Oder wenden Sie sich mit einer detaillierten Erl\u00e4uterung der Schwierigkeiten an das Help Center. Wir werden unser Bestes tun, um L\u00f6sungen bereitzustellen.<\/p><div class=\"faq\" data-component=\"FAQ\"> <div class=\"faq-item\">\r\n\t\t\t\t\t<div class=\"faq-item-question\">\r\n\t\t\t\t\t\t<h3 class=\"faq-item-question-text\">Wie f\u00fcge ich Form Builder ohne Programmierkenntnisse zu meiner Wix-Website hinzu?<\/h3>\r\n\r\n\t\t\t\t\t\t<div class=\"faq-item-question-icon\"><\/div>\r\n\t\t\t\t\t<\/div>\r\n\r\n\t\t\t\t\t<div class=\"faq-item-answer\">\r\n\t\t\t\t\t\t<div class=\"faq-item-answer-text\"> <p>Elfsight bietet eine SaaS-L\u00f6sung, mit der Sie ein Formular erstellen k\u00f6nnen Erstellen Sie selbst ein Form Builder-Widget und \u00fcberzeugen Sie sich davon, wie einfach der Vorgang ist: Erstellen Sie direkt im Online-Editor ein Form Builder-Widget, das Sie gerne auf Ihrer Website von Wix sehen w\u00fcrden. W\u00e4hlen Sie eine der vorgefertigten Vorlagen aus und passen Sie die Form Builder-Einstellungen an, f\u00fcgen Sie Ihre Inhalte hinzu, \u00e4ndern Sie das Layout und das Farbschema ohne Programmierkenntnisse. Speichern Sie den Form Builder und kopieren Sie seinen Installationscode, den Sie problemlos in Ihre Wix-Website einf\u00fcgen k\u00f6nnen, ohne eine kostenpflichtige Version kaufen zu m\u00fcssen. Mit unserem intuitiven Editor kann jeder Internetnutzer online ein Form Builder-Widget erstellen und es einfach in seine Wix-Website einbetten. Sie m\u00fcssen weder bezahlen noch Ihre Kartendaten eingeben, um auf den Service zuzugreifen. Wenn Sie bei irgendeinem Schritt auf Probleme sto\u00dfen, wenden Sie sich bitte an unser technisches Support-Team.<\/p> <\/div>\r\n\t\t\t\t\t<\/div>\r\n\t\t\t\t<\/div><div class=\"faq-item\">\r\n\t\t\t\t\t<div class=\"faq-item-question\">\r\n\t\t\t\t\t\t<h3 class=\"faq-item-question-text\">Gibt es benutzerdefinierte Form Builder-Vorlagen f\u00fcr die Website von Wix?<\/h3>\r\n\r\n\t\t\t\t\t\t<div class=\"faq-item-question-icon\"><\/div>\r\n\t\t\t\t\t<\/div>\r\n\r\n\t\t\t\t\t<div class=\"faq-item-answer\">\r\n\t\t\t\t\t\t<div class=\"faq-item-answer-text\"><p>Ja . Elfsight hat eine gro\u00dfe Auswahl von \u00fcber 300 <a href=\"https:\/\/elfsight.com\/online-form-builder\/templates\/\">Form Builder-Vorlagen<\/a> mit anpassbaren Elementen und Funktionen vorbereitet. Sie k\u00f6nnen eine Formularvorlage f\u00fcr jeden Anlass finden, zum Beispiel <a href=\"https:\/\/elfsight.com\/online-form-builder\/templates\/application-forms\/\">Bewerbungsformulare<\/a>, <a href=\"https:\/\/elfsight.com\/online-form-builder\/templates\/booking-forms\/\">Buchungsformulare<\/a>, <a href=\"https:\/\/elfsight.com\/online-form-builder\/ templates\/order-forms\/\">Bestellformulare<\/a>, <a href=\"https:\/\/elfsight.com\/online-form-builder\/templates\/product-forms\/\">Produktformulare<\/a>, <a href=\"https:\/\/elfsight.com\/online-form-builder\/templates\/questionnaires\/\">Frageb\u00f6gen<\/a>, <a href=\"https:\/\/elfsight.com\/online-form-builder\/templates \/quizzes\/\">Quiz<\/a>, <a href=\"https:\/\/elfsight.com\/online-form-builder\/templates\/surveys\/\">Umfragen<\/a>, <a href=\"https:\/ \/elfsight.com\/online-form-builder\/templates\/file-upload-forms\/\">Datei-Upload-Formulare<\/a> und viele andere.<\/p><\/div>\r\n\t\t\t\t\t<\/div>\r\n\t\t\t\t<\/div> <\/div>","protected":false},"excerpt":{"rendered":"Wie f\u00fcge ich die Form Builder-App zur Wix-Website hinzu? Die ungef\u00e4hre Installationszeit betr\u00e4gt weniger als 3 Minuten und erfordert keine Kenntnisse in der Webprogrammierung.Erwerben Sie das Widget bei Wix Market.\u00d6ffnen Sie die Seite mit Form Builder und klicken Sie auf die Schaltfl\u00e4che \u201eZur Site hinzuf\u00fcgen\u201c.F\u00fcgen Sie das Widget in die&#8230;","protected":false},"author":9,"featured_media":0,"parent":829,"menu_order":0,"comment_status":"closed","ping_status":"closed","template":"templates\/template-application-platform.php","meta":{"publish_to_discourse":"","publish_post_category":"","wpdc_auto_publish_overridden":"","wpdc_topic_tags":"","wpdc_pin_topic":"","wpdc_pin_until":"","discourse_post_id":"","discourse_permalink":"","wpdc_publishing_response":"","wpdc_publishing_error":"","footnotes":""},"class_list":["post-20454","page","type-page","status-publish","hentry"],"yoast_head":"<!-- This site is optimized with the Yoast SEO plugin v25.3.1 - https:\/\/yoast.com\/wordpress\/plugins\/seo\/ -->\n<title>Erstellen und f\u00fcgen Sie kostenlos ein benutzerdefiniertes Formular bei Wix hinzu!<\/title>\n<meta name=\"description\" content=\"Erstellen Sie in nur 1 Minute einen ma\u00dfgeschneiderten Online-Formular-Builder f\u00fcr Ihre Wix-Website! Testen Sie das kostenlose Panel von Elfsight, um Ihre eigene Formular-App zu erstellen.\" \/>\n<meta name=\"robots\" content=\"index, follow, max-snippet:-1, max-image-preview:large, max-video-preview:-1\" \/>\n<link rel=\"canonical\" href=\"https:\/\/elfsight.com\/de\/online-form-builder\/wix\/\" \/>\n<meta property=\"og:locale\" content=\"de_DE\" \/>\n<meta property=\"og:type\" content=\"article\" \/>\n<meta property=\"og:title\" content=\"Erstellen und f\u00fcgen Sie kostenlos ein benutzerdefiniertes Formular bei Wix hinzu!\" \/>\n<meta property=\"og:description\" content=\"Erstellen Sie in nur 1 Minute einen ma\u00dfgeschneiderten Online-Formular-Builder f\u00fcr Ihre Wix-Website! Testen Sie das kostenlose Panel von Elfsight, um Ihre eigene Formular-App zu erstellen.\" \/>\n<meta property=\"og:url\" content=\"https:\/\/elfsight.com\/de\/online-form-builder\/wix\/\" \/>\n<meta property=\"og:site_name\" content=\"Elfsight DE\" \/>\n<meta property=\"article:modified_time\" content=\"2026-01-19T12:46:50+00:00\" \/>\n<meta name=\"twitter:card\" content=\"summary_large_image\" \/>\n<meta name=\"twitter:label1\" content=\"Gesch\u00e4tzte Lesezeit\" \/>\n\t<meta name=\"twitter:data1\" content=\"4\u00a0Minuten\" \/>\n<!-- \/ Yoast SEO plugin. -->","yoast_head_json":{"title":"Erstellen und f\u00fcgen Sie kostenlos ein benutzerdefiniertes Formular bei Wix hinzu!","description":"Erstellen Sie in nur 1 Minute einen ma\u00dfgeschneiderten Online-Formular-Builder f\u00fcr Ihre Wix-Website! Testen Sie das kostenlose Panel von Elfsight, um Ihre eigene Formular-App zu erstellen.","robots":{"index":"index","follow":"follow","max-snippet":"max-snippet:-1","max-image-preview":"max-image-preview:large","max-video-preview":"max-video-preview:-1"},"canonical":"https:\/\/elfsight.com\/de\/online-form-builder\/wix\/","og_locale":"de_DE","og_type":"article","og_title":"Erstellen und f\u00fcgen Sie kostenlos ein benutzerdefiniertes Formular bei Wix hinzu!","og_description":"Erstellen Sie in nur 1 Minute einen ma\u00dfgeschneiderten Online-Formular-Builder f\u00fcr Ihre Wix-Website! Testen Sie das kostenlose Panel von Elfsight, um Ihre eigene Formular-App zu erstellen.","og_url":"https:\/\/elfsight.com\/de\/online-form-builder\/wix\/","og_site_name":"Elfsight DE","article_modified_time":"2026-01-19T12:46:50+00:00","twitter_card":"summary_large_image","twitter_misc":{"Gesch\u00e4tzte Lesezeit":"4\u00a0Minuten"},"schema":{"@context":"https:\/\/schema.org","@graph":[{"@type":"WebPage","@id":"https:\/\/elfsight.com\/de\/online-form-builder\/wix\/","url":"https:\/\/elfsight.com\/de\/online-form-builder\/wix\/","name":"Erstellen und f\u00fcgen Sie kostenlos ein benutzerdefiniertes Formular bei Wix hinzu!","isPartOf":{"@id":"https:\/\/elfsight.com\/de\/#website"},"datePublished":"2024-05-03T06:37:49+00:00","dateModified":"2026-01-19T12:46:50+00:00","description":"Erstellen Sie in nur 1 Minute einen ma\u00dfgeschneiderten Online-Formular-Builder f\u00fcr Ihre Wix-Website! Testen Sie das kostenlose Panel von Elfsight, um Ihre eigene Formular-App zu erstellen.","breadcrumb":{"@id":"https:\/\/elfsight.com\/de\/online-form-builder\/wix\/#breadcrumb"},"inLanguage":"de","potentialAction":[{"@type":"ReadAction","target":["https:\/\/elfsight.com\/de\/online-form-builder\/wix\/"]}]},{"@type":"BreadcrumbList","@id":"https:\/\/elfsight.com\/de\/online-form-builder\/wix\/#breadcrumb","itemListElement":[{"@type":"ListItem","position":1,"name":"Home","item":"https:\/\/elfsight.com\/de\/"},{"@type":"ListItem","position":2,"name":"Form Builder","item":"https:\/\/elfsight.com\/de\/online-form-builder\/"},{"@type":"ListItem","position":3,"name":"Form Builder &#8211; Wix"}]},{"@type":"WebSite","@id":"https:\/\/elfsight.com\/de\/#website","url":"https:\/\/elfsight.com\/de\/","name":"Elfsight DE","description":"Just another Elfsight Sites site","potentialAction":[{"@type":"SearchAction","target":{"@type":"EntryPoint","urlTemplate":"https:\/\/elfsight.com\/de\/?s={search_term_string}"},"query-input":{"@type":"PropertyValueSpecification","valueRequired":true,"valueName":"search_term_string"}}],"inLanguage":"de"}]}},"meta_box":{"industry":"","seo_heading":"","heading":"","description":"","cta_heading":"","cta_description":"","application":"469","h1":"Online-Formular-Builder f\u00fcr Wix","h1_caption":"Erstellen Sie anpassbare Formulare f\u00fcr jeden Zweck \u2013 Feedback, Umfragen, Kontaktformulare \u2013 ohne Programmierung, sodass Sie m\u00fchelos Informationen von Ihren Benutzern auf Ihrer Wix-Website sammeln k\u00f6nnen.","application_category":[],"applications_title":"","applications_request_title":"","applications_request_button_text":"","hero_text":"","hero_video":"","hero_video_schema_markup":"","selling_points_title":"","selling_points_caption":"","selling_points":[],"selling_points_cta_text":"","features_title":"","features":"","ed_cta_examples_text":"","ed_cta_examples_hidden":"","ed_cta_demo_text":"","ed_cta_demo_hidden":"","why_caption":"","why_editor_title":"","why_editor_text":"","why_team_title":"","why_team_text":"","why_service_title":"","why_service_text":"","template_catalog_visible":"0","template_catalog_title":"","template_catalog_text":"","template_catalog_categories_visible":"","demo_title":"Erstellen Sie Ihre Form Builder-App","demo_caption":"Konfigurieren Sie Ihren Form Builder und f\u00fcgen Sie ihn kostenlos zu Ihrer Wix-Website hinzu!","default_faq_hidden":"","app_template_category":[],"platform":"265","template_public_id":"","codecanyon_url":"","codecanyon_item_id":"","codecanyon_price":"","pricing_caption":"","pricing_elfsight_apps_hide_column":"","pricing_elfsight_apps_url":"","pricing_codecanyon_price_caption":"","integration_category":[],"integration_request_title":"","integration_request_cta":"","integration_platform":"","integrations":[],"platform_category":[],"video_schema_markup":"","price":"ab 0 $ \/ Monat","trial":"","benefits":[{"text":"Kostenlose Installationsunterst\u00fctzung"},{"text":"Effektiver Kundenservice"},{"text":"14-t\u00e4gige R\u00fcckerstattungsgarantie"},{"text":"Kontinuierliche kostenlose Updates"}],"button_url":"#demo","button_target_blank":"0","button_nofollow":"0","attributes":[{"name":"Installiert","content":"100,000 - 500,000"},{"name":"Reaktionsfreudig","content":"Ja"},{"name":"Kompatible Browser","content":"Edge, Opera, Safari, Chrome, Firefox"}],"tags":[],"tags_disable_links":"0","hide_more_platforms":"0","video_object":"","demo_hide_cta":"0","demo_hide_cloud_options":"0","pricing_title":"","pricing":[{"pricing_icon":"platform","pricing_title":"Wix app","pricing_title_caption":"Plattform\u00fcbergreifende digitale L\u00f6sung, die zu jeder Website passt","pricing_price":"ab 0 $ \/ Monat","pricing_price_caption":"Beginnen Sie mit einem kostenlosen Plan","pricing_benefits":[{"text":"Unbegrenzte Anzahl an Domains"},{"text":"Schneller Kundensupport"},{"text":"Kostenlose Installationshilfe"},{"text":"Sonderangebot f\u00fcr mehrere Apps"}],"pricing_button_text":"Zur Website hinzuf\u00fcgen","pricing_button_url":"#demo"}],"related_apps_title":"","related_apps_hidden":"0","author":"","image":[],"title":"","job":"","social_networks":[]},"_links":{"self":[{"href":"https:\/\/elfsight.com\/de\/wp-json\/wp\/v2\/pages\/20454","targetHints":{"allow":["GET"]}}],"collection":[{"href":"https:\/\/elfsight.com\/de\/wp-json\/wp\/v2\/pages"}],"about":[{"href":"https:\/\/elfsight.com\/de\/wp-json\/wp\/v2\/types\/page"}],"author":[{"embeddable":true,"href":"https:\/\/elfsight.com\/de\/wp-json\/wp\/v2\/users\/9"}],"replies":[{"embeddable":true,"href":"https:\/\/elfsight.com\/de\/wp-json\/wp\/v2\/comments?post=20454"}],"version-history":[{"count":4,"href":"https:\/\/elfsight.com\/de\/wp-json\/wp\/v2\/pages\/20454\/revisions"}],"predecessor-version":[{"id":25604,"href":"https:\/\/elfsight.com\/de\/wp-json\/wp\/v2\/pages\/20454\/revisions\/25604"}],"up":[{"embeddable":true,"href":"https:\/\/elfsight.com\/de\/wp-json\/wp\/v2\/pages\/829"}],"wp:attachment":[{"href":"https:\/\/elfsight.com\/de\/wp-json\/wp\/v2\/media?parent=20454"}],"curies":[{"name":"wp","href":"https:\/\/api.w.org\/{rel}","templated":true}]}}