{"id":20453,"date":"2024-05-03T06:37:47","date_gmt":"2024-05-03T06:37:47","guid":{"rendered":"https:\/\/elfsight.com\/de\/?page_id=20453"},"modified":"2024-11-08T09:13:22","modified_gmt":"2024-11-08T09:13:22","slug":"elementor","status":"publish","type":"page","link":"https:\/\/elfsight.com\/de\/online-form-builder\/elementor\/","title":{"rendered":"Form Builder &#8211; Elementor"},"content":{"rendered":"<div class=\"application-platform-content-item-description application-platform-content-item\" id=\"description\" data-nav-section=\"description\"><h2>Benutzerdefinierter Formular-Builder f\u00fcr Elementor<\/h2><p>Mit dem Elementor-Formular-Builder k\u00f6nnen Sie verschiedene Arten von Ausf\u00fcllformularen erstellen und Zeigen Sie sie auf Ihrer Website an. Sammeln Sie Informationen von Ihren aktuellen und potenziellen Kunden mit praktischen Umfragen, Feedback-Formularen, Bewertungsanfragen und noch mehr Formaten. Entwerfen Sie die Formularstruktur, f\u00fcgen Sie Felder hinzu, w\u00e4hlen Sie ein Layout und verwenden Sie das benutzerdefinierte Formular Elementor, um Ihr Formular weiter zu personalisieren. Welche Art von Daten Sie auch ben\u00f6tigen: Ideen, Bewertungen, Bestellungen und Verkauf \u2013 unser kostenloses Elementor-Formular bietet alles, um ein passendes Formular zum Ausf\u00fcllen zu erstellen. Dank anpassbarer Einrichtung und vielf\u00e4ltiger verf\u00fcgbarer Komponenten wird Ihr Formular f\u00fcr Ihre Kunden bequem und f\u00fcr Sie hocheffizient.<\/p><p><b>Sammeln Sie Kundenmeinungen, bearbeiten Sie Bestellungen und Anfragen Ihrer Website-Benutzer!<\/b><\/p><p><b>Erstellen Sie attraktive Formulare, um mehr Feedback zu sammeln<\/b><br>Wenden Sie alle Funktionen des Plugins von Elfsight an, um leistungsstarke Ausf\u00fcllformulare zu erstellen. W\u00e4hlen Sie Komponenten aus und steuern Sie die Einrichtung, damit Ihre Formulare formsch\u00f6n und einfach auszuf\u00fcllen sind. Probieren Sie Stilfunktionen aus, um ein bemerkenswertes Erscheinungsbild zu schaffen und mehr Feedback zu erhalten.<\/p><p><b>Erh\u00f6hen Sie die Anzahl der Leads mit \u00fcberschaubaren Formularen<\/b><br>Lassen Sie nicht zu, dass das Publikum die F\u00fcllung unvollendet fallen l\u00e4sst, um es zu verpassen wertvolle Einsichten. Formen Sie Formen mit mehreren Stufen und einem praktischen Grundger\u00fcst, das den Benutzer bis zum Schluss besch\u00e4ftigt.<\/p><p><b>Sparen Sie Zeit und Geld mit einem Mehrzweckwerkzeug<\/b><br>Das brauchen Sie nicht viele verschiedene L\u00f6sungen zu erwerben, um alle Ihre Anforderungen bei der Gestaltung von Feedback-Formularen f\u00fcr Ihre Website abzudecken. Unser Form Builder erm\u00f6glicht dank seiner verschiedenen Komponenten und flexiblen Muster das Entwerfen jedes Formulars, um Erkenntnisse zu gewinnen.<\/p><\/div><div class=\"application-platform-content-item-features application-platform-content-item\" id=\"features\" data-nav-section=\"features\"><h2>Funktionen des Form Builder-Plugins<\/h2><p>Vorteile des Elfsight-Widgets, die es zum unverzichtbaren WordPress-Plugin machen:<\/p><ul><li>Erstellen Sie eine Beschreibung f\u00fcr jedes Element, diese wird unter der Beschriftung angezeigt;<\/li><li>M\u00f6glichkeit, Felder zu verteilen in mehrere Spalten aufteilen;<\/li><li>Weisen Sie eine beliebige E-Mail-Adresse zu und die Ergebnisse des Ausf\u00fcllens des Formulars werden automatisch dorthin gesendet;<\/li><li>Umschaltbarer Fortschrittsbalken, wenn das Schritt-f\u00fcr-Schritt-Format angewendet wird;<\/li>5 vordefinierte Stile f\u00fcr Formularfelder;<li>Entwerfen Sie Ausf\u00fcllformulare in unbegrenzten Varianten, um Kundendaten zu erhalten.<\/li><\/ul><p><a href=\"#demo\">Sie k\u00f6nnen alle Funktionen in unserem kostenlosen Test ausprobieren Demo<\/a><\/p><\/div><div class=\"application-platform-content-item-installation application-platform-content-item\" id=\"installation\" data-nav-section=\"installation\"><\/div><h2>So f\u00fcgen Sie Form Builder zur Elementor-Website hinzu<\/h2><div class=\"video-container\"><iframe width=\"720\" height=\"405\" src=\"https:\/\/www.youtube.com\/embed\/a_gV6touuCk\" frameborder=\"0\" allowfullscreen=\"\"><\/iframe><\/div><p>Unser Plugin ist intuitiv in der Integration und erfordert keine Erfahrung in der Entwicklung. Sie ben\u00f6tigen etwa ein paar Minuten, um <a href=\"https:\/\/elfsight.com\/blog\/how-to-add-form-to-elementor-by-elfsight-plugin-widget\/\" target=\"_blank\" rel=\"noopener\">F\u00fcgen Sie das Formular zur Elementor-Website hinzu<\/a>.<\/p><ol><li><b>Erstellen Sie Ihr ma\u00dfgeschneidertes Formular-Widget<\/b><br> Erstellen Sie mit unserem kostenlosen Editor ein Plugin mit dem gew\u00fcnschten Layout und den gew\u00fcnschten Funktionen.<\/li> <li><b>Kopieren Sie Ihren eindeutigen Code f\u00fcr die Plugin-Einbettung<\/b><br> Nach der Widget-Konfiguration wird auf Elfsight Apps ein Popup-Fenster mit Ihrem eindeutigen Installationscode angezeigt . Speichern Sie den Code.<\/li><li><b>Betten Sie das Plugin auf der Elementor-Website ein<\/b><br> F\u00fcgen Sie das Plugin zum erforderlichen Bereich der Seite hinzu und ver\u00f6ffentlichen Sie die Ergebnisse.<\/li><li><b>Sie haben die Installation erfolgreich abgeschlossen<\/b><br> Gehen Sie auf Ihre Website, um Ihre Arbeit zu \u00fcberpr\u00fcfen.<\/li><\/ol><p>Suchen Sie Rat bei der Installation oder Anpassung des Plugins? Unsere Support-Spezialisten helfen Ihnen gerne weiter und bieten eine L\u00f6sung!<\/p><div class=\"faq\" data-component=\"FAQ\"> <div class=\"faq-item\">\r\n\t\t\t\t\t<div class=\"faq-item-question\">\r\n\t\t\t\t\t\t<h3 class=\"faq-item-question-text\">Gibt es benutzerdefinierte Form Builder-Vorlagen f\u00fcr die Elementor-Website?<\/h3>\r\n\r\n\t\t\t\t\t\t<div class=\"faq-item-question-icon\"><\/div>\r\n\t\t\t\t\t<\/div>\r\n\r\n\t\t\t\t\t<div class=\"faq-item-answer\">\r\n\t\t\t\t\t\t<div class=\"faq-item-answer-text\"><p>Ja. Elfsight hat eine gro\u00dfe Auswahl von \u00fcber 300 <a href=\"https:\/\/elfsight.com\/online-form-builder\/templates\/\">Form Builder-Vorlagen<\/a> mit anpassbaren Elementen und Funktionen vorbereitet. Sie k\u00f6nnen eine Formularvorlage f\u00fcr jeden Anlass finden, zum Beispiel <a href=\"https:\/\/elfsight.com\/online-form-builder\/templates\/application-forms\/\">Bewerbungsformulare<\/a>, <a href=\"https:\/\/elfsight.com\/online-form-builder\/templates\/booking-forms\/\">Buchungsformulare<\/a>, <a href=\"https:\/\/elfsight.com\/online-form-builder\/ templates\/order-forms\/\">Bestellformulare<\/a>, <a href=\"https:\/\/elfsight.com\/online-form-builder\/templates\/product-forms\/\">Produktformulare<\/a>, <a href=\"https:\/\/elfsight.com\/online-form-builder\/templates\/questionnaires\/\">Frageb\u00f6gen<\/a>, <a href=\"https:\/\/elfsight.com\/online-form-builder\/templates \/quizzes\/\">Quiz<\/a>, <a href=\"https:\/\/elfsight.com\/online-form-builder\/templates\/surveys\/\">Umfragen<\/a>, <a href=\"https:\/ \/elfsight.com\/online-form-builder\/templates\/file-upload-forms\/\">Datei-Upload-Formulare<\/a> und viele andere.<\/p><\/div>\r\n\t\t\t\t\t<\/div>\r\n\t\t\t\t<\/div> <\/div> ","protected":false},"excerpt":{"rendered":"So f\u00fcgen Sie Form Builder zur Elementor-Website hinzuUnser Plugin ist intuitiv in der Integration und erfordert keine Erfahrung in der Entwicklung. Sie ben\u00f6tigen etwa ein paar Minuten, um F\u00fcgen Sie das Formular zur Elementor-Website hinzu.Erstellen Sie Ihr ma\u00dfgeschneidertes Formular-Widget Erstellen Sie mit unserem kostenlosen Editor ein Plugin mit dem gew\u00fcnschten&#8230;","protected":false},"author":9,"featured_media":0,"parent":829,"menu_order":0,"comment_status":"closed","ping_status":"closed","template":"templates\/template-application-platform.php","meta":{"publish_to_discourse":"","publish_post_category":"","wpdc_auto_publish_overridden":"","wpdc_topic_tags":"","wpdc_pin_topic":"","wpdc_pin_until":"","discourse_post_id":"","discourse_permalink":"","wpdc_publishing_response":"","wpdc_publishing_error":"","footnotes":""},"class_list":["post-20453","page","type-page","status-publish","hentry"],"yoast_head":"<!-- This site is optimized with the Yoast SEO plugin v25.3.1 - https:\/\/yoast.com\/wordpress\/plugins\/seo\/ -->\n<title>Erstellen und f\u00fcgen Sie kostenlos ein benutzerdefiniertes Formular auf Elementor hinzu!<\/title>\n<meta name=\"description\" content=\"Generieren Sie in nur 1 Minute Ihren einzigartigen Form Builder zur Anzeige auf Ihrer Website. Kostenlose Demo, Hilfe bei der Einstellung und viele verschiedene Boni von Elfsight!\" \/>\n<meta name=\"robots\" content=\"index, follow, max-snippet:-1, max-image-preview:large, max-video-preview:-1\" \/>\n<link rel=\"canonical\" href=\"https:\/\/elfsight.com\/de\/online-form-builder\/elementor\/\" \/>\n<meta property=\"og:locale\" content=\"de_DE\" \/>\n<meta property=\"og:type\" content=\"article\" \/>\n<meta property=\"og:title\" content=\"Erstellen und f\u00fcgen Sie kostenlos ein benutzerdefiniertes Formular auf Elementor hinzu!\" \/>\n<meta property=\"og:description\" content=\"Generieren Sie in nur 1 Minute Ihren einzigartigen Form Builder zur Anzeige auf Ihrer Website. Kostenlose Demo, Hilfe bei der Einstellung und viele verschiedene Boni von Elfsight!\" \/>\n<meta property=\"og:url\" content=\"https:\/\/elfsight.com\/de\/online-form-builder\/elementor\/\" \/>\n<meta property=\"og:site_name\" content=\"Elfsight DE\" \/>\n<meta property=\"article:modified_time\" content=\"2024-11-08T09:13:22+00:00\" \/>\n<meta name=\"twitter:card\" content=\"summary_large_image\" \/>\n<meta name=\"twitter:label1\" content=\"Gesch\u00e4tzte Lesezeit\" \/>\n\t<meta name=\"twitter:data1\" content=\"4\u00a0Minuten\" \/>\n<!-- \/ Yoast SEO plugin. -->","yoast_head_json":{"title":"Erstellen und f\u00fcgen Sie kostenlos ein benutzerdefiniertes Formular auf Elementor hinzu!","description":"Generieren Sie in nur 1 Minute Ihren einzigartigen Form Builder zur Anzeige auf Ihrer Website. Kostenlose Demo, Hilfe bei der Einstellung und viele verschiedene Boni von Elfsight!","robots":{"index":"index","follow":"follow","max-snippet":"max-snippet:-1","max-image-preview":"max-image-preview:large","max-video-preview":"max-video-preview:-1"},"canonical":"https:\/\/elfsight.com\/de\/online-form-builder\/elementor\/","og_locale":"de_DE","og_type":"article","og_title":"Erstellen und f\u00fcgen Sie kostenlos ein benutzerdefiniertes Formular auf Elementor hinzu!","og_description":"Generieren Sie in nur 1 Minute Ihren einzigartigen Form Builder zur Anzeige auf Ihrer Website. Kostenlose Demo, Hilfe bei der Einstellung und viele verschiedene Boni von Elfsight!","og_url":"https:\/\/elfsight.com\/de\/online-form-builder\/elementor\/","og_site_name":"Elfsight DE","article_modified_time":"2024-11-08T09:13:22+00:00","twitter_card":"summary_large_image","twitter_misc":{"Gesch\u00e4tzte Lesezeit":"4\u00a0Minuten"},"schema":{"@context":"https:\/\/schema.org","@graph":[{"@type":"WebPage","@id":"https:\/\/elfsight.com\/de\/online-form-builder\/elementor\/","url":"https:\/\/elfsight.com\/de\/online-form-builder\/elementor\/","name":"Erstellen und f\u00fcgen Sie kostenlos ein benutzerdefiniertes Formular auf Elementor hinzu!","isPartOf":{"@id":"https:\/\/elfsight.com\/de\/#website"},"datePublished":"2024-05-03T06:37:47+00:00","dateModified":"2024-11-08T09:13:22+00:00","description":"Generieren Sie in nur 1 Minute Ihren einzigartigen Form Builder zur Anzeige auf Ihrer Website. Kostenlose Demo, Hilfe bei der Einstellung und viele verschiedene Boni von Elfsight!","breadcrumb":{"@id":"https:\/\/elfsight.com\/de\/online-form-builder\/elementor\/#breadcrumb"},"inLanguage":"de","potentialAction":[{"@type":"ReadAction","target":["https:\/\/elfsight.com\/de\/online-form-builder\/elementor\/"]}]},{"@type":"BreadcrumbList","@id":"https:\/\/elfsight.com\/de\/online-form-builder\/elementor\/#breadcrumb","itemListElement":[{"@type":"ListItem","position":1,"name":"Home","item":"https:\/\/elfsight.com\/de\/"},{"@type":"ListItem","position":2,"name":"Form Builder","item":"https:\/\/elfsight.com\/de\/online-form-builder\/"},{"@type":"ListItem","position":3,"name":"Form Builder &#8211; Elementor"}]},{"@type":"WebSite","@id":"https:\/\/elfsight.com\/de\/#website","url":"https:\/\/elfsight.com\/de\/","name":"Elfsight DE","description":"Just another Elfsight Sites site","potentialAction":[{"@type":"SearchAction","target":{"@type":"EntryPoint","urlTemplate":"https:\/\/elfsight.com\/de\/?s={search_term_string}"},"query-input":{"@type":"PropertyValueSpecification","valueRequired":true,"valueName":"search_term_string"}}],"inLanguage":"de"}]}},"meta_box":{"industry":"","seo_heading":"","heading":"","description":"","cta_heading":"","cta_description":"","application":"469","h1":"Elementor Form Builder-Widget","h1_caption":"Erstellen Sie anpassbare Formulare f\u00fcr jeden Zweck \u2013 Feedback, Umfragen, Kontaktformulare \u2013 ohne Programmierung, sodass Sie m\u00fchelos Informationen von Ihren Benutzern auf Ihrer Elementor-Website sammeln k\u00f6nnen.","application_category":[],"applications_title":"","applications_request_title":"","applications_request_button_text":"","hero_text":"","hero_video":"","hero_video_schema_markup":"","selling_points_title":"","selling_points_caption":"","selling_points":[],"selling_points_cta_text":"","features_title":"","features":"","ed_cta_examples_text":"","ed_cta_examples_hidden":"","ed_cta_demo_text":"","ed_cta_demo_hidden":"","why_caption":"","why_editor_title":"","why_editor_text":"","why_team_title":"","why_team_text":"","why_service_title":"","why_service_text":"","template_catalog_visible":"0","template_catalog_title":"","template_catalog_text":"","template_catalog_categories_visible":"","demo_title":"Erstellen Sie Ihr Form Builder-Widget","demo_caption":"Konfigurieren Sie Ihren Form Builder und f\u00fcgen Sie ihn kostenlos zu Ihrer Elementor-Website hinzu!","default_faq_hidden":"","app_template_category":[],"platform":"223","template_public_id":"","codecanyon_url":"","codecanyon_item_id":"","codecanyon_price":"","pricing_caption":"","pricing_elfsight_apps_hide_column":"","pricing_elfsight_apps_url":"","pricing_codecanyon_price_caption":"","integration_category":[],"integration_request_title":"","integration_request_cta":"","integration_platform":"","integrations":[],"platform_category":[],"video_schema_markup":"","price":"ab 0 $ \/ Monat","trial":"","benefits":[{"text":"Kostenloser Installationsservice"},{"text":"Erfahrener Kundensupport"},{"text":"14-t\u00e4gige Geld-zur\u00fcck-Garantie"},{"text":"Regelm\u00e4\u00dfige Updates"}],"button_url":"#demo","button_target_blank":"0","button_nofollow":"0","attributes":[{"name":"Installiert","content":"100,000 - 500,000"},{"name":"Reaktionsfreudig","content":"Ja"},{"name":"Kompatible Browser","content":"Firefox, Safari, Opera, Chrome, Edge"}],"tags":[],"tags_disable_links":"0","hide_more_platforms":"","video_object":"","demo_hide_cta":"0","demo_hide_cloud_options":"0","pricing_title":"","pricing":[{"pricing_icon":"platform","pricing_title":"Elfsight Apps","pricing_title_caption":"Plattformunabh\u00e4ngige Software, die f\u00fcr jede Website geeignet ist","pricing_price":"ab 0 $ \/ Monat","pricing_price_caption":"Beginnen Sie mit einem kostenlosen Plan","pricing_benefits":[{"text":"Unbegrenzte Websites"},{"text":"Support rund um die Uhr"},{"text":"Kostenlose Installationsunterst\u00fctzung"},{"text":"Sonderangebot f\u00fcr mehrere Apps"}],"pricing_button_text":"Zur Website hinzuf\u00fcgen","pricing_button_url":"#demo"}],"related_apps_title":"","related_apps_hidden":"0","author":"","image":[],"title":"","job":"","social_networks":[]},"_links":{"self":[{"href":"https:\/\/elfsight.com\/de\/wp-json\/wp\/v2\/pages\/20453","targetHints":{"allow":["GET"]}}],"collection":[{"href":"https:\/\/elfsight.com\/de\/wp-json\/wp\/v2\/pages"}],"about":[{"href":"https:\/\/elfsight.com\/de\/wp-json\/wp\/v2\/types\/page"}],"author":[{"embeddable":true,"href":"https:\/\/elfsight.com\/de\/wp-json\/wp\/v2\/users\/9"}],"replies":[{"embeddable":true,"href":"https:\/\/elfsight.com\/de\/wp-json\/wp\/v2\/comments?post=20453"}],"version-history":[{"count":4,"href":"https:\/\/elfsight.com\/de\/wp-json\/wp\/v2\/pages\/20453\/revisions"}],"predecessor-version":[{"id":22425,"href":"https:\/\/elfsight.com\/de\/wp-json\/wp\/v2\/pages\/20453\/revisions\/22425"}],"up":[{"embeddable":true,"href":"https:\/\/elfsight.com\/de\/wp-json\/wp\/v2\/pages\/829"}],"wp:attachment":[{"href":"https:\/\/elfsight.com\/de\/wp-json\/wp\/v2\/media?parent=20453"}],"curies":[{"name":"wp","href":"https:\/\/api.w.org\/{rel}","templated":true}]}}