{"id":20448,"date":"2024-05-03T06:37:46","date_gmt":"2024-05-03T06:37:46","guid":{"rendered":"https:\/\/elfsight.com\/de\/?page_id=20448"},"modified":"2025-07-08T10:46:26","modified_gmt":"2025-07-08T10:46:26","slug":"iframe","status":"publish","type":"page","link":"https:\/\/elfsight.com\/de\/online-form-builder\/iframe\/","title":{"rendered":"Form Builder &#8211; iFrame"},"content":{"rendered":"<div class=\"application-platform-content-item-description application-platform-content-item\" id=\"description\" data-nav-section=\"description\"><h2>Benutzerdefinierter Formular-Builder f\u00fcr iFrame<\/h2><p>Elfsight Builder ist ein Plugin zum Erstellen und Anzeigen unbegrenzter Arten von Ausf\u00fcllformularen auf jeder Webressource. Sammeln Sie Details von Ihrem aktuellen und potenziellen Kundenstamm durch einfach auszuf\u00fcllende Umfragen, Feedback-Formulare, Bewertungsanfragen und alle anderen Varianten. Definieren Sie das Formularger\u00fcst und w\u00e4hlen Sie die M\u00f6glichkeit, einzigartige Formulare zu erstellen, um mehr Informationen von Ihrer Kundschaft zu erhalten. Egal, welche Arten von Informationen Sie planen: Ideen, Bewertungen, Reservierungen und Eink\u00e4ufe \u2013 Form Builder von Elfsight hilft Ihnen dabei, ein erforderliches Ausf\u00fcllformular daf\u00fcr zu erstellen. Mit einem flexiblen Grundger\u00fcst und einem vielf\u00e4ltigen vordefinierten Segment wird Ihr Formular f\u00fcr Ihre Kundschaft \u00fcberschaubar und f\u00fcr Sie effektiv.<\/p> <p><b>Erhalten Sie die Meinungen, Ideen und Bewertungen Ihrer Kunden, um Ihr Gesch\u00e4ft zu verbessern!<\/b> <\/p> <p><b>Erstellen Sie attraktive Formulare, um mehr Feedback zu sammeln<\/b><br> Nutzen Sie jeden Parameter des Elfsight-Plugins, um hocheffiziente Ausf\u00fcllformulare zu erstellen. W\u00e4hlen Sie die erforderlichen Elemente aus und definieren Sie das Grundger\u00fcst, um Ihre Formulare strukturiert und einfach zu gestalten. Nutzen Sie Stiloptionen, um ein bemerkenswertes Erscheinungsbild zu schaffen und mehr Feedback zu erhalten.<\/p><p><b>Erh\u00f6hen Sie die Anzahl der Leads mit \u00fcberschaubaren Formularen<\/b><br> Lassen Sie nicht zu, dass Kunden die Ausf\u00fcllung unvollst\u00e4ndig hinterlassen und Wertvolles vermissen Daten. Entwerfen Sie Formulare mit einfachen Schritten und einfacher Komposition, die Kunden bis zum Ende binden und die Anzahl der Leads steigern.<\/p><p><b>Sparen Sie Zeit und Geld mit einem Mehrzweck-Tool<\/b><br> Mit diesem einzigen Instrument k\u00f6nnen Formen verschiedener Beispiele mit vielf\u00e4ltigen Komponentens\u00e4tzen und Zusammensetzungen erstellt werden. Dies wird Ihnen helfen, Formulare zu erstellen, um Feedback zu verschiedenen Kategorien zu erhalten, ohne mehr Geld und Zeit aufzuwenden.<\/p><\/div><div class=\"application-platform-content-item-features application-platform-content-item\" id=\"features\" data-nav-section=\"features\"><h2>Funktionen des Form Builder-Plugins<\/h2><p> Was macht Elfsight Form Builder zum besten Plugin zum Sammeln aller Arten von Informationen von Clients f\u00fcr IFrame-Websites? Sehen Sie sich die Liste der darin enthaltenen Optionen an:<\/p><ul><li>Formularkopfzeile mit Titel und Text anzeigen;<\/li><li>Feldplatzhalter verwenden, um ein Beispiel f\u00fcr das korrekte Ausf\u00fcllen und den ben\u00f6tigten Datentyp zu geben; <\/li><li>Geben Sie eine beliebige E-Mail-Adresse zu und die Ergebnisse zum Ausf\u00fcllen des Formulars werden automatisch dorthin gesendet.<\/li><li>3 gebrauchsfertige Layouts (Standard, Boxed, Floating);<\/li><li> 5 vordefinierte Stile f\u00fcr Formularfelder;<\/li><li>Erstellen Sie F\u00fcllformulare in unbegrenzten Formaten, um Kundendaten zu sammeln.<\/li><\/ul><p><a href=\"#demo\">\u00dcberpr\u00fcfen Sie die Funktionen in Elfsight Demo<\/a><\/p><\/div><div class=\"application-platform-content-item-installation application-platform-content-item\" id=\"installation\" data-nav-section=\"installation\"><h2>Wie f\u00fcge ich das Form Builder-Plugin zur iFrame-Website hinzu?<\/h2><p>Ein kleines Tutorial zum Einbetten und Einstellen des Plugins ohne Erfahrung in der Webentwicklung. Die Durchf\u00fchrung des Handbuchs dauert ca. 2 Minuten.<\/p><ol><li><b>Entwerfen Sie Ihr eigenes Formular-Plugin<\/b><br> Erstellen Sie in unserem kostenlosen Editor ein Plugin mit einer benutzerdefinierten Oberfl\u00e4che und Funktionen .<\/li><li><b>Kopieren Sie den pers\u00f6nlichen Code, um das Plugin hinzuzuf\u00fcgen.<\/b><br> Nachdem Sie Ihr Plugin erstellt haben, erhalten Sie Ihren pers\u00f6nlichen Code im angezeigten Fenster von Elfsight Apps. Kopieren Sie den Code zur sp\u00e4teren Verwendung.<\/li> <li><b> Das Plugin auf Ihrer iFrame-Site<\/b><br> Definieren Sie den Ort, an dem Sie das Plugin offenlegen m\u00f6chten, und f\u00fcgen Sie den kopierten Code dort ein. Speichern Sie die Ergebnisse.<\/li> <li><b>Herzlichen Gl\u00fcckwunsch! Sie haben das Plugin gerade integriert!<\/b><br> Gehen Sie zu Ihrer Seite, um Ihr Formular zu \u00fcberpr\u00fcfen.<\/li> <\/ol><p>Beim Durchf\u00fchren des Tutorials oder beim Erstellen Ihres eigenen Plugins sind Sie auf Schwierigkeiten oder Fragen gesto\u00dfen ? Sehen Sie sich unser vollst\u00e4ndiges Tutorial \u201eSo f\u00fcgen Sie Formulare auf einer iFrame-Website ein\u201c an oder wenden Sie sich an den Kundensupport.<\/p><div class=\"faq\" data-component=\"FAQ\"> <div class=\"faq-item\">\r\n\t\t\t\t\t<div class=\"faq-item-question\">\r\n\t\t\t\t\t\t<h3 class=\"faq-item-question-text\">Wie f\u00fcge ich Form Builder ohne Programmierkenntnisse zu meiner iFrame-Website hinzu?<\/h3>\r\n\r\n\t\t\t\t\t\t<div class=\"faq-item-question-icon\"><\/div>\r\n\t\t\t\t\t<\/div>\r\n\r\n\t\t\t\t\t<div class=\"faq-item-answer\">\r\n\t\t\t\t\t\t<div class=\"faq-item-answer-text\"> <p>Elfsight bietet eine SaaS-L\u00f6sung, mit der Sie selbst ein Form Builder-Widget erstellen k\u00f6nnen. Sehen Sie, wie einfach der Vorgang ist: Arbeiten Sie direkt im Online-Editor, um ein Form Builder-Widget zu erstellen, das Sie gerne auf Ihrer iFrame-Website sehen w\u00fcrden. W\u00e4hlen Sie eine der vorgefertigten Vorlagen aus und passen Sie die Form Builder-Einstellungen an, f\u00fcgen Sie Ihre Inhalte hinzu, \u00e4ndern Sie das Layout und die Farben ohne Programmierkenntnisse. Speichern Sie den Form Builder und kopieren Sie seinen Installationscode, den Sie problemlos in Ihre iFrame-Website integrieren k\u00f6nnen, ohne einen kostenpflichtigen Plan kaufen zu m\u00fcssen. Mit unserem intuitiven Editor kann jeder Internetnutzer online ein Form Builder-Widget erstellen und es einfach in seine iFrame-Website einbetten. Sie m\u00fcssen weder bezahlen noch Ihre Kartendaten eingeben, um auf den Service zuzugreifen. Sollten bei irgendeinem Schritt Probleme auftreten, wenden Sie sich bitte an unser technisches Support-Team.<\/p> <\/div>\r\n\t\t\t\t\t<\/div>\r\n\t\t\t\t<\/div><div class=\"faq-item\">\r\n\t\t\t\t\t<div class=\"faq-item-question\">\r\n\t\t\t\t\t\t<h3 class=\"faq-item-question-text\">Gibt es benutzerdefinierte Form Builder-Vorlagen f\u00fcr die iFrame-Website?<\/h3>\r\n\r\n\t\t\t\t\t\t<div class=\"faq-item-question-icon\"><\/div>\r\n\t\t\t\t\t<\/div>\r\n\r\n\t\t\t\t\t<div class=\"faq-item-answer\">\r\n\t\t\t\t\t\t<div class=\"faq-item-answer-text\"><p>Ja . Elfsight hat eine gro\u00dfe Auswahl von \u00fcber 300 <a href=\"https:\/\/elfsight.com\/online-form-builder\/templates\/\">Form Builder-Vorlagen<\/a> mit anpassbaren Elementen und Funktionen vorbereitet. Sie k\u00f6nnen eine Formularvorlage f\u00fcr jeden Anlass finden, zum Beispiel <a href=\"https:\/\/elfsight.com\/online-form-builder\/templates\/application-forms\/\">Bewerbungsformulare<\/a>, <a href=\"https:\/\/elfsight.com\/online-form-builder\/templates\/booking-forms\/\">Buchungsformulare<\/a>, <a href=\"https:\/\/elfsight.com\/online-form-builder\/ templates\/order-forms\/\">Bestellformulare<\/a>, <a href=\"https:\/\/elfsight.com\/online-form-builder\/templates\/product-forms\/\">Produktformulare<\/a>, <a href=\"https:\/\/elfsight.com\/online-form-builder\/templates\/questionnaires\/\">Frageb\u00f6gen<\/a>, <a href=\"https:\/\/elfsight.com\/online-form-builder\/templates \/quizzes\/\">Quiz<\/a>, <a href=\"https:\/\/elfsight.com\/online-form-builder\/templates\/surveys\/\">Umfragen<\/a>, <a href=\"https:\/ \/elfsight.com\/online-form-builder\/templates\/file-upload-forms\/\">Datei-Upload-Formulare<\/a> und viele andere.<\/p><\/div>\r\n\t\t\t\t\t<\/div>\r\n\t\t\t\t<\/div> <\/div> <\/div>","protected":false},"excerpt":{"rendered":"","protected":false},"author":9,"featured_media":0,"parent":829,"menu_order":0,"comment_status":"closed","ping_status":"closed","template":"templates\/template-application-platform.php","meta":{"publish_to_discourse":"","publish_post_category":"","wpdc_auto_publish_overridden":"","wpdc_topic_tags":"","wpdc_pin_topic":"","wpdc_pin_until":"","discourse_post_id":"","discourse_permalink":"","wpdc_publishing_response":"","wpdc_publishing_error":"","footnotes":""},"class_list":["post-20448","page","type-page","status-publish","hentry"],"yoast_head":"<!-- This site is optimized with the Yoast SEO plugin v25.3.1 - https:\/\/yoast.com\/wordpress\/plugins\/seo\/ -->\n<title>Erstellen Sie kostenlos ein benutzerdefiniertes Formular auf iFrame und f\u00fcgen Sie es hinzu!<\/title>\n<meta name=\"description\" content=\"Erstellen Sie mit Elfsight Ihr Form Builder-Plugin und platzieren Sie es schnell auf der iFrame-Site. Wir bieten kostenlosen Kundenservice und andere Boni.\" \/>\n<meta name=\"robots\" content=\"index, follow, max-snippet:-1, max-image-preview:large, max-video-preview:-1\" \/>\n<link rel=\"canonical\" href=\"https:\/\/elfsight.com\/de\/online-form-builder\/iframe\/\" \/>\n<meta property=\"og:locale\" content=\"de_DE\" \/>\n<meta property=\"og:type\" content=\"article\" \/>\n<meta property=\"og:title\" content=\"Erstellen Sie kostenlos ein benutzerdefiniertes Formular auf iFrame und f\u00fcgen Sie es hinzu!\" \/>\n<meta property=\"og:description\" content=\"Erstellen Sie mit Elfsight Ihr Form Builder-Plugin und platzieren Sie es schnell auf der iFrame-Site. Wir bieten kostenlosen Kundenservice und andere Boni.\" \/>\n<meta property=\"og:url\" content=\"https:\/\/elfsight.com\/de\/online-form-builder\/iframe\/\" \/>\n<meta property=\"og:site_name\" content=\"Elfsight DE\" \/>\n<meta property=\"article:modified_time\" content=\"2025-07-08T10:46:26+00:00\" \/>\n<meta name=\"twitter:card\" content=\"summary_large_image\" \/>\n<meta name=\"twitter:label1\" content=\"Gesch\u00e4tzte Lesezeit\" \/>\n\t<meta name=\"twitter:data1\" content=\"4\u00a0Minuten\" \/>\n<!-- \/ Yoast SEO plugin. -->","yoast_head_json":{"title":"Erstellen Sie kostenlos ein benutzerdefiniertes Formular auf iFrame und f\u00fcgen Sie es hinzu!","description":"Erstellen Sie mit Elfsight Ihr Form Builder-Plugin und platzieren Sie es schnell auf der iFrame-Site. Wir bieten kostenlosen Kundenservice und andere Boni.","robots":{"index":"index","follow":"follow","max-snippet":"max-snippet:-1","max-image-preview":"max-image-preview:large","max-video-preview":"max-video-preview:-1"},"canonical":"https:\/\/elfsight.com\/de\/online-form-builder\/iframe\/","og_locale":"de_DE","og_type":"article","og_title":"Erstellen Sie kostenlos ein benutzerdefiniertes Formular auf iFrame und f\u00fcgen Sie es hinzu!","og_description":"Erstellen Sie mit Elfsight Ihr Form Builder-Plugin und platzieren Sie es schnell auf der iFrame-Site. Wir bieten kostenlosen Kundenservice und andere Boni.","og_url":"https:\/\/elfsight.com\/de\/online-form-builder\/iframe\/","og_site_name":"Elfsight DE","article_modified_time":"2025-07-08T10:46:26+00:00","twitter_card":"summary_large_image","twitter_misc":{"Gesch\u00e4tzte Lesezeit":"4\u00a0Minuten"},"schema":{"@context":"https:\/\/schema.org","@graph":[{"@type":"WebPage","@id":"https:\/\/elfsight.com\/de\/online-form-builder\/iframe\/","url":"https:\/\/elfsight.com\/de\/online-form-builder\/iframe\/","name":"Erstellen Sie kostenlos ein benutzerdefiniertes Formular auf iFrame und f\u00fcgen Sie es hinzu!","isPartOf":{"@id":"https:\/\/elfsight.com\/de\/#website"},"datePublished":"2024-05-03T06:37:46+00:00","dateModified":"2025-07-08T10:46:26+00:00","description":"Erstellen Sie mit Elfsight Ihr Form Builder-Plugin und platzieren Sie es schnell auf der iFrame-Site. Wir bieten kostenlosen Kundenservice und andere Boni.","breadcrumb":{"@id":"https:\/\/elfsight.com\/de\/online-form-builder\/iframe\/#breadcrumb"},"inLanguage":"de","potentialAction":[{"@type":"ReadAction","target":["https:\/\/elfsight.com\/de\/online-form-builder\/iframe\/"]}]},{"@type":"BreadcrumbList","@id":"https:\/\/elfsight.com\/de\/online-form-builder\/iframe\/#breadcrumb","itemListElement":[{"@type":"ListItem","position":1,"name":"Home","item":"https:\/\/elfsight.com\/de\/"},{"@type":"ListItem","position":2,"name":"Form Builder","item":"https:\/\/elfsight.com\/de\/online-form-builder\/"},{"@type":"ListItem","position":3,"name":"Form Builder &#8211; iFrame"}]},{"@type":"WebSite","@id":"https:\/\/elfsight.com\/de\/#website","url":"https:\/\/elfsight.com\/de\/","name":"Elfsight DE","description":"Just another Elfsight Sites site","potentialAction":[{"@type":"SearchAction","target":{"@type":"EntryPoint","urlTemplate":"https:\/\/elfsight.com\/de\/?s={search_term_string}"},"query-input":{"@type":"PropertyValueSpecification","valueRequired":true,"valueName":"search_term_string"}}],"inLanguage":"de"}]}},"meta_box":{"industry":"","seo_heading":"","heading":"","description":"","cta_heading":"","cta_description":"","application":"469","h1":"iFrame Form Builder-Plugin","h1_caption":"Erstellen Sie anpassbare Formulare f\u00fcr jeden Zweck \u2013 Feedback, Umfragen, Kontaktformulare \u2013 ohne Programmierung, sodass Sie m\u00fchelos Informationen von Ihren Benutzern auf Ihrer iFrame-Website sammeln k\u00f6nnen.","application_category":[],"applications_title":"","applications_request_title":"","applications_request_button_text":"","hero_text":"","hero_video":"","hero_video_schema_markup":"","selling_points_title":"","selling_points_caption":"","selling_points":[],"selling_points_cta_text":"","features_title":"","features":"","ed_cta_examples_text":"","ed_cta_examples_hidden":"","ed_cta_demo_text":"","ed_cta_demo_hidden":"","why_caption":"","why_editor_title":"","why_editor_text":"","why_team_title":"","why_team_text":"","why_service_title":"","why_service_text":"","template_catalog_visible":"","template_catalog_title":"","template_catalog_text":"","template_catalog_categories_visible":"","demo_title":"Erstellen Sie Ihr Form Builder-Widget","demo_caption":"Konfigurieren Sie Ihren Form Builder und f\u00fcgen Sie ihn kostenlos zu Ihrer iFrame-Website hinzu!","default_faq_hidden":"","app_template_category":[],"platform":"240","template_public_id":"","codecanyon_url":"","codecanyon_item_id":"","codecanyon_price":"","pricing_caption":"","pricing_elfsight_apps_hide_column":"","pricing_elfsight_apps_url":"","pricing_codecanyon_price_caption":"","integration_category":[],"integration_request_title":"","integration_request_cta":"","integration_platform":"","integrations":[],"platform_category":[],"video_schema_markup":"","price":"ab 0 $ \/ Monat","trial":"","benefits":[{"text":"Kostenloser Installationsservice"},{"text":"Erfahrener Kundensupport"},{"text":"14-t\u00e4gige Geld-zur\u00fcck-Garantie"},{"text":"Laufende kostenlose Updates"}],"button_url":"#demo","button_target_blank":"","button_nofollow":"","attributes":[{"name":"Installiert","content":"100,000 - 500,000"},{"name":"Reaktionsfreudig","content":"Ja"},{"name":"Kompatible Browser","content":"Safari, Edge, Chrome, Opera, Firefox"}],"tags":[],"tags_disable_links":"","hide_more_platforms":"","video_object":"","demo_hide_cta":"","demo_hide_cloud_options":"","pricing_title":"","pricing":[{"pricing_icon":"platform","pricing_title":"Elfsight Apps","pricing_title_caption":"Plattformunabh\u00e4ngige L\u00f6sung, die auf jeder Website funktioniert","pricing_price":"ab 0 $ \/ Monat","pricing_price_caption":"Beginnen Sie mit einem kostenlosen Plan","pricing_benefits":[{"text":"Unbegrenzte Anzahl an Domains"},{"text":"Schneller Kundensupport"},{"text":"Kostenloser Installationsservice"},{"text":"Sonderpreis f\u00fcr mehrere Apps"}],"pricing_button_text":"Zur Website hinzuf\u00fcgen","pricing_button_url":"#demo"}],"related_apps_title":"","related_apps_hidden":"","author":"","image":[],"title":"","job":"","social_networks":[]},"_links":{"self":[{"href":"https:\/\/elfsight.com\/de\/wp-json\/wp\/v2\/pages\/20448","targetHints":{"allow":["GET"]}}],"collection":[{"href":"https:\/\/elfsight.com\/de\/wp-json\/wp\/v2\/pages"}],"about":[{"href":"https:\/\/elfsight.com\/de\/wp-json\/wp\/v2\/types\/page"}],"author":[{"embeddable":true,"href":"https:\/\/elfsight.com\/de\/wp-json\/wp\/v2\/users\/9"}],"replies":[{"embeddable":true,"href":"https:\/\/elfsight.com\/de\/wp-json\/wp\/v2\/comments?post=20448"}],"version-history":[{"count":1,"href":"https:\/\/elfsight.com\/de\/wp-json\/wp\/v2\/pages\/20448\/revisions"}],"predecessor-version":[{"id":20452,"href":"https:\/\/elfsight.com\/de\/wp-json\/wp\/v2\/pages\/20448\/revisions\/20452"}],"up":[{"embeddable":true,"href":"https:\/\/elfsight.com\/de\/wp-json\/wp\/v2\/pages\/829"}],"wp:attachment":[{"href":"https:\/\/elfsight.com\/de\/wp-json\/wp\/v2\/media?parent=20448"}],"curies":[{"name":"wp","href":"https:\/\/api.w.org\/{rel}","templated":true}]}}