{"id":20447,"date":"2024-05-03T06:37:45","date_gmt":"2024-05-03T06:37:45","guid":{"rendered":"https:\/\/elfsight.com\/de\/?page_id=20447"},"modified":"2025-01-13T07:46:24","modified_gmt":"2025-01-13T07:46:24","slug":"facebook","status":"publish","type":"page","link":"https:\/\/elfsight.com\/de\/online-form-builder\/facebook\/","title":{"rendered":"Form Builder &#8211; Facebook Page"},"content":{"rendered":"\n<div class=\"application-platform-content-item-description application-platform-content-item\" id=\"description\" data-nav-section=\"description\"><h2>Benutzerdefinierter Formularersteller f\u00fcr Facebook-Seite<\/h2><p>Dies ist ein vielseitiges Tool, um zahlreiche Beispiele f\u00fcr das Ausf\u00fcllen von Formularen zu erstellen und zu demonstrieren sie auf jeder Seite. Erhalten Sie Informationen von Ihrem aktuellen und potenziellen Publikum mit praktischen Umfragen, Feedback-Formularen, Bewertungsanfragen und allen anderen Arten. Legen Sie die Formularstruktur fest, legen Sie fest, wo einzigartige Formulare erstellt werden sollen, um Daten von Ihrer Kundschaft zu erhalten, und erstellen Sie sogar ein Formular auf Ihrer Facebook-Seite. Ganz gleich, welche Informationsbeispiele Sie auch haben m\u00f6chten: Kundenmeinungen, Bewertungen, Bestellungen und Verk\u00e4ufe \u2013 unser Plugin hilft Ihnen bei der Erstellung eines bequemen Ausf\u00fcllformulars. Dank der flexiblen Struktur und vordefinierten Elementen wird Ihr Formular f\u00fcr Ihre Kunden praktisch und f\u00fcr Sie leistungsstark.<\/p><p><b>Bearbeiten Sie Anfragen und Eink\u00e4ufe mithilfe praktischer Formulare f\u00fcr eine schnelle und einfache Bestellung!<\/b><\/p><\/div><div class=\"application-platform-content-item-features application-platform-content-item\" id=\"features\" data-nav-section=\"features\"><h2>Funktionen des Form Builder-Plugins<\/h2><p>Dies ist eine universelle L\u00f6sung zum Erstellen verschiedener Arten von Ausf\u00fcllformularen und deren Anzeige deine Website. Dies kann hilfreich sein, um Ihre Leads zu steigern und Daten von Ihren potenziellen Kunden zu sammeln.<\/p><ul><li>Erstellen Sie f\u00fcr jedes Element eine Beschreibung, die dann unter der Bezeichnung angezeigt wird.<\/li><li>Jedes Feld kann sein zum Ausf\u00fcllen mit einem Sternchen (*)-Symbol vorgesehen, um dies anzuzeigen;<\/li><li>W\u00e4hlen Sie das Szenario nach dem Absenden des Formulars: Dankesnachricht, Weiterleitung auf eine andere Seite oder Ausblenden des Formulars;<\/li><li>Legen Sie eine beliebige fest URL, an die ein Benutzer nach dem Ausf\u00fcllen des Formulars weitergeleitet wird;<\/li><li>5 vordefinierte Stile f\u00fcr Formularfelder.<\/li><\/ul><p><a href=\"#demo\">\u00dcberpr\u00fcfen Sie, wie alle Funktionen funktionieren in unserer Demo<\/a><\/p><\/div> <div class=\"application-platform-content-item-installation application-platform-content-item\" id=\"installation\" data-nav-section=\"installation\"><h2>So f\u00fcgen Sie ein Formular zur Facebook-Unternehmensseite hinzu<\/h2><p>Um das Widget einzuf\u00fcgen, folgen Sie den Anweisungen Befolgen Sie die nachstehenden Richtlinien<\/p><ul><li><b>Erstellen Sie Ihre benutzerdefinierte Formularregisterkarte<\/b><br>Generieren Sie mit unserem kostenlosen Konfigurator ein Widget mit einem bevorzugten Layout und Funktionen. <\/li><li><b>Holen Sie sich den pers\u00f6nlichen Code zum Einrichten des Widgets<\/b><br>Nachdem Sie Ihr Widget eingerichtet haben, erhalten Sie Ihren Installationscode aus der erscheinenden Benachrichtigung auf Elfsight Apps. Kopiere es. <\/li><li><b>F\u00fcgen Sie das Formular zur Facebook-Seite hinzu<\/b><br> Erstellen Sie Ihren benutzerdefinierten Facebook-Tab. F\u00fcgen Sie den Code, den Sie bei elfsight apps erhalten haben, in die Registerkarte ein. Wenn Sie Probleme haben, lesen Sie einfach unseren Leitfaden unter <a href=\"https:\/\/elfsight.com\/blog\/how-to-add-custom-tab-to-facebook-page\/\" target=\"_blank\" rel=\"noopener noreferrer\">Benutzerdefinierten Facebook-Tab erstellen<\/a><\/li><li><b>Fertig! <\/b><br>Besuchen Sie die Unternehmensseite, um Ihr Formular anzuzeigen.<\/li><\/ul><p>Wenn Sie Hilfe ben\u00f6tigen oder Fragen haben, k\u00f6nnen Sie sich jederzeit an den Kundendienst von Elfsight wenden. Gerne sind wir bei jedem Anliegen behilflich. <\/p><div class=\"faq\" data-component=\"FAQ\"> <div class=\"faq-item\">\r\n\t\t\t\t\t<div class=\"faq-item-question\">\r\n\t\t\t\t\t\t<h3 class=\"faq-item-question-text\">Wie f\u00fcge ich Form Builder ohne Programmierkenntnisse zu meiner Facebook-Seiten-Website hinzu?<\/h3>\r\n\r\n\t\t\t\t\t\t<div class=\"faq-item-question-icon\"><\/div>\r\n\t\t\t\t\t<\/div>\r\n\r\n\t\t\t\t\t<div class=\"faq-item-answer\">\r\n\t\t\t\t\t\t<div class=\"faq-item-answer-text\"> <p>Elfsight bietet eine SaaS-L\u00f6sung, mit der Sie selbst ein Form Builder-Widget erstellen k\u00f6nnen. Sehen Sie, wie einfach das ist Der Prozess ist: Arbeiten Sie direkt im Online-Editor, um ein Form Builder-Widget zu erstellen, das Sie auf Ihrer Facebook-Seiten-Website sehen m\u00f6chten. W\u00e4hlen Sie eine der vorgefertigten Vorlagen aus und passen Sie die Form Builder-Einstellungen an, f\u00fcgen Sie Ihre Inhalte hinzu, \u00e4ndern Sie das Layout und die Farben ohne Programmierkenntnisse. Speichern Sie den Form Builder und kopieren Sie seinen Installationscode, den Sie m\u00fchelos in Ihre Facebook-Seiten-Website einbinden k\u00f6nnen, ohne einen kostenpflichtigen Plan kaufen zu m\u00fcssen. Mit unserem intuitiven Editor kann jeder Internetnutzer online ein Form Builder-Widget erstellen und es ganz einfach in seine Facebook-Seite einbetten. Sie m\u00fcssen weder bezahlen noch Ihre Kartendaten eingeben, um auf den Service zuzugreifen. Wenn Sie bei irgendeinem Schritt auf Probleme sto\u00dfen, wenden Sie sich bitte an unser technisches Support-Team.<\/p> <\/div>\r\n\t\t\t\t\t<\/div>\r\n\t\t\t\t<\/div><div class=\"faq-item\">\r\n\t\t\t\t\t<div class=\"faq-item-question\">\r\n\t\t\t\t\t\t<h3 class=\"faq-item-question-text\">Gibt es benutzerdefinierte Form Builder-Vorlagen f\u00fcr die Facebook-Seiten-Website?<\/h3>\r\n\r\n\t\t\t\t\t\t<div class=\"faq-item-question-icon\"><\/div>\r\n\t\t\t\t\t<\/div>\r\n\r\n\t\t\t\t\t<div class=\"faq-item-answer\">\r\n\t\t\t\t\t\t<div class=\"faq-item-answer-text\"><p> Ja absolut! Es gibt \u00fcber 300 gebrauchsfertige Vorlagen f\u00fcr jeden Fall, wie zum Beispiel <a href=\"https:\/\/elfsight.com\/online-form-builder\/templates\/application-forms\/\">Bewerbungsformulare<\/a>, <a href=\"https:\/\/elfsight.com\/online-form-builder\/templates\/booking-forms\/\">Buchungsformulare<\/a>, <a href=\"https:\/\/elfsight.com\/online-form- builder\/templates\/order-forms\/\">Bestellformulare<\/a>, <a href=\"https:\/\/elfsight.com\/online-form-builder\/templates\/product-forms\/\">Produktformulare<\/a> , <a href=\"https:\/\/elfsight.com\/online-form-builder\/templates\/questionnaires\/\">Frageb\u00f6gen<\/a>, <a href=\"https:\/\/elfsight.com\/online-form-builder \/templates\/quizzes\/\">Quiz<\/a>, <a href=\"https:\/\/elfsight.com\/online-form-builder\/templates\/surveys\/\">Umfragen<\/a>, <a href=\"https:\/\/elfsight.com\/online-form-builder\/templates\/file-upload-forms\/\">Datei-Upload-Formulare<\/a> und viele mehr. Testen Sie gerne <a href=\"https:\/\/elfsight.com\/online-form-builder\/templates\/\">Form Builder-Vorlagen<\/a> und teilen Sie uns Ihre Meinung mit.<\/p><\/div>\r\n\t\t\t\t\t<\/div>\r\n\t\t\t\t<\/div> <\/div> <\/div>\n","protected":false},"excerpt":{"rendered":"","protected":false},"author":9,"featured_media":0,"parent":829,"menu_order":0,"comment_status":"closed","ping_status":"closed","template":"templates\/template-application-platform.php","meta":{"publish_to_discourse":"","publish_post_category":"","wpdc_auto_publish_overridden":"","wpdc_topic_tags":"","wpdc_pin_topic":"","wpdc_pin_until":"","discourse_post_id":"","discourse_permalink":"","wpdc_publishing_response":"","wpdc_publishing_error":"","footnotes":""},"class_list":["post-20447","page","type-page","status-publish","hentry"],"yoast_head":"<!-- This site is optimized with the Yoast SEO plugin v25.3.1 - https:\/\/yoast.com\/wordpress\/plugins\/seo\/ -->\n<title>Erstellen Sie kostenlos ein benutzerdefiniertes Formular auf der Facebook-Seite und f\u00fcgen Sie es hinzu!<\/title>\n<meta name=\"description\" content=\"Erstellen Sie in nur 2 Minuten ein Formular-Widget f\u00fcr die Facebook-Unternehmensseite. Testen Sie alle wesentlichen Vorteile des besten Form Builders in der kostenlosen Demo.\" \/>\n<meta name=\"robots\" content=\"index, follow, max-snippet:-1, max-image-preview:large, max-video-preview:-1\" \/>\n<link rel=\"canonical\" href=\"https:\/\/elfsight.com\/de\/online-form-builder\/facebook\/\" \/>\n<meta property=\"og:locale\" content=\"de_DE\" \/>\n<meta property=\"og:type\" content=\"article\" \/>\n<meta property=\"og:title\" content=\"Erstellen Sie kostenlos ein benutzerdefiniertes Formular auf der Facebook-Seite und f\u00fcgen Sie es hinzu!\" \/>\n<meta property=\"og:description\" content=\"Erstellen Sie in nur 2 Minuten ein Formular-Widget f\u00fcr die Facebook-Unternehmensseite. Testen Sie alle wesentlichen Vorteile des besten Form Builders in der kostenlosen Demo.\" \/>\n<meta property=\"og:url\" content=\"https:\/\/elfsight.com\/de\/online-form-builder\/facebook\/\" \/>\n<meta property=\"og:site_name\" content=\"Elfsight DE\" \/>\n<meta property=\"article:modified_time\" content=\"2025-01-13T07:46:24+00:00\" \/>\n<meta name=\"twitter:card\" content=\"summary_large_image\" \/>\n<meta name=\"twitter:label1\" content=\"Gesch\u00e4tzte Lesezeit\" \/>\n\t<meta name=\"twitter:data1\" content=\"4\u00a0Minuten\" \/>\n<!-- \/ Yoast SEO plugin. -->","yoast_head_json":{"title":"Erstellen Sie kostenlos ein benutzerdefiniertes Formular auf der Facebook-Seite und f\u00fcgen Sie es hinzu!","description":"Erstellen Sie in nur 2 Minuten ein Formular-Widget f\u00fcr die Facebook-Unternehmensseite. Testen Sie alle wesentlichen Vorteile des besten Form Builders in der kostenlosen Demo.","robots":{"index":"index","follow":"follow","max-snippet":"max-snippet:-1","max-image-preview":"max-image-preview:large","max-video-preview":"max-video-preview:-1"},"canonical":"https:\/\/elfsight.com\/de\/online-form-builder\/facebook\/","og_locale":"de_DE","og_type":"article","og_title":"Erstellen Sie kostenlos ein benutzerdefiniertes Formular auf der Facebook-Seite und f\u00fcgen Sie es hinzu!","og_description":"Erstellen Sie in nur 2 Minuten ein Formular-Widget f\u00fcr die Facebook-Unternehmensseite. Testen Sie alle wesentlichen Vorteile des besten Form Builders in der kostenlosen Demo.","og_url":"https:\/\/elfsight.com\/de\/online-form-builder\/facebook\/","og_site_name":"Elfsight DE","article_modified_time":"2025-01-13T07:46:24+00:00","twitter_card":"summary_large_image","twitter_misc":{"Gesch\u00e4tzte Lesezeit":"4\u00a0Minuten"},"schema":{"@context":"https:\/\/schema.org","@graph":[{"@type":"WebPage","@id":"https:\/\/elfsight.com\/de\/online-form-builder\/facebook\/","url":"https:\/\/elfsight.com\/de\/online-form-builder\/facebook\/","name":"Erstellen Sie kostenlos ein benutzerdefiniertes Formular auf der Facebook-Seite und f\u00fcgen Sie es hinzu!","isPartOf":{"@id":"https:\/\/elfsight.com\/de\/#website"},"datePublished":"2024-05-03T06:37:45+00:00","dateModified":"2025-01-13T07:46:24+00:00","description":"Erstellen Sie in nur 2 Minuten ein Formular-Widget f\u00fcr die Facebook-Unternehmensseite. Testen Sie alle wesentlichen Vorteile des besten Form Builders in der kostenlosen Demo.","breadcrumb":{"@id":"https:\/\/elfsight.com\/de\/online-form-builder\/facebook\/#breadcrumb"},"inLanguage":"de","potentialAction":[{"@type":"ReadAction","target":["https:\/\/elfsight.com\/de\/online-form-builder\/facebook\/"]}]},{"@type":"BreadcrumbList","@id":"https:\/\/elfsight.com\/de\/online-form-builder\/facebook\/#breadcrumb","itemListElement":[{"@type":"ListItem","position":1,"name":"Home","item":"https:\/\/elfsight.com\/de\/"},{"@type":"ListItem","position":2,"name":"Form Builder","item":"https:\/\/elfsight.com\/de\/online-form-builder\/"},{"@type":"ListItem","position":3,"name":"Form Builder &#8211; Facebook Page"}]},{"@type":"WebSite","@id":"https:\/\/elfsight.com\/de\/#website","url":"https:\/\/elfsight.com\/de\/","name":"Elfsight DE","description":"Just another Elfsight Sites site","potentialAction":[{"@type":"SearchAction","target":{"@type":"EntryPoint","urlTemplate":"https:\/\/elfsight.com\/de\/?s={search_term_string}"},"query-input":{"@type":"PropertyValueSpecification","valueRequired":true,"valueName":"search_term_string"}}],"inLanguage":"de"}]}},"meta_box":{"industry":"","seo_heading":"","heading":"","description":"","cta_heading":"","cta_description":"","application":"469","h1":"Form Builder f\u00fcr Facebook-Unternehmensseite","h1_caption":"Erstellen Sie anpassbare Formulare f\u00fcr jeden Zweck \u2013 Feedback, Umfragen, Kontaktformulare \u2013 ohne Programmierung, sodass Sie m\u00fchelos Informationen von Ihren Benutzern auf Ihrer Facebook-Seiten-Website sammeln k\u00f6nnen.","application_category":[],"applications_title":"","applications_request_title":"","applications_request_button_text":"","hero_text":"","hero_video":"","hero_video_schema_markup":"","selling_points_title":"","selling_points_caption":"","selling_points":[],"selling_points_cta_text":"","features_title":"","features":"","ed_cta_examples_text":"","ed_cta_examples_hidden":"","ed_cta_demo_text":"","ed_cta_demo_hidden":"","why_caption":"","why_editor_title":"","why_editor_text":"","why_team_title":"","why_team_text":"","why_service_title":"","why_service_text":"","template_catalog_visible":"0","template_catalog_title":"","template_catalog_text":"","template_catalog_categories_visible":"","demo_title":"Erstellen Sie Ihr Form Builder-Widget","demo_caption":"Konfigurieren Sie Ihren Form Builder und f\u00fcgen Sie ihn kostenlos Ihrer Facebook-Seite hinzu!","default_faq_hidden":"","app_template_category":[],"platform":"216","template_public_id":"","codecanyon_url":"","codecanyon_item_id":"","codecanyon_price":"","pricing_caption":"","pricing_elfsight_apps_hide_column":"","pricing_elfsight_apps_url":"","pricing_codecanyon_price_caption":"","integration_category":[],"integration_request_title":"","integration_request_cta":"","integration_platform":"","integrations":[],"platform_category":[],"video_schema_markup":"","price":"ab 0 $ \/ Monat","trial":"","benefits":[{"text":"Kostenloser Installationsservice"},{"text":"Premium-Support"},{"text":"14-t\u00e4gige R\u00fcckerstattungsgarantie"},{"text":"Lebenslange kostenlose Updates"}],"button_url":"#demo","button_target_blank":"0","button_nofollow":"0","attributes":[{"name":"Installiert","content":"100,000 - 500,000"},{"name":"Empf\u00e4nglichkeit","content":"Am besten f\u00fcr Mobilger\u00e4te"},{"name":"Kompatible Browser","content":"Safari, Edge, Opera, Firefox, Chrome"}],"tags":[],"tags_disable_links":"0","hide_more_platforms":"","video_object":"","demo_hide_cta":"0","demo_hide_cloud_options":"0","pricing_title":"","pricing":[{"pricing_icon":"platform","pricing_title":"Elfsight Apps","pricing_title_caption":"Plattform\u00fcbergreifende Version, die auf jeder Website funktioniert","pricing_price":"ab 0 $ \/ Monat","pricing_price_caption":"Beginnen Sie mit einem kostenlosen Plan","pricing_benefits":[{"text":"Unbegrenzte Websites"},{"text":"Premium-Support"},{"text":"Kostenlose Installationshilfe"},{"text":"100 % anpassbar"}],"pricing_button_text":"Zur Website hinzuf\u00fcgen","pricing_button_url":"#demo"}],"related_apps_title":"","related_apps_hidden":"0","author":"","image":[],"title":"","job":"","social_networks":[]},"_links":{"self":[{"href":"https:\/\/elfsight.com\/de\/wp-json\/wp\/v2\/pages\/20447","targetHints":{"allow":["GET"]}}],"collection":[{"href":"https:\/\/elfsight.com\/de\/wp-json\/wp\/v2\/pages"}],"about":[{"href":"https:\/\/elfsight.com\/de\/wp-json\/wp\/v2\/types\/page"}],"author":[{"embeddable":true,"href":"https:\/\/elfsight.com\/de\/wp-json\/wp\/v2\/users\/9"}],"replies":[{"embeddable":true,"href":"https:\/\/elfsight.com\/de\/wp-json\/wp\/v2\/comments?post=20447"}],"version-history":[{"count":2,"href":"https:\/\/elfsight.com\/de\/wp-json\/wp\/v2\/pages\/20447\/revisions"}],"predecessor-version":[{"id":23486,"href":"https:\/\/elfsight.com\/de\/wp-json\/wp\/v2\/pages\/20447\/revisions\/23486"}],"up":[{"embeddable":true,"href":"https:\/\/elfsight.com\/de\/wp-json\/wp\/v2\/pages\/829"}],"wp:attachment":[{"href":"https:\/\/elfsight.com\/de\/wp-json\/wp\/v2\/media?parent=20447"}],"curies":[{"name":"wp","href":"https:\/\/api.w.org\/{rel}","templated":true}]}}