{"id":20446,"date":"2024-05-03T06:37:44","date_gmt":"2024-05-03T06:37:44","guid":{"rendered":"https:\/\/elfsight.com\/de\/?page_id=20446"},"modified":"2025-07-08T10:46:50","modified_gmt":"2025-07-08T10:46:50","slug":"webnode","status":"publish","type":"page","link":"https:\/\/elfsight.com\/de\/online-form-builder\/webnode\/","title":{"rendered":"Form Builder &#8211; Webnode"},"content":{"rendered":"<div class=\"application-platform-content-item-description application-platform-content-item\" id=\"description\" data-nav-section=\"description\"> <h2>Benutzerdefinierter Formular-Builder f\u00fcr Webnode<\/h2> <p>Dies ist ein einheitliches Instrument zum Erstellen und Demonstrieren aller Arten von Ausf\u00fcllformularen jede Webressource. Erhalten Sie Informationen von Ihren bestehenden und m\u00f6glichen Kunden mithilfe einfacher Umfragen, Feedback-Formularen, Bewertungsanfragen und anderen Formaten. Die M\u00f6glichkeit, das Formular-Setup auszuw\u00e4hlen, bietet die M\u00f6glichkeit, \u00fcberzeugende Formulare zu konfigurieren, um Prozessinformationen von Benutzern abzurufen. Egal welche Informationskategorien Sie ben\u00f6tigen: Gedanken, Ergebnisse, Bestellungen und Verk\u00e4ufe \u2013 Form Builder von Elfsight bietet Ihnen alles, um ein passendes und praktisches Ausf\u00fcllformular zu erstellen. Mit seinem flexiblen Grundger\u00fcst und den vielf\u00e4ltigen Segmenten ist Ihr Formular praktisch f\u00fcr Ihre Kundschaft und effektiv f\u00fcr Sie.<\/p> <p><b>Etablieren Sie Buchung und Einkauf \u00fcber praktische Formulare f\u00fcr schnelles und einfaches Einkaufen!<\/b><\/p><h3>Vorteile<\/h3><p><b>Erstellen Sie attraktive Formulare, um mehr Feedback zu sammeln<\/b><br>Sie haben eine gro\u00dfe Auswahl an Artikeln zur Verf\u00fcgung, mit denen Sie unterhaltsame und praktikable Formulare erstellen k\u00f6nnen. Vielf\u00e4ltige Anpassungsm\u00f6glichkeiten unseres Plugins werden es erm\u00f6glichen, es auff\u00e4llig zu machen und mehr Kunden zum Ausf\u00fcllen zu verleiten.<\/p><p><b>Erh\u00f6hen Sie die Anzahl der Leads mit \u00fcberschaubaren Formularen<\/b><br>Lassen Sie das nicht zu Ihre Kundschaft l\u00e4sst den Abf\u00fcllprozess unvollendet und h\u00f6rt nicht auf, wertvolles Feedback zu sammeln. Erstellen Sie Formulare mit praktischen Schritten und bequemer Einrichtung, die Kunden bis zum Ende binden und die Anzahl der Leads erh\u00f6hen.<\/p><p><b>Sparen Sie Zeit und Geld mit einem Mehrzweck-Tool<\/b><br>Sie m\u00fcssen nicht viele verschiedene L\u00f6sungen kaufen, um alle Ihre Anforderungen bei der Erstellung von Feedback-Formularen f\u00fcr Ihre Website abzudecken. Unser Form Builder erm\u00f6glicht dank seiner vielf\u00e4ltigen Segmente und seiner flexiblen Zusammensetzung die Gestaltung des n\u00fctzlichsten Formulars f\u00fcr den Empfang von Daten aller Formate.<\/p><\/div><div class=\"application-platform-content-item-features application-platform-content-item\" id=\"features\" data-nav-section=\"features\"> <h2>Funktionen des Form Builder-Plugins <\/h2> <p><\/p> <ul><li>Formularkopfzeile mit Titel und Text anzeigen;<\/li><li>Option zum Aufteilen von Feldern in mehrere Spalten;<\/li><li>Bearbeitbare Texte von Dankesnachricht und die Schaltfl\u00e4che zum wiederholten Ausf\u00fcllen des Formulars;<\/li><li>3 gebrauchsfertige Layouts (Standard, Boxed, Floating);<\/li><li>5 vordefinierte Stile f\u00fcr Formularfelder.<\/li><\/ul><p><a href=\"#demo\">\u00dcberpr\u00fcfen Sie alle Eigenschaften im kostenlosen Editor<\/a><\/p> <\/div> <div class=\"application-platform-content-item-installation application-platform-content-item\" id=\"installation\" data-nav-section=\"installation\"> <h2>Wie So f\u00fcgen Sie Form Builder zur Webnode-Website hinzu<\/h2> <p>Ein paar einfache Schritte sind das Einzige, was Sie zum Einbetten ben\u00f6tigen.<\/p><ol><li><b>Erstellen Sie Ihr individuelles Formular-Widget<\/b> <br> Wenn Sie unseren kostenlosen Konfigurator verwalten, erhalten Sie ein Plugin mit individuellem Aussehen und funktionalen Eigenschaften. <\/li><li><b>Holen Sie sich den pers\u00f6nlichen Code, um das Widget zu installieren<\/b><br> Nachdem Sie Ihr Widget erstellt haben, erhalten Sie den Installationscode aus dem erscheinenden Fenster von Elfsight Apps. Kopiere diesen Code. <\/li> <li><b>F\u00fcgen Sie das Widget auf Ihrer Webnode-Website hinzu<\/b><br> Suchen Sie den Ort, an dem Sie das Plugin hinzuf\u00fcgen m\u00f6chten, und f\u00fcgen Sie den kopierten Code dort ein. Wenden Sie die Ergebnisse an. <\/li> <li><b>Die Einbettung ist erfolgreich! <\/b><br> Rufen Sie die Webseite auf, um einen Blick auf Ihr Widget zu werfen. <\/li> <\/ol><p>Immer noch unruhig? Oder \u00fcber irgendetwas gestolpert? Eine Anfrage an unser Support-Team l\u00f6st jedes Problem.<\/p> <div class=\"faq\" data-component=\"FAQ\"> <div class=\"faq-item\">\r\n\t\t\t\t\t<div class=\"faq-item-question\">\r\n\t\t\t\t\t\t<h3 class=\"faq-item-question-text\">Wie f\u00fcge ich Form Builder ohne Programmierkenntnisse zu meiner Webnode-Website hinzu?<\/h3>\r\n\r\n\t\t\t\t\t\t<div class=\"faq-item-question-icon\"><\/div>\r\n\t\t\t\t\t<\/div>\r\n\r\n\t\t\t\t\t<div class=\"faq-item-answer\">\r\n\t\t\t\t\t\t<div class=\"faq-item-answer-text\"> <p>Elfsight bietet eine SaaS-L\u00f6sung, die dies erm\u00f6glicht Wenn Sie selbst ein Form Builder-Widget erstellen, sehen Sie, wie einfach der Vorgang ist: Arbeiten Sie direkt im Online-Editor, um ein Form Builder-Widget zu erstellen, das Sie gerne auf Ihrer Webnode-Website sehen w\u00fcrden. W\u00e4hlen Sie eine der vorgefertigten Vorlagen aus und passen Sie die Form Builder-Einstellungen an, f\u00fcgen Sie Ihre Inhalte hinzu, \u00e4ndern Sie das Layout und das Farbschema ohne Programmierkenntnisse. Speichern Sie den Form Builder und kopieren Sie seinen Installationscode, den Sie problemlos in Ihre Webnode-Website einf\u00fcgen k\u00f6nnen, ohne eine kostenpflichtige Version kaufen zu m\u00fcssen. Mit unserem intuitiven Editor kann jeder Internetnutzer online ein Form Builder-Widget erstellen und es einfach in seine Webnode-Website einbetten. Sie m\u00fcssen weder bezahlen noch Ihre Kartendaten eingeben, um auf den Service zuzugreifen. Sollten bei irgendeinem Schritt Probleme auftreten, wenden Sie sich bitte an unser technisches Support-Team.<\/p> <\/div>\r\n\t\t\t\t\t<\/div>\r\n\t\t\t\t<\/div> <\/div> <\/div>","protected":false},"excerpt":{"rendered":"","protected":false},"author":9,"featured_media":0,"parent":829,"menu_order":0,"comment_status":"closed","ping_status":"closed","template":"templates\/template-application-platform.php","meta":{"publish_to_discourse":"","publish_post_category":"","wpdc_auto_publish_overridden":"","wpdc_topic_tags":"","wpdc_pin_topic":"","wpdc_pin_until":"","discourse_post_id":"","discourse_permalink":"","wpdc_publishing_response":"","wpdc_publishing_error":"","footnotes":""},"class_list":["post-20446","page","type-page","status-publish","hentry"],"yoast_head":"<!-- This site is optimized with the Yoast SEO plugin v25.3.1 - https:\/\/yoast.com\/wordpress\/plugins\/seo\/ -->\n<title>Erstellen und f\u00fcgen Sie kostenlos ein benutzerdefiniertes Formular auf Webnode hinzu!<\/title>\n<meta name=\"description\" content=\"Es ist absolut einfach, Ihr Form Builder-Widget zu gestalten und es zur Webnode-Website hinzuzuf\u00fcgen. Der Kundendienst von Elfsight ist kostenlos und schnell.\" \/>\n<meta name=\"robots\" content=\"index, follow, max-snippet:-1, max-image-preview:large, max-video-preview:-1\" \/>\n<link rel=\"canonical\" href=\"https:\/\/elfsight.com\/de\/online-form-builder\/webnode\/\" \/>\n<meta property=\"og:locale\" content=\"de_DE\" \/>\n<meta property=\"og:type\" content=\"article\" \/>\n<meta property=\"og:title\" content=\"Erstellen und f\u00fcgen Sie kostenlos ein benutzerdefiniertes Formular auf Webnode hinzu!\" \/>\n<meta property=\"og:description\" content=\"Es ist absolut einfach, Ihr Form Builder-Widget zu gestalten und es zur Webnode-Website hinzuzuf\u00fcgen. Der Kundendienst von Elfsight ist kostenlos und schnell.\" \/>\n<meta property=\"og:url\" content=\"https:\/\/elfsight.com\/de\/online-form-builder\/webnode\/\" \/>\n<meta property=\"og:site_name\" content=\"Elfsight DE\" \/>\n<meta property=\"article:modified_time\" content=\"2025-07-08T10:46:50+00:00\" \/>\n<meta name=\"twitter:card\" content=\"summary_large_image\" \/>\n<meta name=\"twitter:label1\" content=\"Gesch\u00e4tzte Lesezeit\" \/>\n\t<meta name=\"twitter:data1\" content=\"3\u00a0Minuten\" \/>\n<!-- \/ Yoast SEO plugin. -->","yoast_head_json":{"title":"Erstellen und f\u00fcgen Sie kostenlos ein benutzerdefiniertes Formular auf Webnode hinzu!","description":"Es ist absolut einfach, Ihr Form Builder-Widget zu gestalten und es zur Webnode-Website hinzuzuf\u00fcgen. Der Kundendienst von Elfsight ist kostenlos und schnell.","robots":{"index":"index","follow":"follow","max-snippet":"max-snippet:-1","max-image-preview":"max-image-preview:large","max-video-preview":"max-video-preview:-1"},"canonical":"https:\/\/elfsight.com\/de\/online-form-builder\/webnode\/","og_locale":"de_DE","og_type":"article","og_title":"Erstellen und f\u00fcgen Sie kostenlos ein benutzerdefiniertes Formular auf Webnode hinzu!","og_description":"Es ist absolut einfach, Ihr Form Builder-Widget zu gestalten und es zur Webnode-Website hinzuzuf\u00fcgen. Der Kundendienst von Elfsight ist kostenlos und schnell.","og_url":"https:\/\/elfsight.com\/de\/online-form-builder\/webnode\/","og_site_name":"Elfsight DE","article_modified_time":"2025-07-08T10:46:50+00:00","twitter_card":"summary_large_image","twitter_misc":{"Gesch\u00e4tzte Lesezeit":"3\u00a0Minuten"},"schema":{"@context":"https:\/\/schema.org","@graph":[{"@type":"WebPage","@id":"https:\/\/elfsight.com\/de\/online-form-builder\/webnode\/","url":"https:\/\/elfsight.com\/de\/online-form-builder\/webnode\/","name":"Erstellen und f\u00fcgen Sie kostenlos ein benutzerdefiniertes Formular auf Webnode hinzu!","isPartOf":{"@id":"https:\/\/elfsight.com\/de\/#website"},"datePublished":"2024-05-03T06:37:44+00:00","dateModified":"2025-07-08T10:46:50+00:00","description":"Es ist absolut einfach, Ihr Form Builder-Widget zu gestalten und es zur Webnode-Website hinzuzuf\u00fcgen. Der Kundendienst von Elfsight ist kostenlos und schnell.","breadcrumb":{"@id":"https:\/\/elfsight.com\/de\/online-form-builder\/webnode\/#breadcrumb"},"inLanguage":"de","potentialAction":[{"@type":"ReadAction","target":["https:\/\/elfsight.com\/de\/online-form-builder\/webnode\/"]}]},{"@type":"BreadcrumbList","@id":"https:\/\/elfsight.com\/de\/online-form-builder\/webnode\/#breadcrumb","itemListElement":[{"@type":"ListItem","position":1,"name":"Home","item":"https:\/\/elfsight.com\/de\/"},{"@type":"ListItem","position":2,"name":"Form Builder","item":"https:\/\/elfsight.com\/de\/online-form-builder\/"},{"@type":"ListItem","position":3,"name":"Form Builder &#8211; Webnode"}]},{"@type":"WebSite","@id":"https:\/\/elfsight.com\/de\/#website","url":"https:\/\/elfsight.com\/de\/","name":"Elfsight DE","description":"Just another Elfsight Sites site","potentialAction":[{"@type":"SearchAction","target":{"@type":"EntryPoint","urlTemplate":"https:\/\/elfsight.com\/de\/?s={search_term_string}"},"query-input":{"@type":"PropertyValueSpecification","valueRequired":true,"valueName":"search_term_string"}}],"inLanguage":"de"}]}},"meta_box":{"industry":"","seo_heading":"","heading":"","description":"","cta_heading":"","cta_description":"","application":"469","h1":"Webnode Form Builder-Widget","h1_caption":"Erstellen Sie anpassbare Formulare f\u00fcr jeden Zweck \u2013 Feedback, Umfragen, Kontaktformulare \u2013 ohne Programmierung, sodass Sie m\u00fchelos Informationen von Ihren Benutzern auf Ihrer Webnode-Website sammeln k\u00f6nnen.","application_category":[],"applications_title":"","applications_request_title":"","applications_request_button_text":"","hero_text":"","hero_video":"","hero_video_schema_markup":"","selling_points_title":"","selling_points_caption":"","selling_points":[],"selling_points_cta_text":"","features_title":"","features":"","ed_cta_examples_text":"","ed_cta_examples_hidden":"","ed_cta_demo_text":"","ed_cta_demo_hidden":"","why_caption":"","why_editor_title":"","why_editor_text":"","why_team_title":"","why_team_text":"","why_service_title":"","why_service_text":"","template_catalog_visible":"","template_catalog_title":"","template_catalog_text":"","template_catalog_categories_visible":"","demo_title":"Erstellen Sie Ihr Form Builder-Widget","demo_caption":"Konfigurieren Sie Ihren Form Builder und f\u00fcgen Sie ihn kostenlos zu Ihrer Webnode-Website hinzu!","default_faq_hidden":"","app_template_category":[],"platform":"248","template_public_id":"","codecanyon_url":"","codecanyon_item_id":"","codecanyon_price":"","pricing_caption":"","pricing_elfsight_apps_hide_column":"","pricing_elfsight_apps_url":"","pricing_codecanyon_price_caption":"","integration_category":[],"integration_request_title":"","integration_request_cta":"","integration_platform":"","integrations":[],"platform_category":[],"video_schema_markup":"","price":"ab 0 $ \/ Monat","trial":"","benefits":[{"text":"Effektiver Kundenservice"},{"text":"Premium-Support"},{"text":"14-t\u00e4gige Geld-zur\u00fcck-Garantie"},{"text":"St\u00e4ndige Aktualisierung"}],"button_url":"#demo","button_target_blank":"","button_nofollow":"","attributes":[{"name":"Installiert","content":"100,000 - 500,000"},{"name":"Reaktionsfreudig","content":"Ja"},{"name":"Kompatible Browser","content":"Firefox, Safari, Opera, Chrome, Edge"}],"tags":[],"tags_disable_links":"","hide_more_platforms":"","video_object":"","demo_hide_cta":"","demo_hide_cloud_options":"","pricing_title":"","pricing":[{"pricing_icon":"platform","pricing_title":"Elfsight Apps","pricing_title_caption":"Plattformunabh\u00e4ngige L\u00f6sung","pricing_price":"ab 0 $ \/ Monat","pricing_price_caption":"Beginnen Sie mit einem kostenlosen Plan","pricing_benefits":[{"text":"Unbegrenzte Websites"},{"text":"Erstklassiger Unternehmenssupport und gut dokumentiert"},{"text":"Kostenloser Installationsservice"},{"text":"Sonderpreis f\u00fcr mehrere Apps"}],"pricing_button_text":"Zur Website hinzuf\u00fcgen","pricing_button_url":"#demo"}],"related_apps_title":"","related_apps_hidden":"","author":"","image":[],"title":"","job":"","social_networks":[]},"_links":{"self":[{"href":"https:\/\/elfsight.com\/de\/wp-json\/wp\/v2\/pages\/20446","targetHints":{"allow":["GET"]}}],"collection":[{"href":"https:\/\/elfsight.com\/de\/wp-json\/wp\/v2\/pages"}],"about":[{"href":"https:\/\/elfsight.com\/de\/wp-json\/wp\/v2\/types\/page"}],"author":[{"embeddable":true,"href":"https:\/\/elfsight.com\/de\/wp-json\/wp\/v2\/users\/9"}],"replies":[{"embeddable":true,"href":"https:\/\/elfsight.com\/de\/wp-json\/wp\/v2\/comments?post=20446"}],"version-history":[{"count":1,"href":"https:\/\/elfsight.com\/de\/wp-json\/wp\/v2\/pages\/20446\/revisions"}],"predecessor-version":[{"id":20450,"href":"https:\/\/elfsight.com\/de\/wp-json\/wp\/v2\/pages\/20446\/revisions\/20450"}],"up":[{"embeddable":true,"href":"https:\/\/elfsight.com\/de\/wp-json\/wp\/v2\/pages\/829"}],"wp:attachment":[{"href":"https:\/\/elfsight.com\/de\/wp-json\/wp\/v2\/media?parent=20446"}],"curies":[{"name":"wp","href":"https:\/\/api.w.org\/{rel}","templated":true}]}}