{"id":20445,"date":"2024-05-03T06:37:43","date_gmt":"2024-05-03T06:37:43","guid":{"rendered":"https:\/\/elfsight.com\/de\/?page_id=20445"},"modified":"2025-01-13T09:35:17","modified_gmt":"2025-01-13T09:35:17","slug":"woocommerce","status":"publish","type":"page","link":"https:\/\/elfsight.com\/de\/online-form-builder\/woocommerce\/","title":{"rendered":"Form Builder &#8211; WooCommerce"},"content":{"rendered":"\n<div class=\"application-platform-content-item-description application-platform-content-item\" id=\"description\" data-nav-section=\"description\"><h2>Benutzerdefinierter Formularersteller f\u00fcr WooCommerce<\/h2><p>Dies ist ein vielseitiges Tool, mit dem Sie eine breite Palette benutzerdefinierter Formulare erstellen k\u00f6nnen Zeigen Sie sie auf Ihrer Website an. Unabh\u00e4ngig davon, ob Sie ein Woocommerce-Formularerstellungs-Plugin, ein benutzerdefiniertes Woocommerce-Formular oder ein benutzerdefiniertes Formular f\u00fcr einen anderen Zweck ben\u00f6tigen, k\u00f6nnen Sie Erkenntnisse von Ihren aktuellen und potenziellen Kunden gewinnen, indem Sie praktische Umfragen, Feedback-Formulare, Bewertungsanfragen und mehr nutzen. Sie k\u00f6nnen die Struktur Ihres Formulars entwerfen, seine Komponenten ausw\u00e4hlen, die Datentypen angeben, die Sie sammeln m\u00f6chten, Skalen und andere Elemente integrieren, um attraktive und benutzerfreundliche Ausf\u00fcllformulare f\u00fcr eine effiziente Informationserfassung zu erstellen.<\/p><p><b>Starten Sie mit Elfsight Form Builder eine schnellere Gesch\u00e4ftsentwicklung und steigern Sie den Umsatz.<\/b><\/p><\/div><div class=\"application-platform-content-item-features application-platform-content-item\" id=\"features\" data-nav-section=\"features\"><h2>Funktionen des Form Builder-Plugins<\/h2><ul><li>Formularkopfzeile mit Titel und Text anzeigen;<\/li><li>Bearbeitbarer Text der Schaltfl\u00e4che \u201eSenden\u201c;<\/li><li>Bearbeitbare Texte der Dankesnachricht und der Schaltfl\u00e4che zum wiederholten Ausf\u00fcllen des Formulars;<\/li><li>10 eingebettete Symbole f\u00fcr Floating Button;<\/li><li>Malen Sie Ihr Formular mit einem Klick \u2013 die Hauptfarbe wird auf alle aktiven Elemente, die Schaltfl\u00e4che \u201eSenden\u201c, den Fortschrittsbalken usw. angewendet.<\/li><\/ul><p><a href=\"#demo\">Sie k\u00f6nnen die volle Funktionalit\u00e4t des Widgets in der Demo unten entdecken<\/a><\/p><\/div><div class=\"application-platform-content-item-installation application-platform-content-item\" id=\"installation\" data-nav-section=\"installation\"><h2>Wie mache ich Form Builder zu meiner WooCommerce-Website hinzuf\u00fcgen?<\/h2><p>F\u00fchren Sie einfach die folgenden Richtlinien aus, um das Tool zu aktivieren.<\/p><ol><li><b>Verwenden Sie unseren kostenlosen Konfigurator und beginnen Sie mit der Gestaltung Ihres ma\u00dfgeschneiderten Widgets.<\/b><br>Geben Sie die benutzerdefinierte Form und Aspekte des Tools an und speichern Sie die \u00c4nderungen.<\/li><li><b>Sie erhalten den eindeutigen Code, der im Feld von Elfsight Apps angezeigt wird.<\/b><br>Kopieren Sie unmittelbar nach Abschluss der Generierung Ihres Widgets den exklusiven Code aus der entstandenen Box und bewahren Sie ihn f\u00fcr einen sp\u00e4teren Anlass auf.<\/li><li><b>Beginnen Sie mit der Verwendung des Tools auf Ihrer WooCommerce-Website.<\/b><br>F\u00fcgen Sie den k\u00fcrzlich gespeicherten Code zu Ihrer Homepage hinzu und speichern Sie die \u00c4nderungen.<\/li><li><b>Fertig! Die Einbettung wurde erfolgreich abgeschlossen.<\/b><br>Besuchen Sie Ihre Seite, um zu \u00fcberpr\u00fcfen, wie das Tool funktioniert.<\/li><\/ol><p>Falls es zu Komplikationen kommt, wenden Sie sich bitte an unser Kundendienstteam. Unsere Spezialisten sind bestrebt, alle Schwierigkeiten zu l\u00f6sen, die Sie m\u00f6glicherweise mit dem Tool haben.<\/p><div class=\"faq\" data-component=\"FAQ\"> <div class=\"faq-item\">\r\n\t\t\t\t\t<div class=\"faq-item-question\">\r\n\t\t\t\t\t\t<h3 class=\"faq-item-question-text\">Wie kann ich Form Builder ohne Programmierkenntnisse zu meiner WooCommerce-Website hinzuf\u00fcgen?<\/h3>\r\n\r\n\t\t\t\t\t\t<div class=\"faq-item-question-icon\"><\/div>\r\n\t\t\t\t\t<\/div>\r\n\r\n\t\t\t\t\t<div class=\"faq-item-answer\">\r\n\t\t\t\t\t\t<div class=\"faq-item-answer-text\"> <p>Elfsight bietet eine SaaS-L\u00f6sung, mit der Sie selbst ein Form Builder-Widget erstellen k\u00f6nnen. Erleben Sie, wie einfach der Vorgang ist: Arbeiten Sie direkt im Online-Editor, um ein Form Builder-Widget zu erstellen, das Sie gerne auf Ihrer WooCommerce-Website sehen w\u00fcrden. W\u00e4hlen Sie eine der vorgefertigten Vorlagen aus und passen Sie die Form Builder-Einstellungen an, f\u00fcgen Sie Ihre Inhalte hinzu, \u00e4ndern Sie das Layout und die Farben ohne Programmierkenntnisse. Speichern Sie den Form Builder und kopieren Sie seinen Installationscode, den Sie m\u00fchelos zu Ihrer WooCommerce-Website hinzuf\u00fcgen k\u00f6nnen, ohne ein kostenpflichtiges Abonnement kaufen zu m\u00fcssen. Mit unserem intuitiven Editor kann jeder Internetnutzer online ein Form Builder-Widget erstellen und es einfach in seine WooCommerce-Website einbetten. Sie m\u00fcssen weder bezahlen noch Ihre Kartendaten eingeben, um auf den Service zuzugreifen. Sollten bei irgendeinem Schritt Probleme auftreten, wenden Sie sich bitte an unser technisches Support-Team.<\/p> <\/div>\r\n\t\t\t\t\t<\/div>\r\n\t\t\t\t<\/div><div class=\"faq-item\">\r\n\t\t\t\t\t<div class=\"faq-item-question\">\r\n\t\t\t\t\t\t<h3 class=\"faq-item-question-text\">Gibt es benutzerdefinierte Form Builder-Vorlagen f\u00fcr die WooCommerce-Website?<\/h3>\r\n\r\n\t\t\t\t\t\t<div class=\"faq-item-question-icon\"><\/div>\r\n\t\t\t\t\t<\/div>\r\n\r\n\t\t\t\t\t<div class=\"faq-item-answer\">\r\n\t\t\t\t\t\t<div class=\"faq-item-answer-text\"><p>Ja , absolut! Es gibt \u00fcber 300 gebrauchsfertige Vorlagen f\u00fcr jeden Fall, wie zum Beispiel <a href=\"https:\/\/elfsight.com\/online-form-builder\/templates\/application-forms\/\">Bewerbungsformulare<\/a>, <a href=\"https:\/\/elfsight.com\/online-form-builder\/templates\/booking-forms\/\">Buchungsformulare<\/a>, <a href=\"https:\/\/elfsight.com\/online-form- builder\/templates\/order-forms\/\">Bestellformulare<\/a>, <a href=\"https:\/\/elfsight.com\/online-form-builder\/templates\/product-forms\/\">Produktformulare<\/a> , <a href=\"https:\/\/elfsight.com\/online-form-builder\/templates\/questionnaires\/\">Frageb\u00f6gen<\/a>, <a href=\"https:\/\/elfsight.com\/online-form-builder \/templates\/quizzes\/\">Quiz<\/a>, <a href=\"https:\/\/elfsight.com\/online-form-builder\/templates\/surveys\/\">Umfragen<\/a>, <a href=\"https:\/\/elfsight.com\/online-form-builder\/templates\/file-upload-forms\/\">Datei-Upload-Formulare<\/a> und viele mehr. Testen Sie gerne <a href=\"https:\/\/elfsight.com\/online-form-builder\/templates\/\">Form Builder-Vorlagen<\/a> und teilen Sie uns Ihre Meinung mit.<\/p><\/div>\r\n\t\t\t\t\t<\/div>\r\n\t\t\t\t<\/div> <\/div> <\/div>\n","protected":false},"excerpt":{"rendered":"","protected":false},"author":9,"featured_media":0,"parent":829,"menu_order":0,"comment_status":"closed","ping_status":"closed","template":"templates\/template-application-platform.php","meta":{"publish_to_discourse":"","publish_post_category":"","wpdc_auto_publish_overridden":"","wpdc_topic_tags":"","wpdc_pin_topic":"","wpdc_pin_until":"","discourse_post_id":"","discourse_permalink":"","wpdc_publishing_response":"","wpdc_publishing_error":"","footnotes":""},"class_list":["post-20445","page","type-page","status-publish","hentry"],"yoast_head":"<!-- This site is optimized with the Yoast SEO plugin v25.3.1 - https:\/\/yoast.com\/wordpress\/plugins\/seo\/ -->\n<title>Erstellen und f\u00fcgen Sie kostenlos ein benutzerdefiniertes Formular auf WooCommerce hinzu!<\/title>\n<meta name=\"description\" content=\"Nutzen Sie die Chance, das Form Builder-Plugin gleich anzupassen und direkt aus der Live-Demo in Ihre WooCommerce-Website einzuf\u00fcgen.\" \/>\n<meta name=\"robots\" content=\"index, follow, max-snippet:-1, max-image-preview:large, max-video-preview:-1\" \/>\n<link rel=\"canonical\" href=\"https:\/\/elfsight.com\/de\/online-form-builder\/woocommerce\/\" \/>\n<meta property=\"og:locale\" content=\"de_DE\" \/>\n<meta property=\"og:type\" content=\"article\" \/>\n<meta property=\"og:title\" content=\"Erstellen und f\u00fcgen Sie kostenlos ein benutzerdefiniertes Formular auf WooCommerce hinzu!\" \/>\n<meta property=\"og:description\" content=\"Nutzen Sie die Chance, das Form Builder-Plugin gleich anzupassen und direkt aus der Live-Demo in Ihre WooCommerce-Website einzuf\u00fcgen.\" \/>\n<meta property=\"og:url\" content=\"https:\/\/elfsight.com\/de\/online-form-builder\/woocommerce\/\" \/>\n<meta property=\"og:site_name\" content=\"Elfsight DE\" \/>\n<meta property=\"article:modified_time\" content=\"2025-01-13T09:35:17+00:00\" \/>\n<meta name=\"twitter:card\" content=\"summary_large_image\" \/>\n<meta name=\"twitter:label1\" content=\"Gesch\u00e4tzte Lesezeit\" \/>\n\t<meta name=\"twitter:data1\" content=\"4\u00a0Minuten\" \/>\n<!-- \/ Yoast SEO plugin. -->","yoast_head_json":{"title":"Erstellen und f\u00fcgen Sie kostenlos ein benutzerdefiniertes Formular auf WooCommerce hinzu!","description":"Nutzen Sie die Chance, das Form Builder-Plugin gleich anzupassen und direkt aus der Live-Demo in Ihre WooCommerce-Website einzuf\u00fcgen.","robots":{"index":"index","follow":"follow","max-snippet":"max-snippet:-1","max-image-preview":"max-image-preview:large","max-video-preview":"max-video-preview:-1"},"canonical":"https:\/\/elfsight.com\/de\/online-form-builder\/woocommerce\/","og_locale":"de_DE","og_type":"article","og_title":"Erstellen und f\u00fcgen Sie kostenlos ein benutzerdefiniertes Formular auf WooCommerce hinzu!","og_description":"Nutzen Sie die Chance, das Form Builder-Plugin gleich anzupassen und direkt aus der Live-Demo in Ihre WooCommerce-Website einzuf\u00fcgen.","og_url":"https:\/\/elfsight.com\/de\/online-form-builder\/woocommerce\/","og_site_name":"Elfsight DE","article_modified_time":"2025-01-13T09:35:17+00:00","twitter_card":"summary_large_image","twitter_misc":{"Gesch\u00e4tzte Lesezeit":"4\u00a0Minuten"},"schema":{"@context":"https:\/\/schema.org","@graph":[{"@type":"WebPage","@id":"https:\/\/elfsight.com\/de\/online-form-builder\/woocommerce\/","url":"https:\/\/elfsight.com\/de\/online-form-builder\/woocommerce\/","name":"Erstellen und f\u00fcgen Sie kostenlos ein benutzerdefiniertes Formular auf WooCommerce hinzu!","isPartOf":{"@id":"https:\/\/elfsight.com\/de\/#website"},"datePublished":"2024-05-03T06:37:43+00:00","dateModified":"2025-01-13T09:35:17+00:00","description":"Nutzen Sie die Chance, das Form Builder-Plugin gleich anzupassen und direkt aus der Live-Demo in Ihre WooCommerce-Website einzuf\u00fcgen.","breadcrumb":{"@id":"https:\/\/elfsight.com\/de\/online-form-builder\/woocommerce\/#breadcrumb"},"inLanguage":"de","potentialAction":[{"@type":"ReadAction","target":["https:\/\/elfsight.com\/de\/online-form-builder\/woocommerce\/"]}]},{"@type":"BreadcrumbList","@id":"https:\/\/elfsight.com\/de\/online-form-builder\/woocommerce\/#breadcrumb","itemListElement":[{"@type":"ListItem","position":1,"name":"Home","item":"https:\/\/elfsight.com\/de\/"},{"@type":"ListItem","position":2,"name":"Form Builder","item":"https:\/\/elfsight.com\/de\/online-form-builder\/"},{"@type":"ListItem","position":3,"name":"Form Builder &#8211; WooCommerce"}]},{"@type":"WebSite","@id":"https:\/\/elfsight.com\/de\/#website","url":"https:\/\/elfsight.com\/de\/","name":"Elfsight DE","description":"Just another Elfsight Sites site","potentialAction":[{"@type":"SearchAction","target":{"@type":"EntryPoint","urlTemplate":"https:\/\/elfsight.com\/de\/?s={search_term_string}"},"query-input":{"@type":"PropertyValueSpecification","valueRequired":true,"valueName":"search_term_string"}}],"inLanguage":"de"}]}},"meta_box":{"industry":"","seo_heading":"","heading":"","description":"","cta_heading":"","cta_description":"","application":"469","h1":"WooCommerce Form Builder-Plugin","h1_caption":"Konfigurieren Sie Ausf\u00fcllformulare mit unbegrenzten Kategorien, um Kundeninformationen zu erhalten.","application_category":[],"applications_title":"","applications_request_title":"","applications_request_button_text":"","hero_text":"","hero_video":"","hero_video_schema_markup":"","selling_points_title":"","selling_points_caption":"","selling_points":[],"selling_points_cta_text":"","features_title":"","features":"","ed_cta_examples_text":"","ed_cta_examples_hidden":"","ed_cta_demo_text":"","ed_cta_demo_hidden":"","why_caption":"","why_editor_title":"","why_editor_text":"","why_team_title":"","why_team_text":"","why_service_title":"","why_service_text":"","template_catalog_visible":"0","template_catalog_title":"","template_catalog_text":"","template_catalog_categories_visible":"","demo_title":"Erstellen Sie Ihre Form Builder-App","demo_caption":"Konfigurieren Sie Ihren Form Builder und f\u00fcgen Sie ihn kostenlos zu Ihrer WooCommerce-Website hinzu!","default_faq_hidden":"","app_template_category":[],"platform":"200","template_public_id":"","codecanyon_url":"","codecanyon_item_id":"","codecanyon_price":"","pricing_caption":"","pricing_elfsight_apps_hide_column":"","pricing_elfsight_apps_url":"","pricing_codecanyon_price_caption":"","integration_category":[],"integration_request_title":"","integration_request_cta":"","integration_platform":"","integrations":[],"platform_category":[],"video_schema_markup":"","price":"ab 0 $ \/ Monat","trial":"","benefits":[{"text":"Kostenlose Installationsunterst\u00fctzung"},{"text":"Professioneller Kundenservice"},{"text":"14-t\u00e4gige Geld-zur\u00fcck-Garantie"},{"text":"Zuk\u00fcnftige Updates"}],"button_url":"#demo","button_target_blank":"0","button_nofollow":"0","attributes":[{"name":"Installiert","content":"100,000 - 500,000"},{"name":"Reaktionsfreudig","content":"Ja"},{"name":"Kompatible Browser","content":"Firefox, Safari, Opera, Chrome, Edge"}],"tags":[],"tags_disable_links":"0","hide_more_platforms":"","video_object":"","demo_hide_cta":"0","demo_hide_cloud_options":"0","pricing_title":"","pricing":[{"pricing_icon":"platform","pricing_title":"Elfsight Apps","pricing_title_caption":"Plattform\u00fcbergreifende Version, die auf jeder Website funktioniert","pricing_price":"ab 0 $ \/ Monat","pricing_price_caption":"Beginnen Sie mit einem kostenlosen Plan","pricing_benefits":[{"text":"Unbegrenzte Websites"},{"text":"Kostenloser Unternehmenssupport und gut dokumentiert"},{"text":"Kostenlose Installationsunterst\u00fctzung"},{"text":"100 % anpassbar"}],"pricing_button_text":"Zur Website hinzuf\u00fcgen","pricing_button_url":"#demo"}],"related_apps_title":"","related_apps_hidden":"0","author":"","image":[],"title":"","job":"","social_networks":[]},"_links":{"self":[{"href":"https:\/\/elfsight.com\/de\/wp-json\/wp\/v2\/pages\/20445","targetHints":{"allow":["GET"]}}],"collection":[{"href":"https:\/\/elfsight.com\/de\/wp-json\/wp\/v2\/pages"}],"about":[{"href":"https:\/\/elfsight.com\/de\/wp-json\/wp\/v2\/types\/page"}],"author":[{"embeddable":true,"href":"https:\/\/elfsight.com\/de\/wp-json\/wp\/v2\/users\/9"}],"replies":[{"embeddable":true,"href":"https:\/\/elfsight.com\/de\/wp-json\/wp\/v2\/comments?post=20445"}],"version-history":[{"count":2,"href":"https:\/\/elfsight.com\/de\/wp-json\/wp\/v2\/pages\/20445\/revisions"}],"predecessor-version":[{"id":23514,"href":"https:\/\/elfsight.com\/de\/wp-json\/wp\/v2\/pages\/20445\/revisions\/23514"}],"up":[{"embeddable":true,"href":"https:\/\/elfsight.com\/de\/wp-json\/wp\/v2\/pages\/829"}],"wp:attachment":[{"href":"https:\/\/elfsight.com\/de\/wp-json\/wp\/v2\/media?parent=20445"}],"curies":[{"name":"wp","href":"https:\/\/api.w.org\/{rel}","templated":true}]}}