{"id":20439,"date":"2024-05-03T06:37:40","date_gmt":"2024-05-03T06:37:40","guid":{"rendered":"https:\/\/elfsight.com\/de\/?page_id=20439"},"modified":"2025-07-08T10:46:16","modified_gmt":"2025-07-08T10:46:16","slug":"godaddy","status":"publish","type":"page","link":"https:\/\/elfsight.com\/de\/online-form-builder\/godaddy\/","title":{"rendered":"Form Builder &#8211; GoDaddy"},"content":{"rendered":"<div class=\"application-platform-content-item-description application-platform-content-item\" id=\"description\" data-nav-section=\"description\"><h2>Benutzerdefinierter Formularersteller f\u00fcr GoDaddy<\/h2> <p>Unsere GoDaddy-Formularerstellungs-App ist eine vielseitige L\u00f6sung, mit der Sie jede Art von Formularen erstellen k\u00f6nnen Formular aus, das Sie ben\u00f6tigen, und f\u00fcgen Sie es Ihrem Shopify-Shop hinzu. Egal, ob Sie ein benutzerdefiniertes Formular, ein Feedback-Formular oder eine andere Art von Formular erstellen m\u00f6chten, unsere App macht es Ihnen ganz einfach. Mit nur wenigen Klicks k\u00f6nnen Sie ein Formular auf GoDaddy erstellen und mit der Datenerfassung Ihrer Kunden beginnen. Mit unserer benutzerdefinierten Shopify-Formular-App haben Sie die vollst\u00e4ndige Kontrolle \u00fcber das Formulardesign und k\u00f6nnen so Formulare erstellen, die nicht nur funktional, sondern auch optisch ansprechend sind. Egal, ob Sie Feedback, Bewertungen, Reservierungen oder Verk\u00e4ufe sammeln m\u00f6chten, mit unserer App sind Sie an der richtigen Adresse. Und mit unserer benutzerfreundlichen Oberfl\u00e4che und dem intuitiven Form Builder k\u00f6nnen Sie Formulare erstellen, die f\u00fcr Ihre Kunden einfach zu verwenden und f\u00fcr Sie effektiv zu verwalten sind.<\/p><p><b>F\u00fchren Sie Form Builder ganz einfach und unkompliziert auf Ihrer Website ein schnell.<\/b><\/p><\/div><div class=\"application-platform-content-item-features application-platform-content-item\" id=\"features\" data-nav-section=\"features\"><h2>Funktionen des Form Builder-Plugins<\/h2> <ul><li>Erstellen Sie eine Beschreibung f\u00fcr jedes Element, es wird angezeigt unter der Beschriftung;<\/li><li>M\u00f6glichkeit, Felder in mehrere Spalten zu verteilen;<\/li><li>Bearbeitbare Texte der Dankesnachricht und die Schaltfl\u00e4che zum wiederholten Ausf\u00fcllen des Formulars;<\/li><li>Benutzerdefiniert festlegen Breite des Formulars im Standard- und Box-Layout;<\/li><li>5 vordefinierte Stile f\u00fcr Formularfelder.<\/li><li>2 m\u00f6gliche Szenarien f\u00fcr die Ablehnung von \u00dcberpr\u00fcfungsanfragen: Anzeigen eines Textes oder Entfernen der Schaltfl\u00e4che. <\/li><\/ul><div class=\"application-platform-content-item-installation application-platform-content-item\" id=\"installation\" data-nav-section=\"installation\"><\/div> <h2>Wie kann ich Form Builder zu meiner GoDaddy-Site hinzuf\u00fcgen? <\/h2> <p>Befolgen Sie einfach die unten aufgef\u00fchrten Schritte, um mit der Arbeit mit dem Tool zu beginnen. <\/p> <ol><li><b>F\u00fchren Sie unsere kostenlose Demo durch und beginnen Sie mit der Erstellung Ihres personalisierten Plugins. <\/b><br> Geben Sie das benutzerdefinierte Layout und die Aspekte des Plugins an und speichern Sie die \u00c4nderungen. <\/li> <li><b>Kopieren Sie Ihren einzigartigen Code, der im Fenster von Elfsight Apps angezeigt wird. <\/b><br> Nachdem Sie Ihr Tool individuell angepasst haben, kopieren Sie den exklusiven Code im angezeigten Feld und bewahren Sie ihn f\u00fcr die zuk\u00fcnftige Verwendung auf. <\/li> <li><b>Beginnen Sie mit der Verwendung des Plugins auf Ihrer GoDaddy-Homepage. <\/b><br> F\u00fcgen Sie den k\u00fcrzlich auf Ihrer Homepage gespeicherten Code hinzu und \u00fcbernehmen Sie die \u00c4nderungen. <\/li> <li><b>Du bist fertig! Die Integration wurde erfolgreich durchgef\u00fchrt. <\/b><br> Gehen Sie zu Ihrer Seite, um zu sehen, wie das Plugin funktioniert. <\/li><\/ol> <p>Scheuen Sie sich nicht, sich an unser Support-Team zu wenden, wenn Sie Fragen haben oder auf Schwierigkeiten sto\u00dfen. Unsere Mitarbeiter sind bestrebt, alle Probleme zu l\u00f6sen, die Sie m\u00f6glicherweise mit dem Produkt haben. <\/p><div class=\"faq\" data-component=\"FAQ\"> <div class=\"faq-item\">\r\n\t\t\t\t\t<div class=\"faq-item-question\">\r\n\t\t\t\t\t\t<h3 class=\"faq-item-question-text\">Haben Sie vorgefertigte Form Builder-Vorlagen f\u00fcr die GoDaddy-Website?<\/h3>\r\n\r\n\t\t\t\t\t\t<div class=\"faq-item-question-icon\"><\/div>\r\n\t\t\t\t\t<\/div>\r\n\r\n\t\t\t\t\t<div class=\"faq-item-answer\">\r\n\t\t\t\t\t\t<div class=\"faq-item-answer-text\"><p>Ja. Unser Team hat hart daran gearbeitet, eine riesige Sammlung von \u00fcber 300 Vorlagen zu erstellen, wie zum Beispiel <a href=\"https:\/\/elfsight.com\/online-form-builder\/templates\/application-forms\/\">Bewerbungsformulare<\/a>, <a href=\"https:\/\/elfsight.com\/online-form-builder\/templates\/booking-forms\/\">Buchungsformulare<\/a>, <a href=\"https:\/\/elfsight.com\/online-form -builder\/templates\/order-forms\/\">Bestellformulare<\/a>, <a href=\"https:\/\/elfsight.com\/online-form-builder\/templates\/product-forms\/\">Produktformulare<\/a>, <a href=\"https:\/\/elfsight.com\/online-form-builder\/templates\/questionnaires\/\">Frageb\u00f6gen<\/a>, <a href=\"https:\/\/elfsight.com\/online-form- builder\/templates\/quizzes\/\">Quiz<\/a>, <a href=\"https:\/\/elfsight.com\/online-form-builder\/templates\/surveys\/\">Umfragen<\/a>, <a href=\"https:\/\/elfsight.com\/online-form-builder\/templates\/file-upload-forms\/\">Datei-Upload-Formulare<\/a> und viele andere. Mit den <a href=\"https:\/\/elfsight.com\/online-form-builder\/templates\/\">Form Builder-Vorlagen<\/a> wird es also nicht so schwierig sein, die richtige L\u00f6sung zu finden.<\/p> <\/div>\r\n\t\t\t\t\t<\/div>\r\n\t\t\t\t<\/div> <\/div> <\/div>","protected":false},"excerpt":{"rendered":"","protected":false},"author":9,"featured_media":0,"parent":829,"menu_order":0,"comment_status":"closed","ping_status":"closed","template":"templates\/template-application-platform.php","meta":{"publish_to_discourse":"","publish_post_category":"","wpdc_auto_publish_overridden":"","wpdc_topic_tags":"","wpdc_pin_topic":"","wpdc_pin_until":"","discourse_post_id":"","discourse_permalink":"","wpdc_publishing_response":"","wpdc_publishing_error":"","footnotes":""},"class_list":["post-20439","page","type-page","status-publish","hentry"],"yoast_head":"<!-- This site is optimized with the Yoast SEO plugin v25.3.1 - https:\/\/yoast.com\/wordpress\/plugins\/seo\/ -->\n<title>Erstellen Sie kostenlos ein benutzerdefiniertes Formular auf GoDaddy und f\u00fcgen Sie es hinzu!<\/title>\n<meta name=\"description\" content=\"Erstellen Sie ein beliebiges Formular f\u00fcr Ihre GoDaddy-Website mit einem beeindruckenden Form Builder-Plugin f\u00fcr Ihre Website! Steigern Sie Ihr Gesch\u00e4ft mit Elfsight!\" \/>\n<meta name=\"robots\" content=\"index, follow, max-snippet:-1, max-image-preview:large, max-video-preview:-1\" \/>\n<link rel=\"canonical\" href=\"https:\/\/elfsight.com\/de\/online-form-builder\/godaddy\/\" \/>\n<meta property=\"og:locale\" content=\"de_DE\" \/>\n<meta property=\"og:type\" content=\"article\" \/>\n<meta property=\"og:title\" content=\"Erstellen Sie kostenlos ein benutzerdefiniertes Formular auf GoDaddy und f\u00fcgen Sie es hinzu!\" \/>\n<meta property=\"og:description\" content=\"Erstellen Sie ein beliebiges Formular f\u00fcr Ihre GoDaddy-Website mit einem beeindruckenden Form Builder-Plugin f\u00fcr Ihre Website! Steigern Sie Ihr Gesch\u00e4ft mit Elfsight!\" \/>\n<meta property=\"og:url\" content=\"https:\/\/elfsight.com\/de\/online-form-builder\/godaddy\/\" \/>\n<meta property=\"og:site_name\" content=\"Elfsight DE\" \/>\n<meta property=\"article:modified_time\" content=\"2025-07-08T10:46:16+00:00\" \/>\n<meta name=\"twitter:card\" content=\"summary_large_image\" \/>\n<meta name=\"twitter:label1\" content=\"Gesch\u00e4tzte Lesezeit\" \/>\n\t<meta name=\"twitter:data1\" content=\"3\u00a0Minuten\" \/>\n<!-- \/ Yoast SEO plugin. -->","yoast_head_json":{"title":"Erstellen Sie kostenlos ein benutzerdefiniertes Formular auf GoDaddy und f\u00fcgen Sie es hinzu!","description":"Erstellen Sie ein beliebiges Formular f\u00fcr Ihre GoDaddy-Website mit einem beeindruckenden Form Builder-Plugin f\u00fcr Ihre Website! Steigern Sie Ihr Gesch\u00e4ft mit Elfsight!","robots":{"index":"index","follow":"follow","max-snippet":"max-snippet:-1","max-image-preview":"max-image-preview:large","max-video-preview":"max-video-preview:-1"},"canonical":"https:\/\/elfsight.com\/de\/online-form-builder\/godaddy\/","og_locale":"de_DE","og_type":"article","og_title":"Erstellen Sie kostenlos ein benutzerdefiniertes Formular auf GoDaddy und f\u00fcgen Sie es hinzu!","og_description":"Erstellen Sie ein beliebiges Formular f\u00fcr Ihre GoDaddy-Website mit einem beeindruckenden Form Builder-Plugin f\u00fcr Ihre Website! Steigern Sie Ihr Gesch\u00e4ft mit Elfsight!","og_url":"https:\/\/elfsight.com\/de\/online-form-builder\/godaddy\/","og_site_name":"Elfsight DE","article_modified_time":"2025-07-08T10:46:16+00:00","twitter_card":"summary_large_image","twitter_misc":{"Gesch\u00e4tzte Lesezeit":"3\u00a0Minuten"},"schema":{"@context":"https:\/\/schema.org","@graph":[{"@type":"WebPage","@id":"https:\/\/elfsight.com\/de\/online-form-builder\/godaddy\/","url":"https:\/\/elfsight.com\/de\/online-form-builder\/godaddy\/","name":"Erstellen Sie kostenlos ein benutzerdefiniertes Formular auf GoDaddy und f\u00fcgen Sie es hinzu!","isPartOf":{"@id":"https:\/\/elfsight.com\/de\/#website"},"datePublished":"2024-05-03T06:37:40+00:00","dateModified":"2025-07-08T10:46:16+00:00","description":"Erstellen Sie ein beliebiges Formular f\u00fcr Ihre GoDaddy-Website mit einem beeindruckenden Form Builder-Plugin f\u00fcr Ihre Website! Steigern Sie Ihr Gesch\u00e4ft mit Elfsight!","breadcrumb":{"@id":"https:\/\/elfsight.com\/de\/online-form-builder\/godaddy\/#breadcrumb"},"inLanguage":"de","potentialAction":[{"@type":"ReadAction","target":["https:\/\/elfsight.com\/de\/online-form-builder\/godaddy\/"]}]},{"@type":"BreadcrumbList","@id":"https:\/\/elfsight.com\/de\/online-form-builder\/godaddy\/#breadcrumb","itemListElement":[{"@type":"ListItem","position":1,"name":"Home","item":"https:\/\/elfsight.com\/de\/"},{"@type":"ListItem","position":2,"name":"Form Builder","item":"https:\/\/elfsight.com\/de\/online-form-builder\/"},{"@type":"ListItem","position":3,"name":"Form Builder &#8211; GoDaddy"}]},{"@type":"WebSite","@id":"https:\/\/elfsight.com\/de\/#website","url":"https:\/\/elfsight.com\/de\/","name":"Elfsight DE","description":"Just another Elfsight Sites site","potentialAction":[{"@type":"SearchAction","target":{"@type":"EntryPoint","urlTemplate":"https:\/\/elfsight.com\/de\/?s={search_term_string}"},"query-input":{"@type":"PropertyValueSpecification","valueRequired":true,"valueName":"search_term_string"}}],"inLanguage":"de"}]}},"meta_box":{"industry":"","seo_heading":"","heading":"","description":"","cta_heading":"","cta_description":"","application":"469","h1":"GoDaddy Form Builder-Plugin","h1_caption":"Erstellen Sie anpassbare Formulare f\u00fcr jeden Zweck \u2013 Feedback, Umfragen, Kontaktformulare \u2013 ohne Programmierung, sodass Sie m\u00fchelos Informationen von Ihren Benutzern auf Ihrer GoDaddy-Website sammeln k\u00f6nnen.","application_category":[],"applications_title":"","applications_request_title":"","applications_request_button_text":"","hero_text":"","hero_video":"","hero_video_schema_markup":"","selling_points_title":"","selling_points_caption":"","selling_points":[],"selling_points_cta_text":"","features_title":"","features":"","ed_cta_examples_text":"","ed_cta_examples_hidden":"","ed_cta_demo_text":"","ed_cta_demo_hidden":"","why_caption":"","why_editor_title":"","why_editor_text":"","why_team_title":"","why_team_text":"","why_service_title":"","why_service_text":"","template_catalog_visible":"","template_catalog_title":"","template_catalog_text":"","template_catalog_categories_visible":"","demo_title":"Erstellen Sie Ihr Form Builder-Plugin","demo_caption":"Konfigurieren Sie Ihren Form Builder und f\u00fcgen Sie ihn kostenlos zu Ihrer GoDaddy-Website hinzu!","default_faq_hidden":"","app_template_category":[],"platform":"241","template_public_id":"","codecanyon_url":"","codecanyon_item_id":"","codecanyon_price":"","pricing_caption":"","pricing_elfsight_apps_hide_column":"","pricing_elfsight_apps_url":"","pricing_codecanyon_price_caption":"","integration_category":[],"integration_request_title":"","integration_request_cta":"","integration_platform":"","integrations":[],"platform_category":[],"video_schema_markup":"","price":"ab 0 $ \/ Monat","trial":"","benefits":[{"text":"Kostenlose Installationshilfe"},{"text":"Au\u00dfergew\u00f6hnlicher Support"},{"text":"14-t\u00e4gige R\u00fcckerstattungsgarantie"},{"text":"Regelm\u00e4\u00dfige kostenlose Verbesserungen"}],"button_url":"#demo","button_target_blank":"","button_nofollow":"","attributes":[{"name":"Installiert","content":"100,000 - 500,000"},{"name":"Reaktionsfreudig","content":"Ja"},{"name":"Kompatible Browser","content":"IE11, Firefox, Safari, Opera, Chrome, Edge"}],"tags":[],"tags_disable_links":"","hide_more_platforms":"","video_object":"","demo_hide_cta":"","demo_hide_cloud_options":"","pricing_title":"","pricing":[{"pricing_icon":"platform","pricing_title":"Elfsight Apps","pricing_title_caption":"Plattformunabh\u00e4ngige Software, die auf jeder Site funktioniert","pricing_price":"ab 0 $ \/ Monat","pricing_price_caption":"Beginnen Sie mit einem kostenlosen Plan","pricing_benefits":[{"text":"Unbegrenzte Websites"},{"text":"Schnelle Unternehmensunterst\u00fctzung und gut dokumentiert"},{"text":"Kostenlose Installationsunterst\u00fctzung"},{"text":"100 % anpassbar"}],"pricing_button_text":"Zur Website hinzuf\u00fcgen","pricing_button_url":"#demo"}],"related_apps_title":"","related_apps_hidden":"","author":"","image":[],"title":"","job":"","social_networks":[]},"_links":{"self":[{"href":"https:\/\/elfsight.com\/de\/wp-json\/wp\/v2\/pages\/20439","targetHints":{"allow":["GET"]}}],"collection":[{"href":"https:\/\/elfsight.com\/de\/wp-json\/wp\/v2\/pages"}],"about":[{"href":"https:\/\/elfsight.com\/de\/wp-json\/wp\/v2\/types\/page"}],"author":[{"embeddable":true,"href":"https:\/\/elfsight.com\/de\/wp-json\/wp\/v2\/users\/9"}],"replies":[{"embeddable":true,"href":"https:\/\/elfsight.com\/de\/wp-json\/wp\/v2\/comments?post=20439"}],"version-history":[{"count":1,"href":"https:\/\/elfsight.com\/de\/wp-json\/wp\/v2\/pages\/20439\/revisions"}],"predecessor-version":[{"id":20443,"href":"https:\/\/elfsight.com\/de\/wp-json\/wp\/v2\/pages\/20439\/revisions\/20443"}],"up":[{"embeddable":true,"href":"https:\/\/elfsight.com\/de\/wp-json\/wp\/v2\/pages\/829"}],"wp:attachment":[{"href":"https:\/\/elfsight.com\/de\/wp-json\/wp\/v2\/media?parent=20439"}],"curies":[{"name":"wp","href":"https:\/\/api.w.org\/{rel}","templated":true}]}}