{"id":20438,"date":"2024-05-03T06:37:39","date_gmt":"2024-05-03T06:37:39","guid":{"rendered":"https:\/\/elfsight.com\/de\/?page_id=20438"},"modified":"2025-07-08T10:46:44","modified_gmt":"2025-07-08T10:46:44","slug":"prestashop","status":"publish","type":"page","link":"https:\/\/elfsight.com\/de\/online-form-builder\/prestashop\/","title":{"rendered":"Form Builder &#8211; PrestaShop"},"content":{"rendered":"<div class=\"application-platform-content-item-description application-platform-content-item\" id=\"description\" data-nav-section=\"description\"> <h2>Benutzerdefinierter Formular-Builder f\u00fcr PrestaShop<\/h2> <p>Unser Prestashop-Formular-Builder ist das perfekte Tool, um benutzerdefinierte Formulare zu erstellen, die auf Ihre Bed\u00fcrfnisse zugeschnitten sind. Egal, ob Sie Feedback, Anfragen oder Reservierungen sammeln m\u00f6chten, mit unserer benutzerdefinierten Formularerstellungserweiterung sind Sie an der richtigen Adresse. Mit einer benutzerfreundlichen Oberfl\u00e4che und einer Vielzahl verf\u00fcgbarer Elemente k\u00f6nnen Sie Ihre benutzerdefinierten Formulare ganz einfach entwerfen und auf Ihrer Website implementieren. Mit unserem benutzerdefinierten Prestashop-Formularmodul k\u00f6nnen Sie wertvolle Daten von Ihren Kunden sammeln und diese zur Verbesserung Ihres Gesch\u00e4fts nutzen. Beginnen Sie noch heute mit der Erstellung Ihrer benutzerdefinierten Formulare und bringen Sie Ihre Online-Pr\u00e4senz auf die n\u00e4chste Stufe!<\/p><p><b>Verwenden Sie Form Builder, um Ihre Gesch\u00e4ftsziele effizienter zu erreichen! <\/b><\/p> <\/div> <div class=\"application-platform-content-item-features application-platform-content-item\" id=\"features\" data-nav-section=\"features\"> <h2>Funktionen des Form Builder-Plugins<\/h2> <ul><li>Erstellen Sie schrittweise und klassische Formulare, indem Sie Elemente vereinen Gruppen<\/li><li>Fortschrittsbalken f\u00fcr Schritt-f\u00fcr-Schritt-Format anzeigen oder ausblenden<\/li><li>18 Feldtypen f\u00fcr fast jede Datenerfassungsaufgabe <\/li><li>Jedes Formularelement verf\u00fcgt \u00fcber eine Bearbeitbare Beschriftung, die \u00fcber dem Feld angezeigt wird<\/li><li>Erstellen Sie eine Beschreibung f\u00fcr jedes Element. Diese wird unter der Beschriftung angezeigt. <\/li><li>Verwenden Sie Platzhalter f\u00fcr Felder, um ein Beispiel f\u00fcr das korrekte Ausf\u00fcllen und den erforderlichen Typ zu geben Daten <\/li><li>Jedes Feld kann zum Ausf\u00fcllen mit einem Sternchen (*)-Symbol versehen werden, um dies anzuzeigen<\/li><li>M\u00f6glichkeit, Felder in mehrere Spalten aufzuteilen <\/li><li>Beliebige E-Mail-Adresse zuweisen und die Ergebnisse des Ausf\u00fcllens des Formulars werden automatisch dorthin gesendet<\/li><li>W\u00e4hlen Sie das Szenario nach dem Absenden des Formulars: Dankesnachricht, Ausblenden des Formulars oder Weiterleitung auf eine andere Seite<\/li><li>Optionale Funktion zum Speichern des Ausf\u00fcllfortschritts<\/li><li>Drei gebrauchsfertige Layouts (Standard, Boxed, Floating)<\/li><\/ul><p><a href=\"#demo\">Schauen Sie sich einfach diese Demo an, um einen vollst\u00e4ndigen \u00dcberblick zu erhalten<\/a><\/p> <\/div> <div class=\"application-platform-content-item-installation application-platform-content-item\" id=\"installation\" data-nav-section=\"installation\"> <h2>Wie f\u00fcge ich Form Builder zu meiner PrestaShop-Webseite hinzu? <\/h2> <p>Befolgen Sie einfach die unten aufgef\u00fchrten Schritte, um das Tool zu integrieren. <\/p> <ol><li><b>Nutzen Sie unseren kostenlosen Editor und beginnen Sie mit der Erstellung Ihres ma\u00dfgeschneiderten Instruments. <\/b><br> Bestimmen Sie die benutzerdefinierte Form und Aspekte des Tools und speichern Sie die Korrekturen. <\/li> <li><b>Holen Sie sich den individuellen Code, der im Fenster von Elfsight Apps angezeigt wird. <\/b><br> Wenn die Anpassung Ihres pers\u00f6nlichen Widgets abgeschlossen ist, kopieren Sie den pers\u00f6nlichen Code in das angezeigte Feld und speichern Sie ihn f\u00fcr die zuk\u00fcnftige Verwendung. <\/li> <li><b>Initiieren Sie die Nutzung des Widgets auf der PrestaShop-Website. <\/b><br> F\u00fcgen Sie den k\u00fcrzlich kopierten Code auf Ihrer Website hinzu und \u00fcbernehmen Sie die \u00c4nderungen. <\/li> <li><b>Das Setup wurde erfolgreich durchgef\u00fchrt. <\/b><br> Besuchen Sie Ihre Website, um zu \u00fcberpr\u00fcfen, wie das Widget funktioniert. <\/li><\/ol> <p>Sollten Sie auf Probleme sto\u00dfen, k\u00f6nnen Sie sich gerne an unsere Support-Mitarbeiter wenden. Unsere Mitarbeiter helfen Ihnen gerne bei allen Problemen, die Sie mit dem Produkt haben. <\/p> <div class=\"faq\" data-component=\"FAQ\"> <div class=\"faq-item\">\r\n\t\t\t\t\t<div class=\"faq-item-question\">\r\n\t\t\t\t\t\t<h3 class=\"faq-item-question-text\">Wie kann ich Form Builder ohne Programmierkenntnisse zu meiner PrestaShop-Website hinzuf\u00fcgen?<\/h3>\r\n\r\n\t\t\t\t\t\t<div class=\"faq-item-question-icon\"><\/div>\r\n\t\t\t\t\t<\/div>\r\n\r\n\t\t\t\t\t<div class=\"faq-item-answer\">\r\n\t\t\t\t\t\t<div class=\"faq-item-answer-text\"> <p>Elfsight bietet eine SaaS-L\u00f6sung, mit der Sie selbst ein Form Builder-Widget erstellen k\u00f6nnen. Sehen Sie, wie einfach das ist Der Prozess ist: Arbeiten Sie direkt im Online-Editor, um ein Form Builder-Widget zu erstellen, das Sie auf Ihrer PrestaShop-Website sehen m\u00f6chten. W\u00e4hlen Sie eine der vorgefertigten Vorlagen aus und passen Sie die Form Builder-Einstellungen an, f\u00fcgen Sie Ihre Inhalte hinzu, \u00e4ndern Sie das Layout und die Farben ohne Programmierkenntnisse. Speichern Sie den Form Builder und kopieren Sie seinen Installationscode, den Sie in Ihre PrestaShop-Website einf\u00fcgen k\u00f6nnen, ohne einen kostenpflichtigen Plan kaufen zu m\u00fcssen. Mit unserem intuitiven Editor kann jeder Internetnutzer online ein Form Builder-Widget erstellen und es einfach in seine PrestaShop-Website einbetten. Sie m\u00fcssen weder bezahlen noch Ihre Kartendaten eingeben, um auf den Service zuzugreifen. Sollten bei irgendeinem Schritt Probleme auftreten, wenden Sie sich bitte an unser technisches Support-Team.<\/p> <\/div>\r\n\t\t\t\t\t<\/div>\r\n\t\t\t\t<\/div><div class=\"faq-item\">\r\n\t\t\t\t\t<div class=\"faq-item-question\">\r\n\t\t\t\t\t\t<h3 class=\"faq-item-question-text\">Gibt es benutzerdefinierte Form Builder-Vorlagen f\u00fcr die PrestaShop-Website?<\/h3>\r\n\r\n\t\t\t\t\t\t<div class=\"faq-item-question-icon\"><\/div>\r\n\t\t\t\t\t<\/div>\r\n\r\n\t\t\t\t\t<div class=\"faq-item-answer\">\r\n\t\t\t\t\t\t<div class=\"faq-item-answer-text\"><p>Ja . Elfsight hat eine gro\u00dfe Auswahl von \u00fcber 300 <a href=\"https:\/\/elfsight.com\/online-form-builder\/templates\/\">Form Builder-Vorlagen<\/a> mit anpassbaren Elementen und Funktionen vorbereitet. Sie k\u00f6nnen eine Formularvorlage f\u00fcr jeden Anlass finden, zum Beispiel <a href=\"https:\/\/elfsight.com\/online-form-builder\/templates\/application-forms\/\">Bewerbungsformulare<\/a>, <a href=\"https:\/\/elfsight.com\/online-form-builder\/templates\/booking-forms\/\">Buchungsformulare<\/a>, <a href=\"https:\/\/elfsight.com\/online-form-builder\/ templates\/order-forms\/\">Bestellformulare<\/a>, <a href=\"https:\/\/elfsight.com\/online-form-builder\/templates\/product-forms\/\">Produktformulare<\/a>, <a href=\"https:\/\/elfsight.com\/online-form-builder\/templates\/questionnaires\/\">Frageb\u00f6gen<\/a>, <a href=\"https:\/\/elfsight.com\/online-form-builder\/templates \/quizzes\/\">Quiz<\/a>, <a href=\"https:\/\/elfsight.com\/online-form-builder\/templates\/surveys\/\">Umfragen<\/a>, <a href=\"https:\/ \/elfsight.com\/online-form-builder\/templates\/file-upload-forms\/\">Datei-Upload-Formulare<\/a> und viele andere.<\/p><\/div>\r\n\t\t\t\t\t<\/div>\r\n\t\t\t\t<\/div> <\/div> <\/div>","protected":false},"excerpt":{"rendered":"","protected":false},"author":9,"featured_media":0,"parent":829,"menu_order":0,"comment_status":"closed","ping_status":"closed","template":"templates\/template-application-platform.php","meta":{"publish_to_discourse":"","publish_post_category":"","wpdc_auto_publish_overridden":"","wpdc_topic_tags":"","wpdc_pin_topic":"","wpdc_pin_until":"","discourse_post_id":"","discourse_permalink":"","wpdc_publishing_response":"","wpdc_publishing_error":"","footnotes":""},"class_list":["post-20438","page","type-page","status-publish","hentry"],"yoast_head":"<!-- This site is optimized with the Yoast SEO plugin v25.3.1 - https:\/\/yoast.com\/wordpress\/plugins\/seo\/ -->\n<title>Erstellen Sie kostenlos ein benutzerdefiniertes Formular auf PrestaShop und f\u00fcgen Sie es hinzu!<\/title>\n<meta name=\"description\" content=\"Entdecken Sie kostenlos das beste Online Form Builder-Add-on f\u00fcr PrestaShop. Eine unkomplizierte und schnelle Einrichtung in nur wenigen Minuten.\" \/>\n<meta name=\"robots\" content=\"index, follow, max-snippet:-1, max-image-preview:large, max-video-preview:-1\" \/>\n<link rel=\"canonical\" href=\"https:\/\/elfsight.com\/de\/online-form-builder\/prestashop\/\" \/>\n<meta property=\"og:locale\" content=\"de_DE\" \/>\n<meta property=\"og:type\" content=\"article\" \/>\n<meta property=\"og:title\" content=\"Erstellen Sie kostenlos ein benutzerdefiniertes Formular auf PrestaShop und f\u00fcgen Sie es hinzu!\" \/>\n<meta property=\"og:description\" content=\"Entdecken Sie kostenlos das beste Online Form Builder-Add-on f\u00fcr PrestaShop. Eine unkomplizierte und schnelle Einrichtung in nur wenigen Minuten.\" \/>\n<meta property=\"og:url\" content=\"https:\/\/elfsight.com\/de\/online-form-builder\/prestashop\/\" \/>\n<meta property=\"og:site_name\" content=\"Elfsight DE\" \/>\n<meta property=\"article:modified_time\" content=\"2025-07-08T10:46:44+00:00\" \/>\n<meta name=\"twitter:card\" content=\"summary_large_image\" \/>\n<meta name=\"twitter:label1\" content=\"Gesch\u00e4tzte Lesezeit\" \/>\n\t<meta name=\"twitter:data1\" content=\"3\u00a0Minuten\" \/>\n<!-- \/ Yoast SEO plugin. -->","yoast_head_json":{"title":"Erstellen Sie kostenlos ein benutzerdefiniertes Formular auf PrestaShop und f\u00fcgen Sie es hinzu!","description":"Entdecken Sie kostenlos das beste Online Form Builder-Add-on f\u00fcr PrestaShop. Eine unkomplizierte und schnelle Einrichtung in nur wenigen Minuten.","robots":{"index":"index","follow":"follow","max-snippet":"max-snippet:-1","max-image-preview":"max-image-preview:large","max-video-preview":"max-video-preview:-1"},"canonical":"https:\/\/elfsight.com\/de\/online-form-builder\/prestashop\/","og_locale":"de_DE","og_type":"article","og_title":"Erstellen Sie kostenlos ein benutzerdefiniertes Formular auf PrestaShop und f\u00fcgen Sie es hinzu!","og_description":"Entdecken Sie kostenlos das beste Online Form Builder-Add-on f\u00fcr PrestaShop. Eine unkomplizierte und schnelle Einrichtung in nur wenigen Minuten.","og_url":"https:\/\/elfsight.com\/de\/online-form-builder\/prestashop\/","og_site_name":"Elfsight DE","article_modified_time":"2025-07-08T10:46:44+00:00","twitter_card":"summary_large_image","twitter_misc":{"Gesch\u00e4tzte Lesezeit":"3\u00a0Minuten"},"schema":{"@context":"https:\/\/schema.org","@graph":[{"@type":"WebPage","@id":"https:\/\/elfsight.com\/de\/online-form-builder\/prestashop\/","url":"https:\/\/elfsight.com\/de\/online-form-builder\/prestashop\/","name":"Erstellen Sie kostenlos ein benutzerdefiniertes Formular auf PrestaShop und f\u00fcgen Sie es hinzu!","isPartOf":{"@id":"https:\/\/elfsight.com\/de\/#website"},"datePublished":"2024-05-03T06:37:39+00:00","dateModified":"2025-07-08T10:46:44+00:00","description":"Entdecken Sie kostenlos das beste Online Form Builder-Add-on f\u00fcr PrestaShop. Eine unkomplizierte und schnelle Einrichtung in nur wenigen Minuten.","breadcrumb":{"@id":"https:\/\/elfsight.com\/de\/online-form-builder\/prestashop\/#breadcrumb"},"inLanguage":"de","potentialAction":[{"@type":"ReadAction","target":["https:\/\/elfsight.com\/de\/online-form-builder\/prestashop\/"]}]},{"@type":"BreadcrumbList","@id":"https:\/\/elfsight.com\/de\/online-form-builder\/prestashop\/#breadcrumb","itemListElement":[{"@type":"ListItem","position":1,"name":"Home","item":"https:\/\/elfsight.com\/de\/"},{"@type":"ListItem","position":2,"name":"Form Builder","item":"https:\/\/elfsight.com\/de\/online-form-builder\/"},{"@type":"ListItem","position":3,"name":"Form Builder &#8211; PrestaShop"}]},{"@type":"WebSite","@id":"https:\/\/elfsight.com\/de\/#website","url":"https:\/\/elfsight.com\/de\/","name":"Elfsight DE","description":"Just another Elfsight Sites site","potentialAction":[{"@type":"SearchAction","target":{"@type":"EntryPoint","urlTemplate":"https:\/\/elfsight.com\/de\/?s={search_term_string}"},"query-input":{"@type":"PropertyValueSpecification","valueRequired":true,"valueName":"search_term_string"}}],"inLanguage":"de"}]}},"meta_box":{"industry":"","seo_heading":"","heading":"","description":"","cta_heading":"","cta_description":"","application":"469","h1":"Online-Formular-Builder f\u00fcr PrestaShop","h1_caption":"Erstellen Sie anpassbare Formulare f\u00fcr jeden Zweck \u2013 Feedback, Umfragen, Kontaktformulare \u2013 ohne Programmierung, sodass Sie m\u00fchelos Informationen von Ihren Benutzern auf Ihrer Prestashop-Website sammeln k\u00f6nnen.","application_category":[],"applications_title":"","applications_request_title":"","applications_request_button_text":"","hero_text":"","hero_video":"","hero_video_schema_markup":"","selling_points_title":"","selling_points_caption":"","selling_points":[],"selling_points_cta_text":"","features_title":"","features":"","ed_cta_examples_text":"","ed_cta_examples_hidden":"","ed_cta_demo_text":"","ed_cta_demo_hidden":"","why_caption":"","why_editor_title":"","why_editor_text":"","why_team_title":"","why_team_text":"","why_service_title":"","why_service_text":"","template_catalog_visible":"","template_catalog_title":"","template_catalog_text":"","template_catalog_categories_visible":"","demo_title":"Erstellen Sie Ihr Form Builder-Add-on","demo_caption":"Konfigurieren Sie Ihren Form Builder und f\u00fcgen Sie ihn kostenlos zu Ihrer PrestaShop-Website hinzu!","default_faq_hidden":"","app_template_category":[],"platform":"3811","template_public_id":"","codecanyon_url":"","codecanyon_item_id":"","codecanyon_price":"","pricing_caption":"","pricing_elfsight_apps_hide_column":"","pricing_elfsight_apps_url":"","pricing_codecanyon_price_caption":"","integration_category":[],"integration_request_title":"","integration_request_cta":"","integration_platform":"","integrations":[],"platform_category":[],"video_schema_markup":"","price":"ab 0 $ \/ Monat","trial":"","benefits":[{"text":"14-t\u00e4gige R\u00fcckerstattungsgarantie"},{"text":"Kostenlose Installationsunterst\u00fctzung"},{"text":"Erfahrener Kundensupport"},{"text":"St\u00e4ndige Aktualisierung"}],"button_url":"#demo","button_target_blank":"","button_nofollow":"","attributes":[{"name":"Installiert","content":"100,000 - 500,000"},{"name":"Reaktionsfreudig","content":"Ja"},{"name":"Kompatible Browser","content":"Firefox, Safari, Opera, Chrome, Edge"}],"tags":[],"tags_disable_links":"","hide_more_platforms":"","video_object":"","demo_hide_cta":"","demo_hide_cloud_options":"","pricing_title":"","pricing":[{"pricing_icon":"platform","pricing_title":"Elfsight Apps","pricing_title_caption":"Plattform\u00fcbergreifende Software, die f\u00fcr jede Website geeignet ist","pricing_price":"ab 0 $ \/ Monat","pricing_price_caption":"Beginnen Sie mit einem kostenlosen Plan","pricing_benefits":[{"text":"Unbegrenzte Websites"},{"text":"Engagierte Unterst\u00fctzung"},{"text":"Kostenloser Installationssupport"},{"text":"100 % anpassbar"}],"pricing_button_text":"Zur Website hinzuf\u00fcgen","pricing_button_url":"#demo"}],"related_apps_title":"","related_apps_hidden":"","author":"","image":[],"title":"","job":"","social_networks":[]},"_links":{"self":[{"href":"https:\/\/elfsight.com\/de\/wp-json\/wp\/v2\/pages\/20438","targetHints":{"allow":["GET"]}}],"collection":[{"href":"https:\/\/elfsight.com\/de\/wp-json\/wp\/v2\/pages"}],"about":[{"href":"https:\/\/elfsight.com\/de\/wp-json\/wp\/v2\/types\/page"}],"author":[{"embeddable":true,"href":"https:\/\/elfsight.com\/de\/wp-json\/wp\/v2\/users\/9"}],"replies":[{"embeddable":true,"href":"https:\/\/elfsight.com\/de\/wp-json\/wp\/v2\/comments?post=20438"}],"version-history":[{"count":1,"href":"https:\/\/elfsight.com\/de\/wp-json\/wp\/v2\/pages\/20438\/revisions"}],"predecessor-version":[{"id":20442,"href":"https:\/\/elfsight.com\/de\/wp-json\/wp\/v2\/pages\/20438\/revisions\/20442"}],"up":[{"embeddable":true,"href":"https:\/\/elfsight.com\/de\/wp-json\/wp\/v2\/pages\/829"}],"wp:attachment":[{"href":"https:\/\/elfsight.com\/de\/wp-json\/wp\/v2\/media?parent=20438"}],"curies":[{"name":"wp","href":"https:\/\/api.w.org\/{rel}","templated":true}]}}