{"id":20437,"date":"2024-05-03T06:37:38","date_gmt":"2024-05-03T06:37:38","guid":{"rendered":"https:\/\/elfsight.com\/de\/?page_id=20437"},"modified":"2025-01-13T08:24:43","modified_gmt":"2025-01-13T08:24:43","slug":"jimdo","status":"publish","type":"page","link":"https:\/\/elfsight.com\/de\/online-form-builder\/jimdo\/","title":{"rendered":"Form Builder &#8211; Jimdo"},"content":{"rendered":"\n<div class=\"application-platform-content-item-description application-platform-content-item\" id=\"description\" data-nav-section=\"description\"> <h2>Benutzerdefinierter Formularersteller f\u00fcr Jimdo<\/h2> <p>Dies ist eine universelle L\u00f6sung zum Erstellen verschiedener Arten von Ausf\u00fcllformularen und deren Anzeige auf Ihrem Webseite. Sammeln Sie Erkenntnisse von Ihren aktuellen und potenziellen Kunden durch einfach auszuf\u00fcllende Umfragen, Feedback-Formulare, Bewertungsanfragen und andere Formate. Entwerfen Sie die Formularstruktur, w\u00e4hlen Sie Elemente aus, geben Sie Eingabetypen an, f\u00fcgen Sie Skalen hinzu und vieles mehr, um \u00fcberschaubare und effektive Ausf\u00fcllformulare f\u00fcr die Datenerfassung zu erstellen. <\/p><p><b>Beginnen Sie mit der Nutzung von Form Builder, um Ihre gesch\u00e4ftlichen Herausforderungen schneller zu meistern! <\/b><\/p> <\/div> <div class=\"application-platform-content-item-features application-platform-content-item\" id=\"features\" data-nav-section=\"features\"> <h2>Funktionen des Form Builder-Plugins<\/h2> <ul><li>Erstellen Sie schrittweise und klassische Formulare, indem Sie Elemente vereinen Gruppen<\/li><li>Fortschrittsbalken f\u00fcr Schritt-f\u00fcr-Schritt-Format anzeigen oder ausblenden<\/li><li>18 Feldtypen f\u00fcr fast jede Datenerfassungsaufgabe <\/li><li>Jedes Formularelement verf\u00fcgt \u00fcber eine Bearbeitbare Beschriftung, die \u00fcber dem Feld angezeigt wird<\/li><li>Erstellen Sie eine Beschreibung f\u00fcr jedes Element. Diese wird unter der Beschriftung angezeigt. <\/li><li>Verwenden Sie Platzhalter f\u00fcr Felder, um ein Beispiel f\u00fcr das korrekte Ausf\u00fcllen und den erforderlichen Typ zu geben Daten <\/li><li>Jedes Feld kann zum Ausf\u00fcllen mit einem Sternchen (*)-Symbol versehen werden, um dies anzuzeigen<\/li><li>M\u00f6glichkeit, Felder in mehrere Spalten aufzuteilen <\/li><li>Beliebige E-Mail-Adresse zuweisen und die Ergebnisse des Ausf\u00fcllens des Formulars werden automatisch dorthin gesendet<\/li><li>W\u00e4hlen Sie das Szenario nach dem Absenden des Formulars: Ausblenden des Formulars, Weiterleiten auf eine andere Seite oder Dankesnachricht<\/li><li>Optionale Funktion zum Speichern des Ausf\u00fcllfortschritts<\/li><li>Drei gebrauchsfertige Layouts (Standard, Boxed, Floating)<\/li><\/ul><p><a href=\"#demo\">Untersuchen Sie alle Einstellungen in einer Demo mit vollem Funktionsumfang<\/a><\/p> <\/div> <div class=\"application-platform-content-item-installation application-platform-content-item\" id=\"installation\" data-nav-section=\"installation\"> <h2>Wie f\u00fcge ich Form Builder zu meiner Jimdo-Webseite hinzu? <\/h2> <p>Befolgen Sie einfach die unten aufgef\u00fchrten Schritte, um das Tool einzubetten. <\/p> <ol><li><b>F\u00fchren Sie unseren kostenlosen Editor aus und beginnen Sie mit der Erstellung Ihres individuellen Widgets. <\/b><br> Geben Sie die passende Schnittstelle und Parameter des Tools an und wenden Sie die Korrekturen an. <\/li> <li><b>Holen Sie sich den pers\u00f6nlichen Code, der im speziellen Formular auf Elfsight Apps erscheint. <\/b><br> Sobald die Einrichtung Ihres pers\u00f6nlichen Widgets abgeschlossen ist, kopieren Sie den individuellen Code im Fenster und bewahren Sie ihn zur weiteren Verwendung auf. <\/li> <li><b>Nutzung des Widgets auf der Jimdo-Homepage initiieren. <\/b><br> Betten Sie den Code, den Sie zuvor kopiert haben, in Ihre Seite ein und wenden Sie die Verbesserungen an. <\/li> <li><b>Fertig! Der Aufbau ist vollst\u00e4ndig abgeschlossen. <\/b><br> Besuchen Sie Ihre Webseite, um die Leistung des Tools zu \u00fcberpr\u00fcfen. <\/li><\/ol> <p>Wenn Sie Fragen haben oder auf Schwierigkeiten sto\u00dfen, wenden Sie sich bitte an unser Support-Team. Unsere Spezialisten l\u00f6sen gerne alle Probleme, die Sie mit dem Produkt haben k\u00f6nnten. <\/p> <div class=\"faq\" data-component=\"FAQ\"> <div class=\"faq-item\">\r\n\t\t\t\t\t<div class=\"faq-item-question\">\r\n\t\t\t\t\t\t<h3 class=\"faq-item-question-text\">Wie kann ich Form Builder ohne Programmierkenntnisse zu meiner Jimdo-Website hinzuf\u00fcgen?<\/h3>\r\n\r\n\t\t\t\t\t\t<div class=\"faq-item-question-icon\"><\/div>\r\n\t\t\t\t\t<\/div>\r\n\r\n\t\t\t\t\t<div class=\"faq-item-answer\">\r\n\t\t\t\t\t\t<div class=\"faq-item-answer-text\"> <p>Elfsight bietet eine SaaS-L\u00f6sung, mit der Sie selbst ein Form Builder-Widget erstellen k\u00f6nnen. Sehen Sie, wie einfach das ist Der Prozess ist: Arbeiten Sie direkt im Online-Editor, um ein Form Builder-Widget zu erstellen, das Sie auf Ihrer Jimdo-Website sehen m\u00f6chten. W\u00e4hlen Sie eine der vorgefertigten Vorlagen aus und passen Sie die Form Builder-Einstellungen an, f\u00fcgen Sie Ihre Inhalte hinzu, \u00e4ndern Sie das Layout und die Farben ohne Programmierkenntnisse. Speichern Sie den Form Builder und kopieren Sie seinen Installationscode, den Sie ganz einfach in Ihre Jimdo-Website einbetten k\u00f6nnen, ohne einen kostenpflichtigen Plan zu kaufen. Mit unserem intuitiven Editor kann jeder Internetnutzer online ein Form Builder-Widget erstellen und es ganz einfach in seine Jimdo-Website einbetten. Sie m\u00fcssen weder bezahlen noch Ihre Kartendaten eingeben, um auf den Service zuzugreifen. Wenn Sie bei irgendeinem Schritt auf Probleme sto\u00dfen, wenden Sie sich bitte an unser technisches Support-Team.<\/p> <\/div>\r\n\t\t\t\t\t<\/div>\r\n\t\t\t\t<\/div><div class=\"faq-item\">\r\n\t\t\t\t\t<div class=\"faq-item-question\">\r\n\t\t\t\t\t\t<h3 class=\"faq-item-question-text\">Gibt es benutzerdefinierte Form Builder-Vorlagen f\u00fcr die Jimdo-Website?<\/h3>\r\n\r\n\t\t\t\t\t\t<div class=\"faq-item-question-icon\"><\/div>\r\n\t\t\t\t\t<\/div>\r\n\r\n\t\t\t\t\t<div class=\"faq-item-answer\">\r\n\t\t\t\t\t\t<div class=\"faq-item-answer-text\"><p>Ja , absolut! Es gibt \u00fcber 300 gebrauchsfertige Vorlagen f\u00fcr jeden Fall, wie zum Beispiel <a href=\"https:\/\/elfsight.com\/online-form-builder\/templates\/application-forms\/\">Bewerbungsformulare<\/a>, <a href=\"https:\/\/elfsight.com\/online-form-builder\/templates\/booking-forms\/\">Buchungsformulare<\/a>, <a href=\"https:\/\/elfsight.com\/online-form- builder\/templates\/order-forms\/\">Bestellformulare<\/a>, <a href=\"https:\/\/elfsight.com\/online-form-builder\/templates\/product-forms\/\">Produktformulare<\/a> , <a href=\"https:\/\/elfsight.com\/online-form-builder\/templates\/questionnaires\/\">Frageb\u00f6gen<\/a>, <a href=\"https:\/\/elfsight.com\/online-form-builder \/templates\/quizzes\/\">Quiz<\/a>, <a href=\"https:\/\/elfsight.com\/online-form-builder\/templates\/surveys\/\">Umfragen<\/a>, <a href=\"https:\/\/elfsight.com\/online-form-builder\/templates\/file-upload-forms\/\">Datei-Upload-Formulare<\/a> und viele mehr. Testen Sie gerne <a href=\"https:\/\/elfsight.com\/online-form-builder\/templates\/\">Form Builder-Vorlagen<\/a> und teilen Sie uns Ihre Meinung mit.<\/p><\/div>\r\n\t\t\t\t\t<\/div>\r\n\t\t\t\t<\/div> <\/div> <\/div>\n","protected":false},"excerpt":{"rendered":"","protected":false},"author":9,"featured_media":0,"parent":829,"menu_order":0,"comment_status":"closed","ping_status":"closed","template":"templates\/template-application-platform.php","meta":{"publish_to_discourse":"","publish_post_category":"","wpdc_auto_publish_overridden":"","wpdc_topic_tags":"","wpdc_pin_topic":"","wpdc_pin_until":"","discourse_post_id":"","discourse_permalink":"","wpdc_publishing_response":"","wpdc_publishing_error":"","footnotes":""},"class_list":["post-20437","page","type-page","status-publish","hentry"],"yoast_head":"<!-- This site is optimized with the Yoast SEO plugin v25.3.1 - https:\/\/yoast.com\/wordpress\/plugins\/seo\/ -->\n<title>Erstellen und f\u00fcgen Sie kostenlos ein benutzerdefiniertes Formular auf Jimdo hinzu!<\/title>\n<meta name=\"description\" content=\"Testen Sie kostenlos das beste Online-Formular-Builder-Widget f\u00fcr Jimdo. Eine unkomplizierte und schnelle Einrichtung ohne Programmieraufwand in wenigen Minuten.\" \/>\n<meta name=\"robots\" content=\"index, follow, max-snippet:-1, max-image-preview:large, max-video-preview:-1\" \/>\n<link rel=\"canonical\" href=\"https:\/\/elfsight.com\/de\/online-form-builder\/jimdo\/\" \/>\n<meta property=\"og:locale\" content=\"de_DE\" \/>\n<meta property=\"og:type\" content=\"article\" \/>\n<meta property=\"og:title\" content=\"Erstellen und f\u00fcgen Sie kostenlos ein benutzerdefiniertes Formular auf Jimdo hinzu!\" \/>\n<meta property=\"og:description\" content=\"Testen Sie kostenlos das beste Online-Formular-Builder-Widget f\u00fcr Jimdo. Eine unkomplizierte und schnelle Einrichtung ohne Programmieraufwand in wenigen Minuten.\" \/>\n<meta property=\"og:url\" content=\"https:\/\/elfsight.com\/de\/online-form-builder\/jimdo\/\" \/>\n<meta property=\"og:site_name\" content=\"Elfsight DE\" \/>\n<meta property=\"article:modified_time\" content=\"2025-01-13T08:24:43+00:00\" \/>\n<meta name=\"twitter:card\" content=\"summary_large_image\" \/>\n<meta name=\"twitter:label1\" content=\"Gesch\u00e4tzte Lesezeit\" \/>\n\t<meta name=\"twitter:data1\" content=\"4\u00a0Minuten\" \/>\n<!-- \/ Yoast SEO plugin. -->","yoast_head_json":{"title":"Erstellen und f\u00fcgen Sie kostenlos ein benutzerdefiniertes Formular auf Jimdo hinzu!","description":"Testen Sie kostenlos das beste Online-Formular-Builder-Widget f\u00fcr Jimdo. Eine unkomplizierte und schnelle Einrichtung ohne Programmieraufwand in wenigen Minuten.","robots":{"index":"index","follow":"follow","max-snippet":"max-snippet:-1","max-image-preview":"max-image-preview:large","max-video-preview":"max-video-preview:-1"},"canonical":"https:\/\/elfsight.com\/de\/online-form-builder\/jimdo\/","og_locale":"de_DE","og_type":"article","og_title":"Erstellen und f\u00fcgen Sie kostenlos ein benutzerdefiniertes Formular auf Jimdo hinzu!","og_description":"Testen Sie kostenlos das beste Online-Formular-Builder-Widget f\u00fcr Jimdo. Eine unkomplizierte und schnelle Einrichtung ohne Programmieraufwand in wenigen Minuten.","og_url":"https:\/\/elfsight.com\/de\/online-form-builder\/jimdo\/","og_site_name":"Elfsight DE","article_modified_time":"2025-01-13T08:24:43+00:00","twitter_card":"summary_large_image","twitter_misc":{"Gesch\u00e4tzte Lesezeit":"4\u00a0Minuten"},"schema":{"@context":"https:\/\/schema.org","@graph":[{"@type":"WebPage","@id":"https:\/\/elfsight.com\/de\/online-form-builder\/jimdo\/","url":"https:\/\/elfsight.com\/de\/online-form-builder\/jimdo\/","name":"Erstellen und f\u00fcgen Sie kostenlos ein benutzerdefiniertes Formular auf Jimdo hinzu!","isPartOf":{"@id":"https:\/\/elfsight.com\/de\/#website"},"datePublished":"2024-05-03T06:37:38+00:00","dateModified":"2025-01-13T08:24:43+00:00","description":"Testen Sie kostenlos das beste Online-Formular-Builder-Widget f\u00fcr Jimdo. Eine unkomplizierte und schnelle Einrichtung ohne Programmieraufwand in wenigen Minuten.","breadcrumb":{"@id":"https:\/\/elfsight.com\/de\/online-form-builder\/jimdo\/#breadcrumb"},"inLanguage":"de","potentialAction":[{"@type":"ReadAction","target":["https:\/\/elfsight.com\/de\/online-form-builder\/jimdo\/"]}]},{"@type":"BreadcrumbList","@id":"https:\/\/elfsight.com\/de\/online-form-builder\/jimdo\/#breadcrumb","itemListElement":[{"@type":"ListItem","position":1,"name":"Home","item":"https:\/\/elfsight.com\/de\/"},{"@type":"ListItem","position":2,"name":"Form Builder","item":"https:\/\/elfsight.com\/de\/online-form-builder\/"},{"@type":"ListItem","position":3,"name":"Form Builder &#8211; Jimdo"}]},{"@type":"WebSite","@id":"https:\/\/elfsight.com\/de\/#website","url":"https:\/\/elfsight.com\/de\/","name":"Elfsight DE","description":"Just another Elfsight Sites site","potentialAction":[{"@type":"SearchAction","target":{"@type":"EntryPoint","urlTemplate":"https:\/\/elfsight.com\/de\/?s={search_term_string}"},"query-input":{"@type":"PropertyValueSpecification","valueRequired":true,"valueName":"search_term_string"}}],"inLanguage":"de"}]}},"meta_box":{"industry":"","seo_heading":"","heading":"","description":"","cta_heading":"","cta_description":"","application":"469","h1":"Online-Formular-Builder-Widget f\u00fcr Jimdo","h1_caption":"Erstellen Sie anpassbare Formulare f\u00fcr jeden Zweck \u2013 Feedback, Umfragen, Kontaktformulare \u2013 ohne Programmierung, sodass Sie m\u00fchelos Informationen von Ihren Benutzern auf Ihrer Jimdo-Website sammeln k\u00f6nnen.","application_category":[],"applications_title":"","applications_request_title":"","applications_request_button_text":"","hero_text":"","hero_video":"","hero_video_schema_markup":"","selling_points_title":"","selling_points_caption":"","selling_points":[],"selling_points_cta_text":"","features_title":"","features":"","ed_cta_examples_text":"","ed_cta_examples_hidden":"","ed_cta_demo_text":"","ed_cta_demo_hidden":"","why_caption":"","why_editor_title":"","why_editor_text":"","why_team_title":"","why_team_text":"","why_service_title":"","why_service_text":"","template_catalog_visible":"0","template_catalog_title":"","template_catalog_text":"","template_catalog_categories_visible":"","demo_title":"Erstellen Sie Ihr Form Builder-Widget","demo_caption":"Konfigurieren Sie Ihren Form Builder und f\u00fcgen Sie ihn kostenlos zu Ihrer Jimdo-Website hinzu!","default_faq_hidden":"","app_template_category":[],"platform":"239","template_public_id":"","codecanyon_url":"","codecanyon_item_id":"","codecanyon_price":"","pricing_caption":"","pricing_elfsight_apps_hide_column":"","pricing_elfsight_apps_url":"","pricing_codecanyon_price_caption":"","integration_category":[],"integration_request_title":"","integration_request_cta":"","integration_platform":"","integrations":[],"platform_category":[],"video_schema_markup":"","price":"ab 0 $ \/ Monat","trial":"","benefits":[{"text":"Kostenlose Installationshilfe"},{"text":"Effektiver Kundenservice"},{"text":"14-t\u00e4gige Geld-zur\u00fcck-Garantie"},{"text":"Lebenslange Verbesserungen"}],"button_url":"#demo","button_target_blank":"0","button_nofollow":"0","attributes":[{"name":"Installiert","content":"100,000 - 500,000"},{"name":"Reaktionsfreudig","content":"Ja"},{"name":"Kompatible Browser","content":"Firefox, Safari, Opera, Chrome, Edge"}],"tags":[],"tags_disable_links":"0","hide_more_platforms":"","video_object":"","demo_hide_cta":"0","demo_hide_cloud_options":"0","pricing_title":"","pricing":[{"pricing_icon":"platform","pricing_title":"Elfsight Apps","pricing_title_caption":"Multiplattform-L\u00f6sung, die auf jeder Site funktioniert","pricing_price":"ab 0 $ \/ Monat","pricing_price_caption":"Beginnen Sie mit einem kostenlosen Plan","pricing_benefits":[{"text":"Unbegrenzte Anzahl an Domains"},{"text":"Professionelle und p\u00fcnktliche Unterst\u00fctzung"},{"text":"Kostenlose Installationsunterst\u00fctzung"},{"text":"V\u00f6llig anpassbar"}],"pricing_button_text":"Zur Website hinzuf\u00fcgen","pricing_button_url":"#demo"}],"related_apps_title":"","related_apps_hidden":"0","author":"","image":[],"title":"","job":"","social_networks":[]},"_links":{"self":[{"href":"https:\/\/elfsight.com\/de\/wp-json\/wp\/v2\/pages\/20437","targetHints":{"allow":["GET"]}}],"collection":[{"href":"https:\/\/elfsight.com\/de\/wp-json\/wp\/v2\/pages"}],"about":[{"href":"https:\/\/elfsight.com\/de\/wp-json\/wp\/v2\/types\/page"}],"author":[{"embeddable":true,"href":"https:\/\/elfsight.com\/de\/wp-json\/wp\/v2\/users\/9"}],"replies":[{"embeddable":true,"href":"https:\/\/elfsight.com\/de\/wp-json\/wp\/v2\/comments?post=20437"}],"version-history":[{"count":2,"href":"https:\/\/elfsight.com\/de\/wp-json\/wp\/v2\/pages\/20437\/revisions"}],"predecessor-version":[{"id":23489,"href":"https:\/\/elfsight.com\/de\/wp-json\/wp\/v2\/pages\/20437\/revisions\/23489"}],"up":[{"embeddable":true,"href":"https:\/\/elfsight.com\/de\/wp-json\/wp\/v2\/pages\/829"}],"wp:attachment":[{"href":"https:\/\/elfsight.com\/de\/wp-json\/wp\/v2\/media?parent=20437"}],"curies":[{"name":"wp","href":"https:\/\/api.w.org\/{rel}","templated":true}]}}